{"id":9941,"date":"2021-05-16T17:58:03","date_gmt":"2021-05-16T17:58:03","guid":{"rendered":"https:\/\/english-munich.de\/training\/?page_id=9941"},"modified":"2021-06-11T10:27:09","modified_gmt":"2021-06-11T10:27:09","slug":"nach-dem-weg-fragen-englisch","status":"publish","type":"page","link":"https:\/\/english-munich.de\/training\/nach-dem-weg-fragen-englisch\/","title":{"rendered":"Nach dem Weg fragen &#8211; Englisch"},"content":{"rendered":"<!-- The Modal -->\r\n<div id=\"myModal1\" class=\"modal\">\r\n<div class=\"modal-dialog\">\r\n<div class=\"modal-content\">\r\n\r\n<!-- Modal Header -->\r\n<div class=\"modal-header\">\r\n<h4 class=\"modal-title\">Nach dem Weg fragen Englisch<\/h4>\r\n<button class=\"close\" type=\"button\" data-dismiss=\"modal\">\u00d7<\/button>\r\n\r\n<\/div>\r\n<!-- Modal body -->\r\n<div class=\"modal-body\"><img decoding=\"async\" class=\"img-responsive img-rounded\" title=\"nach-dem-Weg-Fragen-Englisch\" src=\"https:\/\/english-munich.de\/training\/wp-content\/uploads\/2021\/05\/asking-the-way-English.jpg\" alt=\"Small-Talk-Themen-Englisch\" alt=\"nach-dem-We-fragen-Englisch\"><\/div>\r\n<!-- Modal footer -->\r\n<div class=\"modal-footer\"><button class=\"btn btn-danger\" type=\"button\" data-dismiss=\"modal\">Close<\/button><\/div>\r\n<\/div>\r\n<\/div>\r\n<\/div>\r\n\r\n<div class=\"container well\">\r\n<h1>Nach dem Weg fragen auf Englisch<\/h1>\r\n\r\nTrotz moderner <a href=\"https:\/\/de.wikipedia.org\/wiki\/Fu%C3%9Fg%C3%A4ngernavigation\">Fu\u00dfg\u00e4ngernavigation<\/a>, wird es Dir nicht erspart bleiben, Dich manchmal nach dem Weg zu erkundigen. Au\u00dferdem ist es im <a href=\"https:\/\/de.wikipedia.org\/wiki\/Ausland\">Ausland<\/a> dann praktisch, wenn Du dies auch auf Englisch kannst. Zum Gl\u00fcck ist das sehr einfach. Schlie\u00dflich musst Du nur die relevanten Ausdr\u00fccke auf Englisch kennen. \r\n\r\n<h2>Nach dem Weg fragen auf Englisch<\/h2>\r\nZun\u00e4chst ist es wichtig die h\u00e4ufigsten <i class=\"text-danger\">Standards<\/i> zu lernen, um sich zu orientieren:\r\n<br \/><button id=\"submitButton5\" class=\"btn-lg btn-info\" type=\"button\" value=\"submit\" data-toggle=\"modal\" data-target=\"#myModal1\">Tipp <i class=\"fa fa-eye\" aria-hidden=\"true\"><\/i><\/button>\r\n<ul class=\"ulpadding\">\r\n<li>Can you tell me the way to the&#8230;?<\/li>\r\n<li>Where is the nearest&#8230;?<\/li>\r\n<li>Do you know the way to&#8230;?<\/li>\r\n<li>I there a &#8230;. around here?<\/li>\r\n<li>Do you know where&#8230;. is?<\/li>\r\n<\/ul>\r\n\r\n\r\n<h2>Den Weg weisen<\/h2>\r\nWeiterhin ist es wichtig die <i class=\"text-danger\">richtungsweisenden<\/i> Angaben seines Gegen\u00fcber zu verstehen. Auch in diesem Zusammenhang beschr\u00e4nkt sich das Vokabular auf einige wenige S\u00e4tze:\r\n<ul class=\"ulpadding\">\r\n<li>turn left, right, around, <\/li>\r\n<li>go down the street, down the hall<\/li>\r\n<li>go up, go down, go around<\/li>\r\n<li>follow that road, go straight ahead <\/li>\r\n<li>go past, go along<\/li>\r\n<li>cross<\/li>\r\n<\/ul>\r\n\r\n<h2>Ortsbezeichnungen &#8211; Referenzpunkte<\/h2>\r\nNat\u00fcrlich sind auch die Referenzpunke in der Umgebung wichtig. So kannst Du Dich besser<i class=\"text-danger\">orientieren<\/i>. \r\n<ul class=\"ulpadding\">\r\n<li>to your left, right<\/li>\r\n<li>on your left, right hand side<\/li>\r\n<li>opposite, in front of, across<\/li>\r\n<li>between, next, near, beside<\/li>\r\n<li>upstairs, downstairs<\/li>\r\n<li>uptown, downtown<\/li>\r\n<\/ul>\r\n<h2>Sonderw\u00fcnsche<\/h2>\r\nAu\u00dferdem werden die Menschen immer anspruchsvoller. Denn niemand will sich nur noch mit einer 08\/15 L\u00f6sung zufrieden geben. Schlie\u00dflich willst Du als <i class=\"text-danger\">Kosmopolit<\/i> ernstgenommen werden. Deswegen brauchst Du ein Set an Fragen, mit dem Du Dich nach Deiner ganz pers\u00f6nlichen Extrawurst erkundigen kannst.\r\n\r\n<ul class=\"ulpadding\">\r\n<li>Is it hard to get there?<\/li>\r\n<li>Is it a nice route?<\/li>\r\n<li>Do they have gluten free products?<\/li>\r\n<li>Is there a vegan restaurant around here?<\/li>\r\n<li>Is it dangerous?<\/li>\r\n<li>Are there any LGBT friendly clubs around here?<\/li>\r\n<\/ul>\r\n\r\n<h2>Auskunft geben<\/h2>\r\nSchlie\u00dflich musst Du auch noch die Antwort auf Deine komplexen W\u00fcnsche verdauen k\u00f6nnen. Deswegen solltest Du auch in den nachstehenden Phrasen versiert sein:\r\n<ul class=\"ulpadding\">\r\n<li>It&#8217;s ten minutes from here.<\/li>\r\n<li>It&#8217;s right around the corner?<\/li>\r\n<li>You can get there by subway.<\/li>\r\n<li>It&#8217;s a beautiful scenic route.<\/li>\r\n<li>It&#8217;s an inclusive happy environment.<\/li>\r\n<li>You can get there on foot.<\/li>\r\n<\/ul><br \/>\r\n<h3>\u00dcbungen:<\/h3>\r\n<div id=\"newContainer\" class=\"container\">\r\n<h3>Klicke auf die richtige Option:<\/h3>\r\n<hr>\r\n\r\n  <h4 id=\"headline\"><\/h4>\r\n  <br>\r\n  \r\n    <div id =\"carda\" class=\"card-body\"><\/div>\r\n  \r\n  <br \/>\r\n  \r\n    <div id=\"cardb\" class=\"card-body\"><\/div>\r\n   <br \/>\r\n  <div class=\"progress\">\r\n  <div id=\"myProgress\">\r\n  <div id=\"progress\"><\/div>\r\n  <\/div><\/div>\r\n  <p id=\"myText\"><\/p>\r\n\r\n\r\n<button id=\"reset4\" class=\"btn-lg btn-danger\"  onclick=\"refreshPage()\">Nochmal<i class=\"fa fa-refresh\" aria-hidden=\"true\"><\/i><\/button>\r\n<br \/><br \/>\r\n<h3>Ziehe die richtige Option in die grauen Felder:<\/h3>\r\n<hr>\r\n<br \/>\r\n<div id=\"supercontainer\">\r\n      <div id=\"answer-container3\">\r\n        <ul id='liste'>\r\n          <li class=\"drop1\" data-id=\"einleitung\">follow along<\/li>\r\n          <li class=\"drop1\" data-id=\"marker\">Can I bring a dog?<\/li>\r\n          <li class=\"drop1\" data-id=\"einleitung\">turn right<\/li>\r\n          <li class=\"drop1\" data-id=\"bye\">It&#8217;s a nice route<\/li>\r\n          <li class=\"drop1\" data-id=\"einleitung\">go straight<\/li>\r\n          <li class=\"drop1\" data-id=\"einleitung\">go along<\/li>\r\n          <li class=\"drop1\" data-id=\"reference\">at the corner<\/li>\r\n          <li class=\"drop1\" data-id=\"reference\">opposite<\/li>\r\n          <li class=\"drop1\" data-id=\"bye\">Yes, it has a playground.<\/li>\r\n           <li class=\"drop1\" data-id=\"marker\">Is it LGTB friendly?<\/li>\r\n          <li class=\"drop1\" data-id=\"reference\">in front of<\/li>\r\n          <li class=\"drop1\" data-id=\"greeting\">Can you tell me the way?<\/li>\r\n          <li class=\"drop1\" data-id=\"reference\">down the road<\/li>\r\n          <li class=\"drop1\" data-id=\"greeting\">Where is the&#8230;?<\/li>\r\n          <li class=\"drop1\" data-id=\"bye\">Yes it&#8217;s vegan.<\/li>\r\n        <\/ul>\r\n      <\/div>\r\n      <div class=\"flexed3\">\r\n        <label>Weg erfragen\r\n          <div class=\"flexirex2\">\r\n            <ul class='ziel3' id=\"container0\" data-id=\"greeting\"><\/ul>\r\n          <\/div>\r\n        <\/label>\r\n        <label>Richtungsanweisungen\r\n          <div class=\"flexirex2\">\r\n            <ul class='ziel3' id=\"container1\" data-id=\"einleitung\"><\/ul>\r\n          <\/div>\r\n        <\/label>\r\n        <label>Ortsangaben\r\n          <div class=\"flexirex2\">\r\n            <ul class='ziel3' id=\"container2\" data-id=\"reference\"><\/ul>\r\n          <\/div>\r\n        <\/label>\r\n        <label>Spezialfragen\r\n          <div class=\"flexirex2\">\r\n            <ul class='ziel3' id=\"container3\" data-id=\"marker\"><\/ul>\r\n          <\/div>\r\n        <\/label>\r\n        <label>Antworten Spezialfragen\r\n          <div class=\"flexirex2\">\r\n            <ul class='ziel3' id=\"container4\" data-id=\"bye\"><\/ul>\r\n          <\/div>\r\n        <\/label>\r\n      <\/div>\r\n    <\/div>\r\n  <\/div>\r\n  \r\n  <button class=\"btn-success btn-lg\" id=\"submit3\">Pr\u00fcfen<i class=\"fas fa-check\" aria-hidden=\"true\"><\/i>\r\n<\/button> \r\n  <button class=\"btn-info btn-lg\" id=\"ergebnis3\">L\u00f6sungen<i class=\"fa fa-eye\" aria-hidden=\"true\"><\/i>\r\n<\/button> \r\n<button id=\"reset3\" class=\"btn-lg btn-danger\"  onclick=\"refreshPage()\">Nochmal<i class=\"fa fa-refresh\" aria-hidden=\"true\"><\/i><\/button><br \/><br \/>\r\n<h3>Ziehe die richtige Option in die L\u00fccken:<\/h3>\r\n<hr>\r\n<br \/>\r\n<div class = \"container\" id=\"limit\">\r\n<div class=\"container\" id=\"answer-container\">\r\n<ul id=\"answer-container1\">\r\n  <li  class=\"drop\" id=\"3\">Excuse me<\/li>\r\n  <li  class=\"drop\" id=\"6\">No problem.<\/li>\r\n  <li  class=\"drop\" id=\"0\">Is there a restaurant nearby?<\/li>\r\n  <li  class=\"drop\" id=\"1\">Yes, born and raised.<\/li>\r\n  <li  class=\"drop\" id=\"2\">Can I bring my dog?<\/li>\r\n  <li  class=\"drop\" id=\"4\">Thank you so much.<\/li>\r\n  <li  class=\"drop\" id=\"5\">Is it vegan?<\/li>\r\n  <li  class=\"drop\" id=\"7\">It&#8217;s at the corner.<\/li>\r\n<\/ul>\r\n<\/div><br \/>\r\n<div id=\"test-container\" class=\"flexed1\">\r\n<div class=\"table\">\r\n<div class=\"table-row\">\r\n<div class=\"table-cell border ziel\"id=\"drop0\">\r\n  <ul class=\"ziel1\" ><\/ul>\r\n<\/div><div class=\"table-cell\" id=\"result0\"><\/div>\r\n<div class=\"table-cell\">, are you from around here?<\/div>\r\n<\/div>\r\n<div class=\"table-row\">\r\n <div class=\"table-cell border ziel\" id=\"drop1\">\r\n<ul class=\"ziel1\"><\/ul><\/div><div class=\"table-cell\" id=\"result1\"><\/div>\r\n<div class=\"table-cell\"> What can I do for you? &#8211; <\/div>\r\n<div class=\"table-cell border ziel\" id=\"drop2\">\r\n<ul class=\"ziel1\"><\/ul>\r\n<\/div><div class=\"table-cell\" id=\"result2\"><\/div>\r\n<div class=\"table-cell\"><\/div>\r\n<\/div>\r\n<div class=\"table-row\">\r\n<div class=\"table-cell\">Sure, the Big Texas Barbecue.<\/div>\r\n<div class=\"table-cell border ziel\" id=\"drop3\">\r\n<ul class=\"ziel1\"><\/ul>\r\n<\/div><div class=\"table-cell\"><\/div><div class=\"table-cell\" id=\"result3\"><\/div>\r\n<\/div>\r\n<div class=\"table-cell\"><\/div>\r\n<div id=\"result2\"><\/div>\r\n<div class=\"table-row\"><div class=\"table-cell border ziel\" id=\"drop4\">\r\n<ul class=\"ziel1\"><\/ul>\r\n<\/div>\r\n<div class=\"table-cell\"> &#8211; They sure served a lot of meat.<\/div>\r\n<div class=\"table-cell\" id=\"result4\"><\/div>\r\n<div class=\"table-cell\"><\/div>\r\n<\/div>\r\n<div class=\"table-cell\"><\/div>\r\n<div id=\"result3\"><\/div>\r\n<div class=\"table-cell\"><\/div>\r\n<div id=\"result2\"><\/div>\r\n<div class=\"table-row\">\r\n<div class=\"table-cell border ziel\" id=\"drop5\">\r\n<ul class=\"ziel1\" id=\"item5\"><\/ul>\r\n<\/div>\r\n<div class=\"table-cell\"> &#8211; Well, they have a dog friendly policy.<\/div>\r\n<div class=\"table-cell\" id=\"result5\"><\/div>\r\n\r\n\r\n<div class=\"table-cell\"><\/div>\r\n<\/div>\r\n<div class=\"table-row\">\r\n<div class=\"table-cell border ziel\" id=\"drop6\">\r\n<ul class=\"ziel1\" id=\"item6\" ><\/ul>\r\n<\/div><div class=\"table-cell\" id=\"result6\"><\/div>\r\n<div class=\"table-cell\"> You have been a great help.<\/div>\r\n\r\n<div class=\"table-cell\"><\/div>\r\n<\/div>\r\n<div class=\"table-row\">\r\n<div class=\"table-cell border ziel\" id=\"drop7\"><div class=\"table-cell\"><\/div>\r\n<ul class=\"ziel1\" id=\"item6\" ><\/ul>\r\n<\/div><div class=\"table-cell\" id=\"result7\"><\/div>\r\n<div class=\"table-cell\"> Happy to help.<\/div>\r\n\r\n<div class=\"table-cell\"><\/div>\r\n<\/div>\r\n  <\/div>\r\n<\/div>\r\n<\/div>\r\n<hr>\r\n\r\n<div class=\"container\">\r\n<button class=\"btn-success btn-lg\" id=\"submitButton\">Pr\u00fcfen<i class=\"fas fa-check\" aria-hidden=\"true\"><\/i>\r\n<\/button> \r\n<button id=\"resetButton\" class=\"btn-lg btn-danger\"  onclick=\"refreshPage()\">Nochmal<i class=\"fa fa-refresh\" aria-hidden=\"true\"><\/i><\/button>\r\n\r\n\r\n<\/div>\r\n<\/div>\r\n<hr>\r\n<h4>mehr Alltagsenglisch Themen:<\/h4>\r\n<div id=\"bellows-main-77\" class=\"bellows bellows-nojs bellows-main bellows-source-menu bellows-align-full bellows-skin-vanilla bellows-type-\"><ul id=\"menu-alltagsenglisch\" class=\"bellows-nav\" data-bellows-config=\"main\"><li id=\"menu-item-9816\" class=\"bellows-menu-item bellows-menu-item-type-post_type bellows-menu-item-object-page bellows-menu-item-9816 bellows-item-level-0\"><a  href=\"https:\/\/english-munich.de\/training\/englisch-fuer-das-restaurant\/\" class=\"bellows-target\"><span class=\"bellows-target-title bellows-target-text\">\ud83c\udf74Englisch f\u00fcr das Restaurant<\/span><\/a><\/li>\n<li id=\"menu-item-9847\" class=\"bellows-menu-item bellows-menu-item-type-post_type bellows-menu-item-object-page bellows-menu-item-9847 bellows-item-level-0\"><a  href=\"https:\/\/english-munich.de\/training\/sich-vorstellen-englisch\/\" class=\"bellows-target\"><span class=\"bellows-target-title bellows-target-text\">\ud83e\udd1dsich vorstellen auf  Englisch<\/span><\/a><\/li>\n<li id=\"menu-item-9882\" class=\"bellows-menu-item bellows-menu-item-type-post_type bellows-menu-item-object-page bellows-menu-item-9882 bellows-item-level-0\"><a  href=\"https:\/\/english-munich.de\/training\/fuellwoerter-verbindungswoerter-discourse-markers\/\" class=\"bellows-target\"><span class=\"bellows-target-title bellows-target-text\">\ud83d\udd17F\u00fcllw\u00f6rter \u2013 Verbindungsw\u00f6rter<\/span><\/a><\/li>\n<li id=\"menu-item-9928\" class=\"bellows-menu-item bellows-menu-item-type-post_type bellows-menu-item-object-page bellows-menu-item-9928 bellows-item-level-0\"><a  href=\"https:\/\/english-munich.de\/training\/small-talk-englisch\/\" class=\"bellows-target\"><span class=\"bellows-target-title bellows-target-text\">\ud83d\udcacSmall Talk<\/span><\/a><\/li>\n<li id=\"menu-item-9969\" class=\"bellows-menu-item bellows-menu-item-type-post_type bellows-menu-item-object-page bellows-menu-item-9969 bellows-item-level-0\"><a  href=\"https:\/\/english-munich.de\/training\/nach-dem-weg-fragen-englisch\/\" class=\"bellows-target\"><span class=\"bellows-target-title bellows-target-text\">\ud83e\uddednach dem Weg fragen<\/span><\/a><\/li>\n<li id=\"menu-item-10052\" class=\"bellows-menu-item bellows-menu-item-type-post_type bellows-menu-item-object-page bellows-menu-item-10052 bellows-item-level-0\"><a  href=\"https:\/\/english-munich.de\/training\/englisch-bei-der-einreise-in-die-usa\/\" class=\"bellows-target\"><span class=\"bellows-target-title bellows-target-text\">\ud83e\uddf3Englisch bei der Einreise<\/span><\/a><\/li>\n<li id=\"menu-item-10105\" class=\"bellows-menu-item bellows-menu-item-type-post_type bellows-menu-item-object-page bellows-menu-item-10105 bellows-item-level-0\"><a  href=\"https:\/\/english-munich.de\/training\/englisch-beim-arzt\/\" class=\"bellows-target\"><span class=\"bellows-target-title bellows-target-text\">\ud83d\udc68\u200d\u2695\ufe0fEnglisch beim Arzt<\/span><\/a><\/li>\n<li id=\"menu-item-10139\" class=\"bellows-menu-item bellows-menu-item-type-post_type bellows-menu-item-object-page bellows-menu-item-10139 bellows-item-level-0\"><a  href=\"https:\/\/english-munich.de\/training\/englisch-beim-einkaufen\/\" class=\"bellows-target\"><span class=\"bellows-target-title bellows-target-text\">\ud83d\uded2Englisch beim Einkaufen<\/span><\/a><\/li>\n<li id=\"menu-item-10794\" class=\"bellows-menu-item bellows-menu-item-type-post_type bellows-menu-item-object-page bellows-menu-item-has-children bellows-menu-item-10794 bellows-item-level-0\"><a  href=\"https:\/\/english-munich.de\/training\/redewendungen-sprichwoerter\/\" class=\"bellows-target\"><span class=\"bellows-target-title bellows-target-text\">\ud83d\udcacRedewendungen \u2013 Sprichw\u00f6rter<\/span><button class=\"bellows-subtoggle\" aria-label=\"Toggle Submenu\"><i class=\"bellows-subtoggle-icon-expand fa fa-chevron-down\"><\/i><i class=\"bellows-subtoggle-icon-collapse fa fa-chevron-up\"><\/i><\/button><\/a>\n<ul class=\"bellows-submenu\">\n\t<li id=\"menu-item-10545\" class=\"bellows-menu-item bellows-menu-item-type-post_type bellows-menu-item-object-page bellows-menu-item-10545 bellows-item-level-1\"><a  href=\"https:\/\/english-munich.de\/training\/idiomatische-redewendungen-sprichwoerter-englisch-uebungen-tiere\/\" class=\"bellows-target\"><span class=\"bellows-target-title bellows-target-text\">\u2611\ufe0fRedewendungen \u2013 Sprichw\u00f6rter  \u2013 Tiere<\/span><\/a><\/li>\n\t<li id=\"menu-item-10557\" class=\"bellows-menu-item bellows-menu-item-type-post_type bellows-menu-item-object-page bellows-menu-item-10557 bellows-item-level-1\"><a  href=\"https:\/\/english-munich.de\/training\/idiomatische-redewendungen-sprichwoerter-englisch-uebungen-tiere-2\/\" class=\"bellows-target\"><span class=\"bellows-target-title bellows-target-text\">\u2611\ufe0fRedewendungen &#8211; Sprichw\u00f6rter \u2013 Tiere II<\/span><\/a><\/li>\n\t<li id=\"menu-item-10568\" class=\"bellows-menu-item bellows-menu-item-type-post_type bellows-menu-item-object-page bellows-menu-item-10568 bellows-item-level-1\"><a  href=\"https:\/\/english-munich.de\/training\/idiomatische-redewendungen-sprichwoerter-englisch-uebungen-tiere-iii\/\" class=\"bellows-target\"><span class=\"bellows-target-title bellows-target-text\">\u2611\ufe0fRedewendungen &#8211; Sprichw\u00f6rter \u2013 Tiere III<\/span><\/a><\/li>\n\t<li id=\"menu-item-10580\" class=\"bellows-menu-item bellows-menu-item-type-post_type bellows-menu-item-object-page bellows-menu-item-10580 bellows-item-level-1\"><a  href=\"https:\/\/english-munich.de\/training\/idiomatische-redewendungen-sprichwoerter-englisch-uebungen-tiere-3\/\" class=\"bellows-target\"><span class=\"bellows-target-title bellows-target-text\">\u2611\ufe0fRedewendungen &#8211; Sprichw\u00f6rter \u2013 Tiere IV<\/span><\/a><\/li>\n\t<li id=\"menu-item-10596\" class=\"bellows-menu-item bellows-menu-item-type-post_type bellows-menu-item-object-page bellows-menu-item-10596 bellows-item-level-1\"><a  href=\"https:\/\/english-munich.de\/training\/idiomatische-redewendungen-sprichwoerter-englisch-uebungen-tiere-4\/\" class=\"bellows-target\"><span class=\"bellows-target-title bellows-target-text\">\u2611\ufe0fRedewendungen &#8211; Sprichw\u00f6rter \u2013 Tiere V<\/span><\/a><\/li>\n\t<li id=\"menu-item-10605\" class=\"bellows-menu-item bellows-menu-item-type-post_type bellows-menu-item-object-page bellows-menu-item-10605 bellows-item-level-1\"><a  href=\"https:\/\/english-munich.de\/training\/idiomatische-redewendungen-sprichwoerter-englisch-uebungen-tiere-5\/\" class=\"bellows-target\"><span class=\"bellows-target-title bellows-target-text\">\u2611\ufe0fRedewendungen &#8211; Sprichw\u00f6rter \u2013 Tiere VI<\/span><\/a><\/li>\n\t<li id=\"menu-item-10686\" class=\"bellows-menu-item bellows-menu-item-type-post_type bellows-menu-item-object-page bellows-menu-item-10686 bellows-item-level-1\"><a  href=\"https:\/\/english-munich.de\/training\/kreuzwortraestel-redewendungen-tiere-englisch\/\" class=\"bellows-target\"><span class=\"bellows-target-title bellows-target-text\">\ud83d\udd33Kreuzwortr\u00e4stel \u2013 Redewendungen \u2013 Tiere \u2013 Englisch<\/span><\/a><\/li>\n\t<li id=\"menu-item-10685\" class=\"bellows-menu-item bellows-menu-item-type-post_type bellows-menu-item-object-page bellows-menu-item-10685 bellows-item-level-1\"><a  href=\"https:\/\/english-munich.de\/training\/kreuzwortraestel-redewendungen-tiere-englisch-ii\/\" class=\"bellows-target\"><span class=\"bellows-target-title bellows-target-text\">\ud83d\udd33Kreuzwortr\u00e4stel \u2013 Redewendungen \u2013 Tiere \u2013 Englisch II<\/span><\/a><\/li>\n\t<li id=\"menu-item-10684\" class=\"bellows-menu-item bellows-menu-item-type-post_type bellows-menu-item-object-page bellows-menu-item-10684 bellows-item-level-1\"><a  href=\"https:\/\/english-munich.de\/training\/kreuzwortraestel-redewendungen-tiere-englisch-iii\/\" class=\"bellows-target\"><span class=\"bellows-target-title bellows-target-text\">\ud83d\udd33Kreuzwortr\u00e4stel \u2013 Redewendungen \u2013 Tiere \u2013 Englisch III<\/span><\/a><\/li>\n\t<li id=\"menu-item-10612\" class=\"bellows-menu-item bellows-menu-item-type-post_type bellows-menu-item-object-page bellows-menu-item-10612 bellows-item-level-1\"><a  href=\"https:\/\/english-munich.de\/training\/matching-game-idiomatische-redewendungen-sprichwoerter-tiere\/\" class=\"bellows-target\"><span class=\"bellows-target-title bellows-target-text\">\ud83e\udde6Matching game \u2013 Redewendungen  \/ Sprichw\u00f6rter \u2013 Tiere<\/span><\/a><\/li>\n\t<li id=\"menu-item-10626\" class=\"bellows-menu-item bellows-menu-item-type-post_type bellows-menu-item-object-page bellows-menu-item-10626 bellows-item-level-1\"><a  href=\"https:\/\/english-munich.de\/training\/idiomatische-redewendungen-sprichwoerter-englisch-uebungen-werkzeuge\/\" class=\"bellows-target\"><span class=\"bellows-target-title bellows-target-text\">\u2611\ufe0fRedewendungen &#8211; Sprichw\u00f6rter \u2013 Werkzeuge I<\/span><\/a><\/li>\n\t<li id=\"menu-item-10636\" class=\"bellows-menu-item bellows-menu-item-type-post_type bellows-menu-item-object-page bellows-menu-item-10636 bellows-item-level-1\"><a  href=\"https:\/\/english-munich.de\/training\/idiomatische-redewendungen-sprichwoerter-englisch-uebungen-werkzeuge-2\/\" class=\"bellows-target\"><span class=\"bellows-target-title bellows-target-text\">\u2611\ufe0fRedewendungen &#8211; Sprichw\u00f6rter \u2013 Werkzeuge II<\/span><\/a><\/li>\n\t<li id=\"menu-item-10653\" class=\"bellows-menu-item bellows-menu-item-type-post_type bellows-menu-item-object-page bellows-menu-item-10653 bellows-item-level-1\"><a  href=\"https:\/\/english-munich.de\/training\/idiomatische-redewendungen-sprichwoerter-englisch-uebungen-werkzeuge-3\/\" class=\"bellows-target\"><span class=\"bellows-target-title bellows-target-text\">\u2611\ufe0fRedewendungen &#8211; Sprichw\u00f6rter \u2013 Werkzeuge III<\/span><\/a><\/li>\n\t<li id=\"menu-item-10671\" class=\"bellows-menu-item bellows-menu-item-type-post_type bellows-menu-item-object-page bellows-menu-item-10671 bellows-item-level-1\"><a  href=\"https:\/\/english-munich.de\/training\/idiomatische-redewendungen-sprichwoerter-englisch-uebungen-werkzeuge-4\/\" class=\"bellows-target\"><span class=\"bellows-target-title bellows-target-text\">\u2611\ufe0fRedewendungen &#8211; Sprichw\u00f6rter \u2013 Werkzeuge IV<\/span><\/a><\/li>\n\t<li id=\"menu-item-10721\" class=\"bellows-menu-item bellows-menu-item-type-post_type bellows-menu-item-object-page bellows-menu-item-10721 bellows-item-level-1\"><a  href=\"https:\/\/english-munich.de\/training\/idiomatische-redewendungen-sprichwoerter-englisch-uebungen-werkzeuge-5\/\" class=\"bellows-target\"><span class=\"bellows-target-title bellows-target-text\">\u2611\ufe0fRedewendungen &#8211; Sprichw\u00f6rter \u2013 Werkzeuge V<\/span><\/a><\/li>\n\t<li id=\"menu-item-10736\" class=\"bellows-menu-item bellows-menu-item-type-post_type bellows-menu-item-object-page bellows-menu-item-10736 bellows-item-level-1\"><a  href=\"https:\/\/english-munich.de\/training\/idiomatische-redewendungen-sprichwoerter-englisch-uebungen-werkzeuge-6\/\" class=\"bellows-target\"><span class=\"bellows-target-title bellows-target-text\">\u2611\ufe0fRedewendungen &#8211; Sprichw\u00f6rter \u2013 Werkzeuge VI<\/span><\/a><\/li>\n\t<li id=\"menu-item-10746\" class=\"bellows-menu-item bellows-menu-item-type-post_type bellows-menu-item-object-page bellows-menu-item-10746 bellows-item-level-1\"><a  href=\"https:\/\/english-munich.de\/training\/kreuzwortraestel-redewendungen-werkzeuge-englisch-3\/\" class=\"bellows-target\"><span class=\"bellows-target-title bellows-target-text\">\ud83d\udd33Kreuzwortr\u00e4stel &#8211; Redewendungen \u2013 Werkzeuge  \u2013 Englisch<\/span><\/a><\/li>\n\t<li id=\"menu-item-10747\" class=\"bellows-menu-item bellows-menu-item-type-post_type bellows-menu-item-object-page bellows-menu-item-10747 bellows-item-level-1\"><a  href=\"https:\/\/english-munich.de\/training\/kreuzwortraestel-redewendungen-werkzeuge-englisch-2\/\" class=\"bellows-target\"><span class=\"bellows-target-title bellows-target-text\">\ud83d\udd33Kreuzwortr\u00e4stel &#8211; Redewendungen \u2013 Werkzeuge \u2013 Englisch II<\/span><\/a><\/li>\n\t<li id=\"menu-item-10748\" class=\"bellows-menu-item bellows-menu-item-type-post_type bellows-menu-item-object-page bellows-menu-item-10748 bellows-item-level-1\"><a  href=\"https:\/\/english-munich.de\/training\/kreuzwortraestel-redewendungen-werkzeuge-englisch\/\" class=\"bellows-target\"><span class=\"bellows-target-title bellows-target-text\">\ud83d\udd33Kreuzwortr\u00e4stel- Redewendungen \u2013 Werkzeuge \u2013 Englisch III<\/span><\/a><\/li>\n\t<li id=\"menu-item-10784\" class=\"bellows-menu-item bellows-menu-item-type-post_type bellows-menu-item-object-page bellows-menu-item-10784 bellows-item-level-1\"><a  href=\"https:\/\/english-munich.de\/training\/matching-game-idiomatische-redewendungen-sprichwoerter-werkzeug\/\" class=\"bellows-target\"><span class=\"bellows-target-title bellows-target-text\">\ud83e\udde6Matching game \u2013 Redewendungen  \/ Sprichw\u00f6rter \u2013 Werkzeug<\/span><\/a><\/li>\n<\/ul>\n<\/li>\n<\/ul><\/div>\r\n<hr>","protected":false},"excerpt":{"rendered":"Nach dem Weg fragen Englisch \u00d7 Close Nach dem Weg fragen auf Englisch Trotz moderner Fu\u00dfg\u00e4ngernavigation, wird es Dir nicht erspart bleiben, Dich manchmal nach dem Weg zu erkundigen. Au\u00dferdem ist es im Ausland dann praktisch, wenn Du dies auch auf Englisch kannst. Zum Gl\u00fcck ist das sehr einfach. Schlie\u00dflich musst Du nur die relevanten [&hellip;]","protected":false},"author":3,"featured_media":0,"parent":0,"menu_order":0,"comment_status":"closed","ping_status":"closed","template":"","meta":[],"_links":{"self":[{"href":"https:\/\/english-munich.de\/training\/wp-json\/wp\/v2\/pages\/9941"}],"collection":[{"href":"https:\/\/english-munich.de\/training\/wp-json\/wp\/v2\/pages"}],"about":[{"href":"https:\/\/english-munich.de\/training\/wp-json\/wp\/v2\/types\/page"}],"author":[{"embeddable":true,"href":"https:\/\/english-munich.de\/training\/wp-json\/wp\/v2\/users\/3"}],"replies":[{"embeddable":true,"href":"https:\/\/english-munich.de\/training\/wp-json\/wp\/v2\/comments?post=9941"}],"version-history":[{"count":23,"href":"https:\/\/english-munich.de\/training\/wp-json\/wp\/v2\/pages\/9941\/revisions"}],"predecessor-version":[{"id":10066,"href":"https:\/\/english-munich.de\/training\/wp-json\/wp\/v2\/pages\/9941\/revisions\/10066"}],"wp:attachment":[{"href":"https:\/\/english-munich.de\/training\/wp-json\/wp\/v2\/media?parent=9941"}],"curies":[{"name":"wp","href":"https:\/\/api.w.org\/{rel}","templated":true}]}}