{"id":9854,"date":"2021-05-14T06:33:19","date_gmt":"2021-05-14T06:33:19","guid":{"rendered":"https:\/\/english-munich.de\/training\/?page_id=9854"},"modified":"2022-09-29T07:44:47","modified_gmt":"2022-09-29T07:44:47","slug":"fuellwoerter-verbindungswoerter-discourse-markers","status":"publish","type":"page","link":"https:\/\/english-munich.de\/training\/fuellwoerter-verbindungswoerter-discourse-markers\/","title":{"rendered":"F\u00fcllw\u00f6rter &#8211; Verbindungsw\u00f6rter &#8211; discourse markers"},"content":{"rendered":"<!-- The Modal -->\r\n<div id=\"myModal1\" class=\"modal\">\r\n<div class=\"modal-dialog\">\r\n<div class=\"modal-content\">\r\n\r\n<!-- Modal Header -->\r\n<div class=\"modal-header\">\r\n<h4 class=\"modal-title\">Verbindungsw\u00f6rter &#8211; discourse markers<\/h4>\r\n<button class=\"close\" type=\"button\" data-dismiss=\"modal\">\u00d7<\/button>\r\n\r\n<\/div>\r\n<!-- Modal body -->\r\n<div class=\"modal-body\"><img decoding=\"async\" class=\"img-responsive img-rounded\" title=\"Verbindungsw\u00f6rter Konunktionen Englisch\" src=\"https:\/\/english-munich.de\/training\/wp-content\/uploads\/2021\/05\/discourse-markers-e1619896090458.jpg\" alt=\"discourse-markers-Verbindugsw\u00f6rter\"><\/div>\r\n<!-- Modal footer -->\r\n<div class=\"modal-footer\"><button class=\"btn btn-danger\" type=\"button\" data-dismiss=\"modal\">Close<\/button><\/div>\r\n<\/div>\r\n<\/div>\r\n<\/div>\r\n\r\n\r\n\r\n<div class=\"container well\">\r\n<h2>Verbindungsw\u00f6rter &#8211; F\u00fcllw\u00f6rter<\/h2>\r\n\r\nMan kann sein <a href=\"https:\/\/de.wikipedia.org\/wiki\/Englische_Sprache#:~:text=Die%20englische%20Sprache%20(Eigenbezeichnung%3A%20English,die%20zum%20westgermanischen%20Zweig%20geh%C3%B6rt.\">Englisch<\/a> ganz einfach aufwerten, indem man <i class=\"text-danger\">Verbindungsw\u00f6rter<\/i> in seinen Dialog einstreut. Dies hat nicht nur den Vorteil, dass man idiomatischer klingt. Au\u00dferdem strukturiert man dadurch den Gehalt seiner Aussage. So kann man leichter folgen. Weiterhin wird man besser verstanden. Dies gilt sowohl im schriftlichen Englisch als auch im m\u00fcndlichen.\r\nAu\u00dferdem kann man Verbindungs-, oder F\u00fcllw\u00f6rter (<a href=\"https:\/\/dictionary.cambridge.org\/de\/grammatik\/britisch-grammatik\/discourse-markers-so-right-okay\">dicourse markers<\/a>) dazu ben\u00fctzen peinliche Pausen zu f\u00fcllen. So ist man niemals sprachlos.\r\nJe nachdem, welche Richtung man seiner Aussage geben will, unterscheidet man verschiedene Typen von F\u00fcllw\u00f6rtern:\r\n\r\n<h2>Aneinanderreihen<\/h2>\r\nWenn man viel zu sagen hat, ist es wichtig \u00fcber ein Set von Verbindungsw\u00f6rtern verf\u00fcgen, die einem helfen seine Argumente oder Thesen elegant aneinanderzureihen.\r\nGenau wie um Deutschen kann man auch auf Englisch der Reihe nach seine <i class=\"text-danger\">Gespr\u00e4chspunkte<\/i> aufz\u00e4hlen:\r\n<br \/><button id=\"submitButton5\" class=\"btn-lg btn-info\" type=\"button\" value=\"submit\" data-toggle=\"modal\" data-target=\"#myModal1\">Tipp <i class=\"fa fa-eye\" aria-hidden=\"true\"><\/i><\/button>\r\n<ul class=\"ulpadding\">\r\n<li>first, second, third&#8230;<\/li>\r\n<li>next&#8230;<\/li>\r\n<li>then&#8230;<\/li>\r\n<li>finally<\/li>\r\n<\/ul>\r\n\r\n<h2>Erg\u00e4nzen<\/h2>\r\nWichtig sind au\u00dferdem discourse markers um Informationen zu <i class=\"text-danger\">erg\u00e4nzen<\/i>. Schlie\u00dflich hast Du ja eine wichtige Botschaft, die mehrere Facetten hat. Diese Verbindungsw\u00f6rter gleichem dem voranstehendem Typ, sind aber in ihrer Reihenfolge flexibler:\r\n<ul class=\"ulpadding\">\r\n<li>additionally<\/li>\r\n<li>furthermore<\/li>\r\n<li>what&#8217;s more<\/i>\r\n<li>moreover<\/i>\r\n<\/ul>\r\n<br \/>\r\n<div class=\"iframe-container\">\r\n<iframe loading=\"lazy\" width=\"560\" height=\"315\" src=\"https:\/\/www.youtube.com\/embed\/uYRInRYrZBg\" title=\"YouTube video player\" frameborder=\"0\" allow=\"accelerometer; autoplay; clipboard-write; encrypted-media; gyroscope; picture-in-picture\" allowfullscreen><\/iframe><\/div><br \/>\r\n<h2>Widersprechen<\/h2>\r\nAu\u00dferdem ist man nat\u00fcrlich nicht immer derselben Meinung wie sein <i class=\"text-danger\">Gegen\u00fcber<\/i>. Deswegen brauchst Du ein paar knackige Verbindungsw\u00f6rter, um Deine Gegenthese wortgewandt einzuleiten.\r\n<ul class=\"ulpadding\">\r\n<li>nevertheless, nonetheless<\/li>\r\n<li>however<\/li>\r\n<li>but<\/i>\r\n<li>still, yet<\/i>\r\n<\/ul>\r\n<h2>Beispiele<\/h2>\r\nWeiterhin braucht man rhetorisches R\u00fcstzeug um seine Argumente mit <i class=\"text-danger\">Beispielen<\/i> zu untermauern. Schlie\u00dflich gibt nichts Deiner Aussage mehr Stichhaltigkeit als ein gutes Beispiel:\r\n<ul class=\"ulpadding\">\r\n<li>for example&#8230;<\/li>\r\n<li>for instance&#8230;<\/li>\r\n<li>as the figures clearly show&#8230;<\/i>\r\n<li>as seen in&#8230;<\/i>\r\n<li>in the case of&#8230;<\/i>\r\n<li>as seen in&#8230;<\/i>\r\n<\/ul>\r\n\r\n<h2>Zusammenfassen<\/h2>\r\nSchlie\u00dflich kommt das Beste zum Schluss. Um Deine Inhalte knackig <i class=\"text-danger\">zusammenzufassen<\/i> brauchst Du Dir nur ein paar Ausdr\u00fccke zu merken. In diesem Zusammenhang sind die nachstehenden Begriffe besonders praktisch. So stellst Du sicher, dass Deine Zuh\u00f6rer Deine Botschaft nicht vergessen!\r\n<ul class=\"ulpadding\">\r\n<li>all in all&#8230;<\/li>\r\n<li>the bottom line&#8230;<\/li>\r\n<li>summarizing&#8230;<\/i>\r\n<li>at the end of the day&#8230;<\/i>\r\n<li>to make a long story short&#8230;<\/i>\r\n<li>in a nutshell<\/i>\r\n<\/ul><br \/>\r\n<h3>\u00dcbungen:<\/h3>\r\n<div id=\"newContainer\" class=\"container\">\r\n<h3>Klicke auf die richtige Option:<\/h3>\r\n<hr>\r\n\r\n  <h4 id=\"headline\"><\/h4>\r\n  <br>\r\n  \r\n    <div id =\"carda\" class=\"card-body\"><\/div>\r\n  \r\n  <br \/>\r\n  \r\n    <div id=\"cardb\" class=\"card-body\"><\/div>\r\n   <br \/>\r\n  <div class=\"progress\">\r\n  <div id=\"myProgress\">\r\n  <div id=\"progress\"><\/div>\r\n  <\/div><\/div>\r\n  <p id=\"myText\"><\/p>\r\n\r\n\r\n<button id=\"reset4\" class=\"btn-lg btn-danger\"  onclick=\"refreshPage()\">Nochmal<i class=\"fa fa-refresh\" aria-hidden=\"true\"><\/i><\/button>\r\n<br \/><br \/>\r\n<h3>Ziehe die richtige Option in die grauen Felder:<\/h3>\r\n<hr>\r\n<br \/>\r\n<div id=\"supercontainer\">\r\n      <div id=\"answer-container3\">\r\n        <ul id='liste'>\r\n          <li class=\"drop1\" data-id=\"einleitung\">furthermore<\/li>\r\n          <li class=\"drop1\" data-id=\"marker\">such as<\/li>\r\n          <li class=\"drop1\" data-id=\"einleitung\">additionally<\/li>\r\n          <li class=\"drop1\" data-id=\"bye\">to make a long story short<\/li>\r\n          <li class=\"drop1\" data-id=\"einleitung\">moreover<\/li>\r\n          <li class=\"drop1\" data-id=\"bye\">summarizing<\/li>\r\n          <li class=\"drop1\" data-id=\"reference\">but<\/li>\r\n          <li class=\"drop1\" data-id=\"reference\">nonetheless<\/li>\r\n          <li class=\"drop1\" data-id=\"bye\">all in all<\/li>\r\n           <li class=\"drop1\" data-id=\"marker\">for example<\/li>\r\n          <li class=\"drop1\" data-id=\"reference\">however<\/li>\r\n          <li class=\"drop1\" data-id=\"greeting\">first<\/li>\r\n          <li class=\"drop1\" data-id=\"reference\">nevertheless<\/li>\r\n          <li class=\"drop1\" data-id=\"greeting\">second<\/li>\r\n          <li class=\"drop1\" data-id=\"bye\">the bottom line<\/li>\r\n        <\/ul>\r\n      <\/div>\r\n      <div class=\"flexed3\">\r\n        <label>aufz\u00e4hlen\r\n          <div class=\"flexirex2\">\r\n            <ul class='ziel3' id=\"container0\" data-id=\"greeting\"><\/ul>\r\n          <\/div>\r\n        <\/label>\r\n        <label>erg\u00e4nzen\r\n          <div class=\"flexirex2\">\r\n            <ul class='ziel3' id=\"container1\" data-id=\"einleitung\"><\/ul>\r\n          <\/div>\r\n        <\/label>\r\n        <label>widersprechen\r\n          <div class=\"flexirex2\">\r\n            <ul class='ziel3' id=\"container2\" data-id=\"reference\"><\/ul>\r\n          <\/div>\r\n        <\/label>\r\n        <label>Beispiele\r\n          <div class=\"flexirex2\">\r\n            <ul class='ziel3' id=\"container3\" data-id=\"marker\"><\/ul>\r\n          <\/div>\r\n        <\/label>\r\n        <label>zusammenfassen\r\n          <div class=\"flexirex2\">\r\n            <ul class='ziel3' id=\"container4\" data-id=\"bye\"><\/ul>\r\n          <\/div>\r\n        <\/label>\r\n      <\/div>\r\n    <\/div>\r\n  <\/div>\r\n  \r\n  <button class=\"btn-success btn-lg\" id=\"submit3\">Pr\u00fcfen<i class=\"fas fa-check\" aria-hidden=\"true\"><\/i>\r\n<\/button> \r\n  <button class=\"btn-info btn-lg\" id=\"ergebnis3\">L\u00f6sungen<i class=\"fa fa-eye\" aria-hidden=\"true\"><\/i>\r\n<\/button> \r\n<button id=\"reset3\" class=\"btn-lg btn-danger\"  onclick=\"refreshPage()\">Nochmal<i class=\"fa fa-refresh\" aria-hidden=\"true\"><\/i><\/button><br \/><br \/>\r\n<h3>Ziehe die richtige Option in die L\u00fccken:<\/h3>\r\n<hr>\r\n<br \/>\r\n<div class = \"container\" id=\"limit\">\r\n<div class=\"container\" id=\"answer-container\">\r\n<ul id=\"answer-container1\">\r\n  <li  class=\"drop\" id=\"3\">and<\/li>\r\n  <li  class=\"drop\" id=\"6\">additionally<\/li>\r\n  <li  class=\"drop\" id=\"0\">but<\/li>\r\n  <li  class=\"drop\" id=\"1\">such as<\/li>\r\n  <li  class=\"drop\" id=\"2\">however<\/li>\r\n  <li  class=\"drop\" id=\"4\">other than that<\/li>\r\n  <li  class=\"drop\" id=\"5\">all in all<\/li>\r\n  <li  class=\"drop\" id=\"7\">first<\/li>\r\n<\/ul>\r\n<\/div><br \/>\r\n<div id=\"test-container\" class=\"flexed1\">\r\n<div class=\"table\">\r\n<div class=\"table-row\">\r\n<div class=\"table-cell border ziel\"id=\"drop0\">\r\n  <ul class=\"ziel1\" ><\/ul>\r\n<\/div><div class=\"table-cell\" id=\"result0\"><\/div>\r\n<div class=\"table-cell\">I would like to welcome you all<\/div>\r\n<\/div>\r\n<div class=\"table-row\">\r\n <div class=\"table-cell border ziel\" id=\"drop1\">\r\n<ul class=\"ziel1\"><\/ul><\/div><div class=\"table-cell\" id=\"result1\"><\/div>\r\n<div class=\"table-cell\">I would like to thank you.<\/div>\r\n<div class=\"table-cell border ziel\" id=\"drop2\">\r\n<ul class=\"ziel1\"><\/ul>\r\n<\/div><div class=\"table-cell\" id=\"result2\"><\/div>\r\n<div class=\"table-cell\"><\/div>\r\n<\/div>\r\n<div class=\"table-row\">\r\n<div class=\"table-cell\">there are issues that need to be addressed<\/div>\r\n<div class=\"table-cell border ziel\" id=\"drop3\">\r\n<ul class=\"ziel1\"><\/ul>\r\n<\/div><div class=\"table-cell\"><\/div><div class=\"table-cell\" id=\"result3\"><\/div>\r\n<\/div>\r\n<div class=\"table-cell\"><\/div>\r\n<div id=\"result2\"><\/div>\r\n<div class=\"table-row\">\r\n<div class=\"table-cell\">parking on the executives&#8216; parking space. <\/div>\r\n<div class=\"table-cell border ziel\" id=\"drop4\">\r\n<ul class=\"ziel1\"><\/ul>\r\n<\/div><div class=\"table-cell\" id=\"result4\"><\/div>\r\n<div class=\"table-cell\"><\/div>\r\n<\/div>\r\n<div class=\"table-cell\"><\/div>\r\n<div id=\"result3\"><\/div>\r\n<div class=\"table-cell\"><\/div>\r\n<div id=\"result2\"><\/div>\r\n<div class=\"table-row\"><div class=\"table-cell\"> I want to tell you nothing<\/div>\r\n\r\n<div class=\"table-cell border ziel\" id=\"drop5\">\r\n<ul class=\"ziel1\" id=\"item5\"><\/ul>\r\n<\/div><div class=\"table-cell\" id=\"result5\"><\/div>\r\n<div class=\"table-cell\"> good news.<\/div>\r\n\r\n<div class=\"table-cell\"><\/div>\r\n<\/div>\r\n<div class=\"table-row\">\r\n<div class=\"table-cell border ziel\" id=\"drop6\">\r\n<ul class=\"ziel1\" id=\"item6\" ><\/ul>\r\n<\/div><div class=\"table-cell\" id=\"result6\"><\/div>\r\n<div class=\"table-cell\"> you are truly amazing<\/div>\r\n\r\n<div class=\"table-cell\"><\/div>\r\n<\/div>\r\n<div class=\"table-row\">\r\n<div class=\"table-cell border ziel\" id=\"drop7\"><div class=\"table-cell\"><\/div>\r\n<ul class=\"ziel1\" id=\"item6\" ><\/ul>\r\n<\/div><div class=\"table-cell\" id=\"result7\"><\/div>\r\n<div class=\"table-cell\"> the best people that I know.<\/div>\r\n\r\n<div class=\"table-cell\"><\/div>\r\n<\/div>\r\n  <\/div>\r\n<\/div>\r\n<\/div>\r\n<hr>\r\n\r\n<div class=\"container\">\r\n<button class=\"btn-success btn-lg\" id=\"submitButton\">Pr\u00fcfen<i class=\"fas fa-check\" aria-hidden=\"true\"><\/i>\r\n<\/button> \r\n<button id=\"resetButton\" class=\"btn-lg btn-danger\"  onclick=\"refreshPage()\">Nochmal<i class=\"fa fa-refresh\" aria-hidden=\"true\"><\/i><\/button>\r\n\r\n\r\n<\/div>\r\n<\/div>\r\n<hr>\r\n<h4>mehr Alltagsenglisch Themen:<\/h4>\r\n<div id=\"bellows-main-77\" class=\"bellows bellows-nojs bellows-main bellows-source-menu bellows-align-full bellows-skin-vanilla bellows-type-\"><ul id=\"menu-alltagsenglisch\" class=\"bellows-nav\" data-bellows-config=\"main\"><li id=\"menu-item-9816\" class=\"bellows-menu-item bellows-menu-item-type-post_type bellows-menu-item-object-page bellows-menu-item-9816 bellows-item-level-0\"><a  href=\"https:\/\/english-munich.de\/training\/englisch-fuer-das-restaurant\/\" class=\"bellows-target\"><span class=\"bellows-target-title bellows-target-text\">\ud83c\udf74Englisch f\u00fcr das Restaurant<\/span><\/a><\/li>\n<li id=\"menu-item-9847\" class=\"bellows-menu-item bellows-menu-item-type-post_type bellows-menu-item-object-page bellows-menu-item-9847 bellows-item-level-0\"><a  href=\"https:\/\/english-munich.de\/training\/sich-vorstellen-englisch\/\" class=\"bellows-target\"><span class=\"bellows-target-title bellows-target-text\">\ud83e\udd1dsich vorstellen auf  Englisch<\/span><\/a><\/li>\n<li id=\"menu-item-9882\" class=\"bellows-menu-item bellows-menu-item-type-post_type bellows-menu-item-object-page bellows-menu-item-9882 bellows-item-level-0\"><a  href=\"https:\/\/english-munich.de\/training\/fuellwoerter-verbindungswoerter-discourse-markers\/\" class=\"bellows-target\"><span class=\"bellows-target-title bellows-target-text\">\ud83d\udd17F\u00fcllw\u00f6rter \u2013 Verbindungsw\u00f6rter<\/span><\/a><\/li>\n<li id=\"menu-item-9928\" class=\"bellows-menu-item bellows-menu-item-type-post_type bellows-menu-item-object-page bellows-menu-item-9928 bellows-item-level-0\"><a  href=\"https:\/\/english-munich.de\/training\/small-talk-englisch\/\" class=\"bellows-target\"><span class=\"bellows-target-title bellows-target-text\">\ud83d\udcacSmall Talk<\/span><\/a><\/li>\n<li id=\"menu-item-9969\" class=\"bellows-menu-item bellows-menu-item-type-post_type bellows-menu-item-object-page bellows-menu-item-9969 bellows-item-level-0\"><a  href=\"https:\/\/english-munich.de\/training\/nach-dem-weg-fragen-englisch\/\" class=\"bellows-target\"><span class=\"bellows-target-title bellows-target-text\">\ud83e\uddednach dem Weg fragen<\/span><\/a><\/li>\n<li id=\"menu-item-10052\" class=\"bellows-menu-item bellows-menu-item-type-post_type bellows-menu-item-object-page bellows-menu-item-10052 bellows-item-level-0\"><a  href=\"https:\/\/english-munich.de\/training\/englisch-bei-der-einreise-in-die-usa\/\" class=\"bellows-target\"><span class=\"bellows-target-title bellows-target-text\">\ud83e\uddf3Englisch bei der Einreise<\/span><\/a><\/li>\n<li id=\"menu-item-10105\" class=\"bellows-menu-item bellows-menu-item-type-post_type bellows-menu-item-object-page bellows-menu-item-10105 bellows-item-level-0\"><a  href=\"https:\/\/english-munich.de\/training\/englisch-beim-arzt\/\" class=\"bellows-target\"><span class=\"bellows-target-title bellows-target-text\">\ud83d\udc68\u200d\u2695\ufe0fEnglisch beim Arzt<\/span><\/a><\/li>\n<li id=\"menu-item-10139\" class=\"bellows-menu-item bellows-menu-item-type-post_type bellows-menu-item-object-page bellows-menu-item-10139 bellows-item-level-0\"><a  href=\"https:\/\/english-munich.de\/training\/englisch-beim-einkaufen\/\" class=\"bellows-target\"><span class=\"bellows-target-title bellows-target-text\">\ud83d\uded2Englisch beim Einkaufen<\/span><\/a><\/li>\n<li id=\"menu-item-10794\" class=\"bellows-menu-item bellows-menu-item-type-post_type bellows-menu-item-object-page bellows-menu-item-has-children bellows-menu-item-10794 bellows-item-level-0\"><a  href=\"https:\/\/english-munich.de\/training\/redewendungen-sprichwoerter\/\" class=\"bellows-target\"><span class=\"bellows-target-title bellows-target-text\">\ud83d\udcacRedewendungen \u2013 Sprichw\u00f6rter<\/span><button class=\"bellows-subtoggle\" aria-label=\"Toggle Submenu\"><i class=\"bellows-subtoggle-icon-expand fa fa-chevron-down\"><\/i><i class=\"bellows-subtoggle-icon-collapse fa fa-chevron-up\"><\/i><\/button><\/a>\n<ul class=\"bellows-submenu\">\n\t<li id=\"menu-item-10545\" class=\"bellows-menu-item bellows-menu-item-type-post_type bellows-menu-item-object-page bellows-menu-item-10545 bellows-item-level-1\"><a  href=\"https:\/\/english-munich.de\/training\/idiomatische-redewendungen-sprichwoerter-englisch-uebungen-tiere\/\" class=\"bellows-target\"><span class=\"bellows-target-title bellows-target-text\">\u2611\ufe0fRedewendungen \u2013 Sprichw\u00f6rter  \u2013 Tiere<\/span><\/a><\/li>\n\t<li id=\"menu-item-10557\" class=\"bellows-menu-item bellows-menu-item-type-post_type bellows-menu-item-object-page bellows-menu-item-10557 bellows-item-level-1\"><a  href=\"https:\/\/english-munich.de\/training\/idiomatische-redewendungen-sprichwoerter-englisch-uebungen-tiere-2\/\" class=\"bellows-target\"><span class=\"bellows-target-title bellows-target-text\">\u2611\ufe0fRedewendungen &#8211; Sprichw\u00f6rter \u2013 Tiere II<\/span><\/a><\/li>\n\t<li id=\"menu-item-10568\" class=\"bellows-menu-item bellows-menu-item-type-post_type bellows-menu-item-object-page bellows-menu-item-10568 bellows-item-level-1\"><a  href=\"https:\/\/english-munich.de\/training\/idiomatische-redewendungen-sprichwoerter-englisch-uebungen-tiere-iii\/\" class=\"bellows-target\"><span class=\"bellows-target-title bellows-target-text\">\u2611\ufe0fRedewendungen &#8211; Sprichw\u00f6rter \u2013 Tiere III<\/span><\/a><\/li>\n\t<li id=\"menu-item-10580\" class=\"bellows-menu-item bellows-menu-item-type-post_type bellows-menu-item-object-page bellows-menu-item-10580 bellows-item-level-1\"><a  href=\"https:\/\/english-munich.de\/training\/idiomatische-redewendungen-sprichwoerter-englisch-uebungen-tiere-3\/\" class=\"bellows-target\"><span class=\"bellows-target-title bellows-target-text\">\u2611\ufe0fRedewendungen &#8211; Sprichw\u00f6rter \u2013 Tiere IV<\/span><\/a><\/li>\n\t<li id=\"menu-item-10596\" class=\"bellows-menu-item bellows-menu-item-type-post_type bellows-menu-item-object-page bellows-menu-item-10596 bellows-item-level-1\"><a  href=\"https:\/\/english-munich.de\/training\/idiomatische-redewendungen-sprichwoerter-englisch-uebungen-tiere-4\/\" class=\"bellows-target\"><span class=\"bellows-target-title bellows-target-text\">\u2611\ufe0fRedewendungen &#8211; Sprichw\u00f6rter \u2013 Tiere V<\/span><\/a><\/li>\n\t<li id=\"menu-item-10605\" class=\"bellows-menu-item bellows-menu-item-type-post_type bellows-menu-item-object-page bellows-menu-item-10605 bellows-item-level-1\"><a  href=\"https:\/\/english-munich.de\/training\/idiomatische-redewendungen-sprichwoerter-englisch-uebungen-tiere-5\/\" class=\"bellows-target\"><span class=\"bellows-target-title bellows-target-text\">\u2611\ufe0fRedewendungen &#8211; Sprichw\u00f6rter \u2013 Tiere VI<\/span><\/a><\/li>\n\t<li id=\"menu-item-10686\" class=\"bellows-menu-item bellows-menu-item-type-post_type bellows-menu-item-object-page bellows-menu-item-10686 bellows-item-level-1\"><a  href=\"https:\/\/english-munich.de\/training\/kreuzwortraestel-redewendungen-tiere-englisch\/\" class=\"bellows-target\"><span class=\"bellows-target-title bellows-target-text\">\ud83d\udd33Kreuzwortr\u00e4stel \u2013 Redewendungen \u2013 Tiere \u2013 Englisch<\/span><\/a><\/li>\n\t<li id=\"menu-item-10685\" class=\"bellows-menu-item bellows-menu-item-type-post_type bellows-menu-item-object-page bellows-menu-item-10685 bellows-item-level-1\"><a  href=\"https:\/\/english-munich.de\/training\/kreuzwortraestel-redewendungen-tiere-englisch-ii\/\" class=\"bellows-target\"><span class=\"bellows-target-title bellows-target-text\">\ud83d\udd33Kreuzwortr\u00e4stel \u2013 Redewendungen \u2013 Tiere \u2013 Englisch II<\/span><\/a><\/li>\n\t<li id=\"menu-item-10684\" class=\"bellows-menu-item bellows-menu-item-type-post_type bellows-menu-item-object-page bellows-menu-item-10684 bellows-item-level-1\"><a  href=\"https:\/\/english-munich.de\/training\/kreuzwortraestel-redewendungen-tiere-englisch-iii\/\" class=\"bellows-target\"><span class=\"bellows-target-title bellows-target-text\">\ud83d\udd33Kreuzwortr\u00e4stel \u2013 Redewendungen \u2013 Tiere \u2013 Englisch III<\/span><\/a><\/li>\n\t<li id=\"menu-item-10612\" class=\"bellows-menu-item bellows-menu-item-type-post_type bellows-menu-item-object-page bellows-menu-item-10612 bellows-item-level-1\"><a  href=\"https:\/\/english-munich.de\/training\/matching-game-idiomatische-redewendungen-sprichwoerter-tiere\/\" class=\"bellows-target\"><span class=\"bellows-target-title bellows-target-text\">\ud83e\udde6Matching game \u2013 Redewendungen  \/ Sprichw\u00f6rter \u2013 Tiere<\/span><\/a><\/li>\n\t<li id=\"menu-item-10626\" class=\"bellows-menu-item bellows-menu-item-type-post_type bellows-menu-item-object-page bellows-menu-item-10626 bellows-item-level-1\"><a  href=\"https:\/\/english-munich.de\/training\/idiomatische-redewendungen-sprichwoerter-englisch-uebungen-werkzeuge\/\" class=\"bellows-target\"><span class=\"bellows-target-title bellows-target-text\">\u2611\ufe0fRedewendungen &#8211; Sprichw\u00f6rter \u2013 Werkzeuge I<\/span><\/a><\/li>\n\t<li id=\"menu-item-10636\" class=\"bellows-menu-item bellows-menu-item-type-post_type bellows-menu-item-object-page bellows-menu-item-10636 bellows-item-level-1\"><a  href=\"https:\/\/english-munich.de\/training\/idiomatische-redewendungen-sprichwoerter-englisch-uebungen-werkzeuge-2\/\" class=\"bellows-target\"><span class=\"bellows-target-title bellows-target-text\">\u2611\ufe0fRedewendungen &#8211; Sprichw\u00f6rter \u2013 Werkzeuge II<\/span><\/a><\/li>\n\t<li id=\"menu-item-10653\" class=\"bellows-menu-item bellows-menu-item-type-post_type bellows-menu-item-object-page bellows-menu-item-10653 bellows-item-level-1\"><a  href=\"https:\/\/english-munich.de\/training\/idiomatische-redewendungen-sprichwoerter-englisch-uebungen-werkzeuge-3\/\" class=\"bellows-target\"><span class=\"bellows-target-title bellows-target-text\">\u2611\ufe0fRedewendungen &#8211; Sprichw\u00f6rter \u2013 Werkzeuge III<\/span><\/a><\/li>\n\t<li id=\"menu-item-10671\" class=\"bellows-menu-item bellows-menu-item-type-post_type bellows-menu-item-object-page bellows-menu-item-10671 bellows-item-level-1\"><a  href=\"https:\/\/english-munich.de\/training\/idiomatische-redewendungen-sprichwoerter-englisch-uebungen-werkzeuge-4\/\" class=\"bellows-target\"><span class=\"bellows-target-title bellows-target-text\">\u2611\ufe0fRedewendungen &#8211; Sprichw\u00f6rter \u2013 Werkzeuge IV<\/span><\/a><\/li>\n\t<li id=\"menu-item-10721\" class=\"bellows-menu-item bellows-menu-item-type-post_type bellows-menu-item-object-page bellows-menu-item-10721 bellows-item-level-1\"><a  href=\"https:\/\/english-munich.de\/training\/idiomatische-redewendungen-sprichwoerter-englisch-uebungen-werkzeuge-5\/\" class=\"bellows-target\"><span class=\"bellows-target-title bellows-target-text\">\u2611\ufe0fRedewendungen &#8211; Sprichw\u00f6rter \u2013 Werkzeuge V<\/span><\/a><\/li>\n\t<li id=\"menu-item-10736\" class=\"bellows-menu-item bellows-menu-item-type-post_type bellows-menu-item-object-page bellows-menu-item-10736 bellows-item-level-1\"><a  href=\"https:\/\/english-munich.de\/training\/idiomatische-redewendungen-sprichwoerter-englisch-uebungen-werkzeuge-6\/\" class=\"bellows-target\"><span class=\"bellows-target-title bellows-target-text\">\u2611\ufe0fRedewendungen &#8211; Sprichw\u00f6rter \u2013 Werkzeuge VI<\/span><\/a><\/li>\n\t<li id=\"menu-item-10746\" class=\"bellows-menu-item bellows-menu-item-type-post_type bellows-menu-item-object-page bellows-menu-item-10746 bellows-item-level-1\"><a  href=\"https:\/\/english-munich.de\/training\/kreuzwortraestel-redewendungen-werkzeuge-englisch-3\/\" class=\"bellows-target\"><span class=\"bellows-target-title bellows-target-text\">\ud83d\udd33Kreuzwortr\u00e4stel &#8211; Redewendungen \u2013 Werkzeuge  \u2013 Englisch<\/span><\/a><\/li>\n\t<li id=\"menu-item-10747\" class=\"bellows-menu-item bellows-menu-item-type-post_type bellows-menu-item-object-page bellows-menu-item-10747 bellows-item-level-1\"><a  href=\"https:\/\/english-munich.de\/training\/kreuzwortraestel-redewendungen-werkzeuge-englisch-2\/\" class=\"bellows-target\"><span class=\"bellows-target-title bellows-target-text\">\ud83d\udd33Kreuzwortr\u00e4stel &#8211; Redewendungen \u2013 Werkzeuge \u2013 Englisch II<\/span><\/a><\/li>\n\t<li id=\"menu-item-10748\" class=\"bellows-menu-item bellows-menu-item-type-post_type bellows-menu-item-object-page bellows-menu-item-10748 bellows-item-level-1\"><a  href=\"https:\/\/english-munich.de\/training\/kreuzwortraestel-redewendungen-werkzeuge-englisch\/\" class=\"bellows-target\"><span class=\"bellows-target-title bellows-target-text\">\ud83d\udd33Kreuzwortr\u00e4stel- Redewendungen \u2013 Werkzeuge \u2013 Englisch III<\/span><\/a><\/li>\n\t<li id=\"menu-item-10784\" class=\"bellows-menu-item bellows-menu-item-type-post_type bellows-menu-item-object-page bellows-menu-item-10784 bellows-item-level-1\"><a  href=\"https:\/\/english-munich.de\/training\/matching-game-idiomatische-redewendungen-sprichwoerter-werkzeug\/\" class=\"bellows-target\"><span class=\"bellows-target-title bellows-target-text\">\ud83e\udde6Matching game \u2013 Redewendungen  \/ Sprichw\u00f6rter \u2013 Werkzeug<\/span><\/a><\/li>\n<\/ul>\n<\/li>\n<\/ul><\/div>\r\n<hr>","protected":false},"excerpt":{"rendered":"Verbindungsw\u00f6rter &#8211; discourse markers \u00d7 Close Verbindungsw\u00f6rter &#8211; F\u00fcllw\u00f6rter Man kann sein Englisch ganz einfach aufwerten, indem man Verbindungsw\u00f6rter in seinen Dialog einstreut. Dies hat nicht nur den Vorteil, dass man idiomatischer klingt. Au\u00dferdem strukturiert man dadurch den Gehalt seiner Aussage. So kann man leichter folgen. Weiterhin wird man besser verstanden. Dies gilt sowohl im [&hellip;]","protected":false},"author":3,"featured_media":0,"parent":0,"menu_order":0,"comment_status":"closed","ping_status":"closed","template":"","meta":[],"_links":{"self":[{"href":"https:\/\/english-munich.de\/training\/wp-json\/wp\/v2\/pages\/9854"}],"collection":[{"href":"https:\/\/english-munich.de\/training\/wp-json\/wp\/v2\/pages"}],"about":[{"href":"https:\/\/english-munich.de\/training\/wp-json\/wp\/v2\/types\/page"}],"author":[{"embeddable":true,"href":"https:\/\/english-munich.de\/training\/wp-json\/wp\/v2\/users\/3"}],"replies":[{"embeddable":true,"href":"https:\/\/english-munich.de\/training\/wp-json\/wp\/v2\/comments?post=9854"}],"version-history":[{"count":27,"href":"https:\/\/english-munich.de\/training\/wp-json\/wp\/v2\/pages\/9854\/revisions"}],"predecessor-version":[{"id":11814,"href":"https:\/\/english-munich.de\/training\/wp-json\/wp\/v2\/pages\/9854\/revisions\/11814"}],"wp:attachment":[{"href":"https:\/\/english-munich.de\/training\/wp-json\/wp\/v2\/media?parent=9854"}],"curies":[{"name":"wp","href":"https:\/\/api.w.org\/{rel}","templated":true}]}}