{"id":9802,"date":"2021-05-09T07:25:04","date_gmt":"2021-05-09T07:25:04","guid":{"rendered":"https:\/\/english-munich.de\/training\/?page_id=9802"},"modified":"2021-05-19T10:29:48","modified_gmt":"2021-05-19T10:29:48","slug":"englisch-fuer-das-restaurant","status":"publish","type":"page","link":"https:\/\/english-munich.de\/training\/englisch-fuer-das-restaurant\/","title":{"rendered":"Englisch f\u00fcr das Restaurant"},"content":{"rendered":"<!-- The Modal -->\r\n<div id=\"myModal1\" class=\"modal\">\r\n<div class=\"modal-dialog\">\r\n<div class=\"modal-content\">\r\n\r\n<!-- Modal Header -->\r\n<div class=\"modal-header\">\r\n<h4 class=\"modal-title\">Englisch f\u00fcr das Restaurant<\/h4>\r\n<button class=\"close\" type=\"button\" data-dismiss=\"modal\">\u00d7<\/button>\r\n\r\n<\/div>\r\n<!-- Modal body -->\r\n<div class=\"modal-body\"><img decoding=\"async\" class=\"img-responsive img-rounded\" title=\"Englisch im Restaurant\" src=\"https:\/\/english-munich.de\/training\/wp-content\/uploads\/2021\/05\/vocabulary-for-going-to-a-restaurant-e1620544405286.jpg\" alt=\"Englisch-Essen-Restaurant\"><\/div>\r\n<!-- Modal footer -->\r\n<div class=\"modal-footer\"><button class=\"btn btn-danger\" type=\"button\" data-dismiss=\"modal\">Close<\/button><\/div>\r\n<\/div>\r\n<\/div>\r\n<\/div>\r\n\r\n\r\n\r\n<div class=\"container well\">\r\n<h1>Alltagsenglisch &#8211; Englisch f\u00fcr das Restaurant<\/h1>\r\n\r\nSein Essen im Urlaub auf Englisch zu bestellen, kann schon mal zur Herausforderung werden. Kennt man aber die relevanten <i class=\"text-danger\">S\u00e4tze und Begriffe<\/i>, bestellt man im <a href=\"https:\/\/en.wikipedia.org\/wiki\/Greasy_spoon\">Restaurant<\/a> auf Englisch genauso souver\u00e4n wie auf Deutsch. Flie\u00dfendes Englisch im Restaurant ist f\u00fcr den gebildeten Kosmopoliten von heute ein absolutes Muss.\r\nAuf dieser Seite findest Du alle wichtigen Begriffe und Standards, die Dich bei Deinem n\u00e4chsten Restaurantbesuch auf Englisch weltm\u00e4nnisch auftreten lassen.\r\n\r\n<h2>sich hinsetzen<\/h2>\r\nSchon beim Betreten des Restaurants trennt sich die Spreu vom Weizen. Sogar beim ersten Wortwechsel mit dem Kellner kann man sich blamieren. Um so wichtiger, dass man von Anfang an souver\u00e4n kommuniziert. Mit diesen<i class=\"text-danger\">Standards<\/i>, garantierst Du Dir einen starken Auftritt, wenn Du ein Restaurant betrittst. So sicherst Du Dir einen Platz am Tisch. Auch auf <i class=\"text-danger\">Englisch<\/i>:<br \/><button id=\"submitButton5\" class=\"btn-lg btn-info\" type=\"button\" value=\"submit\" data-toggle=\"modal\" data-target=\"#myModal1\">Tipp <i class=\"fa fa-eye\" aria-hidden=\"true\"><\/i><\/button>\r\n<ul class=\"ulpadding\">\r\n<li>I have reserved a table&#8230;<\/li>\r\n<li>I need a table for two&#8230;<\/li>\r\n<li>We have booked a table&#8230;<\/li>\r\n<li>Can we have this table?<\/li>\r\n<\/ul>\r\n\r\n<h2>Die Speisekarte verlangen<\/h2>\r\nDer n\u00e4chste Fallstrick lauert dann beim Fragen nach der <i class=\"text-danger\">Speisekarte<\/i>. &#8222;Speisekarte&#8220; hei\u00dft auf Englisch <i class=\"text-danger\">menu<\/i>. Das deutsche &#8222;Men\u00fc&#8220;. bedeutet auf Englisch <i class=\"text-danger\">course-menu<\/i>. Um sich selbstbewu\u00dft auf Englisch die <i class=\"text-danger\"> Speisekarte<\/i> zu verlangen und sich nach Spezialit\u00e4ten zu erkundigen, reichen folgende Standards:\r\n<ul class=\"ulpadding\">\r\n<li>What&#8217;s on offer?<\/li>\r\n<li>Can I have the menu please?<\/li>\r\n<li>What&#8217;s today&#8217;s special?<\/i>\r\n<li>What&#8217;s on the menu?<\/i>\r\n<\/ul>\r\n\r\n<h2>Essen Bestellen<\/h2>\r\nSchlie\u00dflich kann man endlich auf Englisch das <i class=\"text-danger\">Essen bestellen<\/i>. N\u00fctzliche S\u00e4tze dahingehend findest Du im Anschluss.\r\nDenn auch auf Englisch unterscheidet man zwischen Beilagen (side-dish) und Hauptgericht. \r\nEssen bestellen kann man auf Englisch entweder h\u00f6flich mit Fragen, oder man macht klare Ansagen:\r\n<ul class=\"ulpadding\">\r\n<li>I will have the salad.<\/li>\r\n<li>Can I have the Rib-Eye please?<\/li>\r\n<li>I would like the Tofu burger.<\/i>\r\n<li>Can I have potatoes on the side?<\/i>\r\n<\/ul>\r\n<h2>Spezialw\u00fcnsche<\/h2>\r\nWeiterhin hat Mann\/Frau von Welt noch Sonderw\u00fcnschen. Denn nur das Fu\u00dfvolk gibt sich mit der 0815 Ausf\u00fchrung zufrieden. So muss man noch den ein oder anderen Spezialwunsch \u00e4u\u00dfern. Dann kann man seiner Umgebung zu klarmachen, dass man ein echter Kenner ist. Mit diesen <a href=\"https:\/\/www.linguee.de\/deutsch-englisch\/search?source=auto&#038;query=ausdruck\">Ausdr\u00fccken<\/a> bekommst Du auch auf Englisch Deine  <i class=\"text-danger\">Extrawurst<\/i> gebraten. \r\n<ul class=\"ulpadding\">\r\n<li>Waiter, my soup is cold!<\/li>\r\n<li>The wine is not room temperature.<\/li>\r\n<li>Can you bring extra bread please?<\/i>\r\n<li>Can I have noodles instead of fries.<\/i><li>Is this gluten free?<\/i>\r\n<li>Can I have another spoon?<\/i>\r\n\r\n<\/ul>\r\n\r\n<h2>Zahlen<\/h2>\r\nAu\u00dferdem ist nichts im Leben umsonst. Auch wenn Du Dich noch so parkettsicher auf Englisch im Restaurant bewegst. Schlie\u00dflich musst bekommst Du dann doch die <i class=\"text-danger\">Rechnung<\/i> pr\u00e4sentiert.\r\nAu\u00dferdem muss man noch kl\u00e4ren wer zahlt.\r\nN\u00fctzliche Standards um auf Englisch die Rechnung zu verlangen:\r\n\r\n<ul class=\"ulpadding\">\r\n<li>Waiter, check please.<\/li>\r\n<li>Can I have the bill, please?<\/li>\r\n<li>Do you want to go Dutch? (jeder zahlt f\u00fcr sich selber)<\/i>\r\n<li>Do you want to split the bill.<\/i>\r\n<li>That&#8217;s on me.<\/i>\r\n<li>My treat. (Das geht auf mich.)<\/i>\r\n<\/ul><br \/>\r\n<h3>\u00dcbungen:<\/h3>\r\n<div id=\"newContainer\" class=\"container\">\r\n<h3>Klicke auf die richtige Option:<\/h3>\r\n<hr>\r\n\r\n  <h4 id=\"headline\"><\/h4>\r\n  <br>\r\n  \r\n    <div id =\"carda\" class=\"card-body\"><\/div>\r\n  \r\n  <br \/>\r\n  \r\n    <div id=\"cardb\" class=\"card-body\"><\/div>\r\n   <br \/>\r\n  <div class=\"progress\">\r\n  <div id=\"myProgress\">\r\n  <div id=\"progress\"><\/div>\r\n  <\/div><\/div>\r\n  <p id=\"myText\"><\/p>\r\n\r\n\r\n<button id=\"reset4\" class=\"btn-lg btn-danger\"  onclick=\"refreshPage()\">Nochmal<i class=\"fa fa-refresh\" aria-hidden=\"true\"><\/i><\/button>\r\n<br \/><br \/>\r\n<h3>Ziehe die richtige Option in die grauen Felder:<\/h3>\r\n<hr>\r\n<br \/>\r\n<div id=\"supercontainer\">\r\n      <div id=\"answer-container3\">\r\n        <ul id='liste'>\r\n          <li class=\"drop1\" data-id=\"einleitung\">Can I have the menu?<\/li>\r\n          <li class=\"drop1\" data-id=\"marker\">Is this gluten free?<\/li>\r\n          <li class=\"drop1\" data-id=\"reference\">I would like the steak.<\/li>\r\n          <li class=\"drop1\" data-id=\"bye\">Check please!<\/li>\r\n          <li class=\"drop1\" data-id=\"einleitung\">What&#8217;s on the menu?<\/li>\r\n          <li class=\"drop1\" data-id=\"bye\">Want to split the bill?<\/li>\r\n          <li class=\"drop1\" data-id=\"reference\">I want the Tofu.<\/li>\r\n          <li class=\"drop1\" data-id=\"reference\">I will have a salad.<\/li>\r\n          <li class=\"drop1\" data-id=\"bye\">That&#8217;s on me.<\/li>\r\n           <li class=\"drop1\" data-id=\"marker\">Is the wine from France?<\/li>\r\n          <li class=\"drop1\" data-id=\"reference\">What&#8217;s today&#8217;s special?<\/li>\r\n          <li class=\"drop1\" data-id=\"greeting\">I have reserved a table.<\/li>\r\n          <li class=\"drop1\" data-id=\"reference\">I want a cold beer.<\/li>\r\n          <li class=\"drop1\" data-id=\"greeting\">Can we have this table?<\/li>\r\n          <li class=\"drop1\" data-id=\"bye\">Can I have the bill, please?<\/li>\r\n        <\/ul>\r\n      <\/div>\r\n      <div class=\"flexed3\">\r\n        <label>sich hinsetzen\r\n          <div class=\"flexirex2\">\r\n            <ul class='ziel3' id=\"container0\" data-id=\"greeting\"><\/ul>\r\n          <\/div>\r\n        <\/label>\r\n        <label>Speisekarte verlangen\r\n          <div class=\"flexirex2\">\r\n            <ul class='ziel3' id=\"container1\" data-id=\"einleitung\"><\/ul>\r\n          <\/div>\r\n        <\/label>\r\n        <label>Essen bestellen\r\n          <div class=\"flexirex2\">\r\n            <ul class='ziel3' id=\"container2\" data-id=\"reference\"><\/ul>\r\n          <\/div>\r\n        <\/label>\r\n        <label>Sonderw\u00fcnsche\r\n          <div class=\"flexirex2\">\r\n            <ul class='ziel3' id=\"container3\" data-id=\"marker\"><\/ul>\r\n          <\/div>\r\n        <\/label>\r\n        <label>Zahlen\r\n          <div class=\"flexirex2\">\r\n            <ul class='ziel3' id=\"container4\" data-id=\"bye\"><\/ul>\r\n          <\/div>\r\n        <\/label>\r\n      <\/div>\r\n    <\/div>\r\n  <\/div>\r\n  \r\n  <button class=\"btn-success btn-lg\" id=\"submit3\">Pr\u00fcfen<i class=\"fas fa-check\" aria-hidden=\"true\"><\/i>\r\n<\/button> \r\n  <button class=\"btn-info btn-lg\" id=\"ergebnis3\">L\u00f6sungen<i class=\"fa fa-eye\" aria-hidden=\"true\"><\/i>\r\n<\/button> \r\n<button id=\"reset3\" class=\"btn-lg btn-danger\"  onclick=\"refreshPage()\">Nochmal<i class=\"fa fa-refresh\" aria-hidden=\"true\"><\/i><\/button><br \/><br \/>\r\n<h3>Ziehe die richtige Option in die L\u00fccken:<\/h3>\r\n<hr>\r\n<br \/>\r\n<div class = \"container\" id=\"limit\">\r\n<div class=\"container\" id=\"answer-container\">\r\n<ul id=\"answer-container1\">\r\n  <li  class=\"drop\" id=\"3\">today&#8217;s special<\/li>\r\n  <li  class=\"drop\" id=\"6\">Please follow me.<\/li>\r\n  <li  class=\"drop\" id=\"0\">Is it gluten free?<\/li>\r\n  <li  class=\"drop\" id=\"1\">I would rather have<\/li>\r\n  <li  class=\"drop\" id=\"2\">a cold beer<\/li>\r\n  <li  class=\"drop\" id=\"4\">potatoes<\/li>\r\n  <li  class=\"drop\" id=\"5\">menu<\/li>\r\n  <li  class=\"drop\" id=\"7\">I have a table for two.<\/li>\r\n<\/ul>\r\n<\/div><br \/>\r\n<div id=\"test-container\" class=\"flexed1\">\r\n<div class=\"table\">\r\n<div class=\"table-row\">\r\n<div class=\"table-cell border ziel\"id=\"drop0\">\r\n  <ul class=\"ziel1\" ><\/ul>\r\n<\/div><div class=\"table-cell\" id=\"result0\"><\/div>\r\n<div class=\"table-cell\"><\/div>\r\n<\/div>\r\n<div class=\"table-row\">\r\n <div class=\"table-cell border ziel\" id=\"drop1\">\r\n<ul class=\"ziel1\"><\/ul><\/div><div class=\"table-cell\" id=\"result1\"><\/div>\r\n<div class=\"table-cell\">I will get you the<\/div>\r\n<div class=\"table-cell border ziel\" id=\"drop2\">\r\n<ul class=\"ziel1\"><\/ul>\r\n<\/div><div class=\"table-cell\" id=\"result2\"><\/div>\r\n<div class=\"table-cell\"><\/div>\r\n<\/div>\r\n<div class=\"table-row\">\r\n<div class=\"table-cell\">What is<\/div>\r\n<div class=\"table-cell border ziel\" id=\"drop3\">\r\n<ul class=\"ziel1\"><\/ul>\r\n<\/div><div class=\"table-cell\">?<\/div><div class=\"table-cell\" id=\"result3\"><\/div>\r\n<\/div>\r\n<div class=\"table-cell\"><\/div>\r\n<div id=\"result2\"><\/div>\r\n<div class=\"table-row\">\r\n<div class=\"table-cell\">The Tofu Burger with <\/div>\r\n<div class=\"table-cell border ziel\" id=\"drop4\">\r\n<ul class=\"ziel1\" ><\/ul>\r\n<\/div><div class=\"table-cell\" id=\"result4\"><\/div>\r\n<div class=\"table-cell\"> on the side.<\/div>\r\n<\/div>\r\n<div class=\"table-cell\"><\/div>\r\n<div id=\"result3\"><\/div>\r\n<div class=\"table-cell\"><\/div>\r\n<div id=\"result2\"><\/div>\r\n<div class=\"table-row\">\r\n<div class=\"table-cell border ziel\" id=\"drop5\">\r\n<ul class=\"ziel1\" id=\"item5\"><\/ul>\r\n<\/div><div class=\"table-cell\" id=\"result5\"><\/div>\r\n<div class=\"table-cell small\"> the Tomahawk steak.<\/div>\r\n\r\n<div class=\"table-cell\"><\/div>\r\n<\/div>\r\n<div class=\"table-row\">\r\n<div class=\"table-cell border ziel\" id=\"drop6\">\r\n<ul class=\"ziel1\" id=\"item6\" ><\/ul>\r\n<\/div><div class=\"table-cell\" id=\"result6\"><\/div>\r\n<div class=\"table-cell\"> Of course, only the best for you.<\/div>\r\n\r\n<div class=\"table-cell\"><\/div>\r\n<\/div>\r\n<div class=\"table-row\"><div class=\"table-cell\">And<\/div>\r\n<div class=\"table-cell border ziel\" id=\"drop7\"><div class=\"table-cell\"><\/div>\r\n<ul class=\"ziel1\" id=\"item6\" ><\/ul>\r\n<\/div><div class=\"table-cell\" id=\"result7\"><\/div>\r\n<div class=\"table-cell\">, that would be all.<\/div>\r\n\r\n<div class=\"table-cell\"><\/div>\r\n<\/div>\r\n  <\/div>\r\n<\/div>\r\n<\/div>\r\n<hr>\r\n\r\n<div class=\"container\">\r\n<button class=\"btn-success btn-lg\" id=\"submitButton\">Pr\u00fcfen<i class=\"fas fa-check\" aria-hidden=\"true\"><\/i>\r\n<\/button> \r\n<button id=\"resetButton\" class=\"btn-lg btn-danger\"  onclick=\"refreshPage()\">Nochmal<i class=\"fa fa-refresh\" aria-hidden=\"true\"><\/i><\/button>\r\n\r\n\r\n<\/div>\r\n<\/div>\r\n<hr>\r\n<h4>mehr Alltagsenglisch Themen:<\/h4>\r\n<div id=\"bellows-main-77\" class=\"bellows bellows-nojs bellows-main bellows-source-menu bellows-align-full bellows-skin-vanilla bellows-type-\"><ul id=\"menu-alltagsenglisch\" class=\"bellows-nav\" data-bellows-config=\"main\"><li id=\"menu-item-9816\" class=\"bellows-menu-item bellows-menu-item-type-post_type bellows-menu-item-object-page bellows-menu-item-9816 bellows-item-level-0\"><a  href=\"https:\/\/english-munich.de\/training\/englisch-fuer-das-restaurant\/\" class=\"bellows-target\"><span class=\"bellows-target-title bellows-target-text\">\ud83c\udf74Englisch f\u00fcr das Restaurant<\/span><\/a><\/li>\n<li id=\"menu-item-9847\" class=\"bellows-menu-item bellows-menu-item-type-post_type bellows-menu-item-object-page bellows-menu-item-9847 bellows-item-level-0\"><a  href=\"https:\/\/english-munich.de\/training\/sich-vorstellen-englisch\/\" class=\"bellows-target\"><span class=\"bellows-target-title bellows-target-text\">\ud83e\udd1dsich vorstellen auf  Englisch<\/span><\/a><\/li>\n<li id=\"menu-item-9882\" class=\"bellows-menu-item bellows-menu-item-type-post_type bellows-menu-item-object-page bellows-menu-item-9882 bellows-item-level-0\"><a  href=\"https:\/\/english-munich.de\/training\/fuellwoerter-verbindungswoerter-discourse-markers\/\" class=\"bellows-target\"><span class=\"bellows-target-title bellows-target-text\">\ud83d\udd17F\u00fcllw\u00f6rter \u2013 Verbindungsw\u00f6rter<\/span><\/a><\/li>\n<li id=\"menu-item-9928\" class=\"bellows-menu-item bellows-menu-item-type-post_type bellows-menu-item-object-page bellows-menu-item-9928 bellows-item-level-0\"><a  href=\"https:\/\/english-munich.de\/training\/small-talk-englisch\/\" class=\"bellows-target\"><span class=\"bellows-target-title bellows-target-text\">\ud83d\udcacSmall Talk<\/span><\/a><\/li>\n<li id=\"menu-item-9969\" class=\"bellows-menu-item bellows-menu-item-type-post_type bellows-menu-item-object-page bellows-menu-item-9969 bellows-item-level-0\"><a  href=\"https:\/\/english-munich.de\/training\/nach-dem-weg-fragen-englisch\/\" class=\"bellows-target\"><span class=\"bellows-target-title bellows-target-text\">\ud83e\uddednach dem Weg fragen<\/span><\/a><\/li>\n<li id=\"menu-item-10052\" class=\"bellows-menu-item bellows-menu-item-type-post_type bellows-menu-item-object-page bellows-menu-item-10052 bellows-item-level-0\"><a  href=\"https:\/\/english-munich.de\/training\/englisch-bei-der-einreise-in-die-usa\/\" class=\"bellows-target\"><span class=\"bellows-target-title bellows-target-text\">\ud83e\uddf3Englisch bei der Einreise<\/span><\/a><\/li>\n<li id=\"menu-item-10105\" class=\"bellows-menu-item bellows-menu-item-type-post_type bellows-menu-item-object-page bellows-menu-item-10105 bellows-item-level-0\"><a  href=\"https:\/\/english-munich.de\/training\/englisch-beim-arzt\/\" class=\"bellows-target\"><span class=\"bellows-target-title bellows-target-text\">\ud83d\udc68\u200d\u2695\ufe0fEnglisch beim Arzt<\/span><\/a><\/li>\n<li id=\"menu-item-10139\" class=\"bellows-menu-item bellows-menu-item-type-post_type bellows-menu-item-object-page bellows-menu-item-10139 bellows-item-level-0\"><a  href=\"https:\/\/english-munich.de\/training\/englisch-beim-einkaufen\/\" class=\"bellows-target\"><span class=\"bellows-target-title bellows-target-text\">\ud83d\uded2Englisch beim Einkaufen<\/span><\/a><\/li>\n<li id=\"menu-item-10794\" class=\"bellows-menu-item bellows-menu-item-type-post_type bellows-menu-item-object-page bellows-menu-item-has-children bellows-menu-item-10794 bellows-item-level-0\"><a  href=\"https:\/\/english-munich.de\/training\/redewendungen-sprichwoerter\/\" class=\"bellows-target\"><span class=\"bellows-target-title bellows-target-text\">\ud83d\udcacRedewendungen \u2013 Sprichw\u00f6rter<\/span><button class=\"bellows-subtoggle\" aria-label=\"Toggle Submenu\"><i class=\"bellows-subtoggle-icon-expand fa fa-chevron-down\"><\/i><i class=\"bellows-subtoggle-icon-collapse fa fa-chevron-up\"><\/i><\/button><\/a>\n<ul class=\"bellows-submenu\">\n\t<li id=\"menu-item-10545\" class=\"bellows-menu-item bellows-menu-item-type-post_type bellows-menu-item-object-page bellows-menu-item-10545 bellows-item-level-1\"><a  href=\"https:\/\/english-munich.de\/training\/idiomatische-redewendungen-sprichwoerter-englisch-uebungen-tiere\/\" class=\"bellows-target\"><span class=\"bellows-target-title bellows-target-text\">\u2611\ufe0fRedewendungen \u2013 Sprichw\u00f6rter  \u2013 Tiere<\/span><\/a><\/li>\n\t<li id=\"menu-item-10557\" class=\"bellows-menu-item bellows-menu-item-type-post_type bellows-menu-item-object-page bellows-menu-item-10557 bellows-item-level-1\"><a  href=\"https:\/\/english-munich.de\/training\/idiomatische-redewendungen-sprichwoerter-englisch-uebungen-tiere-2\/\" class=\"bellows-target\"><span class=\"bellows-target-title bellows-target-text\">\u2611\ufe0fRedewendungen &#8211; Sprichw\u00f6rter \u2013 Tiere II<\/span><\/a><\/li>\n\t<li id=\"menu-item-10568\" class=\"bellows-menu-item bellows-menu-item-type-post_type bellows-menu-item-object-page bellows-menu-item-10568 bellows-item-level-1\"><a  href=\"https:\/\/english-munich.de\/training\/idiomatische-redewendungen-sprichwoerter-englisch-uebungen-tiere-iii\/\" class=\"bellows-target\"><span class=\"bellows-target-title bellows-target-text\">\u2611\ufe0fRedewendungen &#8211; Sprichw\u00f6rter \u2013 Tiere III<\/span><\/a><\/li>\n\t<li id=\"menu-item-10580\" class=\"bellows-menu-item bellows-menu-item-type-post_type bellows-menu-item-object-page bellows-menu-item-10580 bellows-item-level-1\"><a  href=\"https:\/\/english-munich.de\/training\/idiomatische-redewendungen-sprichwoerter-englisch-uebungen-tiere-3\/\" class=\"bellows-target\"><span class=\"bellows-target-title bellows-target-text\">\u2611\ufe0fRedewendungen &#8211; Sprichw\u00f6rter \u2013 Tiere IV<\/span><\/a><\/li>\n\t<li id=\"menu-item-10596\" class=\"bellows-menu-item bellows-menu-item-type-post_type bellows-menu-item-object-page bellows-menu-item-10596 bellows-item-level-1\"><a  href=\"https:\/\/english-munich.de\/training\/idiomatische-redewendungen-sprichwoerter-englisch-uebungen-tiere-4\/\" class=\"bellows-target\"><span class=\"bellows-target-title bellows-target-text\">\u2611\ufe0fRedewendungen &#8211; Sprichw\u00f6rter \u2013 Tiere V<\/span><\/a><\/li>\n\t<li id=\"menu-item-10605\" class=\"bellows-menu-item bellows-menu-item-type-post_type bellows-menu-item-object-page bellows-menu-item-10605 bellows-item-level-1\"><a  href=\"https:\/\/english-munich.de\/training\/idiomatische-redewendungen-sprichwoerter-englisch-uebungen-tiere-5\/\" class=\"bellows-target\"><span class=\"bellows-target-title bellows-target-text\">\u2611\ufe0fRedewendungen &#8211; Sprichw\u00f6rter \u2013 Tiere VI<\/span><\/a><\/li>\n\t<li id=\"menu-item-10686\" class=\"bellows-menu-item bellows-menu-item-type-post_type bellows-menu-item-object-page bellows-menu-item-10686 bellows-item-level-1\"><a  href=\"https:\/\/english-munich.de\/training\/kreuzwortraestel-redewendungen-tiere-englisch\/\" class=\"bellows-target\"><span class=\"bellows-target-title bellows-target-text\">\ud83d\udd33Kreuzwortr\u00e4stel \u2013 Redewendungen \u2013 Tiere \u2013 Englisch<\/span><\/a><\/li>\n\t<li id=\"menu-item-10685\" class=\"bellows-menu-item bellows-menu-item-type-post_type bellows-menu-item-object-page bellows-menu-item-10685 bellows-item-level-1\"><a  href=\"https:\/\/english-munich.de\/training\/kreuzwortraestel-redewendungen-tiere-englisch-ii\/\" class=\"bellows-target\"><span class=\"bellows-target-title bellows-target-text\">\ud83d\udd33Kreuzwortr\u00e4stel \u2013 Redewendungen \u2013 Tiere \u2013 Englisch II<\/span><\/a><\/li>\n\t<li id=\"menu-item-10684\" class=\"bellows-menu-item bellows-menu-item-type-post_type bellows-menu-item-object-page bellows-menu-item-10684 bellows-item-level-1\"><a  href=\"https:\/\/english-munich.de\/training\/kreuzwortraestel-redewendungen-tiere-englisch-iii\/\" class=\"bellows-target\"><span class=\"bellows-target-title bellows-target-text\">\ud83d\udd33Kreuzwortr\u00e4stel \u2013 Redewendungen \u2013 Tiere \u2013 Englisch III<\/span><\/a><\/li>\n\t<li id=\"menu-item-10612\" class=\"bellows-menu-item bellows-menu-item-type-post_type bellows-menu-item-object-page bellows-menu-item-10612 bellows-item-level-1\"><a  href=\"https:\/\/english-munich.de\/training\/matching-game-idiomatische-redewendungen-sprichwoerter-tiere\/\" class=\"bellows-target\"><span class=\"bellows-target-title bellows-target-text\">\ud83e\udde6Matching game \u2013 Redewendungen  \/ Sprichw\u00f6rter \u2013 Tiere<\/span><\/a><\/li>\n\t<li id=\"menu-item-10626\" class=\"bellows-menu-item bellows-menu-item-type-post_type bellows-menu-item-object-page bellows-menu-item-10626 bellows-item-level-1\"><a  href=\"https:\/\/english-munich.de\/training\/idiomatische-redewendungen-sprichwoerter-englisch-uebungen-werkzeuge\/\" class=\"bellows-target\"><span class=\"bellows-target-title bellows-target-text\">\u2611\ufe0fRedewendungen &#8211; Sprichw\u00f6rter \u2013 Werkzeuge I<\/span><\/a><\/li>\n\t<li id=\"menu-item-10636\" class=\"bellows-menu-item bellows-menu-item-type-post_type bellows-menu-item-object-page bellows-menu-item-10636 bellows-item-level-1\"><a  href=\"https:\/\/english-munich.de\/training\/idiomatische-redewendungen-sprichwoerter-englisch-uebungen-werkzeuge-2\/\" class=\"bellows-target\"><span class=\"bellows-target-title bellows-target-text\">\u2611\ufe0fRedewendungen &#8211; Sprichw\u00f6rter \u2013 Werkzeuge II<\/span><\/a><\/li>\n\t<li id=\"menu-item-10653\" class=\"bellows-menu-item bellows-menu-item-type-post_type bellows-menu-item-object-page bellows-menu-item-10653 bellows-item-level-1\"><a  href=\"https:\/\/english-munich.de\/training\/idiomatische-redewendungen-sprichwoerter-englisch-uebungen-werkzeuge-3\/\" class=\"bellows-target\"><span class=\"bellows-target-title bellows-target-text\">\u2611\ufe0fRedewendungen &#8211; Sprichw\u00f6rter \u2013 Werkzeuge III<\/span><\/a><\/li>\n\t<li id=\"menu-item-10671\" class=\"bellows-menu-item bellows-menu-item-type-post_type bellows-menu-item-object-page bellows-menu-item-10671 bellows-item-level-1\"><a  href=\"https:\/\/english-munich.de\/training\/idiomatische-redewendungen-sprichwoerter-englisch-uebungen-werkzeuge-4\/\" class=\"bellows-target\"><span class=\"bellows-target-title bellows-target-text\">\u2611\ufe0fRedewendungen &#8211; Sprichw\u00f6rter \u2013 Werkzeuge IV<\/span><\/a><\/li>\n\t<li id=\"menu-item-10721\" class=\"bellows-menu-item bellows-menu-item-type-post_type bellows-menu-item-object-page bellows-menu-item-10721 bellows-item-level-1\"><a  href=\"https:\/\/english-munich.de\/training\/idiomatische-redewendungen-sprichwoerter-englisch-uebungen-werkzeuge-5\/\" class=\"bellows-target\"><span class=\"bellows-target-title bellows-target-text\">\u2611\ufe0fRedewendungen &#8211; Sprichw\u00f6rter \u2013 Werkzeuge V<\/span><\/a><\/li>\n\t<li id=\"menu-item-10736\" class=\"bellows-menu-item bellows-menu-item-type-post_type bellows-menu-item-object-page bellows-menu-item-10736 bellows-item-level-1\"><a  href=\"https:\/\/english-munich.de\/training\/idiomatische-redewendungen-sprichwoerter-englisch-uebungen-werkzeuge-6\/\" class=\"bellows-target\"><span class=\"bellows-target-title bellows-target-text\">\u2611\ufe0fRedewendungen &#8211; Sprichw\u00f6rter \u2013 Werkzeuge VI<\/span><\/a><\/li>\n\t<li id=\"menu-item-10746\" class=\"bellows-menu-item bellows-menu-item-type-post_type bellows-menu-item-object-page bellows-menu-item-10746 bellows-item-level-1\"><a  href=\"https:\/\/english-munich.de\/training\/kreuzwortraestel-redewendungen-werkzeuge-englisch-3\/\" class=\"bellows-target\"><span class=\"bellows-target-title bellows-target-text\">\ud83d\udd33Kreuzwortr\u00e4stel &#8211; Redewendungen \u2013 Werkzeuge  \u2013 Englisch<\/span><\/a><\/li>\n\t<li id=\"menu-item-10747\" class=\"bellows-menu-item bellows-menu-item-type-post_type bellows-menu-item-object-page bellows-menu-item-10747 bellows-item-level-1\"><a  href=\"https:\/\/english-munich.de\/training\/kreuzwortraestel-redewendungen-werkzeuge-englisch-2\/\" class=\"bellows-target\"><span class=\"bellows-target-title bellows-target-text\">\ud83d\udd33Kreuzwortr\u00e4stel &#8211; Redewendungen \u2013 Werkzeuge \u2013 Englisch II<\/span><\/a><\/li>\n\t<li id=\"menu-item-10748\" class=\"bellows-menu-item bellows-menu-item-type-post_type bellows-menu-item-object-page bellows-menu-item-10748 bellows-item-level-1\"><a  href=\"https:\/\/english-munich.de\/training\/kreuzwortraestel-redewendungen-werkzeuge-englisch\/\" class=\"bellows-target\"><span class=\"bellows-target-title bellows-target-text\">\ud83d\udd33Kreuzwortr\u00e4stel- Redewendungen \u2013 Werkzeuge \u2013 Englisch III<\/span><\/a><\/li>\n\t<li id=\"menu-item-10784\" class=\"bellows-menu-item bellows-menu-item-type-post_type bellows-menu-item-object-page bellows-menu-item-10784 bellows-item-level-1\"><a  href=\"https:\/\/english-munich.de\/training\/matching-game-idiomatische-redewendungen-sprichwoerter-werkzeug\/\" class=\"bellows-target\"><span class=\"bellows-target-title bellows-target-text\">\ud83e\udde6Matching game \u2013 Redewendungen  \/ Sprichw\u00f6rter \u2013 Werkzeug<\/span><\/a><\/li>\n<\/ul>\n<\/li>\n<\/ul><\/div>\r\n<hr>","protected":false},"excerpt":{"rendered":"Englisch f\u00fcr das Restaurant \u00d7 Close Alltagsenglisch &#8211; Englisch f\u00fcr das Restaurant Sein Essen im Urlaub auf Englisch zu bestellen, kann schon mal zur Herausforderung werden. Kennt man aber die relevanten S\u00e4tze und Begriffe, bestellt man im Restaurant auf Englisch genauso souver\u00e4n wie auf Deutsch. Flie\u00dfendes Englisch im Restaurant ist f\u00fcr den gebildeten Kosmopoliten von [&hellip;]","protected":false},"author":3,"featured_media":0,"parent":0,"menu_order":0,"comment_status":"closed","ping_status":"closed","template":"","meta":[],"_links":{"self":[{"href":"https:\/\/english-munich.de\/training\/wp-json\/wp\/v2\/pages\/9802"}],"collection":[{"href":"https:\/\/english-munich.de\/training\/wp-json\/wp\/v2\/pages"}],"about":[{"href":"https:\/\/english-munich.de\/training\/wp-json\/wp\/v2\/types\/page"}],"author":[{"embeddable":true,"href":"https:\/\/english-munich.de\/training\/wp-json\/wp\/v2\/users\/3"}],"replies":[{"embeddable":true,"href":"https:\/\/english-munich.de\/training\/wp-json\/wp\/v2\/comments?post=9802"}],"version-history":[{"count":10,"href":"https:\/\/english-munich.de\/training\/wp-json\/wp\/v2\/pages\/9802\/revisions"}],"predecessor-version":[{"id":9978,"href":"https:\/\/english-munich.de\/training\/wp-json\/wp\/v2\/pages\/9802\/revisions\/9978"}],"wp:attachment":[{"href":"https:\/\/english-munich.de\/training\/wp-json\/wp\/v2\/media?parent=9802"}],"curies":[{"name":"wp","href":"https:\/\/api.w.org\/{rel}","templated":true}]}}