{"id":9139,"date":"2021-04-16T08:52:37","date_gmt":"2021-04-16T08:52:37","guid":{"rendered":"https:\/\/english-munich.de\/training\/?page_id=9139"},"modified":"2021-05-05T13:10:44","modified_gmt":"2021-05-05T13:10:44","slug":"learn-study-teach-unterschied-2","status":"publish","type":"page","link":"https:\/\/english-munich.de\/training\/learn-study-teach-unterschied-2\/","title":{"rendered":"learn &#8211; study &#8211; teach &#8211; Unterschied"},"content":{"rendered":"<span><span><a href=\"https:\/\/english-munich.de\/training\/\">Home<\/a><\/span>\r\n<div class=\"jumbotron text-center\">\r\n<h2>learn &#8211; study &#8211; teach Unterschied<\/h2>\r\n\u00dcbungen zum Unterschied von learn &#8211; study &#8211; teach\r\n\r\n<\/div>\r\n<div class=\"bs-example\">\r\n<div class=\"accordion\" id=\"accordionExample\">\r\n<div class=\"card\">\r\n<div class=\"card-header\" id=\"headingOne\">\r\n<h2 class=\"mb-0\" style=\"color:#000\">\r\n                    <button type=\"button\" class=\"btn btn-link collapsed\" data-toggle=\"collapse\" data-target=\"#collapseOne\">Beispiel<\/button><\/h2>\r\n<\/div>\r\n<div id=\"collapseOne\" class=\"collapse\" aria-labelledby=\"headingOne\" data-parent=\"#accordionExample\">\r\n<div class=\"card-body\">\r\n<div class=\"form\">\r\n\r\n<b><span class=\"number\">\u24ff<\/span><\/b>John wants to <input type=\"text\" class=\"form-control\" id=\"panel-beispiel\" disabled=\"\" value=\"learn\"> how to program.\r\n<br \/>\r\nDie richtige L\u00f6sung ist: <b>learn<\/b>&nbsp;&nbsp;<button class=\"btn-lg btn-info\" type=\"button\" data-toggle=\"modal\" data-target=\"#myModal\">Tipp<\/button>\r\n\r\n<\/div>\r\n<\/div>\r\n<\/div>\r\n<\/div>\r\n<\/div>\r\n<br \/><br \/>\r\n<div class=\"container well\">\r\n<h4>\u270d\ufe0f F\u00fclle die richtige Option in die L\u00fccke w\u00e4hle entweder <b>learn, study<\/b> oder <b>teach<\/b>  in die L\u00fccken:<\/h4>\r\n\r\n<hr>\r\n\r\n<div class=\"container\">\r\n<b><span class=\"number\">\u2776<\/span><\/b>Gerlinde wants to <input type=\"text\" class=\"form-control\" id=\"q0\" autocomplete=\"off\"> how to speak English.\r\n<div class=\"row\">\r\n<div>\r\n<p id=\"correct0\" align=\"left\"><\/p>\r\n\r\n<\/div>\r\n<div>\r\n<a button=\"\" class=\"btn btn-success tipp0 hidden\" href=\"#1\" title=\"Gerlinde wants to learn...\" data-toggle=\"popover\" data-placement=\"top\" data-trigger=\"hover\" style=\"text-decoration: none; color:white;\" data-content=\"'learn' bezieht sich hier auf das Erlernen einer praktischen F\u00e4higkeit \u2794 'learn  how to speak English'.\">Tipp<\/a><\/div>\r\n<\/div>\r\n<b><span class=\"number\">\u2777<\/span><\/b>Can you <input type=\"text\" class=\"form-control\" id=\"q1\" autocomplete=\"off\"> me how to speak Spanish.\r\n<div class=\"row\">\r\n<div>\r\n<p id=\"correct1\" align=\"left\"><\/p>\r\n\r\n<\/div>\r\n<div>\r\n<a button=\"\" class=\"btn btn-success tipp1 hidden\" href=\"#2\" title=\"Can you teach me....\" data-toggle=\"popover\" data-placement=\"top\" data-trigger=\"hover\" style=\"text-decoration: none; color:white;\" data-content=\"'teach' hei\u00dft hier 'lehren' und bezieht sich auf das Vermitteln einer F\u00e4higkeit \u2794 'speak Spanish'\">Tipp<\/a><\/div>\r\n<\/div>\r\n<b><span class=\"number\">\u2778<\/span><\/b>Shut up! I need to <input type=\"text\" class=\"form-control\" id=\"q2\" autocomplete=\"off\"> for the exam.\r\n<div class=\"row\">\r\n<div>\r\n<p id=\"correct2\" align=\"left\"><\/p>\r\n\r\n<\/div>\r\n<div>\r\n<a button=\"\" class=\"btn btn-success tipp2 hidden\" align=\"left\" aria-hidden=\"true\" href=\"#3\" title=\"...I need to study for the exam...\" data-toggle=\"popover\" data-placement=\"top\" data-trigger=\"hover\" style=\"text-decoration: none, color:white\" data-content=\"'study' bezieht sich auf des Erlernen von theoretischem Wissen.\">Tipp<\/a><\/div>\r\n<\/div>\r\n<span class=\"number\">\u2779<\/span>For the future you need to <input type=\"text\" class=\"form-control\" id=\"q3\" autocomplete=\"off\">some practical skills.\r\n<div class=\"row\">\r\n<div>\r\n<p id=\"correct3\" align=\"left\"><\/p>\r\n\r\n<\/div>\r\n<div>\r\n<a button=\"\" class=\"btn btn-success tipp3 hidden\" aria-hidden=\"true\" href=\"#4\" title=\"...learn some practical skills...\" data-toggle=\"popover\" data-placement=\"top\" data-trigger=\"hover\" style=\"text-decoration: none, color:white\" data-content=\"'learn' bezieht sich auf das Erlernen einer praktischen F\u00e4higkeit. \u2794 'some practical skills'.\">Tipp<\/a><\/div>\r\n<\/div>\r\n<b><span class=\"number\">\u277a<\/span><\/b> Let me <input type=\"text\" class=\"form-control\" id=\"q4\" autocomplete=\"off\"> you how to play football.\r\n<div class=\"row\">\r\n<div>\r\n<p id=\"correct4\" align=\"left\"><\/p>\r\n\r\n<\/div>\r\n<div>\r\n<a button=\"\" class=\"btn btn-success tipp4 hidden\" aria-hidden=\"true\" href=\"#5\" title=\"Let me teach you...\" data-toggle=\"popover\" data-placement=\"top\" data-trigger=\"hover\" style=\"text-decoration: none, color:white\" data-content=\"'teach' hei\u00dft hier 'lehren' und bezieht sich auf das Vermitteln einer F\u00e4higkeit \u2794 'play football'.\">Tipp<\/a><\/div>\r\n<\/div>\r\n<b><span class=\"number\">\u277b<\/span><\/b>He wants to <input type=\"text\" class=\"form-control\" id=\"q5\" autocomplete=\"off\"> law at night school.\r\n<div class=\"row\">\r\n<div>\r\n<p id=\"correct5\" align=\"left\"><\/p>\r\n\r\n<\/div>\r\n<div>\r\n<a button=\"\" class=\"btn btn-success tipp5 hidden\" aria-hidden=\"true\" href=\"#6\" title=\"He wants to study law at night school...\" data-toggle=\"popover\" data-placement=\"top\" data-trigger=\"hover\" style=\"text-decoration: none, color:white\" data-content=\"'study' bezieht sich auf des Erlernen von theoretischem Wissen \u2794 'law'.\">Tipp<\/a><\/div>\r\n<\/div>\r\n<b><span class=\"number\">\u277c<\/span><\/b>To be successful you have to <input type=\"text\" class=\"form-control\" id=\"q6\" autocomplete=\"off\"> some real life skills.\r\n<div class=\"row\">\r\n<div>\r\n<p id=\"correct6\" align=\"left\"><\/p>\r\n\r\n<\/div>\r\n<div>\r\n<a button=\"\" class=\"btn btn-success tipp6 hidden\" aria-hidden=\"true\" href=\"#7\" title=\"You  have to learn...\" data-toggle=\"popover\" data-placement=\"top\" data-trigger=\"hover\" style=\"text-decoration: none, color:white\" data-content=\"'learn' bezieht sich auf das Erlernen einer F\u00e4higkeit. \u2794 'some real life skills'.\">Tipp<\/a><\/div>\r\n<\/div>\r\n<b><span class=\"number\">\u277d<\/span><\/b>I want to   <input type=\"text\" class=\"form-control\" id=\"q7\" autocomplete=\"off\"> for a higher education.\r\n<div class=\"row\">\r\n<div>\r\n<p id=\"correct7\" align=\"left\"><\/p>\r\n\r\n<\/div>\r\n<div>\r\n<a button=\"\" class=\"btn btn-success tipp7 hidden\" href=\"#8\" title=\"I want to study...\" data-toggle=\"popover\" data-placement=\"top\" data-trigger=\"hover\" style=\"text-decoration: none, color:white\" data-content=\"'study' bezieht sich auf des Erlernen von theoretischem Wissen \u2794 'a higher education'. \">Tipp<\/a><\/div>\r\n<\/div>\r\n<b><span class=\"number\">\u277e<\/span><\/b> Can you   <input type=\"text\" class=\"form-control\" id=\"q8\" autocomplete=\"off\"> me the rules.\r\n<div class=\"row\">\r\n<div>\r\n<p id=\"correct8\" align=\"left\"><\/p>\r\n\r\n<\/div>\r\n<div>\r\n<a button=\"\" class=\"btn btn-success tipp8 hidden\" href=\"#9\" title=\"Can you teach me...\" data-toggle=\"popover\" data-placement=\"top\" data-trigger=\"hover\" style=\"text-decoration: none, color:white\" data-content=\"'teach' hei\u00dft hier 'lehren' und bezieht sich auf das Vermitteln von theoretischem Wissen \u2794 'rules'.\">Tipp<\/a><\/div>\r\n<\/div>\r\n<b><span class=\"number\">\u277f<\/span><\/b>People today need to <input type=\"text\" class=\"form-control\" id=\"q9\" autocomplete=\"off\"> modesty.\r\n<div class=\"row\">\r\n<div>\r\n<p id=\"correct9\" align=\"left\"><\/p>\r\n\r\n<\/div>\r\n<div>\r\n<a button=\"\" class=\"btn btn-success tipp9 hidden\" href=\"#10\" title=\"need to learn...\" data-toggle=\"popover\" data-placement=\"top\" data-trigger=\"hover\" style=\"text-decoration: none, color:white\" data-content=\"'learn' hei\u00dft hier 'lernen' und bezieht sich auf das Erlernen einer F\u00e4higkeit \u2794 'modesty'.\">Tipp<\/a><\/div>\r\n<\/div>\r\n<\/div>\r\n\r\n\r\n<!-- The Modal -->\r\n<div id=\"myModal\" class=\"modal\">\r\n<div class=\"modal-dialog\">\r\n<div class=\"modal-content\">\r\n\r\n<!-- Modal Header -->\r\n<div class=\"modal-header\">\r\n<h4 class=\"modal-title\">learn &#8211; study &#8211; teach &#8211; Unterschied<\/h4>\r\n<button class=\"close\" type=\"button\" data-dismiss=\"modal\">\u00d7<\/button>\r\n\r\n<\/div>\r\n<!-- Modal body -->\r\n<div class=\"modal-body\"><table class=\"table table-bordered table-sm table-hover\">\r\n<thead>\r\n<tr class=\"table-danger\">\r\n<th colspan=\"2\">learn, study, teach &#8211; Unterschied<\/th>\r\n<\/tr>\r\n<\/thead>\r\n<tbody>\r\n<tr class=\"table-success\">\r\n<td colspan=\"2\"><b>study &#8211; studieren, lernen<\/b><\/td>\r\n<\/tr>\r\n<tr class=\"table-primary\">\r\n<td colspan=\"2\"><b>study kann sich auf &#8217;studieren&#8216; im Sinne eines Universit\u00e4tsstudiums beziehen:<\/b><\/td>\r\n<\/tr>\r\n<tr class=\"table-info\">\r\n<td colspan=\"2\"><b>He is studying medicine. \/ Er studiert Medizin.<\/b><\/td>\r\n<\/tr>\r\n<tr class=\"table-primary\">\r\n<td colspan=\"2\"><b>study kann sich auch auf &#8218;lernen&#8216; im Sinne von Wissensaufnahme beziehen:<\/b><\/td>\r\n<\/tr>\r\n<tr class=\"table-info\">\r\n<td colspan=\"2\"><b>He is studying for a test. \/ Er lernt auf einen Test.<\/b><\/td>\r\n<\/tr>\r\n<tr class=\"table-success\">\r\n<td colspan=\"2\"><b>learn &#8211;  lernen<\/b><\/td>\r\n<\/tr>\r\n<tr class=\"table-primary\">\r\n<td colspan=\"2\"><b>learn bezieht sich auf &#8218;lernen&#8216; im Sinne des Erlernens einer F\u00e4higkeit :<\/b><\/td>\r\n<\/tr>\r\n<tr class=\"table-info\">\r\n<td colspan=\"2\"><b>He is learning how to windsurf. \/ Er lernt Windsurfen.<\/b><\/td>\r\n<\/tr>\r\n<tr class=\"table-success\">\r\n<td colspan=\"2\"><b>teach &#8211;  lehren, unterrichten, beibringen<\/b><\/td>\r\n<\/tr>\r\n<tr class=\"table-primary\">\r\n<td colspan=\"2\"><b>teach bezieht sich auf &#8218;lehren&#8216; im Sinne des Vermittlens von Wissen oder einer F\u00e4higkeit:<\/b><\/td>\r\n<\/tr>\r\n<tr class=\"table-info\">\r\n<td colspan=\"2\"><b>He is teaching my Spanish. \/ Er brint mir Spanisch bei.<\/b><\/td>\r\n<\/tr>\r\n\r\n<\/tbody>\r\n<\/table><\/div>\r\n<!-- Modal footer -->\r\n<div class=\"modal-footer\"><button class=\"btn btn-danger\" type=\"button\" data-dismiss=\"modal\">Close<\/button><\/div>\r\n<\/div>\r\n<\/div>\r\n<\/div>\r\n<\/div>\r\n\r\n<div class=\"container\">\r\n\r\n<hr>\r\n\r\n<button id=\"submitButton\" class=\"btn-lg btn-primary \" type=\"submit\" value=\"submit\">Pr\u00fcfen<\/button><button id=\"resetButton\" class=\"btn-lg btn-success\" type=\"submit\" onclick=\"refreshPage()\">Neustart<\/button><button id=\"submitButton\" class=\"btn-lg btn-info\" type=\"button\" value=\"submit\" data-toggle=\"modal\" data-target=\"#myModal\">Tipp<\/button>\r\n\r\n<hr>\r\n\r\n\r\n<p id=\"result\"><\/p>\r\n<p id=\"result2\"><\/p>\r\n<b><\/b>\r\n<h3> Alle \u00dcbungen zum Unterschied von teach, learn, study:<\/h3>\r\n<hr>\r\n<div id=\"bellows-main-75\" class=\"bellows bellows-nojs bellows-main bellows-source-menu bellows-align-full bellows-skin-vanilla bellows-type-\"><ul id=\"menu-teach-learn-study\" class=\"bellows-nav\" data-bellows-config=\"main\"><li id=\"menu-item-9157\" class=\"bellows-menu-item bellows-menu-item-type-post_type bellows-menu-item-object-page bellows-menu-item-9157 bellows-item-level-0\"><a  href=\"https:\/\/english-munich.de\/training\/study-learn-unterschied\/\" class=\"bellows-target\"><span class=\"bellows-target-title bellows-target-text\">\ud83d\uddb1\ufe0fstudy, learn, teach &#8211; Unterschied<\/span><\/a><\/li>\n<li id=\"menu-item-9156\" class=\"bellows-menu-item bellows-menu-item-type-post_type bellows-menu-item-object-page bellows-menu-item-9156 bellows-item-level-0\"><a  href=\"https:\/\/english-munich.de\/training\/learn-study-teach-unterschied\/\" class=\"bellows-target\"><span class=\"bellows-target-title bellows-target-text\">\u2611\ufe0fstudy, learn, teach &#8211; Unterschied<\/span><\/a><\/li>\n<li id=\"menu-item-9155\" class=\"bellows-menu-item bellows-menu-item-type-post_type bellows-menu-item-object-page bellows-menu-item-9155 bellows-item-level-0\"><a  href=\"https:\/\/english-munich.de\/training\/learn-study-teach-unterschied-2\/\" class=\"bellows-target\"><span class=\"bellows-target-title bellows-target-text\">\u270d\ufe0fstudy, learn, teach &#8211; Unterschied<\/span><\/a><\/li>\n<\/ul><\/div>\r\n<\/div>\r\n<\/div>","protected":false},"excerpt":{"rendered":"learn &#8211; study &#8211; teach Unterschied \u00dcbungen zum Unterschied von learn &#8211; study &#8211; teach Beispiel \u24ffJohn wants to how to program. Die richtige L\u00f6sung ist: learn&nbsp;&nbsp;Tipp \u270d\ufe0f F\u00fclle die richtige Option in die L\u00fccke w\u00e4hle entweder learn, study oder teach in die L\u00fccken: \u2776Gerlinde wants to how to speak English. Tipp \u2777Can you me [&hellip;]","protected":false},"author":3,"featured_media":0,"parent":0,"menu_order":0,"comment_status":"closed","ping_status":"closed","template":"","meta":[],"_links":{"self":[{"href":"https:\/\/english-munich.de\/training\/wp-json\/wp\/v2\/pages\/9139"}],"collection":[{"href":"https:\/\/english-munich.de\/training\/wp-json\/wp\/v2\/pages"}],"about":[{"href":"https:\/\/english-munich.de\/training\/wp-json\/wp\/v2\/types\/page"}],"author":[{"embeddable":true,"href":"https:\/\/english-munich.de\/training\/wp-json\/wp\/v2\/users\/3"}],"replies":[{"embeddable":true,"href":"https:\/\/english-munich.de\/training\/wp-json\/wp\/v2\/comments?post=9139"}],"version-history":[{"count":16,"href":"https:\/\/english-munich.de\/training\/wp-json\/wp\/v2\/pages\/9139\/revisions"}],"predecessor-version":[{"id":9751,"href":"https:\/\/english-munich.de\/training\/wp-json\/wp\/v2\/pages\/9139\/revisions\/9751"}],"wp:attachment":[{"href":"https:\/\/english-munich.de\/training\/wp-json\/wp\/v2\/media?parent=9139"}],"curies":[{"name":"wp","href":"https:\/\/api.w.org\/{rel}","templated":true}]}}