{"id":9077,"date":"2021-04-13T06:53:02","date_gmt":"2021-04-13T06:53:02","guid":{"rendered":"https:\/\/english-munich.de\/training\/?page_id=9077"},"modified":"2022-06-29T18:59:38","modified_gmt":"2022-06-29T18:59:38","slug":"demonstrativpronomen-englisch","status":"publish","type":"page","link":"https:\/\/english-munich.de\/training\/demonstrativpronomen-englisch\/","title":{"rendered":"Demonstrativpronomen Englisch"},"content":{"rendered":"<div class=\"container well\">\r\n<h2>Demonstrativponomen &#8211; this,that \/these, those &#8211; \u00dcbungen und Erkl\u00e4rungen<\/h2>\r\n<hr>\r\n<h2>Demonstrativpronomen Englisch &#8211; \u00dcbungen<\/h2>\r\n<div id=\"bellows-main-74\" class=\"bellows bellows-nojs bellows-main bellows-source-menu bellows-align-full bellows-skin-vanilla bellows-type-\"><ul id=\"menu-demonstrativpronomen\" class=\"bellows-nav\" data-bellows-config=\"main\"><li id=\"menu-item-9072\" class=\"bellows-menu-item bellows-menu-item-type-post_type bellows-menu-item-object-page bellows-menu-item-9072 bellows-item-level-0\"><a  href=\"https:\/\/english-munich.de\/training\/demonstrativpronomen-this-that-these-those\/\" class=\"bellows-target\"><span class=\"bellows-target-title bellows-target-text\">\ud83d\uddb1\ufe0fDemonstrativpronomen \u2013 this \u2013 that \u2013 these \u2013 those<\/span><\/a><\/li>\n<li id=\"menu-item-9071\" class=\"bellows-menu-item bellows-menu-item-type-post_type bellows-menu-item-object-page bellows-menu-item-9071 bellows-item-level-0\"><a  href=\"https:\/\/english-munich.de\/training\/demonstrativpronomen-this-that-these-those-2\/\" class=\"bellows-target\"><span class=\"bellows-target-title bellows-target-text\">\u2611\ufe0fDemonstrativpronomen \u2013 this, that \/ these \/those<\/span><\/a><\/li>\n<li id=\"menu-item-9070\" class=\"bellows-menu-item bellows-menu-item-type-post_type bellows-menu-item-object-page bellows-menu-item-9070 bellows-item-level-0\"><a  href=\"https:\/\/english-munich.de\/training\/demonstrativpronomen-this-that-these-those-3\/\" class=\"bellows-target\"><span class=\"bellows-target-title bellows-target-text\">\u270d\ufe0fDemonstrativpronomen -this,that \/ these, those<\/span><\/a><\/li>\n<\/ul><\/div>\r\n<h2>Demonstrativpronomen Englisch &#8211; Erkl\u00e4rungen<\/h2>\r\nDie englische Sprache unterscheidet das Demonstrativpronomen in <i class=\"text-danger\">zwei<\/i> Kategorien:<br \/>\r\n1. <i class=\"text-danger\">this, these<\/i> f\u00fcr Dinge oder Personen, die in der N\u00e4he sind.\r\nein typisches Signalwort in diesem Zusammenhang w\u00e4re: <i class=\"text-danger\">here<\/i>.<br \/>\r\n<b>zum Beispiel:<\/b><br \/>\r\nI want to buy <i class=\"text-danger\">this<\/i> shirt <i class=\"text-danger\">here<\/i>.<br \/>\r\nI want to try on <i class=\"text-danger\">these<\/i> pants <i class=\"text-danger\">here<\/i>.<br \/>\r\noder:<br \/>\r\n2. <i class=\"text-danger\">that, those<\/i>f\u00fcr Dinge oder Personen, die sich in einiger Distanz befinden.\r\nEin typisches Signalwort in diesem Zusammenhang w\u00e4re: <i class=\"text-danger\">over there<\/i>.<br \/>\r\n<b>zum Beispiel:<\/b><br \/>\r\nDo you see  <i class=\"text-danger\">that<\/i> boy over <i class=\"text-danger\">there<\/i>.<br \/>\r\nLook at  <i class=\"text-danger\">those<\/i> birds up <i class=\"text-danger\">there<\/i>.<br \/><br \/>\r\n\r\n<div class=\"iframe-container\">\r\n<iframe loading=\"lazy\" width=\"560\" height=\"315\" src=\"https:\/\/www.youtube.com\/embed\/6AvFsRyNsr0\" title=\"YouTube video player\" frameborder=\"0\" allow=\"accelerometer; autoplay; clipboard-write; encrypted-media; gyroscope; picture-in-picture\" allowfullscreen><\/iframe><\/div><br \/><br \/>\r\n\r\nDiese Unterscheidung bezieht sich nicht nur auf eine  <i class=\"text-danger\">r\u00e4umliche<\/i> Distanz, sondern kann auch auf eine  <i class=\"text-danger\">zeitliche<\/i> angewendet werden. Das hei\u00dft auf Dinge die sich vor nicht allzu langer Zeit abgespielt haben. Oder Dinge die in ferner Vergangenheit passiert sind.<br \/>\r\n1. <i class=\"text-danger\">this, these<\/i> f\u00fcr Ereignisse, die in der Gegenwart oder in der unmittelbaren Vergangenheit geschehen sind.<br \/>\r\nEin typisches Signalwort in diesem Zusammenhang w\u00e4re: <i class=\"text-danger\">just<\/i>.<br \/>\r\n<b>zum Beispiel:<\/b><br \/>\r\nJust <i class=\"text-danger\">this<\/i> morning I saw Emma.<br \/>\r\nYou can&#8217;t trust people any more<i class=\"text-danger\">these<\/i> days.<br \/>\r\noder:<br \/>\r\n2. <i class=\"text-danger\">that, those<\/i>f\u00fcr Ereignisse, die in der fernen Vergangenheit passiert sind.\r\nein typisches Signalwort in diesem Zusammenhang w\u00e4re: <i class=\"text-danger\">when<\/i>.<br \/>\r\n<b>zum Beispiel:<\/b><br \/>\r\nIt was on  <i class=\"text-danger\">that<\/i> day <i class=\"text-danger\">when<\/i> the war ended.<br \/>\r\nIn   <i class=\"text-danger\">those <\/i> days we went to school barefoot.<br \/><br \/>\r\n\r\nAu\u00dferdem kannst Du durch den Gebrauch von <i class=\"text-danger\">that<\/i> bzw. <i class=\"text-danger\">those<\/i> eine emotionale Distanz zum Ausdruck bringen.<br \/>\r\n<b>zum Beispiel:<\/b><br \/>\r\n<i class=\"text-danger\">Those<\/i> people are very loud.<br \/>\r\n<i class=\"text-danger\">That<\/i> man is really badly dressed.<br \/><br \/>\r\n\r\n\r\n<div class=\"modal-body\"><table class=\"table table-bordered table-sm table-hover\">\r\n<thead>\r\n<tr class=\"table-danger\">\r\n<th colspan=\"2\">this &#8211; that &#8211; these &#8211; those &#8211; Unterschied<\/th>\r\n<\/tr>\r\n<\/thead>\r\n<tbody>\r\n<tr class=\"table-success\">\r\n<td colspan=\"2\"><b>this &#8211; these<\/b><\/td>\r\n<\/tr>\r\n<tr class=\"table-info\">\r\n<td colspan=\"2\"><b>unmittelbare N\u00e4he (Ort), oder k\u00fcrzlich geschehen (Zeit).<\/b><\/td>\r\n<\/tr>\r\n<tr class=\"table-primary\">\r\n<td><b>Einzahl<\/td><td><b>Mehrzahl<\/b><\/td>\r\n<\/tr>\r\n<tr class=\"table-info\">\r\n<td><b>I want to try <i class=\"text-danger\">this<\/i> shirt.<\/b><\/td><td><b><i class=\"text-danger\">These<\/i> days I am feeling mighty strange.<\/b><\/td>\r\n<\/tr>\r\n<tr class=\"table-success\">\r\n<td colspan=\"2\"><b>that &#8211; those<\/b><\/td>\r\n<\/tr>\r\n<tr class=\"table-info\">\r\n<td colspan=\"2\"><b>r\u00e4umlich oder zeitlich distanziert<\/b><\/td>\r\n<\/tr>\r\n<tr class=\"table-primary\">\r\n<td><b>Einzahl<\/td><td><b>Mehrzahl<\/b><\/td>\r\n<\/tr>\r\n<tr class=\"table-info\">\r\n<td><b><i class=\"text-danger\">That<\/i> man over there looks strange.<\/b><\/td><td><b>Yes, I remember <i class=\"text-danger\">those<\/i> days were the days.<\/b><\/td>\r\n<\/tr>\r\n<\/tbody>\r\n<\/table>\r\n<\/div>","protected":false},"excerpt":{"rendered":"Demonstrativponomen &#8211; this,that \/these, those &#8211; \u00dcbungen und Erkl\u00e4rungen Demonstrativpronomen Englisch &#8211; \u00dcbungen Demonstrativpronomen Englisch &#8211; Erkl\u00e4rungen Die englische Sprache unterscheidet das Demonstrativpronomen in zwei Kategorien: 1. this, these f\u00fcr Dinge oder Personen, die in der N\u00e4he sind. ein typisches Signalwort in diesem Zusammenhang w\u00e4re: here. zum Beispiel: I want to buy this shirt here. [&hellip;]","protected":false},"author":3,"featured_media":0,"parent":0,"menu_order":0,"comment_status":"closed","ping_status":"closed","template":"","meta":[],"_links":{"self":[{"href":"https:\/\/english-munich.de\/training\/wp-json\/wp\/v2\/pages\/9077"}],"collection":[{"href":"https:\/\/english-munich.de\/training\/wp-json\/wp\/v2\/pages"}],"about":[{"href":"https:\/\/english-munich.de\/training\/wp-json\/wp\/v2\/types\/page"}],"author":[{"embeddable":true,"href":"https:\/\/english-munich.de\/training\/wp-json\/wp\/v2\/users\/3"}],"replies":[{"embeddable":true,"href":"https:\/\/english-munich.de\/training\/wp-json\/wp\/v2\/comments?post=9077"}],"version-history":[{"count":10,"href":"https:\/\/english-munich.de\/training\/wp-json\/wp\/v2\/pages\/9077\/revisions"}],"predecessor-version":[{"id":11702,"href":"https:\/\/english-munich.de\/training\/wp-json\/wp\/v2\/pages\/9077\/revisions\/11702"}],"wp:attachment":[{"href":"https:\/\/english-munich.de\/training\/wp-json\/wp\/v2\/media?parent=9077"}],"curies":[{"name":"wp","href":"https:\/\/api.w.org\/{rel}","templated":true}]}}