{"id":9056,"date":"2021-04-13T06:22:38","date_gmt":"2021-04-13T06:22:38","guid":{"rendered":"https:\/\/english-munich.de\/training\/?page_id=9056"},"modified":"2021-07-08T11:25:17","modified_gmt":"2021-07-08T11:25:17","slug":"demonstrativpronomen-this-that-these-those-3","status":"publish","type":"page","link":"https:\/\/english-munich.de\/training\/demonstrativpronomen-this-that-these-those-3\/","title":{"rendered":"Demonstrativpronomen this\/that &#8211; these\/those"},"content":{"rendered":"<span><span><a href=\"https:\/\/english-munich.de\/training\/\">Home<\/a><\/span>\r\n<div class=\"jumbotron text-center\">\r\n<h2>Simple Present Aufgaben<\/h2>\r\n\u00dcbungen zum Simple Present im bejahten Aussagesatz\r\n\r\n<\/div>\r\n<div class=\"bs-example\">\r\n<div class=\"accordion\" id=\"accordionExample\">\r\n<div class=\"card\">\r\n<div class=\"card-header\" id=\"headingOne\">\r\n<h2 class=\"mb-0\" style=\"color:#000\">\r\n                    <button type=\"button\" class=\"btn btn-link collapsed\" data-toggle=\"collapse\" data-target=\"#collapseOne\">Beispiel<\/button><\/h2>\r\n<\/div>\r\n<div id=\"collapseOne\" class=\"collapse\" aria-labelledby=\"headingOne\" data-parent=\"#accordionExample\">\r\n<div class=\"card-body\">\r\n<div class=\"form\">\r\n\r\n<b><span class=\"number\">\u24ff<\/span><\/b>I want to try on <input type=\"text\" class=\"form-control\" id=\"panel-beispiel\" disabled=\"\" value=\"this\"> shirt here.\r\n<br \/>\r\nDie richtige L\u00f6sung ist: <b>this<\/b>&nbsp;&nbsp;<button class=\"btn-lg btn-info\" type=\"button\" data-toggle=\"modal\" data-target=\"#myModal\">Tipp<\/button>\r\n\r\n<\/div>\r\n<\/div>\r\n<\/div>\r\n<\/div>\r\n<\/div>\r\n<br \/><br \/>\r\n<div class=\"container well\">\r\n<h4>\u270d\ufe0f F\u00fclle das Demonstrativpronomen  in der richtigen Form in die L\u00fccken ben\u00fctze entweder <b>this, that, these, those<\/b> :<\/h4>\r\n\r\n<hr>\r\n\r\n<div class=\"container\">\r\n<b><span class=\"number\">\u2776<\/span><\/b>I want to buy<input type=\"text\" class=\"form-control\" id=\"q0\" autocomplete=\"off\"> cellphone here.\r\n<div class=\"row\">\r\n<div>\r\n<p id=\"correct0\" align=\"left\"><\/p>\r\n\r\n<\/div>\r\n<div>\r\n<a button=\"\" class=\"btn btn-success tipp0 hidden\" href=\"#1\" title=\"...this cellphone here...\" data-toggle=\"popover\" data-placement=\"top\" data-trigger=\"hover\" style=\"text-decoration: none; color:white;\" data-content=\"'this' bezieht sich auf einen Gegenstand in der unmittelbaren N\u00e4he \u2794 'this cellphone here'\">Tipp<\/a><\/div>\r\n<\/div>\r\n<b><span class=\"number\">\u2777<\/span><\/b>Look at  <input type=\"text\" class=\"form-control\" id=\"q1\" autocomplete=\"off\">birds up there.\r\n<div class=\"row\">\r\n<div>\r\n<p id=\"correct1\" align=\"left\"><\/p>\r\n\r\n<\/div>\r\n<div>\r\n<a button=\"\" class=\"btn btn-success tipp1 hidden\" href=\"#2\" title=\"Look at those birds up there.\" data-toggle=\"popover\" data-placement=\"top\" data-trigger=\"hover\" style=\"text-decoration: none; color:white;\" data-content=\"'those' bezieht sich auf einen Gegenstand in einiger Entfernung \u2794 'those birds'\">Tipp<\/a><\/div>\r\n<\/div>\r\n<b><span class=\"number\">\u2778<\/span><\/b>In <input type=\"text\" class=\"form-control\" id=\"q2\" autocomplete=\"off\"> times things were completely different.\r\n<div class=\"row\">\r\n<div>\r\n<p id=\"correct2\" align=\"left\"><\/p>\r\n\r\n<\/div>\r\n<div>\r\n<a button=\"\" class=\"btn btn-success tipp2 hidden\" align=\"left\" aria-hidden=\"true\" href=\"#3\" title=\"In those times things were completely different.\" data-toggle=\"popover\" data-placement=\"top\" data-trigger=\"hover\" style=\"text-decoration: none, color:white\" data-content=\"'those' bezieht sich auf einen Zeitpunkt in der fernen Vergangenheit \u2794 'those times'\">Tipp<\/a><\/div>\r\n<\/div>\r\n<span class=\"number\">\u2779<\/span>It was in  <input type=\"text\" class=\"form-control\" id=\"q3\" autocomplete=\"off\">year when the Spanish Flu was over.\r\n<div class=\"row\">\r\n<div>\r\n<p id=\"correct3\" align=\"left\"><\/p>\r\n\r\n<\/div>\r\n<div>\r\n<a button=\"\" class=\"btn btn-success tipp3 hidden\" aria-hidden=\"true\" href=\"#4\" title=\"It was in that year\" data-toggle=\"popover\" data-placement=\"top\" data-trigger=\"hover\" style=\"text-decoration: none, color:white\" data-content=\"'that' bezieht sich auf einen Zeitpunkt in der fernen Vergangenheit \u2794 'that year'\">Tipp<\/a><\/div>\r\n<\/div>\r\n<b><span class=\"number\">\u277a<\/span><\/b>I just saw a bird <input type=\"text\" class=\"form-control\" id=\"q4\" autocomplete=\"off\"> morning.\r\n<div class=\"row\">\r\n<div>\r\n<p id=\"correct4\" align=\"left\"><\/p>\r\n\r\n<\/div>\r\n<div>\r\n<a button=\"\" class=\"btn btn-success tipp4 hidden\" aria-hidden=\"true\" href=\"#5\" title=\"...this morning...\" data-toggle=\"popover\" data-placement=\"top\" data-trigger=\"hover\" style=\"text-decoration: none, color:white\" data-content=\"'this morning' bezieht sich auf einen Zeitpunkt, der noch nicht lange her ist('just').\">Tipp<\/a><\/div>\r\n<\/div>\r\n<b><span class=\"number\">\u277b<\/span><\/b>Look at  <input type=\"text\" class=\"form-control\" id=\"q5\" autocomplete=\"off\"> boy over there.\r\n<div class=\"row\">\r\n<div>\r\n<p id=\"correct5\" align=\"left\"><\/p>\r\n\r\n<\/div>\r\n<div>\r\n<a button=\"\" class=\"btn btn-success tipp5 hidden\" aria-hidden=\"true\" href=\"#6\" title=\"Look at that boy over there.\" data-toggle=\"popover\" data-placement=\"top\" data-trigger=\"hover\" style=\"text-decoration: none, color:white\" data-content=\"'that' bezieht sich auf eine Person in der Entfernung('over there') \u2794 'that boy'.\">Tipp<\/a><\/div>\r\n<\/div>\r\n<b><span class=\"number\">\u277c<\/span><\/b>I want to have  <input type=\"text\" class=\"form-control\" id=\"q6\" autocomplete=\"off\"> sneakers here.\r\n<div class=\"row\">\r\n<div>\r\n<p id=\"correct6\" align=\"left\"><\/p>\r\n\r\n<\/div>\r\n<div>\r\n<a button=\"\" class=\"btn btn-success tipp6 hidden\" aria-hidden=\"true\" href=\"#7\" title=\"I want to have these sneakers here.\" data-toggle=\"popover\" data-placement=\"top\" data-trigger=\"hover\" style=\"text-decoration: none, color:white\" data-content=\"'these' bezieht sich auf einen Gegenstand in der unmittelbaren N\u00e4he ('here') \u2794 'these sneakers'.\">Tipp<\/a><\/div>\r\n<\/div>\r\n<b><span class=\"number\">\u277d<\/span><\/b><input type=\"text\" class=\"form-control\" id=\"q7\" autocomplete=\"off\"> people over there are crazy.\r\n<div class=\"row\">\r\n<div>\r\n<p id=\"correct7\" align=\"left\"><\/p>\r\n\r\n<\/div>\r\n<div>\r\n<a button=\"\" class=\"btn btn-success tipp7 hidden\" href=\"#8\" title=\"Those people...\" data-toggle=\"popover\" data-placement=\"top\" data-trigger=\"hover\" style=\"text-decoration: none, color:white\" data-content=\"'those' bezieht auf Personen in einiger Entfernung ('over there') \u2794 'those people'\">Tipp<\/a><\/div>\r\n<\/div>\r\n<b><span class=\"number\">\u277e<\/span><\/b>In  <input type=\"text\" class=\"form-control\" id=\"q8\" autocomplete=\"off\"> years life was completely different.\r\n<div class=\"row\">\r\n<div>\r\n<p id=\"correct8\" align=\"left\"><\/p>\r\n\r\n<\/div>\r\n<div>\r\n<a button=\"\" class=\"btn btn-success tipp8 hidden\" href=\"#9\" title=\"In those years...\" data-toggle=\"popover\" data-placement=\"top\" data-trigger=\"hover\" style=\"text-decoration: none, color:white\" data-content=\"'in those years' bezieht sich auf einen Zeitpunkt in der fernen Vergangenheit.\">Tipp<\/a><\/div>\r\n<\/div>\r\n<b><span class=\"number\">\u277f<\/span><\/b> <input type=\"text\" class=\"form-control\" id=\"q9\" autocomplete=\"off\">day when the war finally ended.\r\n<div class=\"row\">\r\n<div>\r\n<p id=\"correct9\" align=\"left\"><\/p>\r\n\r\n<\/div>\r\n<div>\r\n<a button=\"\" class=\"btn btn-success tipp9 hidden\" href=\"#10\" title=\"That day when...\" data-toggle=\"popover\" data-placement=\"top\" data-trigger=\"hover\" style=\"text-decoration: none, color:white\" data-content=\"'that day' bezieht sich auf einen Zeitpunkt in der fernen Vergangenheit.\">Tipp<\/a><\/div>\r\n<\/div>\r\n<!-- The Modal -->\r\n<div id=\"myModal\" class=\"modal\">\r\n<div class=\"modal-dialog\">\r\n<div class=\"modal-content\">\r\n\r\n<!-- Modal Header -->\r\n<div class=\"modal-header\">\r\n<h4 class=\"modal-title\">this &#8211; that &#8211; these &#8211; those &#8211; Unterschied<\/h4>\r\n<button class=\"close\" type=\"button\" data-dismiss=\"modal\">\u00d7<\/button>\r\n\r\n<\/div>\r\n<!-- Modal body -->\r\n<div class=\"modal-body\"><table class=\"table table-bordered table-sm table-hover\">\r\n<thead>\r\n<tr class=\"table-danger\">\r\n<th colspan=\"2\">this &#8211; that &#8211; these &#8211; those &#8211; Unterschied<\/th>\r\n<\/tr>\r\n<\/thead>\r\n<tbody>\r\n<tr class=\"table-success\">\r\n<td colspan=\"2\"><b>this &#8211; these<\/b><\/td>\r\n<\/tr>\r\n<tr class=\"table-info\">\r\n<td colspan=\"2\"><b>unmittelbare N\u00e4he (Ort), oder k\u00fcrzlich geschehen (Zeit).<\/b><\/td>\r\n<\/tr>\r\n<tr class=\"table-primary\">\r\n<td><b>Einzahl<\/td><td><b>Mehrzahl<\/b><\/td>\r\n<\/tr>\r\n<tr class=\"table-info\">\r\n<td><b>I want to try <i class=\"text-danger\">this<\/i> shirt.<\/b><\/td><td><b><i class=\"text-danger\">These<\/i> days I am feeling mighty strange.<\/b><\/td>\r\n<\/tr>\r\n<tr class=\"table-success\">\r\n<td colspan=\"2\"><b>that &#8211; those<\/b><\/td>\r\n<\/tr>\r\n<tr class=\"table-info\">\r\n<td colspan=\"2\"><b>r\u00e4umlich oder zeitlich distanziert<\/b><\/td>\r\n<\/tr>\r\n<tr class=\"table-primary\">\r\n<td><b>Einzahl<\/td><td><b>Mehrzahl<\/b><\/td>\r\n<\/tr>\r\n<tr class=\"table-info\">\r\n<td><b><i class=\"text-danger\">That<\/i> man over there looks strange.<\/b><\/td><td><b>Yes, I remember <i class=\"text-danger\">those<\/i> were the days.<\/b><\/td>\r\n<\/tr>\r\n<\/tbody>\r\n<\/table><\/div>\r\n<!-- Modal footer -->\r\n<div class=\"modal-footer\"><button class=\"btn btn-danger\" type=\"button\" data-dismiss=\"modal\">Close<\/button><\/div>\r\n<\/div>\r\n<\/div>\r\n<\/div>\r\n<\/div>\r\n<\/div>\r\n\r\n<div class=\"container\">\r\n\r\n<hr>\r\n\r\n<button id=\"submitButton\" class=\"btn-lg btn-primary \" type=\"submit\" value=\"submit\">Pr\u00fcfen<\/button><button id=\"resetButton\" class=\"btn-lg btn-success\" type=\"submit\" onclick=\"refreshPage()\">Neustart<\/button><button id=\"submitButton\" class=\"btn-lg btn-info\" type=\"button\" value=\"submit\" data-toggle=\"modal\" data-target=\"#myModal\">Tipp<\/button>\r\n\r\n<hr>\r\n\r\n\r\n<p id=\"result\"><\/p>\r\n<p id=\"result2\"><\/p>\r\n<b><\/b>\r\n<h3> Alle \u00dcbungen Demonstrativpronomen Englisch:<\/h3>\r\n<hr>\r\n<div id=\"bellows-main-74\" class=\"bellows bellows-nojs bellows-main bellows-source-menu bellows-align-full bellows-skin-vanilla bellows-type-\"><ul id=\"menu-demonstrativpronomen\" class=\"bellows-nav\" data-bellows-config=\"main\"><li id=\"menu-item-9072\" class=\"bellows-menu-item bellows-menu-item-type-post_type bellows-menu-item-object-page bellows-menu-item-9072 bellows-item-level-0\"><a  href=\"https:\/\/english-munich.de\/training\/demonstrativpronomen-this-that-these-those\/\" class=\"bellows-target\"><span class=\"bellows-target-title bellows-target-text\">\ud83d\uddb1\ufe0fDemonstrativpronomen \u2013 this \u2013 that \u2013 these \u2013 those<\/span><\/a><\/li>\n<li id=\"menu-item-9071\" class=\"bellows-menu-item bellows-menu-item-type-post_type bellows-menu-item-object-page bellows-menu-item-9071 bellows-item-level-0\"><a  href=\"https:\/\/english-munich.de\/training\/demonstrativpronomen-this-that-these-those-2\/\" class=\"bellows-target\"><span class=\"bellows-target-title bellows-target-text\">\u2611\ufe0fDemonstrativpronomen \u2013 this, that \/ these \/those<\/span><\/a><\/li>\n<li id=\"menu-item-9070\" class=\"bellows-menu-item bellows-menu-item-type-post_type bellows-menu-item-object-page bellows-menu-item-9070 bellows-item-level-0\"><a  href=\"https:\/\/english-munich.de\/training\/demonstrativpronomen-this-that-these-those-3\/\" class=\"bellows-target\"><span class=\"bellows-target-title bellows-target-text\">\u270d\ufe0fDemonstrativpronomen -this,that \/ these, those<\/span><\/a><\/li>\n<\/ul><\/div>\r\n<\/div>\r\n<\/div>","protected":false},"excerpt":{"rendered":"Simple Present Aufgaben \u00dcbungen zum Simple Present im bejahten Aussagesatz Beispiel \u24ffI want to try on shirt here. Die richtige L\u00f6sung ist: this&nbsp;&nbsp;Tipp \u270d\ufe0f F\u00fclle das Demonstrativpronomen in der richtigen Form in die L\u00fccken ben\u00fctze entweder this, that, these, those : \u2776I want to buy cellphone here. Tipp \u2777Look at birds up there. Tipp \u2778In [&hellip;]","protected":false},"author":3,"featured_media":0,"parent":0,"menu_order":0,"comment_status":"closed","ping_status":"closed","template":"","meta":[],"_links":{"self":[{"href":"https:\/\/english-munich.de\/training\/wp-json\/wp\/v2\/pages\/9056"}],"collection":[{"href":"https:\/\/english-munich.de\/training\/wp-json\/wp\/v2\/pages"}],"about":[{"href":"https:\/\/english-munich.de\/training\/wp-json\/wp\/v2\/types\/page"}],"author":[{"embeddable":true,"href":"https:\/\/english-munich.de\/training\/wp-json\/wp\/v2\/users\/3"}],"replies":[{"embeddable":true,"href":"https:\/\/english-munich.de\/training\/wp-json\/wp\/v2\/comments?post=9056"}],"version-history":[{"count":16,"href":"https:\/\/english-munich.de\/training\/wp-json\/wp\/v2\/pages\/9056\/revisions"}],"predecessor-version":[{"id":10246,"href":"https:\/\/english-munich.de\/training\/wp-json\/wp\/v2\/pages\/9056\/revisions\/10246"}],"wp:attachment":[{"href":"https:\/\/english-munich.de\/training\/wp-json\/wp\/v2\/media?parent=9056"}],"curies":[{"name":"wp","href":"https:\/\/api.w.org\/{rel}","templated":true}]}}