{"id":8982,"date":"2021-04-07T18:36:07","date_gmt":"2021-04-07T18:36:07","guid":{"rendered":"https:\/\/english-munich.de\/training\/?page_id=8982"},"modified":"2021-04-07T18:36:07","modified_gmt":"2021-04-07T18:36:07","slug":"role-roll-unterschied-3","status":"publish","type":"page","link":"https:\/\/english-munich.de\/training\/role-roll-unterschied-3\/","title":{"rendered":"role &#8211; roll &#8211; Unterschied"},"content":{"rendered":"<div class=\"container well\">\r\n<h2>Unterschied role &#8211; roll &#8211; \u00dcbungen und Erkl\u00e4rungen <\/h2>\r\n<hr>\r\n<h3>\u00dcbungen role &#8211; roll <\/h3>\r\n<div id=\"bellows-main-73\" class=\"bellows bellows-nojs bellows-main bellows-source-menu bellows-align-full bellows-skin-vanilla bellows-type-\"><ul id=\"menu-roll-role\" class=\"bellows-nav\" data-bellows-config=\"main\"><li id=\"menu-item-8981\" class=\"bellows-menu-item bellows-menu-item-type-post_type bellows-menu-item-object-page bellows-menu-item-8981 bellows-item-level-0\"><a  href=\"https:\/\/english-munich.de\/training\/roll-role-unterschied-dein-kostenloser-englischkurs-im-netz\/\" class=\"bellows-target\"><span class=\"bellows-target-title bellows-target-text\">\ud83d\uddb1\ufe0frole -roll \u2013 Unterschied<\/span><\/a><\/li>\n<li id=\"menu-item-8980\" class=\"bellows-menu-item bellows-menu-item-type-post_type bellows-menu-item-object-page bellows-menu-item-8980 bellows-item-level-0\"><a  href=\"https:\/\/english-munich.de\/training\/role-roll-unterschied\/\" class=\"bellows-target\"><span class=\"bellows-target-title bellows-target-text\">\u2611\ufe0frole \u2013 roll \u2013 Unterschied<\/span><\/a><\/li>\n<li id=\"menu-item-8979\" class=\"bellows-menu-item bellows-menu-item-type-post_type bellows-menu-item-object-page bellows-menu-item-8979 bellows-item-level-0\"><a  href=\"https:\/\/english-munich.de\/training\/role-roll-unterschied-2\/\" class=\"bellows-target\"><span class=\"bellows-target-title bellows-target-text\">\u270d\ufe0frole \u2013 roll \u2013 Unterschied<\/span><\/a><\/li>\n<\/ul><\/div>\r\n<h3>roll &#8211; role &#8211; Erkl\u00e4rungen<\/h3>\r\nDas Wort<i class=\"text-danger\">Role<\/i> bezieht sich im Englischen auf die deutsche <i class=\"text-danger\"> Filmrolle<\/i> oder die <i class=\"text-danger\"> Rolle <\/i>, die man beispielsweise in einem Projekt, oder einem Arbeitsplatz spielt. Au\u00dferdem gibt es noch die Ausdr\u00fccke <i class=\"text-danger\"> role model <\/i> &#8218;Vorbild&#8216; und <i class=\"text-danger\">role play<\/i> &#8218;Rollenspiel&#8216;.\r\n<br \/>\r\nDas englische Wort <i class=\"text-danger\">roll<\/i> kann in mehreren Facetten auftreten:\r\n<i class=\"text-danger\">bread roll <\/i> \u2794 &#8218;Br\u00f6tchen, Semmel&#8216;.\r\n<i class=\"text-danger\">sushi roll <\/i> \u2794 &#8218;Sushi Rolle&#8216;.\r\n<i class=\"text-danger\">a roll of toilet paper <\/i> \u2794 &#8218;Klorolle&#8216;.\r\n<i class=\"text-danger\">roll of a die<\/i> \u2794 &#8218;W\u00fcrfelwurf&#8216;.\r\n<i class=\"text-danger\">a roll call<\/i> \u2794 &#8218;Apell, Anwesenheitsr\u00fcfung&#8216;.\r\n<br \/>\r\nWeiterhin kann <i class=\"text-danger\">roll<\/i> als Verb verschiedene Bedeutungen annehmen:\r\n<br \/>\r\n<i class=\"text-danger\">to roll your eyes<\/i> \u2794 &#8218;die Augen verdrehen&#8216;.\r\n<i class=\"text-danger\">to roll up your sleeves<\/i> \u2794 &#8218;die \u00c4rmel hochkrempeln&#8216;.\r\n<i class=\"text-danger\">to steam-roll something<\/i> \u2794 &#8218;etwas plattwalzen&#8216;.\r\n<i class=\"text-danger\">to roll over<\/i> \u2794 &#8217;nachgeben&#8216;.\r\n\r\n\r\n\r\n\r\n\r\n\r\n<table class=\"table table-bordered table-sm table-hover\">\r\n<thead>\r\n<tr class=\"table-danger\">\r\n<th colspan=\"2\">role &#8211; roll &#8211; Unterschied<\/th>\r\n<\/tr>\r\n<\/thead>\r\n<tbody>\r\n<tr class=\"table-primary\">\r\n<td><b>role<\/b><\/td>\r\n<td><b>roll<\/b><\/td>\r\n<\/tr>\r\n<tr class=\"table-info\">\r\n<td><b>die Rolle im Film<\/b><\/td>\r\n<td><b>die Rolle als l\u00e4nglich gerollter Gegenstand (Klopapier)<\/b><\/td>\r\n<\/tr>\r\n<tr class=\"table-success\">\r\n<td><b>a role play \u2794 Rollenspiel<\/b><\/td>\r\n<td><b>a spring roll \u2794 Fr\u00fchlingsrolle<\/b><\/td>\r\n<\/tr>\r\n<tr class=\"table-info\">\r\n<td><b>to have a role \u2794 beteiligt sein<\/b><\/td>\r\n<td><b>a roll of the dice \u2794 der Wurf eines W\u00fcrfels<\/b><\/b><\/td>\r\n<\/tr>\r\n<tr class=\"table-success\">\r\n<td><b>a role model \u2794 ein Vorbild.<\/b><\/td>\r\n<td><b>a roll call \u2794 ein Apell (Anwesenheitspr\u00fcfung)<\/b><\/b><\/td>\r\n<\/tr>\r\n<\/tbody>\r\n<\/table>\r\n<\/div>","protected":false},"excerpt":{"rendered":"Unterschied role &#8211; roll &#8211; \u00dcbungen und Erkl\u00e4rungen \u00dcbungen role &#8211; roll roll &#8211; role &#8211; Erkl\u00e4rungen Das WortRole bezieht sich im Englischen auf die deutsche Filmrolle oder die Rolle , die man beispielsweise in einem Projekt, oder einem Arbeitsplatz spielt. Au\u00dferdem gibt es noch die Ausdr\u00fccke role model &#8218;Vorbild&#8216; und role play &#8218;Rollenspiel&#8216;. Das [&hellip;]","protected":false},"author":3,"featured_media":0,"parent":0,"menu_order":0,"comment_status":"closed","ping_status":"closed","template":"","meta":[],"_links":{"self":[{"href":"https:\/\/english-munich.de\/training\/wp-json\/wp\/v2\/pages\/8982"}],"collection":[{"href":"https:\/\/english-munich.de\/training\/wp-json\/wp\/v2\/pages"}],"about":[{"href":"https:\/\/english-munich.de\/training\/wp-json\/wp\/v2\/types\/page"}],"author":[{"embeddable":true,"href":"https:\/\/english-munich.de\/training\/wp-json\/wp\/v2\/users\/3"}],"replies":[{"embeddable":true,"href":"https:\/\/english-munich.de\/training\/wp-json\/wp\/v2\/comments?post=8982"}],"version-history":[{"count":4,"href":"https:\/\/english-munich.de\/training\/wp-json\/wp\/v2\/pages\/8982\/revisions"}],"predecessor-version":[{"id":8991,"href":"https:\/\/english-munich.de\/training\/wp-json\/wp\/v2\/pages\/8982\/revisions\/8991"}],"wp:attachment":[{"href":"https:\/\/english-munich.de\/training\/wp-json\/wp\/v2\/media?parent=8982"}],"curies":[{"name":"wp","href":"https:\/\/api.w.org\/{rel}","templated":true}]}}