{"id":8967,"date":"2021-04-07T18:07:43","date_gmt":"2021-04-07T18:07:43","guid":{"rendered":"https:\/\/english-munich.de\/training\/?page_id=8967"},"modified":"2021-05-05T13:07:34","modified_gmt":"2021-05-05T13:07:34","slug":"role-roll-unterschied-2","status":"publish","type":"page","link":"https:\/\/english-munich.de\/training\/role-roll-unterschied-2\/","title":{"rendered":"role &#8211; roll &#8211; Unterschied"},"content":{"rendered":"<span><span><a href=\"https:\/\/english-munich.de\/training\/\">Home<\/a><\/span>\r\n<div class=\"jumbotron text-center\">\r\n<h2>role &#8211; roll Unterschied Aufgaben<\/h2>\r\n\u00dcbungen zum Unterschied von roll und role\r\n\r\n<\/div>\r\n<div class=\"bs-example\">\r\n<div class=\"accordion\" id=\"accordionExample\">\r\n<div class=\"card\">\r\n<div class=\"card-header\" id=\"headingOne\">\r\n<h2 class=\"mb-0\" style=\"color:#000\">\r\n                    <button type=\"button\" class=\"btn btn-link collapsed\" data-toggle=\"collapse\" data-target=\"#collapseOne\">Beispiel<\/button><\/h2>\r\n<\/div>\r\n<div id=\"collapseOne\" class=\"collapse\" aria-labelledby=\"headingOne\" data-parent=\"#accordionExample\">\r\n<div class=\"card-body\">\r\n<div class=\"form\">\r\n\r\n<b><span class=\"number\">\u24ff<\/span><\/b> Sometimes it&#8217;s best to just <input type=\"text\" class=\"form-control\" id=\"panel-beispiel\" disabled=\"\" value=\"roll\"> along.\r\n<br \/>\r\nDie richtige L\u00f6sung ist: <b>roll<\/b>&nbsp;&nbsp;<button class=\"btn-lg btn-info\" type=\"button\" data-toggle=\"modal\" data-target=\"#myModal\">Tipp<\/button>\r\n\r\n<\/div>\r\n<\/div>\r\n<\/div>\r\n<\/div>\r\n<\/div>\r\n<br \/><br \/>\r\n<div class=\"container well\">\r\n<h4>\u270d\ufe0f F\u00fclle entweder <b>roll<\/b> oder <b>role<\/b> in die L\u00fccken um den Satz sinnvoll zu erg\u00e4nzen:<\/h4>\r\n\r\n<hr>\r\n\r\n<div class=\"container\">\r\n<b><span class=\"number\">\u2776<\/span><\/b>Johnny played a leading <input type=\"text\" class=\"form-control\" id=\"q0\" autocomplete=\"off\"> in the project.\r\n<div class=\"row\">\r\n<div>\r\n<p id=\"correct0\" align=\"left\"><\/p>\r\n\r\n<\/div>\r\n<div>\r\n<a button=\"\" class=\"btn btn-success tipp0 hidden\" href=\"#1\" title=\"Johnny played a leading role...\" data-toggle=\"popover\" data-placement=\"top\" data-trigger=\"hover\" style=\"text-decoration: none; color:white;\" data-content=\"'role' bedeutet hier 'Rolle'; 'played a leading role' \u2794 'spielte eine Hauptrolle.\">Tipp<\/a><\/div>\r\n<\/div>\r\n<b><span class=\"number\">\u2777<\/span><\/b>The  <input type=\"text\" class=\"form-control\" id=\"q1\" autocomplete=\"off\">-out of the idea was great.\r\n<div class=\"row\">\r\n<div>\r\n<p id=\"correct1\" align=\"left\"><\/p>\r\n\r\n<\/div>\r\n<div>\r\n<a button=\"\" class=\"btn btn-success tipp1 hidden\" href=\"#2\" title=\"The roll out of the idea was great.\" data-toggle=\"popover\" data-placement=\"top\" data-trigger=\"hover\" style=\"text-decoration: none; color:white;\" data-content=\"'the roll-out' \u2794 'die Umsetzung'.\">Tipp<\/a><\/div>\r\n<\/div>\r\n<b><span class=\"number\">\u2778<\/span><\/b>Sarah is a <input type=\"text\" class=\"form-control\" id=\"q2\" autocomplete=\"off\"> model for modern women.\r\n<div class=\"row\">\r\n<div>\r\n<p id=\"correct2\" align=\"left\"><\/p>\r\n\r\n<\/div>\r\n<div>\r\n<a button=\"\" class=\"btn btn-success tipp2 hidden\" align=\"left\" aria-hidden=\"true\" href=\"#3\" title=\"Sarah is a role model...\" data-toggle=\"popover\" data-placement=\"top\" data-trigger=\"hover\" style=\"text-decoration: none, color:white\" data-content=\"'a role model' \u2794 'ein Vorbild'.\">Tipp<\/a><\/div>\r\n<\/div>\r\n<span class=\"number\">\u2779<\/span>Sometimes it&#8217;s best to do a <input type=\"text\" class=\"form-control\" id=\"q3\" autocomplete=\"off\"> play.\r\n<div class=\"row\">\r\n<div>\r\n<p id=\"correct3\" align=\"left\"><\/p>\r\n\r\n<\/div>\r\n<div>\r\n<a button=\"\" class=\"btn btn-success tipp3 hidden\" aria-hidden=\"true\" href=\"#4\" title=\"It's best to do a role play...\" data-toggle=\"popover\" data-placement=\"top\" data-trigger=\"hover\" style=\"text-decoration: none, color:white\" data-content=\"'a role play' \u2794 'ein Rollenspiel'.\">Tipp<\/a><\/div>\r\n<\/div>\r\n<b><span class=\"number\">\u277a<\/span><\/b>You can get a good sushi <input type=\"text\" class=\"form-control\" id=\"q4\" autocomplete=\"off\">also in Munich.\r\n<div class=\"row\">\r\n<div>\r\n<p id=\"correct4\" align=\"left\"><\/p>\r\n\r\n<\/div>\r\n<div>\r\n<a button=\"\" class=\"btn btn-success tipp4 hidden\" aria-hidden=\"true\" href=\"#5\" title=\"...a good sushi roll...\" data-toggle=\"popover\" data-placement=\"top\" data-trigger=\"hover\" style=\"text-decoration: none, color:white\" data-content=\"'a sushi roll' \u2794 'eine Sushi Rolle'.\">Tipp<\/a><\/div>\r\n<\/div>\r\n<b><span class=\"number\">\u277b<\/span><\/b>Sometimes you can&#8217;t just <input type=\"text\" class=\"form-control\" id=\"q5\" autocomplete=\"off\"> over.\r\n<div class=\"row\">\r\n<div>\r\n<p id=\"correct5\" align=\"left\"><\/p>\r\n\r\n<\/div>\r\n<div>\r\n<a button=\"\" class=\"btn btn-success tipp5 hidden\" aria-hidden=\"true\" href=\"#6\" title=\"Sometimes you can't just roll over\" data-toggle=\"popover\" data-placement=\"top\" data-trigger=\"hover\" style=\"text-decoration: none, color:white\" data-content=\"'to roll over' \u2794 'hier: nachgeben, sich abfinden'.\">Tipp<\/a><\/div>\r\n<\/div>\r\n<b><span class=\"number\">\u277c<\/span><\/b>Well, let&#8217;s <input type=\"text\" class=\"form-control\" id=\"q6\" autocomplete=\"off\"> up our sleeves and get going.\r\n<div class=\"row\">\r\n<div>\r\n<p id=\"correct6\" align=\"left\"><\/p>\r\n\r\n<\/div>\r\n<div>\r\n<a button=\"\" class=\"btn btn-success tipp6 hidden\" aria-hidden=\"true\" href=\"#7\" title=\"Let's roll up our sleeves...\" data-toggle=\"popover\" data-placement=\"top\" data-trigger=\"hover\" style=\"text-decoration: none, color:white\" data-content=\"'to roll up your sleeves' \u2794 'die \u00c4rmel hochkrempeln'.\">Tipp<\/a><\/div>\r\n<\/div>\r\n<b><span class=\"number\">\u277d<\/span><\/b>Boris believes in the old gender <input type=\"text\" class=\"form-control\" id=\"q7\" autocomplete=\"off\"> of women.\r\n<div class=\"row\">\r\n<div>\r\n<p id=\"correct7\" align=\"left\"><\/p>\r\n\r\n<\/div>\r\n<div>\r\n<a button=\"\" class=\"btn btn-success tipp7 hidden\" href=\"#8\" title=\"...old gender role...\" data-toggle=\"popover\" data-placement=\"top\" data-trigger=\"hover\" style=\"text-decoration: none, color:white\" data-content=\"'traditional gender roles' \u2794 'althergebrachte Geschlechterrollen'.\">Tipp<\/a><\/div>\r\n<\/div>\r\n<b><span class=\"number\">\u277e<\/span><\/b>Don&#8217;t <input type=\"text\" class=\"form-control\" id=\"q8\" autocomplete=\"off\"> you eyes at me!\r\n<div class=\"row\">\r\n<div>\r\n<p id=\"correct8\" align=\"left\"><\/p>\r\n\r\n<\/div>\r\n<div>\r\n<a button=\"\" class=\"btn btn-success tipp8 hidden\" href=\"#9\" title=\"Don't roll your eyes at me.\" data-toggle=\"popover\" data-placement=\"top\" data-trigger=\"hover\" style=\"text-decoration: none, color:white\" data-content=\"'to roll your eyes.' \u2794 'die Augen verdrehen'.\">Tipp<\/a><\/div>\r\n<\/div>\r\n<b><span class=\"number\">\u277f<\/span><\/b>I love to eat a <input type=\"text\" class=\"form-control\" id=\"q9\" autocomplete=\"off\"> of bread with my meal.\r\n<div class=\"row\">\r\n<div>\r\n<p id=\"correct9\" align=\"left\"><\/p>\r\n\r\n<\/div>\r\n<div>\r\n<a button=\"\" class=\"btn btn-success tipp9 hidden\" href=\"#10\" title=\"...a roll of bread.\" data-toggle=\"popover\" data-placement=\"top\" data-trigger=\"hover\" style=\"text-decoration: none, color:white\" data-content=\"'a roll of bread' \u2794 'ein Br\u00f6tchen'.\">Tipp<\/a><\/div>\r\n<\/div>\r\n<!-- The Modal -->\r\n<div id=\"myModal\" class=\"modal\">\r\n<div class=\"modal-dialog\">\r\n<div class=\"modal-content\">\r\n\r\n<!-- Modal Header -->\r\n<div class=\"modal-header\">\r\n<h4 class=\"modal-title\">roll  &#8211; role &#8211; Unterschied<\/h4>\r\n<button class=\"close\" type=\"button\" data-dismiss=\"modal\">\u00d7<\/button>\r\n\r\n<\/div>\r\n<!-- Modal body -->\r\n<div class=\"modal-body\"><table class=\"table table-bordered table-sm table-hover\">\r\n<thead>\r\n<tr class=\"table-danger\">\r\n<th colspan=\"2\">role &#8211; roll &#8211; Unterschied<\/th>\r\n<\/tr>\r\n<\/thead>\r\n<tbody>\r\n<tr class=\"table-primary\">\r\n<td><b>role<\/b><\/td>\r\n<td><b>roll<\/b><\/td>\r\n<\/tr>\r\n<tr class=\"table-info\">\r\n<td><b>die Rolle im Film<\/b><\/td>\r\n<td><b>die Rolle als l\u00e4nglich gerollter Gegenstand (Klopapier)<\/b><\/td>\r\n<\/tr>\r\n<tr class=\"table-success\">\r\n<td><b>a role play \u2794 Rollenspiel<\/b><\/td>\r\n<td><b>a spring roll \u2794 Fr\u00fchlingsrolle<\/b><\/td>\r\n<\/tr>\r\n<tr class=\"table-info\">\r\n<td><b>to have a role \u2794 beteiligt sein<\/b><\/td>\r\n<td><b>a roll of the dice \u2794 der Wurf eines W\u00fcrfels<\/b><\/b><\/td>\r\n<\/tr>\r\n<tr class=\"table-success\">\r\n<td><b>a role model \u2794 ein Vorbild.<\/b><\/td>\r\n<td><b>a roll call \u2794 ein Apell (Anwesenheitspr\u00fcfung)<\/b><\/b><\/td>\r\n<\/tr>\r\n<\/tbody>\r\n<\/table><\/div>\r\n<!-- Modal footer -->\r\n<div class=\"modal-footer\"><button class=\"btn btn-danger\" type=\"button\" data-dismiss=\"modal\">Close<\/button><\/div>\r\n<\/div>\r\n<\/div>\r\n<\/div>\r\n<\/div>\r\n<\/div>\r\n<div class=\"container\">\r\n\r\n<hr>\r\n\r\n<button id=\"submitButton\" class=\"btn-lg btn-primary \" type=\"submit\" value=\"submit\">Pr\u00fcfen<\/button><button id=\"resetButton\" class=\"btn-lg btn-success\" type=\"submit\" onclick=\"refreshPage()\">Neustart<\/button><button id=\"submitButton\" class=\"btn-lg btn-info\" type=\"button\" value=\"submit\" data-toggle=\"modal\" data-target=\"#myModal\">Tipp<\/button>\r\n\r\n<hr>\r\n\r\n\r\n<p id=\"result\"><\/p>\r\n<p id=\"result2\"><\/p>\r\n<b><\/b>\r\n<h3> Alle \u00dcbungen des Simple Present:<\/h3>\r\n<hr>\r\n<div id=\"bellows-main-73\" class=\"bellows bellows-nojs bellows-main bellows-source-menu bellows-align-full bellows-skin-vanilla bellows-type-\"><ul id=\"menu-roll-role\" class=\"bellows-nav\" data-bellows-config=\"main\"><li id=\"menu-item-8981\" class=\"bellows-menu-item bellows-menu-item-type-post_type bellows-menu-item-object-page bellows-menu-item-8981 bellows-item-level-0\"><a  href=\"https:\/\/english-munich.de\/training\/roll-role-unterschied-dein-kostenloser-englischkurs-im-netz\/\" class=\"bellows-target\"><span class=\"bellows-target-title bellows-target-text\">\ud83d\uddb1\ufe0frole -roll \u2013 Unterschied<\/span><\/a><\/li>\n<li id=\"menu-item-8980\" class=\"bellows-menu-item bellows-menu-item-type-post_type bellows-menu-item-object-page bellows-menu-item-8980 bellows-item-level-0\"><a  href=\"https:\/\/english-munich.de\/training\/role-roll-unterschied\/\" class=\"bellows-target\"><span class=\"bellows-target-title bellows-target-text\">\u2611\ufe0frole \u2013 roll \u2013 Unterschied<\/span><\/a><\/li>\n<li id=\"menu-item-8979\" class=\"bellows-menu-item bellows-menu-item-type-post_type bellows-menu-item-object-page bellows-menu-item-8979 bellows-item-level-0\"><a  href=\"https:\/\/english-munich.de\/training\/role-roll-unterschied-2\/\" class=\"bellows-target\"><span class=\"bellows-target-title bellows-target-text\">\u270d\ufe0frole \u2013 roll \u2013 Unterschied<\/span><\/a><\/li>\n<\/ul><\/div>\r\n<\/div>\r\n<\/div>","protected":false},"excerpt":{"rendered":"role &#8211; roll Unterschied Aufgaben \u00dcbungen zum Unterschied von roll und role Beispiel \u24ff Sometimes it&#8217;s best to just along. Die richtige L\u00f6sung ist: roll&nbsp;&nbsp;Tipp \u270d\ufe0f F\u00fclle entweder roll oder role in die L\u00fccken um den Satz sinnvoll zu erg\u00e4nzen: \u2776Johnny played a leading in the project. Tipp \u2777The -out of the idea was great. [&hellip;]","protected":false},"author":3,"featured_media":0,"parent":0,"menu_order":0,"comment_status":"closed","ping_status":"closed","template":"","meta":[],"_links":{"self":[{"href":"https:\/\/english-munich.de\/training\/wp-json\/wp\/v2\/pages\/8967"}],"collection":[{"href":"https:\/\/english-munich.de\/training\/wp-json\/wp\/v2\/pages"}],"about":[{"href":"https:\/\/english-munich.de\/training\/wp-json\/wp\/v2\/types\/page"}],"author":[{"embeddable":true,"href":"https:\/\/english-munich.de\/training\/wp-json\/wp\/v2\/users\/3"}],"replies":[{"embeddable":true,"href":"https:\/\/english-munich.de\/training\/wp-json\/wp\/v2\/comments?post=8967"}],"version-history":[{"count":13,"href":"https:\/\/english-munich.de\/training\/wp-json\/wp\/v2\/pages\/8967\/revisions"}],"predecessor-version":[{"id":9749,"href":"https:\/\/english-munich.de\/training\/wp-json\/wp\/v2\/pages\/8967\/revisions\/9749"}],"wp:attachment":[{"href":"https:\/\/english-munich.de\/training\/wp-json\/wp\/v2\/media?parent=8967"}],"curies":[{"name":"wp","href":"https:\/\/api.w.org\/{rel}","templated":true}]}}