{"id":8898,"date":"2021-04-04T09:20:07","date_gmt":"2021-04-04T09:20:07","guid":{"rendered":"https:\/\/english-munich.de\/training\/?page_id=8898"},"modified":"2021-04-04T09:20:07","modified_gmt":"2021-04-04T09:20:07","slug":"used-to-grundform-be-used-to-ing-form-erklaerungen-uebungen","status":"publish","type":"page","link":"https:\/\/english-munich.de\/training\/used-to-grundform-be-used-to-ing-form-erklaerungen-uebungen\/","title":{"rendered":"used to + Grundform &#8211; be used to + -ing Form &#8211; Erkl\u00e4rungen \u00dcbungen"},"content":{"rendered":"<div class=\"well container\">\r\n<h2>used to + Grundform &#8211; be used to + -ing Form &#8211; Erkl\u00e4rungen &#8211; \u00dcbungen<\/h2>\r\n<hr>\r\n<h3>used to + Grundform &#8211; be used to + -ing Form &#8211; \u00dcbungen<\/h3>\r\n<div id=\"bellows-main-72\" class=\"bellows bellows-nojs bellows-main bellows-source-menu bellows-align-full bellows-skin-vanilla bellows-type-\"><ul id=\"menu-used-to\" class=\"bellows-nav\" data-bellows-config=\"main\"><li id=\"menu-item-8897\" class=\"bellows-menu-item bellows-menu-item-type-post_type bellows-menu-item-object-page bellows-menu-item-8897 bellows-item-level-0\"><a  href=\"https:\/\/english-munich.de\/training\/used-to-grundfrom-be-used-to-gerund\/\" class=\"bellows-target\"><span class=\"bellows-target-title bellows-target-text\">\ud83d\uddb1\ufe0fused to + Grundfrom \u2013  be used to + Gerund<\/span><\/a><\/li>\n<li id=\"menu-item-8896\" class=\"bellows-menu-item bellows-menu-item-type-post_type bellows-menu-item-object-page bellows-menu-item-8896 bellows-item-level-0\"><a  href=\"https:\/\/english-munich.de\/training\/used-to-grundform-be-used-to-ing-form\/\" class=\"bellows-target\"><span class=\"bellows-target-title bellows-target-text\">\u2611\ufe0fused to + Grundform \u2013 be used to + -ing Form<\/span><\/a><\/li>\n<li id=\"menu-item-8895\" class=\"bellows-menu-item bellows-menu-item-type-post_type bellows-menu-item-object-page bellows-menu-item-8895 bellows-item-level-0\"><a  href=\"https:\/\/english-munich.de\/training\/used-to-grundform-be-used-to-ing-form-2\/\" class=\"bellows-target\"><span class=\"bellows-target-title bellows-target-text\">\u270d\ufe0fused to + Grundform \u2013 be used to + -ing Form<\/span><\/a><\/li>\n<\/ul><\/div>\r\n<h3>used to + Grundform &#8211; be used to + -ing Form &#8211; Erkl\u00e4rungen<\/h3>\r\n<div class=\"modal-body\"><table class=\"table table-bordered table-sm table-hover\">\r\n<thead>\r\n<tr class=\"table-danger\">\r\n<th colspan=\"2\">used to + Grundform &#8211; used to + -ing Form &#8211; Unterschied<\/th>\r\n<\/tr>\r\n<\/thead>\r\n<tbody>\r\n<tr class=\"table-primary\">\r\n<td><b>used to + Grundform<\/b><\/td>\r\n<td><b>be used to + -ing Form<\/b><\/td>\r\n<\/tr>\r\n<tr class=\"table-info\">\r\n<td><b>eine Gewohnheit in der Vergangheit (ohne be)<\/b><\/td>\r\n<td><b>eine Gewohnheit: be + used to + -ing Form<\/b><\/td>\r\n<\/tr>\r\n<tr class=\"table-success\">\r\n<td><b>I used to smoke cigarettes.<\/b><\/td>\r\n<td><b>I am used to smoking cigarettes.<\/b><\/td>\r\n<\/tr>\r\n<tr class=\"table-info\">\r\n<td><b>Ich habe fr\u00fcher einmal Zigaretten geraucht.<\/b><\/td>\r\n<td><b>Ich bin daran gew\u00f6hnt Zigaretten zu rauchen.<\/b><\/td>\r\n<\/tr>\r\n<\/tbody>\r\n<\/table><br \/>\r\n<div class=\"iframe-container\"><iframe loading=\"lazy\" width=\"560\" height=\"315\" src=\"https:\/\/www.youtube.com\/embed\/PjR5sfDHc5Y\" title=\"YouTube video player\" frameborder=\"0\" allow=\"accelerometer; autoplay; clipboard-write; encrypted-media; gyroscope; picture-in-picture\" allowfullscreen><\/iframe><\/div>\r\n\r\n<\/div>","protected":false},"excerpt":{"rendered":"used to + Grundform &#8211; be used to + -ing Form &#8211; Erkl\u00e4rungen &#8211; \u00dcbungen used to + Grundform &#8211; be used to + -ing Form &#8211; \u00dcbungen used to + Grundform &#8211; be used to + -ing Form &#8211; Erkl\u00e4rungen used to + Grundform &#8211; used to + -ing Form &#8211; Unterschied used to [&hellip;]","protected":false},"author":3,"featured_media":0,"parent":0,"menu_order":0,"comment_status":"closed","ping_status":"closed","template":"","meta":[],"_links":{"self":[{"href":"https:\/\/english-munich.de\/training\/wp-json\/wp\/v2\/pages\/8898"}],"collection":[{"href":"https:\/\/english-munich.de\/training\/wp-json\/wp\/v2\/pages"}],"about":[{"href":"https:\/\/english-munich.de\/training\/wp-json\/wp\/v2\/types\/page"}],"author":[{"embeddable":true,"href":"https:\/\/english-munich.de\/training\/wp-json\/wp\/v2\/users\/3"}],"replies":[{"embeddable":true,"href":"https:\/\/english-munich.de\/training\/wp-json\/wp\/v2\/comments?post=8898"}],"version-history":[{"count":3,"href":"https:\/\/english-munich.de\/training\/wp-json\/wp\/v2\/pages\/8898\/revisions"}],"predecessor-version":[{"id":8901,"href":"https:\/\/english-munich.de\/training\/wp-json\/wp\/v2\/pages\/8898\/revisions\/8901"}],"wp:attachment":[{"href":"https:\/\/english-munich.de\/training\/wp-json\/wp\/v2\/media?parent=8898"}],"curies":[{"name":"wp","href":"https:\/\/api.w.org\/{rel}","templated":true}]}}