{"id":8838,"date":"2021-04-03T16:52:13","date_gmt":"2021-04-03T16:52:13","guid":{"rendered":"https:\/\/english-munich.de\/training\/?page_id=8838"},"modified":"2022-05-11T06:01:47","modified_gmt":"2022-05-11T06:01:47","slug":"used-to-grundfrom-be-used-to-gerund","status":"publish","type":"page","link":"https:\/\/english-munich.de\/training\/used-to-grundfrom-be-used-to-gerund\/","title":{"rendered":"used to + Grundfrom &#8211;  be used to + Gerund"},"content":{"rendered":"<div class=\"jumbotron text-center\">\r\n<h2>used to + Grundfrom &#8211;  be used to + -ing Form Aufgaben<\/h2>\r\nused to + Grundfrom &#8211;  be used to + Gerund Unterschied\r\n\r\n<\/div>\r\n<div class=\"bs-example\">\r\n<div class=\"accordion\" id=\"accordionExample\">\r\n<div class=\"card\">\r\n<div class=\"card-header\" id=\"headingOne\">\r\n<h2 class=\"mb-0\" style=\"color:#000\">\r\n                    <button type=\"button\" class=\"btn btn-link collapsed\" data-toggle=\"collapse\" data-target=\"#collapseOne\">Beispiel<\/button><\/h2>\r\n<\/div>\r\n<div id=\"collapseOne\" class=\"collapse\" aria-labelledby=\"headingOne\" data-parent=\"#accordionExample\">\r\n<div class=\"card-body\">\r\n<div class=\"form\">\r\n\r\n<b><span class=\"number\">\u24ff<\/span><\/b>John <input type=\"text\" class=\"form-control\" id=\"panel-beispiel\" disabled=\"\" value=\"used to run\"> every morning.\r\n<br \/>\r\nDie richtige L\u00f6sung ist: <i>used to run<\/i><button class=\"btn-lg btn-info\" type=\"button\" data-toggle=\"modal\" data-target=\"#myModal\">Tipp<\/button>\r\n\r\n<\/div>\r\n<\/div>\r\n<\/div>\r\n<\/div>\r\n<\/div>\r\n<br \/>\r\n<div class=\"container well\">\r\n<h4>\u2061\r\n\ud83d\uddb1\ufe0fZiehe die richtige Option(Drag &amp; Drop) used to  entweder mit Grundfrom oder Gerund in die L\u00fccken:<\/h4>\r\n\r\n<hr>\r\n\r\n<br \/>\r\n<div class=\"container-fluid answer-container\">\r\n<div>\r\n<ul class=\"answer-container1\">\r\n        <li class=\"drop\">used to play<\/li>\r\n \t<li class=\"drop\">used to smoking<\/li>\r\n \t<li class=\"drop\">used to being<\/li>\r\n \t<li class=\"drop\">used to live<\/li>\r\n \t<li class=\"drop\">used to going<\/li>\r\n \t<li class=\"drop\">used to eating<\/li>\r\n \t<li class=\"drop\">used to living<\/li>\r\n \t<li class=\"drop\">used to drive<\/li>\r\n \t<li class=\"drop\">used to walk<\/li>\r\n        <li class=\"drop\">used to be<\/li>\r\n<\/ul>\r\n<\/div>\r\n<div id=\"test-container\" class=\"container-fluid\">\r\n<div class=\"table\">\r\n<div class=\"table-row\">\r\n<div class=\"table-cell small\"><span class=\"number\"><b>\u2776<\/b><\/span>He is <\/div>\r\n<div class=\"table-cell ziel\" id=\"ziel1\">\r\n<ul class=\"ziel1\"><\/ul>\r\n<\/div>\r\n<div class=\"table-cell\"> a cigar in the morning.<\/div>\r\n<\/div>\r\n<div class=\"table-cell small\"><\/div>\r\n<div id=\"result1\"><\/div>\r\n<div><a button=\"\" class=\"btn btn-success tipp1 hidden\" aria-hidden=\"true\" href=\"#8\" title=\"He is used to smoking.\" data-toggle=\"popover\" data-placement=\"top\" data-trigger=\"hover\" style=\"text-decoration: none, color:white\" data-content=\"'used to + Gerund' bezieht sich auf eine existierende Gewohnheit, das kannst du an 'is' erkennen, das den Satz mit dem Gerund einleitet. \">Tipp<\/a><\/div>\r\n<div class=\"table-row\">\r\n<div class=\"table-cell small\"><span class=\"number\"><b>\u2777<\/b><\/span>Before Corona he <\/div>\r\n<div class=\"table-cell ziel\" id=\"ziel2\">\r\n<ul class=\"ziel1\"><\/ul>\r\n<\/div>\r\n<div class=\"table-cell\"> a good student.<\/div>\r\n<\/div>\r\n<div class=\"table-cell small\"><\/div>\r\n<div id=\"result2\"><\/div>\r\n<div><a button=\"\" class=\"btn btn-success tipp2 hidden\" aria-hidden=\"true\" href=\"#8\" title=\"Before Corona he used to be...\" data-toggle=\"popover\" data-placement=\"top\" data-trigger=\"hover\" style=\"text-decoration: none, color:white\" data-content=\"'used to be' bedeutet hier 'war fr\u00fcher einmal'; kein Gerund, weil sich der Satz auf einen regelm\u00e4\u00dfigen Zustand in der Vergangenheit bezieht und nicht durch 'be' eingeleitet wird.\">Tipp<\/a><\/div>\r\n<div class=\"table-row\">\r\n<div class=\"table-cell small\"><span class=\"number\"><b>\u2778<\/b><\/span>1860<\/div>\r\n<div class=\"table-cell ziel\" id=\"ziel3\">\r\n<ul class=\"ziel1\"><\/ul>\r\n<\/div>\r\n<div class=\"table-cell\"> in the Bundesliga.<\/div>\r\n<\/div>\r\n<div class=\"table-cell small\"><\/div>\r\n<div id=\"result3\"><\/div>\r\n<div><a button=\"\" class=\"btn btn-success tipp3 hidden\" aria-hidden=\"true\" href=\"#8\" title=\"1860 used to play.\" data-toggle=\"popover\" data-placement=\"top\" data-trigger=\"hover\" style=\"text-decoration: none, color:white\" data-content=\"'used to be' bedeutet hier 'war fr\u00fcher einmal'; kein Gerund, weil sich der Satz auf einen regelm\u00e4\u00dfigen Zustand in der Vergangenheit bezieht..\">Tipp<\/a><\/div>\r\n<div class=\"table-cell small\"><\/div>\r\n<div id=\"result2\"><\/div>\r\n<div class=\"table-row\">\r\n<div class=\"table-cell small\"><span class=\"number\"><b>\u2779<\/b><\/span>She is<\/div>\r\n<div class=\"table-cell ziel\" id=\"ziel4\">\r\n<ul class=\"ziel1\"><\/ul>\r\n<\/div>\r\n<div class=\"table-cell\">obeyed immediately.<\/div>\r\n<\/div>\r\n<div class=\"table-cell small\"><\/div>\r\n<div id=\"result4\"><\/div>\r\n<div><a button=\"\" class=\"btn btn-success tipp4 hidden\" aria-hidden=\"true\" href=\"#8\" title=\"She is used to being obeyed...\" data-toggle=\"popover\" data-placement=\"top\" data-trigger=\"hover\" style=\"text-decoration: none, color:white\" data-content=\"'being obeyed' bezieht sich auf eine Gewohnheit in der Gegenwart. Vorsicht der Satz ist hier im Passiv. ('Sie ist daran gew\u00f6hnt, dass man ihr sofort gehorcht.')\">Tipp<\/a><\/div>\r\n<div class=\"table-cell small\"><\/div>\r\n<div id=\"result2\"><\/div>\r\n<div class=\"table-row\">\r\n<div class=\"table-cell small\"><span class=\"number\"><b>\u277a<\/b><\/span>In the old days we<\/div>\r\n<div class=\"table-cell ziel\" id=\"ziel5\">\r\n<ul class=\"ziel1\"><\/ul>\r\n<\/div>\r\n<div class=\"table-cell\">walk to school barefoot.<\/div>\r\n<\/div>\r\n<div class=\"table-cell small\"><\/div>\r\n<div id=\"result5\"><\/div>\r\n<div><a button=\"\" class=\"btn btn-success tipp5 hidden\" aria-hidden=\"true\" href=\"#8\" title=\"...we used to walk...\" data-toggle=\"popover\" data-placement=\"top\" data-trigger=\"hover\" style=\"text-decoration: none, color:white\" data-content=\"'used to walk 'sind fr\u00fcher immer gegangen '; kein Gerund, weil sich der Satz auf einen regelm\u00e4\u00dfigen Zustand in der Vergangenheit bezieht...\">Tipp<\/a><\/div>\r\n<div class=\"table-cell small\"><\/div>\r\n<div id=\"result2\"><\/div>\r\n<div class=\"table-row\">\r\n<div class=\"table-cell small\"><span class=\"number\"><b>\u277b<\/b><\/span>They were <\/div>\r\n<div class=\"table-cell ziel\" id=\"ziel6\">\r\n<ul class=\"ziel1\"><\/ul>\r\n<\/div>\r\n<div class=\"table-cell\"> in luxury.<\/div>\r\n<\/div>\r\n<div class=\"table-cell small\"><\/div>\r\n<div id=\"result6\"><\/div>\r\n<div><a button=\"\" class=\"btn btn-success tipp6 hidden\" aria-hidden=\"true\" href=\"#8\" title=\"They were used to living in luxury.\" data-toggle=\"popover\" data-placement=\"top\" data-trigger=\"hover\" style=\"text-decoration: none, color:white\" data-content=\"'used to living' wird durch 'were' eingeleitet deswegen musst Du das Gerund verwenden.' \">Tipp<\/a><\/div>\r\n<div class=\"table-cell small\"><\/div>\r\n<div id=\"result2\"><\/div>\r\n<div class=\"table-row\">\r\n<div class=\"table-cell small\"><span class=\"number\"><b>\u277c<\/b><\/span>He <\/div>\r\n<div class=\"table-cell ziel\" id=\"ziel7\">\r\n<ul class=\"ziel1\"><\/ul>\r\n<\/div>\r\n<div class=\"table-cell\">in Munich. Now he is in Berlin.<\/div>\r\n<\/div>\r\n<div class=\"table-cell small\"><\/div>\r\n<div id=\"result7\"><\/div>\r\n<div><a button=\"\" class=\"btn btn-success tipp7 hidden\" aria-hidden=\"true\" href=\"#8\" title=\"He used to live in Munich.\" data-toggle=\"popover\" data-placement=\"top\" data-trigger=\"hover\" style=\"text-decoration: none, color:white\" data-content=\" 'used to' bezieht auf eine Gewohnheit in der Vergangenheit \u2794 auf den Ausdruck folgt direkt die Grundform ('used to live') '.\">Tipp<\/a><\/div>\r\n<div class=\"table-cell small\"><\/div>\r\n<div id=\"result2\"><\/div>\r\n<div class=\"table-row\">\r\n<div class=\"table-cell small\"><span class=\"number\"><b>\u277d<\/b><\/span>John is<\/div>\r\n<div class=\"table-cell ziel\" id=\"ziel8\">\r\n<ul class=\"ziel1\"><\/ul>\r\n<\/div>\r\n<div class=\"table-cell\"> to work by bus.<\/div>\r\n<\/div>\r\n<div class=\"table-cell small\"><\/div>\r\n<div id=\"result8\"><\/div>\r\n<div><a button=\"\" class=\"btn btn-success tipp8 hidden\" aria-hidden=\"true\" href=\"#8\" title=\"He is used \r\n to going to school by bus.\" data-toggle=\"popover\" data-placement=\"top\" data-trigger=\"hover\" style=\"text-decoration: none, color:white\" data-content=\" 'he is used to going' \u2794 bezieht sich auf eine vorherrschende Gewohnheit, das Gerund wird durch 'is' eingeleitet.\">Tipp<\/a><\/div>\r\n<div class=\"table-cell small\"><\/div>\r\n<div id=\"result2\"><\/div>\r\n<div class=\"table-row\">\r\n<div class=\"table-cell small\"><span class=\"number\"><b>\u277e<\/b><\/span> She <\/div>\r\n<div class=\"table-cell ziel\" id=\"ziel9\">\r\n<ul class=\"ziel1\"><\/ul>\r\n<\/div>\r\n<div class=\"table-cell\"> drive a Ferrari.<\/div>\r\n<\/div>\r\n<div class=\"table-cell small\"><\/div>\r\n<div id=\"result9\"><\/div>\r\n<div><a button=\"\" class=\"btn btn-success tipp9 hidden\" aria-hidden=\"true\" href=\"#8\" title=\"She used to drive a Ferrari.\" data-toggle=\"popover\" data-placement=\"top\" data-trigger=\"hover\" style=\"text-decoration: none, color:white\" data-content=\" 'used' bezieht sich auf eine Gewohnheit in der Vergangenheit. Die Grundfrom folgt direkt auf 'used to'.\">Tipp<\/a><\/div>\r\n<div class=\"table-cell small\"><\/div>\r\n<div id=\"result\"><\/div>\r\n<div class=\"table-row\">\r\n<div class=\"table-cell small\"><span class=\"number\"><b>\u277f<\/b><\/span>They are<\/div>\r\n<div class=\"table-cell ziel\" id=\"ziel10\">\r\n<ul class=\"ziel1\"><\/ul>\r\n<\/div>\r\n<div class=\"table-cell\"> only vegan food.<\/div>\r\n<\/div>\r\n<div class=\"table-cell small\"><\/div>\r\n<div id=\"result10\"><\/div>\r\n<div><a button=\"\" class=\"btn btn-success tipp10 hidden\" aria-hidden=\"true\" href=\"#8\" title=\"They are used to eating only salad.\" data-toggle=\"popover\" data-placement=\"top\" data-trigger=\"hover\" style=\"text-decoration: none, color:white\" data-content=\"'They are used to eating only salad' bezieht sich auf eine voherrschende Gewohnheit. Der Ausdruck mit der -ing Form wird durch 'are' eingeleitet.\">Tipp<\/a><\/div>\r\n<\/div>\r\n<!-- The Modal -->\r\n<div id=\"myModal\" class=\"modal\">\r\n<div class=\"modal-dialog\">\r\n<div class=\"modal-content\">\r\n\r\n<!-- Modal Header -->\r\n<div class=\"modal-header\">\r\n<h4 class=\"modal-title\">used to + Grundfrom &#8211; be used to + Gerund Unterschied<\/h4>\r\n<button class=\"close\" type=\"button\" data-dismiss=\"modal\">\u00d7<\/button>\r\n\r\n<\/div>\r\n<!-- Modal body -->\r\n<div class=\"modal-body\"><table class=\"table table-bordered table-sm table-hover\">\r\n<thead>\r\n<tr class=\"table-danger\">\r\n<th colspan=\"2\">used to + Grundform &#8211; used to + -ing Form &#8211; Unterschied<\/th>\r\n<\/tr>\r\n<\/thead>\r\n<tbody>\r\n<tr class=\"table-primary\">\r\n<td><b>used to + Grundform<\/b><\/td>\r\n<td><b>be used to + -ing Form<\/b><\/td>\r\n<\/tr>\r\n<tr class=\"table-info\">\r\n<td><b>eine Gewohnheit in der Vergangheit (ohne be)<\/b><\/td>\r\n<td><b>eine Gewohnheit: be + used to + -ing Form<\/b><\/td>\r\n<\/tr>\r\n<tr class=\"table-success\">\r\n<td><b>I used to smoke cigarettes.<\/b><\/td>\r\n<td><b>I am used to smoking cigarettes.<\/b><\/td>\r\n<\/tr>\r\n<tr class=\"table-info\">\r\n<td><b>Ich habe fr\u00fcher einmal Zigaretten geraucht.<\/b><\/td>\r\n<td><b>Ich bin daran gew\u00f6hnt Zigaretten zu rauchen.<\/b><\/td>\r\n<\/tr>\r\n<\/tbody>\r\n<\/table><\/div>\r\n<!-- Modal footer -->\r\n<div class=\"modal-footer\"><button class=\"btn btn-danger\" type=\"button\" data-dismiss=\"modal\">Close<\/button><\/div>\r\n<\/div>\r\n<\/div>\r\n<\/div>\r\n<\/div>\r\n<\/div>\r\n<\/div>\r\n<div class=\"container\">\r\n\r\n<hr>\r\n\r\n<button id=\"submitButton\" class=\"btn-lg btn-primary \" type=\"submit\" value=\"submit\">Pr\u00fcfen<\/button><button id=\"resetButton\" class=\"btn-lg btn-success\" type=\"submit\" onclick=\"refreshPage()\">Neustart<\/button><button id=\"submitButton\" class=\"btn-lg btn-info\" type=\"button\" value=\"submit\" data-toggle=\"modal\" data-target=\"#myModal\">Tipp<\/button>\r\n\r\n<hr>\r\n\r\n<br \/>\r\n<a href=\"https:\/\/english-munich.de\/training\/wp-content\/uploads\/2022\/05\/Arbeitsblatt-use-to-didnt-use-to-did-use-to.pdf\">Arbeitsblatt used to &#8211; didn&#8217;t use to &#8211; did use to? <i class=\"fa fa-download\"><\/i><\/a>\r\n<br \/><br \/>\r\n\r\n<p id=\"ergebnis\"><\/p>\r\n<p id=\"ergebnis2\"><\/p>\r\n<b><\/b>\r\n<h3>Alle \u00dcbungen used to + Grundform &#8211; be used to + ing Form &#8211; Unterschied:<\/h3>\r\n<hr>\r\n<div id=\"bellows-main-72\" class=\"bellows bellows-nojs bellows-main bellows-source-menu bellows-align-full bellows-skin-vanilla bellows-type-\"><ul id=\"menu-used-to\" class=\"bellows-nav\" data-bellows-config=\"main\"><li id=\"menu-item-8897\" class=\"bellows-menu-item bellows-menu-item-type-post_type bellows-menu-item-object-page bellows-menu-item-8897 bellows-item-level-0\"><a  href=\"https:\/\/english-munich.de\/training\/used-to-grundfrom-be-used-to-gerund\/\" class=\"bellows-target\"><span class=\"bellows-target-title bellows-target-text\">\ud83d\uddb1\ufe0fused to + Grundfrom \u2013  be used to + Gerund<\/span><\/a><\/li>\n<li id=\"menu-item-8896\" class=\"bellows-menu-item bellows-menu-item-type-post_type bellows-menu-item-object-page bellows-menu-item-8896 bellows-item-level-0\"><a  href=\"https:\/\/english-munich.de\/training\/used-to-grundform-be-used-to-ing-form\/\" class=\"bellows-target\"><span class=\"bellows-target-title bellows-target-text\">\u2611\ufe0fused to + Grundform \u2013 be used to + -ing Form<\/span><\/a><\/li>\n<li id=\"menu-item-8895\" class=\"bellows-menu-item bellows-menu-item-type-post_type bellows-menu-item-object-page bellows-menu-item-8895 bellows-item-level-0\"><a  href=\"https:\/\/english-munich.de\/training\/used-to-grundform-be-used-to-ing-form-2\/\" class=\"bellows-target\"><span class=\"bellows-target-title bellows-target-text\">\u270d\ufe0fused to + Grundform \u2013 be used to + -ing Form<\/span><\/a><\/li>\n<\/ul><\/div>\r\n<\/div>\r\n<\/div>","protected":false},"excerpt":{"rendered":"used to + Grundfrom &#8211; be used to + -ing Form Aufgaben used to + Grundfrom &#8211; be used to + Gerund Unterschied Beispiel \u24ffJohn every morning. Die richtige L\u00f6sung ist: used to runTipp \u2061 \ud83d\uddb1\ufe0fZiehe die richtige Option(Drag &amp; Drop) used to entweder mit Grundfrom oder Gerund in die L\u00fccken: used to play used [&hellip;]","protected":false},"author":3,"featured_media":0,"parent":0,"menu_order":0,"comment_status":"closed","ping_status":"closed","template":"","meta":[],"_links":{"self":[{"href":"https:\/\/english-munich.de\/training\/wp-json\/wp\/v2\/pages\/8838"}],"collection":[{"href":"https:\/\/english-munich.de\/training\/wp-json\/wp\/v2\/pages"}],"about":[{"href":"https:\/\/english-munich.de\/training\/wp-json\/wp\/v2\/types\/page"}],"author":[{"embeddable":true,"href":"https:\/\/english-munich.de\/training\/wp-json\/wp\/v2\/users\/3"}],"replies":[{"embeddable":true,"href":"https:\/\/english-munich.de\/training\/wp-json\/wp\/v2\/comments?post=8838"}],"version-history":[{"count":25,"href":"https:\/\/english-munich.de\/training\/wp-json\/wp\/v2\/pages\/8838\/revisions"}],"predecessor-version":[{"id":11673,"href":"https:\/\/english-munich.de\/training\/wp-json\/wp\/v2\/pages\/8838\/revisions\/11673"}],"wp:attachment":[{"href":"https:\/\/english-munich.de\/training\/wp-json\/wp\/v2\/media?parent=8838"}],"curies":[{"name":"wp","href":"https:\/\/api.w.org\/{rel}","templated":true}]}}