{"id":8769,"date":"2021-03-31T20:17:07","date_gmt":"2021-03-31T20:17:07","guid":{"rendered":"https:\/\/english-munich.de\/training\/?page_id=8769"},"modified":"2022-08-07T08:13:08","modified_gmt":"2022-08-07T08:13:08","slug":"satzstellung-satzbau-englisch-erklaerungen-uebungen","status":"publish","type":"page","link":"https:\/\/english-munich.de\/training\/satzstellung-satzbau-englisch-erklaerungen-uebungen\/","title":{"rendered":"Satzstellung &#8211; Satzbau Englisch &#8211; Erkl\u00e4rungen &#8211; \u00dcbungen"},"content":{"rendered":"<div class=\"container well\">\r\n<h2>Satzstellung Englisch &#8211; Erkl\u00e4rungen und \u00dcbungen<\/h2>\r\n<hr>\r\n<h3>Satzstellung Englisch \u00dcbungen<\/h3>\r\n<div id=\"bellows-main-71\" class=\"bellows bellows-nojs bellows-main bellows-source-menu bellows-align-full bellows-skin-vanilla bellows-type-\"><ul id=\"menu-satzstellung\" class=\"bellows-nav\" data-bellows-config=\"main\"><li id=\"menu-item-8765\" class=\"bellows-menu-item bellows-menu-item-type-post_type bellows-menu-item-object-page bellows-menu-item-8765 bellows-item-level-0\"><a  href=\"https:\/\/english-munich.de\/training\/satzstellung-satzbau-englisch-2\/\" class=\"bellows-target\"><span class=\"bellows-target-title bellows-target-text\">\ud83d\uddb1\ufe0fSatzstellung \u2013 Satzbau<\/span><\/a><\/li>\n<li id=\"menu-item-8766\" class=\"bellows-menu-item bellows-menu-item-type-post_type bellows-menu-item-object-page bellows-menu-item-8766 bellows-item-level-0\"><a  href=\"https:\/\/english-munich.de\/training\/satzbau-satzstellung-englisch\/\" class=\"bellows-target\"><span class=\"bellows-target-title bellows-target-text\">\ud83d\uddb1\ufe0fSatzstellung \u2013 Satzbau II<\/span><\/a><\/li>\n<li id=\"menu-item-8795\" class=\"bellows-menu-item bellows-menu-item-type-post_type bellows-menu-item-object-page bellows-menu-item-8795 bellows-item-level-0\"><a  href=\"https:\/\/english-munich.de\/training\/satzstellung-satzbau-englisch-3\/\" class=\"bellows-target\"><span class=\"bellows-target-title bellows-target-text\">\ud83d\uddb1\ufe0fSatzstellung \u2013 Satzbau III<\/span><\/a><\/li>\n<li id=\"menu-item-8816\" class=\"bellows-menu-item bellows-menu-item-type-post_type bellows-menu-item-object-page bellows-menu-item-8816 bellows-item-level-0\"><a  href=\"https:\/\/english-munich.de\/training\/satzstellung-satzbau-englisch-4\/\" class=\"bellows-target\"><span class=\"bellows-target-title bellows-target-text\">\ud83d\uddb1\ufe0fSatzstellung \u2013 Satzbau IV<\/span><\/a><\/li>\n<\/ul><\/div>\r\n<h3>Satzbau Englisch Erkl\u00e4rungen<\/h3>\r\nDie Satzstellung im Englischen folgt einem sehr einfachen Prinzip:\r\n<i class=\"text-danger\">Subjekt Verb Objekt<\/i>.<br \/>\r\n<b>zum Beispiel:<\/b><br \/>\r\n<i class=\"text-danger\">Subjekt:<\/i> Peter <i class=\"text-danger\">Verb:<\/i> plays <i class=\"text-danger\">Objekt:<\/i> football.<br \/>\r\nDer Satz kann durch eine <i class=\"text-danger\">Satzerg\u00e4nzung der Zeit<\/i> und eine <i class=\"text-danger\">Satzerg\u00e4nzung des Ortes<\/i> erweitert werden.<br \/>\r\nIn diesem Zusammenhang gilt die Regel <i class=\"text-danger\">Ort vor Zeit<\/i>.\r\nSchlie\u00dflich kann noch ein <i class=\"text-danger\">H\u00e4ufigkeitsadverb<\/i>erg\u00e4nzt werden.\r\n<i class=\"text-danger\">H\u00e4ufigkeitsadverbien<\/i> sind W\u00f6rter wie: <i class=\"text-danger\">sometimes, usually, never, mostly, recently, often<\/i>.\r\nDiese werden immer <i class=\"text-danger\">vor dem Hauptverb<\/i> einfgef\u00fcgt:<br \/>\r\n<b>zum Beispiel:<\/b><br \/>\r\n<i class=\"text-danger\">Subjekt:<\/i> Peter<i class=\"text-danger\">H\u00e4ufigkeitsadverb:<\/i> often <i class=\"text-danger\">Verb:<\/i> plays <i class=\"text-danger\">Objekt:<\/i> football <i class=\"text-danger\">Satzerg\u00e4nzung des Ortes:<\/i> at school <i class=\"text-danger\"> Satzerg\u00e4nzung der Zeit:<\/i> on Monday.<br \/><br \/>\r\n<div class=\"iframe-container\">\r\n<iframe loading=\"lazy\" width=\"560\" height=\"315\" src=\"https:\/\/www.youtube.com\/embed\/txtMfUufrzc\" title=\"YouTube video player\" frameborder=\"0\" allow=\"accelerometer; autoplay; clipboard-write; encrypted-media; gyroscope; picture-in-picture\" allowfullscreen><\/iframe><\/div><br \/><br \/>\r\n<h3>Besonderheiten Satzstellung Englisch<\/h3>\r\nDie Zeitangaben <i class=\"text-danger\">lately bzw. recently<\/i> werden gerne vor dem Hilfsverb platziert. Denn sie sehen wie H\u00e4ufigkeitsadverbien aus. Dies w\u00e4re grammatikalisch nicht falsch.\r\nDennoch betont dies die Zeitangabe zu sehr.\r\nAu\u00dferdem musst du bei Zeitangaben wie <i class=\"text-danger\">every day, week, year<\/i> usw. aufpassen.\r\nOft fragen mich Englisch Lernende: kann man diese auch an den <i class=\"text-danger\">Satzanfang<\/i> stellen?\r\nDie Antwort: Ja! Jedoch betont das die Zeitangabe zu sehr. Deswegen ist es besser sie ans <i class=\"text-danger\">Satzende<\/i> zu stellen.<br \/>\r\n<b>zum Beispiel:<\/b><br \/>\r\nI clean up my room <i class=\"text-danger\">every day.<\/i>\r\nDies ist eine neutrale Aussage.\r\n<i class=\"text-danger\">Every day<\/i> I clean up my room.\r\nIn dieser Aussage schwingt Unzufriedenheit und Klage mit.<br \/><br \/>\r\n<div class=\"container text-center\">\r\n<img decoding=\"async\" class=\"img-responsive img-rounded\" title=\"Satzstellung-Satzbau-Englisch-Erkl\u00e4rungen\" src=\"https:\/\/english-munich.de\/training\/wp-content\/uploads\/2021\/03\/Satzstellung-Satzbau-Englisch.jpg\"  alt=\"Statzstellung-Saatzbau-Englisch-Erk\u00e4rung\" \/><\/div><br \/>\r\n<h3>Satzstellung in der Verneinung<\/h3>\r\nIst ein Satz <i class=\"text-danger\">verneint<\/i>, bleibt das H\u00e4ufigkeitsadverb stets beim Hauptverb.\r\nOft neigen Englisch Lerndene dazu, das H\u00e4ufigkeitsadverb (<i class=\"text-danger\">always, sometimes, usually, ever, never, often etc.<\/i> vor das Hilfsverb zu setzen.<br \/>\r\n<b>zum Beispiel:<\/b><br \/>\r\nI don&#8217;t <i class=\"text-danger\">always<\/i> listen to Country music.<br \/>\r\nHe doesn&#8217;t <i class=\"text-danger\">often<\/i> drink milk.<br \/>\r\nWe don&#8217;t <i class=\"text-danger\">ever<\/i> play football.<br \/>\r\nThey don&#8217;t <i class=\"text-danger\">usually<\/i> eat meat.<br \/>\r\n<br \/>\r\nDas Gleiche gilt f\u00fcr alle anderen Zeiten, in denen ein Hifsverb vorkommt. Das H\u00e4ufigkeitsadverb bleibt stets beim Hauptverb!<br \/>\r\n<b>zum Beispiel<\/b><br \/>\r\nI won&#8217;t <i class=\"text-danger\">always<\/i> be able to help you.<br \/>\r\nI have <i class=\"text-danger\">never<\/i> dreamed of going to France.<br \/>\r\nI didn&#8217;t <i class=\"text-danger\">often <\/i> go to school.<br \/>\r\nWe haven&#8217;t <i class=\"text-danger\">ever<\/i> heard his name.<br \/> \r\n\r\n<br \/><br \/>\r\n<div class=\"iframe-container\">\r\n<iframe loading=\"lazy\" width=\"560\" height=\"315\" src=\"https:\/\/www.youtube.com\/embed\/9fwf8qv_jNI\" title=\"YouTube video player\" frameborder=\"0\" allow=\"accelerometer; autoplay; clipboard-write; encrypted-media; gyroscope; picture-in-picture\" allowfullscreen><\/iframe><\/iframe><\/div><br \/><br \/><\/div>","protected":false},"excerpt":{"rendered":"Satzstellung Englisch &#8211; Erkl\u00e4rungen und \u00dcbungen Satzstellung Englisch \u00dcbungen Satzbau Englisch Erkl\u00e4rungen Die Satzstellung im Englischen folgt einem sehr einfachen Prinzip: Subjekt Verb Objekt. zum Beispiel: Subjekt: Peter Verb: plays Objekt: football. Der Satz kann durch eine Satzerg\u00e4nzung der Zeit und eine Satzerg\u00e4nzung des Ortes erweitert werden. In diesem Zusammenhang gilt die Regel Ort vor [&hellip;]","protected":false},"author":3,"featured_media":0,"parent":0,"menu_order":0,"comment_status":"closed","ping_status":"closed","template":"","meta":[],"_links":{"self":[{"href":"https:\/\/english-munich.de\/training\/wp-json\/wp\/v2\/pages\/8769"}],"collection":[{"href":"https:\/\/english-munich.de\/training\/wp-json\/wp\/v2\/pages"}],"about":[{"href":"https:\/\/english-munich.de\/training\/wp-json\/wp\/v2\/types\/page"}],"author":[{"embeddable":true,"href":"https:\/\/english-munich.de\/training\/wp-json\/wp\/v2\/users\/3"}],"replies":[{"embeddable":true,"href":"https:\/\/english-munich.de\/training\/wp-json\/wp\/v2\/comments?post=8769"}],"version-history":[{"count":19,"href":"https:\/\/english-munich.de\/training\/wp-json\/wp\/v2\/pages\/8769\/revisions"}],"predecessor-version":[{"id":11712,"href":"https:\/\/english-munich.de\/training\/wp-json\/wp\/v2\/pages\/8769\/revisions\/11712"}],"wp:attachment":[{"href":"https:\/\/english-munich.de\/training\/wp-json\/wp\/v2\/media?parent=8769"}],"curies":[{"name":"wp","href":"https:\/\/api.w.org\/{rel}","templated":true}]}}