{"id":8677,"date":"2021-03-30T06:43:33","date_gmt":"2021-03-30T06:43:33","guid":{"rendered":"https:\/\/english-munich.de\/training\/?page_id=8677"},"modified":"2021-03-30T06:44:26","modified_gmt":"2021-03-30T06:44:26","slug":"find-found-founded-unterschied-2","status":"publish","type":"page","link":"https:\/\/english-munich.de\/training\/find-found-founded-unterschied-2\/","title":{"rendered":"Find &#8211; found &#8211; founded &#8211; Unterschied"},"content":{"rendered":"<div class=\"container well\">\r\n<h2>\u00dcbungen und Erkl\u00e4rungen zum Unterschied von find &#8211; found &#8211; founded<\/h2>\r\n<hr>\r\n<h3>\u00dcbungen find &#8211; found &#8211; founded &#8211; Unterschied<\/h3>\r\n<div id=\"bellows-main-70\" class=\"bellows bellows-nojs bellows-main bellows-source-menu bellows-align-full bellows-skin-vanilla bellows-type-\"><ul id=\"menu-find-found-founded\" class=\"bellows-nav\" data-bellows-config=\"main\"><li id=\"menu-item-8675\" class=\"bellows-menu-item bellows-menu-item-type-post_type bellows-menu-item-object-page bellows-menu-item-8675 bellows-item-level-0\"><a  href=\"https:\/\/english-munich.de\/training\/find-found-unterschied\/\" class=\"bellows-target\"><span class=\"bellows-target-title bellows-target-text\">\ud83d\uddb1\ufe0ffind \u2013 found \u2013 Unterschied<\/span><\/a><\/li>\n<li id=\"menu-item-8676\" class=\"bellows-menu-item bellows-menu-item-type-post_type bellows-menu-item-object-page bellows-menu-item-8676 bellows-item-level-0\"><a  href=\"https:\/\/english-munich.de\/training\/find-found-unterschied-englisch\/\" class=\"bellows-target\"><span class=\"bellows-target-title bellows-target-text\">\u2611\ufe0ffind \u2013 found \u2013 Unterschied<\/span><\/a><\/li>\n<li id=\"menu-item-8674\" class=\"bellows-menu-item bellows-menu-item-type-post_type bellows-menu-item-object-page bellows-menu-item-8674 bellows-item-level-0\"><a  href=\"https:\/\/english-munich.de\/training\/find-found-founded-unterschied\/\" class=\"bellows-target\"><span class=\"bellows-target-title bellows-target-text\">\u270d\ufe0ffind \u2013 found \u2013 founded<\/span><\/a><\/li>\n<\/ul><\/div>\r\n<hr>\r\n<h3>Erkl\u00e4rungen find &#8211; found &#8211; founded &#8211; Unterschied<\/h3>\r\n<div class=\"container\"><table class=\"table table-bordered table-sm table-hover\">\r\n<thead>\r\n<tr class=\"table-danger\">\r\n<th colspan=\"2\">find, found, founded &#8211; Unterschied<\/th>\r\n<\/tr>\r\n<\/thead>\r\n<tbody>\r\n<tr class=\"table-primary\">\r\n<td colspan=\"2\"><b>find &#8211; finden<\/b><\/td>\r\n<\/tr>\r\n<tr class=\"table-info\">\r\n<td colspan=\"2\"><b>I can find nowhere to park.<\/b><\/td>\r\n<\/tr>\r\n<tr class=\"table-primary\">\r\n<td><b>found &#8211; (simple past find)<\/b><\/td><td><b>found &#8211; gr\u00fcnden (Grundform, Pr\u00e4sens)<\/b><\/td>\r\n<\/tr>\r\n<tr class=\"table-info\">\r\n<td><b>I found 10 \u20ac in the street.<\/b><\/td><td><b>I want to found a cool club.<\/b><\/td>\r\n<\/tr>\r\n<tr class=\"table-primary\">\r\n<td colspan=\"2\"><b>founded &#8211; past participle\/simple past &#8211; found gr\u00fcnden<\/b><\/td>\r\n<\/tr>\r\n<tr class=\"table-info\">\r\n<td colspan=\"2\"><b>New Mecklenburg was founded by German settlers.<\/b><\/td>\r\n<\/tr>\r\n<\/tbody>\r\n<\/table>\r\n<\/div>\r\n<\/div>","protected":false},"excerpt":{"rendered":"\u00dcbungen und Erkl\u00e4rungen zum Unterschied von find &#8211; found &#8211; founded \u00dcbungen find &#8211; found &#8211; founded &#8211; Unterschied Erkl\u00e4rungen find &#8211; found &#8211; founded &#8211; Unterschied find, found, founded &#8211; Unterschied find &#8211; finden I can find nowhere to park. found &#8211; (simple past find)found &#8211; gr\u00fcnden (Grundform, Pr\u00e4sens) I found 10 \u20ac in [&hellip;]","protected":false},"author":3,"featured_media":0,"parent":0,"menu_order":0,"comment_status":"closed","ping_status":"closed","template":"","meta":[],"_links":{"self":[{"href":"https:\/\/english-munich.de\/training\/wp-json\/wp\/v2\/pages\/8677"}],"collection":[{"href":"https:\/\/english-munich.de\/training\/wp-json\/wp\/v2\/pages"}],"about":[{"href":"https:\/\/english-munich.de\/training\/wp-json\/wp\/v2\/types\/page"}],"author":[{"embeddable":true,"href":"https:\/\/english-munich.de\/training\/wp-json\/wp\/v2\/users\/3"}],"replies":[{"embeddable":true,"href":"https:\/\/english-munich.de\/training\/wp-json\/wp\/v2\/comments?post=8677"}],"version-history":[{"count":4,"href":"https:\/\/english-munich.de\/training\/wp-json\/wp\/v2\/pages\/8677\/revisions"}],"predecessor-version":[{"id":8682,"href":"https:\/\/english-munich.de\/training\/wp-json\/wp\/v2\/pages\/8677\/revisions\/8682"}],"wp:attachment":[{"href":"https:\/\/english-munich.de\/training\/wp-json\/wp\/v2\/media?parent=8677"}],"curies":[{"name":"wp","href":"https:\/\/api.w.org\/{rel}","templated":true}]}}