{"id":8581,"date":"2021-03-27T17:32:53","date_gmt":"2021-03-27T17:32:53","guid":{"rendered":"https:\/\/english-munich.de\/training\/?page_id=8581"},"modified":"2021-03-28T06:51:48","modified_gmt":"2021-03-28T06:51:48","slug":"rise-raise-unterschied-uebungen-und-erklaerungen","status":"publish","type":"page","link":"https:\/\/english-munich.de\/training\/rise-raise-unterschied-uebungen-und-erklaerungen\/","title":{"rendered":"rise &#8211; raise Unterschied &#8211; \u00dcbungen und Erkl\u00e4rungen"},"content":{"rendered":"<div class=\"container well\">\r\n<h2>rise &#8211; raise Unterschied &#8211; \u00dcbungen und Erkl\u00e4rungen<\/h2>\r\n<hr>\r\n<h3>rise &#8211; raise Unterschied \u00dcbungen <\/h3>\r\n<div id=\"bellows-main-69\" class=\"bellows bellows-nojs bellows-main bellows-source-menu bellows-align-full bellows-skin-vanilla bellows-type-\"><ul id=\"menu-raise-rise\" class=\"bellows-nav\" data-bellows-config=\"main\"><li id=\"menu-item-8579\" class=\"bellows-menu-item bellows-menu-item-type-post_type bellows-menu-item-object-page bellows-menu-item-8579 bellows-item-level-0\"><a  href=\"https:\/\/english-munich.de\/training\/rise-raise-unterschied-3\/\" class=\"bellows-target\"><span class=\"bellows-target-title bellows-target-text\">\ud83d\uddb1\ufe0frise \u2013 raise \u2013 Unterschied<\/span><\/a><\/li>\n<li id=\"menu-item-8580\" class=\"bellows-menu-item bellows-menu-item-type-post_type bellows-menu-item-object-page bellows-menu-item-8580 bellows-item-level-0\"><a  href=\"https:\/\/english-munich.de\/training\/rise-raise-unterschied-2\/\" class=\"bellows-target\"><span class=\"bellows-target-title bellows-target-text\">\u2611\ufe0frise \u2013 raise \u2013 Unterschied<\/span><\/a><\/li>\n<li id=\"menu-item-8615\" class=\"bellows-menu-item bellows-menu-item-type-post_type bellows-menu-item-object-page bellows-menu-item-8615 bellows-item-level-0\"><a  href=\"https:\/\/english-munich.de\/training\/rise-und-raise-unterschied\/\" class=\"bellows-target\"><span class=\"bellows-target-title bellows-target-text\">\u270d\ufe0frise und raise \u2013 Unterschied<\/span><\/a><\/li>\n<\/ul><\/div>\r\n<h3>rise &#8211; raise Unterschied Erkl\u00e4rungen<\/h3>\r\nDer Unterschied zwischen <b class=\"text-danger\">rise<\/b> und <b class=\"text-danger\">raise<\/b> ist beim Englisch lernen oft ein Problem. Denn beide klingen \u00e4hnlich. Au\u00dferdem sind sie in der Bedeutung fast gleich. Dennoch liegen hier die Unterschied, wie so oft im Englischen, im Detail.\r\n<b class=\"text-danger\">Rise<\/b> ist <b class=\"text-danger\">intransitiv<\/b>. Auf Deutsch: es bezieht sich auf sich selber und ben\u00f6tigt kein Objekt.\r\n<b>zum Beispiel:<\/b>\r\nThe sun <b class=\"text-danger\">rises<\/b> in the East. \r\nDie Sonne geht im Osten auf.\r\nDie Sonne erhebt sich selbst. Ein Objekt, weder direkt noch indirekt, ist <b class=\"text-danger\">nicht <\/b> notwendig.\r\n<b class=\"text-danger\">Raise<\/b> hingegen ist <b class=\"text-danger\">transitiv<\/b> und ben\u00f6tigt ein <b class=\"text-danger\">Objekt<\/b>. \r\nIt is hard to <b class=\"text-danger\">raise<\/b> children\r\nEs ist hart Kinder gro\u00dfzuziehen.\r\n<b class=\"text-danger\">Raise<\/b> bezieht sich in diesem Beispiel auf Kinder, also auf ein <b class=\"text-danger\">direktes Objekt<\/b>. Du ziehst also <b class=\"text-danger\">die Kinder<\/b> gro\u00df, nicht Dich <b class=\"text-danger\">selbst<\/b>. Aus diesem Grund musst Du <b class=\"text-danger\">raise<\/b> verwenden. Sonst w\u00fcrde es keinen Sinn ergeben.\r\nWeiter Beispiele:\r\nTo <b class=\"text-danger\">raise<\/b> a question.\r\nEine Frage stellen.\r\nTo <b class=\"text-danger\">raise<\/b> the flag.\r\nDie Fahne hissen.\r\nTo <b class=\"text-danger\">raise<\/b> your hand.\r\nDeine Hand heben.\r\n<div class=\"text-center\">\r\n<img decoding=\"async\" class=\"img-responsive img-rounded\" title=\"rise-raise-unterschied\" src=\"https:\/\/english-munich.de\/training\/wp-content\/uploads\/2021\/03\/rise-raise-Unterschied-e1616865929778.png\" alt=\"rise-raise-Unterschied\" \/>\r\n<\/div>\r\n<\/div>","protected":false},"excerpt":{"rendered":"rise &#8211; raise Unterschied &#8211; \u00dcbungen und Erkl\u00e4rungen rise &#8211; raise Unterschied \u00dcbungen rise &#8211; raise Unterschied Erkl\u00e4rungen Der Unterschied zwischen rise und raise ist beim Englisch lernen oft ein Problem. Denn beide klingen \u00e4hnlich. Au\u00dferdem sind sie in der Bedeutung fast gleich. Dennoch liegen hier die Unterschied, wie so oft im Englischen, im Detail. [&hellip;]","protected":false},"author":3,"featured_media":0,"parent":0,"menu_order":0,"comment_status":"closed","ping_status":"closed","template":"","meta":[],"_links":{"self":[{"href":"https:\/\/english-munich.de\/training\/wp-json\/wp\/v2\/pages\/8581"}],"collection":[{"href":"https:\/\/english-munich.de\/training\/wp-json\/wp\/v2\/pages"}],"about":[{"href":"https:\/\/english-munich.de\/training\/wp-json\/wp\/v2\/types\/page"}],"author":[{"embeddable":true,"href":"https:\/\/english-munich.de\/training\/wp-json\/wp\/v2\/users\/3"}],"replies":[{"embeddable":true,"href":"https:\/\/english-munich.de\/training\/wp-json\/wp\/v2\/comments?post=8581"}],"version-history":[{"count":7,"href":"https:\/\/english-munich.de\/training\/wp-json\/wp\/v2\/pages\/8581\/revisions"}],"predecessor-version":[{"id":8599,"href":"https:\/\/english-munich.de\/training\/wp-json\/wp\/v2\/pages\/8581\/revisions\/8599"}],"wp:attachment":[{"href":"https:\/\/english-munich.de\/training\/wp-json\/wp\/v2\/media?parent=8581"}],"curies":[{"name":"wp","href":"https:\/\/api.w.org\/{rel}","templated":true}]}}