{"id":8524,"date":"2021-03-27T07:53:03","date_gmt":"2021-03-27T07:53:03","guid":{"rendered":"https:\/\/english-munich.de\/training\/?page_id=8524"},"modified":"2021-03-28T17:50:56","modified_gmt":"2021-03-28T17:50:56","slug":"rise-raise-unterschied-2","status":"publish","type":"page","link":"https:\/\/english-munich.de\/training\/rise-raise-unterschied-2\/","title":{"rendered":"rise &#8211; raise &#8211; Unterschied"},"content":{"rendered":"<div class=\"jumbotron text-center\">\r\n<h2>rise &#8211; raise &#8211; Unterschied Aufgaben<\/h2>\r\n\u00dcbungen zum Unterschied von rise und raise\r\n\r\n<\/div>\r\n<div class=\"bs-example\">\r\n<div id=\"accordionExample\" class=\"accordion\">\r\n<div class=\"card\">\r\n<div id=\"headingOne\" class=\"card-header\">\r\n<h2 class=\"mb-0\" style=\"color: #000;\"><button class=\"btn btn-link collapsed\" type=\"button\" data-toggle=\"collapse\" data-target=\"#collapseOne\">Beispiel<\/button><\/h2>\r\n<\/div>\r\n<div id=\"collapseOne\" class=\"collapse\" aria-labelledby=\"headingOne\" data-parent=\"#accordionExample\">\r\n<div class=\"card-body\">\r\n<div class=\"form-group\" style=\"width: 70%; margin: 10px;\"><label for=\"sel1\"><span class=\"number\">\u24ff<\/span>The sun rises __________in the east.<\/label>\r\n<select id=\"beispiel\" class=\"form-control\">\r\n<option value=\"wrong\">don&#8217;t did<\/option>\r\n<option value=\"correct\">didn&#8217;t do<\/option>\r\n<option value=\"wrong\">doesn&#8217;t did<\/option>\r\n<\/select>\r\nDie richtige L\u00f6sung ist: <b>&#8222;rises&#8220;<\/b>&nbsp;&nbsp;<button class=\"btn-lg btn-info\" type=\"button\" value=\"submit\" data-toggle=\"modal\" data-target=\"#myModal\">Tipp<\/button>\r\n\r\n<\/div>\r\n<\/div>\r\n<\/div>\r\n<\/div>\r\n<\/div>\r\n<br \/><br \/>\r\n<div class=\"container well\">\r\n<h4>\u2611\ufe0f W\u00e4hle die richtige Option, entweder <b>rise<\/b> oder <b>raise<\/b> :<\/h4>\r\n\r\n\r\n<hr>\r\n\r\n<br \/>\r\n<div class=\"container-fluid\">\r\n<div class=\"form-group\" style=\"width: 70%;\"><label for=\"sel1\"><span class=\"number\">\u2776<\/span>Our stocks ________tremendously.<\/label>\r\n<select id=\"q0\" class=\"form-control\"><option value=\"wrong\"><\/option>\r\n<option value=\"wrong\">are raising<\/option>\r\n<option value=\"correct\">are rising<\/option>\r\n<\/select>\r\n<p id=\"correct0\" align=\"left\"><\/p>\r\n<a class=\"btn btn-success tipp0 hidden\" style=\"text-decoration: none, color:white;\" title=\"...are rising...\" href=\"#0\" data-toggle=\"popover\" data-placement=\"top\" data-trigger=\"hover\" data-content=\"Das Subjekt des Satzes wird selbst gr\u00f6\u00dfer deswegen \u2794 'rise'.\">Tipp<\/a>\r\n<\/div>\r\n<div class=\"form-group\" style=\"width: 70%;\"><label for=\"sel1\"><span class=\"number\">\u2777<\/span>No need to__________your voice.<\/label>\r\n<select id=\"q1\" class=\"form-control\">\r\n<option value=\"wrong\"><\/option>\r\n<option value=\"correct\">raise<\/option>\r\n<option value=\"wrong\">rise<\/option>\r\n<\/select>\r\n<p id=\"correct1\" align=\"left\"><\/p>\r\n<a class=\"btn btn-success tipp1 hidden\" style=\"text-decoration: none, color:white;\" title=\"...to raise your voice.\" href=\"#1\" data-toggle=\"popover\" data-placement=\"top\" data-trigger=\"hover\" data-content=\"Das Subjekt des Satzes mache einen weiteren Gegenstand ('Stimme') im Satz gr\u00f6\u00dfer, deswegen \u2794 'raise'. \">Tipp<\/a>\r\n\r\n<\/div>\r\n<div class=\"form-group\" style=\"width: 70%;\"><label for=\"sel1\"><span class=\"number\">\u2778<\/span>It&#8217;s not easy to__________children.<\/label>\r\n<select id=\"q2\" class=\"form-control\">\r\n<option value=\"wrong\"><\/option>\r\n<option value=\"correct\">raise<\/option>\r\n<option value=\"wrong\">rise<\/option>\r\n<\/select>\r\n<p id=\"correct2\" align=\"left\"><\/p>\r\n<a class=\"btn btn-success tipp2 hidden\" style=\"text-decoration: none, color:white;\" title=\"...to raise children.\" href=\"#2\" data-toggle=\"popover\" data-placement=\"top\" data-trigger=\"hover\" data-content=\"Das Subjekt des Satzes bezieht sich mit 'raise' auf das Objekt des Satzes ('children'), deswegen \u2794 'raise'. \">Tipp<\/a>\r\n<\/div>\r\n<div class=\"form-group\" style=\"width: 70%;\"><label for=\"sel1\"><span class=\"number\">\u2779<\/span>At the moment inflation risk__________.<\/label>\r\n<select id=\"q3\" class=\"form-control\">\r\n<option value=\"wrong\"><\/option>\r\n<option value=\"correct\">is rising<\/option>\r\n<option value=\"wrong\">is raising<\/option>\r\n<\/select>\r\n<p id=\"correct3\" align=\"left\"><\/p>\r\n<a class=\"btn btn-success tipp3 hidden\" style=\"text-decoration: none, color:white;\" title=\"inflation risk is rising...\" href=\"#3\" data-toggle=\"popover\" data-placement=\"top\" data-trigger=\"hover\" data-content=\" das Subjekt des Satzes steigt selbst, ein Objekt ist nicht vorhanden \u2794 deswegen 'is rising'.\">Tipp<\/a>\r\n\r\n<\/div>\r\n<div class=\"form-group\" style=\"width: 70%;\"><label for=\"sel1\"><span class=\"number\">\u277a<\/span>Press here to __________the volume.<\/label>\r\n<select id=\"q4\" class=\"form-control\">\r\n<option value=\"wrong\"><\/option>\r\n<option value=\"wrong\">rise<\/option>\r\n<option value=\"correct\">raise<\/option>\r\n<\/select>\r\n<p id=\"correct4\" align=\"left\"><\/p>\r\n<a class=\"btn btn-success tipp4 hidden\" style=\"text-decoration: none, color:white;\" title=\"...raise the volume.\" href=\"#4\" data-toggle=\"popover\" data-placement=\"top\" data-trigger=\"hover\" data-content=\"das Subjekt des Satzes steigert das Objekt \u2794 'volume', deswegen 'raise'.\">Tipp<\/a>\r\n\r\n<\/div>\r\n<div class=\"form-group\" style=\"width: 70%;\"><label for=\"sel1\"><span class=\"number\">\u277b<\/span>Japan is call the land of the__________sun.<\/label>\r\n<select id=\"q5\" class=\"form-control\">\r\n<option value=\"wrong\"><\/option>\r\n<option value=\"correct\">rising<\/option>\r\n<option value=\"wrong\">raising<\/option>\r\n<\/select>\r\n<p id=\"correct5\" align=\"left\"><\/p>\r\n<a class=\"btn btn-success tipp5 hidden\" style=\"text-decoration: none, color:white;\" title=\"...rising sun.\" href=\"#5\" data-toggle=\"popover\" data-placement=\"top\" data-trigger=\"hover\" data-content=\"das Subjekt des Satzes('sun') steigt selbst \u2794 deswegen 'rising'.\">Tipp<\/a>\r\n\r\n<\/div>\r\n<div class=\"form-group\" style=\"width: 70%;\"><label for=\"sel1\"><span class=\"number\">\u277c<\/span>That&#8217;s a big investment that means_________the stakes.<\/label>\r\n<select id=\"q6\" class=\"form-control\">\r\n<option value=\"wrong\"><\/option>\r\n<option value=\"wrong\">rising<\/option>\r\n<option value=\"correct\">raising<\/option>\r\n<\/select>\r\n<p id=\"correct6\" align=\"left\"><\/p>\r\n<a class=\"btn btn-success tipp6 hidden\" style=\"text-decoration: none, color:white;\" title=\"...raising the stakes.\" href=\"#6\" data-toggle=\"popover\" data-placement=\"top\" data-trigger=\"hover\" data-content=\"das Subjekt des Satzes steigert das Objekt ('the stakes' - den Einsatz), deswegen \u2794 'raise'.\">Tipp<\/a>\r\n\r\n<\/div>\r\n<div class=\"form-group\" style=\"width: 70%;\"><label for=\"sel1\"><span class=\"number\">\u277d<\/span>After the Corona crisis taxes are bound to________.<\/label>\r\n<select id=\"q7\" class=\"form-control\">\r\n<option value=\"wrong\"><\/option>\r\n<option value=\"correct\">rise<\/option>\r\n<option value=\"wrong\">raise<\/option>\r\n<\/select>\r\n<p id=\"correct7\" align=\"left\"><\/p>\r\n<a class=\"btn btn-success tipp7 hidden\" style=\"text-decoration: none, color:white;\" title=\"Taxes are bound to rise.\" href=\"#7\" data-toggle=\"popover\" data-placement=\"top\" data-trigger=\"hover\" data-content=\" das Subjekt des Satzes ('taxes') steigt selber \u2794 deswegen 'rise'.\">Tipp<\/a>\r\n\r\n<\/div>\r\n<div class=\"form-group\" style=\"width: 70%;\"><label for=\"sel1\"><span class=\"number\">\u277e<\/span>She started to __________ from her chair.<\/label>\r\n<select id=\"q8\" class=\"form-control\">\r\n<option value=\"wrong\"><\/option>\r\n<option value=\"correct\">rise<\/option>\r\n<option value=\"wrong\">raise<\/option>\r\n<\/select>\r\n<p id=\"correct8\" align=\"left\"><\/p>\r\n<a class=\"btn btn-success tipp8 hidden\" style=\"text-decoration: none, color:white;\" title=\"...to rise from her chair.\" href=\"#8\" data-toggle=\"popover\" data-placement=\"top\" data-trigger=\"hover\" data-content=\" das Subjekt des Satzes 'she' steht selber auf \u2794 deswegen 'rise'\">Tipp<\/a>\r\n\r\n<\/div>\r\n<div class=\"form-group\" style=\"width: 70%;\"><label for=\"sel1\"><span class=\"number\">\u277f<\/span>I want to ________ two points.<\/label>\r\n<select id=\"q9\" class=\"form-control\">\r\n<option value=\"wrong\"><\/option>\r\n<option value=\"wrong\">rise<\/option>\r\n<option value=\"correct\">raise<\/option>\r\n<\/select>\r\n<p id=\"correct9\" align=\"left\"><\/p>\r\n<a class=\"btn btn-success tipp9 hidden\" style=\"text-decoration: none, color:white;\" title=\"I want to raise two points.\" href=\"#9\" data-toggle=\"popover\" data-placement=\"top\" data-trigger=\"hover\" data-content=\"das Subjekt des Satzes erh\u00f6ht das Objekt ('two points' - 'to raise a point bedeutet einen Punkt ansprechen'; 'w\u00f6rtlich: einen Punkt erh\u00f6hen'), deswegen \u2794 'raise'.\">Tipp<\/a>\r\n\r\n<\/div>\r\n<\/div>\r\n<div class=\"container\">\r\n\r\n<!-- The Modal -->\r\n<div id=\"myModal\" class=\"modal\">\r\n<div class=\"modal-dialog\">\r\n<div class=\"modal-content\">\r\n\r\n<!-- Modal Header -->\r\n<div class=\"modal-header\">\r\n<h4 class=\"modal-title\">rise &#8211; raise &#8211; Unterschied<\/h4>\r\n<button class=\"close\" type=\"button\" data-dismiss=\"modal\">\u00d7<\/button>\r\n\r\n<\/div>\r\n<!-- Modal body -->\r\n<div class=\"modal-body\">bei <b class=\"text-danger\">rise<\/b> steigt oder wird das Subjekt des Satzes gr\u00f6\u00dfer;<br \/> bei <b class=\"text-danger\">raise<\/b> steigert oder macht das Subjekt ein Objekt gr\u00f6\u00dfer.\r\n<img decoding=\"async\" class=\"img-responsive img-rounded\" title=\"rise-raise-unterschied\" src=\"https:\/\/english-munich.de\/training\/wp-content\/uploads\/2021\/03\/rise-raise-Unterschied.png\" alt=\"rise-raise-Unterschied\" \/><\/div>\r\n<!-- Modal footer -->\r\n<div class=\"modal-footer\"><button class=\"btn btn-danger\" type=\"button\" data-dismiss=\"modal\">Close<\/button><\/div>\r\n<\/div>\r\n<\/div>\r\n<\/div>\r\n<\/div>\r\n<\/div>\r\n\r\n<hr>\r\n<button id=\"submitButton\" class=\"btn-lg btn-primary \" type=\"submit\" value=\"submit\">Pr\u00fcfen<\/button><button id=\"resetButton\" class=\"btn-lg btn-success\" type=\"submit\" onclick=\"refreshPage()\">Neustart<\/button><button id=\"submitButton\" class=\"btn-lg btn-info\" type=\"submit\" value=\"submit\" data-toggle=\"modal\" data-target=\"#myModal\">Tipp<\/button>\r\n\r\n<p id=\"result\"><\/p>\r\n<p id=\"result2\"><\/p>\r\n<hr>\r\n\r\n<h3>Alle \u00dcbungen rise &#8211; raise &#8211; Unterschied:<\/h3>\r\n\r\n<hr>\r\n\r\n<div id=\"bellows-main-69\" class=\"bellows bellows-nojs bellows-main bellows-source-menu bellows-align-full bellows-skin-vanilla bellows-type-\"><ul id=\"menu-raise-rise\" class=\"bellows-nav\" data-bellows-config=\"main\"><li id=\"menu-item-8579\" class=\"bellows-menu-item bellows-menu-item-type-post_type bellows-menu-item-object-page bellows-menu-item-8579 bellows-item-level-0\"><a  href=\"https:\/\/english-munich.de\/training\/rise-raise-unterschied-3\/\" class=\"bellows-target\"><span class=\"bellows-target-title bellows-target-text\">\ud83d\uddb1\ufe0frise \u2013 raise \u2013 Unterschied<\/span><\/a><\/li>\n<li id=\"menu-item-8580\" class=\"bellows-menu-item bellows-menu-item-type-post_type bellows-menu-item-object-page bellows-menu-item-8580 bellows-item-level-0\"><a  href=\"https:\/\/english-munich.de\/training\/rise-raise-unterschied-2\/\" class=\"bellows-target\"><span class=\"bellows-target-title bellows-target-text\">\u2611\ufe0frise \u2013 raise \u2013 Unterschied<\/span><\/a><\/li>\n<li id=\"menu-item-8615\" class=\"bellows-menu-item bellows-menu-item-type-post_type bellows-menu-item-object-page bellows-menu-item-8615 bellows-item-level-0\"><a  href=\"https:\/\/english-munich.de\/training\/rise-und-raise-unterschied\/\" class=\"bellows-target\"><span class=\"bellows-target-title bellows-target-text\">\u270d\ufe0frise und raise \u2013 Unterschied<\/span><\/a><\/li>\n<\/ul><\/div>\r\n\r\n<\/div>","protected":false},"excerpt":{"rendered":"rise &#8211; raise &#8211; Unterschied Aufgaben \u00dcbungen zum Unterschied von rise und raise Beispiel \u24ffThe sun rises __________in the east. don&#8217;t did didn&#8217;t do doesn&#8217;t did Die richtige L\u00f6sung ist: &#8222;rises&#8220;&nbsp;&nbsp;Tipp \u2611\ufe0f W\u00e4hle die richtige Option, entweder rise oder raise : \u2776Our stocks ________tremendously. are raising are rising Tipp \u2777No need to__________your voice. raise rise [&hellip;]","protected":false},"author":3,"featured_media":0,"parent":0,"menu_order":0,"comment_status":"closed","ping_status":"closed","template":"","meta":[],"_links":{"self":[{"href":"https:\/\/english-munich.de\/training\/wp-json\/wp\/v2\/pages\/8524"}],"collection":[{"href":"https:\/\/english-munich.de\/training\/wp-json\/wp\/v2\/pages"}],"about":[{"href":"https:\/\/english-munich.de\/training\/wp-json\/wp\/v2\/types\/page"}],"author":[{"embeddable":true,"href":"https:\/\/english-munich.de\/training\/wp-json\/wp\/v2\/users\/3"}],"replies":[{"embeddable":true,"href":"https:\/\/english-munich.de\/training\/wp-json\/wp\/v2\/comments?post=8524"}],"version-history":[{"count":15,"href":"https:\/\/english-munich.de\/training\/wp-json\/wp\/v2\/pages\/8524\/revisions"}],"predecessor-version":[{"id":8632,"href":"https:\/\/english-munich.de\/training\/wp-json\/wp\/v2\/pages\/8524\/revisions\/8632"}],"wp:attachment":[{"href":"https:\/\/english-munich.de\/training\/wp-json\/wp\/v2\/media?parent=8524"}],"curies":[{"name":"wp","href":"https:\/\/api.w.org\/{rel}","templated":true}]}}