{"id":8429,"date":"2021-03-25T07:20:05","date_gmt":"2021-03-25T07:20:05","guid":{"rendered":"https:\/\/english-munich.de\/training\/?page_id=8429"},"modified":"2022-06-16T09:09:05","modified_gmt":"2022-06-16T09:09:05","slug":"bestaetigungsfragen","status":"publish","type":"page","link":"https:\/\/english-munich.de\/training\/bestaetigungsfragen\/","title":{"rendered":"Best\u00e4tigungsfragen &#8211; question tags"},"content":{"rendered":"<div class=\"jumbotron text-center\">\r\n<h2>Quesstion tags Aufgaben<\/h2>\r\n\u00dcbungen zum Question tags- Best\u00e4tigungsfragen\r\n\r\n<\/div>\r\n<div class=\"bs-example\">\r\n<div class=\"accordion\" id=\"accordionExample\">\r\n<div class=\"card\">\r\n<div class=\"card-header\" id=\"headingOne\">\r\n<h2 class=\"mb-0\" style=\"color:#000\">\r\n                    <button type=\"button\" class=\"btn btn-link collapsed\" data-toggle=\"collapse\" data-target=\"#collapseOne\">Beispiel<\/button><\/h2>\r\n<\/div>\r\n<div id=\"collapseOne\" class=\"collapse\" aria-labelledby=\"headingOne\" data-parent=\"#accordionExample\">\r\n<div class=\"card-body\">\r\n<div class=\"form-inline\">\r\n\r\n<b><span class=\"number\">\u24ff<\/span><\/b>John ate all the hamburgers, <input type=\"text\" class=\"form-control\" id=\"panel-beispiel\" disabled=\"\" value=\"didn't he?\">\r\n<br \/>\r\nDie richtige L\u00f6sung ist: <i>didn&#8217;t he?&nbsp;&nbsp;<button class=\"btn-lg btn-info\" type=\"button\" data-toggle=\"modal\" data-target=\"#myModal\">Tipp<\/button><\/i>\r\n\r\n<\/div>\r\n<\/div>\r\n<\/div>\r\n<\/div>\r\n<\/div>\r\n<br \/>\r\n<div class=\"container well\">\r\n<h4>\u2061\r\n\ud83d\uddb1\ufe0fZiehe die Best\u00e4tigungsfragen (Drag &amp; Drop)<\/i> in die L\u00fccken, so dass sie einen sinnvollen Satz ergeben:<\/h4>\r\n\r\n<hr>\r\n\r\n<br \/>\r\n<div class=\"container-fluid answer-container\">\r\n<div>\r\n<ul class=\"answer-container1\">\r\n \t<li class=\"drop\">didn&#8217;t you?<\/li>\r\n \t<li class=\"drop\">Won&#8217;t you?<\/li>\r\n \t<li class=\"drop\">Will you?<\/li>\r\n \t<li class=\"drop\">isn&#8217;t he?<\/li>\r\n \t<li class=\"drop\">does she?<\/li>\r\n \t<li class=\"drop\">do we?<\/li>\r\n \t<li class=\"drop\">is it?<\/li>\r\n \t<li class=\"drop\">is it?<\/li>\r\n \t<li class=\"drop\">did you?<\/li>\r\n \t<li class=\"drop\">shall we?<\/li>\r\n<\/ul>\r\n<\/div>\r\n<div id=\"test-container\" class=\"container-fluid\">\r\n<div class=\"table\">\r\n<div class=\"table-row\">\r\n<div class=\"table-cell small\"><span class=\"number\"><b>\u2776<\/b><\/span>Let&#8217;s get started!<\/div>\r\n<div class=\"table-cell ziel\" id=\"ziel1\">\r\n<ul class=\"ziel1\"><\/ul>\r\n<\/div>\r\n<div class=\"table-cell\"><\/div>\r\n<\/div>\r\n<div class=\"table-cell small\"><\/div>\r\n<div id=\"result1\"><\/div>\r\n<div><a button=\"\" class=\"btn btn-success tipp1 hidden\" aria-hidden=\"true\" href=\"#8\" title=\"Shall we?\" data-toggle=\"popover\" data-placement=\"top\" data-trigger=\"hover\" style=\"text-decoration: none, color:white\" data-content=\"Die Best\u00e4tigungsfrage auf die Aufforderung 'let's' ist 'shall we'.\">Tipp<\/a><\/div>\r\n<div class=\"table-row\">\r\n<div class=\"table-cell small\"><span class=\"number\"><b>\u2777<\/b><\/span>You drank too much,<\/div>\r\n<div class=\"table-cell ziel\" id=\"ziel2\">\r\n<ul class=\"ziel1\"><\/ul>\r\n<\/div>\r\n<div class=\"table-cell\"><\/div>\r\n<\/div>\r\n<div class=\"table-cell small\"><\/div>\r\n<div id=\"result2\"><\/div>\r\n<div><a button=\"\" class=\"btn btn-success tipp2 hidden\" aria-hidden=\"true\" href=\"#8\" title=\"..., didn't you?\" data-toggle=\"popover\" data-placement=\"top\" data-trigger=\"hover\" style=\"text-decoration: none, color:white\" data-content=\"'you drank to much' ist ein bejahter Aussagesatz im 'simple past'. Aus diesem Grund ist die Best\u00e4tigungsfrage verneint ebenfalls im 'simple past'.\">Tipp<\/a><\/div>\r\n<div class=\"table-row\">\r\n<div class=\"table-cell small\"><span class=\"number\"><b>\u2778<\/b><\/span>Open the window!<\/div>\r\n<div class=\"table-cell ziel\" id=\"ziel3\">\r\n<ul class=\"ziel1\"><\/ul>\r\n<\/div>\r\n<div class=\"table-cell\"><\/div>\r\n<\/div>\r\n<div class=\"table-cell small\"><\/div>\r\n<div id=\"result3\"><\/div>\r\n<div><a button=\"\" class=\"btn btn-success tipp3 hidden\" aria-hidden=\"true\" href=\"#8\" title=\"..., will you?\" data-toggle=\"popover\" data-placement=\"top\" data-trigger=\"hover\" style=\"text-decoration: none, color:white\" data-content=\"Die Best\u00e4tigungsfrage auf eine freundliche Aufforderung (Befehl) ist 'will' \u2794'will you'.\">Tipp<\/a><\/div>\r\n<div class=\"table-cell small\"><\/div>\r\n<div id=\"result2\"><\/div>\r\n<div class=\"table-row\">\r\n<div class=\"table-cell small\"><span class=\"number\"><b>\u2779<\/b><\/span>Shut up!<\/div>\r\n<div class=\"table-cell ziel\" id=\"ziel4\">\r\n<ul class=\"ziel1\"><\/ul>\r\n<\/div>\r\n<div class=\"table-cell\"><\/div>\r\n<\/div>\r\n<div class=\"table-cell small\"><\/div>\r\n<div id=\"result4\"><\/div>\r\n<div><a button=\"\" class=\"btn btn-success tipp4 hidden\" aria-hidden=\"true\" href=\"#8\" title=\"..., won't you?\" data-toggle=\"popover\" data-placement=\"top\" data-trigger=\"hover\" style=\"text-decoration: none, color:white\" data-content=\"Das question tag in Bezug auf eine unfreundliche Aufforderung ist 'won't' \u2794 'won't you'\">Tipp<\/a><\/div>\r\n<div class=\"table-cell small\"><\/div>\r\n<div id=\"result2\"><\/div>\r\n<div class=\"table-row\">\r\n<div class=\"table-cell small\"><span class=\"number\"><b>\u277a<\/b><\/span>He is such a nice guy,<\/div>\r\n<div class=\"table-cell ziel\" id=\"ziel5\">\r\n<ul class=\"ziel1\"><\/ul>\r\n<\/div>\r\n<div class=\"table-cell\"><\/div>\r\n<\/div>\r\n<div class=\"table-cell small\"><\/div>\r\n<div id=\"result5\"><\/div>\r\n<div><a button=\"\" class=\"btn btn-success tipp5 hidden\" aria-hidden=\"true\" href=\"#8\" title=\"..., isn't he?\" data-toggle=\"popover\" data-placement=\"top\" data-trigger=\"hover\" style=\"text-decoration: none, color:white\" data-content=\"Die Best\u00e4tigungsfrage bezieht sich auf einen bejahten Aussagesatz im  'simple present'; die Bezugsperson ist he. \u2794 'isn't he'\">Tipp<\/a><\/div>\r\n<div class=\"table-cell small\"><\/div>\r\n<div id=\"result2\"><\/div>\r\n<div class=\"table-row\">\r\n<div class=\"table-cell small\"><span class=\"number\"><b>\u277b<\/b><\/span>She doesn&#8217;t hate you,<\/div>\r\n<div class=\"table-cell ziel\" id=\"ziel6\">\r\n<ul class=\"ziel1\"><\/ul>\r\n<\/div>\r\n<div class=\"table-cell\"><\/div>\r\n<\/div>\r\n<div class=\"table-cell small\"><\/div>\r\n<div id=\"result6\"><\/div>\r\n<div><a button=\"\" class=\"btn btn-success tipp6 hidden\" aria-hidden=\"true\" href=\"#8\" title=\"..., does she?\" data-toggle=\"popover\" data-placement=\"top\" data-trigger=\"hover\" style=\"text-decoration: none, color:white\" data-content=\"Das question tag bezieht sich auf einen verneinten Aussagesatz im simple present; die Bezugsperson ist 'she', deswegen \u2794 'does she?'.\">Tipp<\/a><\/div>\r\n<div class=\"table-cell small\"><\/div>\r\n<div id=\"result2\"><\/div>\r\n<div class=\"table-row\">\r\n<div class=\"table-cell small\"><span class=\"number\"><b>\u277c<\/b><\/span>This is not going to help,<\/div>\r\n<div class=\"table-cell ziel\" id=\"ziel7\">\r\n<ul class=\"ziel1\"><\/ul>\r\n<\/div>\r\n<div class=\"table-cell\"><\/div>\r\n<\/div>\r\n<div class=\"table-cell small\"><\/div>\r\n<div id=\"result7\"><\/div>\r\n<div><a button=\"\" class=\"btn btn-success tipp7 hidden\" aria-hidden=\"true\" href=\"#8\" title=\"..., is it?\" data-toggle=\"popover\" data-placement=\"top\" data-trigger=\"hover\" style=\"text-decoration: none, color:white\" data-content=\"Der Aussagesatz ist verneint, deswegen muss die Best\u00e4tigungsfrage in bejahter Form gestellt werden \u2794 'is it?'.\">Tipp<\/a><\/div>\r\n<div class=\"table-cell small\"><\/div>\r\n<div id=\"result2\"><\/div>\r\n<div class=\"table-row\">\r\n<div class=\"table-cell small\"><span class=\"number\"><b>\u277d<\/b><\/span>So that&#8217;s all you&#8217;re willing to do,<\/div>\r\n<div class=\"table-cell ziel\" id=\"ziel8\">\r\n<ul class=\"ziel1\"><\/ul>\r\n<\/div>\r\n<div class=\"table-cell\"><\/div>\r\n<\/div>\r\n<div class=\"table-cell small\"><\/div>\r\n<div id=\"result8\"><\/div>\r\n<div><a button=\"\" class=\"btn btn-success tipp8 hidden\" aria-hidden=\"true\" href=\"#8\" title=\"..., is it?\" data-toggle=\"popover\" data-placement=\"top\" data-trigger=\"hover\" style=\"text-decoration: none, color:white\" data-content=\" Die Best\u00e4tigungsfrage ist hier ironisch und dr\u00fcckt Unglauben aus, aus diesem Grund wird in diesem Fall die positive Intention des Aussagesatzes in der Best\u00e4tigungsfrage nicht umgedreht \u2794'is it?'.\">Tipp<\/a><\/div>\r\n<div class=\"table-cell small\"><\/div>\r\n<div id=\"result2\"><\/div>\r\n<div class=\"table-row\">\r\n<div class=\"table-cell small\"><span class=\"number\"><b>\u277e<\/b><\/span>So you drank all the beer,<\/div>\r\n<div class=\"table-cell ziel\" id=\"ziel9\">\r\n<ul class=\"ziel1\"><\/ul>\r\n<\/div>\r\n<div class=\"table-cell\"><\/div>\r\n<\/div>\r\n<div class=\"table-cell small\"><\/div>\r\n<div id=\"result9\"><\/div>\r\n<div><a button=\"\" class=\"btn btn-success tipp9 hidden\" aria-hidden=\"true\" href=\"#8\" title=\"..., did you?\" data-toggle=\"popover\" data-placement=\"top\" data-trigger=\"hover\" style=\"text-decoration: none, color:white\" data-content=\"Die Best\u00e4tigungsfrage ist hier ironisch und dr\u00fcckt Unglauben bzw. einen Vorwurf aus. Aus diesem Grund wird die positive Bedeutungsintention im question tag nicht umgekehrt.\">Tipp<\/a><\/div>\r\n<div class=\"table-cell small\"><\/div>\r\n<div id=\"result\"><\/div>\r\n<div class=\"table-row\">\r\n<div class=\"table-cell small\"><span class=\"number\"><b>\u277f<\/b><\/span>So we have no other choice,<\/div>\r\n<div class=\"table-cell ziel\" id=\"ziel10\">\r\n<ul class=\"ziel1\"><\/ul>\r\n<\/div>\r\n<div class=\"table-cell\"><\/div>\r\n<\/div>\r\n<div class=\"table-cell small\"><\/div>\r\n<div id=\"result10\"><\/div>\r\n<div><a button=\"\" class=\"btn btn-success tipp10 hidden\" aria-hidden=\"true\" href=\"#8\" title=\"..., do we?\" data-toggle=\"popover\" data-placement=\"top\" data-trigger=\"hover\" style=\"text-decoration: none, color:white\" data-content=\"Die Best\u00e4tigungsfrage bezieht sich hier auf einen negativen Aussagesatz. Vorsicht: bei diesem Beispeil ist nicht das Verb verneint, sondern das Objehkt der Aussage. \u2794'do we?'.\">Tipp<\/a><\/div>\r\n<\/div>\r\n<!-- The Modal -->\r\n<div id=\"myModal\" class=\"modal\">\r\n<div class=\"modal-dialog\">\r\n<div class=\"modal-content\">\r\n\r\n<!-- Modal Header -->\r\n<div class=\"modal-header\">\r\n<h4 class=\"modal-title\">Best\u00e4tigungsfragen &#8211; Question Tags<\/h4>\r\n<button class=\"close\" type=\"button\" data-dismiss=\"modal\">\u00d7<\/button>\r\n\r\n<\/div>\r\n<!-- Modal body -->\r\n<div class=\"modal-body\">Best\u00e4tignungsfragen werden im Englischen dazu verwendet, seinen Gespr\u00e4chspartner dazu aufzufordern, einen Kommentar zum Gesagten abzugeben. \r\nDies ist f\u00fcr Englisch lernende Deutsche oft ein kleines Problem, weil im Deutschen einfach <b class=\"text-danger\">&#8217;nicht wahr&#8216;<\/b> an den Satz angeh\u00e4ngt wird.\r\nDie englische Sprache unterscheidet hier genauer. Je nachdem, ob ein <b class=\"text-danger\">verneinter<\/b> oder <b class=\"text-danger\">bejahter<\/b> Satz vorliegt muss, die Best\u00e4tigungsfrage im umgekehrten Sinn gestellt werden. Das &#8218;question tag&#8216; orientiert sich hierbei in <b class=\"text-danger\">Zahl, Tempus und Person<\/b> am Hauptsatz:\r\nzum Beispiel:\r\nYou <b class=\"text-danger\">like<\/b> football, <b class=\"text-danger\">don&#8217;t<\/b> you?\r\nYou <b class=\"text-danger\">don&#8217;t<\/b> live live in Munich, <b class=\"text-danger\">do<\/b> you?\r\n<table class=\"table table-bordered table-sm table-hover\">\r\n<thead>\r\n<tr class=\"table-danger\">\r\n<th>Bes\u00e4tigungsfragen &#8211; question tags<\/th>\r\n<\/tr>\r\n<\/thead>\r\n<tbody>\r\n<tr class=\"table-success\">\r\n<td><b>simple present<\/b><\/td>\r\n<\/tr>\r\n<tr class=\"table-primary\">\r\n<td><b>You like cookies, don&#8217;t you?<\/b><\/td>\r\n<\/tr>\r\n<tr class=\"table-info\">\r\n<td><b>You don&#8217;t like monkeys, do you?<\/b><\/td>\r\n<\/tr>\r\n<tr class=\"table-success\">\r\n<td><b>present progressive<\/b><\/td>\r\n<\/tr>\r\n<tr class=\"table-primary\">\r\n<td><b>He is playing football, isn&#8217;t he?<\/b><\/td>\r\n<\/tr>\r\n<tr class=\"table-info\">\r\n<td><b>They aren&#8217;t eating all the cookies, are they?<\/b><\/td>\r\n<\/tr>\r\n<tr class=\"table-success\">\r\n<td><b>simple past<\/b><\/td>\r\n<\/tr>\r\n<tr class=\"table-primary\">\r\n<td><b>He drank all the beer, didn&#8217;t he?<\/b><\/td>\r\n<\/tr>\r\n<tr class=\"table-info\">\r\n<td><b>You didn&#8217;t lose you keys again, did you?<\/b><\/td>\r\n<\/tr>\r\n<tr class=\"table-success\">\r\n<td><b>present perfect<\/b><\/td>\r\n<\/tr>\r\n<tr class=\"table-primary\">\r\n<td><b>He has worked hard, hasn&#8217;t he?<\/b><\/td>\r\n<\/tr>\r\n<tr class=\"table-info\">\r\n<td><b>She hasn&#8217;t lost her looks, has she?<\/b><\/td>\r\n<\/tr>\r\n<tr class=\"table-success\">\r\n<td><b>will future<\/b><\/td>\r\n<\/tr>\r\n<tr class=\"table-primary\">\r\n<td><b>We will surely win, won&#8217;t we?<\/b><\/td>\r\n<\/tr>\r\n<tr class=\"table-info\">\r\n<td><b>She won&#8217;t to to her mother&#8217;s, will she?<\/b><\/td>\r\n<\/tr>\r\n<tr class=\"table-success\">\r\n<td><b>Konditional I<\/b><\/td>\r\n<\/tr>\r\n<tr class=\"table-primary\">\r\n<td><b>You would tell me about this problem, wouldn&#8217;t you?<\/b><\/td>\r\n<\/tr>\r\n<tr class=\"table-info\">\r\n<td><b>You wouldn&#8217;t know where she is, would you?<\/b><\/td>\r\n<\/tr>\r\n<tr class=\"table-success\">\r\n<td><b>Konditional II<\/b><\/td>\r\n<\/tr>\r\n<tr class=\"table-primary\">\r\n<td><b>We had surely won, hadn&#8217;t we?<\/b><\/td>\r\n<\/tr>\r\n<tr class=\"table-info\">\r\n<td><b>She hadn&#8217;t left town, had she?<\/b><\/td>\r\n<\/tr>\r\n<tr class=\"table-success\">\r\n<td><b>Aufforderungen<\/b><\/td>\r\n<\/tr>\r\n<tr class=\"table-primary\">\r\n<td><b>Close the window, will you?<\/b><\/td>\r\n<\/tr>\r\n<tr class=\"table-info\">\r\n<td><b>Shut the door, won&#8217;t you?<\/b><\/td>\r\n<\/tr>\r\n<tr class=\"table-success\">\r\n<td><b>ironische Aussagen<\/b><\/td>\r\n<\/tr>\r\n<tr class=\"table-primary\">\r\n<td><b>Fast food is healthy, is it?<\/b><\/td>\r\n<\/tr>\r\n<tr class=\"table-info\">\r\n<td><b>You don&#8217;t like Spain, don&#8217;t you?<\/b><\/td>\r\n<\/tr>\r\n\r\n\r\n<\/tbody>\r\n<\/table><\/div>\r\n<!-- Modal footer -->\r\n<div class=\"modal-footer\"><button class=\"btn btn-danger\" type=\"button\" data-dismiss=\"modal\">Close<\/button><\/div>\r\n<\/div>\r\n<\/div>\r\n<\/div>\r\n<\/div>\r\n<\/div>\r\n<\/div>\r\n<div class=\"container\">\r\n\r\n<hr>\r\n\r\n<button id=\"submitButton\" class=\"btn-lg btn-primary \" type=\"submit\" value=\"submit\">Pr\u00fcfen<\/button><button id=\"resetButton\" class=\"btn-lg btn-success\" type=\"submit\" onclick=\"refreshPage()\">Neustart<\/button><button id=\"submitButton\" class=\"btn-lg btn-info\" type=\"button\" value=\"submit\" data-toggle=\"modal\" data-target=\"#myModal\">Tipp<\/button>\r\n\r\n<hr>\r\n\r\n\r\n\r\n<p id=\"ergebnis\"><\/p>\r\n<p id=\"ergebnis2\"><\/p>\r\n<b><\/b>\r\n<h3>Alle \u00dcbungen im Simple Present:<\/h3>\r\n<hr>\r\n<div id=\"bellows-main-68\" class=\"bellows bellows-nojs bellows-main bellows-source-menu bellows-align-full bellows-skin-vanilla bellows-type-\"><ul id=\"menu-bestaetigungsfragen\" class=\"bellows-nav\" data-bellows-config=\"main\"><li id=\"menu-item-8455\" class=\"bellows-menu-item bellows-menu-item-type-post_type bellows-menu-item-object-page bellows-menu-item-8455 bellows-item-level-0\"><a  href=\"https:\/\/english-munich.de\/training\/bestaetigungsfragen-question-tags\/\" class=\"bellows-target\"><span class=\"bellows-target-title bellows-target-text\">\u2611\ufe0f Best\u00e4tigungsfragen \u2013 question tags<\/span><\/a><\/li>\n<li id=\"menu-item-8454\" class=\"bellows-menu-item bellows-menu-item-type-post_type bellows-menu-item-object-page bellows-menu-item-8454 bellows-item-level-0\"><a  href=\"https:\/\/english-munich.de\/training\/bestaetigungsfragen\/\" class=\"bellows-target\"><span class=\"bellows-target-title bellows-target-text\">\ud83d\uddb1\ufe0fBest\u00e4tigungsfragen \u2013 question tags<\/span><\/a><\/li>\n<li id=\"menu-item-8503\" class=\"bellows-menu-item bellows-menu-item-type-post_type bellows-menu-item-object-page bellows-menu-item-8503 bellows-item-level-0\"><a  href=\"https:\/\/english-munich.de\/training\/bestaetigungsfragen-question-tags-3\/\" class=\"bellows-target\"><span class=\"bellows-target-title bellows-target-text\">\u270d\ufe0fBest\u00e4tigungsfragen \u2013 question tags<\/span><\/a><\/li>\n<\/ul><\/div>\r\n<\/div>\r\n<\/div>","protected":false},"excerpt":{"rendered":"Quesstion tags Aufgaben \u00dcbungen zum Question tags- Best\u00e4tigungsfragen Beispiel \u24ffJohn ate all the hamburgers, Die richtige L\u00f6sung ist: didn&#8217;t he?&nbsp;&nbsp;Tipp \u2061 \ud83d\uddb1\ufe0fZiehe die Best\u00e4tigungsfragen (Drag &amp; Drop) in die L\u00fccken, so dass sie einen sinnvollen Satz ergeben: didn&#8217;t you? Won&#8217;t you? Will you? isn&#8217;t he? does she? do we? is it? is it? did you? [&hellip;]","protected":false},"author":3,"featured_media":0,"parent":0,"menu_order":0,"comment_status":"closed","ping_status":"closed","template":"","meta":[],"_links":{"self":[{"href":"https:\/\/english-munich.de\/training\/wp-json\/wp\/v2\/pages\/8429"}],"collection":[{"href":"https:\/\/english-munich.de\/training\/wp-json\/wp\/v2\/pages"}],"about":[{"href":"https:\/\/english-munich.de\/training\/wp-json\/wp\/v2\/types\/page"}],"author":[{"embeddable":true,"href":"https:\/\/english-munich.de\/training\/wp-json\/wp\/v2\/users\/3"}],"replies":[{"embeddable":true,"href":"https:\/\/english-munich.de\/training\/wp-json\/wp\/v2\/comments?post=8429"}],"version-history":[{"count":21,"href":"https:\/\/english-munich.de\/training\/wp-json\/wp\/v2\/pages\/8429\/revisions"}],"predecessor-version":[{"id":11695,"href":"https:\/\/english-munich.de\/training\/wp-json\/wp\/v2\/pages\/8429\/revisions\/11695"}],"wp:attachment":[{"href":"https:\/\/english-munich.de\/training\/wp-json\/wp\/v2\/media?parent=8429"}],"curies":[{"name":"wp","href":"https:\/\/api.w.org\/{rel}","templated":true}]}}