{"id":8388,"date":"2021-03-24T10:08:32","date_gmt":"2021-03-24T10:08:32","guid":{"rendered":"https:\/\/english-munich.de\/training\/?page_id=8388"},"modified":"2024-09-06T11:24:25","modified_gmt":"2024-09-06T11:24:25","slug":"bestaetigungsfragen-question-tags","status":"publish","type":"page","link":"https:\/\/english-munich.de\/training\/bestaetigungsfragen-question-tags\/","title":{"rendered":"Best\u00e4tigungsfragen &#8211; question tags"},"content":{"rendered":"<div class=\"jumbotron text-center\">\r\n<h2>Best\u00e4tigungsfragen &#8211; question tags<\/h2>\r\n\u00dcbungen zu Best\u00e4tigungsfragen &#8211; question tags\r\n\r\n<\/div>\r\n<div class=\"bs-example\">\r\n<div id=\"accordionExample\" class=\"accordion\">\r\n<div class=\"card\">\r\n<div id=\"headingOne\" class=\"card-header\">\r\n<h2 class=\"number\"><button class=\"btn btn-link collapsed\" type=\"button\" data-toggle=\"collapse\" data-target=\"#collapseOne\">Beispiel<\/button><\/h2>\r\n<\/div>\r\n<div id=\"collapseOne\" class=\"collapse\" aria-labelledby=\"headingOne\" data-parent=\"#accordionExample\">\r\n<div class=\"card-body\">\r\n<div class=\"form-group\" style=\"width: 70%; margin: 10px;\"><label for=\"sel1\"><span class=\"number\">\u24ff<\/span>This car is dark blue,__________?<\/label>\r\n<select id=\"beispiel\" class=\"form-control\">\r\n<option value=\"wrong\">don&#8217;t do<\/option>\r\n<option value=\"correct\">who<\/option>\r\n<option value=\"wrong\">doesn&#8217;t <\/option>\r\n<\/select>\r\n\r\nDie richtige L\u00f6sung ist: <b>isn&#8217;t it<\/b>&nbsp;&nbsp;<button class=\"btn-lg btn-info\" type=\"button\" value=\"submit\" data-toggle=\"modal\" data-target=\"#myModal\">Tipp<\/button>\r\n\r\n<\/div>\r\n<\/div>\r\n<\/div>\r\n<\/div>\r\n<\/div>\r\n<br \/><br \/>\r\n<div class=\"container well\">\r\n<h4>\u2611\ufe0f W\u00e4hle das <b>richtige question tag<\/b>. Achte auf die grammatikalische Person des Hauptsatzes. Au\u00dferdem musst darauf schauen, ob der Satz <i>verneint<\/i> oder <i>bejaht<\/i> ist. Achte ebenfalls auf die Sprechintention.<\/h4>\r\n\r\n<hr>\r\n\r\n<br \/>\r\n<div class=\"container-fluid\">\r\n<div class=\"form-group\" style=\"width: 70%;\"><label for=\"sel1\"><span class=\"number\">\u2776<\/span>Harry plays fullback, __________?<\/label>\r\n<select id=\"q0\" class=\"form-control\"><option value=\"correct\"><\/option>\r\n<option value=\"wrong\">does he<\/option>\r\n<option value=\"correct\">doesn&#8217;t he<\/option>\r\n<option value=\"wrong\">is he<\/option>\r\n<option value=\"wrong\">isn&#8217;t he<\/option>\r\n<\/select>\r\n<p id=\"correct0\" align=\"left\"><\/p>\r\n<a class=\"btn btn-success tipp0 hidden\" style=\"text-decoration: none, color:white;\" title=\"...doesn't he?\" href=\"#0\" data-toggle=\"popover\" data-placement=\"top\" data-trigger=\"hover\" data-content=\"Das Hilfsverb im Hauptsatz ist 'bejaht' im 'simple present', deswegen ist die Best\u00e4tigungsfrage die verneinte Form des Hilfsverbs 'do' mit Bezug auf Peter (he) \u2794 'doesn't he'.\">Tipp<\/a>\r\n\r\n<\/div>\r\n<div class=\"form-group\" style=\"width: 70%;\"><label for=\"sel1\"><span class=\"number\">\u2777<\/span>They aren&#8217;t really eating all the cookies __________?<\/label>\r\n<select id=\"q1\" class=\"form-control\"><option value=\"correct\"><\/option>\r\n<option value=\"wrong\">do they<\/option>\r\n<option value=\"wrong\">aren&#8217;t they<\/option>\r\n<option value=\"correct\">are they<\/option>\r\n<option value=\"wrong\">don&#8217;t they<\/option>\r\n<\/select>\r\n<p id=\"correct1\" align=\"left\"><\/p>\r\n<a class=\"btn btn-success tipp1 hidden\" style=\"text-decoration: none, color:white;\" title=\"are they...\" href=\"#1\" data-toggle=\"popover\" data-placement=\"top\" data-trigger=\"hover\" data-content=\"Das Hilfsverb im Hauptsatz ist 'verneint' im 'present progressive', deswegen ist die Best\u00e4tigungsfrage die bejahte Form des Hilfsverbs 'be' mit Bezug auf das Subjekt (they) \u2794 'are they'.\">Tipp<\/a>\r\n\r\n<\/div>\r\n<div class=\"form-group\" style=\"width: 70%;\"><label for=\"sel1\"><span class=\"number\">\u2778<\/span>Let&#8217;s go inside, __________?<\/label>\r\n<select id=\"q2\" class=\"form-control\"><option value=\"correct\"><\/option>\r\n<option value=\"wrong\">let us not<\/option>\r\n<option value=\"wrong\">shan&#8217;t we<\/option>\r\n<option value=\"wrong\">do we<\/option>\r\n<option value=\"correct\">shall we<\/option>\r\n<\/select>\r\n<p id=\"correct2\" align=\"left\"><\/p>\r\n<a class=\"btn btn-success tipp2 hidden\" style=\"text-decoration: none, color:white;\" title=\"..., shall we?\" href=\"#2\" data-toggle=\"popover\" data-placement=\"top\" data-trigger=\"hover\" data-content=\"Die Best\u00e4tigungsfrage zu dem Ausdruck 'let's' ist 'shall we?'.\">Tipp<\/a>\r\n\r\n<\/div>\r\n<br \/><div class=\"iframe-container\"><iframe loading=\"lazy\" width=\"560\" height=\"315\" src=\"https:\/\/www.youtube.com\/embed\/ARtd9Sxf1hk?si=Uf0HpKsTh7A1ahJ-\" title=\"YouTube video player\" frameborder=\"0\" allow=\"accelerometer; autoplay; clipboard-write; encrypted-media; gyroscope; picture-in-picture; web-share\" referrerpolicy=\"strict-origin-when-cross-origin\" allowfullscreen><\/iframe><\/div><br \/>\r\n<div class=\"form-group\" style=\"width: 70%;\"><label for=\"sel1\"><span class=\"number\">\u2779<\/span>You didn&#8217;t really drink all the milk, __________?<\/label>\r\n<select id=\"q3\" class=\"form-control\"><option value=\"correct\"><\/option>\r\n<option value=\"correct\">did you<\/option>\r\n<option value=\"wrong\">didn&#8217;t you<\/option>\r\n<option value=\"wrong\">does you<\/option>\r\n<option value=\"wrong\">haven&#8217;t you<\/option>\r\n<\/select>\r\n<p id=\"correct3\" align=\"left\"><\/p>\r\n<a class=\"btn btn-success tipp3 hidden\" style=\"text-decoration: none, color:white;\" title=\"..., did you?\" href=\"#3\" data-toggle=\"popover\" data-placement=\"top\" data-trigger=\"hover\" data-content=\"Das Hilfsverb im Hauptsatz ist 'verneint' im 'simple past', deswegen ist die Best\u00e4tigungsfrage die bejahte Form des Hilfsverbs 'do' mit Bezug auf das Subjekt (they) im 'simple past'\u2794 'didn't they'?\">Tipp<\/a>\r\n\r\n<\/div>\r\n<div class=\"form-group\" style=\"width: 70%;\"><label for=\"sel1\"><span class=\"number\">\u277a<\/span>Walkmen were very popular in the 80s, __________ ?<\/label>\r\n<select id=\"q4\" class=\"form-control\"><option value=\"correct\"><\/option>\r\n<option value=\"wrong\">were they<\/option>\r\n<option value=\"correct\">weren&#8217;t they<\/option>\r\n<option value=\"wrong\">didn&#8217;t they<\/option>\r\n<option value=\"wrong\">did they<\/option>\r\n<\/select>\r\n<p id=\"correct4\" align=\"left\"><\/p>\r\n<a class=\"btn btn-success tipp4 hidden\" style=\"text-decoration: none, color:white;\" title=\"..., weren't they?\" href=\"#4\" data-toggle=\"popover\" data-placement=\"top\" data-trigger=\"hover\" data-content=\"Das Hilfsverb im Hauptsatz ist 'bejaht' im 'simple past', deswegen ist die Best\u00e4tigungsfrage die verneinte Form des Hilfsverbs 'be' mit Bezug auf Walkmen (they) im 'simple past'\u2794 'weren't they'?\">Tipp<\/a>\r\n\r\n<\/div>\r\n<div class=\"form-group\" style=\"width: 70%;\"><label for=\"sel1\"><span class=\"number\">\u277b<\/span>Close the window,__________?<\/label>\r\n<select id=\"q5\" class=\"form-control\"><option value=\"correct\"><\/option>\r\n<option value=\"wrong\">don&#8217;t you<\/option>\r\n<option value=\"correct\">will you<\/option>\r\n<option value=\"wrong\">do you<\/option>\r\n<option value=\"wrong\">doesn&#8217;t you<\/option>\r\n<\/select>\r\n<p id=\"correct5\" align=\"left\"><\/p>\r\n<a class=\"btn btn-success tipp5 hidden\" style=\"text-decoration: none, color:white;\" title=\"..., will you?\" href=\"#5\" data-toggle=\"popover\" data-placement=\"top\" data-trigger=\"hover\" data-content=\"Der Hauptsatz ist eine Aufforderung, deswegen ist die Best\u00e4tigungsfrage die bejahte Form des Hilfsverbs 'will' \u2794 'will you?'\">Tipp<\/a>\r\n\r\n<\/div>\r\n<div class=\"form-group\" style=\"width: 70%;\"><label for=\"sel1\"><span class=\"number\">\u277c<\/span>Uschi has worked hard, __________?<\/label>\r\n<select id=\"q6\" class=\"form-control\"><option value=\"correct\"><\/option>\r\n<option value=\"wrong\">didn&#8217;t you<\/option>\r\n<option value=\"wrong\">did you<\/option>\r\n<option value=\"wrong\">has she<\/option>\r\n<option value=\"correct\">hasn&#8217;t she<\/option>\r\n<\/select>\r\n<p id=\"correct6\" align=\"left\"><\/p>\r\n<a class=\"btn btn-success tipp6 hidden\" style=\"text-decoration: none, color:white;\" title=\"..., hasn't she?\" href=\"#6\" data-toggle=\"popover\" data-placement=\"top\" data-trigger=\"hover\" data-content=\"Das Hilfsverb im Hauptsatz ist 'bejaht' im 'present perfect', deswegen ist die Best\u00e4tigungsfrage die verneinte Form des Hilfsverbs 'have' mit Bezug auf Uschi (she) im 'present perefect'\u2794 'hasn't she'?\">Tipp<\/a>\r\n\r\n<\/div>\r\n<div class=\"form-group\" style=\"width: 70%;\"><label for=\"sel1\"><span class=\"number\">\u277d<\/span>You wouldn&#8217;t know anything about it, __________ ?<\/label>\r\n<select id=\"q7\" class=\"form-control\"><option value=\"correct\"><\/option>\r\n<option value=\"correct\">would you<\/option>\r\n<option value=\"wrong\">wouldn&#8217;t you<\/option>\r\n<option value=\"wrong\">could you<\/option>\r\n<option value=\"wrong\">did you<\/option>\r\n<\/select>\r\n<p id=\"correct7\" align=\"left\"><\/p>\r\n<a class=\"btn btn-success tipp7 hidden\" style=\"text-decoration: none, color:white;\" title=\"..., would you?\" href=\"#7\" data-toggle=\"popover\" data-placement=\"top\" data-trigger=\"hover\" data-content=\"Das Hilfsverb im Hauptsatz ist 'verneing' im 'Kontidional', deswegen ist die Best\u00e4tigungsfrage die bejahte Form des Hilfsverbs 'would' mit Bezug auf 'you' im 'Konditional'\u2794 'would you'?\">Tipp<\/a>\r\n\r\n<\/div>\r\n<div class=\"form-group\" style=\"width: 70%;\"><label for=\"sel1\"><span class=\"number\">\u277e<\/span> Fast-food, is super healthy,__________?<\/label>\r\n<select id=\"q8\" class=\"form-control\"><option value=\"correct\"><\/option>\r\n<option value=\"wrong\">isn&#8217;t it<\/option>\r\n<option value=\"correct\">is it<\/option>\r\n<option value=\"wrong\">does it<\/option>\r\n<option value=\"wrong\">do it<\/option>\r\n<\/select>\r\n<p id=\"correct8\" align=\"left\"><\/p>\r\n<a class=\"btn btn-success tipp8 hidden\" style=\"text-decoration: none, color:white;\" title=\"Fast food is super healthy, is it?\" href=\"#8\" data-toggle=\"popover\" data-placement=\"top\" data-trigger=\"hover\" data-content=\"Die Best\u00e4tigungsfrage ist hier ironisch. Aus diesem Grund wird ausnahmeweise die bejahte Sinn im question tag nicht umgkehrt \u2794 '...is super healthy, is it?\">Tipp<\/a>\r\n\r\n<\/div>\r\n<div class=\"form-group\" style=\"width: 70%;\"><label for=\"sel1\"><span class=\"number\">\u277f<\/span>There is no way we will finish the project on time,________.<\/label>\r\n<select id=\"q9\" class=\"form-control\"><option value=\"correct\"><\/option>\r\n<option value=\"wrong\">be there<\/option>\r\n<option value=\"wrong\">are there<\/option>\r\n<option value=\"wrong\">will it<\/option>\r\n<option value=\"correct\">is there<\/option>\r\n<\/select>\r\n<p id=\"correct9\" align=\"left\"><\/p>\r\n<a class=\"btn btn-success tipp9 hidden\" style=\"text-decoration: none, color:white;\" title=\"...,is there?\" href=\"#9\" data-toggle=\"popover\" data-placement=\"top\" data-trigger=\"hover\" data-content=\"Die Best\u00e4tigungsfrage bezieht sich auf einen verneinten Aussagesatz im 'simple present'. Das Bezugswort ist 'is'. Ausnahmsweise wird hier nicht das Verb verneint, sondern das Subjekt des Aussagesatzes.  Aus diesem Grund ist die Best\u00e4tigungsfrage \u2794 'is there?' \">Tipp<\/a>\r\n\r\n<\/div>\r\n<\/div>\r\n<div class=\"container\">\r\n\r\n<!-- The Modal -->\r\n<div id=\"myModal\" class=\"modal\">\r\n<div class=\"modal-dialog\">\r\n<div class=\"modal-content\">\r\n\r\n<!-- Modal Header -->\r\n<div class=\"modal-header\">\r\n<h4 class=\"modal-title\">Best\u00e4tigungsfragen &#8211; question tags<\/h4>\r\n<button class=\"close\" type=\"button\" data-dismiss=\"modal\">\u00d7<\/button>\r\n\r\n<\/div>\r\n<!-- Modal body -->\r\n<div class=\"modal-body\">\r\nBest\u00e4tignungsfragen werden im Englischen dazu verwendet, seinen Gespr\u00e4chspartner dazu aufzufordern, einen Kommentar zum Gesagten abzugeben. \r\nDies ist f\u00fcr Englisch lernende Deutsche oft ein kleines Problem, weil im Deutschen einfach <b class=\"text-danger\">&#8217;nicht wahr&#8216;<\/b> an den Satz angeh\u00e4ngt wird.\r\nDie englische Sprache unterscheidet hier genauer. Je nachdem, ob ein <b class=\"text-danger\">verneinter<\/b> oder <b class=\"text-danger\">bejahter<\/b> Satz vorliegt muss, die Best\u00e4tigungsfrage im umgekehrten Sinn gestellt werden. Das &#8218;question tag&#8216; orientiert sich hierbei in <b class=\"text-danger\">Zahl, Tempus und Person<\/b> am Hauptsatz:\r\nzum Beispiel:\r\nYou <b class=\"text-danger\">like<\/b> football, <b class=\"text-danger\">don&#8217;t<\/b> you?\r\nYou <b class=\"text-danger\">don&#8217;t<\/b> live live in Munich, <b class=\"text-danger\">do<\/b> you?\r\n<table class=\"table table-bordered table-sm table-hover\">\r\n<thead>\r\n<tr class=\"table-danger\">\r\n<th>Bes\u00e4tigungsfragen &#8211; question tags<\/th>\r\n<\/tr>\r\n<\/thead>\r\n<tbody>\r\n<tr class=\"table-success\">\r\n<td><b>simple present<\/b><\/td>\r\n<\/tr>\r\n<tr class=\"table-primary\">\r\n<td><b>You like cookies, don&#8217;t you?<\/b><\/td>\r\n<\/tr>\r\n<tr class=\"table-info\">\r\n<td><b>You don&#8217;t like monkeys, do you?<\/b><\/td>\r\n<\/tr>\r\n<tr class=\"table-success\">\r\n<td><b>present progressive<\/b><\/td>\r\n<\/tr>\r\n<tr class=\"table-primary\">\r\n<td><b>He is playing football, isn&#8217;t he?<\/b><\/td>\r\n<\/tr>\r\n<tr class=\"table-info\">\r\n<td><b>They aren&#8217;t eating all the cookies, are they?<\/b><\/td>\r\n<\/tr>\r\n<tr class=\"table-success\">\r\n<td><b>simple past<\/b><\/td>\r\n<\/tr>\r\n<tr class=\"table-primary\">\r\n<td><b>He drank all the beer, didn&#8217;t he?<\/b><\/td>\r\n<\/tr>\r\n<tr class=\"table-info\">\r\n<td><b>You didn&#8217;t lose you keys again, did you?<\/b><\/td>\r\n<\/tr>\r\n<tr class=\"table-success\">\r\n<td><b>present perfect<\/b><\/td>\r\n<\/tr>\r\n<tr class=\"table-primary\">\r\n<td><b>He has worked hard, hasn&#8217;t he?<\/b><\/td>\r\n<\/tr>\r\n<tr class=\"table-info\">\r\n<td><b>She hasn&#8217;t lost her looks, has she?<\/b><\/td>\r\n<\/tr>\r\n<tr class=\"table-success\">\r\n<td><b>will future<\/b><\/td>\r\n<\/tr>\r\n<tr class=\"table-primary\">\r\n<td><b>We will surely win, won&#8217;t we?<\/b><\/td>\r\n<\/tr>\r\n<tr class=\"table-info\">\r\n<td><b>She won&#8217;t to to her mother&#8217;s, will she?<\/b><\/td>\r\n<\/tr>\r\n<tr class=\"table-success\">\r\n<td><b>Konditional I<\/b><\/td>\r\n<\/tr>\r\n<tr class=\"table-primary\">\r\n<td><b>You would tell me about this problem, wouldn&#8217;t you?<\/b><\/td>\r\n<\/tr>\r\n<tr class=\"table-info\">\r\n<td><b>You wouldn&#8217;t know where she is, would you?<\/b><\/td>\r\n<\/tr>\r\n<tr class=\"table-success\">\r\n<td><b>Konditional II<\/b><\/td>\r\n<\/tr>\r\n<tr class=\"table-primary\">\r\n<td><b>We had surely won, hadn&#8217;t we?<\/b><\/td>\r\n<\/tr>\r\n<tr class=\"table-info\">\r\n<td><b>She hadn&#8217;t left town, had she?<\/b><\/td>\r\n<\/tr>\r\n<tr class=\"table-success\">\r\n<td><b>Aufforderungen<\/b><\/td>\r\n<\/tr>\r\n<tr class=\"table-primary\">\r\n<td><b>Close the window, will you?<\/b><\/td>\r\n<\/tr>\r\n<tr class=\"table-info\">\r\n<td><b>Shut the door, won&#8217;t you?<\/b><\/td>\r\n<\/tr>\r\n<tr class=\"table-success\">\r\n<td><b>ironische Aussagen<\/b><\/td>\r\n<\/tr>\r\n<tr class=\"table-primary\">\r\n<td><b>Fast food is healthy, is it?<\/b><\/td>\r\n<\/tr>\r\n<tr class=\"table-info\">\r\n<td><b>You don&#8217;t like Spain, don&#8217;t you?<\/b><\/td>\r\n<\/tr>\r\n\r\n\r\n<\/tbody>\r\n<\/table><\/div>\r\n<!-- Modal footer -->\r\n<div class=\"modal-footer\"><button class=\"btn btn-danger\" type=\"button\" data-dismiss=\"modal\">Close<\/button>\r\n<\/div>\r\n\r\n<\/div>\r\n<\/div>\r\n<\/div>\r\n<\/div>\r\n<\/div>\r\n<hr>\r\n\r\n<div class=\"container\"><button id=\"submitButton\" class=\"btn-lg btn-primary \" type=\"submit\" value=\"submit\">Pr\u00fcfen<\/button><button id=\"resetButton\" class=\"btn-lg btn-success\" type=\"submit\" onclick=\"refreshPage()\">Neustart<\/button><button id=\"submitButton\" class=\"btn-lg btn-info\" type=\"submit\" value=\"submit\" data-toggle=\"modal\" data-target=\"#myModal\">Tipp<\/button><\/div>\r\n\r\n<hr>\r\n\r\n\r\n<p id=\"result\"><\/p>\r\n<p id=\"result2\"><\/p>\r\n<h2>Best\u00e4tigungsfragen \u00dcbungen<\/h2>\r\n<hr>\r\n<div id=\"bellows-main-68\" class=\"bellows bellows-nojs bellows-main bellows-source-menu bellows-align-full bellows-skin-vanilla bellows-type-\"><ul id=\"menu-bestaetigungsfragen\" class=\"bellows-nav\" data-bellows-config=\"main\"><li id=\"menu-item-8455\" class=\"bellows-menu-item bellows-menu-item-type-post_type bellows-menu-item-object-page bellows-menu-item-8455 bellows-item-level-0\"><a  href=\"https:\/\/english-munich.de\/training\/bestaetigungsfragen-question-tags\/\" class=\"bellows-target\"><span class=\"bellows-target-title bellows-target-text\">\u2611\ufe0f Best\u00e4tigungsfragen \u2013 question tags<\/span><\/a><\/li>\n<li id=\"menu-item-8454\" class=\"bellows-menu-item bellows-menu-item-type-post_type bellows-menu-item-object-page bellows-menu-item-8454 bellows-item-level-0\"><a  href=\"https:\/\/english-munich.de\/training\/bestaetigungsfragen\/\" class=\"bellows-target\"><span class=\"bellows-target-title bellows-target-text\">\ud83d\uddb1\ufe0fBest\u00e4tigungsfragen \u2013 question tags<\/span><\/a><\/li>\n<li id=\"menu-item-8503\" class=\"bellows-menu-item bellows-menu-item-type-post_type bellows-menu-item-object-page bellows-menu-item-8503 bellows-item-level-0\"><a  href=\"https:\/\/english-munich.de\/training\/bestaetigungsfragen-question-tags-3\/\" class=\"bellows-target\"><span class=\"bellows-target-title bellows-target-text\">\u270d\ufe0fBest\u00e4tigungsfragen \u2013 question tags<\/span><\/a><\/li>\n<\/ul><\/div>\r\n<\/div>","protected":false},"excerpt":{"rendered":"Best\u00e4tigungsfragen &#8211; question tags \u00dcbungen zu Best\u00e4tigungsfragen &#8211; question tags Beispiel \u24ffThis car is dark blue,__________? don&#8217;t do who doesn&#8217;t Die richtige L\u00f6sung ist: isn&#8217;t it&nbsp;&nbsp;Tipp \u2611\ufe0f W\u00e4hle das richtige question tag. Achte auf die grammatikalische Person des Hauptsatzes. Au\u00dferdem musst darauf schauen, ob der Satz verneint oder bejaht ist. Achte ebenfalls auf die Sprechintention. [&hellip;]","protected":false},"author":3,"featured_media":0,"parent":0,"menu_order":0,"comment_status":"closed","ping_status":"closed","template":"","meta":[],"_links":{"self":[{"href":"https:\/\/english-munich.de\/training\/wp-json\/wp\/v2\/pages\/8388"}],"collection":[{"href":"https:\/\/english-munich.de\/training\/wp-json\/wp\/v2\/pages"}],"about":[{"href":"https:\/\/english-munich.de\/training\/wp-json\/wp\/v2\/types\/page"}],"author":[{"embeddable":true,"href":"https:\/\/english-munich.de\/training\/wp-json\/wp\/v2\/users\/3"}],"replies":[{"embeddable":true,"href":"https:\/\/english-munich.de\/training\/wp-json\/wp\/v2\/comments?post=8388"}],"version-history":[{"count":26,"href":"https:\/\/english-munich.de\/training\/wp-json\/wp\/v2\/pages\/8388\/revisions"}],"predecessor-version":[{"id":12023,"href":"https:\/\/english-munich.de\/training\/wp-json\/wp\/v2\/pages\/8388\/revisions\/12023"}],"wp:attachment":[{"href":"https:\/\/english-munich.de\/training\/wp-json\/wp\/v2\/media?parent=8388"}],"curies":[{"name":"wp","href":"https:\/\/api.w.org\/{rel}","templated":true}]}}