{"id":832,"date":"2020-05-06T09:14:19","date_gmt":"2020-05-06T09:14:19","guid":{"rendered":"https:\/\/english-munich.de\/training\/?page_id=832"},"modified":"2022-04-27T07:58:43","modified_gmt":"2022-04-27T07:58:43","slug":"simple-past-aussagesatz-bejaht","status":"publish","type":"page","link":"https:\/\/english-munich.de\/training\/simple-past-aussagesatz-bejaht\/","title":{"rendered":"Simple Past \u00dcbungen &#8211; Aussagesatz bejaht"},"content":{"rendered":"<div class=\"jumbotron text-center\">\r\n<h2>Simple Past Aufgaben<\/h2>\r\n\u00dcbungen zum Simple Past im bejahten Aussagesatz\r\n\r\n<\/div>\r\n<div class=\"bs-example\">\r\n<div class=\"accordion\" id=\"accordionExample\">\r\n<div class=\"card\">\r\n<div class=\"card-header\" id=\"headingOne\">\r\n<h2 class=\"mb-0\" style=\"color:#000\">\r\n                    <button type=\"button\" class=\"btn btn-link collapsed\" data-toggle=\"collapse\" data-target=\"#collapseOne\">Beispiel<\/button><\/h2>\r\n<\/div>\r\n<div id=\"collapseOne\" class=\"collapse\" aria-labelledby=\"headingOne\" data-parent=\"#accordionExample\">\r\n<div class=\"card-body\">\r\n<div class=\"form-inline\">\r\n<div>\r\n<b><span class=\"number\">\u24ff<\/span><\/b>John <input type=\"text\" class=\"form-control\" id=\"panel-beispiel\" disabled=\"\" value=\"wanted\"> <b><i>&nbsp;(want)&nbsp;<\/i><\/b>to go out yesterday.\r\n<\/div><div>\r\nDie richtige L\u00f6sung ist: <i>wanted<\/i>&nbsp;&nbsp;<button class=\"btn-lg btn-info\" type=\"button\" value=\"submit\" data-toggle=\"modal\" data-target=\"#myModal\">Tipp<\/button>\r\n<\/div>\r\n<\/div>\r\n<\/div>\r\n<\/div>\r\n<\/div>\r\n<\/div>\r\n<br \/><br \/>\r\n<div class=\"container well\">\r\n<h4>\u270d\ufe0f F\u00fclle die Verben in Klammern in der richtigen Form des <i>simple past (1.Vergangenheit)<\/i> in die L\u00fccken:<\/h4>\r\n\r\n<hr>\r\n\r\n<br \/>\r\n<div class=\"container\">\r\n<b><span class=\"number\">\u2776<\/span><\/b>Johnny<input type=\"text\" class=\"form-control\" id=\"q0\" autocomplete=\"off\"><b><i>  (spill)<\/i><\/b> milk yesterday.\r\n<div class=\"row\">\r\n<div>\r\n<p id=\"correct0\" align=\"left\"><\/p>\r\n\r\n<\/div>\r\n<div>\r\n<a button=\"\" class=\"btn btn-success tipp0 hidden\" href=\"#1\" title=\"Johnny spilled...\" data-toggle=\"popover\" data-placement=\"top\" data-trigger=\"hover\" style=\"text-decoration: none; color:white;\" data-content=\"Das Verb 'spill' endet schon mit zwei 'l', deswegen brauchst du den Endkonsonanten nicht mehr zu verdopppeln, bevor du das -ed anh\u00e4ngst!\">Tipp<\/a><\/div>\r\n<\/div>\r\n<b><span class=\"number\">\u2777<\/span><\/b>We  <input type=\"text\" class=\"form-control\" id=\"q1\" autocomplete=\"off\"><b><i>(love)<\/i><\/b> to ride our bike last summer.\r\n<div class=\"row\">\r\n<div>\r\n<p id=\"correct1\" align=\"left\"><\/p>\r\n\r\n<\/div>\r\n<div>\r\n<a button=\"\" class=\"btn btn-success tipp1 hidden\" href=\"#2\" title=\"We loved...\" data-toggle=\"popover\" data-placement=\"top\" data-trigger=\"hover\" style=\"text-decoration: none; color:white;\" data-content=\"Das Verb 'love' ist unregelm\u00e4\u00dfig, das finale 'e' verschwindet, bevor die Endung '-ed', angeh\u00e4ngt werden kann! 'Last summer' klassisches Signalwort f\u00fcr das simple past!\">Tipp<\/a><\/div>\r\n<\/div>\r\n<b><span class=\"number\">\u2778<\/span><\/b>Sarah <input type=\"text\" class=\"form-control\" id=\"q2\" autocomplete=\"off\"><b><i>(wash)<\/i><\/b> her car yesterday.\r\n<div class=\"row\">\r\n<div>\r\n<p id=\"correct2\" align=\"left\"><\/p>\r\n\r\n<\/div>\r\n<div>\r\n<a button=\"\" class=\"btn btn-success tipp2 hidden\" align=\"left\" aria-hidden=\"true\" href=\"#3\" title=\"Sarah washed...\" data-toggle=\"popover\" data-placement=\"top\" data-trigger=\"hover\" style=\"text-decoration: none, color:white\" data-content=\"Das Verb 'wash' it regelm\u00e4\u00dfig, also einfach '-ed' anh\u00e4ngen.'Yesterday' ist ein typisches Signalwort f\u00fcr das simple past\">Tipp<\/a><\/div>\r\n<\/div>\r\n<span class=\"number\">\u2779<\/span>They   <input type=\"text\" class=\"form-control\" id=\"q3\" autocomplete=\"off\"><b><i>(use)<\/i><\/b> their scooter only once.\r\n<div class=\"row\">\r\n<div>\r\n<p id=\"correct3\" align=\"left\"><\/p>\r\n\r\n<\/div>\r\n<div>\r\n<a button=\"\" class=\"btn btn-success tipp3 hidden\" aria-hidden=\"true\" href=\"#4\" title=\"They used...\" data-toggle=\"popover\" data-placement=\"top\" data-trigger=\"hover\" style=\"text-decoration: none, color:white\" data-content=\"Das Verb 'use' ist unregelm\u00e4\u00dfig, das finale 'e' verschwindet, bevor die Endung -ed, angeh\u00e4ngt werden kann! 'Last summer' klassisches Signalwort f\u00fcr das simple past!\">Tipp<\/a><\/div>\r\n<\/div>\r\n<b><span class=\"number\">\u277a<\/span><\/b>He <input type=\"text\" class=\"form-control\" id=\"q4\" autocomplete=\"off\"><b><i>(be)<\/i><\/b> here 5 minutes ago.\r\n<div class=\"row\">\r\n<div>\r\n<p id=\"correct4\" align=\"left\"><\/p>\r\n\r\n<\/div>\r\n<div>\r\n<a button=\"\" class=\"btn btn-success tipp4 hidden\" aria-hidden=\"true\" href=\"#5\" title=\"He was...\" data-toggle=\"popover\" data-placement=\"top\" data-trigger=\"hover\" style=\"text-decoration: none, color:white\" data-content=\"Vorsicht: Das Verb 'be' ist unregelm\u00e4\u00dfig: I was, you were, he\/she\/it was, we\/you\/they were!\">Tipp<\/a><\/div>\r\n<\/div>\r\n<b><span class=\"number\">\u277b<\/span><\/b>He <input type=\"text\" class=\"form-control\" id=\"q5\" autocomplete=\"off\"><b><i>(watch)<\/i><\/b> too much TV after work.\r\n<div class=\"row\">\r\n<div>\r\n<p id=\"correct5\" align=\"left\"><\/p>\r\n\r\n<\/div>\r\n<div>\r\n<a button=\"\" class=\"btn btn-success tipp5 hidden\" aria-hidden=\"true\" href=\"#6\" title=\"He watched...\" data-toggle=\"popover\" data-placement=\"top\" data-trigger=\"hover\" style=\"text-decoration: none, color:white\" data-content=\"Das Verb 'wash' it regelm\u00e4\u00dfig, also einfach '-ed' anh\u00e4ngen.\">Tipp<\/a><\/div>\r\n<\/div>\r\n<b><span class=\"number\">\u277c<\/span><\/b>My boss  <input type=\"text\" class=\"form-control\" id=\"q6\" autocomplete=\"off\"><b><i>(have)<\/i><\/b> too much money.\r\n<div class=\"row\">\r\n<div>\r\n<p id=\"correct6\" align=\"left\"><\/p>\r\n\r\n<\/div>\r\n<div>\r\n<a button=\"\" class=\"btn btn-success tipp6 hidden\" aria-hidden=\"true\" href=\"#7\" title=\"My boss had...\" data-toggle=\"popover\" data-placement=\"top\" data-trigger=\"hover\" style=\"text-decoration: none, color:white\" data-content=\"Das Verb 'have' ist unregelm\u00e4\u00dfig, die richtige Form im simple past lautet:'had'\">Tipp<\/a><\/div>\r\n<\/div>\r\n<b><span class=\"number\">\u277d<\/span><\/b>Boris  <input type=\"text\" class=\"form-control\" id=\"q7\" autocomplete=\"off\"><b><i>(play)<\/i><\/b> much rugby last summer.\r\n<div class=\"row\">\r\n<div>\r\n<p id=\"correct7\" align=\"left\"><\/p>\r\n\r\n<\/div>\r\n<div>\r\n<a button=\"\" class=\"btn btn-success tipp7 hidden\" href=\"#8\" title=\"Boris played...\" data-toggle=\"popover\" data-placement=\"top\" data-trigger=\"hover\" style=\"text-decoration: none, color:white\" data-content=\"Das Verb 'play' ist regelm\u00e4\u00dfig also einfach '-ed' anh\u00e4ngen\">Tipp<\/a><\/div>\r\n<\/div>\r\n<b><span class=\"number\">\u277e<\/span><\/b>I   <input type=\"text\" class=\"form-control\" id=\"q8\" autocomplete=\"off\"><b><i>(switch)<\/i><\/b> my phone off ten minutes ago.\r\n<div class=\"row\">\r\n<div>\r\n<p id=\"correct8\" align=\"left\"><\/p>\r\n\r\n<\/div>\r\n<div>\r\n<a button=\"\" class=\"btn btn-success tipp8 hidden\" href=\"#9\" title=\"I switched...\" data-toggle=\"popover\" data-placement=\"top\" data-trigger=\"hover\" style=\"text-decoration: none, color:white\" data-content=\"Das Verb 'switch' ist regelm\u00e4\u00dfig also einfach '-ed' anh\u00e4ngen!\">Tipp<\/a><\/div>\r\n<\/div>\r\n<b><span class=\"number\">\u277f<\/span><\/b>Karen <input type=\"text\" class=\"form-control\" id=\"q9\" autocomplete=\"off\"><b><i>(push)<\/i><\/b>  her bike to work.\r\n<div class=\"row\">\r\n<div>\r\n<p id=\"correct9\" align=\"left\"><\/p>\r\n\r\n<\/div>\r\n<div>\r\n<a button=\"\" class=\"btn btn-success tipp9 hidden\" href=\"#10\" title=\"Karen pushed...\" data-toggle=\"popover\" data-placement=\"top\" data-trigger=\"hover\" style=\"text-decoration: none, color:white\" data-content=\"Das Verb 'push' ist regelm\u00e4\u00dfig also einfach '-ed' anh\u00e4ngen!\">Tipp<\/a><\/div>\r\n<\/div>\r\n<!-- The Modal -->\r\n<div id=\"myModal\" class=\"modal\">\r\n<div class=\"modal-dialog\">\r\n<div class=\"modal-content\">\r\n\r\n<!-- Modal Header -->\r\n<div class=\"modal-header\">\r\n<h4 class=\"modal-title\">Simple Past<\/h4>\r\n<button class=\"close\" type=\"button\" data-dismiss=\"modal\">\u00d7<\/button>\r\n\r\n<\/div>\r\n<!-- Modal body -->\r\n<div class=\"modal-body\">Imperfekt \u00dcbungen &#8211; <a href=\"https:\/\/de.wikipedia.org\/wiki\/Englische_Sprache\">Englisch<\/a> online lernen.<img decoding=\"async\" class=\"img-responsive img-rounded\" title=\"Simple Past\" src=\"https:\/\/english-munich.de\/training\/wp-content\/uploads\/2020\/05\/simple-past-regular.jpg\" loading=\"lazy&quot;\" alt=\"Simple Past Aussagesatz\"><\/div>\r\n<!-- Modal footer -->\r\n<div class=\"modal-footer\"><button class=\"btn btn-danger\" type=\"button\" data-dismiss=\"modal\">Close<\/button><\/div>\r\n<\/div>\r\n<\/div>\r\n<\/div>\r\n<\/div>\r\n<\/div>\r\n<div class=\"container\">\r\n\r\n<hr>\r\n\r\n<button id=\"submitButton\" class=\"btn-lg btn-primary \" type=\"submit\" value=\"submit\">Pr\u00fcfen<\/button><button id=\"resetButton\" class=\"btn-lg btn-success\" type=\"submit\" onclick=\"refreshPage()\">Neustart<\/button><button id=\"submitButton\" class=\"btn-lg btn-info\" type=\"button\" value=\"submit\" data-toggle=\"modal\" data-target=\"#myModal\">Tipp<\/button>\r\n\r\n<hr>\r\n\r\n\r\n\r\n<p id=\"result\"><\/p>\r\n<p id=\"result2\"><\/p><br \/>\r\n<a href=\"https:\/\/english-munich.de\/training\/wp-content\/uploads\/2022\/04\/Uebungsblatt-Simple-Past-regelmaessige-Verben.pdf\">\u00dcbungsblatt Simple Past regelm\u00e4\u00dfige Verben <i class=\"fa fa-download\"><\/i><\/a>\r\n<br \/><br \/>\r\n<h3>Alle Aufgaben im Simple Past<\/h3>\r\n<hr>\r\n<div id=\"bellows-main-15\" class=\"bellows bellows-nojs bellows-main bellows-source-menu bellows-align-full bellows-skin-vanilla bellows-type-\"><ul id=\"menu-simple-past\" class=\"bellows-nav\" data-bellows-config=\"main\"><li id=\"menu-item-3681\" class=\"bellows-menu-item bellows-menu-item-type-post_type bellows-menu-item-object-page bellows-menu-item-3681 bellows-item-level-0\"><a  href=\"https:\/\/english-munich.de\/training\/simple-past-aussagesatz-bejaht\/\" class=\"bellows-target\"><span class=\"bellows-target-title bellows-target-text\">\u270d\ufe0fSimple Past \u2013 bejaht<\/span><\/a><\/li>\n<li id=\"menu-item-3686\" class=\"bellows-menu-item bellows-menu-item-type-post_type bellows-menu-item-object-page bellows-menu-item-3686 bellows-item-level-0\"><a  href=\"https:\/\/english-munich.de\/training\/simple-past-verneinung\/\" class=\"bellows-target\"><span class=\"bellows-target-title bellows-target-text\">\u2611\ufe0fSimple Past Verneinung<\/span><\/a><\/li>\n<li id=\"menu-item-3683\" class=\"bellows-menu-item bellows-menu-item-type-post_type bellows-menu-item-object-page bellows-menu-item-3683 bellows-item-level-0\"><a  href=\"https:\/\/english-munich.de\/training\/simple-past-frage\/\" class=\"bellows-target\"><span class=\"bellows-target-title bellows-target-text\">\u270d\ufe0fSimple Past Frage<\/span><\/a><\/li>\n<li id=\"menu-item-3684\" class=\"bellows-menu-item bellows-menu-item-type-post_type bellows-menu-item-object-page bellows-menu-item-3684 bellows-item-level-0\"><a  href=\"https:\/\/english-munich.de\/training\/simple-past-gemischt\/\" class=\"bellows-target\"><span class=\"bellows-target-title bellows-target-text\">\ud83d\uddb1\ufe0fSimple Past gemischt<\/span><\/a><\/li>\n<li id=\"menu-item-11423\" class=\"bellows-menu-item bellows-menu-item-type-post_type bellows-menu-item-object-page bellows-menu-item-11423 bellows-item-level-0\"><a  href=\"https:\/\/english-munich.de\/training\/be-simple-past-uebungen\/\" class=\"bellows-target\"><span class=\"bellows-target-title bellows-target-text\">\u2611\ufe0fbe Simple Past \u00dcbungen<\/span><\/a><\/li>\n<li id=\"menu-item-11431\" class=\"bellows-menu-item bellows-menu-item-type-post_type bellows-menu-item-object-page bellows-menu-item-11431 bellows-item-level-0\"><a  href=\"https:\/\/english-munich.de\/training\/simple-past-ausnahmen-uebungen\/\" class=\"bellows-target\"><span class=\"bellows-target-title bellows-target-text\">\u270d\ufe0fSimple Past Ausnahmen<\/span><\/a><\/li>\n<li id=\"menu-item-3685\" class=\"bellows-menu-item bellows-menu-item-type-post_type bellows-menu-item-object-page bellows-menu-item-3685 bellows-item-level-0\"><a  href=\"https:\/\/english-munich.de\/training\/simple-past-unregelmasige-verben\/\" class=\"bellows-target\"><span class=\"bellows-target-title bellows-target-text\">\u270d\ufe0fSimple Past unregelm\u00e4\u00dfig<\/span><\/a><\/li>\n<\/ul><\/div>\r\n<\/div>\r\n<\/div>","protected":false},"excerpt":{"rendered":"Simple Past Aufgaben \u00dcbungen zum Simple Past im bejahten Aussagesatz Beispiel \u24ffJohn &nbsp;(want)&nbsp;to go out yesterday. Die richtige L\u00f6sung ist: wanted&nbsp;&nbsp;Tipp \u270d\ufe0f F\u00fclle die Verben in Klammern in der richtigen Form des simple past (1.Vergangenheit) in die L\u00fccken: \u2776Johnny (spill) milk yesterday. Tipp \u2777We (love) to ride our bike last summer. Tipp \u2778Sarah (wash) her [&hellip;]","protected":false},"author":3,"featured_media":0,"parent":0,"menu_order":0,"comment_status":"closed","ping_status":"closed","template":"","meta":[],"_links":{"self":[{"href":"https:\/\/english-munich.de\/training\/wp-json\/wp\/v2\/pages\/832"}],"collection":[{"href":"https:\/\/english-munich.de\/training\/wp-json\/wp\/v2\/pages"}],"about":[{"href":"https:\/\/english-munich.de\/training\/wp-json\/wp\/v2\/types\/page"}],"author":[{"embeddable":true,"href":"https:\/\/english-munich.de\/training\/wp-json\/wp\/v2\/users\/3"}],"replies":[{"embeddable":true,"href":"https:\/\/english-munich.de\/training\/wp-json\/wp\/v2\/comments?post=832"}],"version-history":[{"count":19,"href":"https:\/\/english-munich.de\/training\/wp-json\/wp\/v2\/pages\/832\/revisions"}],"predecessor-version":[{"id":11522,"href":"https:\/\/english-munich.de\/training\/wp-json\/wp\/v2\/pages\/832\/revisions\/11522"}],"wp:attachment":[{"href":"https:\/\/english-munich.de\/training\/wp-json\/wp\/v2\/media?parent=832"}],"curies":[{"name":"wp","href":"https:\/\/api.w.org\/{rel}","templated":true}]}}