{"id":8291,"date":"2021-03-21T19:04:21","date_gmt":"2021-03-21T19:04:21","guid":{"rendered":"https:\/\/english-munich.de\/training\/?page_id=8291"},"modified":"2021-03-21T19:04:21","modified_gmt":"2021-03-21T19:04:21","slug":"bilderraetsel-kuechengeraete-englisch","status":"publish","type":"page","link":"https:\/\/english-munich.de\/training\/bilderraetsel-kuechengeraete-englisch\/","title":{"rendered":"Bilderr\u00e4tsel &#8211; K\u00fcchenger\u00e4te &#8211; Englisch"},"content":{"rendered":"<div class=\"jumbotron text-center\">\r\n<h2>K\u00fcchenutensilien Englisch<\/h2>\r\nBilerr\u00e4tsel zum Thema K\u00fcchenutensilien auf Englisch\r\n<\/div>\r\n<div class=\"container\">\r\n<img decoding=\"async\" src=\"https:\/\/english-munich.de\/training\/wp-content\/uploads\/2021\/03\/Kuechengeraete-Bilderraetesel-Enlisch.png\" alt=\"K\u00fcchenge\u00e4rte-Englisch\"\/>\r\n<\/div>\r\n<div class=\"container well\">\r\n<h4>\u2611\ufe0f W\u00e4hle die richtige Option des K\u00fcchenger\u00e4ts auf <b>Englisch<\/b> entsprechend der Nummer auf dem Bild:<\/h4>\r\n<hr>\r\n<br \/>\r\n<div class=\"container-fluid\">\r\n<div class=\"form-group\"><div class=\"row\"><div><label for=\"sel1\"><span class=\"number\">\u2776<\/span> <\/div>&nbsp;&nbsp; <div> <select id=\"q0\" class=\"form-control\">\r\n<option value=\"wrong\"><\/option>\r\n<option value=\"wrong\">cleaver<\/option>\r\n<option value=\"correct\">masher<\/option>\r\n<option value=\"wrong\">oven mitt<\/option>\r\n<option value=\"wrong\">rolling pin<\/option>\r\n<option value=\"wrong\">ladle<\/option>\r\n<option value=\"wrong\">scales<\/option>\r\n<option value=\"wrong\">pan<\/option>\r\n<option value=\"wrong\">grater<\/option>\r\n<option value=\"wrong\">spatula<\/option>\r\n<option value=\"wrong\">sieve<\/option>\r\n<\/select><\/label><\/div><\/div>\r\n\r\n<p id=\"correct0\" align=\"left\"><\/p>\r\n<a class=\"btn btn-success tipp0 hidden\" style=\"text-decoration: none, color:white;\" title=\"masher - Kartoffelstampfer\" href=\"#0\" data-toggle=\"popover\" data-placement=\"top\" data-trigger=\"hover\" data-content=\"der englische Begriff f\u00fcr Kartoffelstampfer ist 'masher'; ganz wichtig f\u00fcr das besonders im Vereinigten K\u00f6nigreich von Gro\u00dfbritannien und Nordirland beliebten Gericht 'mashed potatoes' \u2794 'Kartoffelbrei'.\">Tipp<\/a>\r\n<\/div>\r\n<div class=\"form-group\"><div class=\"row\"><div><label for=\"sel1\"><span class=\"number\">\u2777<\/span> <\/div>&nbsp;&nbsp; <div><select id=\"q1\" class=\"form-control\">\r\n<option value=\"wrong\"><\/option>\r\n<option value=\"wrong\">cleaver<\/option>\r\n<option value=\"wrong\">masher<\/option>\r\n<option value=\"wrong\">oven mitt<\/option>\r\n<option value=\"correct\">rolling pin<\/option>\r\n<option value=\"wrong\">ladle<\/option>\r\n<option value=\"wrong\">scales<\/option>\r\n<option value=\"wrong\">pan<\/option>\r\n<option value=\"wrong\">grater<\/option>\r\n<option value=\"wrong\">spatula<\/option>\r\n<option value=\"wrong\">sieve<\/option>\r\n<\/select><\/label><\/div><\/div>\r\n<p id=\"correct1\" align=\"left\"><\/p>\r\n<a class=\"btn btn-success tipp1 hidden\" style=\"text-decoration: none, color:white;\" title=\"rolling pin - Nudelholz\" href=\"#1\" data-toggle=\"popover\" data-placement=\"top\" data-trigger=\"hover\" data-content=\"Der englische Begriff f\u00fcr 'Nudelholz' ist 'rolling pin'.\">Tipp<\/a>\r\n<\/div>\r\n<div class=\"form-group\"><div class=\"row\"><div><label for=\"sel1\"><span class=\"number\">\u2778<\/span>  \r\n<\/div>&nbsp;&nbsp; <div><select id=\"q2\" class=\"form-control\">\r\n<option value=\"wrong\"><\/option>\r\n<option value=\"wrong\">cleaver<\/option>\r\n<option value=\"wrong\">masher<\/option>\r\n<option value=\"wrong\">oven mitt<\/option>\r\n<option value=\"wrong\">rolling pin<\/option>\r\n<option value=\"wrong\">ladle<\/option>\r\n<option value=\"wrong\">scales<\/option>\r\n<option value=\"wrong\">pan<\/option>\r\n<option value=\"wrong\">grater<\/option>\r\n<option value=\"wrong\">spatula<\/option>\r\n<option value=\"correct\">sieve<\/option>\r\n<\/select><\/label><\/div><\/div>\r\n\r\n<p id=\"correct2\" align=\"left\"><\/p>\r\n<a class=\"btn btn-success tipp2 hidden\" style=\"text-decoration: none, color:white;\" title=\"sieve - Sieb\" href=\"#2\" data-toggle=\"popover\" data-placement=\"top\" data-trigger=\"hover\" data-content=\"das englische Wort f\u00fcr 'Sieb' ist 'sieve'.\">Tipp<\/a>\r\n<\/div>\r\n<div class=\"form-group\"><div class=\"row\"><div><label for=\"sel1\"><span class=\"number\">\u2779<\/span> <\/div>&nbsp;&nbsp; <div><select id=\"q3\" class=\"form-control\">\r\n<option value=\"wrong\"><\/option>\r\n<option value=\"wrong\">cleaver<\/option>\r\n<option value=\"wrong\">masher<\/option>\r\n<option value=\"wrong\">oven mitt<\/option>\r\n<option value=\"wrong\">rolling pin<\/option>\r\n<option value=\"correct\">ladle<\/option>\r\n<option value=\"wrong\">scales<\/option>\r\n<option value=\"wrong\">pan<\/option>\r\n<option value=\"wrong\">grater<\/option>\r\n<option value=\"wrong\">spatula<\/option>\r\n<option value=\"wrong\">sieve<\/option>\r\n<\/select><\/label><\/div><\/div>\r\n\r\n<p id=\"correct3\" align=\"left\"><\/p>\r\n<a class=\"btn btn-success tipp3 hidden\" style=\"text-decoration: none, color:white;\" title=\"ladle - Sch\u00f6pfl\u00f6ffel\" href=\"#3\" data-toggle=\"popover\" data-placement=\"top\" data-trigger=\"hover\" data-content=\"'Sch\u00f6pfl\u00f6ffel' hei\u00dft auf Englisch  \u2794  'ladle'.\">Tipp<\/a>\r\n\r\n<\/div>\r\n<div class=\"form-group\"><div class=\"row\"><div><label for=\"sel1\"><span class=\"number\">\u277a<\/span> <\/div>&nbsp;&nbsp; <div><select id=\"q4\" class=\"form-control\">\r\n<option value=\"wrong\"><\/option>\r\n<option value=\"wrong\">cleaver<\/option>\r\n<option value=\"wrong\">masher<\/option>\r\n<option value=\"wrong\">oven mitt<\/option>\r\n<option value=\"wrong\">rolling pin<\/option>\r\n<option value=\"wrong\">ladle<\/option>\r\n<option value=\"wrong\">scales<\/option>\r\n<option value=\"correct\">pan<\/option>\r\n<option value=\"wrong\">grater<\/option>\r\n<option value=\"wrong\">spatula<\/option>\r\n<option value=\"wrong\">sieve<\/option>\r\n<\/select><\/label><\/div><\/div>\r\n\r\n<p id=\"correct4\" align=\"left\"><\/p>\r\n<a class=\"btn btn-success tipp4 hidden\" style=\"text-decoration: none, color:white;\" title=\"pan - Pfanne\" href=\"#4\" data-toggle=\"popover\" data-placement=\"top\" data-trigger=\"hover\" data-content=\" 'Pfanne' hei\u00dft auf Englisch \u2794 'pan'.\">Tipp<\/a>\r\n\r\n<\/div>\r\n<div class=\"form-group\"><div class=\"row\"><div><label for=\"sel1\"><span class=\"number\">\u277b<\/span> <\/div>&nbsp;&nbsp; <div><select id=\"q5\" class=\"form-control\">\r\n<option value=\"wrong\"><\/option>\r\n<option value=\"wrong\">cleaver<\/option>\r\n<option value=\"wrong\">masher<\/option>\r\n<option value=\"wrong\">oven mitt<\/option>\r\n<option value=\"wrong\">rolling pin<\/option>\r\n<option value=\"wrong\">ladle<\/option>\r\n<option value=\"wrong\">scales<\/option>\r\n<option value=\"wrong\">pan<\/option>\r\n<option value=\"correct\">grater<\/option>\r\n<option value=\"wrong\">spatula<\/option>\r\n<option value=\"wrong\">sieve<\/option>\r\n<\/select><\/label><\/div><\/div>\r\n<p id=\"correct5\" align=\"left\"><\/p>\r\n<a class=\"btn btn-success tipp5 hidden\" style=\"text-decoration: none, color:white;\" title=\"grater - K\u00e4sereibe\" href=\"#5\" data-toggle=\"popover\" data-placement=\"top\" data-trigger=\"hover\" data-content=\"Das englische Wort f\u00fcr 'K\u00e4sereibe' \u2794 'grater'.\">Tipp<\/a>\r\n\r\n<\/div>\r\n<div class=\"form-group\"><div class=\"row\"><div><label for=\"sel1\"><span class=\"number\">\u277c<\/span> <\/div>&nbsp;&nbsp; <div><select id=\"q6\" class=\"form-control\">\r\n<option value=\"wrong\"><\/option>\r\n<option value=\"correct\">windshield<\/option>\r\n<option value=\"wrong\">cleaver<\/option>\r\n<option value=\"wrong\">masher<\/option>\r\n<option value=\"correct\">oven mitt<\/option>\r\n<option value=\"wrong\">rolling pin<\/option>\r\n<option value=\"wrong\">ladle<\/option>\r\n<option value=\"wrong\">scales<\/option>\r\n<option value=\"wrong\">pan<\/option>\r\n<option value=\"wrong\">grater<\/option>\r\n<option value=\"wrong\">spatula<\/option>\r\n<option value=\"wrong\">sieve<\/option>\r\n<\/select><\/label><\/div><\/div>\r\n<p id=\"correct6\" align=\"left\"><\/p>\r\n<a class=\"btn btn-success tipp6 hidden\" style=\"text-decoration: none, color:white;\" title=\"oven mitt - Backhandschuh\" href=\"#6\" data-toggle=\"popover\" data-placement=\"top\" data-trigger=\"hover\" data-content=\"'Backhandschuh' hei\u00dft auf Englisch 'oven mitt'.\">Tipp<\/a>\r\n\r\n<\/div>\r\n<div class=\"form-group\"><div class=\"row\"><div><label for=\"sel1\"><span class=\"number\">\u277d<\/span><\/div>&nbsp;&nbsp; <div><select id=\"q7\" class=\"form-control\">\r\n<option value=\"wrong\"><\/option>\r\n<option value=\"wrong\">cleaver<\/option>\r\n<option value=\"wrong\">masher<\/option>\r\n<option value=\"wrong\">oven mitt<\/option>\r\n<option value=\"wrong\">rolling pin<\/option>\r\n<option value=\"wrong\">ladle<\/option>\r\n<option value=\"correct\">scales<\/option>\r\n<option value=\"wrong\">pan<\/option>\r\n<option value=\"wrong\">grater<\/option>\r\n<option value=\"wrong\">spatula<\/option>\r\n<option value=\"wrong\">sieve<\/option>\r\n<\/select><\/label><\/div><\/div>\r\n<p id=\"correct7\" align=\"left\"><\/p>\r\n<a class=\"btn btn-success tipp7 hidden\" style=\"text-decoration: none, color:white;\" title=\"scales - K\u00fcchenwaage\" href=\"#7\" data-toggle=\"popover\" data-placement=\"top\" data-trigger=\"hover\" data-content=\"'K\u00fcchenwaage' hei\u00dft auf Englisch 'scales'.\">Tipp<\/a>\r\n\r\n<\/div>\r\n<div class=\"form-group\"><div class=\"row\"><div><label for=\"sel1\"><span class=\"number\">\u277e<\/span> <\/div>&nbsp;&nbsp; <div><select id=\"q8\" class=\"form-control\">\r\n<option value=\"wrong\"><\/option>\r\n<option value=\"wrong\">cleaver<\/option>\r\n<option value=\"wrong\">masher<\/option>\r\n<option value=\"wrong\">oven mitt<\/option>\r\n<option value=\"wrong\">rolling pin<\/option>\r\n<option value=\"wrong\">ladle<\/option>\r\n<option value=\"wrong\">scales<\/option>\r\n<option value=\"wrong\">pan<\/option>\r\n<option value=\"wrong\">grater<\/option>\r\n<option value=\"correct\">spatula<\/option>\r\n<option value=\"wrong\">sieve<\/option>\r\n<\/select><\/label><\/div><\/div>\r\n<p id=\"correct8\" align=\"left\"><\/p>\r\n<a class=\"btn btn-success tipp8 hidden\" style=\"text-decoration: none, color:white;\" title=\"spatula - Spachtel\" href=\"#8\" data-toggle=\"popover\" data-placement=\"top\" data-trigger=\"hover\" data-content=\"'Spachtel' hei\u00dft auf Englisch   \u2794  'spatula'.\">Tipp<\/a>\r\n\r\n<\/div>\r\n<div class=\"form-group\"><div class=\"row\"><div><label for=\"sel1\"><span class=\"number\">\u277f<\/span> <\/div>&nbsp;&nbsp; <div><select id=\"q9\" class=\"form-control\">\r\n<option value=\"wrong\"><\/option>\r\n<option value=\"correct\">cleaver<\/option>\r\n<option value=\"wrong\">masher<\/option>\r\n<option value=\"wrong\">oven mitt<\/option>\r\n<option value=\"wrong\">rolling pin<\/option>\r\n<option value=\"wrong\">ladle<\/option>\r\n<option value=\"wrong\">scales<\/option>\r\n<option value=\"wrong\">pan<\/option>\r\n<option value=\"wrong\">grater<\/option>\r\n<option value=\"wrong\">spatula<\/option>\r\n<option value=\"wrong\">sieve<\/option>\r\n<\/select><\/label><\/div><\/div>\r\n<p id=\"correct9\" align=\"left\"><\/p>\r\n<a class=\"btn btn-success tipp9 hidden\" style=\"text-decoration: none, color:white;\" title=\"cleaver - Hackmesser\" href=\"#9\" data-toggle=\"popover\" data-placement=\"top\" data-trigger=\"hover\" data-content=\" der englische Begriff f\u00fcr 'Hackmesser' \u2794  'cleaver'.\">Tipp<\/a>\r\n\r\n<\/div>\r\n<\/div>\r\n<\/div>\r\n<hr>\r\n<button id=\"submitButton\" class=\"btn-lg btn-primary \" type=\"submit\" value=\"submit\">Pr\u00fcfen<\/button><button id=\"resetButton\" class=\"btn-lg btn-success\" type=\"submit\" onclick=\"refreshPage()\">Neustart<\/button>\r\n\r\n<p id=\"result\"><\/p>\r\n<p id=\"result2\"><\/p>\r\n<hr>\r\n\r\n<h3>Alle Bilderr\u00e4tsel diesen Typs:<\/h3>\r\n\r\n<hr>\r\n\r\n<div id=\"bellows-main-67\" class=\"bellows bellows-nojs bellows-main bellows-source-menu bellows-align-full bellows-skin-vanilla bellows-type-\"><ul id=\"menu-bilderraetsel-multiple\" class=\"bellows-nav\" data-bellows-config=\"main\"><li id=\"menu-item-8317\" class=\"bellows-menu-item bellows-menu-item-type-post_type bellows-menu-item-object-page bellows-menu-item-8317 bellows-item-level-0\"><a  href=\"https:\/\/english-munich.de\/training\/bilderraetsel-kuechengeraete-englisch\/\" class=\"bellows-target\"><span class=\"bellows-target-title bellows-target-text\">\u2611\ufe0fBilderr\u00e4tsel \u2013 K\u00fcchenger\u00e4te<\/span><\/a><\/li>\n<li id=\"menu-item-8318\" class=\"bellows-menu-item bellows-menu-item-type-post_type bellows-menu-item-object-page bellows-menu-item-8318 bellows-item-level-0\"><a  href=\"https:\/\/english-munich.de\/training\/bilderraetsel-kueche\/\" class=\"bellows-target\"><span class=\"bellows-target-title bellows-target-text\">\u2611\ufe0fBilderr\u00e4tsel \u2013 K\u00fcche<\/span><\/a><\/li>\n<li id=\"menu-item-8352\" class=\"bellows-menu-item bellows-menu-item-type-post_type bellows-menu-item-object-page bellows-menu-item-8352 bellows-item-level-0\"><a  href=\"https:\/\/english-munich.de\/training\/bilderraetsel-badezimmer-englisch\/\" class=\"bellows-target\"><span class=\"bellows-target-title bellows-target-text\">\u2611\ufe0fBilderr\u00e4tsel \u2013 Badezimmer<\/span><\/a><\/li>\n<li id=\"menu-item-8319\" class=\"bellows-menu-item bellows-menu-item-type-post_type bellows-menu-item-object-page bellows-menu-item-8319 bellows-item-level-0\"><a  href=\"https:\/\/english-munich.de\/training\/bilderraetsel-autoteile-englisch\/\" class=\"bellows-target\"><span class=\"bellows-target-title bellows-target-text\">\u2611\ufe0fBilderr\u00e4tsel Autoteile<\/span><\/a><\/li>\n<li id=\"menu-item-8316\" class=\"bellows-menu-item bellows-menu-item-type-post_type bellows-menu-item-object-page bellows-menu-item-8316 bellows-item-level-0\"><a  href=\"https:\/\/english-munich.de\/training\/bilderraetsel-medizinprodukte-englisch-2\/\" class=\"bellows-target\"><span class=\"bellows-target-title bellows-target-text\">\u2611\ufe0fBilderr\u00e4tsel \u2013 Medizinprodukte<\/span><\/a><\/li>\n<li id=\"menu-item-8517\" class=\"bellows-menu-item bellows-menu-item-type-post_type bellows-menu-item-object-page bellows-menu-item-8517 bellows-item-level-0\"><a  href=\"https:\/\/english-munich.de\/training\/bilderraetsel-knochen-englisch\/\" class=\"bellows-target\"><span class=\"bellows-target-title bellows-target-text\">\u2611\ufe0fBilderr\u00e4tsel \u2013 Knochen<\/span><\/a><\/li>\n<li id=\"menu-item-8340\" class=\"bellows-menu-item bellows-menu-item-type-post_type bellows-menu-item-object-page bellows-menu-item-8340 bellows-item-level-0\"><a  href=\"https:\/\/english-munich.de\/training\/bilderraetsel-englisch-bankbegriffe\/\" class=\"bellows-target\"><span class=\"bellows-target-title bellows-target-text\">\u2611\ufe0fBilderr\u00e4tsel  \u2013 Bankbegriffe<\/span><\/a><\/li>\n<\/ul><\/div>\r\n\r\n","protected":false},"excerpt":{"rendered":"K\u00fcchenutensilien Englisch Bilerr\u00e4tsel zum Thema K\u00fcchenutensilien auf Englisch \u2611\ufe0f W\u00e4hle die richtige Option des K\u00fcchenger\u00e4ts auf Englisch entsprechend der Nummer auf dem Bild: \u2776 &nbsp;&nbsp; cleaver masher oven mitt rolling pin ladle scales pan grater spatula sieve Tipp \u2777 &nbsp;&nbsp; cleaver masher oven mitt rolling pin ladle scales pan grater spatula sieve Tipp \u2778 &nbsp;&nbsp; [&hellip;]","protected":false},"author":3,"featured_media":0,"parent":0,"menu_order":0,"comment_status":"closed","ping_status":"closed","template":"","meta":[],"_links":{"self":[{"href":"https:\/\/english-munich.de\/training\/wp-json\/wp\/v2\/pages\/8291"}],"collection":[{"href":"https:\/\/english-munich.de\/training\/wp-json\/wp\/v2\/pages"}],"about":[{"href":"https:\/\/english-munich.de\/training\/wp-json\/wp\/v2\/types\/page"}],"author":[{"embeddable":true,"href":"https:\/\/english-munich.de\/training\/wp-json\/wp\/v2\/users\/3"}],"replies":[{"embeddable":true,"href":"https:\/\/english-munich.de\/training\/wp-json\/wp\/v2\/comments?post=8291"}],"version-history":[{"count":9,"href":"https:\/\/english-munich.de\/training\/wp-json\/wp\/v2\/pages\/8291\/revisions"}],"predecessor-version":[{"id":8306,"href":"https:\/\/english-munich.de\/training\/wp-json\/wp\/v2\/pages\/8291\/revisions\/8306"}],"wp:attachment":[{"href":"https:\/\/english-munich.de\/training\/wp-json\/wp\/v2\/media?parent=8291"}],"curies":[{"name":"wp","href":"https:\/\/api.w.org\/{rel}","templated":true}]}}