{"id":8260,"date":"2021-03-21T16:14:21","date_gmt":"2021-03-21T16:14:21","guid":{"rendered":"https:\/\/english-munich.de\/training\/?page_id=8260"},"modified":"2021-03-22T15:56:28","modified_gmt":"2021-03-22T15:56:28","slug":"bilderraetsel-kueche","status":"publish","type":"page","link":"https:\/\/english-munich.de\/training\/bilderraetsel-kueche\/","title":{"rendered":"Bilderr\u00e4tsel &#8211; K\u00fcche -Englisch"},"content":{"rendered":"<div class=\"jumbotron text-center\">\r\n<h2>Bilderr\u00e4tsel Englisch K\u00fccheneinrichtung<\/h2>\r\nBilder Englisch K\u00fccheneinrichtung\r\n\r\n<\/div>\r\n<div class=\"container\">\r\n<img decoding=\"async\" src=\"https:\/\/english-munich.de\/training\/wp-content\/uploads\/2021\/03\/Kueche-Vokabel-Uebungem.png\" alt=\"Bilderr\u00e4tsel_K\u00fcche-Englisch\">\r\n<\/div>\r\n<br \/>\r\n<div class=\"container well\">\r\n<h4>\u2611\ufe0f W\u00e4hle die richtige Option, entsprechend der Nummer, um das <b>englische Wort<\/b> im Bild zu finden:<\/h4>\r\n\r\n\r\n<hr>\r\n\r\n<br \/>\r\n<div class=\"container-fluid\">\r\n<div class=\"form-group\"><div class=\"row\"><div><label for=\"sel1\"><span class=\"number\">\u2776<\/span> <\/div>&nbsp;&nbsp; <div> <select id=\"q0\" class=\"form-control\">\r\n<option value=\"correct\"><\/option>\r\n<option value=\"wrong\">refrigerator<\/option>\r\n<option value=\"wrong\">faucet<\/option>\r\n<option value=\"wrong\">knives<\/option>\r\n<option value=\"wrong\">sink<\/option>\r\n<option value=\"wrong\">oven<\/option>\r\n<option value=\"wrong\">hotplate<\/option>\r\n<option value=\"wrong\">degreasing device<\/option>\r\n<option value=\"wrong\">cabinet<\/option>\r\n<option value=\"wrong\">base cabinet<\/option>\r\n<option value=\"correct\">freezer<\/option>\r\n<\/select><\/label><\/div><\/div>\r\n\r\n<p id=\"correct0\" align=\"left\"><\/p>\r\n<a class=\"btn btn-success tipp0 hidden\" style=\"text-decoration: none, color:white;\" title=\"freezer - Gefrierfach\" href=\"#0\" data-toggle=\"popover\" data-placement=\"top\" data-trigger=\"hover\" data-content=\"das englische Wort f\u00fcr 'Gefrierfach' \u2794  'freezer' \">Tipp<\/a>\r\n<\/div>\r\n<div class=\"form-group\"><div class=\"row\"><div><label for=\"sel1\"><span class=\"number\">\u2777<\/span> <\/div>&nbsp;&nbsp; <div><select id=\"q1\" class=\"form-control\">\r\n<option value=\"wrong\"><\/option>\r\n<option value=\"correct\">refrigerator<\/option>\r\n<option value=\"wrong\">faucet<\/option>\r\n<option value=\"wrong\">knives<\/option>\r\n<option value=\"wrong\">sink<\/option>\r\n<option value=\"wrong\">oven<\/option>\r\n<option value=\"wrong\">hotplate<\/option>\r\n<option value=\"wrong\">degreasing device<\/option>\r\n<option value=\"wrong\">cabinet<\/option>\r\n<option value=\"wrong\">base cabinet<\/option>\r\n<option value=\"wrong\">freezer<\/option>\r\n<\/select><\/label><\/div><\/div>\r\n<p id=\"correct1\" align=\"left\"><\/p>\r\n<a class=\"btn btn-success tipp1 hidden\" style=\"text-decoration: none, color:white;\" title=\"refrigerator - K\u00fchlschrank\" href=\"#1\" data-toggle=\"popover\" data-placement=\"top\" data-trigger=\"hover\" data-content=\"'K\u00fchlschrank' auf Englisch \u2794  'refrigerator'\">Tipp<\/a>\r\n<\/div>\r\n<div class=\"form-group\"><div class=\"row\"><div><label for=\"sel1\"><span class=\"number\">\u2778<\/span>  \r\n<\/div>&nbsp;&nbsp; <div><select id=\"q2\" class=\"form-control\">\r\n<option value=\"wrong\"><\/option>\r\n<option value=\"wrong\">refrigerator<\/option>\r\n<option value=\"wrong\">faucet<\/option>\r\n<option value=\"wrong\">knives<\/option>\r\n<option value=\"wrong\">sink<\/option>\r\n<option value=\"wrong\">oven<\/option>\r\n<option value=\"wrong\">hotplate<\/option>\r\n<option value=\"wrong\">degreasing device<\/option>\r\n<option value=\"wrong\">cabinet<\/option>\r\n<option value=\"correct\">base cabinet<\/option>\r\n<option value=\"wrong\">freezer<\/option>\r\n<\/select><\/label><\/div><\/div>\r\n\r\n<p id=\"correct2\" align=\"left\"><\/p>\r\n<a class=\"btn btn-success tipp2 hidden\" style=\"text-decoration: none, color:white;\" title=\"base cabinet - Unterschrank\" href=\"#2\" data-toggle=\"popover\" data-placement=\"top\" data-trigger=\"hover\" data-content=\"das englische Suffix '-base' bezeichnet immer etwas unten Liegendes;  'base cabinet' \u2794 'Unterschrank' \">Tipp<\/a>\r\n<\/div>\r\n<div class=\"form-group\"><div class=\"row\"><div><label for=\"sel1\"><span class=\"number\">\u2779<\/span> <\/div>&nbsp;&nbsp; <div><select id=\"q3\" class=\"form-control\">\r\n<option value=\"wrong\"><\/option>\r\n<option value=\"wrong\">refrigerator<\/option>\r\n<option value=\"correct\">faucet<\/option>\r\n<option value=\"wrong\">knives<\/option>\r\n<option value=\"wrong\">sink<\/option>\r\n<option value=\"wrong\">oven<\/option>\r\n<option value=\"wrong\">hotplate<\/option>\r\n<option value=\"wrong\">degreasing device<\/option>\r\n<option value=\"wrong\">cabinet<\/option>\r\n<option value=\"wrong\">base cabinet<\/option>\r\n<\/select><\/label><\/div><\/div>\r\n\r\n<p id=\"correct3\" align=\"left\"><\/p>\r\n<a class=\"btn btn-success tipp3 hidden\" style=\"text-decoration: none, color:white;\" title=\"faucet - Wasserhahn\" href=\"#3\" data-toggle=\"popover\" data-placement=\"top\" data-trigger=\"hover\" data-content=\" das englische Wort (US) f\u00fcr Wasserhahn \u2794  'faucet'; im Vereinigten K\u00f6nigreich von Gro\u00dfbritannien und Nordirland (UK) ist eher das Wort 'water tap' gebr\u00e4uchlich. \">Tipp<\/a>\r\n\r\n<\/div>\r\n<div class=\"form-group\"><div class=\"row\"><div><label for=\"sel1\"><span class=\"number\">\u277a<\/span> <\/div>&nbsp;&nbsp; <div><select id=\"q4\" class=\"form-control\">\r\n<option value=\"wrong\"><\/option>\r\n<option value=\"wrong\">refrigerator<\/option>\r\n<option value=\"wrong\">faucet<\/option>\r\n<option value=\"correct\">knives<\/option>\r\n<option value=\"wrong\">sink<\/option>\r\n<option value=\"wrong\">oven<\/option>\r\n<option value=\"wrong\">hotplate<\/option>\r\n<option value=\"wrong\">degreasing device<\/option>\r\n<option value=\"wrong\">cabinet<\/option>\r\n<option value=\"wrong\">base cabinet<\/option>\r\n<option value=\"wrong\">freezer<\/option>\r\n<\/select><\/label><\/div><\/div>\r\n\r\n<p id=\"correct4\" align=\"left\"><\/p>\r\n<a class=\"btn btn-success tipp4 hidden\" style=\"text-decoration: none, color:white;\" title=\"kives - Messer\" href=\"#4\" data-toggle=\"popover\" data-placement=\"top\" data-trigger=\"hover\" data-content=\"das englische Wort f\u00fcr Messer 'knife'; beachte auch den unregelm\u00e4\u00dfigen Plural  \u2794  'knives'\">Tipp<\/a>\r\n\r\n<\/div>\r\n<div class=\"form-group\"><div class=\"row\"><div><label for=\"sel1\"><span class=\"number\">\u277b<\/span> <\/div>&nbsp;&nbsp; <div><select id=\"q5\" class=\"form-control\">\r\n<option value=\"wrong\"><\/option>\r\n<option value=\"wrong\">refrigerator<\/option>\r\n<option value=\"wrong\">faucet<\/option>\r\n<option value=\"wrong\">knives<\/option>\r\n<option value=\"correct\">sink<\/option>\r\n<option value=\"wrong\">oven<\/option>\r\n<option value=\"wrong\">hotplate<\/option>\r\n<option value=\"wrong\">degreasing device<\/option>\r\n<option value=\"wrong\">cabinet<\/option>\r\n<option value=\"wrong\">base cabinet<\/option>\r\n<option value=\"wrong\">freezer<\/option>\r\n<\/select><\/label><\/div><\/div>\r\n<p id=\"correct5\" align=\"left\"><\/p>\r\n<a class=\"btn btn-success tipp5 hidden\" style=\"text-decoration: none, color:white;\" title=\"sink - Sp\u00fclbecken\" href=\"#5\" data-toggle=\"popover\" data-placement=\"top\" data-trigger=\"hover\" data-content=\"'Sp\u00fclbecken' auf Englisch  \u2794  'sink'\">Tipp<\/a>\r\n\r\n<\/div>\r\n<div class=\"form-group\"><div class=\"row\"><div><label for=\"sel1\"><span class=\"number\">\u277c<\/span> <\/div>&nbsp;&nbsp; <div><select id=\"q6\" class=\"form-control\">\r\n<option value=\"wrong\"><\/option>\r\n<option value=\"wrong\">refrigerator<\/option>\r\n<option value=\"wrong\">faucet<\/option>\r\n<option value=\"wrong\">knives<\/option>\r\n<option value=\"wrong\">sink<\/option>\r\n<option value=\"wrong\">oven<\/option>\r\n<option value=\"wrong\">hotplate<\/option>\r\n<option value=\"correct\">degreasing device<\/option>\r\n<option value=\"wrong\">cabinet<\/option>\r\n<option value=\"wrong\">base cabinet<\/option>\r\n<option value=\"wrong\">freezer<\/option>\r\n<\/select><\/label><\/div><\/div>\r\n<p id=\"correct6\" align=\"left\"><\/p>\r\n<a class=\"btn btn-success tipp6 hidden\" style=\"text-decoration: none, color:white;\" title=\"degreasing device - Dunstabzugshaube\" href=\"#6\" data-toggle=\"popover\" data-placement=\"top\" data-trigger=\"hover\" data-content=\"das englische Wort f\u00fcr 'Dunstabzugshaube'   \u2794  'degreasing device'\">Tipp<\/a>\r\n\r\n<\/div>\r\n<div class=\"form-group\"><div class=\"row\"><div><label for=\"sel1\"><span class=\"number\">\u277d<\/span><\/div>&nbsp;&nbsp; <div><select id=\"q7\" class=\"form-control\">\r\n<option value=\"wrong\"><\/option>\r\n<option value=\"wrong\">refrigerator<\/option>\r\n<option value=\"wrong\">faucet<\/option>\r\n<option value=\"wrong\">knives<\/option>\r\n<option value=\"wrong\">sink<\/option>\r\n<option value=\"wrong\">oven<\/option>\r\n<option value=\"correct\">hotplate<\/option>\r\n<option value=\"wrong\">degreasing device<\/option>\r\n<option value=\"wrong\">cabinet<\/option>\r\n<option value=\"wrong\">base cabinet<\/option>\r\n<\/select><\/label><\/div><\/div>\r\n<p id=\"correct7\" align=\"left\"><\/p>\r\n<a class=\"btn btn-success tipp7 hidden\" style=\"text-decoration: none, color:white;\" title=\"hotplate - Kochfeld\" href=\"#7\" data-toggle=\"popover\" data-placement=\"top\" data-trigger=\"hover\" data-content=\"das englische Wort f\u00fcr 'Kochfeld'  \u2794 'hotplate' \">Tipp<\/a>\r\n\r\n<\/div>\r\n<div class=\"form-group\"><div class=\"row\"><div><label for=\"sel1\"><span class=\"number\">\u277e<\/span>  <\/div>&nbsp;&nbsp; <div><select id=\"q8\" class=\"form-control\">\r\n<option value=\"wrong\"><\/option>\r\n<option value=\"wrong\">refrigerator<\/option>\r\n<option value=\"wrong\">faucet<\/option>\r\n<option value=\"wrong\">knives<\/option>\r\n<option value=\"wrong\">sink<\/option>\r\n<option value=\"correct\">oven<\/option>\r\n<option value=\"wrong\">hotplate<\/option>\r\n<option value=\"wrong\">degreasing device<\/option>\r\n<option value=\"wrong\">cabinet<\/option>\r\n<option value=\"wrong\">base cabinet<\/option>\r\n<option value=\"wrong\">freezer<\/option>\r\n<\/select><\/label><\/div><\/div>\r\n<p id=\"correct8\" align=\"left\"><\/p>\r\n<a class=\"btn btn-success tipp8 hidden\" style=\"text-decoration: none, color:white;\" title=\"oven - Backofen\" href=\"#8\" data-toggle=\"popover\" data-placement=\"top\" data-trigger=\"hover\" data-content=\" 'Backofen' auf Englisch \u2794  'oven';\">Tipp<\/a>\r\n\r\n<\/div>\r\n<div class=\"form-group\"><div class=\"row\"><div><label for=\"sel1\"><span class=\"number\">\u277f<\/span> <\/div>&nbsp;&nbsp; <div><select id=\"q9\" class=\"form-control\">\r\n<option value=\"wrong\"><\/option>\r\n<option value=\"wrong\">refrigerator<\/option>\r\n<option value=\"wrong\">faucet<\/option>\r\n<option value=\"wrong\">knives<\/option>\r\n<option value=\"wrong\">sink<\/option>\r\n<option value=\"wrong\">oven<\/option>\r\n<option value=\"wrong\">hotplate<\/option>\r\n<option value=\"wrong\">degreasing device<\/option>\r\n<option value=\"correct\">cabinet<\/option>\r\n<option value=\"wrong\">base cabinet<\/option>\r\n<option value=\"wrong\">freezer<\/option>\r\n<\/select><\/label><\/div><\/div>\r\n\r\n<p id=\"correct9\" align=\"left\"><\/p>\r\n<a class=\"btn btn-success tipp9 hidden\" style=\"text-decoration: none, color:white;\" title=\"cabinet - K\u00fcchenschrank\" href=\"#9\" data-toggle=\"popover\" data-placement=\"top\" data-trigger=\"hover\" data-content=\"das englische Wort f\u00fcr 'K\u00fcchenschrank'   \u2794  'cabinet'\">Tipp<\/a>\r\n\r\n<\/div>\r\n<\/div>\r\n<\/div>\r\n<hr>\r\n<button id=\"submitButton\" class=\"btn-lg btn-primary \" type=\"submit\" value=\"submit\">Pr\u00fcfen<\/button><button id=\"resetButton\" class=\"btn-lg btn-success\" type=\"submit\" onclick=\"refreshPage()\">Neustart<\/button>\r\n\r\n<p id=\"result\"><\/p>\r\n<p id=\"result2\"><\/p>\r\n<hr>\r\n\r\n<h3>Alle Bilderr\u00e4tsel &#8211; Englisch:<\/h3>\r\n\r\n<hr>\r\n\r\n<div id=\"bellows-main-67\" class=\"bellows bellows-nojs bellows-main bellows-source-menu bellows-align-full bellows-skin-vanilla bellows-type-\"><ul id=\"menu-bilderraetsel-multiple\" class=\"bellows-nav\" data-bellows-config=\"main\"><li id=\"menu-item-8317\" class=\"bellows-menu-item bellows-menu-item-type-post_type bellows-menu-item-object-page bellows-menu-item-8317 bellows-item-level-0\"><a  href=\"https:\/\/english-munich.de\/training\/bilderraetsel-kuechengeraete-englisch\/\" class=\"bellows-target\"><span class=\"bellows-target-title bellows-target-text\">\u2611\ufe0fBilderr\u00e4tsel \u2013 K\u00fcchenger\u00e4te<\/span><\/a><\/li>\n<li id=\"menu-item-8318\" class=\"bellows-menu-item bellows-menu-item-type-post_type bellows-menu-item-object-page bellows-menu-item-8318 bellows-item-level-0\"><a  href=\"https:\/\/english-munich.de\/training\/bilderraetsel-kueche\/\" class=\"bellows-target\"><span class=\"bellows-target-title bellows-target-text\">\u2611\ufe0fBilderr\u00e4tsel \u2013 K\u00fcche<\/span><\/a><\/li>\n<li id=\"menu-item-8352\" class=\"bellows-menu-item bellows-menu-item-type-post_type bellows-menu-item-object-page bellows-menu-item-8352 bellows-item-level-0\"><a  href=\"https:\/\/english-munich.de\/training\/bilderraetsel-badezimmer-englisch\/\" class=\"bellows-target\"><span class=\"bellows-target-title bellows-target-text\">\u2611\ufe0fBilderr\u00e4tsel \u2013 Badezimmer<\/span><\/a><\/li>\n<li id=\"menu-item-8319\" class=\"bellows-menu-item bellows-menu-item-type-post_type bellows-menu-item-object-page bellows-menu-item-8319 bellows-item-level-0\"><a  href=\"https:\/\/english-munich.de\/training\/bilderraetsel-autoteile-englisch\/\" class=\"bellows-target\"><span class=\"bellows-target-title bellows-target-text\">\u2611\ufe0fBilderr\u00e4tsel Autoteile<\/span><\/a><\/li>\n<li id=\"menu-item-8316\" class=\"bellows-menu-item bellows-menu-item-type-post_type bellows-menu-item-object-page bellows-menu-item-8316 bellows-item-level-0\"><a  href=\"https:\/\/english-munich.de\/training\/bilderraetsel-medizinprodukte-englisch-2\/\" class=\"bellows-target\"><span class=\"bellows-target-title bellows-target-text\">\u2611\ufe0fBilderr\u00e4tsel \u2013 Medizinprodukte<\/span><\/a><\/li>\n<li id=\"menu-item-8517\" class=\"bellows-menu-item bellows-menu-item-type-post_type bellows-menu-item-object-page bellows-menu-item-8517 bellows-item-level-0\"><a  href=\"https:\/\/english-munich.de\/training\/bilderraetsel-knochen-englisch\/\" class=\"bellows-target\"><span class=\"bellows-target-title bellows-target-text\">\u2611\ufe0fBilderr\u00e4tsel \u2013 Knochen<\/span><\/a><\/li>\n<li id=\"menu-item-8340\" class=\"bellows-menu-item bellows-menu-item-type-post_type bellows-menu-item-object-page bellows-menu-item-8340 bellows-item-level-0\"><a  href=\"https:\/\/english-munich.de\/training\/bilderraetsel-englisch-bankbegriffe\/\" class=\"bellows-target\"><span class=\"bellows-target-title bellows-target-text\">\u2611\ufe0fBilderr\u00e4tsel  \u2013 Bankbegriffe<\/span><\/a><\/li>\n<\/ul><\/div>\r\n\r\n","protected":false},"excerpt":{"rendered":"Bilderr\u00e4tsel Englisch K\u00fccheneinrichtung Bilder Englisch K\u00fccheneinrichtung \u2611\ufe0f W\u00e4hle die richtige Option, entsprechend der Nummer, um das englische Wort im Bild zu finden: \u2776 &nbsp;&nbsp; refrigerator faucet knives sink oven hotplate degreasing device cabinet base cabinet freezer Tipp \u2777 &nbsp;&nbsp; refrigerator faucet knives sink oven hotplate degreasing device cabinet base cabinet freezer Tipp \u2778 &nbsp;&nbsp; refrigerator [&hellip;]","protected":false},"author":3,"featured_media":0,"parent":0,"menu_order":0,"comment_status":"closed","ping_status":"closed","template":"","meta":[],"_links":{"self":[{"href":"https:\/\/english-munich.de\/training\/wp-json\/wp\/v2\/pages\/8260"}],"collection":[{"href":"https:\/\/english-munich.de\/training\/wp-json\/wp\/v2\/pages"}],"about":[{"href":"https:\/\/english-munich.de\/training\/wp-json\/wp\/v2\/types\/page"}],"author":[{"embeddable":true,"href":"https:\/\/english-munich.de\/training\/wp-json\/wp\/v2\/users\/3"}],"replies":[{"embeddable":true,"href":"https:\/\/english-munich.de\/training\/wp-json\/wp\/v2\/comments?post=8260"}],"version-history":[{"count":18,"href":"https:\/\/english-munich.de\/training\/wp-json\/wp\/v2\/pages\/8260\/revisions"}],"predecessor-version":[{"id":8346,"href":"https:\/\/english-munich.de\/training\/wp-json\/wp\/v2\/pages\/8260\/revisions\/8346"}],"wp:attachment":[{"href":"https:\/\/english-munich.de\/training\/wp-json\/wp\/v2\/media?parent=8260"}],"curies":[{"name":"wp","href":"https:\/\/api.w.org\/{rel}","templated":true}]}}