{"id":8216,"date":"2021-03-20T16:36:22","date_gmt":"2021-03-20T16:36:22","guid":{"rendered":"https:\/\/english-munich.de\/training\/?page_id=8216"},"modified":"2021-03-22T06:52:43","modified_gmt":"2021-03-22T06:52:43","slug":"bilderraetsel-autoteile-englisch","status":"publish","type":"page","link":"https:\/\/english-munich.de\/training\/bilderraetsel-autoteile-englisch\/","title":{"rendered":"Bilderr\u00e4tsel Autoteile Englisch"},"content":{"rendered":"<div class=\"jumbotron text-center\">\r\n<h2>Autoteile Bilderr\u00e4tsel Englisch<\/h2>\r\nBilderr\u00e4tsel zum Thema Autoteile auf Englisch\r\n<\/div>\r\n<div class=\"container\">\r\n<img decoding=\"async\" src=\"https:\/\/english-munich.de\/training\/wp-content\/uploads\/2021\/03\/car-parts-English.png\" alt=\"Bilderr\u00e4tsel-Autoteile-Englisch\"\/>\r\n<\/div>\r\n<div class=\"container well\">\r\n<h4>\u2611\ufe0f W\u00e4hle die richtige Option mit des Autoteils auf <b>Englisch<\/b> entsprechend der Nummer auf dem Bild:<\/h4>\r\n<hr>\r\n<br \/>\r\n<div class=\"container-fluid\">\r\n<div class=\"form-group\"><div class=\"row\"><div><label for=\"sel1\"><span class=\"number\">\u2776<\/span> <\/div>&nbsp;&nbsp; <div> <select id=\"q0\" class=\"form-control\">\r\n<option value=\"wrong\"><\/option>\r\n<option value=\"wrong\">windshield<\/option>\r\n<option value=\"wrong\">tire<\/option>\r\n<option value=\"wrong\">door<\/option>\r\n<option value=\"wrong\">trunk<\/option>\r\n<option value=\"wrong\">bumper<\/option>\r\n<option value=\"wrong\">taillight<\/option>\r\n<option value=\"wrong\">headlight<\/option>\r\n<option value=\"correct\">rearview mirror<\/option>\r\n<option value=\"wrong\">hood<\/option>\r\n<option value=\"wrong\">licence plate<\/option>\r\n<\/select><\/label><\/div><\/div>\r\n\r\n<p id=\"correct0\" align=\"left\"><\/p>\r\n<a class=\"btn btn-success tipp0 hidden\" style=\"text-decoration: none, color:white;\" title=\"rearview mirror - R\u00fcckspiegel\" href=\"#0\" data-toggle=\"popover\" data-placement=\"top\" data-trigger=\"hover\" data-content=\"der englische Begriff f\u00fcr R\u00fcckspiegel ist 'rearview mirror'\">Tipp<\/a>\r\n<\/div>\r\n<div class=\"form-group\"><div class=\"row\"><div><label for=\"sel1\"><span class=\"number\">\u2777<\/span> <\/div>&nbsp;&nbsp; <div><select id=\"q1\" class=\"form-control\">\r\n<option value=\"wrong\"><\/option>\r\n<option value=\"wrong\">windshield<\/option>\r\n<option value=\"wrong\">tire<\/option>\r\n<option value=\"correct\">door<\/option>\r\n<option value=\"wrong\">trunk<\/option>\r\n<option value=\"wrong\">bumper<\/option>\r\n<option value=\"wrong\">taillight<\/option>\r\n<option value=\"wrong\">headlight<\/option>\r\n<option value=\"wrong\">rearview mirror<\/option>\r\n<option value=\"wrong\">hood<\/option>\r\n<option value=\"wrong\">door-handle<\/option>\r\n<option value=\"wrong\">licence plate<\/option>\r\n<\/select><\/label><\/div><\/div>\r\n<p id=\"correct1\" align=\"left\"><\/p>\r\n<a class=\"btn btn-success tipp1 hidden\" style=\"text-decoration: none, color:white;\" title=\"door - Autot\u00fcre\" href=\"#1\" data-toggle=\"popover\" data-placement=\"top\" data-trigger=\"hover\" data-content=\"Der englische Begriff f\u00fcr 'Autot\u00fcre' ist 'car door', genau wie 'Haust\u00fcre' \u2794 'door'\">Tipp<\/a>\r\n<\/div>\r\n<div class=\"form-group\"><div class=\"row\"><div><label for=\"sel1\"><span class=\"number\">\u2778<\/span>  \r\n<\/div>&nbsp;&nbsp; <div><select id=\"q2\" class=\"form-control\">\r\n<option value=\"wrong\"><\/option>\r\n<option value=\"wrong\">windshield<\/option>\r\n<option value=\"wrong\">tire<\/option>\r\n<option value=\"wrong\">door<\/option>\r\n<option value=\"wrong\">trunk<\/option>\r\n<option value=\"wrong\">bumper<\/option>\r\n<option value=\"wrong\">taillight<\/option>\r\n<option value=\"wrong\">headlight<\/option>\r\n<option value=\"wrong\">rearview mirror<\/option>\r\n<option value=\"wrong\">hood<\/option>\r\n<option value=\"correct\">door-handle<\/option>\r\n<option value=\"wrong\">licence plate<\/option>\r\n<\/select><\/label><\/div><\/div>\r\n\r\n<p id=\"correct2\" align=\"left\"><\/p>\r\n<a class=\"btn btn-success tipp2 hidden\" style=\"text-decoration: none, color:white;\" title=\"door-handle - T\u00fcrgriff\" href=\"#2\" data-toggle=\"popover\" data-placement=\"top\" data-trigger=\"hover\" data-content=\"das englische Wort f\u00fcr 'T\u00fcrgriff' ist 'door-handle'\">Tipp<\/a>\r\n<\/div>\r\n<div class=\"form-group\"><div class=\"row\"><div><label for=\"sel1\"><span class=\"number\">\u2779<\/span> <\/div>&nbsp;&nbsp; <div><select id=\"q3\" class=\"form-control\">\r\n<option value=\"wrong\"><\/option>\r\n<option value=\"wrong\">windshield<\/option>\r\n<option value=\"wrong\">tire<\/option>\r\n<option value=\"wrong\">door<\/option>\r\n<option value=\"wrong\">trunk<\/option>\r\n<option value=\"correct\">bumper<\/option>\r\n<option value=\"wrong\">taillight<\/option>\r\n<option value=\"wrong\">headlight<\/option>\r\n<option value=\"wrong\">rearview mirror<\/option>\r\n<option value=\"wrong\">hood<\/option>\r\n<option value=\"wrong\">licence plate<\/option>\r\n<option value=\"wrong\">door-handle<\/option>\r\n<\/select><\/label><\/div><\/div>\r\n\r\n<p id=\"correct3\" align=\"left\"><\/p>\r\n<a class=\"btn btn-success tipp3 hidden\" style=\"text-decoration: none, color:white;\" title=\"bumper - Sto\u00dfd\u00e4mpfer\" href=\"#3\" data-toggle=\"popover\" data-placement=\"top\" data-trigger=\"hover\" data-content=\"'Sto\u00dfd\u00e4mpfer' hei\u00dft auf Englisch  \u2794  'bumper'\">Tipp<\/a>\r\n\r\n<\/div>\r\n<div class=\"form-group\"><div class=\"row\"><div><label for=\"sel1\"><span class=\"number\">\u277a<\/span> <\/div>&nbsp;&nbsp; <div><select id=\"q4\" class=\"form-control\">\r\n<option value=\"wrong\"><\/option>\r\n<option value=\"wrong\">windshield<\/option>\r\n<option value=\"wrong\">tire<\/option>\r\n<option value=\"wrong\">door<\/option>\r\n<option value=\"wrong\">trunk<\/option>\r\n<option value=\"wrong\">bumper<\/option>\r\n<option value=\"correct\">taillight<\/option>\r\n<option value=\"wrong\">headlight<\/option>\r\n<option value=\"wrong\">rearview mirror<\/option>\r\n<option value=\"wrong\">hood<\/option>\r\n<option value=\"wrong\">door-handle<\/option>\r\n<option value=\"wrong\">licence plate<\/option>\r\n<\/select><\/label><\/div><\/div>\r\n\r\n<p id=\"correct4\" align=\"left\"><\/p>\r\n<a class=\"btn btn-success tipp4 hidden\" style=\"text-decoration: none, color:white;\" title=\"taillight - R\u00fccklicht\" href=\"#4\" data-toggle=\"popover\" data-placement=\"top\" data-trigger=\"hover\" data-content=\"Der englisch Begriff f\u00fcr 'R\u00fccklicht'  \u2794  'taillight'; alternativ wird im Vereinigten K\u00f6nigreich von Gro\u00dfbritannien und Nordirland (UK) noch das Wort 'rear light' benutzt\">Tipp<\/a>\r\n\r\n<\/div>\r\n<div class=\"form-group\"><div class=\"row\"><div><label for=\"sel1\"><span class=\"number\">\u277b<\/span> <\/div>&nbsp;&nbsp; <div><select id=\"q5\" class=\"form-control\">\r\n<option value=\"wrong\"><\/option>\r\n<option value=\"wrong\">windshield<\/option>\r\n<option value=\"wrong\">tire<\/option>\r\n<option value=\"wrong\">door<\/option>\r\n<option value=\"correct\">trunk<\/option>\r\n<option value=\"wrong\">bumper<\/option>\r\n<option value=\"wrong\">taillight<\/option>\r\n<option value=\"wrong\">headlight<\/option>\r\n<option value=\"wrong\">rearview mirror<\/option>\r\n<option value=\"wrong\">hood<\/option>\r\n<option value=\"wrong\">licence plate<\/option>\r\n<\/select><\/label><\/div><\/div>\r\n<p id=\"correct5\" align=\"left\"><\/p>\r\n<a class=\"btn btn-success tipp5 hidden\" style=\"text-decoration: none, color:white;\" title=\"trunk - Kofferraum\" href=\"#5\" data-toggle=\"popover\" data-placement=\"top\" data-trigger=\"hover\" data-content=\"'Kofferraum' hei\u00dft auf Englisch 'trunk' (US); alternativ wird im Vereinigten K\u00f6nigreich von Gro\u00dfbritannien und Nordirland (UK) noch das Wort 'boot' benutzt.\">Tipp<\/a>\r\n\r\n<\/div>\r\n<div class=\"form-group\"><div class=\"row\"><div><label for=\"sel1\"><span class=\"number\">\u277c<\/span> <\/div>&nbsp;&nbsp; <div><select id=\"q6\" class=\"form-control\">\r\n<option value=\"wrong\"><\/option>\r\n<option value=\"correct\">windshield<\/option>\r\n<option value=\"wrong\">tire<\/option>\r\n<option value=\"wrong\">door<\/option>\r\n<option value=\"wrong\">trunk<\/option>\r\n<option value=\"wrong\">bumper<\/option>\r\n<option value=\"wrong\">taillight<\/option>\r\n<option value=\"wrong\">headlight<\/option>\r\n<option value=\"wrong\">rearview mirror<\/option>\r\n<option value=\"wrong\">hood<\/option>\r\n<option value=\"wrong\">licence plate<\/option>\r\n<\/select><\/label><\/div><\/div>\r\n<p id=\"correct6\" align=\"left\"><\/p>\r\n<a class=\"btn btn-success tipp6 hidden\" style=\"text-decoration: none, color:white;\" title=\"windshield - Windschutzscheibe\" href=\"#6\" data-toggle=\"popover\" data-placement=\"top\" data-trigger=\"hover\" data-content=\"'Windschutzscheibe' hei\u00dft auf Englisch (US) 'windshield'; alternativ wird im Vereinigten K\u00f6nigreich von Gro\u00dfbritannien und Nordirland (UK) noch das Wort 'windscreen' benutzt.\">Tipp<\/a>\r\n\r\n<\/div>\r\n<div class=\"form-group\"><div class=\"row\"><div><label for=\"sel1\"><span class=\"number\">\u277d<\/span><\/div>&nbsp;&nbsp; <div><select id=\"q7\" class=\"form-control\">\r\n<option value=\"wrong\"><\/option>\r\n<option value=\"wrong\">windshield<\/option>\r\n<option value=\"wrong\">tire<\/option>\r\n<option value=\"wrong\">door<\/option>\r\n<option value=\"wrong\">trunk<\/option>\r\n<option value=\"wrong\">bumper<\/option>\r\n<option value=\"wrong\">taillight<\/option>\r\n<option value=\"wrong\">headlight<\/option>\r\n<option value=\"wrong\">rearview mirror<\/option>\r\n<option value=\"correct\">hood<\/option>\r\n<option value=\"wrong\">licence plate<\/option>\r\n<\/select><\/label><\/div><\/div>\r\n<p id=\"correct7\" align=\"left\"><\/p>\r\n<a class=\"btn btn-success tipp7 hidden\" style=\"text-decoration: none, color:white;\" title=\"hood - Motorhaube\" href=\"#7\" data-toggle=\"popover\" data-placement=\"top\" data-trigger=\"hover\" data-content=\"'Motorhaube' hei\u00dft auf Englisch 'hood' (US); alternativ wird im Vereinigten K\u00f6nigreich von Gro\u00dfbritannien und Nordirland (UK) noch das Wort 'bonnet' benutzt. \">Tipp<\/a>\r\n\r\n<\/div>\r\n<div class=\"form-group\"><div class=\"row\"><div><label for=\"sel1\"><span class=\"number\">\u277e<\/span> <\/div>&nbsp;&nbsp; <div><select id=\"q8\" class=\"form-control\">\r\n<option value=\"wrong\"><\/option>\r\n<option value=\"wrong\">windshield<\/option>\r\n<option value=\"wrong\">tire<\/option>\r\n<option value=\"wrong\">door<\/option>\r\n<option value=\"wrong\">trunk<\/option>\r\n<option value=\"wrong\">bumper<\/option>\r\n<option value=\"wrong\">taillight<\/option>\r\n<option value=\"correct\">headlight<\/option>\r\n<option value=\"wrong\">rearview mirror<\/option>\r\n<option value=\"wrong\">hood<\/option>\r\n<option value=\"wrong\">licence plate<\/option>\r\n<\/select><\/label><\/div><\/div>\r\n<p id=\"correct8\" align=\"left\"><\/p>\r\n<a class=\"btn btn-success tipp8 hidden\" style=\"text-decoration: none, color:white;\" title=\"headlight - Abblendlicht\" href=\"#8\" data-toggle=\"popover\" data-placement=\"top\" data-trigger=\"hover\" data-content=\"'Abblendlicht' hei\u00dft auf Englisch   \u2794  'headlight';\">Tipp<\/a>\r\n\r\n<\/div>\r\n<div class=\"form-group\"><div class=\"row\"><div><label for=\"sel1\"><span class=\"number\">\u277f<\/span> <\/div>&nbsp;&nbsp; <div><select id=\"q9\" class=\"form-control\">\r\n<option value=\"wrong\"><\/option>\r\n<option value=\"wrong\">windshield<\/option>\r\n<option value=\"wrong\">tire<\/option>\r\n<option value=\"wrong\">door<\/option>\r\n<option value=\"wrong\">trunk<\/option>\r\n<option value=\"wrong\">bumper<\/option>\r\n<option value=\"wrong\">taillight<\/option>\r\n<option value=\"wrong\">headlight<\/option>\r\n<option value=\"wrong\">rearview mirror<\/option>\r\n<option value=\"wrong\">hood<\/option>\r\n<option value=\"correct\">licence plate<\/option>\r\n<\/select><\/label><\/div><\/div>\r\n<p id=\"correct9\" align=\"left\"><\/p>\r\n<a class=\"btn btn-success tipp9 hidden\" style=\"text-decoration: none, color:white;\" title=\"licence plate - Nummerntafel\" href=\"#9\" data-toggle=\"popover\" data-placement=\"top\" data-trigger=\"hover\" data-content=\"der englische Begriff f\u00fcr 'Nummerntafel' \u2794  'licence plate'; alternativ wird im Vereinigten K\u00f6nigreich von Gro\u00dfbritannien und Nordirland (UK) noch das Wort 'number plate' benutzt \">Tipp<\/a>\r\n\r\n<\/div>\r\n<\/div>\r\n<\/div>\r\n<hr>\r\n<button id=\"submitButton\" class=\"btn-lg btn-primary \" type=\"submit\" value=\"submit\">Pr\u00fcfen<\/button><button id=\"resetButton\" class=\"btn-lg btn-success\" type=\"submit\" onclick=\"refreshPage()\">Neustart<\/button>\r\n\r\n<p id=\"result\"><\/p>\r\n<p id=\"result2\"><\/p>\r\n<hr>\r\n\r\n<h3>Alle Bilderr\u00e4tsel diesen Typs:<\/h3>\r\n\r\n<hr>\r\n\r\n<div id=\"bellows-main-67\" class=\"bellows bellows-nojs bellows-main bellows-source-menu bellows-align-full bellows-skin-vanilla bellows-type-\"><ul id=\"menu-bilderraetsel-multiple\" class=\"bellows-nav\" data-bellows-config=\"main\"><li id=\"menu-item-8317\" class=\"bellows-menu-item bellows-menu-item-type-post_type bellows-menu-item-object-page bellows-menu-item-8317 bellows-item-level-0\"><a  href=\"https:\/\/english-munich.de\/training\/bilderraetsel-kuechengeraete-englisch\/\" class=\"bellows-target\"><span class=\"bellows-target-title bellows-target-text\">\u2611\ufe0fBilderr\u00e4tsel \u2013 K\u00fcchenger\u00e4te<\/span><\/a><\/li>\n<li id=\"menu-item-8318\" class=\"bellows-menu-item bellows-menu-item-type-post_type bellows-menu-item-object-page bellows-menu-item-8318 bellows-item-level-0\"><a  href=\"https:\/\/english-munich.de\/training\/bilderraetsel-kueche\/\" class=\"bellows-target\"><span class=\"bellows-target-title bellows-target-text\">\u2611\ufe0fBilderr\u00e4tsel \u2013 K\u00fcche<\/span><\/a><\/li>\n<li id=\"menu-item-8352\" class=\"bellows-menu-item bellows-menu-item-type-post_type bellows-menu-item-object-page bellows-menu-item-8352 bellows-item-level-0\"><a  href=\"https:\/\/english-munich.de\/training\/bilderraetsel-badezimmer-englisch\/\" class=\"bellows-target\"><span class=\"bellows-target-title bellows-target-text\">\u2611\ufe0fBilderr\u00e4tsel \u2013 Badezimmer<\/span><\/a><\/li>\n<li id=\"menu-item-8319\" class=\"bellows-menu-item bellows-menu-item-type-post_type bellows-menu-item-object-page bellows-menu-item-8319 bellows-item-level-0\"><a  href=\"https:\/\/english-munich.de\/training\/bilderraetsel-autoteile-englisch\/\" class=\"bellows-target\"><span class=\"bellows-target-title bellows-target-text\">\u2611\ufe0fBilderr\u00e4tsel Autoteile<\/span><\/a><\/li>\n<li id=\"menu-item-8316\" class=\"bellows-menu-item bellows-menu-item-type-post_type bellows-menu-item-object-page bellows-menu-item-8316 bellows-item-level-0\"><a  href=\"https:\/\/english-munich.de\/training\/bilderraetsel-medizinprodukte-englisch-2\/\" class=\"bellows-target\"><span class=\"bellows-target-title bellows-target-text\">\u2611\ufe0fBilderr\u00e4tsel \u2013 Medizinprodukte<\/span><\/a><\/li>\n<li id=\"menu-item-8517\" class=\"bellows-menu-item bellows-menu-item-type-post_type bellows-menu-item-object-page bellows-menu-item-8517 bellows-item-level-0\"><a  href=\"https:\/\/english-munich.de\/training\/bilderraetsel-knochen-englisch\/\" class=\"bellows-target\"><span class=\"bellows-target-title bellows-target-text\">\u2611\ufe0fBilderr\u00e4tsel \u2013 Knochen<\/span><\/a><\/li>\n<li id=\"menu-item-8340\" class=\"bellows-menu-item bellows-menu-item-type-post_type bellows-menu-item-object-page bellows-menu-item-8340 bellows-item-level-0\"><a  href=\"https:\/\/english-munich.de\/training\/bilderraetsel-englisch-bankbegriffe\/\" class=\"bellows-target\"><span class=\"bellows-target-title bellows-target-text\">\u2611\ufe0fBilderr\u00e4tsel  \u2013 Bankbegriffe<\/span><\/a><\/li>\n<\/ul><\/div>\r\n\r\n","protected":false},"excerpt":{"rendered":"Autoteile Bilderr\u00e4tsel Englisch Bilderr\u00e4tsel zum Thema Autoteile auf Englisch \u2611\ufe0f W\u00e4hle die richtige Option mit des Autoteils auf Englisch entsprechend der Nummer auf dem Bild: \u2776 &nbsp;&nbsp; windshield tire door trunk bumper taillight headlight rearview mirror hood licence plate Tipp \u2777 &nbsp;&nbsp; windshield tire door trunk bumper taillight headlight rearview mirror hood door-handle licence plate [&hellip;]","protected":false},"author":3,"featured_media":0,"parent":0,"menu_order":0,"comment_status":"closed","ping_status":"closed","template":"","meta":[],"_links":{"self":[{"href":"https:\/\/english-munich.de\/training\/wp-json\/wp\/v2\/pages\/8216"}],"collection":[{"href":"https:\/\/english-munich.de\/training\/wp-json\/wp\/v2\/pages"}],"about":[{"href":"https:\/\/english-munich.de\/training\/wp-json\/wp\/v2\/types\/page"}],"author":[{"embeddable":true,"href":"https:\/\/english-munich.de\/training\/wp-json\/wp\/v2\/users\/3"}],"replies":[{"embeddable":true,"href":"https:\/\/english-munich.de\/training\/wp-json\/wp\/v2\/comments?post=8216"}],"version-history":[{"count":36,"href":"https:\/\/english-munich.de\/training\/wp-json\/wp\/v2\/pages\/8216\/revisions"}],"predecessor-version":[{"id":8309,"href":"https:\/\/english-munich.de\/training\/wp-json\/wp\/v2\/pages\/8216\/revisions\/8309"}],"wp:attachment":[{"href":"https:\/\/english-munich.de\/training\/wp-json\/wp\/v2\/media?parent=8216"}],"curies":[{"name":"wp","href":"https:\/\/api.w.org\/{rel}","templated":true}]}}