{"id":8020,"date":"2021-03-17T07:26:14","date_gmt":"2021-03-17T07:26:14","guid":{"rendered":"https:\/\/english-munich.de\/training\/?page_id=8020"},"modified":"2021-05-05T12:37:50","modified_gmt":"2021-05-05T12:37:50","slug":"partizip-perfekt-partizip-praesens-unterschied","status":"publish","type":"page","link":"https:\/\/english-munich.de\/training\/partizip-perfekt-partizip-praesens-unterschied\/","title":{"rendered":"Partizip Perfekt &#8211; Partizip Pr\u00e4sens &#8211; Unterschied"},"content":{"rendered":"<span><span><a href=\"https:\/\/english-munich.de\/training\/\">Home<\/a><\/span>\r\n<div class=\"jumbotron text-center\">\r\n<h2>Partizip Perfekt &#8211; Partizip Pr\u00e4sens &#8211; Aufgaben<\/h2>\r\n\u00dcbungen zum Partizip Perfekt &#8211; Partizip Pr\u00e4sens Unterschied\r\n\r\n<\/div>\r\n<div class=\"bs-example\">\r\n<div class=\"accordion\" id=\"accordionExample\">\r\n<div class=\"card\">\r\n<div class=\"card-header\" id=\"headingOne\">\r\n<h2 class=\"mb-0\" style=\"color:#000\">\r\n                    <button type=\"button\" class=\"btn btn-link collapsed\" data-toggle=\"collapse\" data-target=\"#collapseOne\">Beispiel<\/button><\/h2>\r\n<\/div>\r\n<div id=\"collapseOne\" class=\"collapse\" aria-labelledby=\"headingOne\" data-parent=\"#accordionExample\">\r\n<div class=\"card-body\">\r\n<div class=\"form\">\r\n\r\n<b><span class=\"number\">\u24ff<\/span><\/b>You person should be<input type=\"text\" class=\"form-control\" id=\"panel-beispiel\" disabled=\"\" value=\"harmed\"> <b><i>&nbsp;(harm)&nbsp;<\/i><\/b>in the process.\r\n<br \/>\r\nDie richtige L\u00f6sung ist: <b>harm<\/b>&nbsp;&nbsp;<button class=\"btn-lg btn-info\" type=\"button\" data-toggle=\"modal\" data-target=\"#myModal\">Tipp<\/button>\r\n\r\n<\/div>\r\n<\/div>\r\n<\/div>\r\n<\/div>\r\n<\/div>\r\n<br \/><br \/>\r\n<div class=\"container well\">\r\n<h4>\u270d\ufe0f F\u00fclle die Verben in Klammern in der richtigen Form des <b>Partizip Perfekt<\/b> bzw. <b>Partizip Pr\u00e4sens<\/b> in die L\u00fccken:<\/h4>\r\n\r\n<hr>\r\n\r\n<div class=\"container\">\r\n<b><span class=\"number\">\u2776<\/span><\/b><input type=\"text\" class=\"form-control\" id=\"q0\" autocomplete=\"off\"><b><i>(drink)<\/i><\/b> milk is Johnny&#8217;s great passion.\r\n<div class=\"row\">\r\n<div>\r\n<p id=\"correct0\" align=\"left\"><\/p>\r\n\r\n<\/div>\r\n<div>\r\n<a button=\"\" class=\"btn btn-success tipp0 hidden\" href=\"#1\" title=\"Drinking milk...\" data-toggle=\"popover\" data-placement=\"top\" data-trigger=\"hover\" style=\"text-decoration: none; color:white;\" data-content=\"'drinking' macht in diesem Zusammenhang aus dem Verb 'drink' ein Hauptwort 'drinking milk' \u2794 'Milch Trinken'.\">Tipp<\/a><\/div>\r\n<\/div>\r\n<b><span class=\"number\">\u2777<\/span><\/b>The measures <input type=\"text\" class=\"form-control\" id=\"q1\" autocomplete=\"off\"><b><i>(implement)<\/i><\/b> by the government were useless.\r\n<div class=\"row\">\r\n<div>\r\n<p id=\"correct1\" align=\"left\"><\/p>\r\n\r\n<\/div>\r\n<div>\r\n<a button=\"\" class=\"btn btn-success tipp1 hidden\" href=\"#2\" title=\"...the measures implemented...\" data-toggle=\"popover\" data-placement=\"top\" data-trigger=\"hover\" style=\"text-decoration: none; color:white;\" data-content=\"'implemented' ersetzt in diesem Zusammenhang den Relativsatz 'the measures which were implemented'.\">Tipp<\/a><\/div>\r\n<\/div>\r\n<b><span class=\"number\">\u2778<\/span><\/b>Freshly <input type=\"text\" class=\"form-control\" id=\"q2\" autocomplete=\"off\"><b><i>(bake)<\/i><\/b> bread is very delicious.\r\n<div class=\"row\">\r\n<div>\r\n<p id=\"correct2\" align=\"left\"><\/p>\r\n\r\n<\/div>\r\n<div>\r\n<a button=\"\" class=\"btn btn-success tipp2 hidden\" align=\"left\" aria-hidden=\"true\" href=\"#3\" title=\"Freshly baked bread...\" data-toggle=\"popover\" data-placement=\"top\" data-trigger=\"hover\" style=\"text-decoration: none, color:white\" data-content=\"Das Partizip Perfect wird in diesem Zusammenhang als Adjektiv benutzt; 'freshly baked bread' \u2794 'frisch gebackendes Brot'.\">Tipp<\/a><\/div>\r\n<\/div>\r\n<span class=\"number\">\u2779<\/span>While <input type=\"text\" class=\"form-control\" id=\"q3\" autocomplete=\"off\"><b><i>(ride)<\/i><\/b> on my bike, I noticed a church.\r\n<div class=\"row\">\r\n<div>\r\n<p id=\"correct3\" align=\"left\"><\/p>\r\n\r\n<\/div>\r\n<div>\r\n<a button=\"\" class=\"btn btn-success tipp3 hidden\" aria-hidden=\"true\" href=\"#4\" title=\"While riding...\" data-toggle=\"popover\" data-placement=\"top\" data-trigger=\"hover\" style=\"text-decoration: none, color:white\" data-content=\"'riding' ersetzt in diesem Zusammenhang einen einleitenden Nebensatz 'while I was riding on my bike'.\">Tipp<\/a><\/div>\r\n<\/div>\r\n<b><span class=\"number\">\u277a<\/span><\/b>That is very <input type=\"text\" class=\"form-control\" id=\"q4\" autocomplete=\"off\"><b><i>(disappoint)<\/i><\/b> of you.\r\n<div class=\"row\">\r\n<div>\r\n<p id=\"correct4\" align=\"left\"><\/p>\r\n\r\n<\/div>\r\n<div>\r\n<a button=\"\" class=\"btn btn-success tipp4 hidden\" aria-hidden=\"true\" href=\"#5\" title=\"That is very disappointing...\" data-toggle=\"popover\" data-placement=\"top\" data-trigger=\"hover\" style=\"text-decoration: none, color:white\" data-content=\"'disappoining' als '-ing Form' wird hier als das Eigenschaftswort des Verbs 'disappoint' benutzt.\">Tipp<\/a><\/div>\r\n<\/div>\r\n<b><span class=\"number\">\u277b<\/span><\/b>He is <input type=\"text\" class=\"form-control\" id=\"q5\" autocomplete=\"off\"><b><i>(play)<\/i><\/b> football at the moment.\r\n<div class=\"row\">\r\n<div>\r\n<p id=\"correct5\" align=\"left\"><\/p>\r\n\r\n<\/div>\r\n<div>\r\n<a button=\"\" class=\"btn btn-success tipp5 hidden\" aria-hidden=\"true\" href=\"#6\" title=\"He is playing...\" data-toggle=\"popover\" data-placement=\"top\" data-trigger=\"hover\" style=\"text-decoration: none, color:white\" data-content=\"die '-inf Form' ist hier Bestandteil des Verbs'play' in seiner Verlaufsorm \u2794 'he is playing'.\">Tipp<\/a><\/div>\r\n<\/div>\r\n<b><span class=\"number\">\u277c<\/span><\/b>I was <input type=\"text\" class=\"form-control\" id=\"q6\" autocomplete=\"off\"><b><i>(tell)<\/i><\/b> it would be a good idea.\r\n<div class=\"row\">\r\n<div>\r\n<p id=\"correct6\" align=\"left\"><\/p>\r\n\r\n<\/div>\r\n<div>\r\n<a button=\"\" class=\"btn btn-success tipp6 hidden\" aria-hidden=\"true\" href=\"#7\" title=\"I was told...\" data-toggle=\"popover\" data-placement=\"top\" data-trigger=\"hover\" style=\"text-decoration: none, color:white\" data-content=\"'told' ist in diesem Zusammenhand Bestandteil des Verbs 'tell' in seiner Passivform 'I tell' \u2794 'I was told'.\">Tipp<\/a><\/div>\r\n<\/div>\r\n<b><span class=\"number\">\u277d<\/span><\/b>Tolstoy is a well-<input type=\"text\" class=\"form-control\" id=\"q7\" autocomplete=\"off\"><b><i>(read)<\/i><\/b> author  .\r\n<div class=\"row\">\r\n<div>\r\n<p id=\"correct7\" align=\"left\"><\/p>\r\n\r\n<\/div>\r\n<div>\r\n<a button=\"\" class=\"btn btn-success tipp7 hidden\" href=\"#8\" title=\"...a well read author\" data-toggle=\"popover\" data-placement=\"top\" data-trigger=\"hover\" style=\"text-decoration: none, color:white\" data-content=\"'read' in seiner Form des Partizip Perfekt wird in diesem Kontext als Eigenschaftswort bentutzt. 'well-read' \u2794 'viel gelesen'.\">Tipp<\/a><\/div>\r\n<\/div>\r\n<b><span class=\"number\">\u277e<\/span><\/b>After  <input type=\"text\" class=\"form-control\" id=\"q8\" autocomplete=\"off\"><b><i>(eat)<\/i><\/b> all the food, the guests left.\r\n<div class=\"row\">\r\n<div>\r\n<p id=\"correct8\" align=\"left\"><\/p>\r\n\r\n<\/div>\r\n<div>\r\n<a button=\"\" class=\"btn btn-success tipp8 hidden\" href=\"#9\" title=\"After eating...\" data-toggle=\"popover\" data-placement=\"top\" data-trigger=\"hover\" style=\"text-decoration: none, color:white\" data-content=\"'After eating...' fasst hier den einleitenden Nebensatz 'After they had eaten' elegant zusammen.\">Tipp<\/a><\/div>\r\n<\/div>\r\n<b><span class=\"number\">\u277f<\/span><\/b>Karen not <input type=\"text\" class=\"form-control\" id=\"q9\" autocomplete=\"off\"><b><i>(invite)<\/i><\/b> to the event, organized a protest.\r\n<div class=\"row\">\r\n<div>\r\n<p id=\"correct9\" align=\"left\"><\/p>\r\n\r\n<\/div>\r\n<div>\r\n<a button=\"\" class=\"btn btn-success tipp9 hidden\" href=\"#10\" title=\"Karen not invited...\" data-toggle=\"popover\" data-placement=\"top\" data-trigger=\"hover\" style=\"text-decoration: none, color:white\" data-content=\"das Partizip Perfekt wird hier als Eigenschtswort verwendet 'not invited' \u2794 'nicht eingeladen'.\">Tipp<\/a><\/div>\r\n<\/div>\r\n<!-- The Modal -->\r\n<div id=\"myModal\" class=\"modal\">\r\n<div class=\"modal-dialog\">\r\n<div class=\"modal-content\">\r\n\r\n<!-- Modal Header -->\r\n<div class=\"modal-header\">\r\n<h4 class=\"modal-title\">Simple Present<\/h4>\r\n<button class=\"close\" type=\"button\" data-dismiss=\"modal\">\u00d7<\/button>\r\n\r\n<\/div>\r\n<!-- Modal body -->\r\n<div class=\"modal-body\"><table class=\"table table-bordered table-sm table-hover\">\r\n<thead>\r\n<tr class=\"table-danger\">\r\n<th>Partip Pr\u00e4sens \/ Partizip Perfekt Unterschied<\/th>\r\n<\/tr>\r\n<\/thead>\r\n<tbody>\r\n<tr class=\"table-success\">\r\n<td><b>Partizip Pr\u00e4sens (-ing Form) <\/b><\/td>\r\n<\/tr>\r\n\r\n<tr class=\"table-primary\">\r\n<td><b>Als Verbform in der Verlaufsform (-ing Form)<\/b><\/td>\r\n<tr class=\"table-info\"><td><b><i class=\"text-danger\">He is playing football. She is driking milk.<\/i><\/b><\/td>\r\n<\/tr>\r\n<tr class=\"table-primary\">\r\n<td><b>Beim Substantivieren einen Zeitwortes<\/b><\/td>\r\n<tr class=\"table-info\"><td><b><i class=\"text-danger\">Reading books is fun. Swimming is easy.<\/i><\/b><\/td>\r\n<\/tr>\r\n<tr class=\"table-primary\">\r\n<td><b>als Adjektiv<\/b><\/td>\r\n<tr class=\"table-info\"><td><b><i class=\"text-danger\">It is hardly surprising.A boy went missing.<\/i><\/b><\/td>\r\n<\/tr>\r\n<tr class=\"table-primary\">\r\n<td><b>beim Zusammenfassen eines Nebensatzes<\/b><\/td>\r\n<tr class=\"table-info\"><td><b><i class=\"text-danger\">While is was reading a book&#8230;.\u2794 While reading a book&#8230; <\/i><\/b><\/td>\r\n<\/tr>\r\n<tr class=\"table-success\">\r\n<td><b>Partizip Perfekt (-ed) <\/b><\/td>\r\n<\/tr>\r\n<tr class=\"table-primary\">\r\n<td><b>bei der Benutzung des Verbs im Passiv<\/b><\/td>\r\n<tr class=\"table-info\"><td><b><i class=\"text-danger\">I house is built. A car was made. <\/i><\/b><\/td>\r\n<\/tr>\r\n<tr class=\"table-primary\">\r\n<td><b>als Adjektiv<\/b><\/td>\r\n<tr class=\"table-info\"><td><b><i class=\"text-danger\">An untold story.., A well-read man..<\/i><\/b><\/td>\r\n<\/tr>\r\n<tr class=\"table-primary\">\r\n<td><b>zum Zusammenfassen eines Relativsatzes<\/b><\/td>\r\n<tr class=\"table-info\"><td><b><i class=\"text-danger\">A man who was falsely accused&#8230;\u2794 a man falsely accused&#8230;<\/i><\/b><\/td>\r\n<\/tr>\r\n\r\n<\/tbody>\r\n<\/table><\/div>\r\n<!-- Modal footer -->\r\n<div class=\"modal-footer\"><button class=\"btn btn-danger\" type=\"button\" data-dismiss=\"modal\">Close<\/button><\/div>\r\n<\/div>\r\n<\/div>\r\n<\/div>\r\n<\/div>\r\n<\/div>\r\n<div class=\"container\">\r\n\r\n<hr>\r\n\r\n<button id=\"submitButton\" class=\"btn-lg btn-primary \" type=\"submit\" value=\"submit\">Pr\u00fcfen<\/button><button id=\"resetButton\" class=\"btn-lg btn-success\" type=\"submit\" onclick=\"refreshPage()\">Neustart<\/button><button id=\"submitButton\" class=\"btn-lg btn-info\" type=\"button\" value=\"submit\" data-toggle=\"modal\" data-target=\"#myModal\">Tipp<\/button>\r\n\r\n<hr>\r\n\r\n\r\n<p id=\"result\"><\/p>\r\n<p id=\"result2\"><\/p>\r\n<b><\/b>\r\n<h3> Alle \u00dcbungen des Simple Present:<\/h3>\r\n<hr>\r\n<div id=\"bellows-main-64\" class=\"bellows bellows-nojs bellows-main bellows-source-menu bellows-align-full bellows-skin-vanilla bellows-type-\"><ul id=\"menu-partizip\" class=\"bellows-nav\" data-bellows-config=\"main\"><li id=\"menu-item-7974\" class=\"bellows-menu-item bellows-menu-item-type-post_type bellows-menu-item-object-page bellows-menu-item-7974 bellows-item-level-0\"><a  href=\"https:\/\/english-munich.de\/training\/partizip-perfekt-partizip-praesens-unterschied-englisch\/\" class=\"bellows-target\"><span class=\"bellows-target-title bellows-target-text\">\u2611\ufe0fPartizip Perfekt \u2013 Pr\u00e4sens Unterschied<\/span><\/a><\/li>\n<li id=\"menu-item-8011\" class=\"bellows-menu-item bellows-menu-item-type-post_type bellows-menu-item-object-page bellows-menu-item-8011 bellows-item-level-0\"><a  href=\"https:\/\/english-munich.de\/training\/partizip-perfekt-partizip-praesens-unterschied-englisch-2\/\" class=\"bellows-target\"><span class=\"bellows-target-title bellows-target-text\">\u2611\ufe0fPartizip Perfekt \u2013 Pr\u00e4sens Unterschied<\/span><\/a><\/li>\n<li id=\"menu-item-8033\" class=\"bellows-menu-item bellows-menu-item-type-post_type bellows-menu-item-object-page bellows-menu-item-8033 bellows-item-level-0\"><a  href=\"https:\/\/english-munich.de\/training\/partizip-perfekt-partizip-praesens-unterschied\/\" class=\"bellows-target\"><span class=\"bellows-target-title bellows-target-text\">\u270d\ufe0fPartizip Perfekt \u2013 Pr\u00e4sens \u2013 Unterschied<\/span><\/a><\/li>\n<li id=\"menu-item-10174\" class=\"bellows-menu-item bellows-menu-item-type-post_type bellows-menu-item-object-page bellows-menu-item-10174 bellows-item-level-0\"><a  href=\"https:\/\/english-munich.de\/training\/partizip-perfekt-praesens-unterschied\/\" class=\"bellows-target\"><span class=\"bellows-target-title bellows-target-text\">\u270d\ufe0fPartizip Perfekt \u2013 Pr\u00e4sens Unterschied<\/span><\/a><\/li>\n<li id=\"menu-item-8056\" class=\"bellows-menu-item bellows-menu-item-type-post_type bellows-menu-item-object-page bellows-menu-item-8056 bellows-item-level-0\"><a  href=\"https:\/\/english-munich.de\/training\/partizip-perfect-praesens-als-adjektiv\/\" class=\"bellows-target\"><span class=\"bellows-target-title bellows-target-text\">\u2611\ufe0fPartizip Perfekt \u2013 Pr\u00e4sens als Adjektiv<\/span><\/a><\/li>\n<li id=\"menu-item-8078\" class=\"bellows-menu-item bellows-menu-item-type-post_type bellows-menu-item-object-page bellows-menu-item-8078 bellows-item-level-0\"><a  href=\"https:\/\/english-munich.de\/training\/partizip-perfect-praesens-als-adjektiv-2\/\" class=\"bellows-target\"><span class=\"bellows-target-title bellows-target-text\">\u2611\ufe0fPartizip \u2013 Perfekt \u2013 Pr\u00e4sens als Adjektiv<\/span><\/a><\/li>\n<li id=\"menu-item-8115\" class=\"bellows-menu-item bellows-menu-item-type-post_type bellows-menu-item-object-page bellows-menu-item-8115 bellows-item-level-0\"><a  href=\"https:\/\/english-munich.de\/training\/partizip-praesens-perfekt-adjektiv\/\" class=\"bellows-target\"><span class=\"bellows-target-title bellows-target-text\">\u270d\ufe0fPartizip \u2013 Perfekt \u2013 Pr\u00e4sens als Adjektiv<\/span><\/a><\/li>\n<\/ul><\/div>\r\n<\/div>\r\n<\/div>","protected":false},"excerpt":{"rendered":"Partizip Perfekt &#8211; Partizip Pr\u00e4sens &#8211; Aufgaben \u00dcbungen zum Partizip Perfekt &#8211; Partizip Pr\u00e4sens Unterschied Beispiel \u24ffYou person should be &nbsp;(harm)&nbsp;in the process. Die richtige L\u00f6sung ist: harm&nbsp;&nbsp;Tipp \u270d\ufe0f F\u00fclle die Verben in Klammern in der richtigen Form des Partizip Perfekt bzw. Partizip Pr\u00e4sens in die L\u00fccken: \u2776(drink) milk is Johnny&#8217;s great passion. Tipp \u2777The [&hellip;]","protected":false},"author":3,"featured_media":0,"parent":0,"menu_order":0,"comment_status":"closed","ping_status":"closed","template":"","meta":[],"_links":{"self":[{"href":"https:\/\/english-munich.de\/training\/wp-json\/wp\/v2\/pages\/8020"}],"collection":[{"href":"https:\/\/english-munich.de\/training\/wp-json\/wp\/v2\/pages"}],"about":[{"href":"https:\/\/english-munich.de\/training\/wp-json\/wp\/v2\/types\/page"}],"author":[{"embeddable":true,"href":"https:\/\/english-munich.de\/training\/wp-json\/wp\/v2\/users\/3"}],"replies":[{"embeddable":true,"href":"https:\/\/english-munich.de\/training\/wp-json\/wp\/v2\/comments?post=8020"}],"version-history":[{"count":12,"href":"https:\/\/english-munich.de\/training\/wp-json\/wp\/v2\/pages\/8020\/revisions"}],"predecessor-version":[{"id":9725,"href":"https:\/\/english-munich.de\/training\/wp-json\/wp\/v2\/pages\/8020\/revisions\/9725"}],"wp:attachment":[{"href":"https:\/\/english-munich.de\/training\/wp-json\/wp\/v2\/media?parent=8020"}],"curies":[{"name":"wp","href":"https:\/\/api.w.org\/{rel}","templated":true}]}}