{"id":8003,"date":"2021-03-16T19:18:24","date_gmt":"2021-03-16T19:18:24","guid":{"rendered":"https:\/\/english-munich.de\/training\/?page_id=8003"},"modified":"2021-03-16T19:25:23","modified_gmt":"2021-03-16T19:25:23","slug":"partizip-perfekt-partizip-praesens-unterschied-englisch-2","status":"publish","type":"page","link":"https:\/\/english-munich.de\/training\/partizip-perfekt-partizip-praesens-unterschied-englisch-2\/","title":{"rendered":"Partizip Perfekt &#8211; Partizip Pr\u00e4sens Unterschied &#8211; Englisch"},"content":{"rendered":"<div class=\"jumbotron text-center\">\r\n<h2>Partizip Perfekt &#8211; Partizip Pr\u00e4sens Unterschied Aufgaben<\/h2>\r\n\u00dcbungen zum Unterschied zwischen Partizip Perfect und Partizip Pr\u00e4sens\r\n\r\n<\/div>\r\n<div class=\"bs-example\">\r\n<div id=\"accordionExample\" class=\"accordion\">\r\n<div class=\"card\">\r\n<div id=\"headingOne\" class=\"card-header\">\r\n<h2 class=\"number\"><button class=\"btn btn-link collapsed\" type=\"button\" data-toggle=\"collapse\" data-target=\"#collapseOne\">Beispiel<\/button><\/h2>\r\n<\/div>\r\n<div id=\"collapseOne\" class=\"collapse\" aria-labelledby=\"headingOne\" data-parent=\"#accordionExample\">\r\n<div class=\"card-body\">\r\n<div class=\"form-group\" style=\"width: 70%; margin: 10px;\"><label for=\"sel1\"><span class=\"number\">\u24ff<\/span> __________ a book is good habit.<\/label>\r\n<select id=\"beispiel\" class=\"form-control\">\r\n<option value=\"wrong\">don&#8217;t do<\/option>\r\n<option value=\"correct\">Reading<\/option>\r\n<option value=\"wrong\">doesn&#8217;t <\/option>\r\n<\/select>\r\n\r\nDie richtige L\u00f6sung ist: <b>&#8222;Reading&#8220;<\/b>&nbsp;&nbsp;<button class=\"btn-lg btn-info\" type=\"button\" value=\"submit\" data-toggle=\"modal\" data-target=\"#myModal\">Tipp<\/button>\r\n\r\n<\/div>\r\n<\/div>\r\n<\/div>\r\n<\/div>\r\n<\/div>\r\n<br \/><br \/>\r\n<div class=\"container well\">\r\n<h4>\u2611\ufe0f W\u00e4hle die richtige Option des <i>Partizip Perfect (-ing Form) oder Partizip Perfekt (-ed) <\/i>Achte auf den Kontext:<\/h4>\r\n\r\n\r\n<hr>\r\n\r\n<br \/>\r\n<div class=\"container-fluid\">\r\n<div class=\"form-group\" style=\"width: 70%;\"><label for=\"sel1\"><span class=\"number\">\u2776<\/span>__________ in Munich will cost you an arm and a leg.<\/label>\r\n<select id=\"q0\" class=\"form-control\"><option value=\"wrong\"><\/option>\r\n<option value=\"correct\">living<\/option>\r\n<option value=\"wrong\">lived<\/option>\r\n<\/select>\r\n<p id=\"correct0\" align=\"left\"><\/p>\r\n<a class=\"btn btn-success tipp0 hidden\" style=\"text-decoration: none, color:white;\" title=\"Living in Munich...\" href=\"#0\" data-toggle=\"popover\" data-placement=\"top\" data-trigger=\"hover\" data-content=\"Die '-ing Form macht hier aus einem Verb ein Hauptwort 'live' \u2794 'living'\">Tipp<\/a>\r\n\r\n<\/div>\r\n<div class=\"form-group\" style=\"width: 70%;\"><label for=\"sel1\"><span class=\"number\">\u2777<\/span>While __________home, he ran out of gas.<\/label>\r\n<select id=\"q1\" class=\"form-control\"><option value=\"wrong\"><\/option>\r\n<option value=\"correct\">driving<\/option>\r\n<option value=\"wrong\">driven<\/option>\r\n<\/select>\r\n<p id=\"correct1\" align=\"left\"><\/p>\r\n<a class=\"btn btn-success tipp1 hidden\" style=\"text-decoration: none, color:white;\" title=\"While driving home...\" href=\"#1\" data-toggle=\"popover\" data-placement=\"top\" data-trigger=\"hover\" data-content=\"'driving' fasst hier den gesamten Nebensatz 'While he was driving home...' zusammen ('nach nach Hause fahrend').\">Tipp<\/a>\r\n\r\n<\/div>\r\n<div class=\"form-group\" style=\"width: 70%;\"><label for=\"sel1\"><span class=\"number\">\u2778<\/span>We are a data-__________company.<\/label>\r\n<select id=\"q2\" class=\"form-control\"><option value=\"wrong\"><\/option>\r\n<option value=\"wrong\">driving<\/option>\r\n<option value=\"correct\">driven<\/option>\r\n<\/select>\r\n<p id=\"correct2\" align=\"left\"><\/p>\r\n<a class=\"btn btn-success tipp2 hidden\" style=\"text-decoration: none, color:white;\" title=\"We are a data-driven company\" href=\"#2\" data-toggle=\"popover\" data-placement=\"top\" data-trigger=\"hover\" data-content=\"Das Partizip Perfect macht hier aus einem Verb ein Adjetiv 'data-driven' \u2794 'datengetrieben'\">Tipp<\/a>\r\n\r\n<\/div>\r\n<div class=\"form-group\" style=\"width: 70%;\"><label for=\"sel1\"><span class=\"number\">\u2779<\/span>A woman wrongly __________ as the murderess, was acquitted.<\/label>\r\n<select id=\"q3\" class=\"form-control\"><option value=\"wrong\"><\/option>\r\n<option value=\"wrong\">identifying<\/option>\r\n<option value=\"correct\">identified<\/option>\r\n<\/select>\r\n<p id=\"correct3\" align=\"left\"><\/p>\r\n<a class=\"btn btn-success tipp3 hidden\" style=\"text-decoration: none, color:white;\" title=\"A woman wrongly identified...\" href=\"#3\" data-toggle=\"popover\" data-placement=\"top\" data-trigger=\"hover\" data-content=\"'accused' ersetzt hier den Relativsatz 'a woman who was wrongly identified'.\">Tipp<\/a>\r\n\r\n<\/div>\r\n<div class=\"form-group\" style=\"width: 70%;\"><label for=\"sel1\"><span class=\"number\">\u277a<\/span>Some women say his heart is__________of stone.<\/label>\r\n<select id=\"q4\" class=\"form-control\"><option value=\"wrong\"><\/option>\r\n<option value=\"wrong\">making<\/option>\r\n<option value=\"correct\">made<\/option>\r\n\r\n<\/select>\r\n<p id=\"correct4\" align=\"left\"><\/p>\r\n<a class=\"btn btn-success tipp4 hidden\" style=\"text-decoration: none, color:white;\" title=\"His heart is made of stone.\" href=\"#4\" data-toggle=\"popover\" data-placement=\"top\" data-trigger=\"hover\" data-content=\"'made' im past participle wird hier zur Bildung des Passiv verwendet.\">Tipp<\/a>\r\n\r\n<\/div>\r\n<div class=\"form-group\" style=\"width: 70%;\"><label for=\"sel1\"><span class=\"number\">\u277b<\/span>Daddy is __________all the sausages.<\/label>\r\n<select id=\"q5\" class=\"form-control\"><option value=\"wrong\"><\/option>\r\n<option value=\"correct\">eating<\/option>\r\n<option value=\"wrong\">eaten<\/option>\r\n<\/select>\r\n<p id=\"correct5\" align=\"left\"><\/p>\r\n<a class=\"btn btn-success tipp5 hidden\" style=\"text-decoration: none, color:white;\" title=\"Daddy is eating all the sausages.\" href=\"#5\" data-toggle=\"popover\" data-placement=\"top\" data-trigger=\"hover\" data-content=\"die '-ing Form' wird hier in der Verlaufsform verwendet \u2794 'is eating'\">Tipp<\/a>\r\n\r\n<\/div>\r\n<div class=\"form-group\" style=\"width: 70%;\"><label for=\"sel1\"><span class=\"number\">\u277c<\/span> The customer__________by the bad service canceled the contract.<\/label>\r\n<select id=\"q6\" class=\"form-control\"><option value=\"wrong\"><\/option>\r\n<option value=\"wrong\">irritating<\/option>\r\n<option value=\"correct\">irritated<\/option>\r\n<\/select>\r\n<p id=\"correct6\" align=\"left\"><\/p>\r\n<a class=\"btn btn-success tipp6 hidden\" style=\"text-decoration: none, color:white;\" title=\"The customer irritated...\" href=\"#6\" data-toggle=\"popover\" data-placement=\"top\" data-trigger=\"hover\" data-content=\"' das Partizip Perfekt 'irritated'('erz\u00fcrnt') wird hier als Eigenschaftswort benutzt.\">Tipp<\/a>\r\n\r\n<\/div>\r\n<div class=\"form-group\" style=\"width: 70%;\"><label for=\"sel1\"><span class=\"number\">\u277d<\/span> It is more than __________that we ran out of caviar.<\/label>\r\n<select id=\"q7\" class=\"form-control\"><option value=\"wrong\"><\/option>\r\n<option value=\"correct\">irritating<\/option>\r\n<option value=\"wrong\">irritated<\/option>\r\n<\/select>\r\n<p id=\"correct7\" align=\"left\"><\/p>\r\n<a class=\"btn btn-success tipp7 hidden\" style=\"text-decoration: none, color:white;\" title=\"It is more than irritating...\" href=\"#7\" data-toggle=\"popover\" data-placement=\"top\" data-trigger=\"hover\" data-content=\"Das Partizip Pr\u00e4sens 'irritating' wird hier als Adektiv  benutzt ('\u00e4rgerlich')\">Tipp<\/a>\r\n\r\n<\/div>\r\n<div class=\"form-group\" style=\"width: 70%;\"><label for=\"sel1\"><span class=\"number\">\u277e<\/span> After  __________all his money on the wrong horse, he went home.<\/label>\r\n<select id=\"q8\" class=\"form-control\"><option value=\"wrong\"><\/option>\r\n<option value=\"correct\">betting<\/option>\r\n<option value=\"wrong\">bet<\/option>\r\n<\/select>\r\n<p id=\"correct8\" align=\"left\"><\/p>\r\n<a class=\"btn btn-success tipp8 hidden\" style=\"text-decoration: none, color:white;\" title=\"After betting all his money...\" href=\"#8\" data-toggle=\"popover\" data-placement=\"top\" data-trigger=\"hover\" data-content=\"'After betting...' fasst hier den gesamten Nebensatz 'After he had bet...' zusammen. \">Tipp<\/a>\r\n\r\n<\/div>\r\n<div class=\"form-group\" style=\"width: 70%;\"><label for=\"sel1\"><span class=\"number\">\u277f<\/span>Karen was _______woman of the year.<\/label>\r\n<select id=\"q9\" class=\"form-control\"><option value=\"wrong\"><\/option>\r\n<option value=\"wrong\">electing<\/option>\r\n<option value=\"correct\">elected<\/option>\r\n\r\n<\/select>\r\n<p id=\"correct9\" align=\"left\"><\/p>\r\n<a class=\"btn btn-success tipp9 hidden\" style=\"text-decoration: none, color:white;\" title=\"Karen was elected\" href=\"#9\" data-toggle=\"popover\" data-placement=\"top\" data-trigger=\"hover\" data-content=\"'elected' ist hier Bestandteil des Verbs 'elect' im Passiv \u2794 'Karen was elected'.\">Tipp<\/a>\r\n\r\n<\/div>\r\n<\/div>\r\n<div class=\"container\">\r\n\r\n<!-- The Modal -->\r\n<div id=\"myModal\" class=\"modal\">\r\n<div class=\"modal-dialog\">\r\n<div class=\"modal-content\">\r\n\r\n<!-- Modal Header -->\r\n<div class=\"modal-header\">\r\n<h4 class=\"modal-title\">Partip Pr\u00e4sens \/ Partizip Perfekt Unterschied<\/h4>\r\n<button class=\"close\" type=\"button\" data-dismiss=\"modal\">\u00d7<\/button>\r\n\r\n<\/div>\r\n<!-- Modal body -->\r\n<div class=\"modal-body\"><table class=\"table table-bordered table-sm table-hover\">\r\n<thead>\r\n<tr class=\"table-danger\">\r\n<th>Partip Pr\u00e4sens \/ Partizip Perfekt Unterschied<\/th>\r\n<\/tr>\r\n<\/thead>\r\n<tbody>\r\n<tr class=\"table-success\">\r\n<td><b>Partizip Pr\u00e4sens (-ing Form) <\/b><\/td>\r\n<\/tr>\r\n\r\n<tr class=\"table-primary\">\r\n<td><b>Als Verbform in der Verlaufsform (-ing Form)<\/b><\/td>\r\n<tr class=\"table-info\"><td><b><i class=\"text-danger\">He is playing football. She is driking milk.<\/i><\/b><\/td>\r\n<\/tr>\r\n<tr class=\"table-primary\">\r\n<td><b>Beim Substantivieren einen Zeitwortes<\/b><\/td>\r\n<tr class=\"table-info\"><td><b><i class=\"text-danger\">Reading books is fun. Swimming is easy.<\/i><\/b><\/td>\r\n<\/tr>\r\n<tr class=\"table-primary\">\r\n<td><b>als Adjektiv<\/b><\/td>\r\n<tr class=\"table-info\"><td><b><i class=\"text-danger\">It is hardly surprising.A boy went missing.<\/i><\/b><\/td>\r\n<\/tr>\r\n<tr class=\"table-primary\">\r\n<td><b>beim Zusammenfassen eines Nebensatzes<\/b><\/td>\r\n<tr class=\"table-info\"><td><b><i class=\"text-danger\">While is was reading a book&#8230;.\u2794 While reading a book&#8230; <\/i><\/b><\/td>\r\n<\/tr>\r\n<tr class=\"table-success\">\r\n<td><b>Partizip Perfekt (-ed) <\/b><\/td>\r\n<\/tr>\r\n<tr class=\"table-primary\">\r\n<td><b>bei der Benutzung des Verbs im Passiv<\/b><\/td>\r\n<tr class=\"table-info\"><td><b><i class=\"text-danger\">I house is built. A car was made. <\/i><\/b><\/td>\r\n<\/tr>\r\n<tr class=\"table-primary\">\r\n<td><b>als Adjektiv<\/b><\/td>\r\n<tr class=\"table-info\"><td><b><i class=\"text-danger\">An untold story.., A well-read man..<\/i><\/b><\/td>\r\n<\/tr>\r\n<tr class=\"table-primary\">\r\n<td><b>zum Zusammenfassen eines Relativsatzes<\/b><\/td>\r\n<tr class=\"table-info\"><td><b><i class=\"text-danger\">A man who was falsely accused&#8230;\u2794 a man falsely accused&#8230;<\/i><\/b><\/td>\r\n<\/tr>\r\n\r\n<\/tbody>\r\n<\/table>\r\n<\/div>\r\n<!-- Modal footer -->\r\n<div class=\"modal-footer\"><button class=\"btn btn-danger\" type=\"button\" data-dismiss=\"modal\">Close<\/button><\/div>\r\n<\/div>\r\n<\/div>\r\n<\/div>\r\n<\/div>\r\n<\/div>\r\n\r\n<hr>\r\n\r\n<div class=\"container\"><button id=\"submitButton\" class=\"btn-lg btn-primary \" type=\"submit\" value=\"submit\">Pr\u00fcfen<\/button><button id=\"resetButton\" class=\"btn-lg btn-success\" type=\"submit\" onclick=\"refreshPage()\">Neustart<\/button><button id=\"submitButton\" class=\"btn-lg btn-info\" type=\"submit\" value=\"submit\" data-toggle=\"modal\" data-target=\"#myModal\">Tipp<\/button>\r\n\r\n<\/div>\r\n\r\n\r\n\r\n\r\n<p id=\"result\"><\/p>\r\n<p id=\"result2\"><\/p>\r\n<hr>\r\n<h3>Alle \u00dcbungen Unterschied Simple Present \/ Progressive<\/h3>\r\n<div id=\"bellows-main-64\" class=\"bellows bellows-nojs bellows-main bellows-source-menu bellows-align-full bellows-skin-vanilla bellows-type-\"><ul id=\"menu-partizip\" class=\"bellows-nav\" data-bellows-config=\"main\"><li id=\"menu-item-7974\" class=\"bellows-menu-item bellows-menu-item-type-post_type bellows-menu-item-object-page bellows-menu-item-7974 bellows-item-level-0\"><a  href=\"https:\/\/english-munich.de\/training\/partizip-perfekt-partizip-praesens-unterschied-englisch\/\" class=\"bellows-target\"><span class=\"bellows-target-title bellows-target-text\">\u2611\ufe0fPartizip Perfekt \u2013 Pr\u00e4sens Unterschied<\/span><\/a><\/li>\n<li id=\"menu-item-8011\" class=\"bellows-menu-item bellows-menu-item-type-post_type bellows-menu-item-object-page bellows-menu-item-8011 bellows-item-level-0\"><a  href=\"https:\/\/english-munich.de\/training\/partizip-perfekt-partizip-praesens-unterschied-englisch-2\/\" class=\"bellows-target\"><span class=\"bellows-target-title bellows-target-text\">\u2611\ufe0fPartizip Perfekt \u2013 Pr\u00e4sens Unterschied<\/span><\/a><\/li>\n<li id=\"menu-item-8033\" class=\"bellows-menu-item bellows-menu-item-type-post_type bellows-menu-item-object-page bellows-menu-item-8033 bellows-item-level-0\"><a  href=\"https:\/\/english-munich.de\/training\/partizip-perfekt-partizip-praesens-unterschied\/\" class=\"bellows-target\"><span class=\"bellows-target-title bellows-target-text\">\u270d\ufe0fPartizip Perfekt \u2013 Pr\u00e4sens \u2013 Unterschied<\/span><\/a><\/li>\n<li id=\"menu-item-10174\" class=\"bellows-menu-item bellows-menu-item-type-post_type bellows-menu-item-object-page bellows-menu-item-10174 bellows-item-level-0\"><a  href=\"https:\/\/english-munich.de\/training\/partizip-perfekt-praesens-unterschied\/\" class=\"bellows-target\"><span class=\"bellows-target-title bellows-target-text\">\u270d\ufe0fPartizip Perfekt \u2013 Pr\u00e4sens Unterschied<\/span><\/a><\/li>\n<li id=\"menu-item-8056\" class=\"bellows-menu-item bellows-menu-item-type-post_type bellows-menu-item-object-page bellows-menu-item-8056 bellows-item-level-0\"><a  href=\"https:\/\/english-munich.de\/training\/partizip-perfect-praesens-als-adjektiv\/\" class=\"bellows-target\"><span class=\"bellows-target-title bellows-target-text\">\u2611\ufe0fPartizip Perfekt \u2013 Pr\u00e4sens als Adjektiv<\/span><\/a><\/li>\n<li id=\"menu-item-8078\" class=\"bellows-menu-item bellows-menu-item-type-post_type bellows-menu-item-object-page bellows-menu-item-8078 bellows-item-level-0\"><a  href=\"https:\/\/english-munich.de\/training\/partizip-perfect-praesens-als-adjektiv-2\/\" class=\"bellows-target\"><span class=\"bellows-target-title bellows-target-text\">\u2611\ufe0fPartizip \u2013 Perfekt \u2013 Pr\u00e4sens als Adjektiv<\/span><\/a><\/li>\n<li id=\"menu-item-8115\" class=\"bellows-menu-item bellows-menu-item-type-post_type bellows-menu-item-object-page bellows-menu-item-8115 bellows-item-level-0\"><a  href=\"https:\/\/english-munich.de\/training\/partizip-praesens-perfekt-adjektiv\/\" class=\"bellows-target\"><span class=\"bellows-target-title bellows-target-text\">\u270d\ufe0fPartizip \u2013 Perfekt \u2013 Pr\u00e4sens als Adjektiv<\/span><\/a><\/li>\n<\/ul><\/div>\r\n\r\n<\/div>","protected":false},"excerpt":{"rendered":"Partizip Perfekt &#8211; Partizip Pr\u00e4sens Unterschied Aufgaben \u00dcbungen zum Unterschied zwischen Partizip Perfect und Partizip Pr\u00e4sens Beispiel \u24ff __________ a book is good habit. don&#8217;t do Reading doesn&#8217;t Die richtige L\u00f6sung ist: &#8222;Reading&#8220;&nbsp;&nbsp;Tipp \u2611\ufe0f W\u00e4hle die richtige Option des Partizip Perfect (-ing Form) oder Partizip Perfekt (-ed) Achte auf den Kontext: \u2776__________ in Munich will [&hellip;]","protected":false},"author":3,"featured_media":0,"parent":0,"menu_order":0,"comment_status":"closed","ping_status":"closed","template":"","meta":[],"_links":{"self":[{"href":"https:\/\/english-munich.de\/training\/wp-json\/wp\/v2\/pages\/8003"}],"collection":[{"href":"https:\/\/english-munich.de\/training\/wp-json\/wp\/v2\/pages"}],"about":[{"href":"https:\/\/english-munich.de\/training\/wp-json\/wp\/v2\/types\/page"}],"author":[{"embeddable":true,"href":"https:\/\/english-munich.de\/training\/wp-json\/wp\/v2\/users\/3"}],"replies":[{"embeddable":true,"href":"https:\/\/english-munich.de\/training\/wp-json\/wp\/v2\/comments?post=8003"}],"version-history":[{"count":5,"href":"https:\/\/english-munich.de\/training\/wp-json\/wp\/v2\/pages\/8003\/revisions"}],"predecessor-version":[{"id":8015,"href":"https:\/\/english-munich.de\/training\/wp-json\/wp\/v2\/pages\/8003\/revisions\/8015"}],"wp:attachment":[{"href":"https:\/\/english-munich.de\/training\/wp-json\/wp\/v2\/media?parent=8003"}],"curies":[{"name":"wp","href":"https:\/\/api.w.org\/{rel}","templated":true}]}}