{"id":7976,"date":"2021-03-16T08:31:01","date_gmt":"2021-03-16T08:31:01","guid":{"rendered":"https:\/\/english-munich.de\/training\/?page_id=7976"},"modified":"2021-03-19T07:36:13","modified_gmt":"2021-03-19T07:36:13","slug":"partizip-perfekt-partizip-praesens-unterschied-erklaerungen-uebungen","status":"publish","type":"page","link":"https:\/\/english-munich.de\/training\/partizip-perfekt-partizip-praesens-unterschied-erklaerungen-uebungen\/","title":{"rendered":"Partizip Perfekt &#8211; Partizip Pr\u00e4sens Unterschied &#8211; Erkl\u00e4rungen \u00dcbungen"},"content":{"rendered":"<div class=\"container well\">\r\n<h2>Partizip Perfekt &#8211; Partizip Pr\u00e4sens Unterschied Erkl\u00e4rungen und \u00dcbungen<\/h2>\r\n<hr>\r\n<h2>Partizip Perfekt &#8211; Partizip Pr\u00e4sens Unterschied \u00dcbungen<\/h2>\r\n\r\n<div id=\"bellows-main-64\" class=\"bellows bellows-nojs bellows-main bellows-source-menu bellows-align-full bellows-skin-vanilla bellows-type-\"><ul id=\"menu-partizip\" class=\"bellows-nav\" data-bellows-config=\"main\"><li id=\"menu-item-7974\" class=\"bellows-menu-item bellows-menu-item-type-post_type bellows-menu-item-object-page bellows-menu-item-7974 bellows-item-level-0\"><a  href=\"https:\/\/english-munich.de\/training\/partizip-perfekt-partizip-praesens-unterschied-englisch\/\" class=\"bellows-target\"><span class=\"bellows-target-title bellows-target-text\">\u2611\ufe0fPartizip Perfekt \u2013 Pr\u00e4sens Unterschied<\/span><\/a><\/li>\n<li id=\"menu-item-8011\" class=\"bellows-menu-item bellows-menu-item-type-post_type bellows-menu-item-object-page bellows-menu-item-8011 bellows-item-level-0\"><a  href=\"https:\/\/english-munich.de\/training\/partizip-perfekt-partizip-praesens-unterschied-englisch-2\/\" class=\"bellows-target\"><span class=\"bellows-target-title bellows-target-text\">\u2611\ufe0fPartizip Perfekt \u2013 Pr\u00e4sens Unterschied<\/span><\/a><\/li>\n<li id=\"menu-item-8033\" class=\"bellows-menu-item bellows-menu-item-type-post_type bellows-menu-item-object-page bellows-menu-item-8033 bellows-item-level-0\"><a  href=\"https:\/\/english-munich.de\/training\/partizip-perfekt-partizip-praesens-unterschied\/\" class=\"bellows-target\"><span class=\"bellows-target-title bellows-target-text\">\u270d\ufe0fPartizip Perfekt \u2013 Pr\u00e4sens \u2013 Unterschied<\/span><\/a><\/li>\n<li id=\"menu-item-10174\" class=\"bellows-menu-item bellows-menu-item-type-post_type bellows-menu-item-object-page bellows-menu-item-10174 bellows-item-level-0\"><a  href=\"https:\/\/english-munich.de\/training\/partizip-perfekt-praesens-unterschied\/\" class=\"bellows-target\"><span class=\"bellows-target-title bellows-target-text\">\u270d\ufe0fPartizip Perfekt \u2013 Pr\u00e4sens Unterschied<\/span><\/a><\/li>\n<li id=\"menu-item-8056\" class=\"bellows-menu-item bellows-menu-item-type-post_type bellows-menu-item-object-page bellows-menu-item-8056 bellows-item-level-0\"><a  href=\"https:\/\/english-munich.de\/training\/partizip-perfect-praesens-als-adjektiv\/\" class=\"bellows-target\"><span class=\"bellows-target-title bellows-target-text\">\u2611\ufe0fPartizip Perfekt \u2013 Pr\u00e4sens als Adjektiv<\/span><\/a><\/li>\n<li id=\"menu-item-8078\" class=\"bellows-menu-item bellows-menu-item-type-post_type bellows-menu-item-object-page bellows-menu-item-8078 bellows-item-level-0\"><a  href=\"https:\/\/english-munich.de\/training\/partizip-perfect-praesens-als-adjektiv-2\/\" class=\"bellows-target\"><span class=\"bellows-target-title bellows-target-text\">\u2611\ufe0fPartizip \u2013 Perfekt \u2013 Pr\u00e4sens als Adjektiv<\/span><\/a><\/li>\n<li id=\"menu-item-8115\" class=\"bellows-menu-item bellows-menu-item-type-post_type bellows-menu-item-object-page bellows-menu-item-8115 bellows-item-level-0\"><a  href=\"https:\/\/english-munich.de\/training\/partizip-praesens-perfekt-adjektiv\/\" class=\"bellows-target\"><span class=\"bellows-target-title bellows-target-text\">\u270d\ufe0fPartizip \u2013 Perfekt \u2013 Pr\u00e4sens als Adjektiv<\/span><\/a><\/li>\n<\/ul><\/div>\r\n<h3>Partizip Perfekt &#8211; Partizip Pr\u00e4sens Unterschied Erkl\u00e4rungen<\/h3>\r\n<table class=\"table table-bordered table-sm table-hover\">\r\n<thead>\r\n<tr class=\"table-danger\">\r\n<th>Partip Pr\u00e4sens \/ Partizip Perfekt Unterschied<\/th>\r\n<\/tr>\r\n<\/thead>\r\n<tbody>\r\n<tr class=\"table-success\">\r\n<td><b>Partizip Pr\u00e4sens (-ing Form) <\/b><\/td>\r\n<\/tr>\r\n\r\n<tr class=\"table-primary\">\r\n<td><b>Als Verbform in der Verlaufsform (-ing Form)<\/b><\/td>\r\n<tr class=\"table-info\"><td><b><i class=\"text-danger\">He is playing football. She is driking milk.<\/i><\/b><\/td>\r\n<\/tr>\r\n<tr class=\"table-primary\">\r\n<td><b>Beim Substantivieren einen Zeitwortes<\/b><\/td>\r\n<tr class=\"table-info\"><td><b><i class=\"text-danger\">Reading books is fun. Swimming is easy.<\/i><\/b><\/td>\r\n<\/tr>\r\n<tr class=\"table-primary\">\r\n<td><b>als Adjektiv<\/b><\/td>\r\n<tr class=\"table-info\"><td><b><i class=\"text-danger\">It is hardly surprising.A boy went missing.<\/i><\/b><\/td>\r\n<\/tr>\r\n<tr class=\"table-primary\">\r\n<td><b>beim Zusammenfassen eines Nebensatzes<\/b><\/td>\r\n<tr class=\"table-info\"><td><b><i class=\"text-danger\">While is was reading a book&#8230;.\u2794 While reading a book&#8230; <\/i><\/b><\/td>\r\n<\/tr>\r\n<tr class=\"table-success\">\r\n<td><b>Partizip Perfekt (-ed) <\/b><\/td>\r\n<\/tr>\r\n<tr class=\"table-primary\">\r\n<td><b>bei der Benutzung des Verbs im Passiv<\/b><\/td>\r\n<tr class=\"table-info\"><td><b><i class=\"text-danger\">I house is built. A car was made. <\/i><\/b><\/td>\r\n<\/tr>\r\n<tr class=\"table-primary\">\r\n<td><b>als Adjektiv<\/b><\/td>\r\n<tr class=\"table-info\"><td><b><i class=\"text-danger\">An untold story.., A well-read man..<\/i><\/b><\/td>\r\n<\/tr>\r\n<tr class=\"table-primary\">\r\n<td><b>zum Zusammenfassen eines Relativsatzes<\/b><\/td>\r\n<tr class=\"table-info\"><td><b><i class=\"text-danger\">A man who was falsely accused&#8230;\u2794 a man falsely accused&#8230;<\/i><\/b><\/td>\r\n<\/tr>\r\n\r\n<\/tbody>\r\n<\/table>\r\n<h3>Partizip Perfekt &#8211; Partizip Pr\u00e4sens Verwendung als Adjektiv<\/h3>\r\n\r\n<table class=\"table table-bordered table-sm table-hover\">\r\n<thead>\r\n<tr class=\"table-danger\">\r\n<th colspan=\"2\">Partizip Perfekt \/ Partizip Pr\u00e4sens als Adjektiv<\/th>\r\n<\/tr>\r\n<\/thead>\r\n<tbody>\r\n<tr class=\"table-success\">\r\n<td colspan='2'><b>genau wie im Deutschen, kann man auch im Englischen durch das Verwenden eines Verbs in den Partizipien des Pr\u00e4sens bzw. Perfekts, dieses in ein Eigenschaftswort verwandeln:<\/b><\/td>\r\n\r\n<\/tr>\r\n\r\n<tr class=\"table-primary\">\r\n<td><b>Partizip Pr\u00e4sens: beschreibt eine Eigenschaft<\/b><\/td>\r\n<td><b>Partizip Perfect: beschreibt einen Zustand<\/b><\/td><\/tr>\r\n<tr class=\"table-info\"><td><b><i class=\"text-danger\">interesting &#8211; interessant <\/i><\/b><\/td>\r\n<td><b><i class=\"text-danger\">interested &#8211; interessiert <\/i><\/b><\/td>\r\n<\/tr>\r\n<tr class=\"table-info\">\r\n<td><b><i class=\"text-danger\">amazing &#8211; bezaubernd <\/i> <\/b><\/td>\r\n<td><b><i class=\"text-danger\">amazed &#8211; bezaubert <\/i> <\/b><\/td>\r\n<\/tr>\r\n<tr class=\"table-info\">\r\n<td><b><i class=\"text-danger\">exciting &#8211; aufregend <\/i> <\/b><\/td>\r\n<td><b><i class=\"text-danger\">excited &#8211; aufgeregt <\/i> <\/b><\/td>\r\n<\/tr>\r\n<tr class=\"table-info\">\r\n<td><b><i class=\"text-danger\">boring &#8211; langweilig <\/i> <\/b><\/td>\r\n<td><b><i class=\"text-danger\">bored &#8211; gelangweilt <\/i> <\/b><\/td>\r\n<\/tr>\r\n<tr class=\"table-info\">\r\n<td><b><i class=\"text-danger\">embarrassing &#8211; peinlich <\/i> <\/b><\/td>\r\n<td><b><i class=\"text-danger\">embarrassed &#8211; blamiert <\/i> <\/b><\/td>\r\n<\/tr>\r\n<tr class=\"table-info\">\r\n<td><b><i class=\"text-danger\">shocking &#8211; schockierend<\/i> <\/b><\/td>\r\n<td><b><i class=\"text-danger\">shocked &#8211;  schockiert <\/i> <\/b><\/td>\r\n<\/tr>\r\n<tr class=\"table-info\">\r\n<td><b><i class=\"text-danger\">surprised &#8211; \u00fcberrascht <\/i> <\/b><\/td>\r\n<td><b><i class=\"text-danger\">surprising &#8211; \u00fcberraschend <\/i> <\/b><\/td>\r\n<\/tr>\r\n<tr class=\"table-info\">\r\n<td><b><i class=\"text-danger\">exhausting &#8211; ersch\u00f6pfend <\/i> <\/b><\/td>\r\n<td><b><i class=\"text-danger\">exhausted &#8211; ersch\u00f6pft <\/i> <\/b><\/td>\r\n<\/tr>\r\n<tr class=\"table-info\">\r\n<td><b><i class=\"text-danger\">satisfying &#8211; befriedigend <\/i> <\/b><\/td>\r\n<td><b><i class=\"text-danger\">satisfied &#8211; befriedigt <\/i> <\/b><\/td>\r\n<\/tr>\r\n<tr class=\"table-info\">\r\n<td><b><i class=\"text-danger\">disgusting &#8211; widerw\u00e4rtig <\/i> <\/b><\/td>\r\n<td><b><i class=\"text-danger\">disgusted &#8211; angewidert <\/i> <\/b><\/td>\r\n<\/tr>\r\n<tr class=\"table-info\"><td><b><i class=\"text-danger\">annoying &#8211; nervig <\/i><\/b><\/td>\r\n<td><b><i class=\"text-danger\">annoyed &#8211; genervt <\/i><\/b><\/td>\r\n<\/tr>\r\n<tr class=\"table-info\">\r\n<td><b><i class=\"text-danger\">tiring &#8211; erm\u00fcdend <\/i> <\/b><\/td>\r\n<td><b><i class=\"text-danger\">tired &#8211; m\u00fcde <\/i> <\/b><\/td>\r\n<\/tr>\r\n<tr class=\"table-info\">\r\n<td><b><i class=\"text-danger\">frightening &#8211; furchteinfl\u00f6\u00dfend <\/i> <\/b><\/td>\r\n<td><b><i class=\"text-danger\">frightened &#8211; ver\u00e4ngstigt <\/i> <\/b><\/td>\r\n<\/tr>\r\n<tr class=\"table-info\">\r\n<td><b><i class=\"text-danger\">worrying &#8211; besorgniserregend <\/i> <\/b><\/td>\r\n<td><b><i class=\"text-danger\">worried &#8211; besorgt <\/i> <\/b><\/td>\r\n<\/tr>\r\n<tr class=\"table-info\">\r\n<td><b><i class=\"text-danger\">confusing &#8211; verwirrend <\/i> <\/b><\/td>\r\n<td><b><i class=\"text-danger\">confused &#8211; verwirrt <\/i> <\/b><\/td>\r\n<\/tr>\r\n<tr class=\"table-info\">\r\n<td><b><i class=\"text-danger\">alarming &#8211; alarmierend<\/i> <\/b><\/td>\r\n<td><b><i class=\"text-danger\">alarmed &#8211;  alarmiert <\/i> <\/b><\/td>\r\n<\/tr>\r\n<tr class=\"table-info\">\r\n<td><b><i class=\"text-danger\">overwhelming &#8211; \u00fcberw\u00e4ltigend <\/i> <\/b><\/td>\r\n<td><b><i class=\"text-danger\">overwhelmed &#8211; \u00fcberw\u00e4ltigt <\/i> <\/b><\/td>\r\n<\/tr>\r\n<tr class=\"table-info\">\r\n<td><b><i class=\"text-danger\">enticing &#8211; entz\u00fcckend <\/i> <\/b><\/td>\r\n<td><b><i class=\"text-danger\">enticed &#8211; entz\u00fcckt <\/i> <\/b><\/td>\r\n<\/tr>\r\n<tr class=\"table-info\">\r\n<td><b><i class=\"text-danger\">increasing &#8211; steigend<\/i> <\/b><\/td>\r\n<td><b><i class=\"text-danger\">increased &#8211; gesteigert<\/i> <\/b><\/td>\r\n<\/tr>\r\n\r\n\r\n<\/tbody>\r\n<\/table>\r\n<\/div>","protected":false},"excerpt":{"rendered":"Partizip Perfekt &#8211; Partizip Pr\u00e4sens Unterschied Erkl\u00e4rungen und \u00dcbungen Partizip Perfekt &#8211; Partizip Pr\u00e4sens Unterschied \u00dcbungen Partizip Perfekt &#8211; Partizip Pr\u00e4sens Unterschied Erkl\u00e4rungen Partip Pr\u00e4sens \/ Partizip Perfekt Unterschied Partizip Pr\u00e4sens (-ing Form) Als Verbform in der Verlaufsform (-ing Form) He is playing football. She is driking milk. Beim Substantivieren einen Zeitwortes Reading books is [&hellip;]","protected":false},"author":3,"featured_media":0,"parent":0,"menu_order":0,"comment_status":"closed","ping_status":"closed","template":"","meta":[],"_links":{"self":[{"href":"https:\/\/english-munich.de\/training\/wp-json\/wp\/v2\/pages\/7976"}],"collection":[{"href":"https:\/\/english-munich.de\/training\/wp-json\/wp\/v2\/pages"}],"about":[{"href":"https:\/\/english-munich.de\/training\/wp-json\/wp\/v2\/types\/page"}],"author":[{"embeddable":true,"href":"https:\/\/english-munich.de\/training\/wp-json\/wp\/v2\/users\/3"}],"replies":[{"embeddable":true,"href":"https:\/\/english-munich.de\/training\/wp-json\/wp\/v2\/comments?post=7976"}],"version-history":[{"count":5,"href":"https:\/\/english-munich.de\/training\/wp-json\/wp\/v2\/pages\/7976\/revisions"}],"predecessor-version":[{"id":8067,"href":"https:\/\/english-munich.de\/training\/wp-json\/wp\/v2\/pages\/7976\/revisions\/8067"}],"wp:attachment":[{"href":"https:\/\/english-munich.de\/training\/wp-json\/wp\/v2\/media?parent=7976"}],"curies":[{"name":"wp","href":"https:\/\/api.w.org\/{rel}","templated":true}]}}