{"id":7932,"date":"2021-03-15T19:12:44","date_gmt":"2021-03-15T19:12:44","guid":{"rendered":"https:\/\/english-munich.de\/training\/?page_id=7932"},"modified":"2021-05-05T13:17:32","modified_gmt":"2021-05-05T13:17:32","slug":"suffixe-endungen-verb-englisch-uebungen","status":"publish","type":"page","link":"https:\/\/english-munich.de\/training\/suffixe-endungen-verb-englisch-uebungen\/","title":{"rendered":"Suffixe &#8211; Endungen &#8211; Verb &#8211; Englisch &#8211; \u00dcbungen"},"content":{"rendered":"<div class=\"jumbotron text-center\">\r\n<h2>Suffixe beim Verb<\/h2>\r\n\u00dcbungen zum Thema Endungen &#8211; Suffixe von Verben\r\n\r\n<\/div>\r\n<div class=\"bs-example\">\r\n<div class=\"accordion\" id=\"accordionExample\">\r\n<div class=\"card\">\r\n<div class=\"card-header\" id=\"headingOne\">\r\n<h2 class=\"mb-0\" style=\"color:#000\">\r\n                    <button type=\"button\" class=\"btn btn-link collapsed\" data-toggle=\"collapse\" data-target=\"#collapseOne\">Beispiel<\/button><\/h2>\r\n<\/div>\r\n<div id=\"collapseOne\" class=\"collapse\" aria-labelledby=\"headingOne\" data-parent=\"#accordionExample\">\r\n<div class=\"card-body\">\r\n<div class=\"form\">\r\n\r\n<b><span class=\"number\">\u24ff<\/span><\/b>We need the  <input type=\"text\" class=\"form-control\" id=\"panel-beispiel\" disabled=\"\" value=\"solidify\"> <b><i>&nbsp;(solid)&nbsp;<\/i><\/b> our customer base.&nbsp;&nbsp;&nbsp;&nbsp;\r\nDie richtige L\u00f6sung ist: <b>solidify<\/b>&nbsp;&nbsp;<button class=\"btn-lg btn-info\" type=\"button\" data-toggle=\"modal\" data-target=\"#myModal\">Tipp<\/button>\r\n<\/div>\r\n<\/div>\r\n<\/div>\r\n<\/div>\r\n<\/div>\r\n\r\n<br \/><br \/>\r\n<div class=\"container well\">\r\n<h4>\u270d\ufe0f F\u00fclle die richtige Form des <b>Wortes in Klammern<\/b> als <b>Verb <\/b> in die L\u00fccken. Ben\u00fctze, die Anh\u00e4ngsel (&#8218;-ize&#8216;, &#8218;-ward&#8216;,&#8216;-ate&#8216; oder &#8218;-en&#8216;), um das Wort sinnvoll zu erg\u00e4nzen.<\/h4>\r\n\r\n<hr>\r\n\r\n<div class=\"container\">\r\n<b><span class=\"number\">\u2776<\/span><\/b>They have to <input type=\"text\" class=\"form-control\" id=\"q0\" autocomplete=\"off\"><b><i> (wide)<\/i><\/b> the road.\r\n<div class=\"row\">\r\n<div>\r\n<p id=\"correct0\" align=\"left\"><\/p>\r\n\r\n<\/div>\r\n<div>\r\n<a button=\"\" class=\"btn btn-success tipp0 hidden\" href=\"#1\" title=\"They have to widen the road.\" data-toggle=\"popover\" data-placement=\"top\" data-trigger=\"hover\" style=\"text-decoration: none; color:white;\" data-content=\"du kannst das Adjektiv 'wide' in ein Verb verwandeln, indem du das Suffix '-en' anh\u00e4ngst; 'wide' \u2794 'widen' ('verbreitern')\">Tipp<\/a><\/div>\r\n<\/div>\r\n<b><span class=\"number\">\u2777<\/span><\/b>He doesn&#8217;t want to <input type=\"text\" class=\"form-control\" id=\"q1\" autocomplete=\"off\"><b><i>(creation)<\/i><\/b> a new design.\r\n<div class=\"row\">\r\n<div>\r\n<p id=\"correct1\" align=\"left\"><\/p>\r\n\r\n<\/div>\r\n<div>\r\n<a button=\"\" class=\"btn btn-success tipp1 hidden\" href=\"#2\" title=\"...create a new design. \" data-toggle=\"popover\" data-placement=\"top\" data-trigger=\"hover\" style=\"text-decoration: none; color:white;\" data-content=\"du kannst das Hauptwort 'creation' in ein Verb verwandeln, indem du das Suffix auf '-ate' \u00e4nderst; 'creation' \u2794 'create'\">Tipp<\/a><\/div>\r\n<\/div>\r\n<b><span class=\"number\">\u2778<\/span><\/b> We need to   <input type=\"text\" class=\"form-control\" id=\"q2\" autocomplete=\"off\"><b><i>(migration)<\/i><\/b> the site from our legacy systems.\r\n<div class=\"row\">\r\n<div>\r\n<p id=\"correct2\" align=\"left\"><\/p>\r\n\r\n<\/div>\r\n<div>\r\n<a button=\"\" class=\"btn btn-success tipp2 hidden\" align=\"left\" aria-hidden=\"true\" href=\"#3\" title=\"We need to  migrate...\" data-toggle=\"popover\" data-placement=\"top\" data-trigger=\"hover\" style=\"text-decoration: none, color:white\" data-content=\"du kannst das Hauptwort 'migration' in ein Verb verwandeln , indem du das Suffix auf '-ate' \u00e4nderst; 'migration' \u2794 'migrate'\">Tipp<\/a><\/div>\r\n<\/div>\r\n<span class=\"number\">\u2779<\/span>Can you <input type=\"text\" class=\"form-control\" id=\"q3\" autocomplete=\"off\"><b><i>(identity)<\/i><\/b> with our new logo?\r\n<div class=\"row\">\r\n<div>\r\n<p id=\"correct3\" align=\"left\"><\/p>\r\n\r\n<\/div>\r\n<div>\r\n<a button=\"\" class=\"btn btn-success tipp3 hidden\" aria-hidden=\"true\" href=\"#4\" title=\"Can you identify with our new logo?\" data-toggle=\"popover\" data-placement=\"top\" data-trigger=\"hover\" style=\"text-decoration: none, color:white\" data-content=\"du kannst das Hauptwort 'identity' in ein Verb verwandeln, indem du das Suffix auf '-ify' \u00e4nderst; 'identity' \u2794 'identify'\">Tipp<\/a><\/div>\r\n<\/div>\r\n<b><span class=\"number\">\u277a<\/span><\/b>We need to <input type=\"text\" class=\"form-control\" id=\"q4\" autocomplete=\"off\"><b><i>(soft)<\/i><\/b> the impact.\r\n<div class=\"row\">\r\n<div>\r\n<p id=\"correct4\" align=\"left\"><\/p>\r\n\r\n<\/div>\r\n<div>\r\n<a button=\"\" class=\"btn btn-success tipp4 hidden\" aria-hidden=\"true\" href=\"#5\" title=\"We need to soften the impact.\" data-toggle=\"popover\" data-placement=\"top\" data-trigger=\"hover\" style=\"text-decoration: none, color:white\" data-content=\"du kannst das Eigenschaftswort 'soft' in ein Verb verwandeln, indem du das Suffix '-en' anh\u00e4ngst; 'soft' \u2794 'soften'\">Tipp<\/a><\/div>\r\n<\/div>\r\n<b><span class=\"number\">\u277b<\/span><\/b>They want to <input type=\"text\" class=\"form-control\" id=\"q5\" autocomplete=\"off\"><b><i>(integration)<\/i><\/b> a new software.\r\n<div class=\"row\">\r\n<div>\r\n<p id=\"correct5\" align=\"left\"><\/p>\r\n\r\n<\/div>\r\n<div>\r\n<a button=\"\" class=\"btn btn-success tipp5 hidden\" aria-hidden=\"true\" href=\"#6\" title=\"...integrate a new software.\" data-toggle=\"popover\" data-placement=\"top\" data-trigger=\"hover\" style=\"text-decoration: none, color:white\" data-content=\"du kannst das Hauptwort 'itegration' in ein Verb verwandeln, indem du das Suffix auf '-ate' \u00e4nderst; 'integration' \u2794 'integrate'\">Tipp<\/a><\/div>\r\n<\/div>\r\n<b><span class=\"number\">\u277c<\/span><\/b>We need to <input type=\"text\" class=\"form-control\" id=\"q6\" autocomplete=\"off\"><b><i>(intensity)<\/i><\/b> the user experience.\r\n<div class=\"row\">\r\n<div>\r\n<p id=\"correct6\" align=\"left\"><\/p>\r\n\r\n<\/div>\r\n<div>\r\n<a button=\"\" class=\"btn btn-success tipp6 hidden\" aria-hidden=\"true\" href=\"#7\" title=\"We need to intensify...\" data-toggle=\"popover\" data-placement=\"top\" data-trigger=\"hover\" style=\"text-decoration: none, color:white\" data-content=\"du kannst das Hauptwort 'intensity' in ein Verb verwandeln, indem du das Suffix auf '-ify' \u00e4nderst; intensity' \u2794 'intensify' ('ebenso')\">Tipp<\/a><\/div>\r\n<\/div>\r\n<b><span class=\"number\">\u277d<\/span><\/b>You will have to  <input type=\"text\" class=\"form-control\" id=\"q7\" autocomplete=\"off\"><b><i>(apology)<\/i><\/b> for your behavior.\r\n<div class=\"row\">\r\n<div>\r\n<p id=\"correct7\" align=\"left\"><\/p>\r\n \r\n<\/div>\r\n<div>\r\n<a button=\"\" class=\"btn btn-success tipp7 hidden\" href=\"#8\" title=\"You will have to apologize...\" data-toggle=\"popover\" data-placement=\"top\" data-trigger=\"hover\" style=\"text-decoration: none, color:white\" data-content=\"du kannst das Hauptwort 'apology' in ein Verb verwandeln, indem du das Suffix auf '-ize' \u00e4nderst; 'apology' \u2794 'apologize'\">Tipp<\/a><\/div>\r\n<\/div>\r\n<b><span class=\"number\">\u277e<\/span><\/b>Women need to <input type=\"text\" class=\"form-control\" id=\"q8\" autocomplete=\"off\"><b><i>(emancipation)<\/i><\/b> more in our society.\r\n<div class=\"row\">\r\n<div>\r\n<p id=\"correct8\" align=\"left\"><\/p>\r\n\r\n<\/div>\r\n<div>\r\n<a button=\"\" class=\"btn btn-success tipp8 hidden\" href=\"#9\" title=\"...need to emancipate more.\" data-toggle=\"popover\" data-placement=\"top\" data-trigger=\"hover\" style=\"text-decoration: none, color:white\" data-content=\"du kannst Hauptwort 'emancipation' in ein Verb verwandeln, indem du das Suffix auf '-ate' \u00e4nderst; 'emancipation' \u2794 'emancipate'\">Tipp<\/a><\/div>\r\n<\/div>\r\n<b><span class=\"number\">\u277f<\/span><\/b>We need to   <input type=\"text\" class=\"form-control\" id=\"q9\" autocomplete=\"off\"><b><i>(strength)<\/i><\/b> our support.\r\n<div class=\"row\">\r\n<div>\r\n<p id=\"correct9\" align=\"left\"><\/p>\r\n\r\n<\/div>\r\n<div>\r\n<a button=\"\" class=\"btn btn-success tipp9 hidden\" href=\"#10\" title=\"...strengthen our support.\" data-toggle=\"popover\" data-placement=\"top\" data-trigger=\"hover\" style=\"text-decoration: none, color:white\" data-content=\"du kannst das Hauptwort 'strength' in ein Verb verwandeln, indem du das Suffix '-en' anh\u00e4ngst; 'strength' \u2794 'strengthen'\">Tipp<\/a><\/div>\r\n<\/div>\r\n<div class=\"container\">\r\n<!-- The Modal -->\r\n<div id=\"myModal\" class=\"modal\">\r\n<div class=\"modal-dialog\">\r\n<div class=\"modal-content\">\r\n\r\n<!-- Modal Header -->\r\n<div class=\"modal-header\">\r\n<h4 class=\"modal-title\">Suffixe &#8211; Anh\u00e4ngsel &#8211; Verben &#8211; Englisch<\/h4>\r\n<button class=\"close\" type=\"button\" data-dismiss=\"modal\">\u00d7<\/button>\r\n\r\n<\/div>\r\n<!-- Modal body -->\r\n<div class=\"modal-body\"><table class=\"table table-bordered table-sm table-hover\">\r\n<thead>\r\n<tr class=\"table-danger\">\r\n<th colspan=\"2\">Suffixe &#8211; Anh\u00e4ngsel &#8211; Verben &#8211; Englisch<\/th>\r\n<\/tr>\r\n<\/thead>\r\n<tbody>\r\n<tr class=\"table-success\">\r\n<td colspan='2'><b>genau wie in anderen Sprachen, kann man auch im Englischen durch das Anh\u00e4ngen oder Ab\u00e4ndern durch &#8218;Suffixe&#8216; aus einem Hauptwort oder Eigenschaftswort oder Verb machen:<\/b><\/td>\r\n\r\n<\/tr>\r\n\r\n<tr class=\"table-primary\">\r\n<td><b>Suffix<\/b><\/td>\r\n<td><b>Beispiele<\/b><\/td><\/tr>\r\n<tr class=\"table-info\"><td><b><i class=\"text-danger\"> -ate<\/i><\/b><\/td>\r\n<td><b><i class=\"text-danger\">facilitate, dominate, rotate<\/i><\/b><\/td>\r\n<\/tr>\r\n<tr class=\"table-info\">\r\n<td><b><i class=\"text-danger\"> -en (ve\u00e4ndert den Zustand einer Materie)<\/i> <\/b><\/td>\r\n<td><b><i class=\"text-danger\"> lengthen, widen, harden <\/i> <\/b><\/td>\r\n<\/tr>\r\n<tr class=\"table-info\">\r\n<td><b><i class=\"text-danger\"> -ize(US)\/ise(GB) <\/i> <\/b><\/td>\r\n<td><b><i class=\"text-danger\"> harmonize, brualize, apologize<\/i> <\/b><\/td>\r\n<\/tr>\r\n<tr class=\"table-info\">\r\n<td><b><i class=\"text-danger\"> -ify (ve\u00e4ndert den Zustand einer Materie) <\/i> <\/b><\/td>\r\n<td><b><i class=\"text-danger\"> beautify, solidify, identify<\/i> <\/b><\/td>\r\n<\/tr>\r\n<\/tbody>\r\n<\/table>\r\n<\/div>\r\n<!-- Modal footer -->\r\n<div class=\"modal-footer\"><button class=\"btn btn-danger\" type=\"button\" data-dismiss=\"modal\">Close<\/button><\/div>\r\n<\/div>\r\n<\/div>\r\n<\/div>\r\n<\/div>\r\n<\/div>\r\n<\/div>\r\n<div class=\"container\">\r\n\r\n<hr>\r\n\r\n<button id=\"submitButton\" class=\"btn-lg btn-primary \" type=\"submit\" value=\"submit\">Pr\u00fcfen<\/button><button id=\"resetButton\" class=\"btn-lg btn-success\" type=\"submit\" onclick=\"refreshPage()\">Neustart<\/button><button id=\"submitButton\" class=\"btn-lg btn-info\" type=\"button\" value=\"submit\" data-toggle=\"modal\" data-target=\"#myModal\">Tipp<\/button>\r\n\r\n<hr>\r\n\r\n\r\n<p id=\"result\"><\/p>\r\n<p id=\"result2\"><\/p>\r\n<b><\/b>\r\n<h3> Alle \u00dcbungen zum Thema &#8211; Endungen &#8211; Suffixe &#8211; Englisch:<\/h3>\r\n<hr>\r\n<div id=\"bellows-main-62\" class=\"bellows bellows-nojs bellows-main bellows-source-menu bellows-align-full bellows-skin-vanilla bellows-type-\"><ul id=\"menu-suffixe\" class=\"bellows-nav\" data-bellows-config=\"main\"><li id=\"menu-item-7534\" class=\"bellows-menu-item bellows-menu-item-type-post_type bellows-menu-item-object-page bellows-menu-item-7534 bellows-item-level-0\"><a  href=\"https:\/\/english-munich.de\/training\/endungen-suffixe-substantive\/\" class=\"bellows-target\"><span class=\"bellows-target-title bellows-target-text\">\u2611\ufe0fEndungen \u2013 Suffixe &#8211; Substantiv<\/span><\/a><\/li>\n<li id=\"menu-item-7535\" class=\"bellows-menu-item bellows-menu-item-type-post_type bellows-menu-item-object-page bellows-menu-item-7535 bellows-item-level-0\"><a  href=\"https:\/\/english-munich.de\/training\/endungen-suffixe-hauptwoerter\/\" class=\"bellows-target\"><span class=\"bellows-target-title bellows-target-text\">\u2611\ufe0fEndungen \u2013 Suffixe &#8211; Substantiv<\/span><\/a><\/li>\n<li id=\"menu-item-7533\" class=\"bellows-menu-item bellows-menu-item-type-post_type bellows-menu-item-object-page bellows-menu-item-7533 bellows-item-level-0\"><a  href=\"https:\/\/english-munich.de\/training\/suffixe-endungen-substantive\/\" class=\"bellows-target\"><span class=\"bellows-target-title bellows-target-text\">\u270d\ufe0fEndungen \u2013 Suffixe &#8211; Substantiv<\/span><\/a><\/li>\n<li id=\"menu-item-7579\" class=\"bellows-menu-item bellows-menu-item-type-post_type bellows-menu-item-object-page bellows-menu-item-7579 bellows-item-level-0\"><a  href=\"https:\/\/english-munich.de\/training\/endungen-suffixe-eigenschaftswort\/\" class=\"bellows-target\"><span class=\"bellows-target-title bellows-target-text\">\u2611\ufe0fEndungen \u2013 Suffixe \u2013 Adjektiv<\/span><\/a><\/li>\n<li id=\"menu-item-7602\" class=\"bellows-menu-item bellows-menu-item-type-post_type bellows-menu-item-object-page bellows-menu-item-7602 bellows-item-level-0\"><a  href=\"https:\/\/english-munich.de\/training\/endungen-suffixe-eigenschaftswort-2\/\" class=\"bellows-target\"><span class=\"bellows-target-title bellows-target-text\">\u2611\ufe0fEndungen \u2013 Suffixe &#8211; Adjektiv<\/span><\/a><\/li>\n<li id=\"menu-item-7630\" class=\"bellows-menu-item bellows-menu-item-type-post_type bellows-menu-item-object-page bellows-menu-item-7630 bellows-item-level-0\"><a  href=\"https:\/\/english-munich.de\/training\/suffixe-endungen-adjektive\/\" class=\"bellows-target\"><span class=\"bellows-target-title bellows-target-text\">\u270d\ufe0fEndungen &#8211; Suffixe \u2013  Adjektive<\/span><\/a><\/li>\n<li id=\"menu-item-7702\" class=\"bellows-menu-item bellows-menu-item-type-post_type bellows-menu-item-object-page bellows-menu-item-7702 bellows-item-level-0\"><a  href=\"https:\/\/english-munich.de\/training\/endungen-suffixe-eigenschaftswort-3\/\" class=\"bellows-target\"><span class=\"bellows-target-title bellows-target-text\">\u2611\ufe0fEndungen \u2013 Suffixe \u2013 Adverb<\/span><\/a><\/li>\n<li id=\"menu-item-7748\" class=\"bellows-menu-item bellows-menu-item-type-post_type bellows-menu-item-object-page bellows-menu-item-7748 bellows-item-level-0\"><a  href=\"https:\/\/english-munich.de\/training\/endungen-suffixe-adverb-englisch\/\" class=\"bellows-target\"><span class=\"bellows-target-title bellows-target-text\">\u2611\ufe0fEndungen \u2013 Suffixe \u2013 Adverb<\/span><\/a><\/li>\n<li id=\"menu-item-7778\" class=\"bellows-menu-item bellows-menu-item-type-post_type bellows-menu-item-object-page bellows-menu-item-7778 bellows-item-level-0\"><a  href=\"https:\/\/english-munich.de\/training\/suffixe-endungen-adverb\/\" class=\"bellows-target\"><span class=\"bellows-target-title bellows-target-text\">\u270d\ufe0fSuffixe \u2013 Endungen \u2013 Adverb<\/span><\/a><\/li>\n<li id=\"menu-item-7894\" class=\"bellows-menu-item bellows-menu-item-type-post_type bellows-menu-item-object-page bellows-menu-item-7894 bellows-item-level-0\"><a  href=\"https:\/\/english-munich.de\/training\/endungen-suffixe-verben-englisch\/\" class=\"bellows-target\"><span class=\"bellows-target-title bellows-target-text\">\u2611\ufe0fEndungen \u2013 Suffixe \u2013 Verben<\/span><\/a><\/li>\n<li id=\"menu-item-7927\" class=\"bellows-menu-item bellows-menu-item-type-post_type bellows-menu-item-object-page bellows-menu-item-7927 bellows-item-level-0\"><a  href=\"https:\/\/english-munich.de\/training\/endungen-suffixe-verben-englisch-2\/\" class=\"bellows-target\"><span class=\"bellows-target-title bellows-target-text\">\u2611\ufe0fEndungen \u2013 Suffixe \u2013 Verben<\/span><\/a><\/li>\n<li id=\"menu-item-7951\" class=\"bellows-menu-item bellows-menu-item-type-post_type bellows-menu-item-object-page bellows-menu-item-7951 bellows-item-level-0\"><a  href=\"https:\/\/english-munich.de\/training\/suffixe-endungen-verb-englisch-uebungen\/\" class=\"bellows-target\"><span class=\"bellows-target-title bellows-target-text\">\u270d\ufe0fSuffixe \u2013 Endungen \u2013 Verben<\/span><\/a><\/li>\n<\/ul><\/div>\r\n<\/div>\r\n<\/div>","protected":false},"excerpt":{"rendered":"Suffixe beim Verb \u00dcbungen zum Thema Endungen &#8211; Suffixe von Verben Beispiel \u24ffWe need the &nbsp;(solid)&nbsp; our customer base.&nbsp;&nbsp;&nbsp;&nbsp; Die richtige L\u00f6sung ist: solidify&nbsp;&nbsp;Tipp \u270d\ufe0f F\u00fclle die richtige Form des Wortes in Klammern als Verb in die L\u00fccken. Ben\u00fctze, die Anh\u00e4ngsel (&#8218;-ize&#8216;, &#8218;-ward&#8216;,&#8216;-ate&#8216; oder &#8218;-en&#8216;), um das Wort sinnvoll zu erg\u00e4nzen. \u2776They have to (wide) [&hellip;]","protected":false},"author":3,"featured_media":0,"parent":0,"menu_order":0,"comment_status":"closed","ping_status":"closed","template":"","meta":[],"_links":{"self":[{"href":"https:\/\/english-munich.de\/training\/wp-json\/wp\/v2\/pages\/7932"}],"collection":[{"href":"https:\/\/english-munich.de\/training\/wp-json\/wp\/v2\/pages"}],"about":[{"href":"https:\/\/english-munich.de\/training\/wp-json\/wp\/v2\/types\/page"}],"author":[{"embeddable":true,"href":"https:\/\/english-munich.de\/training\/wp-json\/wp\/v2\/users\/3"}],"replies":[{"embeddable":true,"href":"https:\/\/english-munich.de\/training\/wp-json\/wp\/v2\/comments?post=7932"}],"version-history":[{"count":16,"href":"https:\/\/english-munich.de\/training\/wp-json\/wp\/v2\/pages\/7932\/revisions"}],"predecessor-version":[{"id":9757,"href":"https:\/\/english-munich.de\/training\/wp-json\/wp\/v2\/pages\/7932\/revisions\/9757"}],"wp:attachment":[{"href":"https:\/\/english-munich.de\/training\/wp-json\/wp\/v2\/media?parent=7932"}],"curies":[{"name":"wp","href":"https:\/\/api.w.org\/{rel}","templated":true}]}}