{"id":7879,"date":"2021-03-14T17:02:48","date_gmt":"2021-03-14T17:02:48","guid":{"rendered":"https:\/\/english-munich.de\/training\/?page_id=7879"},"modified":"2022-04-02T10:18:34","modified_gmt":"2022-04-02T10:18:34","slug":"kreuzwortraetsel-business-english-abkuerzungen","status":"publish","type":"page","link":"https:\/\/english-munich.de\/training\/kreuzwortraetsel-business-english-abkuerzungen\/","title":{"rendered":"Kreuzwortr\u00e4tsel &#8211; Business English &#8211; Abk\u00fcrzungen"},"content":{"rendered":"<h2>Kreuzwortr\u00e4tsel Business English<\/h2> finde den richtigen Business Englisch Begriff, der der Abk\u00fcrzung enspricht, und f\u00fclle ihn in das R\u00e4tsel:<div class=\"game-container container well\"><div class=\"game-wrapper\"><div class=\"game-details\" data-game-details><div class=\"stopwatch\" data-stopwatch>00:00:00<\/div><div class=\"hints\">Tipps: <span class='hint-nr' data-hints>0<\/span><\/div> <button class=\"button\" disabled data-hint-button><i class=\"fas fa-eye\"><\/i>&nbsp;Tipp<\/button><\/div><div class=\"game-grid\" data-grid><\/div><div class=\"game-controls\"> <button class=\"button\" data-reset><i class=\"fas fa-redo\"><\/i>&nbsp; Reset<\/button> <a href=\"https:\/\/english-munich.de\/training\/kreuzwortraetsel-unregelmaessige-verben-simple-past\/\" class=\"button\"><i class=\"fas fa-arrow-right\"><\/i>&nbsp; Next&nbsp;Game<\/a><\/div><\/div><div class=\"questions-container\"><h2 class=\"question-title\">senkrecht<\/h2><ul class=\"question-list\" data-questions-vertical><\/ul><h2 class=\"question-title\">waagrecht<\/h2><ul class=\"question-list\" data-questions-horizontal><\/ul><\/div><\/div>","protected":false},"excerpt":{"rendered":"Kreuzwortr\u00e4tsel Business English finde den richtigen Business Englisch Begriff, der der Abk\u00fcrzung enspricht, und f\u00fclle ihn in das R\u00e4tsel:00:00:00Tipps: 0 &nbsp;Tipp &nbsp; Reset &nbsp; Next&nbsp;Gamesenkrechtwaagrecht","protected":false},"author":3,"featured_media":0,"parent":0,"menu_order":0,"comment_status":"closed","ping_status":"closed","template":"","meta":[],"_links":{"self":[{"href":"https:\/\/english-munich.de\/training\/wp-json\/wp\/v2\/pages\/7879"}],"collection":[{"href":"https:\/\/english-munich.de\/training\/wp-json\/wp\/v2\/pages"}],"about":[{"href":"https:\/\/english-munich.de\/training\/wp-json\/wp\/v2\/types\/page"}],"author":[{"embeddable":true,"href":"https:\/\/english-munich.de\/training\/wp-json\/wp\/v2\/users\/3"}],"replies":[{"embeddable":true,"href":"https:\/\/english-munich.de\/training\/wp-json\/wp\/v2\/comments?post=7879"}],"version-history":[{"count":2,"href":"https:\/\/english-munich.de\/training\/wp-json\/wp\/v2\/pages\/7879\/revisions"}],"predecessor-version":[{"id":11373,"href":"https:\/\/english-munich.de\/training\/wp-json\/wp\/v2\/pages\/7879\/revisions\/11373"}],"wp:attachment":[{"href":"https:\/\/english-munich.de\/training\/wp-json\/wp\/v2\/media?parent=7879"}],"curies":[{"name":"wp","href":"https:\/\/api.w.org\/{rel}","templated":true}]}}