{"id":762,"date":"2020-05-04T08:57:37","date_gmt":"2020-05-04T08:57:37","guid":{"rendered":"https:\/\/english-munich.de\/training\/?page_id=762"},"modified":"2022-04-25T20:14:40","modified_gmt":"2022-04-25T20:14:40","slug":"simple-present-aufgaben-frage","status":"publish","type":"page","link":"https:\/\/english-munich.de\/training\/simple-present-aufgaben-frage\/","title":{"rendered":"Simple Present Aufgaben Frage"},"content":{"rendered":"<div class=\"jumbotron text-center\">\r\n<h2>Simple Present \u00dcbungen<\/h2>\r\nSimple Present Aufgaben Frage\r\n\r\n<\/div>\r\n<div class=\"bs-example\">\r\n<div id=\"accordionExample\" class=\"accordion\">\r\n<div class=\"card\">\r\n<div id=\"headingOne\" class=\"card-header\">\r\n<h2 class=\"mb-0\" style=\"color: #000;\"><button class=\"btn btn-link collapsed\" type=\"button\" data-toggle=\"collapse\" data-target=\"#collapseOne\">Beispiel<\/button><\/h2>\r\n<\/div>\r\n<div id=\"collapseOne\" class=\"collapse\" aria-labelledby=\"headingOne\" data-parent=\"#accordionExample\">\r\n<div class=\"card-body\">\r\n<div class=\"form-group\" style=\"width: 70%; margin: 10px;\"><label for=\"sel1\">\r\n<div class=\"row\">\r\n    <span class=\"number\">\u24ff<\/span>  <input type=\"text\" id=\"example\" value=\"do\" class=\"form-control\" disabled=\"true\">\r\n<p class=\"text\">you<\/p>\r\n        <input type=\"text\" id=\"example1\" class=\"form-control\" autocomplete=\"off\" disabled=\"true\" value=\"love\">\r\n<p class=\"text\"><i><b>(love)<\/b><\/i>&nbsp; lemonade?<\/p>\r\n\r\n<\/div>\r\n<div>\r\n<p class=\"text\"><i>die richtige L\u00f6sung ist: <b>Do you love lemonade?<\/b><\/i>&nbsp;&nbsp;<div><button id=\"submitButton\" class=\"btn-lg btn-info\" type=\"button\" value=\"submit\" data-toggle=\"modal\" data-target=\"#myModal\">Tipp<\/button><\/p><\/div>\r\n\r\n<\/div>\r\n<\/label><\/div>\r\n<\/div>\r\n<\/div>\r\n<\/div>\r\n<\/div>\r\n<\/div>\r\n<br \/><br \/>\r\n<div class=\"container well\">\r\n<h4>\u270d\ufe0fF\u00fclle die Verben in Klammern in der richtigen Form der Frage im <i>Simple Present (einfache Gegenwart)<\/i> in die L\u00fccken:<\/h4>\r\n\r\n<hr>\r\n\r\n<br \/>\r\n<div class=\"container\">\r\n<div class=\"row\"> \r\n    <span class=\"number\">\u2776<\/span> <input type=\"text\" id=\"q0\" class=\"form-control\" autocomplete=\"off\">\r\n<p id=\"t0\" class=\"text\">you<\/p>\r\n        <input type=\"text\" id=\"q1\" class=\"form-control\" autocomplete=\"off\">\r\n<p id=\"t1\" class=\"text\"><i><b>(like)<\/b><\/i>&nbsp; football?<\/p>\r\n\r\n<\/div>\r\n<div class=\"row\">\r\n<div>\r\n<p id=\"antwort0\"><\/p>\r\n\r\n<\/div>\r\n<div><a button=\"\" class=\"btn btn-success btn-sm tipp0 hidden\" href=\"#0\" title=\"Do you like football?\" data-toggle=\"popover\" data-placement=\"top\" data-trigger=\"hover\" data-content=\"'you' ist (2.Person Einzahl), \r\n           deswegen 'do'.\">Tipp<\/a><\/div>\r\n<\/div>\r\n<div class=\"row\">\r\n        <span class=\"number\">\u2777<\/span>   <input type=\"text\" id=\"q2\" class=\"form-control\" autocomplete=\"off\">\r\n<p id=\"t2\" class=\"text\">Bob only<\/p>\r\n        <input type=\"text\" id=\"q3\" class=\"form-control\" autocomplete=\"off\">\r\n<p id=\"t3\" class=\"text\"><i><b>(drink)<\/b><\/i>&nbsp; milk?<\/p>\r\n\r\n<\/div>\r\n<div class=\"row\">\r\n<div>\r\n<p id=\"antwort2\"><\/p>\r\n\r\n<\/div>\r\n<div><a button=\"\" class=\"btn btn-success btn-sm tipp2 hidden\" href=\"#1\" title=\"Does Bob only drink milk?\" data-toggle=\"popover\" data-placement=\"top\" data-trigger=\"hover\" data-content=\"'Bobby' ist 'he' (3.Person Einzahl), \r\n    deswegen 'does'.He\/she\/it das 's' muss mit. Kein 's' am Ende des Hauptverbes. \r\n    Die 3. Person Einzahl ist mit does schon ausreichend definiert!\">Tipp<\/a><\/div>\r\n<\/div>\r\n<div class=\"row\">\r\n        <span class=\"number\">\u2778<\/span><input type=\"text\" id=\"q4\" class=\"form-control\" autocomplete=\"off\">\r\n<p id=\"t4\" class=\"text\">we<\/p>\r\n        <input type=\"text\" id=\"q5\" class=\"form-control\" autocomplete=\"off\">\r\n<p id=\"t5\" class=\"text\"><i><b>(know)<\/b><\/i>&nbsp; him?<\/p>\r\n\r\n<\/div>\r\n<div class=\"row\">\r\n<div>\r\n<p id=\"antwort4\"><\/p>\r\n\r\n<\/div>\r\n<div><a button=\"\" class=\"btn btn-success btn-sm tipp4 hidden\" href=\"#\" title=\"Do we know...?\" data-toggle=\"popover\" data-placement=\"top\" data-trigger=\"hover\" data-content=\"'we' ist (1.Person Mehrzahl), \r\n    deswegen 'do'.\">Tipp<\/a><\/div>\r\n<\/div>\r\n<div class=\"row\">\r\n        <span class=\"number\">\u2779<\/span><input type=\"text\" id=\"q6\" class=\"form-control\" autocomplete=\"off\">\r\n<p id=\"t6\" class=\"text\">they often<\/p>\r\n        <input type=\"text\" id=\"q7\" class=\"form-control\" autocomplete=\"off\">\r\n<p id=\"t7\" class=\"text\"><i><b>(eat)<\/b><\/i>&nbsp; salad?<\/p>\r\n\r\n<\/div>\r\n<div class=\"row\">\r\n<div>\r\n<p id=\"antwort6\"><\/p>\r\n\r\n<\/div>\r\n<div><a button=\"\" class=\"btn btn-success btn-sm tipp6 hidden\" href=\"#\" title=\"Do they often eat...?\" data-toggle=\"popover\" data-placement=\"top\" data-trigger=\"hover\" data-content=\"'they' ist (2.Person Mehrzahl), \r\n    deswegen 'do'.\">Tipp<\/a><\/div>\r\n<\/div>\r\n<div class=\"row\">\r\n        <span class=\"number\">\u277a<\/span><input type=\"text\" id=\"q8\" class=\"form-control\" autocomplete=\"off\">\r\n<p id=\"t8\" class=\"text\">Susan<\/p>\r\n        <input type=\"text\" id=\"q9\" class=\"form-control\" autocomplete=\"off\">\r\n<p id=\"t9\" class=\"text\"><i><b>(read)<\/b><\/i>&nbsp; books?<\/p>\r\n\r\n<\/div>\r\n<div class=\"row\">\r\n<div>\r\n<p id=\"antwort8\"><\/p>\r\n\r\n<\/div>\r\n<div><a button=\"\" class=\"btn btn-success btn-sm tipp8 hidden\" href=\"#\" title=\"Does Susan never...?\" data-toggle=\"popover\" data-placement=\"top\" data-trigger=\"hover\" data-content=\"'Susan' ist 'she' (3.Person Einzahl), \r\n    deswegen 'does'.He\/she\/it das 's' muss mit. Kein 's' am Ende des Hauptverbes. \r\n    Die 3. Person Einzahl ist mit does schon ausreichend definiert!\">Tipp<\/a><\/div>\r\n<\/div>\r\n<div class=\"row\">\r\n        <span class=\"number\">\u277b<\/span><input type=\"text\" id=\"q10\" class=\"form-control\" autocomplete=\"off\">\r\n<p id=\"t10\" class=\"text\">I<\/p>\r\n        <input type=\"text\" id=\"q11\" class=\"form-control\" autocomplete=\"off\">\r\n<p id=\"t11\" class=\"text\"><i><b>(get)<\/b><\/i>&nbsp; you right?<\/p>\r\n\r\n<\/div>\r\n<div class=\"row\">\r\n<div>\r\n<p id=\"antwort10\"><\/p>\r\n\r\n<\/div>\r\n<div><a button=\"\" class=\"btn btn-success btn-sm tipp10 hidden\" href=\"#\" title=\"Do I get you right?\" data-toggle=\"popover\" data-placement=\"top\" data-trigger=\"hover\" data-content=\"'I' ist (1.Person Einzahl), \r\n    deswegen 'do'.\">Tipp<\/a><\/div>\r\n<\/div>\r\n<div class=\"row\">\r\n        <span class=\"number\">\u277c<\/span><input type=\"text\" id=\"q12\" class=\"form-control\" autocomplete=\"off\">\r\n<p id=\"t12\" class=\"text\">it<\/p>\r\n        <input type=\"text\" id=\"q13\" class=\"form-control\" autocomplete=\"off\">\r\n<p id=\"t13\" class=\"text\"><i><b>(hurt)<\/b><\/i>&nbsp; badly?<\/p>\r\n\r\n<\/div>\r\n<div class=\"row\">\r\n<div>\r\n<p id=\"antwort12\"><\/p>\r\n\r\n<\/div>\r\n<div><a button=\"\" class=\"btn btn-success btn-sm tipp12 hidden\" href=\"#\" title=\"Does it hurt badly?\" data-toggle=\"popover\" data-placement=\"top\" data-trigger=\"hover\" data-content=\"'it' ist (3.Person Einzahl), \r\n    deswegen 'does'.He\/she\/it das 's' muss mit. Kein 's' am Ende des Hauptverbes. \r\n    Die 3. Person Einzahl ist mit does schon ausreichend definiert!\">Tipp<\/a><\/div>\r\n<\/div>\r\n<div class=\"row\">\r\n        <span class=\"number\">\u277d<\/span><input type=\"text\" id=\"q14\" class=\"form-control\" autocomplete=\"off\">\r\n<p id=\"t14\" class=\"text\">you<\/p>\r\n        <input type=\"text\" id=\"q15\" class=\"form-control\" autocomplete=\"off\">\r\n<p id=\"t15\" class=\"text\"><i><b>(like)<\/b><\/i>&nbsp; school?<\/p>\r\n\r\n<\/div>\r\n<div class=\"row\">\r\n<div>\r\n<p id=\"antwort14\"><\/p>\r\n\r\n<\/div>\r\n<div><a button=\"\" class=\"btn btn-success btn-sm tipp14 hidden\" href=\"#\" title=\"Do you like school?\" data-toggle=\"popover\" data-placement=\"top\" data-trigger=\"hover\" data-content=\"'you' ist (2.Person Einzahl), \r\n    deswegen 'do'.\">Tipp<\/a><\/div>\r\n<\/div>\r\n<div class=\"row\">\r\n        <span class=\"number\">\u277e<\/span><input type=\"text\" id=\"q16\" class=\"form-control\" autocomplete=\"off\">\r\n<p id=\"t16\" class=\"text\">she<\/p>\r\n        <input type=\"text\" id=\"q17\" class=\"form-control\" autocomplete=\"off\">\r\n<p id=\"t17\" class=\"text\"><i><b>(live)<\/b><\/i>&nbsp; here?<\/p>\r\n\r\n<\/div>\r\n<div class=\"row\">\r\n<div>\r\n<p id=\"antwort16\"><\/p>\r\n\r\n<\/div>\r\n<div><a button=\"\" class=\"btn btn-success btn-sm tipp16 hidden\" href=\"#\" title=\"Does she live here?\" data-toggle=\"popover\" data-placement=\"top\" data-trigger=\"hover\" data-content=\"'it' ist (3.Person Einzahl), \r\n    deswegen 'does'.He\/she\/it das 's' muss mit. Kein 's' am Ende des Hauptverbes. \r\n    Die 3. Person Einzahl ist mit does schon ausreichend definiert!\">Tipp<\/a><\/div>\r\n<\/div>\r\n<div class=\"row\">\r\n        <span class=\"number\">\u277f<\/span><input type=\"text\" id=\"q18\" class=\"form-control\" autocomplete=\"off\">\r\n<p id=\"t18\" class=\"text\">you<\/p>\r\n        <input type=\"text\" id=\"q19\" class=\"form-control\" autocomplete=\"off\">\r\n<p id=\"t19\" class=\"text\"><i><b>(want)<\/b><\/i>&nbsp; more?<\/p>\r\n\r\n<\/div>\r\n<div class=\"row\">\r\n<div>\r\n<p id=\"antwort18\"><\/p>\r\n\r\n<\/div>\r\n<div><a button=\"\" class=\"btn btn-success btn-sm tipp18 hidden\" href=\"#\" title=\"Do you want more?\" data-toggle=\"popover\" data-placement=\"top\" data-trigger=\"hover\" data-content=\"'you' ist (2.Person Einzahl), \r\n    deswegen 'do'.\">Tipp<\/a><\/div>\r\n<\/div>\r\n<div><\/div>\r\n<\/div>\r\n<\/div>\r\n<!-- The Modal -->\r\n<div id=\"myModal\" class=\"modal\">\r\n<div class=\"modal-dialog\">\r\n<div class=\"modal-content\">\r\n\r\n<!-- Modal Header -->\r\n<div class=\"modal-header\">\r\n<h4 class=\"modal-title\">Simple Present Aufgaben<\/h4>\r\n<button class=\"close\" type=\"button\" data-dismiss=\"modal\">\u00d7<\/button>\r\n\r\n<\/div>\r\n<!-- Modal body -->\r\n<div class=\"modal-body\">Simple Present Aufgaben und Erkl\u00e4rungen: Das Simple Present wird im <a href=\"https:\/\/de.wikipedia.org\/wiki\/Englische_Sprache\">Englischen<\/a> benutzt, wenn eine Handlung regelm\u00e4\u00dfig, als Gewohnheit oder als Teil einer Routine abl\u00e4uft. Au\u00dferdem muss diese Aktion mehr als einmal ablaufen. Denn ist ein Verb im Simple Present, bedeutet das, dass Handlungen wiederkehrend vorkommen. Weiterhin kommt das Simple Present zum Einsatz, wenn man \u00fcber Hobbies redet oder schreibt. Schlie\u00dflich werden Handlungen, die ein Hobby betreffen auch mehrfach ausgef\u00fchrt. Dasselbe gilt f\u00fcr Aktionen die berufliche T\u00e4tigkeiten beschreiben. Denn auch berufsbedingte T\u00e4tigkeiten werden meist wiederkehrend oder regelm\u00e4\u00dfig durchgef\u00fchrt. Au\u00dferdem musst Du auf die Signalw\u00f6rter achten. In diesem Zusammenhang sind die am meisten vorkommenden W\u00f6rter: <i>often, sometimes, never, usually, ever, mostly<\/i> etc. Wenn Dir ein solches Wort in einem Satz begegnet ist das ein sicheres Zeichen, dass Du das Simple Present verwenden musst! Darin liegt auch der Unterschied zum Present Progressive. Denn dieses wird nur verwendet, wenn etwas gerade im Moment passiert. Oder es geschieht etwas ausnahmsweise, auch dann wird das Present Continous verwendet.<img decoding=\"async\" class=\"img-responsive img-rounded\" title=\"Simple Present Aufgaben Aussagesatz\" src=\"https:\/\/english-munich.de\/training\/wp-content\/uploads\/2020\/01\/simple-present.jpg\" alt=\"Simple Present Aufgaben Frage\">\r\n<\/div>\r\n<!-- Modal footer -->\r\n<div class=\"modal-footer\"><button class=\"btn btn-danger\" type=\"button\" data-dismiss=\"modal\">Close<\/button><\/div>\r\n<\/div>\r\n<\/div>\r\n<\/div>\r\n<div class=\"container\">\r\n\r\n<hr>\r\n\r\n<button id=\"test\" class=\"btn-lg btn-primary \" type=\"submit\" value=\"submit\">Pr\u00fcfen<\/button><button id=\"resetButton\" class=\"btn-lg btn-success\" type=\"submit\" onclick=\"refreshPage()\">Neustart<\/button><button id=\"submitButton\" class=\"btn-lg btn-info\" type=\"button\" value=\"submit\" data-toggle=\"modal\" data-target=\"#myModal\">Tipp<\/button>\r\n\r\n<hr>\r\n\r\n\r\n\r\n<p id=\"result\"><\/p>\r\n<p id=\"result2\"><\/p>\r\n<br \/>\r\n<a href=\"https:\/\/english-munich.de\/training\/wp-content\/uploads\/2022\/04\/Arbeitsblatt-simple-present-Frage.pdf\">Arbeitsblatt Simple Present Frage <i class=\"fa fa-download\" aria-hidden=\"true\"><\/i><\/a> <br \/><br \/>\r\n<h3>Alle \u00dcbungen im Simple Present<\/h3>\r\n<div id=\"bellows-main-14\" class=\"bellows bellows-nojs bellows-main bellows-source-menu bellows-align-full bellows-skin-vanilla bellows-type-\"><ul id=\"menu-simple-present\" class=\"bellows-nav\" data-bellows-config=\"main\"><li id=\"menu-item-3646\" class=\"bellows-menu-item bellows-menu-item-type-post_type bellows-menu-item-object-page bellows-menu-item-3646 bellows-item-level-0\"><a  href=\"https:\/\/english-munich.de\/training\/simple-present-bejahte-aussagesatze\/\" class=\"bellows-target\"><span class=\"bellows-target-title bellows-target-text\">\u270d\ufe0fSimple Present bejaht<\/span><\/a><\/li>\n<li id=\"menu-item-3647\" class=\"bellows-menu-item bellows-menu-item-type-post_type bellows-menu-item-object-page bellows-menu-item-3647 bellows-item-level-0\"><a  href=\"https:\/\/english-munich.de\/training\/simple-present-aussagesatze-bejaht\/\" class=\"bellows-target\"><span class=\"bellows-target-title bellows-target-text\">\u2611\ufe0fSimple Present verneint<\/span><\/a><\/li>\n<li id=\"menu-item-3648\" class=\"bellows-menu-item bellows-menu-item-type-post_type bellows-menu-item-object-page bellows-menu-item-3648 bellows-item-level-0\"><a  href=\"https:\/\/english-munich.de\/training\/simple-present-aufgaben-frage\/\" class=\"bellows-target\"><span class=\"bellows-target-title bellows-target-text\">\u270d\ufe0fSimple Present Frage<\/span><\/a><\/li>\n<li id=\"menu-item-3649\" class=\"bellows-menu-item bellows-menu-item-type-post_type bellows-menu-item-object-page bellows-menu-item-3649 bellows-item-level-0\"><a  href=\"https:\/\/english-munich.de\/training\/simple-present-gemischt\/\" class=\"bellows-target\"><span class=\"bellows-target-title bellows-target-text\">\ud83d\uddb1\ufe0fSimple Present gemischt<\/span><\/a><\/li>\n<li id=\"menu-item-11458\" class=\"bellows-menu-item bellows-menu-item-type-post_type bellows-menu-item-object-page bellows-menu-item-11458 bellows-item-level-0\"><a  href=\"https:\/\/english-munich.de\/training\/be-simple-present-uebungen\/\" class=\"bellows-target\"><span class=\"bellows-target-title bellows-target-text\">\u2611\ufe0fbe Simple Present<\/span><\/a><\/li>\n<li id=\"menu-item-10349\" class=\"bellows-menu-item bellows-menu-item-type-post_type bellows-menu-item-object-page bellows-menu-item-10349 bellows-item-level-0\"><a  href=\"https:\/\/english-munich.de\/training\/simple-present-3-person-einzahl-unregelmaessig\/\" class=\"bellows-target\"><span class=\"bellows-target-title bellows-target-text\">\u270d\ufe0fSimple Present unregelm\u00e4\u00dfig<\/span><\/a><\/li>\n<li id=\"menu-item-10489\" class=\"bellows-menu-item bellows-menu-item-type-post_type bellows-menu-item-object-page bellows-menu-item-10489 bellows-item-level-0\"><a  href=\"https:\/\/english-munich.de\/training\/have-got-frage-und-kurzantwort\/\" class=\"bellows-target\"><span class=\"bellows-target-title bellows-target-text\">\u270d\ufe0fHave got \u2013 Frage und Kurzantwort<\/span><\/a><\/li>\n<li id=\"menu-item-10352\" class=\"bellows-menu-item bellows-menu-item-type-post_type bellows-menu-item-object-page bellows-menu-item-10352 bellows-item-level-0\"><a  href=\"https:\/\/english-munich.de\/training\/kreuzwortraetsel-simple-present-3-person-einzahl-besonderheiten\/\" class=\"bellows-target\"><span class=\"bellows-target-title bellows-target-text\">\ud83d\udd33Kreuzwortr\u00e4tsel \u2013 simple present 3. Person Einzahl \u2013 Besonderheiten<\/span><\/a><\/li>\n<li id=\"menu-item-10480\" class=\"bellows-menu-item bellows-menu-item-type-post_type bellows-menu-item-object-page bellows-menu-item-10480 bellows-item-level-0\"><a  href=\"https:\/\/english-munich.de\/training\/simple-present-kurzantwort\/\" class=\"bellows-target\"><span class=\"bellows-target-title bellows-target-text\">\u270d\ufe0fSimple Present \u2013 Kurzantwort<\/span><\/a><\/li>\n<li id=\"menu-item-5137\" class=\"bellows-menu-item bellows-menu-item-type-post_type bellows-menu-item-object-page bellows-menu-item-5137 bellows-item-level-0\"><a  href=\"https:\/\/english-munich.de\/training\/simple-present-statische-verben\/\" class=\"bellows-target\"><span class=\"bellows-target-title bellows-target-text\">\u270d\ufe0fSimple Present \u2013 statische Verben<\/span><\/a><\/li>\n<li id=\"menu-item-5163\" class=\"bellows-menu-item bellows-menu-item-type-post_type bellows-menu-item-object-page bellows-menu-item-5163 bellows-item-level-0\"><a  href=\"https:\/\/english-munich.de\/training\/simple-present-statische-verben-ii\/\" class=\"bellows-target\"><span class=\"bellows-target-title bellows-target-text\">\u2611\ufe0fSimple Present statische Verben II<\/span><\/a><\/li>\n<li id=\"menu-item-10505\" class=\"bellows-menu-item bellows-menu-item-type-post_type bellows-menu-item-object-page bellows-menu-item-10505 bellows-item-level-0\"><a  href=\"https:\/\/english-munich.de\/training\/imperativ-englisch\/\" class=\"bellows-target\"><span class=\"bellows-target-title bellows-target-text\">\u270d\ufe0fBefehlsform \u2013 Imperativ<\/span><\/a><\/li>\n<\/ul><\/div>\r\n<\/div>","protected":false},"excerpt":{"rendered":"Simple Present \u00dcbungen Simple Present Aufgaben Frage Beispiel \u24ff you (love)&nbsp; lemonade? die richtige L\u00f6sung ist: Do you love lemonade?&nbsp;&nbsp;Tipp \u270d\ufe0fF\u00fclle die Verben in Klammern in der richtigen Form der Frage im Simple Present (einfache Gegenwart) in die L\u00fccken: \u2776 you (like)&nbsp; football? Tipp \u2777 Bob only (drink)&nbsp; milk? Tipp \u2778 we (know)&nbsp; him? Tipp [&hellip;]","protected":false},"author":3,"featured_media":0,"parent":0,"menu_order":0,"comment_status":"closed","ping_status":"closed","template":"","meta":[],"_links":{"self":[{"href":"https:\/\/english-munich.de\/training\/wp-json\/wp\/v2\/pages\/762"}],"collection":[{"href":"https:\/\/english-munich.de\/training\/wp-json\/wp\/v2\/pages"}],"about":[{"href":"https:\/\/english-munich.de\/training\/wp-json\/wp\/v2\/types\/page"}],"author":[{"embeddable":true,"href":"https:\/\/english-munich.de\/training\/wp-json\/wp\/v2\/users\/3"}],"replies":[{"embeddable":true,"href":"https:\/\/english-munich.de\/training\/wp-json\/wp\/v2\/comments?post=762"}],"version-history":[{"count":60,"href":"https:\/\/english-munich.de\/training\/wp-json\/wp\/v2\/pages\/762\/revisions"}],"predecessor-version":[{"id":11497,"href":"https:\/\/english-munich.de\/training\/wp-json\/wp\/v2\/pages\/762\/revisions\/11497"}],"wp:attachment":[{"href":"https:\/\/english-munich.de\/training\/wp-json\/wp\/v2\/media?parent=762"}],"curies":[{"name":"wp","href":"https:\/\/api.w.org\/{rel}","templated":true}]}}