{"id":7450,"date":"2021-03-08T16:01:18","date_gmt":"2021-03-08T16:01:18","guid":{"rendered":"https:\/\/english-munich.de\/training\/?page_id=7450"},"modified":"2022-04-02T10:20:38","modified_gmt":"2022-04-02T10:20:38","slug":"kreuzwortraetsel-unregelmaessige-verben-present-perfect-ii","status":"publish","type":"page","link":"https:\/\/english-munich.de\/training\/kreuzwortraetsel-unregelmaessige-verben-present-perfect-ii\/","title":{"rendered":"Kreuzwortr\u00e4tsel &#8211; unregelm\u00e4\u00dfige Verben present perfect II"},"content":{"rendered":"  <h2>Kreuzwortr\u00e4tsel unregelm\u00e4\u00dfige Verben Englisch<\/h2>\r\n  f\u00fclle die richtige Form des Verbs im <b>Present Perfect<\/b> in das R\u00e4tsel:\r\n  <div class=\"game-container container well\">\r\n    <div class=\"game-wrapper\">\r\n      <div class=\"game-details\" data-game-details>\r\n        <div class=\"stopwatch\" data-stopwatch>00:00:00<\/div>\r\n        <div class=\"hints\">Tipps: <span class='hint-nr' data-hints>0<\/span><\/div>\r\n        <button class=\"button\" disabled data-hint-button><i class=\"fas fa-eye\"><\/i>&nbsp;Tipp<\/button>\r\n      <\/div>\r\n      <div class=\"game-grid\" data-grid><\/div>\r\n      <div class=\"game-controls\">\r\n        <button class=\"button\" data-reset><i class=\"fas fa-redo\"><\/i>&nbsp; Reset<\/button>\r\n        <a href=\"https:\/\/english-munich.de\/training\/kreuzwortraetsel-unregelmaessige-verben-present-perfect-iii\/\" class=\"button\"><i class=\"fas fa-arrow-right\"><\/i>&nbsp; Next&nbsp;Game<\/a>\r\n      <\/div>\r\n    <\/div>\r\n\r\n    <div class=\"questions-container\">\r\n      <h2 class=\"question-title\">senkrecht<\/h2>\r\n      <ul class=\"question-list\" data-questions-vertical><\/ul>\r\n      <h2 class=\"question-title\">waagrecht<\/h2>\r\n      <ul class=\"question-list\" data-questions-horizontal><\/ul>\r\n    <\/div>\r\n  <\/div>\r\n\r\n ","protected":false},"excerpt":{"rendered":"Kreuzwortr\u00e4tsel unregelm\u00e4\u00dfige Verben Englisch f\u00fclle die richtige Form des Verbs im Present Perfect in das R\u00e4tsel: 00:00:00 Tipps: 0 &nbsp;Tipp &nbsp; Reset &nbsp; Next&nbsp;Game senkrecht waagrecht","protected":false},"author":3,"featured_media":0,"parent":0,"menu_order":0,"comment_status":"closed","ping_status":"closed","template":"","meta":[],"_links":{"self":[{"href":"https:\/\/english-munich.de\/training\/wp-json\/wp\/v2\/pages\/7450"}],"collection":[{"href":"https:\/\/english-munich.de\/training\/wp-json\/wp\/v2\/pages"}],"about":[{"href":"https:\/\/english-munich.de\/training\/wp-json\/wp\/v2\/types\/page"}],"author":[{"embeddable":true,"href":"https:\/\/english-munich.de\/training\/wp-json\/wp\/v2\/users\/3"}],"replies":[{"embeddable":true,"href":"https:\/\/english-munich.de\/training\/wp-json\/wp\/v2\/comments?post=7450"}],"version-history":[{"count":3,"href":"https:\/\/english-munich.de\/training\/wp-json\/wp\/v2\/pages\/7450\/revisions"}],"predecessor-version":[{"id":11377,"href":"https:\/\/english-munich.de\/training\/wp-json\/wp\/v2\/pages\/7450\/revisions\/11377"}],"wp:attachment":[{"href":"https:\/\/english-munich.de\/training\/wp-json\/wp\/v2\/media?parent=7450"}],"curies":[{"name":"wp","href":"https:\/\/api.w.org\/{rel}","templated":true}]}}