{"id":7350,"date":"2021-03-07T18:33:27","date_gmt":"2021-03-07T18:33:27","guid":{"rendered":"https:\/\/english-munich.de\/training\/?page_id=7350"},"modified":"2021-07-27T07:29:15","modified_gmt":"2021-07-27T07:29:15","slug":"mehrzahlwoerter-einzahlwoerter-englisch-2","status":"publish","type":"page","link":"https:\/\/english-munich.de\/training\/mehrzahlwoerter-einzahlwoerter-englisch-2\/","title":{"rendered":"Mehrzahlw\u00f6rter &#8211; Einzahlw\u00f6rter &#8211; Englisch"},"content":{"rendered":"<div class=\"jumbotron text-center\">\r\n<h2>Mehrzahlw\u00f6rter Einzahlw\u00f6rter Englisch Aufgaben<\/h2>\r\nMehrzahlw\u00f6rter Einzahlw\u00f6rter Aufgaben\r\n\r\n<\/div>\r\n<div class=\"bs-example\">\r\n<div class=\"accordion\" id=\"accordionExample\">\r\n<div class=\"card\">\r\n<div class=\"card-header\" id=\"headingOne\">\r\n<h2 class=\"mb-0\" style=\"color:#000\">\r\n                    <button type=\"button\" class=\"btn btn-link collapsed\" data-toggle=\"collapse\" data-target=\"#collapseOne\">Beispiel<\/button><\/h2>\r\n<\/div>\r\n<div id=\"collapseOne\" class=\"collapse\" aria-labelledby=\"headingOne\" data-parent=\"#accordionExample\">\r\n<div class=\"card-body\">\r\n<div class=\"form\">\r\n\r\n<b><span class=\"number\">\u24ff<\/span><\/b>John doesn&#8217;t need unwanted <input type=\"text\" class=\"form-control\" id=\"panel-beispiel\" disabled=\"\" value=\"advice\"> <b><i>&nbsp;(Ratschl\u00e4ge)&nbsp;<\/i><\/b>.\r\n<br \/>\r\nDie richtige L\u00f6sung ist: <b>advice<\/b>&nbsp;&nbsp;<button class=\"btn-lg btn-info\" type=\"button\" data-toggle=\"modal\" data-target=\"#myModal\">Tipp<\/button>\r\n\r\n<\/div>\r\n<\/div>\r\n<\/div>\r\n<\/div>\r\n<\/div>\r\n<br \/><br \/>\r\n<div class=\"container well\">\r\n<h4>\u270d\ufe0f \u00dcbersetze das Wort in Klammern und f\u00fclle es in die L\u00fccke. Achte darauf, ob das Wort in Englisch in der <b>Einzahl<\/b>, oder in der <b>Mehrzahl<\/b> verwendet werden muss:<\/h4>\r\n\r\n<hr>\r\n\r\n<div class=\"container\">\r\n<b><span class=\"number\">\u2776<\/span><\/b>Johnny bought himself new <input type=\"text\" class=\"form-control\" id=\"q0\" autocomplete=\"off\"><b><i>  (Hosen)<\/i><\/b>.\r\n<div class=\"row\">\r\n<div>\r\n<p id=\"correct0\" align=\"left\"><\/p>\r\n\r\n<\/div>\r\n<div>\r\n<a button=\"\" class=\"btn btn-success tipp0 hidden\" href=\"#1\" title=\"Johnny bought himself new trousers.\" data-toggle=\"popover\" data-placement=\"top\" data-trigger=\"hover\" style=\"text-decoration: none; color:white;\" data-content=\"'Hosen' hei\u00dfen auf Englisch \u00fcbersetzt 'trousers' und sind in der Mehrzahl, weil sie zwei Beine haben.\">Tipp<\/a><\/div>\r\n<\/div>\r\n<b><span class=\"number\">\u2777<\/span><\/b> <input type=\"text\" class=\"form-control\" id=\"q1\" autocomplete=\"off\"><b><i>(Gl\u00fcckwunsch)<\/i><\/b>, you have won.\r\n<div class=\"row\">\r\n<div>\r\n<p id=\"correct1\" align=\"left\"><\/p>\r\n\r\n<\/div>\r\n<div>\r\n<a button=\"\" class=\"btn btn-success tipp1 hidden\" href=\"#2\" title=\"Congratulations...\" data-toggle=\"popover\" data-placement=\"top\" data-trigger=\"hover\" style=\"text-decoration: none; color:white;\" data-content=\"'Gl\u00fcckwunsch' wird im Englischen ausschlie\u00dflich in der Mehrzahl verwendet \u2794 'congratulations'\">Tipp<\/a><\/div>\r\n<\/div>\r\n<b><span class=\"number\">\u2778<\/span><\/b>He just told the boss the bad <input type=\"text\" class=\"form-control\" id=\"q2\" autocomplete=\"off\"><b><i>(Nachricht)<\/i><\/b>.\r\n<div class=\"row\">\r\n<div>\r\n<p id=\"correct2\" align=\"left\"><\/p>\r\n\r\n<\/div>\r\n<div>\r\n<a button=\"\" class=\"btn btn-success tipp2 hidden\" align=\"left\" aria-hidden=\"true\" href=\"#3\" title=\"He just told the boss the bad news.\" data-toggle=\"popover\" data-placement=\"top\" data-trigger=\"hover\" style=\"text-decoration: none, color:white\" data-content=\"'news' \u2794 'Nachricht' wird in Englisch ausschlie\u00dflich in der Mehrzahl verwendet.\">Tipp<\/a><\/div>\r\n<\/div>\r\n<span class=\"number\">\u2779<\/span>I need some more <input type=\"text\" class=\"form-control\" id=\"q3\" autocomplete=\"off\"><b><i>(Informationen)<\/i><\/b>.\r\n<div class=\"row\">\r\n<div>\r\n<p id=\"correct3\" align=\"left\"><\/p>\r\n\r\n<\/div>\r\n<div>\r\n<a button=\"\" class=\"btn btn-success tipp3 hidden\" aria-hidden=\"true\" href=\"#4\" title=\"I need some more information.\" data-toggle=\"popover\" data-placement=\"top\" data-trigger=\"hover\" style=\"text-decoration: none, color:white\" data-content=\"'information' wird im Englischen ausschlie\u00dflich im Singular verwendet.\">Tipp<\/a><\/div>\r\n<\/div>\r\n<b><span class=\"number\">\u277a<\/span><\/b>He needs new <input type=\"text\" class=\"form-control\" id=\"q4\" autocomplete=\"off\"><b><i>(Brille)<\/i><\/b>. He&#8217;s blind as a bat.\r\n<div class=\"row\">\r\n<div>\r\n<p id=\"correct4\" align=\"left\"><\/p>\r\n\r\n<\/div>\r\n<div>\r\n<a button=\"\" class=\"btn btn-success tipp4 hidden\" aria-hidden=\"true\" href=\"#5\" title=\"He needs new glasses.\" data-toggle=\"popover\" data-placement=\"top\" data-trigger=\"hover\" style=\"text-decoration: none, color:white\" data-content=\"'Brille' hei\u00dft auf Englisch 'glasses' und wird ausschlie\u00dflich in der Mehrzahl verwendet, weil sie zwei Gl\u00e4ser hat.\">Tipp<\/a><\/div>\r\n<\/div>\r\n<b><span class=\"number\">\u277b<\/span><\/b>Do cowboys still herd <input type=\"text\" class=\"form-control\" id=\"q5\" autocomplete=\"off\"><b><i>(Rinder)<\/i><\/b> ?\r\n<div class=\"row\">\r\n<div>\r\n<p id=\"correct5\" align=\"left\"><\/p>\r\n\r\n<\/div>\r\n<div>\r\n<a button=\"\" class=\"btn btn-success tipp5 hidden\" aria-hidden=\"true\" href=\"#6\" title=\"Do cowboys still herd cattle?\" data-toggle=\"popover\" data-placement=\"top\" data-trigger=\"hover\" style=\"text-decoration: none, color:white\" data-content=\"'Rinder' hei\u00dfen auf Englisch 'cattle' und wird nur in der Singularform verwendet. Willst Du Dich auf ein einzelnes Rind beziehen, musst Du auf die geschlechtsspezifische Form zur\u00fcckgreifen (cow, bull, steer, heifer, ox) \">Tipp<\/a><\/div>\r\n<\/div>\r\n<b><span class=\"number\">\u277c<\/span><\/b>You have to sharpen your  <input type=\"text\" class=\"form-control\" id=\"q6\" autocomplete=\"off\"><b><i>(Schere)<\/i><\/b>.\r\n<div class=\"row\">\r\n<div>\r\n<p id=\"correct6\" align=\"left\"><\/p>\r\n\r\n<\/div>\r\n<div>\r\n<a button=\"\" class=\"btn btn-success tipp6 hidden\" aria-hidden=\"true\" href=\"#7\" title=\"...sharpen your scissors.\" data-toggle=\"popover\" data-placement=\"top\" data-trigger=\"hover\" style=\"text-decoration: none, color:white\" data-content=\"'Schere' hei\u00dft auf Englisch 'scissors' und wird aussschlie\u00dflich in der Mehrzahl verwendet, weil sie zwei Klingen hat.\">Tipp<\/a><\/div>\r\n<\/div>\r\n<b><span class=\"number\">\u277d<\/span><\/b>Karen gives lots of unwanted  <input type=\"text\" class=\"form-control\" id=\"q7\" autocomplete=\"off\"><b><i>(Ratschl\u00e4ge)<\/i><\/b>.\r\n<div class=\"row\">\r\n<div>\r\n<p id=\"correct7\" align=\"left\"><\/p>\r\n\r\n<\/div>\r\n<div>\r\n<a button=\"\" class=\"btn btn-success tipp7 hidden\" href=\"#8\" title=\"Karen gives lots of unwanted advice.\" data-toggle=\"popover\" data-placement=\"top\" data-trigger=\"hover\" style=\"text-decoration: none, color:white\" data-content=\"'Ratschlag' hei\u00dft auf Englisch 'advice' und wird, auch wenn es sich um mehrer Ratschl\u00e4ge handelt, nur in der Einzahl verwendet; 'Ratschl\u00e4ge' \u2794 'advice' \">Tipp<\/a><\/div>\r\n<\/div>\r\n<b><span class=\"number\">\u277e<\/span><\/b> Can I have your  <input type=\"text\" class=\"form-control\" id=\"q8\" autocomplete=\"off\"><b><i>(Fernglas)<\/i><\/b>.\r\n<div class=\"row\">\r\n<div>\r\n<p id=\"correct8\" align=\"left\"><\/p>\r\n\r\n<\/div>\r\n<div>\r\n<a button=\"\" class=\"btn btn-success tipp8 hidden\" href=\"#9\" title=\"Can I have your binoculars\" data-toggle=\"popover\" data-placement=\"top\" data-trigger=\"hover\" style=\"text-decoration: none, color:white\" data-content=\"'Fernglas' hei\u00dft auf Englisch 'binoculars' und wird ausschlie\u00dflich im Plural verwendet, weil es zwei Linsen hat.\">Tipp<\/a><\/div>\r\n<\/div>\r\n<b><span class=\"number\">\u277f<\/span><\/b>We need new <input type=\"text\" class=\"form-control\" id=\"q9\" autocomplete=\"off\"><b><i>(M\u00f6bel)<\/i><\/b> our sofa is threadbare.\r\n<div class=\"row\">\r\n<div>\r\n<p id=\"correct9\" align=\"left\"><\/p>\r\n\r\n<\/div>\r\n<div>\r\n<a button=\"\" class=\"btn btn-success tipp9 hidden\" href=\"#10\" title=\"We need new furniture.\" data-toggle=\"popover\" data-placement=\"top\" data-trigger=\"hover\" style=\"text-decoration: none, color:white\" data-content=\"'M\u00f6bel' hei\u00dft auf Englisch 'furniture' und wird nur in der Einzahlform verwendet. Willst Du Dich auf ein betimmtes M\u00f6bel beziehen, musst du den genauen Begriff verwenden : sofa, couch, table, closet usw.\">Tipp<\/a><\/div>\r\n<\/div>\r\n<!-- The Modal -->\r\n<div id=\"myModal\" class=\"modal\">\r\n<div class=\"modal-dialog\">\r\n<div class=\"modal-content\">\r\n\r\n<!-- Modal Header -->\r\n<div class=\"modal-header\">\r\n<h4 class=\"modal-title\">Simple Present<\/h4>\r\n<button class=\"close\" type=\"button\" data-dismiss=\"modal\">\u00d7<\/button>\r\n\r\n<\/div>\r\n<!-- Modal body -->\r\n<div class=\"modal-body\"><table class=\"table table-bordered table-sm table-hover\">\r\n<thead>\r\n<tr class=\"table-danger\">\r\n<th colspan=\"2\">Mehrzahlw\u00f6rter &#8211; Einzahlw\u00f6rter Englisch<\/th>\r\n<\/tr>\r\n<\/thead>\r\n<tbody>\r\n<tr class=\"table-success\">\r\n<td colspan='2'><b>im Deutschen Mehrzahl &#8211; Englisch Einzahl<\/b><\/td>\r\n\r\n<\/tr>\r\n<tr class=\"table-primary\">\r\n<td><b>Deutsch<\/b><\/td>\r\n<td><b>Englisch<\/b><\/td><\/tr>\r\n<tr class=\"table-info\"><td><b><i class=\"text-danger\">Informationen<\/i><\/b><\/td>\r\n<td><b><i class=\"text-danger\">information <s>informations<\/s><\/i><\/b><\/td>\r\n<\/tr>\r\n<tr class=\"table-info\">\r\n<td><b><i class=\"text-danger\"> Ratschl\u00e4ge <\/i> <\/b><\/td>\r\n<td><b><i class=\"text-danger\"> advice <s>advices<\/s> <\/i> <\/b><\/td>\r\n<\/tr>\r\n<tr class=\"table-info\">\r\n<td><b><i class=\"text-danger\"> M\u00f6bel <\/i> <\/b><\/td>\r\n<td><b><i class=\"text-danger\"> furniture <s>furnitures<\/s> <\/i> <\/b><\/td>\r\n<\/tr>\r\n<tr class=\"table-info\">\r\n<td><b><i class=\"text-danger\"> Haare (Haupthaar) <\/i> <\/b><\/td>\r\n<td><b><i class=\"text-danger\"> hair &#8211; hairs bezieht sich auf einzelne Haare <\/i> <\/b><\/td>\r\n<\/tr>\r\n<tr class=\"table-info\">\r\n<td><b><i class=\"text-danger\"> Rinder <\/i> <\/b><\/td>\r\n<td><b><i class=\"text-danger\"> cattle <\/i> <\/b><\/td>\r\n<\/tr>\r\n<tr class=\"table-success\">\r\n<td colspan='2'><b>Im Deutschen Einzahl im Englischen Einzahl<\/b><\/td>\r\n\r\n<\/tr>\r\n<tr class=\"table-primary\">\r\n<td><b>Deutsch<\/b><\/td>\r\n<td><b>Englisch<\/b><\/td><\/tr>\r\n<tr class=\"table-info\"><td><b><i class=\"text-danger\">Schere<\/i><\/b><\/td>\r\n<td><b><i class=\"text-danger\">scissors<\/i><\/b><\/td>\r\n<\/tr>\r\n<tr class=\"table-info\">\r\n<td><b><i class=\"text-danger\"> Hose <\/i> <\/b><\/td>\r\n<td><b><i class=\"text-danger\"> trousers \/ pants (US)<\/i> <\/b><\/td>\r\n<\/tr>\r\n<tr class=\"table-info\">\r\n<td><b><i class=\"text-danger\"> Brille <\/i> <\/b><\/td>\r\n<td><b><i class=\"text-danger\"> glasses <\/i> <\/b><\/td>\r\n<\/tr>\r\n<tr class=\"table-info\">\r\n<td><b><i class=\"text-danger\"> Kombizange <\/i> <\/b><\/td>\r\n<td><b><i class=\"text-danger\"> pliers<\/i> <\/b><\/td>\r\n<\/tr>\r\n<tr class=\"table-success\">\r\n<td colspan='2'><b>Das Wort &#8217;news&#8216; existiert im Englischen nur in der Mehrzahl, der Bezug des Verbs ist jedoch Singular<\/b><\/td>\r\n<tr class=\"table-primary\">\r\n<td><b>Deutsch<\/b><\/td>\r\n<td><b>Englisch<\/b><\/td><\/tr>\r\n<\/tr>\r\n<tr class=\"table-info\"><td><b><i class=\"text-danger\"> Das ist eine gef\u00e4lschte Neuigkeit. <\/i><\/b><td><b><i class=\"text-danger\"> This is fake news. <\/i><\/b><\/td>\r\n\r\n<\/tr>\r\n\r\n\r\n\r\n\r\n<\/tbody>\r\n<\/table><\/div>\r\n<!-- Modal footer -->\r\n<div class=\"modal-footer\"><button class=\"btn btn-danger\" type=\"button\" data-dismiss=\"modal\">Close<\/button><\/div>\r\n<\/div>\r\n<\/div>\r\n<\/div>\r\n<\/div>\r\n<\/div>\r\n<div class=\"container\">\r\n\r\n<hr>\r\n\r\n<button id=\"submitButton\" class=\"btn-lg btn-primary \" type=\"submit\" value=\"submit\">Pr\u00fcfen<\/button><button id=\"resetButton\" class=\"btn-lg btn-success\" type=\"submit\" onclick=\"refreshPage()\">Neustart<\/button><button id=\"submitButton\" class=\"btn-lg btn-info\" type=\"button\" value=\"submit\" data-toggle=\"modal\" data-target=\"#myModal\">Tipp<\/button>\r\n\r\n<hr>\r\n\r\n\r\n<p id=\"result\"><\/p>\r\n<p id=\"result2\"><\/p>\r\n<b><\/b>\r\n<h3> Alle \u00dcbungen zu Pluralbildung im Englischen:<\/h3>\r\n<hr>\r\n<div id=\"bellows-main-60\" class=\"bellows bellows-nojs bellows-main bellows-source-menu bellows-align-full bellows-skin-vanilla bellows-type-\"><ul id=\"menu-plural\" class=\"bellows-nav\" data-bellows-config=\"main\"><li id=\"menu-item-7200\" class=\"bellows-menu-item bellows-menu-item-type-post_type bellows-menu-item-object-page bellows-menu-item-7200 bellows-item-level-0\"><a  href=\"https:\/\/english-munich.de\/training\/mehrzahl-pluralbildung-englisch\/\" class=\"bellows-target\"><span class=\"bellows-target-title bellows-target-text\">\u2611\ufe0fMehrzahl \u2013  Pluralbildung<\/span><\/a><\/li>\n<li id=\"menu-item-7220\" class=\"bellows-menu-item bellows-menu-item-type-post_type bellows-menu-item-object-page bellows-menu-item-7220 bellows-item-level-0\"><a  href=\"https:\/\/english-munich.de\/training\/pluralbildung-mehrzahl-englisch-2\/\" class=\"bellows-target\"><span class=\"bellows-target-title bellows-target-text\">\u2611\ufe0fMehrzahl \u2013  Pluralbildung<\/span><\/a><\/li>\n<li id=\"menu-item-7247\" class=\"bellows-menu-item bellows-menu-item-type-post_type bellows-menu-item-object-page bellows-menu-item-7247 bellows-item-level-0\"><a  href=\"https:\/\/english-munich.de\/training\/mehrzahl-bildung-pluralformen-englisch-unregelmaessig\/\" class=\"bellows-target\"><span class=\"bellows-target-title bellows-target-text\">\u270d\ufe0fMehrzahl \u2013 unregelm\u00e4\u00dfig<\/span><\/a><\/li>\n<li id=\"menu-item-7260\" class=\"bellows-menu-item bellows-menu-item-type-post_type bellows-menu-item-object-page bellows-menu-item-7260 bellows-item-level-0\"><a  href=\"https:\/\/english-munich.de\/training\/mehrzahl-pluralbilddung-englisch-3\/\" class=\"bellows-target\"><span class=\"bellows-target-title bellows-target-text\">\u270d\ufe0fMehrzahl \u2013  Pluralbilddung<\/span><\/a><\/li>\n<li id=\"menu-item-7342\" class=\"bellows-menu-item bellows-menu-item-type-post_type bellows-menu-item-object-page bellows-menu-item-7342 bellows-item-level-0\"><a  href=\"https:\/\/english-munich.de\/training\/mehrzahlwoerter-einzahlwoerter-englisch\/\" class=\"bellows-target\"><span class=\"bellows-target-title bellows-target-text\">\u2611\ufe0fMehrzahlw\u00f6rter \u2013 Einzahlw\u00f6rter<\/span><\/a><\/li>\n<li id=\"menu-item-7361\" class=\"bellows-menu-item bellows-menu-item-type-post_type bellows-menu-item-object-page bellows-menu-item-7361 bellows-item-level-0\"><a  href=\"https:\/\/english-munich.de\/training\/mehrzahlwoerter-einzahlwoerter-englisch-2\/\" class=\"bellows-target\"><span class=\"bellows-target-title bellows-target-text\">\u270d\ufe0fMehrzahlw\u00f6rter \u2013 Einzahlw\u00f6rter<\/span><\/a><\/li>\n<li id=\"menu-item-7549\" class=\"bellows-menu-item bellows-menu-item-type-post_type bellows-menu-item-object-page bellows-menu-item-7549 bellows-item-level-0\"><a  href=\"https:\/\/english-munich.de\/training\/kreuzwortraetsel-regelmaessiger-plural-englisch\/\" class=\"bellows-target\"><span class=\"bellows-target-title bellows-target-text\">\ud83d\udd33Kreuzwortr\u00e4tsel regelm\u00e4\u00dfiger Plural<\/span><\/a><\/li>\n<li id=\"menu-item-7550\" class=\"bellows-menu-item bellows-menu-item-type-post_type bellows-menu-item-object-page bellows-menu-item-7550 bellows-item-level-0\"><a  href=\"https:\/\/english-munich.de\/training\/test\/\" class=\"bellows-target\"><span class=\"bellows-target-title bellows-target-text\">\ud83d\udd33Kreuzwortr\u00e4tsel \u2013 unregelm\u00e4\u00dfiger Plural<\/span><\/a><\/li>\n<\/ul><\/div>\r\n<\/div>\r\n<\/div>","protected":false},"excerpt":{"rendered":"Mehrzahlw\u00f6rter Einzahlw\u00f6rter Englisch Aufgaben Mehrzahlw\u00f6rter Einzahlw\u00f6rter Aufgaben Beispiel \u24ffJohn doesn&#8217;t need unwanted &nbsp;(Ratschl\u00e4ge)&nbsp;. Die richtige L\u00f6sung ist: advice&nbsp;&nbsp;Tipp \u270d\ufe0f \u00dcbersetze das Wort in Klammern und f\u00fclle es in die L\u00fccke. Achte darauf, ob das Wort in Englisch in der Einzahl, oder in der Mehrzahl verwendet werden muss: \u2776Johnny bought himself new (Hosen). Tipp \u2777 (Gl\u00fcckwunsch), [&hellip;]","protected":false},"author":3,"featured_media":0,"parent":0,"menu_order":0,"comment_status":"closed","ping_status":"closed","template":"","meta":[],"_links":{"self":[{"href":"https:\/\/english-munich.de\/training\/wp-json\/wp\/v2\/pages\/7350"}],"collection":[{"href":"https:\/\/english-munich.de\/training\/wp-json\/wp\/v2\/pages"}],"about":[{"href":"https:\/\/english-munich.de\/training\/wp-json\/wp\/v2\/types\/page"}],"author":[{"embeddable":true,"href":"https:\/\/english-munich.de\/training\/wp-json\/wp\/v2\/users\/3"}],"replies":[{"embeddable":true,"href":"https:\/\/english-munich.de\/training\/wp-json\/wp\/v2\/comments?post=7350"}],"version-history":[{"count":13,"href":"https:\/\/english-munich.de\/training\/wp-json\/wp\/v2\/pages\/7350\/revisions"}],"predecessor-version":[{"id":10252,"href":"https:\/\/english-munich.de\/training\/wp-json\/wp\/v2\/pages\/7350\/revisions\/10252"}],"wp:attachment":[{"href":"https:\/\/english-munich.de\/training\/wp-json\/wp\/v2\/media?parent=7350"}],"curies":[{"name":"wp","href":"https:\/\/api.w.org\/{rel}","templated":true}]}}