{"id":730,"date":"2020-04-29T14:45:51","date_gmt":"2020-04-29T14:45:51","guid":{"rendered":"https:\/\/english-munich.de\/training\/?page_id=730"},"modified":"2022-04-26T08:21:39","modified_gmt":"2022-04-26T08:21:39","slug":"present-progressive-aussagesatze-verneint","status":"publish","type":"page","link":"https:\/\/english-munich.de\/training\/present-progressive-aussagesatze-verneint\/","title":{"rendered":"Present Progressive \u00dcbungen Aussages\u00e4tze verneint"},"content":{"rendered":"<div class=\"jumbotron text-center\">\r\n<h2>Present Progressive Verneinung Aufgaben<\/h2>\r\n\u00dcbungen zum Present Present Progressive im verneinten <a href=\"https:\/\/www.studysmarter.de\/schule\/deutsch\/grammatik\/aussagesatz\/\">Aussagesatz<\/a>\r\n\r\n<\/div>\r\n<div class=\"bs-example\">\r\n<div id=\"accordionExample\" class=\"accordion\">\r\n<div class=\"card\">\r\n<div id=\"headingOne\" class=\"card-header\">\r\n<h2 class=\"mb-0\" style=\"color: #000;\"><button class=\"btn btn-link collapsed\" type=\"button\" data-toggle=\"collapse\" data-target=\"#collapseOne\">Beispiel<\/button><\/h2>\r\n<\/div>\r\n<div id=\"collapseOne\" class=\"collapse\" aria-labelledby=\"headingOne\" data-parent=\"#accordionExample\">\r\n<div class=\"card-body\">\r\n<div class=\"form-group\" style=\"width: 70%; margin: 10px;\"><label for=\"sel1\"><span class=\"number\">\u24ff<\/span>Mr. Pink __________ the newspaper today.<\/label>\r\n<select id=\"beispiel\" class=\"form-control\"><option value=\"wrong\">\r\n<option value=\"wrong\">aren&#8217;t reading<\/option>\r\n<option value=\"correct\">isn&#8217;t reading<\/option>\r\n<option value=\"wrong\">doesn&#8217;t d\r\n<\/option>\r\n<\/select>\r\nDie richtige L\u00f6sung ist: <b>&#8222;isn&#8216; t reading&#8220;<\/b>&nbsp;&nbsp;<button class=\"btn-lg btn-info\" type=\"button\" value=\"submit\" data-toggle=\"modal\" data-target=\"#myModal\">Tipp<\/button>\r\n\r\n<\/div>\r\n<\/div>\r\n<\/div>\r\n<\/div>\r\n<\/div>\r\n<br \/><br \/>\r\n<div class=\"container well\">\r\n<h4>\u2611\ufe0f W\u00e4hle die richtige Option des <i>present progressive (-ing Form)<\/i>:<\/h4>\r\n<br \/><br \/>\r\n<div class=\"container-fluid\">\r\n<div class=\"form-group\" style=\"width: 70%;\"><label for=\"sel1\"><span class=\"number\">\u2776<\/span>My brother __________ football this year.<\/label>\r\n<select id=\"q0\" class=\"form-control\"><option value=\"wrong\"><\/option>\r\n<option value=\"wrong\">doesn&#8217;t play<\/option>\r\n<option value=\"correct\">isn&#8217;t playing<\/option>\r\n<option value=\"wrong\">am not playing<\/option>\r\n<\/select>\r\n<p id=\"correct0\" align=\"left\"><\/p>\r\n<a class=\"btn btn-success tipp0 hidden\" style=\"text-decoration: none, color:white;\" title=\"My brother isn't playing...\" href=\"#0\" data-toggle=\"popover\" data-placement=\"top\" data-trigger=\"hover\" data-content=\"'My brother' ist 'she' (3.Person Einzahl), deswegen 'isn't playing.' 'This year' als Zeitangabe ist vorr\u00fcbergehend!\">Tipp<\/a>\r\n\r\n<\/div>\r\n<div class=\"form-group\" style=\"width: 70%;\"><label for=\"sel1\"><span class=\"number\">\u2777<\/span>We __________ sausages at the moment.<\/label>\r\n<select id=\"q1\" class=\"form-control\"><option value=\"wrong\"><\/option>\r\n<option value=\"wrong\">don&#8217;t eating<\/option>\r\n<option value=\"correct\">aren&#8217;t eating<\/option>\r\n<option value=\"wrong\">isn&#8217;t eating<\/option>\r\n<\/select>\r\n<p id=\"correct1\" align=\"left\"><\/p>\r\n<a class=\"btn btn-success tipp1 hidden\" style=\"text-decoration: none, color:white;\" title=\"We aren't eating...\" href=\"#1\" data-toggle=\"popover\" data-placement=\"top\" data-trigger=\"hover\" data-content=\"'We' (1.Person Mehrzahl), deswegen 'aren't eating'\">Tipp<\/a>\r\n\r\n<\/div>\r\n<div class=\"form-group\" style=\"width: 70%;\"><label for=\"sel1\"><span class=\"number\">\u2778<\/span>I __________ to work by bike this week.<\/label>\r\n<select id=\"q2\" class=\"form-control\"><option value=\"wrong\"><\/option>\r\n<option value=\"wrong\">don&#8217;t going<\/option>\r\n<option value=\"wrong\">isn&#8217;t go<\/option>\r\n<option value=\"correct\">am not going<\/option>\r\n<\/select>\r\n<p id=\"correct2\" align=\"left\"><\/p>\r\n<a class=\"btn btn-success tipp2 hidden\" style=\"text-decoration: none, color:white;\" title=\"I am not going...\" href=\"#2\" data-toggle=\"popover\" data-placement=\"top\" data-trigger=\"hover\" data-content=\"'I' (1.Person Einzahl), deswegen 'am not going' 'This week' als Zeitangabe ist vorr\u00fcbergehend!\">Tipp<\/a>\r\n\r\n<\/div>\r\n<div class=\"form-group\" style=\"width: 70%;\"><label for=\"sel1\"><span class=\"number\">\u2779<\/span>Your parents __________breakfast  now.<\/label>\r\n<select id=\"q3\" class=\"form-control\"><option value=\"wrong\"><\/option>\r\n<option value=\"correct\">aren&#8217;t having<\/option>\r\n<option value=\"wrong\">isn&#8217;t having<\/option>\r\n<option value=\"wrong\">aren&#8217;t haveing<\/option>\r\n<\/select>\r\n<p id=\"correct3\" align=\"left\"><\/p>\r\n<a class=\"btn btn-success tipp3 hidden\" style=\"text-decoration: none, color:white;\" title=\"Your parents aren't having ...\" href=\"#3\" data-toggle=\"popover\" data-placement=\"top\" data-trigger=\"hover\" data-content=\"'Your parents' ist 'they' (3.Person Mehrzahl), deswegen 'aren't having'.Vorsicht: bei 'have' entf\u00e4llt bei der ing-Form das finale 'e'\">Tipp<\/a>\r\n\r\n<\/div>\r\n<div class=\"form-group\" style=\"width: 70%;\"><label for=\"sel1\"><span class=\"number\">\u277a<\/span>They __________ baseball this season.<\/label>\r\n<select id=\"q4\" class=\"form-control\"><option value=\"wrong\"><\/option>\r\n<option value=\"wrong\">are not play<\/option>\r\n<option value=\"wrong\">doesn&#8217;t playing<\/option>\r\n<option value=\"correct\">aren&#8217;t playing<\/option>\r\n<\/select>\r\n<p id=\"correct4\" align=\"left\"><\/p>\r\n<a class=\"btn btn-success tipp4 hidden\" style=\"text-decoration: none, color:white;\" title=\"They aren't...\" href=\"#4\" data-toggle=\"popover\" data-placement=\"top\" data-trigger=\"hover\" data-content=\"'They' ist (3.Person Mehrzahl), deswegen 'aren't playing'.\">Tipp<\/a>\r\n\r\n<\/div>\r\n<div class=\"form-group\" style=\"width: 70%;\"><label for=\"sel1\"><span class=\"number\">\u277b<\/span>Ms.Brown __________ on the bus now.<\/label>\r\n<select id=\"q5\" class=\"form-control\"><option value=\"wrong\"><\/option>\r\n<option value=\"wrong\">don&#8217;t getting<\/option>\r\n<option value=\"wrong\">not getting<\/option>\r\n<option value=\"correct\">isn&#8217;t getting<\/option>\r\n<\/select>\r\n<p id=\"correct5\" align=\"left\"><\/p>\r\n<a class=\"btn btn-success tipp5 hidden\" style=\"text-decoration: none, color:white;\" title=\"Ms.Brown doesn't read...\" href=\"#5\" data-toggle=\"popover\" data-placement=\"top\" data-trigger=\"hover\" data-content=\"'Ms.Brown' ist 'she' (3.Person Einzahl), deswegen 'is getting'. Vorsicht! bei getting Verdoppelung des Endkonsonanten!\">Tipp<\/a>\r\n\r\n<\/div>\r\n<div class=\"form-group\" style=\"width: 70%;\"><label for=\"sel1\"><span class=\"number\" \"=\"\">\u277c<\/span> The Smiths __________ to move .<\/label>\r\n<select id=\"q6\" class=\"form-control\"><option value=\"wrong\"><\/option>\r\n<option value=\"correct\">aren&#8217;t planning<\/option>\r\n<option value=\"wrong\">isn&#8217;t planning<\/option>\r\n<option value=\"correct\">doesn&#8217;t planning<\/option>\r\n<\/select>\r\n<p id=\"correct6\" align=\"left\"><\/p>\r\n<a class=\"btn btn-success tipp6 hidden\" style=\"text-decoration: none, color:white;\" title=\"The Smiths aren't planning\" href=\"#6\" data-toggle=\"popover\" data-placement=\"top\" data-trigger=\"hover\" data-content=\"'The Smiths' ist 'they' (3.Person Mehrzahl), deswegen 'aren't planning'.Vorsicht! bei planning Verdoppelung des Endkonsonanten!\">Tipp<\/a>\r\n\r\n<\/div>\r\n<div class=\"form-group\" style=\"width: 70%;\"><label for=\"sel1\"><span class=\"number\">\u277d<\/span> I __________ TV tonight.<\/label>\r\n<select id=\"q7\" class=\"form-control\"><option value=\"wrong\"><\/option>\r\n<option value=\"wrong\">isn&#8217;t watching<\/option>\r\n<option value=\"wrong\">aren&#8217;t watching<\/option>\r\n<option value=\"correct\">am not watching<\/option>\r\n<\/select>\r\n<p id=\"correct7\" align=\"left\"><\/p>\r\n<a class=\"btn btn-success tipp7 hidden\" style=\"text-decoration: none, color:white;\" title=\"I am not watching...\" href=\"#7\" data-toggle=\"popover\" data-placement=\"top\" data-trigger=\"hover\" data-content=\"'I' ist (1.Person Einzahl), deswegen 'I am not watching'.\">Tipp<\/a>\r\n\r\n<\/div>\r\n<div class=\"form-group\" style=\"width: 70%;\"><label for=\"sel1\"><span class=\"number\">\u277e<\/span> She __________ to her teacher now.<\/label>\r\n<select id=\"q8\" class=\"form-control\"><option value=\"wrong\"><\/option>\r\n<option value=\"wrong\">doesn&#8217;t listening<\/option>\r\n<option value=\"wrong\">isn&#8217;t listens<\/option>\r\n<option value=\"correct\">isn&#8217;t listening<\/option>\r\n<\/select>\r\n<p id=\"correct8\" align=\"left\"><\/p>\r\n<a class=\"btn btn-success tipp8 hidden\" style=\"text-decoration: none, color:white;\" title=\"She isn't listening...\" href=\"#8\" data-toggle=\"popover\" data-placement=\"top\" data-trigger=\"hover\" data-content=\"'She' (3.Person Einzahl), deswegen 'she isn't listening'.\">Tipp<\/a>\r\n\r\n<\/div>\r\n<div class=\"form-group\" style=\"width: 70%;\"><label for=\"sel1\"><span class=\"number\">\u277f<\/span> Our neighbors ________ on holiday this summer.<\/label>\r\n<select id=\"q9\" class=\"form-control\"><option value=\"wrong\"><\/option>\r\n<option value=\"correct\">aren&#8217;t going<\/option>\r\n<option value=\"wrong\">don&#8217;t going<\/option>\r\n<option value=\"wrong\">isn&#8217;t going<\/option>\r\n<\/select>\r\n<p id=\"correct9\" align=\"left\"><\/p>\r\n<a class=\"btn btn-success tipp9 hidden\" style=\"text-decoration: none, color:white;\" title=\"Our neighbors aren't going...\" href=\"#9\" data-toggle=\"popover\" data-placement=\"top\" data-trigger=\"hover\" data-content=\"'Our neighbors' ist 'they' (3.Person Mehrzahl), deswegen 'aren't going'.\">Tipp<\/a>\r\n\r\n<\/div>\r\n<div class=\"container\">\r\n\r\n<!-- The Modal -->\r\n<div id=\"myModal\" class=\"modal\">\r\n<div class=\"modal-dialog\">\r\n<div class=\"modal-content\">\r\n\r\n<!-- Modal Header -->\r\n<div class=\"modal-header\">\r\n<h4 class=\"modal-title\">Present Progressive<\/h4>\r\n<button class=\"close\" type=\"button\" data-dismiss=\"modal\">\u00d7<\/button>\r\n\r\n<\/div>\r\n<!-- Modal body -->\r\n<div class=\"modal-body\"><img class=\"img-responsive img-rounded\" title=\"Present Progressive Aussagesatz\" alt=\"Present Progressive Aussagesatz\" \"src=\"https:\/\/english-munich.de\/training\/wp-content\/uploads\/2020\/04\/present-progressive.jpg\"><div>Du bildest das Present Continous, indem Du einfach ein -ing an die Grundform des Verbs anh\u00e4ngst. Au\u00dferdem brauchst Du noch &#8222;be&#8220; als Hilfsverb, welches Du entsprechend der grammatikalischen Person beugen musst. Weiterhin f\u00fcgst Du in der Verneinung einfach ein not an das Hilfsverb an. Nat\u00fcrlich kannst auch die zusammengefasste, kontrahierte Form nutzen: is not \u2794 isn&#8217;t. Au\u00dferdem kommt das Hilfsverb in der Frage an den Satzanfang. Dieses Ph\u00e4nomen hei\u00dft Inversion.<br \/> Das Present Continous wird im Englischen immer dann verwendet, wenn man gerade im Moment mit einer Sache besch\u00e4ftigt ist. Au\u00dferdem verwendet man das Present Progressive (-ing Form, Present Continous, Verlaufsform) wenn man etwas vor\u00fcbergehend oder ausnahmsweise machst. <\/div><\/div>\r\n<!-- Modal footer -->\r\n<div class=\"modal-footer\"><button class=\"btn btn-danger\" type=\"button\" data-dismiss=\"modal\">Close<\/button><\/div>\r\n<\/div>\r\n<\/div>\r\n<\/div>\r\n<\/div>\r\n<\/div>\r\n\r\n<hr>\r\n\r\n<div class=\"container\"><button id=\"submitButton\" class=\"btn-lg btn-primary \" type=\"submit\" value=\"submit\">Pr\u00fcfen<\/button><button id=\"resetButton\" class=\"btn-lg btn-success\" type=\"submit\" onclick=\"refreshPage()\">Neustart<\/button><button id=\"submitButton\" class=\"btn-lg btn-info\" type=\"submit\" value=\"submit\" data-toggle=\"modal\" data-target=\"#myModal\">Tipp<\/button><\/div>\r\n\r\n<hr>\r\n\r\n<\/div>\r\n<p id=\"result\"><\/p>\r\n<p id=\"result2\"><\/p><br \/>\r\n<a href=\"https:\/\/english-munich.de\/training\/wp-content\/uploads\/2022\/04\/Arbeitsblatt-Present-Progressive-Signalwoerter.pdf\">Arbeitsblatt Present Progressive Signalw\u00f6rter <i class=\"fa fa-download\" aria-hidden=\"true\"><\/i><\/a>\r\n<br \/><br \/>\r\n<h3>Alle \u00dcbungen im Present Progressive:<\/h3>\r\n<hr>\r\n<div id=\"bellows-main-23\" class=\"bellows bellows-nojs bellows-main bellows-source-menu bellows-align-full bellows-skin-vanilla bellows-type-\"><ul id=\"menu-present-progressive-uebungen\" class=\"bellows-nav\" data-bellows-config=\"main\"><li id=\"menu-item-10776\" class=\"bellows-menu-item bellows-menu-item-type-post_type bellows-menu-item-object-page bellows-menu-item-10776 bellows-item-level-0\"><a  href=\"https:\/\/english-munich.de\/training\/ing-form-bildung-regelmaessig-unregelmaessig-gerund\/\" class=\"bellows-target\"><span class=\"bellows-target-title bellows-target-text\">\u270d\ufe0f-ing Form \/ (Gerund) Bildung<\/span><\/a><\/li>\n<li id=\"menu-item-3948\" class=\"bellows-menu-item bellows-menu-item-type-post_type bellows-menu-item-object-page bellows-menu-item-3948 bellows-item-level-0\"><a  href=\"https:\/\/english-munich.de\/training\/present-progressive-aussagesatze-bejaht\/\" class=\"bellows-target\"><span class=\"bellows-target-title bellows-target-text\">\ud83d\udd18Present Progressive Aussages\u00e4tze bejaht<\/span><\/a><\/li>\n<li id=\"menu-item-10710\" class=\"bellows-menu-item bellows-menu-item-type-post_type bellows-menu-item-object-page bellows-menu-item-10710 bellows-item-level-0\"><a  href=\"https:\/\/english-munich.de\/training\/present-progressive-aussagesatz\/\" class=\"bellows-target\"><span class=\"bellows-target-title bellows-target-text\">\u270d\ufe0fPresent Progressive Aussagesatz bejaht<\/span><\/a><\/li>\n<li id=\"menu-item-3949\" class=\"bellows-menu-item bellows-menu-item-type-post_type bellows-menu-item-object-page bellows-menu-item-3949 bellows-item-level-0\"><a  href=\"https:\/\/english-munich.de\/training\/present-progressive-aussagesatze-verneint\/\" class=\"bellows-target\"><span class=\"bellows-target-title bellows-target-text\">\u2611\ufe0fPresent Progressive Aussages\u00e4tze verneint<\/span><\/a><\/li>\n<li id=\"menu-item-3950\" class=\"bellows-menu-item bellows-menu-item-type-post_type bellows-menu-item-object-page bellows-menu-item-3950 bellows-item-level-0\"><a  href=\"https:\/\/english-munich.de\/training\/present-progressive-frage\/\" class=\"bellows-target\"><span class=\"bellows-target-title bellows-target-text\">\u270d\ufe0fPresent Progressive Frage<\/span><\/a><\/li>\n<\/ul><\/div>\r\n\r\n<\/div>\r\n","protected":false},"excerpt":{"rendered":"Present Progressive Verneinung Aufgaben \u00dcbungen zum Present Present Progressive im verneinten Aussagesatz Beispiel \u24ffMr. Pink __________ the newspaper today. aren&#8217;t reading isn&#8217;t reading doesn&#8217;t d Die richtige L\u00f6sung ist: &#8222;isn&#8216; t reading&#8220;&nbsp;&nbsp;Tipp \u2611\ufe0f W\u00e4hle die richtige Option des present progressive (-ing Form): \u2776My brother __________ football this year. doesn&#8217;t play isn&#8217;t playing am not playing [&hellip;]","protected":false},"author":3,"featured_media":0,"parent":0,"menu_order":0,"comment_status":"closed","ping_status":"closed","template":"","meta":[],"_links":{"self":[{"href":"https:\/\/english-munich.de\/training\/wp-json\/wp\/v2\/pages\/730"}],"collection":[{"href":"https:\/\/english-munich.de\/training\/wp-json\/wp\/v2\/pages"}],"about":[{"href":"https:\/\/english-munich.de\/training\/wp-json\/wp\/v2\/types\/page"}],"author":[{"embeddable":true,"href":"https:\/\/english-munich.de\/training\/wp-json\/wp\/v2\/users\/3"}],"replies":[{"embeddable":true,"href":"https:\/\/english-munich.de\/training\/wp-json\/wp\/v2\/comments?post=730"}],"version-history":[{"count":22,"href":"https:\/\/english-munich.de\/training\/wp-json\/wp\/v2\/pages\/730\/revisions"}],"predecessor-version":[{"id":11511,"href":"https:\/\/english-munich.de\/training\/wp-json\/wp\/v2\/pages\/730\/revisions\/11511"}],"wp:attachment":[{"href":"https:\/\/english-munich.de\/training\/wp-json\/wp\/v2\/media?parent=730"}],"curies":[{"name":"wp","href":"https:\/\/api.w.org\/{rel}","templated":true}]}}