{"id":7282,"date":"2021-03-07T10:57:51","date_gmt":"2021-03-07T10:57:51","guid":{"rendered":"https:\/\/english-munich.de\/training\/?page_id=7282"},"modified":"2022-01-11T21:29:10","modified_gmt":"2022-01-11T21:29:10","slug":"mehrzahlwoerter-einzahlwoerter-englisch","status":"publish","type":"page","link":"https:\/\/english-munich.de\/training\/mehrzahlwoerter-einzahlwoerter-englisch\/","title":{"rendered":"Mehrzahlw\u00f6rter &#8211; Einzahlw\u00f6rter &#8211; Englisch"},"content":{"rendered":"<div class=\"jumbotron text-center\">\r\n<h2>Mehrzahlw\u00f6rter &#8211; Einzahlw\u00f6rter &#8211; Englisch &#8211; Aufgaben<\/h2>\r\n\u00dcbungen zur Mehrzahlw\u00f6rtern &#8211; Einzahlw\u00f6rtern &#8211; Englisch\r\n\r\n<\/div>\r\n<div class=\"bs-example\">\r\n<div id=\"accordionExample\" class=\"accordion\">\r\n<div class=\"card\">\r\n<div id=\"headingOne\" class=\"card-header\">\r\n<h2 class=\"mb-0\" style=\"color: #000;\"><button class=\"btn btn-link collapsed\" type=\"button\" data-toggle=\"collapse\" data-target=\"#collapseOne\">Beispiel<\/button><\/h2>\r\n<\/div>\r\n<div id=\"collapseOne\" class=\"collapse\" aria-labelledby=\"headingOne\" data-parent=\"#accordionExample\">\r\n<div class=\"card-body\">\r\n<div class=\"form-group\"><div class=\"row\"><div><label for=\"sel1\"><span class=\"number\">\u24ff<\/span>I need some <\/div>&nbsp;&nbsp;<div><select id=\"beispiel\" class=\"form-control\">\r\n<option value=\"wrong\">don&#8217;t did<\/option>\r\n<option value=\"correct\">didn&#8217;t do<\/option>\r\n<option value=\"wrong\">doesn&#8217;t did<\/option>\r\n<\/select><\/label><\/div><\/div>\r\n\r\nDie richtige L\u00f6sung ist: <b>&#8222;advice&#8220;<\/b>&nbsp;&nbsp;<button class=\"btn-lg btn-info\" type=\"button\" value=\"submit\" data-toggle=\"modal\" data-target=\"#myModal\">Tipp<\/button>\r\n\r\n<\/div>\r\n<\/div>\r\n<\/div>\r\n<\/div>\r\n<\/div>\r\n<br \/><br \/>\r\n<div class=\"container well\">\r\n<h4>\u2611\ufe0f W\u00e4hle die richtige Option der <b>Mehrzahlw\u00f6rter<\/b> bzw. <b>Einzahlw\u00f6rter<\/b> :<\/h4>\r\n\r\n\r\n<hr>\r\n\r\n<br \/>\r\n<div class=\"container-fluid\">\r\n<div class=\"form-inline\"><div class=\"row\"><div><label for=\"sel1\"><span class=\"number\">\u2776<\/span>Can you give me some <\/div>&nbsp;&nbsp; <div> <select id=\"q0\" class=\"form-control\"><option value=\"wrong\"><\/option>\r\n<option value=\"correct\"> information<\/option>\r\n<option value=\"wrong\"> informations <\/option>\r\n<\/select><\/label>  about the game ?<\/div><\/div><\/div><br \/>\r\n<p id=\"correct0\" align=\"left\"><\/p>\r\n<a class=\"btn btn-success tipp0 hidden\" style=\"text-decoration: none, color:white;\" title=\"Can you give me some information?\" href=\"#0\" data-toggle=\"popover\"  data-placement=\"top\" data-trigger=\"hover\" data-content=\"die Mehrzahl von 'information' ist 'information'; 'Informationen' \u2794  'information' \">Tipp<\/a>\r\n\r\n\r\n\r\n<div class=\"form-inline\"><div class=\"row\"><div><label for=\"sel1\"><span class=\"number\">\u2777<\/span> I need my <\/div>&nbsp;&nbsp; <div><select id=\"q1\" class=\"form-control\">\r\n<option value=\"wrong\"><\/option>\r\n<option value=\"wrong\"> hairs <\/option>\r\n<option value=\"correct\"> hair <\/option>\r\n<\/select>cut after the lockdown.<\/label><\/div><\/div><\/div><br \/>\r\n\r\n<p id=\"correct1\" align=\"left\"><\/p>\r\n<a class=\"btn btn-success tipp1 hidden\" style=\"text-decoration: none, color:white;\" title=\"I need to have my hair cut...\" href=\"#1\" data-toggle=\"popover\" data-placement=\"top\" data-trigger=\"hover\" data-content=\"die Mehrzahl von 'hair' ist 'hair'; 'Haare, Haupthaar' \u2794 'hair'; 'hairs' bezieht sich auf einzelne Haare\">Tipp<\/a>\r\n\r\n<div class=\"form-inline\"><div class=\"row\"><div><label for=\"sel1\"><span class=\"number\">\u2778<\/span> I am getting some gray\r\n<\/div>&nbsp;&nbsp; <div><select id=\"q2\" class=\"form-control\">\r\n<option value=\"wrong\"><\/option>\r\n<option value=\"correct\"> hairs <\/option>\r\n<option value=\"wrong\"> hair <\/option>\r\n<\/select>.<\/label><\/div><\/div><\/div><br \/>\r\n\r\n<p id=\"correct2\" align=\"left\"><\/p>\r\n<a class=\"btn btn-success tipp2 hidden\" style=\"text-decoration: none, color:white;\" title=\"I am getting some gray hairs.\" href=\"#2\" data-toggle=\"popover\" data-placement=\"top\" data-trigger=\"hover\" data-content=\"'hairs' bezieht sich im Gegensatz zu 'hair = Haupthaar' auf einzelne Haare \u2794  'gray hairs'\">Tipp<\/a>\r\n\r\n<div class=\"form-inline\"><div class=\"row\"><div><label for=\"sel1\"><span class=\"number\">\u2779<\/span>&nbsp;<\/div><div><select id=\"q3\" class=\"form-control\">\r\n<option value=\"wrong\"><\/option>\r\n<option value=\"correct\"> This is <\/option>\r\n<option value=\"wrong\"> These are <\/option>\r\n<\/select><\/label>  some very good news.<\/div><\/div><\/div><br \/>\r\n\r\n<p id=\"correct3\" align=\"left\"><\/p>\r\n<a class=\"btn btn-success tipp3 hidden\" style=\"text-decoration: none, color:white;\" title=\"This is some good news\" href=\"#3\" data-toggle=\"popover\" data-placement=\"top\" data-trigger=\"hover\" data-content=\"'news' ist im Englischen immer in der Einzahl, am Besten merkst Du dir das Sprichwort 'no news is good news'.\">Tipp<\/a>\r\n\r\n\r\n<div class=\"form-inline\"><div class=\"row\"><div><label for=\"sel1\"><span class=\"number\">\u277a<\/span> We need some new <\/div>&nbsp;&nbsp; <div><select id=\"q4\" class=\"form-control\">\r\n<option value=\"wrong\"><\/option>\r\n<option value=\"wrong\"> furnitures <\/option>\r\n<option value=\"correct\"> furniture <\/option>\r\n<\/select><\/label>.<\/div><\/div><\/div><br \/>\r\n\r\n<p id=\"correct4\" align=\"left\"><\/p>\r\n<a class=\"btn btn-success tipp4 hidden\" style=\"text-decoration: none, color:white;\" title=\"We need some new furniture.\" href=\"#4\" data-toggle=\"popover\" data-placement=\"top\" data-trigger=\"hover\" data-content=\"die Mehrzahl von 'furniture' ist unregelm\u00e4\u00dfig:'die M\u00f6bel'  \u2794  'furniture'\">Tipp<\/a>\r\n\r\n\r\n<div class=\"form-inline\"><div class=\"row\"><div><label for=\"sel1\"><span class=\"number\">\u277b<\/span>How do you like my new  <\/div>&nbsp;&nbsp; <div><select id=\"q5\" class=\"form-control\">\r\n<option value=\"wrong\"><\/option>\r\n<option value=\"wrong\"> trouser <\/option>\r\n<option value=\"correct\"> trousers <\/option>\r\n<\/select> ?<\/label><\/div><\/div><\/div><br \/>\r\n<p id=\"correct5\" align=\"left\"><\/p>\r\n<a class=\"btn btn-success tipp5 hidden\" style=\"text-decoration: none, color:white;\" title=\"How do you like my new trousers\" href=\"#5\" data-toggle=\"popover\" data-placement=\"top\" data-trigger=\"hover\" data-content=\"'troursers' ist ein Mehrzahlwort 'Hose'  \u2794  'trousers' (weil sie aus zwei Beinen besteht)\">Tipp<\/a>\r\n\r\n\r\n<div class=\"form-inline\"><div class=\"row\"><div><label for=\"sel1\"><span class=\"number\">\u277c<\/span> Giving unwanted  <\/div>&nbsp;&nbsp; <div><select id=\"q6\" class=\"form-control\">\r\n<option value=\"wrong\"><\/option>\r\n<option value=\"wrong\"> advices <\/option>\r\n<option value=\"correct\"> advice<\/option>\r\n<\/select>can make you unpopular.<\/label><\/div><\/div><\/div><br \/>\r\n<p id=\"correct6\" align=\"left\"><\/p>\r\n<a class=\"btn btn-success tipp6 hidden\" style=\"text-decoration: none, color:white;\" title=\"...unwanted advice.\" href=\"#6\" data-toggle=\"popover\" data-placement=\"top\" data-trigger=\"hover\" data-content=\"die Mehrzahl von 'advice' ist unregelm\u00e4\u00dfig; 'Ratschl\u00e4ge'  \u2794  'advice'\">Tipp<\/a>\r\n\r\n\r\n<div class=\"form-inline\"><div class=\"row\"><div><label for=\"sel1\"><span class=\"number\">\u277d<\/span> You can&#8217;t cut butter with <\/div>&nbsp;&nbsp; <div><select id=\"q7\" class=\"form-control\">\r\n<option value=\"wrong\"><\/option>\r\n<option value=\"wrong\"> this scissor <\/option>\r\n<option value=\"correct\"> these scissors <\/option>\r\n<\/select> .<\/label><\/div><\/div><\/div><br \/>\r\n<p id=\"correct7\" align=\"left\"><\/p>\r\n<a class=\"btn btn-success tipp7 hidden\" style=\"text-decoration: none, color:white;\" title=\"with these scissors\" href=\"#7\" data-toggle=\"popover\" data-placement=\"top\" data-trigger=\"hover\" data-content=\"'scissors ist ein Mehrzahlwort -  'die Schere'  \u2794  'scissors' (weil sie aus zwei Schenkeln besteht)\">Tipp<\/a>\r\n\r\n\r\n<div class=\"form-inline\"><div class=\"row\"><div><label for=\"sel1\"><span class=\"number\">\u277e<\/span> I need new <\/div>&nbsp;&nbsp; <div><select id=\"q8\" class=\"form-control\">\r\n<option value=\"wrong\"><\/option>\r\n<option value=\"correct\"> glasses <\/option>\r\n<option value=\"wrong\"> glass <\/option>\r\n<\/select> . I am getting blind.<\/label><\/div><\/div><\/div><br \/>\r\n<p id=\"correct8\" align=\"left\"><\/p>\r\n<a class=\"btn btn-success tipp8 hidden\" style=\"text-decoration: none, color:white;\" title=\"new glasses...\" href=\"#8\" data-toggle=\"popover\" data-placement=\"top\" data-trigger=\"hover\" data-content=\"'glasses' ist ein Mehrzahlwort; 'Brille'   \u2794  'glasses' (weil sie aus zwei Gl\u00e4sern besteht)\">Tipp<\/a>\r\n\r\n<div class=\"form-inline\"><div class=\"row\"><div><label for=\"sel1\"><span class=\"number\">\u277f<\/span> I will need <\/div>&nbsp;&nbsp; <div><select id=\"q9\" class=\"form-control\">\r\n<option value=\"wrong\"><\/option>\r\n<option value=\"wrong\"> a pincer <\/option>\r\n<option value=\"correct\"> pincers <\/option>\r\n<\/select> to remove it. It&#8217;s very small.<\/label><\/div><\/div><\/div><br \/>\r\n<p id=\"correct9\" align=\"left\"><\/p>\r\n<a class=\"btn btn-success tipp9 hidden\" style=\"text-decoration: none, color:white;\" title=\"I will need pincers...\" href=\"#9\" data-toggle=\"popover\" data-placement=\"top\" data-trigger=\"hover\" data-content=\" 'pincers' ist ein Mehrzahlwort  'die Pinzette' \u2794  'pincers' (weil sie aus zwei Schenkeln besteht) \">Tipp<\/a>\r\n\r\n\r\n<\/div>\r\n<div class=\"container\">\r\n\r\n<!-- The Modal -->\r\n<div id=\"myModal\" class=\"modal\">\r\n<div class=\"modal-dialog\">\r\n<div class=\"modal-content\">\r\n\r\n<!-- Modal Header -->\r\n<div class=\"modal-header\">\r\n<h4 class=\"modal-title\">Mehrzahlw\u00f6rter &#8211; Einzahlw\u00f6rter &#8211; Englisch<\/h4>\r\n<button class=\"close\" type=\"button\" data-dismiss=\"modal\">\u00d7<\/button>\r\n\r\n<\/div>\r\n<!-- Modal body -->\r\n<div class=\"modal-body\"><table class=\"table table-bordered table-sm table-hover\">\r\n<thead>\r\n<tr class=\"table-danger\">\r\n<th colspan=\"2\">Mehrzahlw\u00f6rter &#8211; Einzahlw\u00f6rter Englisch<\/th>\r\n<\/tr>\r\n<\/thead>\r\n<tbody>\r\n<tr class=\"table-success\">\r\n<td colspan='2'><b>im Deutschen Mehrzahl &#8211; Englisch Einzahl<\/b><\/td>\r\n\r\n<\/tr>\r\n<tr class=\"table-primary\">\r\n<td><b>Deutsch<\/b><\/td>\r\n<td><b>Englisch<\/b><\/td><\/tr>\r\n<tr class=\"table-info\"><td><b><i class=\"text-danger\">Informationen<\/i><\/b><\/td>\r\n<td><b><i class=\"text-danger\">information <s>informations<\/s><\/i><\/b><\/td>\r\n<\/tr>\r\n<tr class=\"table-info\">\r\n<td><b><i class=\"text-danger\"> Ratschl\u00e4ge <\/i> <\/b><\/td>\r\n<td><b><i class=\"text-danger\"> advice <s>advices<\/s> <\/i> <\/b><\/td>\r\n<\/tr>\r\n<tr class=\"table-info\">\r\n<td><b><i class=\"text-danger\"> M\u00f6bel <\/i> <\/b><\/td>\r\n<td><b><i class=\"text-danger\"> furniture <s>furnitures<\/s> <\/i> <\/b><\/td>\r\n<\/tr>\r\n<tr class=\"table-info\">\r\n<td><b><i class=\"text-danger\"> Haare (Haupthaar) <\/i> <\/b><\/td>\r\n<td><b><i class=\"text-danger\"> hair &#8211; hairs bezieht sich auf einzelne Haare <\/i> <\/b><\/td>\r\n<\/tr>\r\n<tr class=\"table-info\">\r\n<td><b><i class=\"text-danger\"> Rinder <\/i> <\/b><\/td>\r\n<td><b><i class=\"text-danger\"> cattle <\/i> <\/b><\/td>\r\n<\/tr>\r\n<tr class=\"table-success\">\r\n<td colspan='2'><b>Im Deutschen Einzahl im Englischen Einzahl<\/b><\/td>\r\n\r\n<\/tr>\r\n<tr class=\"table-primary\">\r\n<td><b>Deutsch<\/b><\/td>\r\n<td><b>Englisch<\/b><\/td><\/tr>\r\n<tr class=\"table-info\"><td><b><i class=\"text-danger\">Schere<\/i><\/b><\/td>\r\n<td><b><i class=\"text-danger\">scissors<\/i><\/b><\/td>\r\n<\/tr>\r\n<tr class=\"table-info\">\r\n<td><b><i class=\"text-danger\"> Hose <\/i> <\/b><\/td>\r\n<td><b><i class=\"text-danger\"> trousers \/ pants (US)<\/i> <\/b><\/td>\r\n<\/tr>\r\n<tr class=\"table-info\">\r\n<td><b><i class=\"text-danger\"> Brille <\/i> <\/b><\/td>\r\n<td><b><i class=\"text-danger\"> glasses <\/i> <\/b><\/td>\r\n<\/tr>\r\n<tr class=\"table-info\">\r\n<td><b><i class=\"text-danger\"> Kombizange <\/i> <\/b><\/td>\r\n<td><b><i class=\"text-danger\"> pliers<\/i> <\/b><\/td>\r\n<\/tr>\r\n<tr class=\"table-success\">\r\n<td colspan='2'><b>Das Wort &#8217;news&#8216; existiert im Englischen nur in der Mehrzahl, der Bezug des Verbs ist jedoch Singular<\/b><\/td>\r\n<tr class=\"table-primary\">\r\n<td><b>Deutsch<\/b><\/td>\r\n<td><b>Englisch<\/b><\/td><\/tr>\r\n<\/tr>\r\n<tr class=\"table-info\"><td><b><i class=\"text-danger\"> Das ist eine gef\u00e4lschte Neuigkeit. <\/i><\/b><td><b><i class=\"text-danger\"> This is fake news. <\/i><\/b><\/td>\r\n\r\n<\/tr>\r\n\r\n\r\n\r\n\r\n<\/tbody>\r\n<\/table><\/div>\r\n<!-- Modal footer -->\r\n<div class=\"modal-footer\"><button class=\"btn btn-danger\" type=\"button\" data-dismiss=\"modal\">Close<\/button><\/div>\r\n<\/div>\r\n<\/div>\r\n<\/div>\r\n<\/div>\r\n<\/div>\r\n\r\n\r\n<hr>\r\n<button id=\"submitButton\" class=\"btn-lg btn-primary \" type=\"submit\" value=\"submit\">Pr\u00fcfen<\/button><button id=\"resetButton\" class=\"btn-lg btn-success\" type=\"submit\" onclick=\"refreshPage()\">Neustart<\/button><button id=\"submitButton\" class=\"btn-lg btn-info\" type=\"submit\" value=\"submit\" data-toggle=\"modal\" data-target=\"#myModal\">Tipp<\/button>\r\n\r\n<p id=\"result\"><\/p>\r\n<p id=\"result2\"><\/p>\r\n<hr>\r\n\r\n<h3>Alle \u00dcbungen Mehrzahlw\u00f6rter &#8211; Einzahlw\u00f6rter &#8211; Englisch:<\/h3>\r\n\r\n<hr>\r\n\r\n<div id=\"bellows-main-60\" class=\"bellows bellows-nojs bellows-main bellows-source-menu bellows-align-full bellows-skin-vanilla bellows-type-\"><ul id=\"menu-plural\" class=\"bellows-nav\" data-bellows-config=\"main\"><li id=\"menu-item-7200\" class=\"bellows-menu-item bellows-menu-item-type-post_type bellows-menu-item-object-page bellows-menu-item-7200 bellows-item-level-0\"><a  href=\"https:\/\/english-munich.de\/training\/mehrzahl-pluralbildung-englisch\/\" class=\"bellows-target\"><span class=\"bellows-target-title bellows-target-text\">\u2611\ufe0fMehrzahl \u2013  Pluralbildung<\/span><\/a><\/li>\n<li id=\"menu-item-7220\" class=\"bellows-menu-item bellows-menu-item-type-post_type bellows-menu-item-object-page bellows-menu-item-7220 bellows-item-level-0\"><a  href=\"https:\/\/english-munich.de\/training\/pluralbildung-mehrzahl-englisch-2\/\" class=\"bellows-target\"><span class=\"bellows-target-title bellows-target-text\">\u2611\ufe0fMehrzahl \u2013  Pluralbildung<\/span><\/a><\/li>\n<li id=\"menu-item-7247\" class=\"bellows-menu-item bellows-menu-item-type-post_type bellows-menu-item-object-page bellows-menu-item-7247 bellows-item-level-0\"><a  href=\"https:\/\/english-munich.de\/training\/mehrzahl-bildung-pluralformen-englisch-unregelmaessig\/\" class=\"bellows-target\"><span class=\"bellows-target-title bellows-target-text\">\u270d\ufe0fMehrzahl \u2013 unregelm\u00e4\u00dfig<\/span><\/a><\/li>\n<li id=\"menu-item-7260\" class=\"bellows-menu-item bellows-menu-item-type-post_type bellows-menu-item-object-page bellows-menu-item-7260 bellows-item-level-0\"><a  href=\"https:\/\/english-munich.de\/training\/mehrzahl-pluralbilddung-englisch-3\/\" class=\"bellows-target\"><span class=\"bellows-target-title bellows-target-text\">\u270d\ufe0fMehrzahl \u2013  Pluralbilddung<\/span><\/a><\/li>\n<li id=\"menu-item-7342\" class=\"bellows-menu-item bellows-menu-item-type-post_type bellows-menu-item-object-page bellows-menu-item-7342 bellows-item-level-0\"><a  href=\"https:\/\/english-munich.de\/training\/mehrzahlwoerter-einzahlwoerter-englisch\/\" class=\"bellows-target\"><span class=\"bellows-target-title bellows-target-text\">\u2611\ufe0fMehrzahlw\u00f6rter \u2013 Einzahlw\u00f6rter<\/span><\/a><\/li>\n<li id=\"menu-item-7361\" class=\"bellows-menu-item bellows-menu-item-type-post_type bellows-menu-item-object-page bellows-menu-item-7361 bellows-item-level-0\"><a  href=\"https:\/\/english-munich.de\/training\/mehrzahlwoerter-einzahlwoerter-englisch-2\/\" class=\"bellows-target\"><span class=\"bellows-target-title bellows-target-text\">\u270d\ufe0fMehrzahlw\u00f6rter \u2013 Einzahlw\u00f6rter<\/span><\/a><\/li>\n<li id=\"menu-item-7549\" class=\"bellows-menu-item bellows-menu-item-type-post_type bellows-menu-item-object-page bellows-menu-item-7549 bellows-item-level-0\"><a  href=\"https:\/\/english-munich.de\/training\/kreuzwortraetsel-regelmaessiger-plural-englisch\/\" class=\"bellows-target\"><span class=\"bellows-target-title bellows-target-text\">\ud83d\udd33Kreuzwortr\u00e4tsel regelm\u00e4\u00dfiger Plural<\/span><\/a><\/li>\n<li id=\"menu-item-7550\" class=\"bellows-menu-item bellows-menu-item-type-post_type bellows-menu-item-object-page bellows-menu-item-7550 bellows-item-level-0\"><a  href=\"https:\/\/english-munich.de\/training\/test\/\" class=\"bellows-target\"><span class=\"bellows-target-title bellows-target-text\">\ud83d\udd33Kreuzwortr\u00e4tsel \u2013 unregelm\u00e4\u00dfiger Plural<\/span><\/a><\/li>\n<\/ul><\/div>\r\n\r\n<\/div>","protected":false},"excerpt":{"rendered":"Mehrzahlw\u00f6rter &#8211; Einzahlw\u00f6rter &#8211; Englisch &#8211; Aufgaben \u00dcbungen zur Mehrzahlw\u00f6rtern &#8211; Einzahlw\u00f6rtern &#8211; Englisch Beispiel \u24ffI need some &nbsp;&nbsp; don&#8217;t did didn&#8217;t do doesn&#8217;t did Die richtige L\u00f6sung ist: &#8222;advice&#8220;&nbsp;&nbsp;Tipp \u2611\ufe0f W\u00e4hle die richtige Option der Mehrzahlw\u00f6rter bzw. Einzahlw\u00f6rter : \u2776Can you give me some &nbsp;&nbsp; information informations about the game ? Tipp \u2777 I [&hellip;]","protected":false},"author":3,"featured_media":0,"parent":0,"menu_order":0,"comment_status":"closed","ping_status":"closed","template":"","meta":[],"_links":{"self":[{"href":"https:\/\/english-munich.de\/training\/wp-json\/wp\/v2\/pages\/7282"}],"collection":[{"href":"https:\/\/english-munich.de\/training\/wp-json\/wp\/v2\/pages"}],"about":[{"href":"https:\/\/english-munich.de\/training\/wp-json\/wp\/v2\/types\/page"}],"author":[{"embeddable":true,"href":"https:\/\/english-munich.de\/training\/wp-json\/wp\/v2\/users\/3"}],"replies":[{"embeddable":true,"href":"https:\/\/english-munich.de\/training\/wp-json\/wp\/v2\/comments?post=7282"}],"version-history":[{"count":60,"href":"https:\/\/english-munich.de\/training\/wp-json\/wp\/v2\/pages\/7282\/revisions"}],"predecessor-version":[{"id":10366,"href":"https:\/\/english-munich.de\/training\/wp-json\/wp\/v2\/pages\/7282\/revisions\/10366"}],"wp:attachment":[{"href":"https:\/\/english-munich.de\/training\/wp-json\/wp\/v2\/media?parent=7282"}],"curies":[{"name":"wp","href":"https:\/\/api.w.org\/{rel}","templated":true}]}}