{"id":7262,"date":"2021-03-06T18:48:32","date_gmt":"2021-03-06T18:48:32","guid":{"rendered":"https:\/\/english-munich.de\/training\/?page_id=7262"},"modified":"2022-02-25T12:17:36","modified_gmt":"2022-02-25T12:17:36","slug":"mehrzahl-pluralbildung-englisch-2","status":"publish","type":"page","link":"https:\/\/english-munich.de\/training\/mehrzahl-pluralbildung-englisch-2\/","title":{"rendered":"Mehrzahl &#8211; Pluralbildung &#8211; Englisch"},"content":{"rendered":"<div class=\"container well\">\r\n<h2>Mehrzahl &#8211; Pluralbildung- Aufgaben und Erkl\u00e4rungen<\/h2>\r\n<hr>\r\n<h3>Mehrzahl &#8211; Pluralbildung &#8211; Aufgaben:<\/h3>\r\n<div id=\"bellows-main-60\" class=\"bellows bellows-nojs bellows-main bellows-source-menu bellows-align-full bellows-skin-vanilla bellows-type-\"><ul id=\"menu-plural\" class=\"bellows-nav\" data-bellows-config=\"main\"><li id=\"menu-item-7200\" class=\"bellows-menu-item bellows-menu-item-type-post_type bellows-menu-item-object-page bellows-menu-item-7200 bellows-item-level-0\"><a  href=\"https:\/\/english-munich.de\/training\/mehrzahl-pluralbildung-englisch\/\" class=\"bellows-target\"><span class=\"bellows-target-title bellows-target-text\">\u2611\ufe0fMehrzahl \u2013  Pluralbildung<\/span><\/a><\/li>\n<li id=\"menu-item-7220\" class=\"bellows-menu-item bellows-menu-item-type-post_type bellows-menu-item-object-page bellows-menu-item-7220 bellows-item-level-0\"><a  href=\"https:\/\/english-munich.de\/training\/pluralbildung-mehrzahl-englisch-2\/\" class=\"bellows-target\"><span class=\"bellows-target-title bellows-target-text\">\u2611\ufe0fMehrzahl \u2013  Pluralbildung<\/span><\/a><\/li>\n<li id=\"menu-item-7247\" class=\"bellows-menu-item bellows-menu-item-type-post_type bellows-menu-item-object-page bellows-menu-item-7247 bellows-item-level-0\"><a  href=\"https:\/\/english-munich.de\/training\/mehrzahl-bildung-pluralformen-englisch-unregelmaessig\/\" class=\"bellows-target\"><span class=\"bellows-target-title bellows-target-text\">\u270d\ufe0fMehrzahl \u2013 unregelm\u00e4\u00dfig<\/span><\/a><\/li>\n<li id=\"menu-item-7260\" class=\"bellows-menu-item bellows-menu-item-type-post_type bellows-menu-item-object-page bellows-menu-item-7260 bellows-item-level-0\"><a  href=\"https:\/\/english-munich.de\/training\/mehrzahl-pluralbilddung-englisch-3\/\" class=\"bellows-target\"><span class=\"bellows-target-title bellows-target-text\">\u270d\ufe0fMehrzahl \u2013  Pluralbilddung<\/span><\/a><\/li>\n<li id=\"menu-item-7342\" class=\"bellows-menu-item bellows-menu-item-type-post_type bellows-menu-item-object-page bellows-menu-item-7342 bellows-item-level-0\"><a  href=\"https:\/\/english-munich.de\/training\/mehrzahlwoerter-einzahlwoerter-englisch\/\" class=\"bellows-target\"><span class=\"bellows-target-title bellows-target-text\">\u2611\ufe0fMehrzahlw\u00f6rter \u2013 Einzahlw\u00f6rter<\/span><\/a><\/li>\n<li id=\"menu-item-7361\" class=\"bellows-menu-item bellows-menu-item-type-post_type bellows-menu-item-object-page bellows-menu-item-7361 bellows-item-level-0\"><a  href=\"https:\/\/english-munich.de\/training\/mehrzahlwoerter-einzahlwoerter-englisch-2\/\" class=\"bellows-target\"><span class=\"bellows-target-title bellows-target-text\">\u270d\ufe0fMehrzahlw\u00f6rter \u2013 Einzahlw\u00f6rter<\/span><\/a><\/li>\n<li id=\"menu-item-7549\" class=\"bellows-menu-item bellows-menu-item-type-post_type bellows-menu-item-object-page bellows-menu-item-7549 bellows-item-level-0\"><a  href=\"https:\/\/english-munich.de\/training\/kreuzwortraetsel-regelmaessiger-plural-englisch\/\" class=\"bellows-target\"><span class=\"bellows-target-title bellows-target-text\">\ud83d\udd33Kreuzwortr\u00e4tsel regelm\u00e4\u00dfiger Plural<\/span><\/a><\/li>\n<li id=\"menu-item-7550\" class=\"bellows-menu-item bellows-menu-item-type-post_type bellows-menu-item-object-page bellows-menu-item-7550 bellows-item-level-0\"><a  href=\"https:\/\/english-munich.de\/training\/test\/\" class=\"bellows-target\"><span class=\"bellows-target-title bellows-target-text\">\ud83d\udd33Kreuzwortr\u00e4tsel \u2013 unregelm\u00e4\u00dfiger Plural<\/span><\/a><\/li>\n<\/ul><\/div>\r\n<h3>Mehrzahl Pluralbildung Erkl\u00e4rungen<\/h3>\r\nDie Bildung der <i class=\"text-danger\"> Mehrzahl <\/i> ist auf Englisch weit weniger kompliziert als im Deutschen. Jedoch gibt es auch im Plural klare Regeln. Au\u00dferdem gibt es nat\u00fcrlich jede Menge <i class=\"text-danger\">Ausnahmen<\/i>. Diese musst Du leider lernen.\ud83d\ude20\r\nJedoch gibt es auch eine gute Nachricht. Die Anzahl der Ausnahmen bei der Mehrzahl im Englischen sind durchaus \u00fcberschaubar. <br \/>\r\n\r\n<div class=\"iframe-container\">\r\n<iframe width=\"560\" height=\"315\" src=\"https:\/\/www.youtube.com\/embed\/VcDDv5T40zw\" title=\"Englisch Mehrzahl\" loading=\"lazy\" frameborder=\"0\" allow=\"accelerometer; autoplay; clipboard-write; encrypted-media; gyroscope; picture-in-picture\" allowfullscreen><\/iframe><\/div>\r\n<table class=\"table table-bordered table-sm table-hover\">\r\n<thead>\r\n<tr class=\"table-danger\">\r\n<th colspan=\"2\">Mehrzahl &#8211; Pluralbildung Englisch<\/th>\r\n<\/tr>\r\n<\/thead>\r\n<tbody>\r\n<tr class=\"table-success\">\r\n<td colspan='2'><b>regelm\u00e4\u00dfige Bildung &#8211; einfach ein &#8218;-s&#8216; an das Wort in der Einzahl anh\u00e4ngen<\/b><\/td>\r\n\r\n<\/tr>\r\n<tr class=\"table-primary\">\r\n<td><b>Einzahl<\/b><\/td>\r\n<td><b>Mehrzahl<\/b><\/td><\/tr>\r\n<tr class=\"table-info\"><td><b><i class=\"text-danger\">beer<\/i><\/b><\/td>\r\n<td><b><i class=\"text-danger\">beers<\/i><\/b><\/td>\r\n<\/tr>\r\n<tr class=\"table-info\">\r\n<td><b><i class=\"text-danger\"> ball <\/i> <\/b><\/td>\r\n<td><b><i class=\"text-danger\"> balls <\/i> <\/b><\/td>\r\n<\/tr>\r\n<tr class=\"table-info\">\r\n<td><b><i class=\"text-danger\"> book <\/i> <\/b><\/td>\r\n<td><b><i class=\"text-danger\"> books <\/i> <\/b><\/td>\r\n<\/tr>\r\n<tr class=\"table-success\">\r\n<td colspan='2'><b>Substantiv endet auf einen Zischlaut; an das Wortende wird ein &#8218;-es&#8216; angeh\u00e4ngt. Ist das &#8218;-e&#8216; stumm, wird nur &#8218;-s&#8216; erg\u00e4nzt.<\/b><\/td>\r\n\r\n<\/tr>\r\n<tr class=\"table-primary\">\r\n<td><b>Einzahl<\/b><\/td>\r\n<td><b>Mehrzahl<\/b><\/td><\/tr>\r\n<tr class=\"table-info\"><td><b><i class=\"text-danger\">box<\/i><\/b><\/td>\r\n<td><b><i class=\"text-danger\">boxes<\/i><\/b><\/td>\r\n<\/tr>\r\n<tr class=\"table-info\">\r\n<td><b><i class=\"text-danger\"> witch <\/i> <\/b><\/td>\r\n<td><b><i class=\"text-danger\"> witches <\/i> <\/b><\/td>\r\n<\/tr>\r\n<tr class=\"table-info\">\r\n<td><b><i class=\"text-danger\"> rose <\/i> <\/b><\/td>\r\n<td><b><i class=\"text-danger\"> roses <\/i> <\/b><\/td>\r\n<\/tr>\r\n<tr class=\"table-success\">\r\n<td colspan='2'><b>endet ein Substantiv auf&#8216;-y&#8216; und der vorletzte Buchstabe ist ein Konsonant , wird &#8218;-y&#8216; bei der Pluralbildung zu einem &#8218;-ies&#8216;<\/b><\/td>\r\n\r\n<\/tr>\r\n<tr class=\"table-primary\">\r\n<td><b>Einzahl<\/b><\/td>\r\n<td><b>Mehrzahl<\/b><\/td><\/tr>\r\n<tr class=\"table-info\"><td><b><i class=\"text-danger\"> city <\/i><\/b><\/td>\r\n<td><b><i class=\"text-danger\"> cities <\/i><\/b><\/td>\r\n<\/tr>\r\n<tr class=\"table-info\">\r\n<td><b><i class=\"text-danger\"> daisy <\/i> <\/b><\/td>\r\n<td><b><i class=\"text-danger\"> daisies <\/i> <\/b><\/td>\r\n<\/tr>\r\n<tr class=\"table-success\">\r\n<td colspan='2'><b>endet ein Substantiv auf&#8216;-y&#8216; und der vorletzte Buchstabe ist ein Vokal , bleibt das &#8218;-y&#8216; bei der Pluralbildung erhalten<\/b><\/td>\r\n<\/tr>\r\n<tr class=\"table-primary\">\r\n<td><b>Einzahl<\/b><\/td>\r\n<td><b>Mehrzahl<\/b><\/td><\/tr>\r\n<tr class=\"table-info\"><td><b><i class=\"text-danger\"> toy <\/i><\/b><\/td>\r\n<td><b><i class=\"text-danger\"> toys <\/i><\/b><\/td>\r\n<\/tr>\r\n<tr class=\"table-info\">\r\n<td><b><i class=\"text-danger\"> day <\/i> <\/b><\/td>\r\n<td><b><i class=\"text-danger\"> days <\/i> <\/b><\/td>\r\n<\/tr>\r\n<tr class=\"table-success\">\r\n<td colspan='2'><b>endet ein Substantiv auf &#8218;-f&#8216; und die Mehrzahl wird kurz ausgesprochen, ist die Pluralbildung regelm\u00e4\u00dfig; es wird einfach ein &#8218;-s&#8216; ans Wortende angeh\u00e4ngt.<\/b><\/td>\r\n<\/tr>\r\n<tr class=\"table-primary\">\r\n<td><b>Einzahl<\/b><\/td>\r\n<td><b>Mehrzahl<\/b><\/td><\/tr>\r\n<tr class=\"table-info\"><td><b><i class=\"text-danger\"> roof <\/i><\/b><\/td>\r\n<td><b><i class=\"text-danger\"> roofs <\/i><\/b><\/td>\r\n<\/tr>\r\n<tr class=\"table-info\">\r\n<td><b><i class=\"text-danger\"> riff <\/i> <\/b><\/td>\r\n<td><b><i class=\"text-danger\"> riffs <\/i> <\/b><\/td>\r\n<\/tr>\r\n<tr class=\"table-success\">\r\n<td colspan='2'><b>endet ein Substantiv auf &#8218;-f&#8216; und die Mehrzahl wird gedehnt ausgesprochen, ist die Pluralbildung uregelm\u00e4\u00dfig; es muss ein &#8218;-es&#8216; ans Wortende angeh\u00e4ngt werden.<\/b><\/td>\r\n<\/tr>\r\n<tr class=\"table-primary\">\r\n<td><b>Einzahl<\/b><\/td>\r\n<td><b>Mehrzahl<\/b><\/td><\/tr>\r\n<tr class=\"table-info\"><td><b><i class=\"text-danger\"> thief <\/i><\/b><\/td>\r\n<td><b><i class=\"text-danger\"> thieves <\/i><\/b><\/td>\r\n<\/tr>\r\n<tr class=\"table-info\">\r\n<td><b><i class=\"text-danger\"> shelf <\/i> <\/b><\/td>\r\n<td><b><i class=\"text-danger\"> shelves <\/i> <\/b><\/td>\r\n<\/tr>\r\n<tr class=\"table-success\">\r\n<td colspan='2'><b>endet ein Substantiv auf &#8218;o&#8216; wird die Mehrzahl gebildet, indem entweder ein &#8218;-s&#8216; oder ein &#8218;-es&#8216; angeh\u00e4ngt wird. Hier gibt es leider keine eindeutigen Regeln.<\/b><\/td>\r\n<\/tr>\r\n<tr class=\"table-primary\">\r\n<td><b>Einzahl<\/b><\/td>\r\n<td><b>Mehrzahl<\/b><\/td><\/tr>\r\n<tr class=\"table-info\"><td><b><i class=\"text-danger\"> disco <\/i><\/b><\/td>\r\n<td><b><i class=\"text-danger\"> discos <\/i><\/b><\/td>\r\n<\/tr>\r\n<tr class=\"table-info\">\r\n<td><b><i class=\"text-danger\"> bongo  <\/i> <\/b><\/td>\r\n<td><b><i class=\"text-danger\"> bongos <\/i> <\/b><\/td>\r\n<\/tr>\r\n\r\n<tr class=\"table-info\"><td><b><i class=\"text-danger\"> domino   <\/i><\/b><\/td>\r\n<td><b><i class=\"text-danger\"> dominos <\/i><\/b><\/td>\r\n<\/tr>\r\n<tr class=\"table-info\">\r\n<td><b><i class=\"text-danger\"> potato  <\/i> <\/b><\/td>\r\n<td><b><i class=\"text-danger\"> potatoes <\/i> <\/b><\/td>\r\n<\/tr>\r\n<tr class=\"table-success\">\r\n<td colspan='2'><b>Dann gibt es noch einige Substantive deren Pluralbildung komplett unregelm\u00e4\u00dfig ist:<\/b><\/td>\r\n<\/tr>\r\n<tr class=\"table-primary\">\r\n<td><b>Einzahl<\/b><\/td>\r\n<td><b>Mehrzahl<\/b><\/td><\/tr>\r\n<tr class=\"table-info\"><td><b><i class=\"text-danger\"> ox <\/i><\/b><\/td>\r\n<td><b><i class=\"text-danger\"> oxen <\/i><\/b><\/td>\r\n<\/tr>\r\n<tr class=\"table-info\">\r\n<td><b><i class=\"text-danger\"> child  <\/i> <\/b><\/td>\r\n<td><b><i class=\"text-danger\"> children <\/i> <\/b><\/td>\r\n<\/tr>\r\n<\/tr>\r\n<tr class=\"table-info\"><td><b><i class=\"text-danger\"> aircraft   <\/i><\/b><\/td>\r\n<td><b><i class=\"text-danger\"> aircraft <\/i><\/b><\/td>\r\n<\/tr>\r\n<tr class=\"table-info\">\r\n<td><b><i class=\"text-danger\"> man  <\/i> <\/b><\/td>\r\n<td><b><i class=\"text-danger\"> men <\/i> <\/b><\/td>\r\n<\/tr>\r\n<tr class=\"table-info\"><td><b><i class=\"text-danger\"> woman <\/i><\/b><\/td>\r\n<td><b><i class=\"text-danger\"> women <\/i><\/b><\/td>\r\n<\/tr>\r\n<tr class=\"table-info\">\r\n<td><b><i class=\"text-danger\"> sheep  <\/i> <\/b><\/td>\r\n<td><b><i class=\"text-danger\"> sheep <\/i> <\/b><\/td>\r\n<\/tr>\r\n<\/tr>\r\n\r\n<tr class=\"table-info\"><td><b><i class=\"text-danger\"> goose   <\/i><\/b><\/td>\r\n<td><b><i class=\"text-danger\">   geese <\/i><\/b><\/td>\r\n<\/tr>\r\n<tr class=\"table-info\">\r\n<td><b><i class=\"text-danger\"> mouse  <\/i> <\/b><\/td>\r\n<td><b><i class=\"text-danger\"> mice <\/i> <\/b><\/td>\r\n<\/tr>\r\n<\/tbody>\r\n<\/table>\r\n<h4>Einzahlw\u00f6rter &#8211; Mehrzahlw\u00f6rter<\/h4>\r\nEinige W\u00f6rter werden im Deutschen in der Einzahl verwendet, ihre englische <i class=\"text-danger\">Entsprechung<\/i> hingegen in der Mehrzahl. Ebenso ist der umgekehrte Fall m\u00f6glich:<br \/>\r\n\r\n<table class=\"table table-bordered table-sm table-hover\">\r\n<thead>\r\n<tr class=\"table-danger\">\r\n<th colspan=\"2\">Mehrzahlw\u00f6rter &#8211; Einzahlw\u00f6rter Englisch<\/th>\r\n<\/tr>\r\n<\/thead>\r\n<tbody>\r\n<tr class=\"table-success\">\r\n<td colspan='2'><b>im Deutschen Mehrzahl &#8211; Englisch Einzahl<\/b><\/td>\r\n\r\n<\/tr>\r\n<tr class=\"table-primary\">\r\n<td><b>Deutsch<\/b><\/td>\r\n<td><b>Englisch<\/b><\/td><\/tr>\r\n<tr class=\"table-info\"><td><b><i class=\"text-danger\">Informationen<\/i><\/b><\/td>\r\n<td><b><i class=\"text-danger\">information <s>informations<\/s><\/i><\/b><\/td>\r\n<\/tr>\r\n<tr class=\"table-info\">\r\n<td><b><i class=\"text-danger\"> Ratschl\u00e4ge <\/i> <\/b><\/td>\r\n<td><b><i class=\"text-danger\"> advice <s>advices<\/s> <\/i> <\/b><\/td>\r\n<\/tr>\r\n<tr class=\"table-info\">\r\n<td><b><i class=\"text-danger\"> M\u00f6bel <\/i> <\/b><\/td>\r\n<td><b><i class=\"text-danger\"> furniture <s>furnitures<\/s> <\/i> <\/b><\/td>\r\n<\/tr>\r\n<tr class=\"table-info\">\r\n<td><b><i class=\"text-danger\"> Haare (Haupthaar) <\/i> <\/b><\/td>\r\n<td><b><i class=\"text-danger\"> hair &#8211; hairs bezieht sich auf einzelne Haare <\/i> <\/b><\/td>\r\n<\/tr>\r\n<tr class=\"table-info\">\r\n<td><b><i class=\"text-danger\"> Rinder <\/i> <\/b><\/td>\r\n<td><b><i class=\"text-danger\"> cattle <\/i> <\/b><\/td>\r\n<\/tr>\r\n<tr class=\"table-success\">\r\n<td colspan='2'><b>Im Deutschen Einzahl im Englischen Mehrzahl<\/b><\/td>\r\n\r\n<\/tr>\r\n<tr class=\"table-primary\">\r\n<td><b>Deutsch<\/b><\/td>\r\n<td><b>Englisch<\/b><\/td><\/tr>\r\n<tr class=\"table-info\"><td><b><i class=\"text-danger\">Schere<\/i><\/b><\/td>\r\n<td><b><i class=\"text-danger\">scissors<\/i><\/b><\/td>\r\n<\/tr>\r\n<tr class=\"table-info\">\r\n<td><b><i class=\"text-danger\"> Hose <\/i> <\/b><\/td>\r\n<td><b><i class=\"text-danger\"> trousers \/ pants (US)<\/i> <\/b><\/td>\r\n<\/tr>\r\n<tr class=\"table-info\">\r\n<td><b><i class=\"text-danger\"> Brille <\/i> <\/b><\/td>\r\n<td><b><i class=\"text-danger\"> glasses <\/i> <\/b><\/td>\r\n<\/tr>\r\n<tr class=\"table-info\">\r\n<td><b><i class=\"text-danger\"> Kombizange <\/i> <\/b><\/td>\r\n<td><b><i class=\"text-danger\"> pliers<\/i> <\/b><\/td>\r\n<\/tr>\r\n<tr class=\"table-success\">\r\n<td colspan='2'><b>Das Wort &#8217;news&#8216; existiert im Englischen nur in der Mehrzahl, der Bezug des Verbs ist jedoch Singular<\/b><\/td>\r\n<tr class=\"table-primary\">\r\n<td><b>Deutsch<\/b><\/td>\r\n<td><b>Englisch<\/b><\/td><\/tr>\r\n<\/tr>\r\n<tr class=\"table-info\"><td><b><i class=\"text-danger\"> Das ist eine gef\u00e4lschte Neuigkeit. <\/i><\/b><td><b><i class=\"text-danger\"> This is fake news. <\/i><\/b><\/td>\r\n\r\n<\/tr>\r\n\r\n<\/tbody>\r\n<\/table>\r\n<\/div>","protected":false},"excerpt":{"rendered":"Mehrzahl &#8211; Pluralbildung- Aufgaben und Erkl\u00e4rungen Mehrzahl &#8211; Pluralbildung &#8211; Aufgaben: Mehrzahl Pluralbildung Erkl\u00e4rungen Die Bildung der Mehrzahl ist auf Englisch weit weniger kompliziert als im Deutschen. Jedoch gibt es auch im Plural klare Regeln. Au\u00dferdem gibt es nat\u00fcrlich jede Menge Ausnahmen. Diese musst Du leider lernen.\ud83d\ude20 Jedoch gibt es auch eine gute Nachricht. Die [&hellip;]","protected":false},"author":3,"featured_media":0,"parent":0,"menu_order":0,"comment_status":"closed","ping_status":"closed","template":"","meta":[],"_links":{"self":[{"href":"https:\/\/english-munich.de\/training\/wp-json\/wp\/v2\/pages\/7262"}],"collection":[{"href":"https:\/\/english-munich.de\/training\/wp-json\/wp\/v2\/pages"}],"about":[{"href":"https:\/\/english-munich.de\/training\/wp-json\/wp\/v2\/types\/page"}],"author":[{"embeddable":true,"href":"https:\/\/english-munich.de\/training\/wp-json\/wp\/v2\/users\/3"}],"replies":[{"embeddable":true,"href":"https:\/\/english-munich.de\/training\/wp-json\/wp\/v2\/comments?post=7262"}],"version-history":[{"count":10,"href":"https:\/\/english-munich.de\/training\/wp-json\/wp\/v2\/pages\/7262\/revisions"}],"predecessor-version":[{"id":7337,"href":"https:\/\/english-munich.de\/training\/wp-json\/wp\/v2\/pages\/7262\/revisions\/7337"}],"wp:attachment":[{"href":"https:\/\/english-munich.de\/training\/wp-json\/wp\/v2\/media?parent=7262"}],"curies":[{"name":"wp","href":"https:\/\/api.w.org\/{rel}","templated":true}]}}