{"id":7253,"date":"2021-03-06T17:58:41","date_gmt":"2021-03-06T17:58:41","guid":{"rendered":"https:\/\/english-munich.de\/training\/?page_id=7253"},"modified":"2022-02-15T10:46:34","modified_gmt":"2022-02-15T10:46:34","slug":"mehrzahl-pluralbilddung-englisch-3","status":"publish","type":"page","link":"https:\/\/english-munich.de\/training\/mehrzahl-pluralbilddung-englisch-3\/","title":{"rendered":"Mehrzahl &#8211;  Pluralbilddung &#8211; Englisch 3"},"content":{"rendered":"<div class=\"jumbotron text-center\">\r\n<h2> Mehrzahl &#8211; Englisch &#8211; Aufgaben<\/h2>\r\nMehrzahl Pluralbildung Englisch\r\n\r\n<\/div>\r\n<div class=\"bs-example\">\r\n<div class=\"accordion\" id=\"accordionExample\">\r\n<div class=\"card\">\r\n<div class=\"card-header\" id=\"headingOne\">\r\n<h2 class=\"mb-0\" style=\"color:#000\">\r\n                    <button type=\"button\" class=\"btn btn-link collapsed\" data-toggle=\"collapse\" data-target=\"#collapseOne\">Beispiel<\/button><\/h2>\r\n<\/div>\r\n<div id=\"collapseOne\" class=\"collapse\" aria-labelledby=\"headingOne\" data-parent=\"#accordionExample\">\r\n<div class=\"card-body\">\r\n<div class=\"form-inline\">\r\n\r\nmouse <input type=\"text\" class=\"form-control\" id=\"panel-beispiel\" disabled=\"\" value=\"mice\"><br \/>\r\n<\/div>\r\nDie richtige L\u00f6sung ist: <i>mice<\/i>&nbsp;&nbsp;<button class=\"btn-lg btn-info\" type=\"button\" value=\"submit\" data-toggle=\"modal\" data-target=\"#myModal\">Tipp<\/button>\r\n\r\n\r\n<\/div>\r\n<\/div>\r\n<\/div>\r\n<\/div>\r\n<br \/><br \/>\r\n<div class=\"container well\">\r\n<h4>\u270d\ufe0f F\u00fclle die Form des Namenwortes in der <b>Mehrzahl<\/b> in die L\u00fccken:<\/h4>\r\n\r\n<hr>\r\n\r\n<br \/>\r\n<div class=\"container\">\r\n<div class=\"row\">\r\n<div>\r\nvocabulary <input type=\"text\" class=\"form-control\" id=\"q0\" autocomplete=\"off\">\r\n<p id=\"correct0\" align=\"left\"><\/p>\r\n\r\n<\/div>\r\n<div>\r\ncity <input type=\"text\" class=\"form-control\" id=\"q1\" autocomplete=\"off\">\r\n<p id=\"correct1\" align=\"left\"><\/p>\r\n\r\n<\/div>\r\n<div>\r\nwish <input type=\"text\" class=\"form-control\" id=\"q2\" autocomplete=\"off\">\r\n<p id=\"correct2\" align=\"left\"><\/p>\r\n\r\n<\/div>\r\n<\/div>\r\n<div class=\"row\">\r\n<div>\r\nglass <input type=\"text\" class=\"form-control\" id=\"q3\" autocomplete=\"off\">\r\n<p id=\"correct3\" align=\"left\"><\/p>\r\n\r\n<\/div>\r\n<div>\r\nman <input type=\"text\" class=\"form-control\" id=\"q4\" autocomplete=\"off\">\r\n<p id=\"correct4\" align=\"left\"><\/p>\r\n\r\n<\/div>\r\n<div>\r\nfly <input type=\"text\" class=\"form-control\" id=\"q5\" autocomplete=\"off\">\r\n<p id=\"correct5\" align=\"left\"><\/p>\r\n\r\n<\/div>\r\n<\/div>\r\n<div class=\"row\">\r\n<div>\r\nfish <input type=\"text\" class=\"form-control\" id=\"q6\" autocomplete=\"off\">\r\n<p id=\"correct6\" align=\"left\"><\/p>\r\n\r\n<\/div>\r\n<div>\r\ngoose <input type=\"text\" class=\"form-control\" id=\"q7\" autocomplete=\"off\">\r\n<p id=\"correct7\" align=\"left\"><\/p>\r\n\r\n<\/div>\r\n<div>\r\nox <input type=\"text\" class=\"form-control\" id=\"q8\" autocomplete=\"off\">\r\n<p id=\"correct8\" align=\"left\"><\/p>\r\n\r\n<\/div>\r\n<\/div>\r\n<div class=\"row\">\r\n<div>\r\ncriterion <input type=\"text\" class=\"form-control\" id=\"q9\" autocomplete=\"off\">\r\n<p id=\"correct9\" align=\"left\"><\/p>\r\n\r\n<\/div>\r\n<div>\r\ncounsel <input type=\"text\" class=\"form-control\" id=\"q10\" autocomplete=\"off\">\r\n<p id=\"correct10\" align=\"left\"><\/p>\r\n\r\n<\/div>\r\n<div>\r\naircraft <input type=\"text\" class=\"form-control\" id=\"q11\" autocomplete=\"off\">\r\n<p id=\"correct11\" align=\"left\"><\/p>\r\n\r\n<\/div>\r\n<\/div>\r\n<div class=\"row\">\r\n<div>\r\nbox <input type=\"text\" class=\"form-control\" id=\"q12\" autocomplete=\"off\">\r\n<p id=\"correct12\" align=\"left\"><\/p>\r\n\r\n<\/div>\r\n<div>\r\nshelf <input type=\"text\" class=\"form-control\" id=\"q13\" autocomplete=\"off\">\r\n<p id=\"correct13\" align=\"left\"><\/p>\r\n\r\n<\/div>\r\n<div>\r\nriff <input type=\"text\" class=\"form-control\" id=\"q14\" autocomplete=\"off\">\r\n<p id=\"correct14\" align=\"left\"><\/p>\r\n\r\n<\/div>\r\n<\/div>\r\n<div class=\"row\">\r\n<div>\r\nchild <input type=\"text\" class=\"form-control\" id=\"q15\" autocomplete=\"off\">\r\n<p id=\"correct15\" align=\"left\"><\/p>\r\n\r\n<\/div>\r\n<div>\r\npotato <input type=\"text\" class=\"form-control\" id=\"q16\" autocomplete=\"off\">\r\n<p id=\"correct16\" align=\"left\"><\/p>\r\n\r\n<\/div>\r\n<div>\r\ncourse <input type=\"text\" class=\"form-control\" id=\"q17\" autocomplete=\"off\">\r\n<p id=\"correct17\" align=\"left\"><\/p>\r\n\r\n<\/div>\r\n<\/div>\r\n<div class=\"row\">\r\n<div>\r\nlife <input type=\"text\" class=\"form-control\" id=\"q18\" autocomplete=\"off\">\r\n<p id=\"correct18\" align=\"left\"><\/p>\r\n\r\n<\/div>\r\n<div>\r\nwatch <input type=\"text\" class=\"form-control\" id=\"q19\" autocomplete=\"off\">\r\n<p id=\"correct19\" align=\"left\"><\/p>\r\n\r\n<\/div>\r\n<div>\r\nsquash <input type=\"text\" class=\"form-control\" id=\"q20\" autocomplete=\"off\">\r\n<p id=\"correct20\" align=\"left\"><\/p>\r\n\r\n<\/div>\r\n<\/div>\r\n<div class=\"row\">\r\n<div>\r\nwoman <input type=\"text\" class=\"form-control\" id=\"q21\" autocomplete=\"off\">\r\n<p id=\"correct21\" align=\"left\"><\/p>\r\n\r\n<\/div>\r\n<div>\r\nsheep <input type=\"text\" class=\"form-control\" id=\"q22\" autocomplete=\"off\">\r\n<p id=\"correct22\" align=\"left\"><\/p>\r\n\r\n<\/div>\r\n<div>\r\ndeer <input type=\"text\" class=\"form-control\" id=\"q23\" autocomplete=\"off\">\r\n<p id=\"correct23\" align=\"left\"><\/p>\r\n\r\n<\/div>\r\n<\/div>\r\n<div class=\"row\">\r\n<div>\r\ncattle <input type=\"text\" class=\"form-control\" id=\"q24\" autocomplete=\"off\">\r\n<p id=\"correct24\" align=\"left\"><\/p>\r\n\r\n<\/div>\r\n<div>\r\nperson <input type=\"text\" class=\"form-control\" id=\"q25\" autocomplete=\"off\">\r\n<p id=\"correct25\" align=\"left\"><\/p>\r\n\r\n<\/div>\r\n<div>\r\ndaisy <input type=\"text\" class=\"form-control\" id=\"q26\" autocomplete=\"off\">\r\n<p id=\"correct26\" align=\"left\"><\/p>\r\n\r\n<\/div>\r\n<\/div>\r\n<div class=\"row\">\r\n<div>\r\ndie <input type=\"text\" class=\"form-control\" id=\"q27\" autocomplete=\"off\">\r\n<p id=\"correct27\" align=\"left\"><\/p>\r\n\r\n<\/div>\r\n<div>\r\nknife <input type=\"text\" class=\"form-control\" id=\"q28\" autocomplete=\"off\">\r\n<p id=\"correct28\" align=\"left\"><\/p>\r\n\r\n<\/div>\r\n<div>\r\ncrisis <input type=\"text\" class=\"form-control\" id=\"q29\" autocomplete=\"off\">\r\n<p id=\"correct29\" align=\"left\"><\/p>\r\n\r\n<\/div>\r\n<\/div>\r\n<\/div>\r\n<!-- The Modal -->\r\n<div id=\"myModal\" class=\"modal\">\r\n<div class=\"modal-dialog\">\r\n<div class=\"modal-content\">\r\n\r\n<!-- Modal Header -->\r\n<div class=\"modal-header\">\r\n<h4 class=\"modal-title\">Mehrzahl &#8211; Pluralformen &#8211; Englisch<\/h4>\r\n<button class=\"close\" type=\"button\" data-dismiss=\"modal\">\u00d7<\/button>\r\n\r\n<\/div>\r\n<!-- Modal body -->\r\n<div class=\"modal-body\"><table class=\"table table-bordered table-sm table-hover\">\r\n<thead>\r\n<tr class=\"table-danger\">\r\n<th colspan=\"2\">Mehrzahl &#8211; Pluralbildung Englisch<\/th>\r\n<\/tr>\r\n<\/thead>\r\n<tbody>\r\n<tr class=\"table-success\">\r\n<td colspan='2'><b>regelm\u00e4\u00dfige Bildung &#8211; einfach ein &#8218;-s&#8216; an das Wort in der Einzahl anh\u00e4ngen<\/b><\/td>\r\n\r\n<\/tr>\r\n<tr class=\"table-primary\">\r\n<td><b>Einzahl<\/b><\/td>\r\n<td><b>Mehrzahl<\/b><\/td><\/tr>\r\n<tr class=\"table-info\"><td><b><i class=\"text-danger\">beer<\/i><\/b><\/td>\r\n<td><b><i class=\"text-danger\">beers<\/i><\/b><\/td>\r\n<\/tr>\r\n<tr class=\"table-info\">\r\n<td><b><i class=\"text-danger\"> ball <\/i> <\/b><\/td>\r\n<td><b><i class=\"text-danger\"> balls <\/i> <\/b><\/td>\r\n<\/tr>\r\n<tr class=\"table-info\">\r\n<td><b><i class=\"text-danger\"> book <\/i> <\/b><\/td>\r\n<td><b><i class=\"text-danger\"> books <\/i> <\/b><\/td>\r\n<\/tr>\r\n<tr class=\"table-success\">\r\n<td colspan='2'><b>Substantiv endet auf einen Zischlaut; an das Wortende wird ein &#8218;-es&#8216; angeh\u00e4ngt. Ist das &#8218;-e&#8216; stumm, wird nur &#8218;-s&#8216; erg\u00e4nzt.<\/b><\/td>\r\n\r\n<\/tr>\r\n<tr class=\"table-primary\">\r\n<td><b>Einzahl<\/b><\/td>\r\n<td><b>Mehrzahl<\/b><\/td><\/tr>\r\n<tr class=\"table-info\"><td><b><i class=\"text-danger\">box<\/i><\/b><\/td>\r\n<td><b><i class=\"text-danger\">boxes<\/i><\/b><\/td>\r\n<\/tr>\r\n<tr class=\"table-info\">\r\n<td><b><i class=\"text-danger\"> witch <\/i> <\/b><\/td>\r\n<td><b><i class=\"text-danger\"> witches <\/i> <\/b><\/td>\r\n<\/tr>\r\n<tr class=\"table-info\">\r\n<td><b><i class=\"text-danger\"> rose <\/i> <\/b><\/td>\r\n<td><b><i class=\"text-danger\"> roses <\/i> <\/b><\/td>\r\n<\/tr>\r\n<tr class=\"table-success\">\r\n<td colspan='2'><b>endet ein Substantiv auf&#8216;-y&#8216; und der vorletzte Buchstabe ist ein Konsonant , wird &#8218;-y&#8216; bei der Pluralbildung zu einem &#8218;-ies&#8216;<\/b><\/td>\r\n\r\n<\/tr>\r\n<tr class=\"table-primary\">\r\n<td><b>Einzahl<\/b><\/td>\r\n<td><b>Mehrzahl<\/b><\/td><\/tr>\r\n<tr class=\"table-info\"><td><b><i class=\"text-danger\"> city <\/i><\/b><\/td>\r\n<td><b><i class=\"text-danger\"> cities <\/i><\/b><\/td>\r\n<\/tr>\r\n<tr class=\"table-info\">\r\n<td><b><i class=\"text-danger\"> daisy <\/i> <\/b><\/td>\r\n<td><b><i class=\"text-danger\"> daisies <\/i> <\/b><\/td>\r\n<\/tr>\r\n<tr class=\"table-success\">\r\n<td colspan='2'><b>endet ein Substantiv auf&#8216;-y&#8216; und der vorletzte Buchstabe ist ein Vokal , bleibt das &#8218;-y&#8216; bei der Pluralbildung erhalten<\/b><\/td>\r\n<\/tr>\r\n<tr class=\"table-primary\">\r\n<td><b>Einzahl<\/b><\/td>\r\n<td><b>Mehrzahl<\/b><\/td><\/tr>\r\n<tr class=\"table-info\"><td><b><i class=\"text-danger\"> toy <\/i><\/b><\/td>\r\n<td><b><i class=\"text-danger\"> toys <\/i><\/b><\/td>\r\n<\/tr>\r\n<tr class=\"table-info\">\r\n<td><b><i class=\"text-danger\"> day <\/i> <\/b><\/td>\r\n<td><b><i class=\"text-danger\"> days <\/i> <\/b><\/td>\r\n<\/tr>\r\n<tr class=\"table-success\">\r\n<td colspan='2'><b>endet ein Substantiv auf &#8218;-f&#8216; und die Mehrzahl wird kurz ausgesprochen, ist die Pluralbildung regelm\u00e4\u00dfig; es wird einfach ein &#8218;-s&#8216; ans Wortende angeh\u00e4ngt.<\/b><\/td>\r\n<\/tr>\r\n<tr class=\"table-primary\">\r\n<td><b>Einzahl<\/b><\/td>\r\n<td><b>Mehrzahl<\/b><\/td><\/tr>\r\n<tr class=\"table-info\"><td><b><i class=\"text-danger\"> roof <\/i><\/b><\/td>\r\n<td><b><i class=\"text-danger\"> roofs <\/i><\/b><\/td>\r\n<\/tr>\r\n<tr class=\"table-info\">\r\n<td><b><i class=\"text-danger\"> riff <\/i> <\/b><\/td>\r\n<td><b><i class=\"text-danger\"> riffs <\/i> <\/b><\/td>\r\n<\/tr>\r\n<tr class=\"table-success\">\r\n<td colspan='2'><b>endet ein Substantiv auf &#8218;-f&#8216; und die Mehrzahl wird gedehnt ausgesprochen, ist die Pluralbildung uregelm\u00e4\u00dfig; es muss ein &#8218;-es&#8216; ans Wortende angeh\u00e4ngt werden.<\/b><\/td>\r\n<\/tr>\r\n<tr class=\"table-primary\">\r\n<td><b>Einzahl<\/b><\/td>\r\n<td><b>Mehrzahl<\/b><\/td><\/tr>\r\n<tr class=\"table-info\"><td><b><i class=\"text-danger\"> thief <\/i><\/b><\/td>\r\n<td><b><i class=\"text-danger\"> thieves <\/i><\/b><\/td>\r\n<\/tr>\r\n<tr class=\"table-info\">\r\n<td><b><i class=\"text-danger\"> shelf <\/i> <\/b><\/td>\r\n<td><b><i class=\"text-danger\"> shelves <\/i> <\/b><\/td>\r\n<\/tr>\r\n<tr class=\"table-success\">\r\n<td colspan='2'><b>endet ein Substantiv auf &#8218;o&#8216; wird die Mehrzahl gebildet, indem entweder ein &#8218;-s&#8216; oder ein &#8218;-es&#8216; angeh\u00e4ngt wird. Hier gibt es leider keine eindeutigen Regeln.<\/b><\/td>\r\n<\/tr>\r\n<tr class=\"table-primary\">\r\n<td><b>Einzahl<\/b><\/td>\r\n<td><b>Mehrzahl<\/b><\/td><\/tr>\r\n<tr class=\"table-info\"><td><b><i class=\"text-danger\"> disco <\/i><\/b><\/td>\r\n<td><b><i class=\"text-danger\"> discos <\/i><\/b><\/td>\r\n<\/tr>\r\n<tr class=\"table-info\">\r\n<td><b><i class=\"text-danger\"> bongo  <\/i> <\/b><\/td>\r\n<td><b><i class=\"text-danger\"> bongos <\/i> <\/b><\/td>\r\n<\/tr>\r\n\r\n<tr class=\"table-info\"><td><b><i class=\"text-danger\"> domino   <\/i><\/b><\/td>\r\n<td><b><i class=\"text-danger\"> dominos <\/i><\/b><\/td>\r\n<\/tr>\r\n<tr class=\"table-info\">\r\n<td><b><i class=\"text-danger\"> potato  <\/i> <\/b><\/td>\r\n<td><b><i class=\"text-danger\"> potatoes <\/i> <\/b><\/td>\r\n<\/tr>\r\n<tr class=\"table-success\">\r\n<td colspan='2'><b>Dnn gibt es noch einige Substantive deren Pluralbildung komplett unregelm\u00e4\u00dfig ist:<\/b><\/td>\r\n<\/tr>\r\n<tr class=\"table-primary\">\r\n<td><b>Einzahl<\/b><\/td>\r\n<td><b>Mehrzahl<\/b><\/td><\/tr>\r\n<tr class=\"table-info\"><td><b><i class=\"text-danger\"> ox <\/i><\/b><\/td>\r\n<td><b><i class=\"text-danger\"> oxen <\/i><\/b><\/td>\r\n<\/tr>\r\n<tr class=\"table-info\">\r\n<td><b><i class=\"text-danger\"> child  <\/i> <\/b><\/td>\r\n<td><b><i class=\"text-danger\"> children <\/i> <\/b><\/td>\r\n<\/tr>\r\n<\/tr>\r\n<tr class=\"table-info\"><td><b><i class=\"text-danger\"> aircraft   <\/i><\/b><\/td>\r\n<td><b><i class=\"text-danger\"> aircraft <\/i><\/b><\/td>\r\n<\/tr>\r\n<tr class=\"table-info\">\r\n<td><b><i class=\"text-danger\"> man  <\/i> <\/b><\/td>\r\n<td><b><i class=\"text-danger\"> men <\/i> <\/b><\/td>\r\n<\/tr>\r\n<tr class=\"table-info\"><td><b><i class=\"text-danger\"> woman <\/i><\/b><\/td>\r\n<td><b><i class=\"text-danger\"> women <\/i><\/b><\/td>\r\n<\/tr>\r\n<tr class=\"table-info\">\r\n<td><b><i class=\"text-danger\"> sheep  <\/i> <\/b><\/td>\r\n<td><b><i class=\"text-danger\"> sheep <\/i> <\/b><\/td>\r\n<\/tr>\r\n<\/tr>\r\n\r\n<tr class=\"table-info\"><td><b><i class=\"text-danger\"> goose   <\/i><\/b><\/td>\r\n<td><b><i class=\"text-danger\">   geese <\/i><\/b><\/td>\r\n<\/tr>\r\n<tr class=\"table-info\">\r\n<td><b><i class=\"text-danger\"> mouse  <\/i> <\/b><\/td>\r\n<td><b><i class=\"text-danger\"> mice <\/i> <\/b><\/td>\r\n<\/tr>\r\n\r\n\r\n\r\n<\/tbody>\r\n<\/table><\/div>\r\n<!-- Modal footer -->\r\n<div class=\"modal-footer\"><button class=\"btn btn-danger\" type=\"button\" data-dismiss=\"modal\">Close<\/button><\/div>\r\n<\/div>\r\n<\/div>\r\n<\/div>\r\n<\/div>\r\n<div class=\"container\">\r\n\r\n<hr>\r\n\r\n<button id=\"submitButton\" class=\"btn-lg btn-primary \" type=\"submit\" value=\"submit\">Pr\u00fcfen<\/button><button id=\"resetButton\" class=\"btn-lg btn-success\" type=\"submit\" onclick=\"refreshPage()\">Neustart<\/button><button id=\"submitButton\" class=\"btn-lg btn-info\" type=\"button\" value=\"submit\" data-toggle=\"modal\" data-target=\"#myModal\">Tipp<\/button>\r\n\r\n<hr>\r\n\r\n\r\n<div>\r\n<p id=\"result\"><\/p>\r\n<p id=\"result2\"><\/p>\r\n<h3>Alle \u00dcbungen zum Thema Mehrzahl Pluralbildung:<\/h3>\r\n<hr>\r\n<div id=\"bellows-main-60\" class=\"bellows bellows-nojs bellows-main bellows-source-menu bellows-align-full bellows-skin-vanilla bellows-type-\"><ul id=\"menu-plural\" class=\"bellows-nav\" data-bellows-config=\"main\"><li id=\"menu-item-7200\" class=\"bellows-menu-item bellows-menu-item-type-post_type bellows-menu-item-object-page bellows-menu-item-7200 bellows-item-level-0\"><a  href=\"https:\/\/english-munich.de\/training\/mehrzahl-pluralbildung-englisch\/\" class=\"bellows-target\"><span class=\"bellows-target-title bellows-target-text\">\u2611\ufe0fMehrzahl \u2013  Pluralbildung<\/span><\/a><\/li>\n<li id=\"menu-item-7220\" class=\"bellows-menu-item bellows-menu-item-type-post_type bellows-menu-item-object-page bellows-menu-item-7220 bellows-item-level-0\"><a  href=\"https:\/\/english-munich.de\/training\/pluralbildung-mehrzahl-englisch-2\/\" class=\"bellows-target\"><span class=\"bellows-target-title bellows-target-text\">\u2611\ufe0fMehrzahl \u2013  Pluralbildung<\/span><\/a><\/li>\n<li id=\"menu-item-7247\" class=\"bellows-menu-item bellows-menu-item-type-post_type bellows-menu-item-object-page bellows-menu-item-7247 bellows-item-level-0\"><a  href=\"https:\/\/english-munich.de\/training\/mehrzahl-bildung-pluralformen-englisch-unregelmaessig\/\" class=\"bellows-target\"><span class=\"bellows-target-title bellows-target-text\">\u270d\ufe0fMehrzahl \u2013 unregelm\u00e4\u00dfig<\/span><\/a><\/li>\n<li id=\"menu-item-7260\" class=\"bellows-menu-item bellows-menu-item-type-post_type bellows-menu-item-object-page bellows-menu-item-7260 bellows-item-level-0\"><a  href=\"https:\/\/english-munich.de\/training\/mehrzahl-pluralbilddung-englisch-3\/\" class=\"bellows-target\"><span class=\"bellows-target-title bellows-target-text\">\u270d\ufe0fMehrzahl \u2013  Pluralbilddung<\/span><\/a><\/li>\n<li id=\"menu-item-7342\" class=\"bellows-menu-item bellows-menu-item-type-post_type bellows-menu-item-object-page bellows-menu-item-7342 bellows-item-level-0\"><a  href=\"https:\/\/english-munich.de\/training\/mehrzahlwoerter-einzahlwoerter-englisch\/\" class=\"bellows-target\"><span class=\"bellows-target-title bellows-target-text\">\u2611\ufe0fMehrzahlw\u00f6rter \u2013 Einzahlw\u00f6rter<\/span><\/a><\/li>\n<li id=\"menu-item-7361\" class=\"bellows-menu-item bellows-menu-item-type-post_type bellows-menu-item-object-page bellows-menu-item-7361 bellows-item-level-0\"><a  href=\"https:\/\/english-munich.de\/training\/mehrzahlwoerter-einzahlwoerter-englisch-2\/\" class=\"bellows-target\"><span class=\"bellows-target-title bellows-target-text\">\u270d\ufe0fMehrzahlw\u00f6rter \u2013 Einzahlw\u00f6rter<\/span><\/a><\/li>\n<li id=\"menu-item-7549\" class=\"bellows-menu-item bellows-menu-item-type-post_type bellows-menu-item-object-page bellows-menu-item-7549 bellows-item-level-0\"><a  href=\"https:\/\/english-munich.de\/training\/kreuzwortraetsel-regelmaessiger-plural-englisch\/\" class=\"bellows-target\"><span class=\"bellows-target-title bellows-target-text\">\ud83d\udd33Kreuzwortr\u00e4tsel regelm\u00e4\u00dfiger Plural<\/span><\/a><\/li>\n<li id=\"menu-item-7550\" class=\"bellows-menu-item bellows-menu-item-type-post_type bellows-menu-item-object-page bellows-menu-item-7550 bellows-item-level-0\"><a  href=\"https:\/\/english-munich.de\/training\/test\/\" class=\"bellows-target\"><span class=\"bellows-target-title bellows-target-text\">\ud83d\udd33Kreuzwortr\u00e4tsel \u2013 unregelm\u00e4\u00dfiger Plural<\/span><\/a><\/li>\n<\/ul><\/div>\r\n<\/div>\r\n<\/div>","protected":false},"excerpt":{"rendered":"Mehrzahl &#8211; Englisch &#8211; Aufgaben Mehrzahl Pluralbildung Englisch Beispiel mouse Die richtige L\u00f6sung ist: mice&nbsp;&nbsp;Tipp \u270d\ufe0f F\u00fclle die Form des Namenwortes in der Mehrzahl in die L\u00fccken: vocabulary city wish glass man fly fish goose ox criterion counsel aircraft box shelf riff child potato course life watch squash woman sheep deer cattle person daisy die [&hellip;]","protected":false},"author":3,"featured_media":0,"parent":0,"menu_order":0,"comment_status":"closed","ping_status":"closed","template":"","meta":[],"_links":{"self":[{"href":"https:\/\/english-munich.de\/training\/wp-json\/wp\/v2\/pages\/7253"}],"collection":[{"href":"https:\/\/english-munich.de\/training\/wp-json\/wp\/v2\/pages"}],"about":[{"href":"https:\/\/english-munich.de\/training\/wp-json\/wp\/v2\/types\/page"}],"author":[{"embeddable":true,"href":"https:\/\/english-munich.de\/training\/wp-json\/wp\/v2\/users\/3"}],"replies":[{"embeddable":true,"href":"https:\/\/english-munich.de\/training\/wp-json\/wp\/v2\/comments?post=7253"}],"version-history":[{"count":9,"href":"https:\/\/english-munich.de\/training\/wp-json\/wp\/v2\/pages\/7253\/revisions"}],"predecessor-version":[{"id":10768,"href":"https:\/\/english-munich.de\/training\/wp-json\/wp\/v2\/pages\/7253\/revisions\/10768"}],"wp:attachment":[{"href":"https:\/\/english-munich.de\/training\/wp-json\/wp\/v2\/media?parent=7253"}],"curies":[{"name":"wp","href":"https:\/\/api.w.org\/{rel}","templated":true}]}}