{"id":7237,"date":"2021-03-06T10:48:24","date_gmt":"2021-03-06T10:48:24","guid":{"rendered":"https:\/\/english-munich.de\/training\/?page_id=7237"},"modified":"2024-09-18T08:23:33","modified_gmt":"2024-09-18T08:23:33","slug":"mehrzahl-bildung-pluralformen-englisch-unregelmaessig","status":"publish","type":"page","link":"https:\/\/english-munich.de\/training\/mehrzahl-bildung-pluralformen-englisch-unregelmaessig\/","title":{"rendered":"Mehrzahl &#8211; Bildung &#8211; Pluralformen Englisch &#8211; unregelm\u00e4\u00dfig"},"content":{"rendered":"<div class=\"jumbotron text-center\">\r\n<h2>Mehrzahl &#8211; Pluralformen Englisch &#8211; unregelm\u00e4\u00dfig<\/h2>\r\n\u00dcbungen zur Bildung der unregelm\u00e4\u00dfigen Mehrzahl in Englisch\r\n\r\n<\/div>\r\n<div class=\"bs-example\">\r\n<div class=\"accordion\" id=\"accordionExample\">\r\n<div class=\"card\">\r\n<div class=\"card-header\" id=\"headingOne\">\r\n<h2 class=\"mb-0\" style=\"color:#000\">\r\n                    <button type=\"button\" class=\"btn btn-link collapsed\" data-toggle=\"collapse\" data-target=\"#collapseOne\">Beispiel<\/button><\/h2>\r\n<\/div>\r\n<div id=\"collapseOne\" class=\"collapse\" aria-labelledby=\"headingOne\" data-parent=\"#accordionExample\">\r\n<div class=\"card-body\">\r\n<div class=\"form\">\r\n\r\n<b><span class=\"number\">\u24ff<\/span><\/b>John keeps several <input type=\"text\" class=\"form-control\" id=\"panel-beispiel\" disabled=\"\" value=\"mice\"> <b><i>&nbsp;(mouse)&nbsp;<\/i><\/b> as pets.\r\n<br \/>\r\nDie richtige L\u00f6sung ist: <b>mice<\/b>&nbsp;&nbsp;<button class=\"btn-lg btn-info\" type=\"button\" data-toggle=\"modal\" data-target=\"#myModal\">Tipp<\/button>\r\n\r\n<\/div>\r\n<\/div>\r\n<\/div>\r\n<\/div>\r\n<\/div>\r\n<br \/><br \/>\r\n<div class=\"container well\">\r\n<h4>\u270d\ufe0f F\u00fclle korrekte Form der <b>Mehrzahl<\/b> des Namenwortes in Klammern in die L\u00fccken:<\/h4>\r\n\r\n<hr>\r\n\r\n<div class=\"container\">\r\n<b><span class=\"number\">\u2776<\/span><\/b>During the pandemic many <input type=\"text\" class=\"form-control\" id=\"q0\" autocomplete=\"off\"><b><i>  (aircraft)<\/i><\/b> had to be grounded.\r\n<div class=\"row\">\r\n<div>\r\n<p id=\"correct0\" align=\"left\"><\/p>\r\n\r\n<\/div>\r\n<div>\r\n<a button=\"\" class=\"btn btn-success tipp0 hidden\" href=\"#1\" title=\"many aircraft\" data-toggle=\"popover\" data-placement=\"top\" data-trigger=\"hover\" style=\"text-decoration: none; color:white;\" data-content=\"die Mehrzahl von 'aircraft' ist unregelm\u00e4\u00dfig \u2794 'many aircraft'\">Tipp<\/a><\/div>\r\n<\/div>\r\n<b><span class=\"number\">\u2777<\/span><\/b>The farmer has many  <input type=\"text\" class=\"form-control\" id=\"q1\" autocomplete=\"off\"><b><i>(goose)<\/i><\/b>.\r\n<div class=\"row\">\r\n<div>\r\n<p id=\"correct1\" align=\"left\"><\/p>\r\n\r\n<\/div>\r\n<div>\r\n<a button=\"\" class=\"btn btn-success tipp1 hidden\" href=\"#2\" title=\"many geese\" data-toggle=\"popover\" data-placement=\"top\" data-trigger=\"hover\" style=\"text-decoration: none; color:white;\" data-content=\"die Mehrzahl von 'goose' ist unregelm\u00e4\u00dfig \u2794 'many geese'\">Tipp<\/a><\/div>\r\n<\/div>\r\n<b><span class=\"number\">\u2778<\/span><\/b>I hope my dentist won&#8217;t pull any <input type=\"text\" class=\"form-control\" id=\"q2\" autocomplete=\"off\"><b><i>(tooth)<\/i><\/b>.\r\n<div class=\"row\">\r\n<div>\r\n<p id=\"correct2\" align=\"left\"><\/p>\r\n\r\n<\/div>\r\n<div>\r\n<a button=\"\" class=\"btn btn-success tipp2 hidden\" align=\"left\" aria-hidden=\"true\" href=\"#3\" title=\"any teeth\" data-toggle=\"popover\" data-placement=\"top\" data-trigger=\"hover\" style=\"text-decoration: none, color:white\" data-content=\"die Mehrzahl von 'tooth' ist unregelm\u00e4\u00dfig \u2794 'many teeth'\">Tipp<\/a><\/div>\r\n<\/div>\r\n<span class=\"number\">\u2779<\/span>They are just big <input type=\"text\" class=\"form-control\" id=\"q3\" autocomplete=\"off\"><b><i>(fish)<\/i><\/b> in a small pond.\r\n<div class=\"row\">\r\n<div>\r\n<p id=\"correct3\" align=\"left\"><\/p>\r\n\r\n<\/div>\r\n<div>\r\n<a button=\"\" class=\"btn btn-success tipp3 hidden\" aria-hidden=\"true\" href=\"#4\" title=\"big fish in a small pond\" data-toggle=\"popover\" data-placement=\"top\" data-trigger=\"hover\" style=\"text-decoration: none, color:white\" data-content=\"die Mehrzahl von 'fish' ist unregelm\u00e4\u00dfig \u2794 'many fish'\">Tipp<\/a><\/div>\r\n<\/div>\r\n<b><span class=\"number\">\u277a<\/span><\/b>Today  <input type=\"text\" class=\"form-control\" id=\"q4\" autocomplete=\"off\"><b><i>(man)<\/i><\/b> use cosmetic products.\r\n<div class=\"row\">\r\n<div>\r\n<p id=\"correct4\" align=\"left\"><\/p>\r\n\r\n<\/div>\r\n<div>\r\n<a button=\"\" class=\"btn btn-success tipp4 hidden\" aria-hidden=\"true\" href=\"#5\" title=\"many men\" data-toggle=\"popover\" data-placement=\"top\" data-trigger=\"hover\" style=\"text-decoration: none, color:white\" data-content=\"die Mehrzahl von 'man' ist unregelm\u00e4\u00dfig \u2794 'many men'\">Tipp<\/a><\/div>\r\n<\/div>\r\n<b><span class=\"number\">\u277b<\/span><\/b>Sometimes you just have to roll the <input type=\"text\" class=\"form-control\" id=\"q5\" autocomplete=\"off\"><b><i>(die)<\/i><\/b>.\r\n<div class=\"row\">\r\n<div>\r\n<p id=\"correct5\" align=\"left\"><\/p>\r\n\r\n<\/div>\r\n<div>\r\n<a button=\"\" class=\"btn btn-success tipp5 hidden\" aria-hidden=\"true\" href=\"#6\" title=\"roll the dice\" data-toggle=\"popover\" data-placement=\"top\" data-trigger=\"hover\" style=\"text-decoration: none, color:white\" data-content=\"die Mehrzahl von 'die' (W\u00fcrfel) ist unregelm\u00e4\u00dfig \u2794 'many dice'\">Tipp<\/a><\/div>\r\n<\/div>\r\n<br \/><div class=\"iframe-container\"><iframe loading=\"lazy\" width=\"560\" height=\"315\" src=\"https:\/\/www.youtube.com\/embed\/7dIvz3Y4Z-0?si=GwM2jgsRlZyKYNX0\" title=\"YouTube video player\" frameborder=\"0\" allow=\"accelerometer; autoplay; clipboard-write; encrypted-media; gyroscope; picture-in-picture; web-share\" referrerpolicy=\"strict-origin-when-cross-origin\" allowfullscreen><\/iframe><\/div><br \/>\r\n<b><span class=\"number\">\u277c<\/span><\/b>A cart is pulled by a team of  <input type=\"text\" class=\"form-control\" id=\"q6\" autocomplete=\"off\"><b><i>(ox)<\/i><\/b>.\r\n<div class=\"row\">\r\n<div>\r\n<p id=\"correct6\" align=\"left\"><\/p>\r\n\r\n<\/div>\r\n<div>\r\n<a button=\"\" class=\"btn btn-success tipp6 hidden\" aria-hidden=\"true\" href=\"#7\" title=\"a team of oxen\" data-toggle=\"popover\" data-placement=\"top\" data-trigger=\"hover\" style=\"text-decoration: none, color:white\" data-content=\"die Mehrzahl von 'ox' ist unregelm\u00e4\u00dfig \u2794 'many oxen'\">Tipp<\/a><\/div>\r\n<\/div>\r\n<b><span class=\"number\">\u277d<\/span><\/b>Boris  has no<input type=\"text\" class=\"form-control\" id=\"q7\" autocomplete=\"off\"><b><i>(child)<\/i><\/b>.\r\n<div class=\"row\">\r\n<div>\r\n<p id=\"correct7\" align=\"left\"><\/p>\r\n\r\n<\/div>\r\n<div>\r\n<a button=\"\" class=\"btn btn-success tipp7 hidden\" href=\"#8\" title=\"Boris has no children...\" data-toggle=\"popover\" data-placement=\"top\" data-trigger=\"hover\" style=\"text-decoration: none, color:white\" data-content=\"die Mehrzahl von 'child' ist unregelm\u00e4\u00dfig \u2794 'many children'\">Tipp<\/a><\/div>\r\n<\/div>\r\n<b><span class=\"number\">\u277e<\/span><\/b>Ouch! You just stepped on my  <input type=\"text\" class=\"form-control\" id=\"q8\" autocomplete=\"off\"><b><i>(foot)<\/i><\/b> .\r\n<div class=\"row\">\r\n<div>\r\n<p id=\"correct8\" align=\"left\"><\/p>\r\n\r\n<\/div>\r\n<div>\r\n<a button=\"\" class=\"btn btn-success tipp8 hidden\" href=\"#9\" title=\"you just stepped on my feet\" data-toggle=\"popover\" data-placement=\"top\" data-trigger=\"hover\" style=\"text-decoration: none, color:white\" data-content=\"die Mehrzahl von 'foot' ist unregelm\u00e4\u00dfig \u2794 'many feet'\">Tipp<\/a><\/div>\r\n<\/div>\r\n<b><span class=\"number\">\u277f<\/span><\/b>Most of my customers are wonderful <input type=\"text\" class=\"form-control\" id=\"q9\" autocomplete=\"off\"><b><i>(person)<\/i><\/b>.\r\n<div class=\"row\">\r\n<div>\r\n<p id=\"correct9\" align=\"left\"><\/p>\r\n\r\n<\/div>\r\n<div>\r\n<a button=\"\" class=\"btn btn-success tipp9 hidden\" href=\"#10\" title=\"wonderful people\" data-toggle=\"popover\" data-placement=\"top\" data-trigger=\"hover\" style=\"text-decoration: none, color:white\" data-content=\"die Mehrzahl von 'person' ist unregelm\u00e4\u00dfig \u2794 'many people'\">Tipp<\/a><\/div>\r\n<\/div>\r\n<!-- The Modal -->\r\n<div id=\"myModal\" class=\"modal\">\r\n<div class=\"modal-dialog\">\r\n<div class=\"modal-content\">\r\n\r\n<!-- Modal Header -->\r\n<div class=\"modal-header\">\r\n<h4 class=\"modal-title\">Bildung Mehrzahl Englisch<\/h4>\r\n<button class=\"close\" type=\"button\" data-dismiss=\"modal\">\u00d7<\/button>\r\n\r\n<\/div>\r\n<!-- Modal body -->\r\n<div class=\"modal-body\"><img decoding=\"async\" class=\"img-responsive img-rounded\" title=\"Pluralformen-Englisch\" src=\"https:\/\/english-munich.de\/training\/wp-content\/uploads\/2021\/03\/plural-forms-english-e1615019540993.jpg\" alt=\"Pluralformen-Englisch\"><\/div>\r\n<!-- Modal footer -->\r\n<div class=\"modal-footer\"><button class=\"btn btn-danger\" type=\"button\" data-dismiss=\"modal\">Close<\/button><\/div>\r\n<\/div>\r\n<\/div>\r\n<\/div>\r\n<\/div>\r\n<\/div>\r\n<div class=\"container\">\r\n\r\n<hr>\r\n\r\n<button id=\"submitButton\" class=\"btn-lg btn-primary \" type=\"submit\" value=\"submit\">Pr\u00fcfen<\/button><button id=\"resetButton\" class=\"btn-lg btn-success\" type=\"submit\" onclick=\"refreshPage()\">Neustart<\/button><button id=\"submitButton\" class=\"btn-lg btn-info\" type=\"button\" value=\"submit\" data-toggle=\"modal\" data-target=\"#myModal\">Tipp<\/button>\r\n\r\n<hr>\r\n\r\n\r\n<p id=\"result\"><\/p>\r\n<p id=\"result2\"><\/p>\r\n<b><\/b>\r\n<h3> Alle \u00dcbungen des Simple Present:<\/h3>\r\n<hr>\r\n<div id=\"bellows-main-60\" class=\"bellows bellows-nojs bellows-main bellows-source-menu bellows-align-full bellows-skin-vanilla bellows-type-\"><ul id=\"menu-plural\" class=\"bellows-nav\" data-bellows-config=\"main\"><li id=\"menu-item-7200\" class=\"bellows-menu-item bellows-menu-item-type-post_type bellows-menu-item-object-page bellows-menu-item-7200 bellows-item-level-0\"><a  href=\"https:\/\/english-munich.de\/training\/mehrzahl-pluralbildung-englisch\/\" class=\"bellows-target\"><span class=\"bellows-target-title bellows-target-text\">\u2611\ufe0fMehrzahl \u2013  Pluralbildung<\/span><\/a><\/li>\n<li id=\"menu-item-7220\" class=\"bellows-menu-item bellows-menu-item-type-post_type bellows-menu-item-object-page bellows-menu-item-7220 bellows-item-level-0\"><a  href=\"https:\/\/english-munich.de\/training\/pluralbildung-mehrzahl-englisch-2\/\" class=\"bellows-target\"><span class=\"bellows-target-title bellows-target-text\">\u2611\ufe0fMehrzahl \u2013  Pluralbildung<\/span><\/a><\/li>\n<li id=\"menu-item-7247\" class=\"bellows-menu-item bellows-menu-item-type-post_type bellows-menu-item-object-page bellows-menu-item-7247 bellows-item-level-0\"><a  href=\"https:\/\/english-munich.de\/training\/mehrzahl-bildung-pluralformen-englisch-unregelmaessig\/\" class=\"bellows-target\"><span class=\"bellows-target-title bellows-target-text\">\u270d\ufe0fMehrzahl \u2013 unregelm\u00e4\u00dfig<\/span><\/a><\/li>\n<li id=\"menu-item-7260\" class=\"bellows-menu-item bellows-menu-item-type-post_type bellows-menu-item-object-page bellows-menu-item-7260 bellows-item-level-0\"><a  href=\"https:\/\/english-munich.de\/training\/mehrzahl-pluralbilddung-englisch-3\/\" class=\"bellows-target\"><span class=\"bellows-target-title bellows-target-text\">\u270d\ufe0fMehrzahl \u2013  Pluralbilddung<\/span><\/a><\/li>\n<li id=\"menu-item-7342\" class=\"bellows-menu-item bellows-menu-item-type-post_type bellows-menu-item-object-page bellows-menu-item-7342 bellows-item-level-0\"><a  href=\"https:\/\/english-munich.de\/training\/mehrzahlwoerter-einzahlwoerter-englisch\/\" class=\"bellows-target\"><span class=\"bellows-target-title bellows-target-text\">\u2611\ufe0fMehrzahlw\u00f6rter \u2013 Einzahlw\u00f6rter<\/span><\/a><\/li>\n<li id=\"menu-item-7361\" class=\"bellows-menu-item bellows-menu-item-type-post_type bellows-menu-item-object-page bellows-menu-item-7361 bellows-item-level-0\"><a  href=\"https:\/\/english-munich.de\/training\/mehrzahlwoerter-einzahlwoerter-englisch-2\/\" class=\"bellows-target\"><span class=\"bellows-target-title bellows-target-text\">\u270d\ufe0fMehrzahlw\u00f6rter \u2013 Einzahlw\u00f6rter<\/span><\/a><\/li>\n<li id=\"menu-item-7549\" class=\"bellows-menu-item bellows-menu-item-type-post_type bellows-menu-item-object-page bellows-menu-item-7549 bellows-item-level-0\"><a  href=\"https:\/\/english-munich.de\/training\/kreuzwortraetsel-regelmaessiger-plural-englisch\/\" class=\"bellows-target\"><span class=\"bellows-target-title bellows-target-text\">\ud83d\udd33Kreuzwortr\u00e4tsel regelm\u00e4\u00dfiger Plural<\/span><\/a><\/li>\n<li id=\"menu-item-7550\" class=\"bellows-menu-item bellows-menu-item-type-post_type bellows-menu-item-object-page bellows-menu-item-7550 bellows-item-level-0\"><a  href=\"https:\/\/english-munich.de\/training\/test\/\" class=\"bellows-target\"><span class=\"bellows-target-title bellows-target-text\">\ud83d\udd33Kreuzwortr\u00e4tsel \u2013 unregelm\u00e4\u00dfiger Plural<\/span><\/a><\/li>\n<\/ul><\/div>\r\n<\/div>\r\n<\/div>","protected":false},"excerpt":{"rendered":"Mehrzahl &#8211; Pluralformen Englisch &#8211; unregelm\u00e4\u00dfig \u00dcbungen zur Bildung der unregelm\u00e4\u00dfigen Mehrzahl in Englisch Beispiel \u24ffJohn keeps several &nbsp;(mouse)&nbsp; as pets. Die richtige L\u00f6sung ist: mice&nbsp;&nbsp;Tipp \u270d\ufe0f F\u00fclle korrekte Form der Mehrzahl des Namenwortes in Klammern in die L\u00fccken: \u2776During the pandemic many (aircraft) had to be grounded. Tipp \u2777The farmer has many (goose). Tipp [&hellip;]","protected":false},"author":3,"featured_media":0,"parent":0,"menu_order":0,"comment_status":"closed","ping_status":"closed","template":"","meta":[],"_links":{"self":[{"href":"https:\/\/english-munich.de\/training\/wp-json\/wp\/v2\/pages\/7237"}],"collection":[{"href":"https:\/\/english-munich.de\/training\/wp-json\/wp\/v2\/pages"}],"about":[{"href":"https:\/\/english-munich.de\/training\/wp-json\/wp\/v2\/types\/page"}],"author":[{"embeddable":true,"href":"https:\/\/english-munich.de\/training\/wp-json\/wp\/v2\/users\/3"}],"replies":[{"embeddable":true,"href":"https:\/\/english-munich.de\/training\/wp-json\/wp\/v2\/comments?post=7237"}],"version-history":[{"count":10,"href":"https:\/\/english-munich.de\/training\/wp-json\/wp\/v2\/pages\/7237\/revisions"}],"predecessor-version":[{"id":12071,"href":"https:\/\/english-munich.de\/training\/wp-json\/wp\/v2\/pages\/7237\/revisions\/12071"}],"wp:attachment":[{"href":"https:\/\/english-munich.de\/training\/wp-json\/wp\/v2\/media?parent=7237"}],"curies":[{"name":"wp","href":"https:\/\/api.w.org\/{rel}","templated":true}]}}