{"id":7209,"date":"2021-03-06T08:47:00","date_gmt":"2021-03-06T08:47:00","guid":{"rendered":"https:\/\/english-munich.de\/training\/?page_id=7209"},"modified":"2021-03-09T19:05:59","modified_gmt":"2021-03-09T19:05:59","slug":"pluralbildung-mehrzahl-englisch-2","status":"publish","type":"page","link":"https:\/\/english-munich.de\/training\/pluralbildung-mehrzahl-englisch-2\/","title":{"rendered":"Pluralbildung &#8211; Mehrzahl &#8211; Englisch 2"},"content":{"rendered":"<div class=\"jumbotron text-center\">\r\n<h2>Mehrzahl &#8211; Plural &#8211; Englisch &#8211; Aufgaben<\/h2>\r\n\u00dcbungen zur Mehrzahl &#8211; Pluralbildung &#8211; Englisch\r\n\r\n<\/div>\r\n<div class=\"bs-example\">\r\n<div id=\"accordionExample\" class=\"accordion\">\r\n<div class=\"card\">\r\n<div id=\"headingOne\" class=\"card-header\">\r\n<h2 class=\"mb-0\" style=\"color: #000;\"><button class=\"btn btn-link collapsed\" type=\"button\" data-toggle=\"collapse\" data-target=\"#collapseOne\">Beispiel<\/button><\/h2>\r\n<\/div>\r\n<div id=\"collapseOne\" class=\"collapse\" aria-labelledby=\"headingOne\" data-parent=\"#accordionExample\">\r\n<div class=\"card-body\">\r\n<div class=\"form-group\"><div class=\"row\"><div><label for=\"sel1\"><span class=\"number\">\u24ff<\/span>one house &#8211; two <\/div>&nbsp;&nbsp;<div><select id=\"beispiel\" class=\"form-control\">\r\n<option value=\"wrong\">don&#8217;t did<\/option>\r\n<option value=\"correct\">didn&#8217;t do<\/option>\r\n<option value=\"wrong\">doesn&#8217;t did<\/option>\r\n<\/select><\/label><\/div><\/div>\r\n\r\nDie richtige L\u00f6sung ist: <b>&#8222;houses&#8220;<\/b>&nbsp;&nbsp;<button class=\"btn-lg btn-info\" type=\"button\" value=\"submit\" data-toggle=\"modal\" data-target=\"#myModal\">Tipp<\/button>\r\n\r\n<\/div>\r\n<\/div>\r\n<\/div>\r\n<\/div>\r\n<\/div>\r\n<br \/><br \/>\r\n<div class=\"container well\">\r\n<h4>\u2611\ufe0f W\u00e4hle die richtige Option der <b>Pluralform (Mehrzahl)<\/b>:<\/h4>\r\n\r\n\r\n<hr>\r\n\r\n<br \/>\r\n<div class=\"container-fluid\">\r\n<div class=\"form-group\"><div class=\"row\"><div><label for=\"sel1\"><span class=\"number\">\u2776<\/span> one aircraft &#8211; two<\/div>&nbsp;&nbsp; <div> <select id=\"q0\" class=\"form-control\"><option value=\"wrong\"><\/option>\r\n<option value=\"wrong\"> aircrafts <\/option>\r\n<option value=\"correct\"> aircraft <\/option>\r\n<\/select> <\/label><\/div><\/div>\r\n\r\n<p id=\"correct0\" align=\"left\"><\/p>\r\n<a class=\"btn btn-success tipp0 hidden\" style=\"text-decoration: none, color:white;\" title=\"one aircraft - two aircraft\" href=\"#0\" data-toggle=\"popover\" data-placement=\"top\" data-trigger=\"hover\" data-content=\"die Mehrzahl von aircaft ist unregelm\u00e4\u00dfig; 'aircraft'  \u2794  'aircraft'\">Tipp<\/a>\r\n<\/div>\r\n<div class=\"form-group\"><div class=\"row\"><div><label for=\"sel1\"><span class=\"number\">\u2777<\/span> one die &#8211; two<\/div>&nbsp;&nbsp; <div><select id=\"q1\" class=\"form-control\">\r\n<option value=\"wrong\"><\/option>\r\n<option value=\"wrong\"> dies <\/option>\r\n<option value=\"correct\"> dice <\/option>\r\n<\/select><\/label><\/div><\/div>\r\n\r\n<p id=\"correct1\" align=\"left\"><\/p>\r\n<a class=\"btn btn-success tipp1 hidden\" style=\"text-decoration: none, color:white;\" title=\"one die - two dice\" href=\"#1\" data-toggle=\"popover\" data-placement=\"top\" data-trigger=\"hover\" data-content=\"die Mehrzahl von 'die' ist unregelm\u00e4\u00dfig; 'die' \u2794 'dice'\">Tipp<\/a>\r\n<\/div>\r\n<div class=\"form-group\"><div class=\"row\"><div><label for=\"sel1\"><span class=\"number\">\u2778<\/span> one ox &#8211; two<\/div>&nbsp;&nbsp; <div><select id=\"q2\" class=\"form-control\">\r\n<option value=\"wrong\"><\/option>\r\n<option value=\"correct\">oxen <\/option>\r\n<option value=\"wrong\"> oxes <\/option>\r\n<\/select><\/label><\/div><\/div>\r\n\r\n<p id=\"correct2\" align=\"left\"><\/p>\r\n<a class=\"btn btn-success tipp2 hidden\" style=\"text-decoration: none, color:white;\" title=\"one ox - two oxen\" href=\"#2\" data-toggle=\"popover\" data-placement=\"top\" data-trigger=\"hover\" data-content=\"die Mehrzahl von 'ox' ist unregelm\u00e4\u00dfg:'ox'  \u2794  'oxen'\">Tipp<\/a>\r\n<\/div>\r\n<div class=\"form-group\"><div class=\"row\"><div><label for=\"sel1\"><span class=\"number\">\u2779<\/span> one fox &#8211; two <\/div>&nbsp;&nbsp; <div><select id=\"q3\" class=\"form-control\">\r\n<option value=\"wrong\"><\/option>\r\n<option value=\"correct\"> foxes <\/option>\r\n<option value=\"wrong\"> foxs <\/option>\r\n<\/select><\/label><\/div><\/div>\r\n\r\n<p id=\"correct3\" align=\"left\"><\/p>\r\n<a class=\"btn btn-success tipp3 hidden\" style=\"text-decoration: none, color:white;\" title=\"one fox - two foxes\" href=\"#3\" data-toggle=\"popover\" data-placement=\"top\" data-trigger=\"hover\" data-content=\"bei einem Wort, das auf Zischlaut endet muss vor dem Plural '-s' ein '-e' eingef\u00fcgt werden: 'fox'  \u2794  'foxes'\">Tipp<\/a>\r\n\r\n<\/div>\r\n<div class=\"form-group\"><div class=\"row\"><div><label for=\"sel1\"><span class=\"number\">\u277a<\/span>one knife &#8211; two <\/div>&nbsp;&nbsp; <div><select id=\"q4\" class=\"form-control\">\r\n<option value=\"wrong\"><\/option>\r\n<option value=\"wrong\"> knifes <\/option>\r\n<option value=\"correct\"> knives <\/option>\r\n<\/select><\/label><\/div><\/div>\r\n\r\n<p id=\"correct4\" align=\"left\"><\/p>\r\n<a class=\"btn btn-success tipp4 hidden\" style=\"text-decoration: none, color:white;\" title=\"one knife - two knives\" href=\"#4\" data-toggle=\"popover\" data-placement=\"top\" data-trigger=\"hover\" data-content=\"die Mehrzahl von 'knife' ist 'knives', wenn der Vokal vor dem Endkonsonanten gedehnt ausgesprochen wird aus '-fe' in der Mehrzahl \u2794 '-ves' \u2794 'knives'\">Tipp<\/a>\r\n\r\n<\/div>\r\n<div class=\"form-group\"><div class=\"row\"><div><label for=\"sel1\"><span class=\"number\">\u277b<\/span>one fish &#8211; two <\/div>&nbsp;&nbsp; <div><select id=\"q5\" class=\"form-control\">\r\n<option value=\"wrong\"><\/option>\r\n<option value=\"wrong\"> fishes <\/option>\r\n<option value=\"correct\"> fish <\/option>\r\n<\/select><\/label><\/div><\/div>\r\n<p id=\"correct5\" align=\"left\"><\/p>\r\n<a class=\"btn btn-success tipp5 hidden\" style=\"text-decoration: none, color:white;\" title=\"one fish  - two fish\" href=\"#5\" data-toggle=\"popover\" data-placement=\"top\" data-trigger=\"hover\" data-content=\"die Mehrzahl von 'fish' ist unregelm\u00e4\u00dfig; 'fish'  \u2794  'fish'\">Tipp<\/a>\r\n\r\n<\/div>\r\n<div class=\"form-group\"><div class=\"row\"><div><label for=\"sel1\"><span class=\"number\">\u277c<\/span>one lady &#8211; two <\/div>&nbsp;&nbsp; <div><select id=\"q6\" class=\"form-control\">\r\n<option value=\"wrong\"><\/option>\r\n<option value=\"wrong\"> ladys <\/option>\r\n<option value=\"correct\"> ladies <\/option>\r\n<\/select><\/label><\/div><\/div>\r\n<p id=\"correct6\" align=\"left\"><\/p>\r\n<a class=\"btn btn-success tipp6 hidden\" style=\"text-decoration: none, color:white;\" title=\"one lady - two ladies\" href=\"#6\" data-toggle=\"popover\" data-placement=\"top\" data-trigger=\"hover\" data-content=\"endet ein Wort auf '-y', und der Buchstabe vor dem -y ist ein Konsonant, dann wird es in der Mehrzahl zu '-ies'; 'lady'  \u2794  'ladies'\">Tipp<\/a>\r\n\r\n<\/div>\r\n<div class=\"form-group\"><div class=\"row\"><div><label for=\"sel1\"><span class=\"number\">\u277d<\/span>one sheep &#8211; two <\/div>&nbsp;&nbsp; <div><select id=\"q7\" class=\"form-control\">\r\n<option value=\"wrong\"><\/option>\r\n<option value=\"wrong\"> sheeps <\/option>\r\n<option value=\"correct\"> sheep <\/option>\r\n<\/select><\/label><\/div><\/div>\r\n<p id=\"correct7\" align=\"left\"><\/p>\r\n<a class=\"btn btn-success tipp7 hidden\" style=\"text-decoration: none, color:white;\" title=\"one sheep - two sheep\" href=\"#7\" data-toggle=\"popover\" data-placement=\"top\" data-trigger=\"hover\" data-content=\"die Mehrzahl von sheep ist unregelm\u00e4\u00dfig; 'sheep'  \u2794  'sheep'\">Tipp<\/a>\r\n\r\n<\/div>\r\n<div class=\"form-group\"><div class=\"row\"><div><label for=\"sel1\"><span class=\"number\">\u277e<\/span> one crash &#8211; two <\/div>&nbsp;&nbsp; <div><select id=\"q8\" class=\"form-control\">\r\n<option value=\"wrong\"><\/option>\r\n<option value=\"wrong\"> crashs <\/option>\r\n<option value=\"correct\">crashes <\/option>\r\n<\/select><\/label><\/div><\/div>\r\n<p id=\"correct8\" align=\"left\"><\/p>\r\n<a class=\"btn btn-success tipp8 hidden\" style=\"text-decoration: none, color:white;\" title=\"one crash - two crashes\" href=\"#8\" data-toggle=\"popover\" data-placement=\"top\" data-trigger=\"hover\" data-content=\"bei Hauptw\u00f6rtern mit Zischlaut am Wortende muss bei der Pluralbildung vor dem finalen '-s' ein '-e' eigef\u00fcgt werden; 'crash'   \u2794  'crashes'\">Tipp<\/a>\r\n\r\n<\/div>\r\n<div class=\"form-group\"><div class=\"row\"><div><label for=\"sel1\"><span class=\"number\">\u277f<\/span> one puppy &#8211; two <\/div>&nbsp;&nbsp; <div><select id=\"q9\" class=\"form-control\">\r\n<option value=\"wrong\"><\/option>\r\n<option value=\"wrong\"> puppys <\/option>\r\n<option value=\"correct\"> puppies <\/option>\r\n<\/select><\/label><\/div><\/div>\r\n<p id=\"correct9\" align=\"left\"><\/p>\r\n<a class=\"btn btn-success tipp9 hidden\" style=\"text-decoration: none, color:white;\" title=\"one puppy - two puppies\" href=\"#9\" data-toggle=\"popover\" data-placement=\"top\" data-trigger=\"hover\" data-content=\" endet ein Hauptwort auf '-y' und der vorletzte Buchstabe des Wortes ist ein Konsonant ist die Pluralendung: '-ies' ; 'puppy' \u2794  'puppies'\">Tipp<\/a>\r\n\r\n<\/div>\r\n<\/div>\r\n<div class=\"container\">\r\n\r\n<!-- The Modal -->\r\n<div id=\"myModal\" class=\"modal\">\r\n<div class=\"modal-dialog\">\r\n<div class=\"modal-content\">\r\n\r\n<!-- Modal Header -->\r\n<div class=\"modal-header\">\r\n<h4 class=\"modal-title\">Mehrzahl &#8211; Pluralbildung &#8211; Englisch<\/h4>\r\n<button class=\"close\" type=\"button\" data-dismiss=\"modal\">\u00d7<\/button>\r\n\r\n<\/div>\r\n<!-- Modal body -->\r\n<div class=\"modal-body\"><img decoding=\"async\" src=\"https:\/\/english-munich.de\/training\/wp-content\/uploads\/2021\/03\/plural-forms-english-e1615019540993.jpg\" title=\"plural-forms-English\" alt=\"plural-forms-English\"><\/div>\r\n<!-- Modal footer -->\r\n<div class=\"modal-footer\"><button class=\"btn btn-danger\" type=\"button\" data-dismiss=\"modal\">Close<\/button><\/div>\r\n<\/div>\r\n<\/div>\r\n<\/div>\r\n<\/div>\r\n<\/div>\r\n\r\n<hr>\r\n<button id=\"submitButton\" class=\"btn-lg btn-primary \" type=\"submit\" value=\"submit\">Pr\u00fcfen<\/button><button id=\"resetButton\" class=\"btn-lg btn-success\" type=\"submit\" onclick=\"refreshPage()\">Neustart<\/button><button id=\"submitButton\" class=\"btn-lg btn-info\" type=\"submit\" value=\"submit\" data-toggle=\"modal\" data-target=\"#myModal\">Tipp<\/button>\r\n\r\n<p id=\"result\"><\/p>\r\n<p id=\"result2\"><\/p>\r\n<hr>\r\n\r\n<h3>Alle \u00dcbungen Mehrzahl &#8211; Pluralbildung &#8211; Englisch:<\/h3>\r\n\r\n<hr>\r\n\r\n<div id=\"bellows-main-60\" class=\"bellows bellows-nojs bellows-main bellows-source-menu bellows-align-full bellows-skin-vanilla bellows-type-\"><ul id=\"menu-plural\" class=\"bellows-nav\" data-bellows-config=\"main\"><li id=\"menu-item-7200\" class=\"bellows-menu-item bellows-menu-item-type-post_type bellows-menu-item-object-page bellows-menu-item-7200 bellows-item-level-0\"><a  href=\"https:\/\/english-munich.de\/training\/mehrzahl-pluralbildung-englisch\/\" class=\"bellows-target\"><span class=\"bellows-target-title bellows-target-text\">\u2611\ufe0fMehrzahl \u2013  Pluralbildung<\/span><\/a><\/li>\n<li id=\"menu-item-7220\" class=\"bellows-menu-item bellows-menu-item-type-post_type bellows-menu-item-object-page bellows-menu-item-7220 bellows-item-level-0\"><a  href=\"https:\/\/english-munich.de\/training\/pluralbildung-mehrzahl-englisch-2\/\" class=\"bellows-target\"><span class=\"bellows-target-title bellows-target-text\">\u2611\ufe0fMehrzahl \u2013  Pluralbildung<\/span><\/a><\/li>\n<li id=\"menu-item-7247\" class=\"bellows-menu-item bellows-menu-item-type-post_type bellows-menu-item-object-page bellows-menu-item-7247 bellows-item-level-0\"><a  href=\"https:\/\/english-munich.de\/training\/mehrzahl-bildung-pluralformen-englisch-unregelmaessig\/\" class=\"bellows-target\"><span class=\"bellows-target-title bellows-target-text\">\u270d\ufe0fMehrzahl \u2013 unregelm\u00e4\u00dfig<\/span><\/a><\/li>\n<li id=\"menu-item-7260\" class=\"bellows-menu-item bellows-menu-item-type-post_type bellows-menu-item-object-page bellows-menu-item-7260 bellows-item-level-0\"><a  href=\"https:\/\/english-munich.de\/training\/mehrzahl-pluralbilddung-englisch-3\/\" class=\"bellows-target\"><span class=\"bellows-target-title bellows-target-text\">\u270d\ufe0fMehrzahl \u2013  Pluralbilddung<\/span><\/a><\/li>\n<li id=\"menu-item-7342\" class=\"bellows-menu-item bellows-menu-item-type-post_type bellows-menu-item-object-page bellows-menu-item-7342 bellows-item-level-0\"><a  href=\"https:\/\/english-munich.de\/training\/mehrzahlwoerter-einzahlwoerter-englisch\/\" class=\"bellows-target\"><span class=\"bellows-target-title bellows-target-text\">\u2611\ufe0fMehrzahlw\u00f6rter \u2013 Einzahlw\u00f6rter<\/span><\/a><\/li>\n<li id=\"menu-item-7361\" class=\"bellows-menu-item bellows-menu-item-type-post_type bellows-menu-item-object-page bellows-menu-item-7361 bellows-item-level-0\"><a  href=\"https:\/\/english-munich.de\/training\/mehrzahlwoerter-einzahlwoerter-englisch-2\/\" class=\"bellows-target\"><span class=\"bellows-target-title bellows-target-text\">\u270d\ufe0fMehrzahlw\u00f6rter \u2013 Einzahlw\u00f6rter<\/span><\/a><\/li>\n<li id=\"menu-item-7549\" class=\"bellows-menu-item bellows-menu-item-type-post_type bellows-menu-item-object-page bellows-menu-item-7549 bellows-item-level-0\"><a  href=\"https:\/\/english-munich.de\/training\/kreuzwortraetsel-regelmaessiger-plural-englisch\/\" class=\"bellows-target\"><span class=\"bellows-target-title bellows-target-text\">\ud83d\udd33Kreuzwortr\u00e4tsel regelm\u00e4\u00dfiger Plural<\/span><\/a><\/li>\n<li id=\"menu-item-7550\" class=\"bellows-menu-item bellows-menu-item-type-post_type bellows-menu-item-object-page bellows-menu-item-7550 bellows-item-level-0\"><a  href=\"https:\/\/english-munich.de\/training\/test\/\" class=\"bellows-target\"><span class=\"bellows-target-title bellows-target-text\">\ud83d\udd33Kreuzwortr\u00e4tsel \u2013 unregelm\u00e4\u00dfiger Plural<\/span><\/a><\/li>\n<\/ul><\/div>\r\n\r\n<\/div>","protected":false},"excerpt":{"rendered":"Mehrzahl &#8211; Plural &#8211; Englisch &#8211; Aufgaben \u00dcbungen zur Mehrzahl &#8211; Pluralbildung &#8211; Englisch Beispiel \u24ffone house &#8211; two &nbsp;&nbsp; don&#8217;t did didn&#8217;t do doesn&#8217;t did Die richtige L\u00f6sung ist: &#8222;houses&#8220;&nbsp;&nbsp;Tipp \u2611\ufe0f W\u00e4hle die richtige Option der Pluralform (Mehrzahl): \u2776 one aircraft &#8211; two&nbsp;&nbsp; aircrafts aircraft Tipp \u2777 one die &#8211; two&nbsp;&nbsp; dies dice Tipp [&hellip;]","protected":false},"author":3,"featured_media":0,"parent":0,"menu_order":0,"comment_status":"closed","ping_status":"closed","template":"","meta":[],"_links":{"self":[{"href":"https:\/\/english-munich.de\/training\/wp-json\/wp\/v2\/pages\/7209"}],"collection":[{"href":"https:\/\/english-munich.de\/training\/wp-json\/wp\/v2\/pages"}],"about":[{"href":"https:\/\/english-munich.de\/training\/wp-json\/wp\/v2\/types\/page"}],"author":[{"embeddable":true,"href":"https:\/\/english-munich.de\/training\/wp-json\/wp\/v2\/users\/3"}],"replies":[{"embeddable":true,"href":"https:\/\/english-munich.de\/training\/wp-json\/wp\/v2\/comments?post=7209"}],"version-history":[{"count":5,"href":"https:\/\/english-munich.de\/training\/wp-json\/wp\/v2\/pages\/7209\/revisions"}],"predecessor-version":[{"id":7248,"href":"https:\/\/english-munich.de\/training\/wp-json\/wp\/v2\/pages\/7209\/revisions\/7248"}],"wp:attachment":[{"href":"https:\/\/english-munich.de\/training\/wp-json\/wp\/v2\/media?parent=7209"}],"curies":[{"name":"wp","href":"https:\/\/api.w.org\/{rel}","templated":true}]}}