{"id":7147,"date":"2021-03-05T20:09:19","date_gmt":"2021-03-05T20:09:19","guid":{"rendered":"https:\/\/english-munich.de\/training\/?page_id=7147"},"modified":"2021-03-08T06:53:35","modified_gmt":"2021-03-08T06:53:35","slug":"mehrzahl-pluralbildung-englisch","status":"publish","type":"page","link":"https:\/\/english-munich.de\/training\/mehrzahl-pluralbildung-englisch\/","title":{"rendered":"Mehrzahl &#8211;  Pluralbildung &#8211; Englisch"},"content":{"rendered":"<div class=\"jumbotron text-center\">\r\n<h2>Mehrzahl &#8211; Plural &#8211; Englisch &#8211; Aufgaben<\/h2>\r\n\u00dcbungen zur Mehrzahl &#8211; Pluralbildung &#8211; Englisch\r\n\r\n<\/div>\r\n<div class=\"bs-example\">\r\n<div id=\"accordionExample\" class=\"accordion\">\r\n<div class=\"card\">\r\n<div id=\"headingOne\" class=\"card-header\">\r\n<h2 class=\"mb-0\" style=\"color: #000;\"><button class=\"btn btn-link collapsed\" type=\"button\" data-toggle=\"collapse\" data-target=\"#collapseOne\">Beispiel<\/button><\/h2>\r\n<\/div>\r\n<div id=\"collapseOne\" class=\"collapse\" aria-labelledby=\"headingOne\" data-parent=\"#accordionExample\">\r\n<div class=\"card-body\">\r\n<div class=\"form-group\"><div class=\"row\"><div><label for=\"sel1\"><span class=\"number\">\u24ff<\/span>one house &#8211; two <\/div>&nbsp;&nbsp;<div><select id=\"beispiel\" class=\"form-control\">\r\n<option value=\"wrong\">don&#8217;t did<\/option>\r\n<option value=\"correct\">didn&#8217;t do<\/option>\r\n<option value=\"wrong\">doesn&#8217;t did<\/option>\r\n<\/select><\/label><\/div><\/div>\r\n\r\nDie richtige L\u00f6sung ist: <b>&#8222;houses&#8220;<\/b>&nbsp;&nbsp;<button class=\"btn-lg btn-info\" type=\"button\" value=\"submit\" data-toggle=\"modal\" data-target=\"#myModal\">Tipp<\/button>\r\n\r\n<\/div>\r\n<\/div>\r\n<\/div>\r\n<\/div>\r\n<\/div>\r\n<br \/><br \/>\r\n<div class=\"container well\">\r\n<h4>\u2611\ufe0f W\u00e4hle die richtige Option der <b>Pluralform (Mehrzahl)<\/b>:<\/h4>\r\n\r\n\r\n<hr>\r\n\r\n<br \/>\r\n<div class=\"container-fluid\">\r\n<div class=\"form-group\"><div class=\"row\"><div><label for=\"sel1\"><span class=\"number\">\u2776<\/span> one child two<\/div>&nbsp;&nbsp; <div> <select id=\"q0\" class=\"form-control\"><option value=\"wrong\"><\/option>\r\n<option value=\"correct\"> children<\/option>\r\n<option value=\"wrong\"> childs <\/option>\r\n<\/select><\/label><\/div><\/div>\r\n\r\n<p id=\"correct0\" align=\"left\"><\/p>\r\n<a class=\"btn btn-success tipp0 hidden\" style=\"text-decoration: none, color:white;\" title=\"one child - two children\" href=\"#0\" data-toggle=\"popover\" data-placement=\"top\" data-trigger=\"hover\" data-content=\" die Mehrzahl von 'child' ist unregelm\u00e4\u00dfig  \u2794  'children'\">Tipp<\/a>\r\n<\/div>\r\n<div class=\"form-group\"><div class=\"row\"><div><label for=\"sel1\"><span class=\"number\">\u2777<\/span> one mouse &#8211; two <\/div>&nbsp;&nbsp; <div><select id=\"q1\" class=\"form-control\">\r\n<option value=\"wrong\"><\/option>\r\n<option value=\"wrong\"> mouses <\/option>\r\n<option value=\"correct\"> mice <\/option>\r\n<\/select><\/label><\/div><\/div>\r\n\r\n<p id=\"correct1\" align=\"left\"><\/p>\r\n<a class=\"btn btn-success tipp1 hidden\" style=\"text-decoration: none, color:white;\" title=\"one mouse - two mice\" href=\"#1\" data-toggle=\"popover\" data-placement=\"top\" data-trigger=\"hover\" data-content=\"die Mehrzahl von 'mouse' ist unregelm\u00e4\u00dfig; 'mouse' \u2794 'mice'\">Tipp<\/a>\r\n<\/div>\r\n<div class=\"form-group\"><div class=\"row\"><div><label for=\"sel1\"><span class=\"number\">\u2778<\/span> one sheep &#8211; two \r\n<\/div>&nbsp;&nbsp; <div><select id=\"q2\" class=\"form-control\">\r\n<option value=\"wrong\"><\/option>\r\n<option value=\"correct\"> sheep <\/option>\r\n<option value=\"wrong\"> sheeps <\/option>\r\n<\/select><\/label><\/div><\/div>\r\n\r\n<p id=\"correct2\" align=\"left\"><\/p>\r\n<a class=\"btn btn-success tipp2 hidden\" style=\"text-decoration: none, color:white;\" title=\"one sheep - two sheep\" href=\"#2\" data-toggle=\"popover\" data-placement=\"top\" data-trigger=\"hover\" data-content=\"die Mehrzahl von 'sheep' ist unregelm\u00e4\u00dfig:'sheep'  \u2794  'sheep'\">Tipp<\/a>\r\n<\/div>\r\n<div class=\"form-group\"><div class=\"row\"><div><label for=\"sel1\"><span class=\"number\">\u2779<\/span> one beer &#8211; two <\/div>&nbsp;&nbsp; <div><select id=\"q3\" class=\"form-control\">\r\n<option value=\"wrong\"><\/option>\r\n<option value=\"correct\"> beers <\/option>\r\n<option value=\"wrong\"> beeres <\/option>\r\n<\/select><\/label><\/div><\/div>\r\n\r\n<p id=\"correct3\" align=\"left\"><\/p>\r\n<a class=\"btn btn-success tipp3 hidden\" style=\"text-decoration: none, color:white;\" title=\"one beer - two beers\" href=\"#3\" data-toggle=\"popover\" data-placement=\"top\" data-trigger=\"hover\" data-content=\"'beers' die Mehrzahl von beer ist regelm\u00e4\u00dfig, einfach ein -s ans Wortende anh\u00e4ngen 'beer'  \u2794  'beers'\">Tipp<\/a>\r\n\r\n<\/div>\r\n<div class=\"form-group\"><div class=\"row\"><div><label for=\"sel1\"><span class=\"number\">\u277a<\/span>one goose &#8211; two <\/div>&nbsp;&nbsp; <div><select id=\"q4\" class=\"form-control\">\r\n<option value=\"wrong\"><\/option>\r\n<option value=\"wrong\"> gooses <\/option>\r\n<option value=\"correct\"> geese <\/option>\r\n<\/select><\/label><\/div><\/div>\r\n\r\n<p id=\"correct4\" align=\"left\"><\/p>\r\n<a class=\"btn btn-success tipp4 hidden\" style=\"text-decoration: none, color:white;\" title=\"one goose - two geese\" href=\"#4\" data-toggle=\"popover\" data-placement=\"top\" data-trigger=\"hover\" data-content=\"die Mehrzahl von 'goose' ist unregelm\u00e4\u00dfig:'goose'  \u2794  'geese'\">Tipp<\/a>\r\n\r\n<\/div>\r\n<div class=\"form-group\"><div class=\"row\"><div><label for=\"sel1\"><span class=\"number\">\u277b<\/span>one foot &#8211; two <\/div>&nbsp;&nbsp; <div><select id=\"q5\" class=\"form-control\">\r\n<option value=\"wrong\"><\/option>\r\n<option value=\"wrong\"> foots <\/option>\r\n<option value=\"correct\"> feet <\/option>\r\n<\/select><\/label><\/div><\/div>\r\n<p id=\"correct5\" align=\"left\"><\/p>\r\n<a class=\"btn btn-success tipp5 hidden\" style=\"text-decoration: none, color:white;\" title=\"one foot  - two feet\" href=\"#5\" data-toggle=\"popover\" data-placement=\"top\" data-trigger=\"hover\" data-content=\"die Mehrzahl von 'foot' ist unregelm\u00e4\u00dfig; 'foot'  \u2794  'feet'\">Tipp<\/a>\r\n\r\n<\/div>\r\n<div class=\"form-group\"><div class=\"row\"><div><label for=\"sel1\"><span class=\"number\">\u277c<\/span>one man &#8211; two <\/div>&nbsp;&nbsp; <div><select id=\"q6\" class=\"form-control\">\r\n<option value=\"wrong\"><\/option>\r\n<option value=\"wrong\"> mans <\/option>\r\n<option value=\"correct\"> men <\/option>\r\n<\/select><\/label><\/div><\/div>\r\n<p id=\"correct6\" align=\"left\"><\/p>\r\n<a class=\"btn btn-success tipp6 hidden\" style=\"text-decoration: none, color:white;\" title=\"one man - two men\" href=\"#6\" data-toggle=\"popover\" data-placement=\"top\" data-trigger=\"hover\" data-content=\"die Mehrzahl von 'man' ist unregelm\u00e4\u00dfig; 'man'  \u2794  'men'\">Tipp<\/a>\r\n\r\n<\/div>\r\n<div class=\"form-group\"><div class=\"row\"><div><label for=\"sel1\"><span class=\"number\">\u277d<\/span>one tooth &#8211; two <\/div>&nbsp;&nbsp; <div><select id=\"q7\" class=\"form-control\">\r\n<option value=\"wrong\"><\/option>\r\n<option value=\"wrong\"> tooths <\/option>\r\n<option value=\"correct\"> teeth <\/option>\r\n<\/select><\/label><\/div><\/div>\r\n<p id=\"correct7\" align=\"left\"><\/p>\r\n<a class=\"btn btn-success tipp7 hidden\" style=\"text-decoration: none, color:white;\" title=\"one tooth - two teeth\" href=\"#7\" data-toggle=\"popover\" data-placement=\"top\" data-trigger=\"hover\" data-content=\"die Mehrzahl von tooth ist unregelm\u00e4\u00dfig; 'tooth'  \u2794  'teeth'\">Tipp<\/a>\r\n\r\n<\/div>\r\n<div class=\"form-group\"><div class=\"row\"><div><label for=\"sel1\"><span class=\"number\">\u277e<\/span> one sandwich &#8211; two <\/div>&nbsp;&nbsp; <div><select id=\"q8\" class=\"form-control\">\r\n<option value=\"wrong\"><\/option>\r\n<option value=\"correct\"> sandwiches <\/option>\r\n<option value=\"wrong\"> sandwichs <\/option>\r\n<\/select><\/label><\/div><\/div>\r\n<p id=\"correct8\" align=\"left\"><\/p>\r\n<a class=\"btn btn-success tipp8 hidden\" style=\"text-decoration: none, color:white;\" title=\"one sandwich - two sandwiches\" href=\"#8\" data-toggle=\"popover\" data-placement=\"top\" data-trigger=\"hover\" data-content=\"bei Hauptw\u00f6rtern mit Zischlaut am Wortende muss bei der Pluralbildung vor dem finalen '-s' ein '-e' eigef\u00fcgt werden; 'sandwich'   \u2794  'sandwiches'\">Tipp<\/a>\r\n\r\n<\/div>\r\n<div class=\"form-group\"><div class=\"row\"><div><label for=\"sel1\"><span class=\"number\">\u277f<\/span> one city &#8211; two <\/div>&nbsp;&nbsp; <div><select id=\"q9\" class=\"form-control\">\r\n<option value=\"wrong\"><\/option>\r\n<option value=\"wrong\"> citys <\/option>\r\n<option value=\"correct\"> cities <\/option>\r\n<\/select><\/label><\/div><\/div>\r\n<p id=\"correct9\" align=\"left\"><\/p>\r\n<a class=\"btn btn-success tipp9 hidden\" style=\"text-decoration: none, color:white;\" title=\"one city - two cities\" href=\"#9\" data-toggle=\"popover\" data-placement=\"top\" data-trigger=\"hover\" data-content=\" endet ein Hauptwort auf '-y' wird es in der Mehrzahl zu '-ies' vor dem finalen 's'; 'city' \u2794  'cities'\">Tipp<\/a>\r\n\r\n<\/div>\r\n<\/div>\r\n<div class=\"container\">\r\n\r\n<!-- The Modal -->\r\n<div id=\"myModal\" class=\"modal\">\r\n<div class=\"modal-dialog\">\r\n<div class=\"modal-content\">\r\n\r\n<!-- Modal Header -->\r\n<div class=\"modal-header\">\r\n<h4 class=\"modal-title\">Mehrzahl &#8211; Pluralbildung &#8211; Englisch<\/h4>\r\n<button class=\"close\" type=\"button\" data-dismiss=\"modal\">\u00d7<\/button>\r\n\r\n<\/div>\r\n<!-- Modal body -->\r\n<div class=\"modal-body\"><table class=\"table table-bordered table-sm table-hover\">\r\n<thead>\r\n<tr class=\"table-danger\">\r\n<th colspan=\"2\">Mehrzahl &#8211; Pluralbildung Englisch<\/th>\r\n<\/tr>\r\n<\/thead>\r\n<tbody>\r\n<tr class=\"table-success\">\r\n<td colspan='2'><b>regelm\u00e4\u00dfige Bildung &#8211; einfach ein &#8218;-s&#8216; an das Wort in der Einzahl anh\u00e4ngen<\/b><\/td>\r\n\r\n<\/tr>\r\n<tr class=\"table-primary\">\r\n<td><b>Einzahl<\/b><\/td>\r\n<td><b>Mehrzahl<\/b><\/td><\/tr>\r\n<tr class=\"table-info\"><td><b><i class=\"text-danger\">beer<\/i><\/b><\/td>\r\n<td><b><i class=\"text-danger\">beers<\/i><\/b><\/td>\r\n<\/tr>\r\n<tr class=\"table-info\">\r\n<td><b><i class=\"text-danger\"> ball <\/i> <\/b><\/td>\r\n<td><b><i class=\"text-danger\"> balls <\/i> <\/b><\/td>\r\n<\/tr>\r\n<tr class=\"table-info\">\r\n<td><b><i class=\"text-danger\"> book <\/i> <\/b><\/td>\r\n<td><b><i class=\"text-danger\"> books <\/i> <\/b><\/td>\r\n<\/tr>\r\n<tr class=\"table-success\">\r\n<td colspan='2'><b>Substantiv endet auf einen Zischlaut; an das Wortende wird ein &#8218;-es&#8216; angeh\u00e4ngt. Ist das &#8218;-e&#8216; stumm, wird nur &#8218;-s&#8216; erg\u00e4nzt.<\/b><\/td>\r\n\r\n<\/tr>\r\n<tr class=\"table-primary\">\r\n<td><b>Einzahl<\/b><\/td>\r\n<td><b>Mehrzahl<\/b><\/td><\/tr>\r\n<tr class=\"table-info\"><td><b><i class=\"text-danger\">box<\/i><\/b><\/td>\r\n<td><b><i class=\"text-danger\">boxes<\/i><\/b><\/td>\r\n<\/tr>\r\n<tr class=\"table-info\">\r\n<td><b><i class=\"text-danger\"> witch <\/i> <\/b><\/td>\r\n<td><b><i class=\"text-danger\"> witches <\/i> <\/b><\/td>\r\n<\/tr>\r\n<tr class=\"table-info\">\r\n<td><b><i class=\"text-danger\"> rose <\/i> <\/b><\/td>\r\n<td><b><i class=\"text-danger\"> roses <\/i> <\/b><\/td>\r\n<\/tr>\r\n<tr class=\"table-success\">\r\n<td colspan='2'><b>endet ein Substantiv auf&#8216;-y&#8216; und der vorletzte Buchstabe ist ein Konsonant , wird &#8218;-y&#8216; bei der Pluralbildung zu einem &#8218;-ies&#8216;<\/b><\/td>\r\n\r\n<\/tr>\r\n<tr class=\"table-primary\">\r\n<td><b>Einzahl<\/b><\/td>\r\n<td><b>Mehrzahl<\/b><\/td><\/tr>\r\n<tr class=\"table-info\"><td><b><i class=\"text-danger\"> city <\/i><\/b><\/td>\r\n<td><b><i class=\"text-danger\"> cities <\/i><\/b><\/td>\r\n<\/tr>\r\n<tr class=\"table-info\">\r\n<td><b><i class=\"text-danger\"> daisy <\/i> <\/b><\/td>\r\n<td><b><i class=\"text-danger\"> daisies <\/i> <\/b><\/td>\r\n<\/tr>\r\n<tr class=\"table-success\">\r\n<td colspan='2'><b>endet ein Substantiv auf&#8216;-y&#8216; und der vorletzte Buchstabe ist ein Vokal , bleibt das &#8218;-y&#8216; bei der Pluralbildung erhalten<\/b><\/td>\r\n<\/tr>\r\n<tr class=\"table-primary\">\r\n<td><b>Einzahl<\/b><\/td>\r\n<td><b>Mehrzahl<\/b><\/td><\/tr>\r\n<tr class=\"table-info\"><td><b><i class=\"text-danger\"> toy <\/i><\/b><\/td>\r\n<td><b><i class=\"text-danger\"> toys <\/i><\/b><\/td>\r\n<\/tr>\r\n<tr class=\"table-info\">\r\n<td><b><i class=\"text-danger\"> day <\/i> <\/b><\/td>\r\n<td><b><i class=\"text-danger\"> days <\/i> <\/b><\/td>\r\n<\/tr>\r\n<tr class=\"table-success\">\r\n<td colspan='2'><b>endet ein Substantiv auf &#8218;-f&#8216; und die Mehrzahl wird kurz ausgesprochen, ist die Pluralbildung regelm\u00e4\u00dfig; es wird einfach ein &#8218;-s&#8216; ans Wortende angeh\u00e4ngt.<\/b><\/td>\r\n<\/tr>\r\n<tr class=\"table-primary\">\r\n<td><b>Einzahl<\/b><\/td>\r\n<td><b>Mehrzahl<\/b><\/td><\/tr>\r\n<tr class=\"table-info\"><td><b><i class=\"text-danger\"> roof <\/i><\/b><\/td>\r\n<td><b><i class=\"text-danger\"> roofs <\/i><\/b><\/td>\r\n<\/tr>\r\n<tr class=\"table-info\">\r\n<td><b><i class=\"text-danger\"> riff <\/i> <\/b><\/td>\r\n<td><b><i class=\"text-danger\"> riffs <\/i> <\/b><\/td>\r\n<\/tr>\r\n<tr class=\"table-success\">\r\n<td colspan='2'><b>endet ein Substantiv auf &#8218;-f&#8216; und die Mehrzahl wird gedehnt ausgesprochen, ist die Pluralbildung uregelm\u00e4\u00dfig; es muss ein &#8218;-es&#8216; ans Wortende angeh\u00e4ngt werden.<\/b><\/td>\r\n<\/tr>\r\n<tr class=\"table-primary\">\r\n<td><b>Einzahl<\/b><\/td>\r\n<td><b>Mehrzahl<\/b><\/td><\/tr>\r\n<tr class=\"table-info\"><td><b><i class=\"text-danger\"> thief <\/i><\/b><\/td>\r\n<td><b><i class=\"text-danger\"> thieves <\/i><\/b><\/td>\r\n<\/tr>\r\n<tr class=\"table-info\">\r\n<td><b><i class=\"text-danger\"> shelf <\/i> <\/b><\/td>\r\n<td><b><i class=\"text-danger\"> shelves <\/i> <\/b><\/td>\r\n<\/tr>\r\n<tr class=\"table-success\">\r\n<td colspan='2'><b>endet ein Substantiv auf &#8218;o&#8216; wird die Mehrzahl gebildet, indem entweder ein &#8218;-s&#8216; oder ein &#8218;-es&#8216; angeh\u00e4ngt wird. Hier gibt es leider keine eindeutigen Regeln.<\/b><\/td>\r\n<\/tr>\r\n<tr class=\"table-primary\">\r\n<td><b>Einzahl<\/b><\/td>\r\n<td><b>Mehrzahl<\/b><\/td><\/tr>\r\n<tr class=\"table-info\"><td><b><i class=\"text-danger\"> disco <\/i><\/b><\/td>\r\n<td><b><i class=\"text-danger\"> discos <\/i><\/b><\/td>\r\n<\/tr>\r\n<tr class=\"table-info\">\r\n<td><b><i class=\"text-danger\"> bongo  <\/i> <\/b><\/td>\r\n<td><b><i class=\"text-danger\"> bongos <\/i> <\/b><\/td>\r\n<\/tr>\r\n\r\n<tr class=\"table-info\"><td><b><i class=\"text-danger\"> domino   <\/i><\/b><\/td>\r\n<td><b><i class=\"text-danger\"> dominos <\/i><\/b><\/td>\r\n<\/tr>\r\n<tr class=\"table-info\">\r\n<td><b><i class=\"text-danger\"> potato  <\/i> <\/b><\/td>\r\n<td><b><i class=\"text-danger\"> potatoes <\/i> <\/b><\/td>\r\n<\/tr>\r\n<tr class=\"table-success\">\r\n<td colspan='2'><b>Dnn gibt es noch einige Substantive deren Pluralbildung komplett unregelm\u00e4\u00dfig ist:<\/b><\/td>\r\n<\/tr>\r\n<tr class=\"table-primary\">\r\n<td><b>Einzahl<\/b><\/td>\r\n<td><b>Mehrzahl<\/b><\/td><\/tr>\r\n<tr class=\"table-info\"><td><b><i class=\"text-danger\"> ox <\/i><\/b><\/td>\r\n<td><b><i class=\"text-danger\"> oxen <\/i><\/b><\/td>\r\n<\/tr>\r\n<tr class=\"table-info\">\r\n<td><b><i class=\"text-danger\"> child  <\/i> <\/b><\/td>\r\n<td><b><i class=\"text-danger\"> children <\/i> <\/b><\/td>\r\n<\/tr>\r\n<\/tr>\r\n<tr class=\"table-info\"><td><b><i class=\"text-danger\"> aircraft   <\/i><\/b><\/td>\r\n<td><b><i class=\"text-danger\"> aircraft <\/i><\/b><\/td>\r\n<\/tr>\r\n<tr class=\"table-info\">\r\n<td><b><i class=\"text-danger\"> man  <\/i> <\/b><\/td>\r\n<td><b><i class=\"text-danger\"> men <\/i> <\/b><\/td>\r\n<\/tr>\r\n<tr class=\"table-info\"><td><b><i class=\"text-danger\"> woman <\/i><\/b><\/td>\r\n<td><b><i class=\"text-danger\"> women <\/i><\/b><\/td>\r\n<\/tr>\r\n<tr class=\"table-info\">\r\n<td><b><i class=\"text-danger\"> sheep  <\/i> <\/b><\/td>\r\n<td><b><i class=\"text-danger\"> sheep <\/i> <\/b><\/td>\r\n<\/tr>\r\n<\/tr>\r\n\r\n<tr class=\"table-info\"><td><b><i class=\"text-danger\"> goose   <\/i><\/b><\/td>\r\n<td><b><i class=\"text-danger\">   geese <\/i><\/b><\/td>\r\n<\/tr>\r\n<tr class=\"table-info\">\r\n<td><b><i class=\"text-danger\"> mouse  <\/i> <\/b><\/td>\r\n<td><b><i class=\"text-danger\"> mice <\/i> <\/b><\/td>\r\n<\/tr>\r\n\r\n\r\n\r\n<\/tbody>\r\n<\/table><\/div>\r\n<!-- Modal footer -->\r\n<div class=\"modal-footer\"><button class=\"btn btn-danger\" type=\"button\" data-dismiss=\"modal\">Close<\/button><\/div>\r\n<\/div>\r\n<\/div>\r\n<\/div>\r\n<\/div>\r\n<\/div>\r\n\r\n<hr>\r\n<button id=\"submitButton\" class=\"btn-lg btn-primary \" type=\"submit\" value=\"submit\">Pr\u00fcfen<\/button><button id=\"resetButton\" class=\"btn-lg btn-success\" type=\"submit\" onclick=\"refreshPage()\">Neustart<\/button><button id=\"submitButton\" class=\"btn-lg btn-info\" type=\"submit\" value=\"submit\" data-toggle=\"modal\" data-target=\"#myModal\">Tipp<\/button>\r\n\r\n<p id=\"result\"><\/p>\r\n<p id=\"result2\"><\/p>\r\n<hr>\r\n\r\n<h3>Alle \u00dcbungen Mehrzahl &#8211; Pluralbildung &#8211; Englisch:<\/h3>\r\n\r\n<hr>\r\n\r\n<div id=\"bellows-main-60\" class=\"bellows bellows-nojs bellows-main bellows-source-menu bellows-align-full bellows-skin-vanilla bellows-type-\"><ul id=\"menu-plural\" class=\"bellows-nav\" data-bellows-config=\"main\"><li id=\"menu-item-7200\" class=\"bellows-menu-item bellows-menu-item-type-post_type bellows-menu-item-object-page bellows-menu-item-7200 bellows-item-level-0\"><a  href=\"https:\/\/english-munich.de\/training\/mehrzahl-pluralbildung-englisch\/\" class=\"bellows-target\"><span class=\"bellows-target-title bellows-target-text\">\u2611\ufe0fMehrzahl \u2013  Pluralbildung<\/span><\/a><\/li>\n<li id=\"menu-item-7220\" class=\"bellows-menu-item bellows-menu-item-type-post_type bellows-menu-item-object-page bellows-menu-item-7220 bellows-item-level-0\"><a  href=\"https:\/\/english-munich.de\/training\/pluralbildung-mehrzahl-englisch-2\/\" class=\"bellows-target\"><span class=\"bellows-target-title bellows-target-text\">\u2611\ufe0fMehrzahl \u2013  Pluralbildung<\/span><\/a><\/li>\n<li id=\"menu-item-7247\" class=\"bellows-menu-item bellows-menu-item-type-post_type bellows-menu-item-object-page bellows-menu-item-7247 bellows-item-level-0\"><a  href=\"https:\/\/english-munich.de\/training\/mehrzahl-bildung-pluralformen-englisch-unregelmaessig\/\" class=\"bellows-target\"><span class=\"bellows-target-title bellows-target-text\">\u270d\ufe0fMehrzahl \u2013 unregelm\u00e4\u00dfig<\/span><\/a><\/li>\n<li id=\"menu-item-7260\" class=\"bellows-menu-item bellows-menu-item-type-post_type bellows-menu-item-object-page bellows-menu-item-7260 bellows-item-level-0\"><a  href=\"https:\/\/english-munich.de\/training\/mehrzahl-pluralbilddung-englisch-3\/\" class=\"bellows-target\"><span class=\"bellows-target-title bellows-target-text\">\u270d\ufe0fMehrzahl \u2013  Pluralbilddung<\/span><\/a><\/li>\n<li id=\"menu-item-7342\" class=\"bellows-menu-item bellows-menu-item-type-post_type bellows-menu-item-object-page bellows-menu-item-7342 bellows-item-level-0\"><a  href=\"https:\/\/english-munich.de\/training\/mehrzahlwoerter-einzahlwoerter-englisch\/\" class=\"bellows-target\"><span class=\"bellows-target-title bellows-target-text\">\u2611\ufe0fMehrzahlw\u00f6rter \u2013 Einzahlw\u00f6rter<\/span><\/a><\/li>\n<li id=\"menu-item-7361\" class=\"bellows-menu-item bellows-menu-item-type-post_type bellows-menu-item-object-page bellows-menu-item-7361 bellows-item-level-0\"><a  href=\"https:\/\/english-munich.de\/training\/mehrzahlwoerter-einzahlwoerter-englisch-2\/\" class=\"bellows-target\"><span class=\"bellows-target-title bellows-target-text\">\u270d\ufe0fMehrzahlw\u00f6rter \u2013 Einzahlw\u00f6rter<\/span><\/a><\/li>\n<li id=\"menu-item-7549\" class=\"bellows-menu-item bellows-menu-item-type-post_type bellows-menu-item-object-page bellows-menu-item-7549 bellows-item-level-0\"><a  href=\"https:\/\/english-munich.de\/training\/kreuzwortraetsel-regelmaessiger-plural-englisch\/\" class=\"bellows-target\"><span class=\"bellows-target-title bellows-target-text\">\ud83d\udd33Kreuzwortr\u00e4tsel regelm\u00e4\u00dfiger Plural<\/span><\/a><\/li>\n<li id=\"menu-item-7550\" class=\"bellows-menu-item bellows-menu-item-type-post_type bellows-menu-item-object-page bellows-menu-item-7550 bellows-item-level-0\"><a  href=\"https:\/\/english-munich.de\/training\/test\/\" class=\"bellows-target\"><span class=\"bellows-target-title bellows-target-text\">\ud83d\udd33Kreuzwortr\u00e4tsel \u2013 unregelm\u00e4\u00dfiger Plural<\/span><\/a><\/li>\n<\/ul><\/div>\r\n\r\n<\/div>","protected":false},"excerpt":{"rendered":"Mehrzahl &#8211; Plural &#8211; Englisch &#8211; Aufgaben \u00dcbungen zur Mehrzahl &#8211; Pluralbildung &#8211; Englisch Beispiel \u24ffone house &#8211; two &nbsp;&nbsp; don&#8217;t did didn&#8217;t do doesn&#8217;t did Die richtige L\u00f6sung ist: &#8222;houses&#8220;&nbsp;&nbsp;Tipp \u2611\ufe0f W\u00e4hle die richtige Option der Pluralform (Mehrzahl): \u2776 one child two&nbsp;&nbsp; children childs Tipp \u2777 one mouse &#8211; two &nbsp;&nbsp; mouses mice Tipp [&hellip;]","protected":false},"author":3,"featured_media":0,"parent":0,"menu_order":0,"comment_status":"closed","ping_status":"closed","template":"","meta":[],"_links":{"self":[{"href":"https:\/\/english-munich.de\/training\/wp-json\/wp\/v2\/pages\/7147"}],"collection":[{"href":"https:\/\/english-munich.de\/training\/wp-json\/wp\/v2\/pages"}],"about":[{"href":"https:\/\/english-munich.de\/training\/wp-json\/wp\/v2\/types\/page"}],"author":[{"embeddable":true,"href":"https:\/\/english-munich.de\/training\/wp-json\/wp\/v2\/users\/3"}],"replies":[{"embeddable":true,"href":"https:\/\/english-munich.de\/training\/wp-json\/wp\/v2\/comments?post=7147"}],"version-history":[{"count":73,"href":"https:\/\/english-munich.de\/training\/wp-json\/wp\/v2\/pages\/7147\/revisions"}],"predecessor-version":[{"id":7278,"href":"https:\/\/english-munich.de\/training\/wp-json\/wp\/v2\/pages\/7147\/revisions\/7278"}],"wp:attachment":[{"href":"https:\/\/english-munich.de\/training\/wp-json\/wp\/v2\/media?parent=7147"}],"curies":[{"name":"wp","href":"https:\/\/api.w.org\/{rel}","templated":true}]}}