{"id":7120,"date":"2021-03-04T19:33:59","date_gmt":"2021-03-04T19:33:59","guid":{"rendered":"https:\/\/english-munich.de\/training\/?page_id=7120"},"modified":"2021-03-04T19:33:59","modified_gmt":"2021-03-04T19:33:59","slug":"despite-although-unterschied","status":"publish","type":"page","link":"https:\/\/english-munich.de\/training\/despite-although-unterschied\/","title":{"rendered":"despite &#8211; although &#8211; Unterschied"},"content":{"rendered":"<div class=\"container well\">\r\n<h2>despite &#8211; although &#8211; Unterschied &#8211; \u00dcbungen und Erkl\u00e4rungen<\/h2>\r\n<hr>\r\n<h3>despite &#8211; although &#8211; Unterschied &#8211; \u00dcbungen<\/h3>\r\n<div id=\"bellows-main-59\" class=\"bellows bellows-nojs bellows-main bellows-source-menu bellows-align-full bellows-skin-vanilla bellows-type-\"><ul id=\"menu-despite-although\" class=\"bellows-nav\" data-bellows-config=\"main\"><li id=\"menu-item-7078\" class=\"bellows-menu-item bellows-menu-item-type-post_type bellows-menu-item-object-page bellows-menu-item-7078 bellows-item-level-0\"><a  href=\"https:\/\/english-munich.de\/training\/although-despite-unterschied-2\/\" class=\"bellows-target\"><span class=\"bellows-target-title bellows-target-text\">\u270d\ufe0falthough \u2013 despite<\/span><\/a><\/li>\n<li id=\"menu-item-7079\" class=\"bellows-menu-item bellows-menu-item-type-post_type bellows-menu-item-object-page bellows-menu-item-7079 bellows-item-level-0\"><a  href=\"https:\/\/english-munich.de\/training\/although-despite-unterschied\/\" class=\"bellows-target\"><span class=\"bellows-target-title bellows-target-text\">\u2611\ufe0falthough \u2013 despite<\/span><\/a><\/li>\n<\/ul><\/div>\r\n<h3>despite &#8211; although &#8211; Unterschied &#8211; Erkl\u00e4rungen<\/h3>\r\nDer Unterschied zwischen <i class=\"text-danger\">despite<\/i> und <i class=\"text-danger\">although<\/i> ist \u00e4hnlich wie der zwischen <i class=\"text-danger\">during<\/i> und <i class=\"text-danger\">while<\/i>.\r\n<i class=\"text-danger\">Although<\/i> ist eine Konjunktion und hei\u00dft auf Deutsch <i class=\"text-danger\">obwohl<\/i>. <i class=\"text-danger\">Although<\/i> leitet einen Nebensatz ein. <i class=\"text-danger\">Despite<\/i> hei\u00dft <i class=\"text-danger\">trotz<\/i>, ist eine Pr\u00e4position und bezieht sich auf ein einzelnes <i class=\"text-danger\">Hauptwort<\/i>.<br \/>\r\n<b>zum Beispiel:<\/b>\r\n<i class=\"text-danger\">Although<\/i> he didn&#8217;t have time, he did a very good job.\r\n<i class=\"text-danger\">Obwohl<\/i> er keine Zeit hatte, machte er einen guten Job.\r\n<i class=\"text-danger\">Despite<\/i> all warnings he went all in.\r\n<i class=\"text-danger\">Trotz<\/i> allen Warnungen hat er alles eingesetzt.<br \/>\r\n<table class=\"table table-bordered table-sm table-hover\">\r\n<thead>\r\n<tr class=\"table-danger\">\r\n<th colspan=\"2\">despite &#8211; although &#8211; Unterschied<\/th>\r\n<\/tr>\r\n<\/thead>\r\n<tbody>\r\n<tr class=\"table-success\">\r\n<td><b>despite<\/b><\/td>\r\n<td><b>although<\/b><\/td>\r\n<\/tr>\r\n<tr class=\"table-info\">\r\n<td><b>Pr\u00e4position &#8211; bezieht sich auf ein Hauptwort<\/b><\/td>\r\n<td><b>Konunktion leitet einen Nebensatz ein<\/b><\/td><\/tr>\r\n<tr class=\"table-primary\"><td><b><i class=\"text-danger\">Despite<\/i> his hard training he lost.<\/b><\/td>\r\n<td><b><i class=\"text-danger\">Although<\/i> he didn&#8217;t work hard he was successful.<\/b><\/td>\r\n<\/tr>\r\n\r\n<tr class=\"table-info\">\r\n<td><b>Er verlor <i class=\"text-danger\"> trotz<\/i> seines harten Trainings.<\/b><\/td>\r\n<td><b><i class=\"text-danger\">Obwohl<\/i> er sich nicht bem\u00fcht hat, war er erfolgreich.<\/b><\/td>\r\n<\/tr>\r\n\r\n\r\n<\/tbody>\r\n<\/table>\r\n \r\n \r\n<\/div>","protected":false},"excerpt":{"rendered":"despite &#8211; although &#8211; Unterschied &#8211; \u00dcbungen und Erkl\u00e4rungen despite &#8211; although &#8211; Unterschied &#8211; \u00dcbungen despite &#8211; although &#8211; Unterschied &#8211; Erkl\u00e4rungen Der Unterschied zwischen despite und although ist \u00e4hnlich wie der zwischen during und while. Although ist eine Konjunktion und hei\u00dft auf Deutsch obwohl. Although leitet einen Nebensatz ein. Despite hei\u00dft trotz, ist [&hellip;]","protected":false},"author":3,"featured_media":0,"parent":0,"menu_order":0,"comment_status":"closed","ping_status":"closed","template":"","meta":[],"_links":{"self":[{"href":"https:\/\/english-munich.de\/training\/wp-json\/wp\/v2\/pages\/7120"}],"collection":[{"href":"https:\/\/english-munich.de\/training\/wp-json\/wp\/v2\/pages"}],"about":[{"href":"https:\/\/english-munich.de\/training\/wp-json\/wp\/v2\/types\/page"}],"author":[{"embeddable":true,"href":"https:\/\/english-munich.de\/training\/wp-json\/wp\/v2\/users\/3"}],"replies":[{"embeddable":true,"href":"https:\/\/english-munich.de\/training\/wp-json\/wp\/v2\/comments?post=7120"}],"version-history":[{"count":8,"href":"https:\/\/english-munich.de\/training\/wp-json\/wp\/v2\/pages\/7120\/revisions"}],"predecessor-version":[{"id":7128,"href":"https:\/\/english-munich.de\/training\/wp-json\/wp\/v2\/pages\/7120\/revisions\/7128"}],"wp:attachment":[{"href":"https:\/\/english-munich.de\/training\/wp-json\/wp\/v2\/media?parent=7120"}],"curies":[{"name":"wp","href":"https:\/\/api.w.org\/{rel}","templated":true}]}}