{"id":7063,"date":"2021-03-04T08:43:25","date_gmt":"2021-03-04T08:43:25","guid":{"rendered":"https:\/\/english-munich.de\/training\/?page_id=7063"},"modified":"2021-05-05T13:03:38","modified_gmt":"2021-05-05T13:03:38","slug":"although-despite-unterschied-2","status":"publish","type":"page","link":"https:\/\/english-munich.de\/training\/although-despite-unterschied-2\/","title":{"rendered":"although &#8211; despite &#8211; Unterschied"},"content":{"rendered":"<div class=\"jumbotron text-center\">\r\n<h2>although &#8211; despite &#8211; Unterschied<\/h2>\r\n\u00dcbungen zum Unterschied von although und despite \r\n\r\n<\/div>\r\n<div class=\"bs-example\">\r\n<div class=\"accordion\" id=\"accordionExample\">\r\n<div class=\"card\">\r\n<div class=\"card-header\" id=\"headingOne\">\r\n<h2 class=\"mb-0\" style=\"color:#000\">\r\n                    <button type=\"button\" class=\"btn btn-link collapsed\" data-toggle=\"collapse\" data-target=\"#collapseOne\">Beispiel<\/button><\/h2>\r\n<\/div>\r\n<div id=\"collapseOne\" class=\"collapse\" aria-labelledby=\"headingOne\" data-parent=\"#accordionExample\">\r\n<div class=\"card-body\">\r\n<div class=\"form\">\r\n\r\n<b><span class=\"number\">\u24ff<\/span><\/b> <input type=\"text\" class=\"form-control\" id=\"panel-beispiel\" disabled=\"\" value=\"despite\"> all our efforts, it didn&#8217;t work out.\r\n<br \/>\r\nDie richtige L\u00f6sung ist: <b>despite<\/b>&nbsp;&nbsp;<button class=\"btn-lg btn-info\" type=\"button\" data-toggle=\"modal\" data-target=\"#myModal\">Tipp<\/button>\r\n\r\n<\/div>\r\n<\/div>\r\n<\/div>\r\n<\/div>\r\n<\/div>\r\n<br \/><br \/>\r\n<div class=\"container well\">\r\n<h4>\u270d\ufe0f F\u00fclle entweder <b>although<\/b> oder <b>despite<\/b> in der richtigen Form in die L\u00fccken:<\/h4>\r\n\r\n<hr>\r\n\r\n<div class=\"container\">\r\n<b><span class=\"number\">\u2776<\/span><\/b>She won the game <input type=\"text\" class=\"form-control\" id=\"q0\" autocomplete=\"off\"> no preparation.\r\n<div class=\"row\">\r\n<div>\r\n<p id=\"correct0\" align=\"left\"><\/p>\r\n\r\n<\/div>\r\n<div>\r\n<a button=\"\" class=\"btn btn-success tipp0 hidden\" href=\"#1\" title=\"...despite no preparation.\" data-toggle=\"popover\" data-placement=\"top\" data-trigger=\"hover\" style=\"text-decoration: none; color:white;\" data-content=\"'despite' ist eine Pr\u00e4position und bezieht sich auf ein Hauptwort  \u2794  'despite no preparation.'\">Tipp<\/a><\/div>\r\n<\/div>\r\n<b><span class=\"number\">\u2777<\/span><\/b> <input type=\"text\" class=\"form-control\" id=\"q1\" autocomplete=\"off\"> I didn&#8217;t know the man, I trusted him.\r\n<div class=\"row\"> \r\n<div>\r\n<p id=\"correct1\" align=\"left\"><\/p>\r\n\r\n<\/div>\r\n<div>\r\n<a button=\"\" class=\"btn btn-success tipp1 hidden\" href=\"#2\" title=\"Although I didn't know the man...\" data-toggle=\"popover\" data-placement=\"top\" data-trigger=\"hover\" style=\"text-decoration: none; color:white;\" data-content=\"'although' ist eine Konjunktion und leitet einen Nebensatz ein   \u2794  'Although I didn't know the man...'\">Tipp<\/a><\/div>\r\n<\/div>\r\n<b><span class=\"number\">\u2778<\/span><\/b><input type=\"text\" class=\"form-control\" id=\"q2\" autocomplete=\"off\"> all warnings he went all in.\r\n<div class=\"row\"> \r\n<div>\r\n<p id=\"correct2\" align=\"left\"><\/p>\r\n\r\n<\/div>\r\n<div>\r\n<a button=\"\" class=\"btn btn-success tipp2 hidden\" align=\"left\" aria-hidden=\"true\" href=\"#3\" title=\"Despite all warnings...\" data-toggle=\"popover\" data-placement=\"top\" data-trigger=\"hover\" style=\"text-decoration: none, color:white\" data-content=\"'despite' ist eine Pr\u00e4position und bezieht sich auf ein Hauptwort ('trotz aller Warnungen'  \u2794  'despite all warnings'\">Tipp<\/a><\/div>\r\n<\/div>\r\n<span class=\"number\">\u2779<\/span><input type=\"text\" class=\"form-control\" id=\"q3\" autocomplete=\"off\"> we knew it, we were still surprised.\r\n<div class=\"row\">\r\n<div>\r\n<p id=\"correct3\" align=\"left\"><\/p>\r\n\r\n<\/div>\r\n<div>\r\n<a button=\"\" class=\"btn btn-success tipp3 hidden\" aria-hidden=\"true\" href=\"#4\" title=\"Although we knew it, we were still...\" data-toggle=\"popover\" data-placement=\"top\" data-trigger=\"hover\" style=\"text-decoration: none, color:white\" data-content=\"'although' ist eine Konjunktion und leitet einen Nebensatz ein ('obwohl wir es wussten')   \u2794  'although we knew it'\">Tipp<\/a><\/div>\r\n<\/div>\r\n<b><span class=\"number\">\u277a<\/span><\/b> <input type=\"text\" class=\"form-control\" id=\"q4\" autocomplete=\"off\"> he has no money, he&#8217;s happy.\r\n<div class=\"row\">\r\n<div>\r\n<p id=\"correct4\" align=\"left\"><\/p>\r\n\r\n<\/div>\r\n<div>\r\n<a button=\"\" class=\"btn btn-success tipp4 hidden\" aria-hidden=\"true\" href=\"#5\" title=\"Although he has no money...\" data-toggle=\"popover\" data-placement=\"top\" data-trigger=\"hover\" style=\"text-decoration: none, color:white\" data-content=\"'Although' hei\u00dft 'obwohl' und leitet einen Nebensatz ein ('obwohl er kein Geld hat ')  \u2794 'although he has no money')\">Tipp<\/a><\/div>\r\n<\/div>\r\n<b><span class=\"number\">\u277b<\/span><\/b> <input type=\"text\" class=\"form-control\" id=\"q5\" autocomplete=\"off\"> her getting 50 next week she looks great.\r\n<div class=\"row\">\r\n<div>\r\n<p id=\"correct5\" align=\"left\"><\/p>\r\n\r\n<\/div>\r\n<div>\r\n<a button=\"\" class=\"btn btn-success tipp5 hidden\" aria-hidden=\"true\" href=\"#6\" title=\"Despite her getting 50 next week...\" data-toggle=\"popover\" data-placement=\"top\" data-trigger=\"hover\" style=\"text-decoration: none, color:white\" data-content=\"'despite' ist eine Pr\u00e4position und hei\u00dft trotz; 'Trotz Ihres F\u00fcnfzigsten...'  \u2794  'despite getting 50'\">Tipp<\/a><\/div>\r\n<\/div>\r\n<b><span class=\"number\">\u277c<\/span><\/b>I&#8217;m going there, <input type=\"text\" class=\"form-control\" id=\"q6\" autocomplete=\"off\"> I don&#8217;t feel like it.\r\n<div class=\"row\">\r\n<div>\r\n<p id=\"correct6\" align=\"left\"><\/p>\r\n\r\n<\/div>\r\n<div>\r\n<a button=\"\" class=\"btn btn-success tipp6 hidden\" aria-hidden=\"true\" href=\"#7\" title=\"...athough I don't feel like it.\" data-toggle=\"popover\" data-placement=\"top\" data-trigger=\"hover\" style=\"text-decoration: none, color:white\" data-content=\"'although' wird konjunktion benutzt, und leitet einen Nebensatz ein \u2794  'although I didn't feel like it\">Tipp<\/a><\/div>\r\n<\/div>\r\n<b><span class=\"number\">\u277d<\/span><\/b> <input type=\"text\" class=\"form-control\" id=\"q7\" autocomplete=\"off\"> negative forecasts the market went up.\r\n<div class=\"row\">\r\n<div>\r\n<p id=\"correct7\" align=\"left\"><\/p>\r\n\r\n<\/div>\r\n<div>\r\n<a button=\"\" class=\"btn btn-success tipp7 hidden\" href=\"#8\" title=\"Despite negative forecasts...\" data-toggle=\"popover\" data-placement=\"top\" data-trigger=\"hover\" style=\"text-decoration: none, color:white\" data-content=\"'despite' ist hier eine Pr\u00e4position und bezieht sich auf ein Hauptwort ('trotz negativer Vorhersagen') \u2794  'despite negative forecasts'\">Tipp<\/a><\/div>\r\n<\/div>\r\n<b><span class=\"number\">\u277e<\/span><\/b> <input type=\"text\" class=\"form-control\" id=\"q8\" autocomplete=\"off\"> the food was bad, we ate it up.\r\n<div class=\"row\">\r\n<div>\r\n<p id=\"correct8\" align=\"left\"><\/p>\r\n\r\n<\/div>\r\n<div>\r\n<a button=\"\" class=\"btn btn-success tipp8 hidden\" href=\"#9\" title=\"Although the food was bad...\" data-toggle=\"popover\" data-placement=\"top\" data-trigger=\"hover\" style=\"text-decoration: none, color:white\" data-content=\"'Although' ist in diesem Zusammenhang eine Pr\u00e4position und leitet einen Nebensatz ein ('Obwohl das Essen schlecht war...)\"   \u2794  'Although the food was bad...'\">Tipp<\/a><\/div>\r\n<\/div>\r\n<b><span class=\"number\">\u277f<\/span><\/b>We didn&#8217;t get there on time, <input type=\"text\" class=\"form-control\" id=\"q9\" autocomplete=\"off\"> we drove very fast.\r\n<div class=\"row\">\r\n<div>\r\n<p id=\"correct9\" align=\"left\"><\/p>\r\n<\/div>\r\n<div>\r\n<a button=\"\" class=\"btn btn-success tipp9 hidden\" href=\"#10\" title=\"...although we drove very fast.\" data-toggle=\"popover\" data-placement=\"top\" data-trigger=\"hover\" style=\"text-decoration: none, color:white\" data-content=\"'Although' ist in diesem Zusammenhang eine Pr\u00e4position und leitet einen Nebensatz ein ('...obwohl wir sehr schnell fuhren \u2794  'although we drove very fast'\">Tipp<\/a><\/div>\r\n<\/div>\r\n<\/div>\r\n<div class=\"container\">\r\n\r\n<!-- The Modal -->\r\n<div id=\"myModal\" class=\"modal\">\r\n<div class=\"modal-dialog\">\r\n<div class=\"modal-content\">\r\n\r\n<!-- Modal Header -->\r\n<div class=\"modal-header\">\r\n<h4 class=\"modal-title\">despite &#8211; although &#8211; Unterschied<\/h4>\r\n<button class=\"close\" type=\"button\" data-dismiss=\"modal\">\u00d7<\/button>\r\n\r\n<\/div>\r\n<!-- Modal body -->\r\n<div class=\"modal-body\"><table class=\"table table-bordered table-sm table-hover\">\r\n<thead>\r\n<tr class=\"table-danger\">\r\n<th colspan=\"2\">despite &#8211; although &#8211; Unterschied<\/th>\r\n<\/tr>\r\n<\/thead>\r\n<tbody>\r\n<tr class=\"table-success\">\r\n<td><b>despite<\/b><\/td>\r\n<td><b>although<\/b><\/td>\r\n<\/tr>\r\n<tr class=\"table-info\">\r\n<td><b>Pr\u00e4position &#8211; bezieht sich auf ein Hauptwort<\/b><\/td>\r\n<td><b>Konunktion leitet einen Nebensatz ein<\/b><\/td><\/tr>\r\n<tr class=\"table-primary\"><td><b><i class=\"text-danger\">Despite<\/i> his hard training he lost.<\/b><\/td>\r\n<td><b><i class=\"text-danger\">Although<\/i> he didn&#8217;t work hard he was successful.<\/b><\/td>\r\n<\/tr>\r\n\r\n<tr class=\"table-info\">\r\n<td><b>Er verlor <i class=\"text-danger\"> trotz<\/i> seines harten Trainings.<\/b><\/td>\r\n<td><b><i class=\"text-danger\">Obwohl<\/i> er sich nicht bem\u00fcht hat, war er erfolgreich.<\/b><\/td>\r\n<\/tr>\r\n\r\n\r\n<\/tbody>\r\n<\/table><\/div>\r\n<!-- Modal footer -->\r\n<div class=\"modal-footer\"><button class=\"btn btn-danger\" type=\"button\" data-dismiss=\"modal\">Close<\/button><\/div>\r\n<\/div>\r\n<\/div>\r\n<\/div>\r\n<\/div>\r\n<\/div>\r\n<div>\r\n<\/div>\r\n\r\n<div class=\"container\">\r\n\r\n<hr>\r\n\r\n<button id=\"submitButton\" class=\"btn-lg btn-primary \" type=\"submit\" value=\"submit\">Pr\u00fcfen<\/button><button id=\"resetButton\" class=\"btn-lg btn-success\" type=\"submit\" onclick=\"refreshPage()\">Neustart<\/button><button id=\"submitButton\" class=\"btn-lg btn-info\" type=\"button\" value=\"submit\" data-toggle=\"modal\" data-target=\"#myModal\">Tipp<\/button>\r\n\r\n<hr>\r\n\r\n\r\n<p id=\"result\"><\/p>\r\n<p id=\"result2\"><\/p>\r\n<b><\/b>\r\n<h3> Alle \u00dcbungen zum Unterschied von like und as<\/h3>\r\n<hr>\r\n<div id=\"bellows-main-59\" class=\"bellows bellows-nojs bellows-main bellows-source-menu bellows-align-full bellows-skin-vanilla bellows-type-\"><ul id=\"menu-despite-although\" class=\"bellows-nav\" data-bellows-config=\"main\"><li id=\"menu-item-7078\" class=\"bellows-menu-item bellows-menu-item-type-post_type bellows-menu-item-object-page bellows-menu-item-7078 bellows-item-level-0\"><a  href=\"https:\/\/english-munich.de\/training\/although-despite-unterschied-2\/\" class=\"bellows-target\"><span class=\"bellows-target-title bellows-target-text\">\u270d\ufe0falthough \u2013 despite<\/span><\/a><\/li>\n<li id=\"menu-item-7079\" class=\"bellows-menu-item bellows-menu-item-type-post_type bellows-menu-item-object-page bellows-menu-item-7079 bellows-item-level-0\"><a  href=\"https:\/\/english-munich.de\/training\/although-despite-unterschied\/\" class=\"bellows-target\"><span class=\"bellows-target-title bellows-target-text\">\u2611\ufe0falthough \u2013 despite<\/span><\/a><\/li>\n<\/ul><\/div>\r\n<\/div>\r\n<\/div>","protected":false},"excerpt":{"rendered":"although &#8211; despite &#8211; Unterschied \u00dcbungen zum Unterschied von although und despite Beispiel \u24ff all our efforts, it didn&#8217;t work out. Die richtige L\u00f6sung ist: despite&nbsp;&nbsp;Tipp \u270d\ufe0f F\u00fclle entweder although oder despite in der richtigen Form in die L\u00fccken: \u2776She won the game no preparation. Tipp \u2777 I didn&#8217;t know the man, I trusted him. [&hellip;]","protected":false},"author":3,"featured_media":0,"parent":0,"menu_order":0,"comment_status":"closed","ping_status":"closed","template":"","meta":[],"_links":{"self":[{"href":"https:\/\/english-munich.de\/training\/wp-json\/wp\/v2\/pages\/7063"}],"collection":[{"href":"https:\/\/english-munich.de\/training\/wp-json\/wp\/v2\/pages"}],"about":[{"href":"https:\/\/english-munich.de\/training\/wp-json\/wp\/v2\/types\/page"}],"author":[{"embeddable":true,"href":"https:\/\/english-munich.de\/training\/wp-json\/wp\/v2\/users\/3"}],"replies":[{"embeddable":true,"href":"https:\/\/english-munich.de\/training\/wp-json\/wp\/v2\/comments?post=7063"}],"version-history":[{"count":15,"href":"https:\/\/english-munich.de\/training\/wp-json\/wp\/v2\/pages\/7063\/revisions"}],"predecessor-version":[{"id":9745,"href":"https:\/\/english-munich.de\/training\/wp-json\/wp\/v2\/pages\/7063\/revisions\/9745"}],"wp:attachment":[{"href":"https:\/\/english-munich.de\/training\/wp-json\/wp\/v2\/media?parent=7063"}],"curies":[{"name":"wp","href":"https:\/\/api.w.org\/{rel}","templated":true}]}}