{"id":6961,"date":"2021-03-03T07:07:46","date_gmt":"2021-03-03T07:07:46","guid":{"rendered":"https:\/\/english-munich.de\/training\/?page_id=6961"},"modified":"2021-03-03T07:55:42","modified_gmt":"2021-03-03T07:55:42","slug":"as-like-unterschied","status":"publish","type":"page","link":"https:\/\/english-munich.de\/training\/as-like-unterschied\/","title":{"rendered":"as &#8211; like &#8211; Unterschied"},"content":{"rendered":"<div class=\"container well\">\r\n<h2>like &#8211; as &#8211; Unterschied &#8211; \u00dcbungen und Erkl\u00e4rungen<\/h2>\r\n<hr>\r\n<h3>like &#8211; as &#8211; Unterschied &#8211; \u00dcbungen<\/h3>\r\n<div id=\"bellows-main-58\" class=\"bellows bellows-nojs bellows-main bellows-source-menu bellows-align-full bellows-skin-vanilla bellows-type-\"><ul id=\"menu-like-as\" class=\"bellows-nav\" data-bellows-config=\"main\"><li id=\"menu-item-6928\" class=\"bellows-menu-item bellows-menu-item-type-post_type bellows-menu-item-object-page bellows-menu-item-6928 bellows-item-level-0\"><a  href=\"https:\/\/english-munich.de\/training\/like-as-unterschied\/\" class=\"bellows-target\"><span class=\"bellows-target-title bellows-target-text\">\u2611\ufe0flike \u2013 as \u2013 Unterschied<\/span><\/a><\/li>\n<li id=\"menu-item-6952\" class=\"bellows-menu-item bellows-menu-item-type-post_type bellows-menu-item-object-page bellows-menu-item-6952 bellows-item-level-0\"><a  href=\"https:\/\/english-munich.de\/training\/like-as-unterschied-2\/\" class=\"bellows-target\"><span class=\"bellows-target-title bellows-target-text\">\u270d\ufe0flike \u2013 as \u2013 Unterschied<\/span><\/a><\/li>\n<\/ul><\/div>\r\n<h3>like &#8211; as &#8211; Unterschied &#8211; Erkl\u00e4rungen<\/h3>\r\nDer Unterschied zwischen <i class=\"text-danger\"> as <\/i> und <i class=\"text-danger\">like<\/i> bereitet beim Englisch Lernen manchmal Kopfzerbrechen.\r\n<i class=\"text-danger\">As <\/i> und <i class=\"text-danger\">like<\/i> bedeuten beide auf Deutsch \u00fcbersetzt <i class=\"text-danger\"> wie <\/i>.\r\nDer Unterschied besteht darin das <i class=\"text-danger\"> as<\/i> ein vergleichendes <i class=\"text-danger\"> wie<\/i> ist. <i class=\"text-danger\"> Like <\/i> ist ein Beschreibendes. \r\n<i class=\"text-danger\"> As<\/i> ben\u00f6tigt, wenn es <i class=\"text-danger\"> wie<\/i> hei\u00dft, ein vergleichendes Adverb wie zum Beispiel: <i class=\"text-danger\"> such <\/i> oder <i class=\"text-danger\"> same<\/i>.<br \/>\r\n<b>zum Beispiel:<\/b>\r\nYou look the <i class=\"text-danger\"> same as <\/i> Casey <\/i>\r\nDu siehst aus <i class=\"text-danger\">wie<\/I> Casey.\r\nI like cardio exercises <i class=\"text-danger\">such as<\/i> jogging and cycling.\r\nI mag Cardio \u00dcbungen <i class=\"text-danger\">wie<\/i> Joggen oder Radfahren.\r\n<b>zum Vergleich:<\/b>\r\nYou look the <i class=\"text-danger\"> like <\/i> Casey <\/i>\r\nDu siehst aus <i class=\"text-danger\">wie<\/i> Casey.\r\nI like cardio exercises <i class=\"text-danger\">like<\/i> jogging and cycling.\r\nI mag Cardio \u00dcbungen <i class=\"text-danger\">wie<\/i> Joggen oder Radfahren.\r\n<br \/>\r\nAu\u00dferdem muss man in diesem Zusammenhang noch unterscheiden, ob es sich um ein beschreibendes<i class=\"text-danger\"> wie<\/i> handelt, oder ob man sich auf die <i class=\"text-danger\">Funktion<\/i> einer Person oder Sache bezieht. Dann muss <i class=\"text-danger\">as<\/i> mit <i class=\"text-danger\">als<\/i> \u00fcbersetzt werden.<br \/>\r\n<b>zum Beispiel:<\/b>\r\n<i class=\"text-danger\">As<\/i> an Englisch teacher my life is not easy.\r\n<i class=\"text-danger\">Als<\/i> Englischlehrer ist mein Leben nicht einfach.\r\nDuring the pandemic many hotels were used <i class=\"text-danger\">as <\/i> hospitals.\r\nW\u00e4hrend der Pandemie wurden viele Hotels<i class=\"text-danger\"> als<\/i> Krankenh\u00e4user benutzt.\r\n<b>zum Vergleich<\/b>\r\nI don&#8217;t know why, but you look <i class=\"text-danger\">like<\/i> an English teacher.\r\nIch wei\u00df auch nicht warum, aber du siehst <i class=\"text-danger\">wie<\/i> ein Englischlehrer aus.\r\nEverybody&#8217;s ill our house looks <i class=\"text-danger\">like<\/i> a hospital.\r\nJeder ist krank unser Haus sieht <i class=\"text-danger\">wie<\/i> ein Krankenhaus aus.\r\n<br \/>\r\n<div class=\"modal-body\"><table class=\"table table-bordered table-sm table-hover\">\r\n<thead>\r\n<tr class=\"table-danger\">\r\n<th colspan=\"2\">like &#8211; as &#8211; Unterschied<\/th>\r\n<\/tr>\r\n<\/thead>\r\n<tbody>\r\n<tr class=\"table-success\">\r\n<td><b>like<\/b><\/td>\r\n<td><b>as<\/b><\/td>\r\n<\/tr>\r\n<tr class=\"table-info\">\r\n<td><b>wird verwendet wie eine Pr\u00e4position, steht vor einem Substantiv, einem F\u00fcrwort oder einem Gerund<\/b><\/td>\r\n<td><b>ein Vergleich in Verbindung mit same as, such as<\/b><\/td><\/tr>\r\n<tr class=\"table-primary\"><td><b>like Billy, like me, like jogging<\/b><\/td>\r\n<td><b>same as Billy, such as jogging, same as me<\/b><\/td>\r\n<\/tr>\r\n\r\n<tr class=\"table-info\">\r\n<td><b>als Vergleich mit dem Anschein einer Situation<\/b><\/td>\r\n<td><b>als Beschreibung einer Funktion<\/b><\/td>\r\n<\/tr>\r\n<tr class=\"table-primary\">\r\n<td><b>Your room looks like a dump. Clean up!<\/b><\/td>\r\n<td><b>As an English teacher my life is not easy.<\/b><\/td>\r\n<\/tr>\r\n\r\n<\/tbody>\r\n<\/table>\r\n\r\n<\/div>","protected":false},"excerpt":{"rendered":"like &#8211; as &#8211; Unterschied &#8211; \u00dcbungen und Erkl\u00e4rungen like &#8211; as &#8211; Unterschied &#8211; \u00dcbungen like &#8211; as &#8211; Unterschied &#8211; Erkl\u00e4rungen Der Unterschied zwischen as und like bereitet beim Englisch Lernen manchmal Kopfzerbrechen. As und like bedeuten beide auf Deutsch \u00fcbersetzt wie . Der Unterschied besteht darin das as ein vergleichendes wie ist. [&hellip;]","protected":false},"author":3,"featured_media":0,"parent":0,"menu_order":0,"comment_status":"closed","ping_status":"closed","template":"","meta":[],"_links":{"self":[{"href":"https:\/\/english-munich.de\/training\/wp-json\/wp\/v2\/pages\/6961"}],"collection":[{"href":"https:\/\/english-munich.de\/training\/wp-json\/wp\/v2\/pages"}],"about":[{"href":"https:\/\/english-munich.de\/training\/wp-json\/wp\/v2\/types\/page"}],"author":[{"embeddable":true,"href":"https:\/\/english-munich.de\/training\/wp-json\/wp\/v2\/users\/3"}],"replies":[{"embeddable":true,"href":"https:\/\/english-munich.de\/training\/wp-json\/wp\/v2\/comments?post=6961"}],"version-history":[{"count":23,"href":"https:\/\/english-munich.de\/training\/wp-json\/wp\/v2\/pages\/6961\/revisions"}],"predecessor-version":[{"id":6965,"href":"https:\/\/english-munich.de\/training\/wp-json\/wp\/v2\/pages\/6961\/revisions\/6965"}],"wp:attachment":[{"href":"https:\/\/english-munich.de\/training\/wp-json\/wp\/v2\/media?parent=6961"}],"curies":[{"name":"wp","href":"https:\/\/api.w.org\/{rel}","templated":true}]}}