{"id":6856,"date":"2021-03-01T17:24:17","date_gmt":"2021-03-01T17:24:17","guid":{"rendered":"https:\/\/english-munich.de\/training\/?page_id=6856"},"modified":"2021-05-05T12:54:14","modified_gmt":"2021-05-05T12:54:14","slug":"tall-large-big-high-great-unterschied","status":"publish","type":"page","link":"https:\/\/english-munich.de\/training\/tall-large-big-high-great-unterschied\/","title":{"rendered":"tall &#8211; large &#8211; big &#8211; high &#8211; great &#8211; Unterschied"},"content":{"rendered":"<div class=\"jumbotron text-center\">\r\n<h2>tall  &#8211; large &#8211; big &#8211; high &#8211; great &#8211; Unterschied<\/h2>\r\n\u00dcbungen zum Unterschied von tall  &#8211; large &#8211; big &#8211; high &#8211; great \r\n\r\n<\/div>\r\n<div class=\"bs-example\">\r\n<div class=\"accordion\" id=\"accordionExample\">\r\n<div class=\"card\">\r\n<div class=\"card-header\" id=\"headingOne\">\r\n<h2 class=\"mb-0\" style=\"color:#000\">\r\n                    <button type=\"button\" class=\"btn btn-link collapsed\" data-toggle=\"collapse\" data-target=\"#collapseOne\">Beispiel<\/button><\/h2>\r\n<\/div>\r\n<div id=\"collapseOne\" class=\"collapse\" aria-labelledby=\"headingOne\" data-parent=\"#accordionExample\">\r\n<div class=\"card-body\">\r\n<div class=\"form\">\r\n\r\n<b><span class=\"number\">\u24ff<\/span><\/b>I ordered a <input type=\"text\" class=\"form-control\" id=\"panel-beispiel\" disabled=\"\" value=\"large\"> cappucino.\r\n<br \/>\r\nDie richtige L\u00f6sung ist: <b>large<\/b>&nbsp;&nbsp;<button class=\"btn-lg btn-info\" type=\"button\" data-toggle=\"modal\" data-target=\"#myModal\">Tipp<\/button>\r\n\r\n<\/div>\r\n<\/div>\r\n<\/div>\r\n<\/div>\r\n<\/div>\r\n<br \/><br \/>\r\n<div class=\"container well\">\r\n<h4>\u270d\ufe0f F\u00fclle entweder <b>large, tall, big, high<\/b> oder <b>great<\/b> je nach Kontext sinvoll in die L\u00fccken:<\/h4>\r\n\r\n<hr>\r\n\r\n<div class=\"container\">\r\n<b><span class=\"number\">\u2776<\/span><\/b>Look at the guy. This <input type=\"text\" class=\"form-control\" id=\"q0\" autocomplete=\"off\"> he must be a basketball player.\r\n<div class=\"row\">\r\n<div>\r\n<p id=\"correct0\" align=\"left\"><\/p>\r\n\r\n<\/div>\r\n<div>\r\n<a button=\"\" class=\"btn btn-success tipp0 hidden\" href=\"#1\" title=\"...this tall he must be a basketball player...\" data-toggle=\"popover\" data-placement=\"top\" data-trigger=\"hover\" style=\"text-decoration: none; color:white;\" data-content=\"'tall' bedeutet gro\u00df in Bezug auf hochgewachsen  \u2794  'tall'\">Tipp<\/a><\/div>\r\n<\/div>\r\n<b><span class=\"number\">\u2777<\/span><\/b>He is so <input type=\"text\" class=\"form-control\" id=\"q1\" autocomplete=\"off\"> he must be a bodybuilder.\r\n<div class=\"row\">\r\n<div>\r\n<p id=\"correct1\" align=\"left\"><\/p>\r\n\r\n<\/div>\r\n<div>\r\n<a button=\"\" class=\"btn btn-success tipp1 hidden\" href=\"#2\" title=\"So big he must be a bodybuilder.\" data-toggle=\"popover\" data-placement=\"top\" data-trigger=\"hover\" style=\"text-decoration: none; color:white;\" data-content=\"'big' bezieht sich auf Personen die k\u00f6rpelich gut gebaut sind (auch \u00fcbergewichtig)  \u2794  'big'\">Tipp<\/a><\/div>\r\n<\/div>\r\n<b><span class=\"number\">\u2778<\/span><\/b>I always order a <input type=\"text\" class=\"form-control\" id=\"q2\" autocomplete=\"off\"> Latte with soy milk.\r\n<div class=\"row\"> \r\n<div>\r\n<p id=\"correct2\" align=\"left\"><\/p>\r\n\r\n<\/div>\r\n<div>\r\n<a button=\"\" class=\"btn btn-success tipp2 hidden\" align=\"left\" aria-hidden=\"true\" href=\"#3\" title=\"A large Latte\" data-toggle=\"popover\" data-placement=\"top\" data-trigger=\"hover\" style=\"text-decoration: none, color:white\" data-content=\"'large' bezieht sich auf ein Getr\u00e4nk, einen gro\u00dfen Latte   \u2794  'a large Latte'\">Tipp<\/a><\/div>\r\n<\/div>\r\n<span class=\"number\">\u2779<\/span>She climbs <input type=\"text\" class=\"form-control\" id=\"q3\" autocomplete=\"off\"> mountains.\r\n<div class=\"row\">\r\n<div>\r\n<p id=\"correct3\" align=\"left\"><\/p>\r\n\r\n<\/div>\r\n<div>\r\n<a button=\"\" class=\"btn btn-success tipp3 hidden\" aria-hidden=\"true\" href=\"#4\" title=\"high mountains...\" data-toggle=\"popover\" data-placement=\"top\" data-trigger=\"hover\" style=\"text-decoration: none, color:white\" data-content=\"'hoch' in Bezug auf Berge  \u2794  'high mountains'\">Tipp<\/a><\/div>\r\n<\/div>\r\n<b><span class=\"number\">\u277a<\/span><\/b>Thats&#8217;s just <input type=\"text\" class=\"form-control\" id=\"q4\" autocomplete=\"off\">. No school tomorrow.\r\n<div class=\"row\">\r\n<div>\r\n<p id=\"correct4\" align=\"left\"><\/p>\r\n\r\n<\/div>\r\n<div>\r\n<a button=\"\" class=\"btn btn-success tipp4 hidden\" aria-hidden=\"true\" href=\"#5\" title=\"That's just great.\" data-toggle=\"popover\" data-placement=\"top\" data-trigger=\"hover\" style=\"text-decoration: none, color:white\" data-content=\"'great' ein emphatischer Ausdruck der Freude; 'gro\u00dfartig'  \u2794  'That's just great...'\">Tipp<\/a><\/div>\r\n<\/div>\r\n<b><span class=\"number\">\u277b<\/span><\/b>If the number is too <input type=\"text\" class=\"form-control\" id=\"q5\" autocomplete=\"off\"> just divide it by two..\r\n<div class=\"row\">\r\n<div>\r\n<p id=\"correct5\" align=\"left\"><\/p>\r\n\r\n<\/div>\r\n<div>\r\n<a button=\"\" class=\"btn btn-success tipp5 hidden\" aria-hidden=\"true\" href=\"#6\" title=\"If the number is too high...\" data-toggle=\"popover\" data-placement=\"top\" data-trigger=\"hover\" style=\"text-decoration: none, color:white\" data-content=\"'high' bezieht sich auf eine Zahl; 'eine gro\u00dfe Zahl'  \u2794  'a high number'\">Tipp<\/a><\/div>\r\n<\/div>\r\n<b><span class=\"number\">\u277c<\/span><\/b>The USA covers a  <input type=\"text\" class=\"form-control\" id=\"q6\" autocomplete=\"off\"> area.\r\n<div class=\"row\">\r\n<div>\r\n<p id=\"correct6\" align=\"left\"><\/p>\r\n\r\n<\/div>\r\n<div>\r\n<a button=\"\" class=\"btn btn-success tipp6 hidden\" aria-hidden=\"true\" href=\"#7\" title=\"The USA cover a large area.\" data-toggle=\"popover\" data-placement=\"top\" data-trigger=\"hover\" style=\"text-decoration: none, color:white\" data-content=\"'large' gro\u00df in Bezug auf Fl\u00e4chen  \u2794  'a large area'\">Tipp<\/a><\/div>\r\n<\/div>\r\n<b><span class=\"number\">\u277d<\/span><\/b>Many  <input type=\"text\" class=\"form-control\" id=\"q7\" autocomplete=\"off\"> men died before their time.\r\n<div class=\"row\">\r\n<div>\r\n<p id=\"correct7\" align=\"left\"><\/p>\r\n\r\n<\/div>\r\n<div>\r\n<a button=\"\" class=\"btn btn-success tipp7 hidden\" href=\"#8\" title=\"many great men...\" data-toggle=\"popover\" data-placement=\"top\" data-trigger=\"hover\" style=\"text-decoration: none, color:white\" data-content=\"'great' gro\u00df im \u00fcbertragenen Sinne; gro\u00dfartig  \u2794 'great'\">Tipp<\/a><\/div>\r\n<\/div>\r\n<b><span class=\"number\">\u277e<\/span><\/b>Why do they call him <input type=\"text\" class=\"form-control\" id=\"q8\" autocomplete=\"off\"> Al? He is slim.\r\n<div class=\"row\">\r\n<div>\r\n<p id=\"correct8\" align=\"left\"><\/p>\r\n\r\n<\/div>\r\n<div>\r\n<a button=\"\" class=\"btn btn-success tipp8 hidden\" href=\"#9\" title=\"Why do they call him big Al?\" data-toggle=\"popover\" data-placement=\"top\" data-trigger=\"hover\" style=\"text-decoration: none, color:white\" data-content=\"'big' bedeutet gro\u00df im Sinne von korpulent (der Spitzname 'Big Al' legt nahe, dass Al gut gebaut ist.)  \u2794  'big'\">Tipp<\/a><\/div>\r\n<\/div>\r\n<b><span class=\"number\">\u277f<\/span><\/b>Karen had a <input type=\"text\" class=\"form-control\" id=\"q9\" autocomplete=\"off\"> success this week.\r\n<div class=\"row\">\r\n<div>\r\n<p id=\"correct9\" align=\"left\"><\/p>\r\n\r\n<\/div>\r\n<div>\r\n<a button=\"\" class=\"btn btn-success tipp9 hidden\" href=\"#10\" title=\"... big success.\" data-toggle=\"popover\" data-placement=\"top\" data-trigger=\"hover\" style=\"text-decoration: none, color:white\" data-content=\"'big' bedeutet hier gro\u00df im \u00fcbertragenen Sinne; 'a big success'  \u2794  'ein gro\u00dfer Erfolg'\">Tipp<\/a><\/div>\r\n<\/div>\r\n\r\n<div class=\"container\">\r\n\r\n<!-- The Modal -->\r\n<div id=\"myModal\" class=\"modal\">\r\n<div class=\"modal-dialog\">\r\n<div class=\"modal-content\">\r\n\r\n<!-- Modal Header -->\r\n<div class=\"modal-header\">\r\n<h4 class=\"modal-title\">large &#8211; big &#8211; high &#8211; great &#8211; tall Unterschied<\/h4>\r\n<button class=\"close\" type=\"button\" data-dismiss=\"modal\">\u00d7<\/button>\r\n\r\n<\/div>\r\n<!-- Modal body -->\r\n<div class=\"modal-body\"><table class=\"table table-bordered table-sm table-hover\">\r\n<thead>\r\n<tr class=\"table-danger\">\r\n<th colspan=\"2\">great &#8211; big &#8211; tall &#8211; high -great &#8211; Unterschied<\/th>\r\n<\/tr>\r\n<\/thead>\r\n<tbody>\r\n<tr class=\"table-success\">\r\n<td colspan=\"2\"><b>great<\/b><\/td>\r\n<\/tr>\r\n<tr class=\"table-info\">\r\n<td><b>gro\u00df im \u00fcbertragenen Sinne \u2794 &#8218;gro\u00dfartig&#8216; <\/b><\/td>\r\n<td><b>viel gr\u00f6\u00dfer als normalerweise<\/b><\/td>\r\n<\/tr>\r\n<tr class=\"table-primary\">\r\n<td><b>Albert Einstein was a <i class=\"text-danger\">great<\/i> man.<\/b><\/td>\r\n<td><b>The project was a <i class=\"text-danger\">great<\/i> success.<\/b><\/td>\r\n<\/tr>\r\n<tr class=\"table-success\">\r\n<td colspan=\"2\"><b>high<\/b><\/td>\r\n<\/tr>\r\n<tr class=\"table-info\">\r\n<td><b>bei Bergen \u2794 &#8218;H\u00f6he&#8216; im Allgemeinen  <\/b><\/td>\r\n<td><b>H\u00f6he im Abstrakten \u2794 Zahlen, Risiko<\/b><\/td>\r\n<\/tr>\r\n<tr class=\"table-primary\">\r\n<td><b>A <i class=\"text-danger\">high<\/i> mountain.<\/b><\/td>\r\n<td><b>He belongs to a <i class=\"text-danger\">high<\/i>-risk group.<\/b><\/td>\r\n<\/tr>\r\n<tr class=\"table-success\">\r\n<td colspan=\"2\"><b>large<\/b><\/td>\r\n<\/tr>\r\n<tr class=\"table-info\">\r\n<td><b>bei Fl\u00e4chen<\/b><\/td>\r\n<td><b>bei Essenseinheiten<\/b><\/td>\r\n<\/tr>\r\n<tr class=\"table-primary\">\r\n<td><b>A a <i class=\"text-danger\">large<\/i> area.<\/b><\/td>\r\n<td><b>He <i class=\"text-danger\">large<\/i> soft drink.<\/b><\/td>\r\n<\/tr>\r\n<tr class=\"table-success\">\r\n<td colspan=\"2\"><b>tall<\/b><\/td>\r\n<\/tr>\r\n<tr class=\"table-info\">\r\n<td><b>bei Geb\u00e4uden<\/b><\/td>\r\n<td><b>bei K\u00f6rpergr\u00f6\u00dfe<\/b><\/td>\r\n<\/tr>\r\n<tr class=\"table-primary\">\r\n<td><b>A <i class=\"text-danger\">tall<\/i> building.<\/b><\/td>\r\n<td><b>A <i class=\"text-danger\">tall<\/i> woman isn&#8217;t always big.<\/b><\/td>\r\n<\/tr>\r\n<tr class=\"table-success\">\r\n<td colspan=\"2\"><b>big<\/b><\/td>\r\n<\/tr>\r\n<tr class=\"table-info\">\r\n<td colspan=\"2\"><b>gro\u00df in Bezug auf Masse und Volumen<\/b><\/td>\r\n<\/tr>\r\n<tr class=\"table-primary\">\r\n<td colspan=\"2\"><b>He&#8217;s a <i class=\"text-danger\">big<\/i> man. He&#8217;s a bodybuilder<\/b><\/td>\r\n<\/tr>\r\n\r\n\r\n\r\n<\/tbody>\r\n<\/table><\/div>\r\n<!-- Modal footer -->\r\n<div class=\"modal-footer\"><button class=\"btn btn-danger\" type=\"button\" data-dismiss=\"modal\">Close<\/button><\/div>\r\n<\/div>\r\n<\/div>\r\n<\/div>\r\n<\/div>\r\n<\/div>\r\n<\/div>\r\n<div class=\"container\">\r\n\r\n<hr>\r\n\r\n<button id=\"submitButton\" class=\"btn-lg btn-primary \" type=\"submit\" value=\"submit\">Pr\u00fcfen<\/button><button id=\"resetButton\" class=\"btn-lg btn-success\" type=\"submit\" onclick=\"refreshPage()\">Neustart<\/button><button id=\"submitButton\" class=\"btn-lg btn-info\" type=\"button\" value=\"submit\" data-toggle=\"modal\" data-target=\"#myModal\">Tipp<\/button>\r\n\r\n<hr>\r\n\r\n\r\n<p id=\"result\"><\/p>\r\n<p id=\"result2\"><\/p>\r\n<b><\/b>\r\n<h3> Alle \u00dcbungen zum Unterschied von during und while<\/h3>\r\n<hr>\r\n<div id=\"bellows-main-57\" class=\"bellows bellows-nojs bellows-main bellows-source-menu bellows-align-full bellows-skin-vanilla bellows-type-\"><ul id=\"menu-large-tall-great\" class=\"bellows-nav\" data-bellows-config=\"main\"><li id=\"menu-item-6855\" class=\"bellows-menu-item bellows-menu-item-type-post_type bellows-menu-item-object-page bellows-menu-item-6855 bellows-item-level-0\"><a  href=\"https:\/\/english-munich.de\/training\/large-big-great-tall-high-unterschied\/\" class=\"bellows-target\"><span class=\"bellows-target-title bellows-target-text\">\u2611\ufe0flarge, big, great, tall, high<\/span><\/a><\/li>\n<li id=\"menu-item-6873\" class=\"bellows-menu-item bellows-menu-item-type-post_type bellows-menu-item-object-page bellows-menu-item-6873 bellows-item-level-0\"><a  href=\"https:\/\/english-munich.de\/training\/tall-large-big-high-great-unterschied\/\" class=\"bellows-target\"><span class=\"bellows-target-title bellows-target-text\">\u270d\ufe0ftall \u2013 large \u2013 big \u2013 high \u2013 great<\/span><\/a><\/li>\n<\/ul><\/div>\r\n<\/div>\r\n<\/div>","protected":false},"excerpt":{"rendered":"tall &#8211; large &#8211; big &#8211; high &#8211; great &#8211; Unterschied \u00dcbungen zum Unterschied von tall &#8211; large &#8211; big &#8211; high &#8211; great Beispiel \u24ffI ordered a cappucino. Die richtige L\u00f6sung ist: large&nbsp;&nbsp;Tipp \u270d\ufe0f F\u00fclle entweder large, tall, big, high oder great je nach Kontext sinvoll in die L\u00fccken: \u2776Look at the guy. This [&hellip;]","protected":false},"author":3,"featured_media":0,"parent":0,"menu_order":0,"comment_status":"closed","ping_status":"closed","template":"","meta":[],"_links":{"self":[{"href":"https:\/\/english-munich.de\/training\/wp-json\/wp\/v2\/pages\/6856"}],"collection":[{"href":"https:\/\/english-munich.de\/training\/wp-json\/wp\/v2\/pages"}],"about":[{"href":"https:\/\/english-munich.de\/training\/wp-json\/wp\/v2\/types\/page"}],"author":[{"embeddable":true,"href":"https:\/\/english-munich.de\/training\/wp-json\/wp\/v2\/users\/3"}],"replies":[{"embeddable":true,"href":"https:\/\/english-munich.de\/training\/wp-json\/wp\/v2\/comments?post=6856"}],"version-history":[{"count":19,"href":"https:\/\/english-munich.de\/training\/wp-json\/wp\/v2\/pages\/6856\/revisions"}],"predecessor-version":[{"id":9743,"href":"https:\/\/english-munich.de\/training\/wp-json\/wp\/v2\/pages\/6856\/revisions\/9743"}],"wp:attachment":[{"href":"https:\/\/english-munich.de\/training\/wp-json\/wp\/v2\/media?parent=6856"}],"curies":[{"name":"wp","href":"https:\/\/api.w.org\/{rel}","templated":true}]}}