{"id":6799,"date":"2021-02-28T21:07:28","date_gmt":"2021-02-28T21:07:28","guid":{"rendered":"https:\/\/english-munich.de\/training\/?page_id=6799"},"modified":"2021-02-28T21:07:28","modified_gmt":"2021-02-28T21:07:28","slug":"both-neither-either-unterschied-2","status":"publish","type":"page","link":"https:\/\/english-munich.de\/training\/both-neither-either-unterschied-2\/","title":{"rendered":"both &#8211; neither &#8211; either &#8211; Unterschied"},"content":{"rendered":"<div class=\"container well\">\r\n<h2>both &#8211; neither  either- Unterschied \u00dcbungen und Erkl\u00e4rungen<\/h2>\r\n<hr>\r\n<h3>both &#8211; neither  either- Unterschied- \u00dcbungen<\/h3>\r\n<div id=\"bellows-main-56\" class=\"bellows bellows-nojs bellows-main bellows-source-menu bellows-align-full bellows-skin-vanilla bellows-type-\"><ul id=\"menu-both-either-neither\" class=\"bellows-nav\" data-bellows-config=\"main\"><li id=\"menu-item-6782\" class=\"bellows-menu-item bellows-menu-item-type-post_type bellows-menu-item-object-page bellows-menu-item-6782 bellows-item-level-0\"><a  href=\"https:\/\/english-munich.de\/training\/both-neither-either-unterschied\/\" class=\"bellows-target\"><span class=\"bellows-target-title bellows-target-text\">\u2611both \u2013 neither \u2013 either<\/span><\/a><\/li>\n<li id=\"menu-item-6798\" class=\"bellows-menu-item bellows-menu-item-type-post_type bellows-menu-item-object-page bellows-menu-item-6798 bellows-item-level-0\"><a  href=\"https:\/\/english-munich.de\/training\/both-either-neither-unterschied\/\" class=\"bellows-target\"><span class=\"bellows-target-title bellows-target-text\">\u270d\ufe0fboth \u2013 either \u2013 neither<\/span><\/a><\/li>\n<\/ul><\/div>\r\n<h3>both- neither &#8211; either &#8211; Unterschied &#8211; Erkl\u00e4rungen<\/h3><br \/>\r\n<h4>either<\/h4>\r\n<i class=\"text-danger\">Either<\/i> bezieht sich auf die Auswahl zwischen <i class=\"text-danger\">zwei<\/i> M\u00f6glichkeiten.\r\nMit der Benutzung von <i class=\"text-danger\">either<\/i> kannst Du zum Ausdruck bringen, dass Dich f\u00fcr eine von <i class=\"text-danger\">zwei<\/i> Optionen entscheidest. Die Wahl hierbei ist Dir jedoch gleichg\u00fcltig. Denn beide Wahlmg\u00f6lichkeiten erscheinen Dir als gleich gut, bzw. gleich schlecht. <i class=\"text-danger\">Either<\/i> bezieht sich immer auf ein Substantiv in der <i class=\"text-danger\">Einzahl<\/i>.\r\n\r\n<b>zum Beispiel:<\/b>\r\nWould you like tea or coffee.  &#8211; I don&#8217;t  mind. <i class=\"text-danger\">Either<\/i> is fine.  \r\nM\u00f6chtest Du Kaffee oder Tee? Mir egal. Beides ist ok.\r\nThis year the presidential candidates are terrible. &#8211; I wouldn&#8217;t vote for <i class=\"text-danger\">either<\/i> (candidate).\r\nDieses Jahr sind die Pr\u00e4sidentschaftskandiaten schrecklich. &#8211; Ich w\u00fcrde keinen w\u00e4hlen. \r\n<h4>either &#8211; or<\/h4>\r\nWeiterhin kommt <i class=\"text-danger\">either<\/i> noch in dem feststehenden Ausdruck <i class=\"text-danger\">either &#8211; or<\/i> zum Einsatz. Auf Deutsch: <i class=\"text-danger\">entweder &#8211; oder<\/i>.\r\n<b>zum Beispiel:<\/b>\r\n<i class=\"text-danger\">Either<\/i> you pay, <i class=\"text-danger\">or<\/i> will get to know me.\r\nEntweder Du zahlst, oder Deu wirst mich kennenlernen.\r\n<i class=\"text-danger\">Either<\/i> you stay, <i class=\"text-danger\">or<\/i> you leave.\r\nEntweder du bleibst, oder Du gehst.\r\n<h4>neither<\/h4>\r\n<i class=\"text-danger\">Neither<\/i> wird verwendet, wenn Du Dich auf eine Auswahl zwischen <i class=\"text-danger\">zwei<\/i> Optionen beziehst, beide aber f\u00fcr Dich <i class=\"text-danger\">nicht<\/i> in Frage kommen.\r\nAls Bauernregel k\u00f6nntest du <i class=\"text-danger\">neither <\/i>mit <i class=\"text-danger\"> keiner\/-e\/-es von beiden<\/i>, \u00fcbersetzen.\r\n<b>zum Beispiel:<\/b>\r\nThe two teams were good. However, <i class=\"text-danger\"> neither<\/i> could win.\r\nDie beiden Mannschaften waren gut. Keine konnte jedoch gewinnen.\r\nWould you like whiskey or beer? &#8211; <i class=\"text-danger\">Neither<\/i>, I don&#8217;t drink.\r\nM\u00f6chtest Du Whiskey oder Bier. &#8211; Keines von beiden. Ich trinke nicht.\r\n<h4>neither &#8211; nor<\/h4>\r\nDie englische Entsprechung des Deutschen <i class=\"text-danger\">weder &#8211; noch<\/i> ist <i class=\"text-danger\">neither &#8211; nor<\/i>.\r\n<b>zum Beispiel:<\/b>\r\nI don&#8217;t like <i class=\"text-danger\">neither<\/i> football, <i class=\"text-danger\">nor<\/i> Rugby. \r\nIch mag weder Fu\u00dfball noch Rugby.\r\nHe doesn&#8217;t go <i class=\"text-danger\">neither<\/i> to the Oktoberfest, <i class=\"text-danger\">nor<\/i> the Tollwood festival.\r\nEr geht weder aufs Oktoberfest, noch auf das Tollwood Festival.\r\n<h4>both<\/h4>\r\nSchlie\u00dflich noch <i class=\"text-danger\">both<\/i>. Both wird verwendet, wenn du Dich auf <i class=\"text-danger\">beide<\/i> von zwei Personen oder Dingen in ihrer <i class=\"text-danger\">Gesamtheit<\/i> beziehst. <i class=\"text-danger\">Both<\/i> bezieht sich immer auf ein Hauptwort in der <i class=\"text-danger\">Mehrzahl<\/i>.\r\n<b>zum Beispiel:<\/b>\r\nIf you can&#8217;t decide which one to take. &#8211; Why not take <i class=\"text-danger\">both<\/i>.\r\nWenn Du Dich nicht entscheiden kannst, welches Du nehmen sollst. Nimm doch beide.\r\n<i class=\"text-danger\">Both<\/i> teams were great, but finally one team lost.\r\nBeide Mannschaften waren gro\u00dfartig, aber eine hat schlie\u00dflich verloren.\r\n\r\n\r\n\r\n\r\n<table class=\"table table-bordered table-sm table-hover\">\r\n<thead>\r\n<tr class=\"table-danger\">\r\n<th colspan=\"2\">both &#8211; either &#8211; neither Unterschied<\/th>\r\n<\/tr>\r\n<\/thead>\r\n<tbody>\r\n<tr class=\"table-success\">\r\n<td><b>either<\/b><\/td>\r\n<td><b>neither<\/b><\/td>\r\n<\/tr>\r\n<tr class=\"table-info\">\r\n<td><b>either &#8211; bezieht sich auf eine Auswahl zwischen zwei Optionen<\/b><\/td>\r\n<td><b>neither &#8211; bezieht sich auf eine Ablehnung von zwei Optionen<\/b><\/td><\/tr>\r\n<tr class=\"table-primary\"><td><b>Would you like tea or coffee? Either. I don&#8217;t mind.<\/b><\/td>\r\n<td><b>Champagne or caviar? I like neither. I more of an oyster person.<\/b><\/td>\r\n<\/tr>\r\n<tr class=\"table-info\">\r\n<td><b>either &#8211; or: entweder &#8211; oder <\/b><\/td>\r\n<td><b>neither &#8211; nor : &#8218;weder  &#8211; noch&#8216;<\/b><\/td>\r\n<\/tr>\r\n<tr class=\"table-primary\">\r\n<td><b>Either you pay or I will send uncle Omari.<\/b><\/td>\r\n<td><b>Neither my sister nor my brother like wine.<\/b><\/td>\r\n<\/tr>\r\n<tr class=\"table-success\">\r\n<td colspan=\"2\"><b>both \u2794 beide &#8211; bezieht sich auf eine Auswahl von zwei in ihrer Gesamtheit. Im Gegensatz zu &#8218;either&#8216; Bezug auf ein Substantiv in der Mehrzahl.<\/b><\/td>\r\n\r\n<\/tr>\r\n<tr class=\"table-primary\">\r\n<td><b>Both <i class=\"text-danger\">teams<\/i> played well. (teams ist in der Mehrzahl)<\/b><\/td>\r\n<td><b>Neither \/ either <i class=\"text-danger\">team<\/i> won. (team ist in der Einzahl)<\/b><\/td>\r\n<\/tr>\r\n\r\n<\/tbody>\r\n<\/table>\r\n<\/div>","protected":false},"excerpt":{"rendered":"both &#8211; neither either- Unterschied \u00dcbungen und Erkl\u00e4rungen both &#8211; neither either- Unterschied- \u00dcbungen both- neither &#8211; either &#8211; Unterschied &#8211; Erkl\u00e4rungen either Either bezieht sich auf die Auswahl zwischen zwei M\u00f6glichkeiten. Mit der Benutzung von either kannst Du zum Ausdruck bringen, dass Dich f\u00fcr eine von zwei Optionen entscheidest. Die Wahl hierbei ist Dir [&hellip;]","protected":false},"author":3,"featured_media":0,"parent":0,"menu_order":0,"comment_status":"closed","ping_status":"closed","template":"","meta":[],"_links":{"self":[{"href":"https:\/\/english-munich.de\/training\/wp-json\/wp\/v2\/pages\/6799"}],"collection":[{"href":"https:\/\/english-munich.de\/training\/wp-json\/wp\/v2\/pages"}],"about":[{"href":"https:\/\/english-munich.de\/training\/wp-json\/wp\/v2\/types\/page"}],"author":[{"embeddable":true,"href":"https:\/\/english-munich.de\/training\/wp-json\/wp\/v2\/users\/3"}],"replies":[{"embeddable":true,"href":"https:\/\/english-munich.de\/training\/wp-json\/wp\/v2\/comments?post=6799"}],"version-history":[{"count":29,"href":"https:\/\/english-munich.de\/training\/wp-json\/wp\/v2\/pages\/6799\/revisions"}],"predecessor-version":[{"id":6830,"href":"https:\/\/english-munich.de\/training\/wp-json\/wp\/v2\/pages\/6799\/revisions\/6830"}],"wp:attachment":[{"href":"https:\/\/english-munich.de\/training\/wp-json\/wp\/v2\/media?parent=6799"}],"curies":[{"name":"wp","href":"https:\/\/api.w.org\/{rel}","templated":true}]}}