{"id":6740,"date":"2021-02-27T17:56:01","date_gmt":"2021-02-27T17:56:01","guid":{"rendered":"https:\/\/english-munich.de\/training\/?page_id=6740"},"modified":"2021-02-27T17:57:38","modified_gmt":"2021-02-27T17:57:38","slug":"every-each-unterschied-2","status":"publish","type":"page","link":"https:\/\/english-munich.de\/training\/every-each-unterschied-2\/","title":{"rendered":"every &#8211; each &#8211; Unterschied"},"content":{"rendered":"<div class=\"container well\">\r\n<h2>every &#8211; each &#8211; Unterschied &#8211; Aufgaben &#8211; Erkl\u00e4rungen <\/h2>\r\n<br \/>\r\n\r\n<hr>\r\n<h3>every &#8211; each &#8211; Unterschied Aufgaben<\/h3>\r\n<div id=\"bellows-main-55\" class=\"bellows bellows-nojs bellows-main bellows-source-menu bellows-align-full bellows-skin-vanilla bellows-type-\"><ul id=\"menu-each-every\" class=\"bellows-nav\" data-bellows-config=\"main\"><li id=\"menu-item-6718\" class=\"bellows-menu-item bellows-menu-item-type-post_type bellows-menu-item-object-page bellows-menu-item-6718 bellows-item-level-0\"><a  href=\"https:\/\/english-munich.de\/training\/each-every-unterschied\/\" class=\"bellows-target\"><span class=\"bellows-target-title bellows-target-text\">\u2611\ufe0feach \u2013 every \u2013 Unterschied<\/span><\/a><\/li>\n<li id=\"menu-item-6734\" class=\"bellows-menu-item bellows-menu-item-type-post_type bellows-menu-item-object-page bellows-menu-item-6734 bellows-item-level-0\"><a  href=\"https:\/\/english-munich.de\/training\/each-und-every-unterschied\/\" class=\"bellows-target\"><span class=\"bellows-target-title bellows-target-text\">\u270d\ufe0feach und every \u2013 Unterschied<\/span><\/a><\/li>\n<\/ul><\/div>\r\n<h3>every &#8211; each &#8211; Unterschied &#8211; Erkl\u00e4rungen<\/h3>\r\nDer Unterschied zwischen <i class=\"text-danger\">each<\/i> und <i class=\"text-danger\">every<\/i> ist f\u00fcr Englisch lernende Deutsch tats\u00e4chlich ein kleines Problem. Beide bedeuten n\u00e4mlich \u00fcbersetzt, <i class=\"text-danger\"> jeder, jede, jedes<\/i>.\r\nDer Unterschied bel\u00e4uft sich jedoch darauf, dass <i class=\"text-danger\">every <\/i> &#8222;jede&#8220; in seiner Gesamtheit meint. Jedoch bezieht sich <i class=\"text-danger\">each<\/i> auf jedes Einzelne individuell.<br \/>\r\n<b>zum Beispiel:<\/b>\r\nWe must look at <i class=\"text-danger\">every<\/i> product. &#8211; Wir m\u00fcssen uns alle Produkte in <i class=\"text-danger\">(ihrer Gesamtheit)<\/i> ansehen.\r\nWe must veryfy <i class=\"text-danger\">each<\/i> product for scratches. &#8211; Wir m\u00fcssen jedes <i class=\"text-danger\">(einzelne)<\/i> Produkt auf Kratzer untersuchen.<br \/>\r\nAu\u00dferdem wird <i class=\"text-danger\">every<\/i> verwendet, um <i class=\"text-danger\">H\u00e4ufigkeit<\/i>, bzw. <i class=\"text-danger\">Regelm\u00e4\u00dfigkeit<\/i> zu betonen:<br \/>\r\n<b>zum Beispiel:<\/b>\r\nI don&#8217;t go to school by bus <i class=\"text-danger\">every<\/i> week.  &#8211; Ich fahre nicht jede Woche mit dem Bus zur  Schule.\r\nBefore I die, I want to see <i class=\"text-danger\">every<\/i> country in the world. &#8211; Bevor ich sterbe, m\u00e4chte ich alle L\u00e4nder dieser Erde sehen.<br \/>\r\nJedoch wird <i class=\"text-danger\">each<\/i> verwendet, wenn <i class=\"text-danger\">zwei<\/i> Dinge <i class=\"text-danger\">gegen\u00fcbergestellt<\/i> werden:<br \/>\r\n<b>zum Beispiel:<\/b>\r\nIn soccer <i class=\"text-danger\">each<\/i> team has eleven players. &#8211; Beim Fu\u00dfball hat jede Manschaft elf Spieler.\r\nIt was a good deal for <i class=\"text-danger\">each<\/i> side.  &#8211; Es war f\u00fcr jede Seite ein gutes Gesch\u00e4ft.<br \/>\r\nWeiterhin wird <i class=\"text-danger\">each<\/i> verwendet, wann man sich auf Preise oder Zuteilungen bezieht.<i class=\"text-danger\">Each<\/i> kann in diesem Zusammenhang f\u00fcr sich alleine stehen.<br \/>\r\n<b>zum Beispiel:<\/b>\r\nThe admission fee is 5 $ <i class=\"text-danger\">each<\/i>. &#8211; Der Eintritt ist f\u00fcnf Dollar pro Person.\r\n<i class=\"text-danger\">Each<\/i> person only one cross. &#8211; Jeder bitte nur ein Kreuz.<br \/>\r\nSolltest Du einmal gar nicht wissen, ob Du<i class=\"text-danger\">each<\/i> oder <i class=\"text-danger\">every<\/i> verwenden sollst, kannst Du dich an folgender Bauernregel orientieren: <i class=\"text-danger\">Every<\/i> wird meist verwendet, wenn die Anzahl gr\u00f6\u00dfer ist. Jedoch greift an auf<i class=\"text-danger\">each<\/i> zur\u00fcck, wenn diese gr\u00f6\u00dfer ist.\r\n\r\n\r\n\r\n<table class=\"table table-bordered table-sm table-hover\">\r\n<thead>\r\n<tr class=\"table-danger\">\r\n<th colspan=\"2\">each &#8211; every &#8211; Unterschied<\/th>\r\n<\/tr>\r\n<\/thead>\r\n<tbody>\r\n<tr class=\"table-success\">\r\n<td><b>each<\/b><\/td>\r\n<td><b>every<\/b><\/td>\r\n<\/tr>\r\n<tr class=\"table-info\">\r\n<td><b>each &#8211; bezieht sich jeden einzelnen Bestandteil:<\/b><\/td>\r\n<td><b>every &#8211; bezieht sich auf die Gesamtheit:<\/b><\/td><\/tr>\r\n<tr class=\"table-primary\"><td><b>Each piece was made by hand.<\/b><\/td>\r\n<td><b>I want to see every country before I die.<\/b><\/td>\r\n<\/tr>\r\n\r\n<tr class=\"table-info\">\r\n<td><b>each &#8211; wird benutzt um zwei Dinge gegen\u00fcberzustellen:<\/b><\/td>\r\n<td><b>every &#8211; betont H\u00e4ufigkeit:<\/b><\/td>\r\n<\/tr>\r\n<tr class=\"table-primary\">\r\n<td><b>In basketball each team has 5 players.<\/b><\/td>\r\n<td><b>I go to work by subway every day.<\/b><\/td>\r\n<\/tr>\r\n\r\n<\/tbody>\r\n<\/table>\r\n<\/div>","protected":false},"excerpt":{"rendered":"every &#8211; each &#8211; Unterschied &#8211; Aufgaben &#8211; Erkl\u00e4rungen every &#8211; each &#8211; Unterschied Aufgaben every &#8211; each &#8211; Unterschied &#8211; Erkl\u00e4rungen Der Unterschied zwischen each und every ist f\u00fcr Englisch lernende Deutsch tats\u00e4chlich ein kleines Problem. Beide bedeuten n\u00e4mlich \u00fcbersetzt, jeder, jede, jedes. Der Unterschied bel\u00e4uft sich jedoch darauf, dass every &#8222;jede&#8220; in seiner [&hellip;]","protected":false},"author":3,"featured_media":0,"parent":0,"menu_order":0,"comment_status":"closed","ping_status":"closed","template":"","meta":[],"_links":{"self":[{"href":"https:\/\/english-munich.de\/training\/wp-json\/wp\/v2\/pages\/6740"}],"collection":[{"href":"https:\/\/english-munich.de\/training\/wp-json\/wp\/v2\/pages"}],"about":[{"href":"https:\/\/english-munich.de\/training\/wp-json\/wp\/v2\/types\/page"}],"author":[{"embeddable":true,"href":"https:\/\/english-munich.de\/training\/wp-json\/wp\/v2\/users\/3"}],"replies":[{"embeddable":true,"href":"https:\/\/english-munich.de\/training\/wp-json\/wp\/v2\/comments?post=6740"}],"version-history":[{"count":18,"href":"https:\/\/english-munich.de\/training\/wp-json\/wp\/v2\/pages\/6740\/revisions"}],"predecessor-version":[{"id":6759,"href":"https:\/\/english-munich.de\/training\/wp-json\/wp\/v2\/pages\/6740\/revisions\/6759"}],"wp:attachment":[{"href":"https:\/\/english-munich.de\/training\/wp-json\/wp\/v2\/media?parent=6740"}],"curies":[{"name":"wp","href":"https:\/\/api.w.org\/{rel}","templated":true}]}}