{"id":6687,"date":"2021-02-26T20:08:58","date_gmt":"2021-02-26T20:08:58","guid":{"rendered":"https:\/\/english-munich.de\/training\/?page_id=6687"},"modified":"2021-02-26T20:08:58","modified_gmt":"2021-02-26T20:08:58","slug":"during-while-unterschied-3","status":"publish","type":"page","link":"https:\/\/english-munich.de\/training\/during-while-unterschied-3\/","title":{"rendered":"During &#8211; while Unterschied"},"content":{"rendered":"<div class=\"container well\">\r\n<h2>during &#8211; while &#8211; Unterschied &#8211; \u00dcbungen und Erkl\u00e4rungen<\/h2>\r\n<hr>\r\n<h3>during &#8211; while &#8211; Unterschied \u00dcbungen<\/h3>\r\n<div id=\"bellows-main-54\" class=\"bellows bellows-nojs bellows-main bellows-source-menu bellows-align-full bellows-skin-vanilla bellows-type-\"><ul id=\"menu-during-while\" class=\"bellows-nav\" data-bellows-config=\"main\"><li id=\"menu-item-6659\" class=\"bellows-menu-item bellows-menu-item-type-post_type bellows-menu-item-object-page bellows-menu-item-6659 bellows-item-level-0\"><a  href=\"https:\/\/english-munich.de\/training\/during-while-unterschied\/\" class=\"bellows-target\"><span class=\"bellows-target-title bellows-target-text\">\u2611\ufe0fduring \u2013 while \u2013 Unterschied<\/span><\/a><\/li>\n<li id=\"menu-item-6686\" class=\"bellows-menu-item bellows-menu-item-type-post_type bellows-menu-item-object-page bellows-menu-item-6686 bellows-item-level-0\"><a  href=\"https:\/\/english-munich.de\/training\/during-while-unterschied-2\/\" class=\"bellows-target\"><span class=\"bellows-target-title bellows-target-text\">\u270d\ufe0fduring \u2013 while \u2013 Unterschied<\/span><\/a><\/li>\n<\/ul><\/div>\r\n<h3>during &#8211; while &#8211; Unterschied Erkl\u00e4rungen<\/h3>\r\n<br \/>\r\nDer Unterschied zwischen <i class=\"text-danger\">during<\/i> und <i class=\"text-danger\">while<\/i> ist f\u00fcr Englisch lernende Deutsche manchmal ein wenig kniffelig. Denn beide bedeuten im Deutschen n\u00e4mlich <i class=\"text-danger\">w\u00e4hrend<\/i>.\r\nJedoch ist <i class=\"text-danger\">during<\/i> eine <i class=\"text-danger\">Pr\u00e4position<\/i>, d.h. es bezieht sich auf ein Hauptwort, oder einen Ausdruck.\r\nzum Beispiel:\r\n<i class=\"text-danger\">During<\/i> lunch-break I ate 5 hamburgers. &#8211; <i class=\"text-danger\">W\u00e4hrend<\/i> der Mittagspause habe ich 5 Hamburger gegessen.\r\nI didn&#8217;t learn much <i class=\"text-danger\">during<\/i> my first year at university. &#8211; Ich habe <i class=\"text-danger\">w\u00e4hrend<\/i> meines ersten Jahres auf der Uni nicht viel gelernt.\r\n<br \/>\r\n<i class=\"text-danger\">While<\/i> hingegen ist eine <i class=\"text-danger\">Konjunktion<\/i>, das hei\u00dft es leitet einen <i class=\"text-danger\">Nebensatz<\/i> ein.\r\nzum Beispiel:\r\n<i class=\"text-danger\">While<\/i> I was in Italy I ate a lot of cheese. &#8211; <i class=\"text-danger\">W\u00e4hrend<\/i> ich in Italien war a\u00df ich viel K\u00e4se.\r\nDon&#8217;t invite too many friends <i class=\"text-danger\">while<\/i> we&#8217;re away. &#8211; Lade nicht zu viele Freunde ein <i class=\"text-danger\">w\u00e4hrend<\/i> wir weg sind.<br \/>\r\n<table class=\"table table-bordered table-sm table-hover\">\r\n<thead>\r\n<tr class=\"table-danger\">\r\n<th colspan=\"2\">during &#8211; while &#8211; Unterschied<\/th>\r\n<\/tr>\r\n<\/thead>\r\n<tbody>\r\n<tr class=\"table-primary\">\r\n<td><b>during<\/b><\/td>\r\n<td><b>while<\/b><\/td>\r\n<\/tr>\r\n<tr class=\"table-info\">\r\n<td><b>Pr\u00e4position &#8211; bezieht sich auf ein Wort<\/b><\/td>\r\n<td><b>Konjunktion &#8211; leitet einen Nebensatz ein<\/b><\/td>\r\n<\/tr>\r\n<tr class=\"table-success\">\r\n<td><b>During the lockdown I put on weight.<\/b><\/td>\r\n<td><b>While I was away, the broke into the house.<\/b><\/td>\r\n<\/tr>\r\n<tr class=\"table-info\">\r\n<td><b>W\u00e4hrend des Lockdowns habe ich zugenommen.<\/b><\/td>\r\n<td><b>W\u00e4hrend ich weg war, sind sie in unser Haus eingebrochen.<\/b><\/td>\r\n<\/tr>\r\n\r\n<\/tbody>\r\n<\/table>\r\n<\/div>","protected":false},"excerpt":{"rendered":"during &#8211; while &#8211; Unterschied &#8211; \u00dcbungen und Erkl\u00e4rungen during &#8211; while &#8211; Unterschied \u00dcbungen during &#8211; while &#8211; Unterschied Erkl\u00e4rungen Der Unterschied zwischen during und while ist f\u00fcr Englisch lernende Deutsche manchmal ein wenig kniffelig. Denn beide bedeuten im Deutschen n\u00e4mlich w\u00e4hrend. Jedoch ist during eine Pr\u00e4position, d.h. es bezieht sich auf ein Hauptwort, [&hellip;]","protected":false},"author":3,"featured_media":0,"parent":0,"menu_order":0,"comment_status":"closed","ping_status":"closed","template":"","meta":[],"_links":{"self":[{"href":"https:\/\/english-munich.de\/training\/wp-json\/wp\/v2\/pages\/6687"}],"collection":[{"href":"https:\/\/english-munich.de\/training\/wp-json\/wp\/v2\/pages"}],"about":[{"href":"https:\/\/english-munich.de\/training\/wp-json\/wp\/v2\/types\/page"}],"author":[{"embeddable":true,"href":"https:\/\/english-munich.de\/training\/wp-json\/wp\/v2\/users\/3"}],"replies":[{"embeddable":true,"href":"https:\/\/english-munich.de\/training\/wp-json\/wp\/v2\/comments?post=6687"}],"version-history":[{"count":4,"href":"https:\/\/english-munich.de\/training\/wp-json\/wp\/v2\/pages\/6687\/revisions"}],"predecessor-version":[{"id":6692,"href":"https:\/\/english-munich.de\/training\/wp-json\/wp\/v2\/pages\/6687\/revisions\/6692"}],"wp:attachment":[{"href":"https:\/\/english-munich.de\/training\/wp-json\/wp\/v2\/media?parent=6687"}],"curies":[{"name":"wp","href":"https:\/\/api.w.org\/{rel}","templated":true}]}}