{"id":6445,"date":"2021-02-22T19:39:13","date_gmt":"2021-02-22T19:39:13","guid":{"rendered":"https:\/\/english-munich.de\/training\/?page_id=6445"},"modified":"2021-02-22T20:11:15","modified_gmt":"2021-02-22T20:11:15","slug":"make-do-unterschied","status":"publish","type":"page","link":"https:\/\/english-munich.de\/training\/make-do-unterschied\/","title":{"rendered":"make &#8211; do &#8211; Unterschied"},"content":{"rendered":"<div class=\"container well\">\r\n<h2>make &#8211; do &#8211; Unterschied \u00dcbungen und Erkl\u00e4rungen<\/h2>\r\n<hr>\r\n<h3>make und do &#8211; Unterschied \u00dcbungen<\/h3>\r\n<div id=\"bellows-main-50\" class=\"bellows bellows-nojs bellows-main bellows-source-menu bellows-align-full bellows-skin-vanilla bellows-type-\"><ul id=\"menu-make-do-unterschied\" class=\"bellows-nav\" data-bellows-config=\"main\"><li id=\"menu-item-6404\" class=\"bellows-menu-item bellows-menu-item-type-post_type bellows-menu-item-object-page bellows-menu-item-6404 bellows-item-level-0\"><a  href=\"https:\/\/english-munich.de\/training\/do-make-unterschied\/\" class=\"bellows-target\"><span class=\"bellows-target-title bellows-target-text\">\u2611\ufe0fdo \u2013 make \u2013 Unterschied<\/span><\/a><\/li>\n<li id=\"menu-item-6424\" class=\"bellows-menu-item bellows-menu-item-type-post_type bellows-menu-item-object-page bellows-menu-item-6424 bellows-item-level-0\"><a  href=\"https:\/\/english-munich.de\/training\/do-make-unterschied-2\/\" class=\"bellows-target\"><span class=\"bellows-target-title bellows-target-text\">\u270d\ufe0fdo \u2013 make \u2013 Unterschied<\/span><\/a><\/li>\n<li id=\"menu-item-6457\" class=\"bellows-menu-item bellows-menu-item-type-post_type bellows-menu-item-object-page bellows-menu-item-6457 bellows-item-level-0\"><a  href=\"https:\/\/english-munich.de\/training\/do-make-unterschied-3\/\" class=\"bellows-target\"><span class=\"bellows-target-title bellows-target-text\">\u270d\ufe0fdo \u2013 make \u2013 Unterschied<\/span><\/a><\/li>\n<\/ul><\/div>\r\n\r\n<h2>make- do &#8211; Unterschied Erkl\u00e4rungen <\/h2>\r\n\r\nDie englischen Verben<i class=\"text-danger\"> make<\/i> und <i class=\"text-danger\">do<\/i> k\u00f6nnen beide im Deutschen <i class=\"text-danger\">machen<\/i> bedeuten. Das ist f\u00fcr Englisch lernende Deutsche oft verwirrend.<br \/>\r\n\r\nDer prinzipielle Unterschied zwischen den Verben <i class=\"text-danger\">make<\/i> und <i class=\"text-danger\">do<\/i> besteht darin, dass <i class=\"text-danger\">make<\/i> sich auf ein machen bezieht, bei dem Rohstoffe oder Materialien zu einem <i class=\"text-danger\">Endprodukt<\/i> verarbeitet werden. Das hei\u00dft die Rohmaterialien werden veredelt und man erschafft etwas Neues.\r\n\r\nzum Beispiel:\r\n<i class=\"text-danger\">make<\/i> a cake &#8211; Kuchen machen\r\n<i class=\"text-danger\">make<\/i> breakfast &#8211; Fr\u00fchst\u00fcck machen\r\n<i class=\"text-danger\">make<\/i> dinner &#8211; Abenbrot machen\r\n\r\n<i class=\"text-danger\">Do<\/i> hingegen wird verwendet, wenn man sich auf eine <i class=\"text-danger\">Aktivit\u00e4t<\/i> bezieht. Hier steht die <i class=\"text-danger\">T\u00e4tigkeit<\/i> im Vordergrund nicht das <i class=\"text-danger\">Endprodukt<\/i>. In erster Linie wird <i class=\"text-danger\">do<\/i> benutzt, wenn man sich auf <i class=\"text-danger\">Arbeiten im Haushalt oder Freizeitaktivit\u00e4ten<\/i> bezieht:\r\n\r\nzum Beispiel:\r\n<i class=\"text-danger\">do<\/i> the dishes &#8211; den Abwasch machen\r\n<i class=\"text-danger\">do<\/i> sports &#8211; Sport machen\r\n<i class=\"text-danger\">do<\/i> the laundry &#8211; die W\u00e4sche machen\r\n\r\n<h3>do &#8211; make &#8211; Ausnahmen <\/h3>\r\n\r\nEnglisch w\u00e4re nicht Englisch, wenn es nicht auch beim Unterschied zwischen <i class=\"text-danger\">do<\/i> und <i class=\"text-danger\">make<\/i> einige Ungereimtheiten geben w\u00fcrde. So gibt es einige Ausdr\u00fccke, denen man nur schwer mit logischen Erkl\u00e4rungen beikommen kann. Zum Gl\u00fcck sind diese Ausnahmen in ihrer w\u00f6rtlichen \u00dcbersetzung sehr nah am Deutschen.\r\n\r\n<i class=\"text-danger\">make<\/i> a phone-call &#8211; einen Anruf machen\r\n<i class=\"text-danger\">make<\/i> an appointment &#8211; einen Termin machen\r\n<i class=\"text-danger\">make<\/i> sense &#8211; Sinn machen\r\n<i class=\"text-danger\">make<\/i> problems &#8211; Probleme machen\r\n<i class=\"text-danger\">make<\/i> a vacation &#8211; Urlaub machen\r\n<i class=\"text-danger\">make<\/i> a trip &#8211; einen Ausflug machen\r\n<i class=\"text-danger\">make<\/i> a holiday &#8211; Urlaub machen\r\n<br \/>\r\n<img decoding=\"async\" src=\"https:\/\/english-munich.de\/training\/wp-content\/uploads\/2021\/02\/make-and-do-difference-e1613933697724.jpg\" title=\"make-do-Unterschied\" alt=\"make-do-unterschied\">\r\n\r\n\r\n<\/div>","protected":false},"excerpt":{"rendered":"make &#8211; do &#8211; Unterschied \u00dcbungen und Erkl\u00e4rungen make und do &#8211; Unterschied \u00dcbungen make- do &#8211; Unterschied Erkl\u00e4rungen Die englischen Verben make und do k\u00f6nnen beide im Deutschen machen bedeuten. Das ist f\u00fcr Englisch lernende Deutsche oft verwirrend. Der prinzipielle Unterschied zwischen den Verben make und do besteht darin, dass make sich auf ein [&hellip;]","protected":false},"author":3,"featured_media":0,"parent":0,"menu_order":0,"comment_status":"closed","ping_status":"closed","template":"","meta":[],"_links":{"self":[{"href":"https:\/\/english-munich.de\/training\/wp-json\/wp\/v2\/pages\/6445"}],"collection":[{"href":"https:\/\/english-munich.de\/training\/wp-json\/wp\/v2\/pages"}],"about":[{"href":"https:\/\/english-munich.de\/training\/wp-json\/wp\/v2\/types\/page"}],"author":[{"embeddable":true,"href":"https:\/\/english-munich.de\/training\/wp-json\/wp\/v2\/users\/3"}],"replies":[{"embeddable":true,"href":"https:\/\/english-munich.de\/training\/wp-json\/wp\/v2\/comments?post=6445"}],"version-history":[{"count":12,"href":"https:\/\/english-munich.de\/training\/wp-json\/wp\/v2\/pages\/6445\/revisions"}],"predecessor-version":[{"id":6463,"href":"https:\/\/english-munich.de\/training\/wp-json\/wp\/v2\/pages\/6445\/revisions\/6463"}],"wp:attachment":[{"href":"https:\/\/english-munich.de\/training\/wp-json\/wp\/v2\/media?parent=6445"}],"curies":[{"name":"wp","href":"https:\/\/api.w.org\/{rel}","templated":true}]}}