{"id":6273,"date":"2021-02-19T07:51:56","date_gmt":"2021-02-19T07:51:56","guid":{"rendered":"https:\/\/english-munich.de\/training\/?page_id=6273"},"modified":"2021-02-19T08:01:48","modified_gmt":"2021-02-19T08:01:48","slug":"sternzeichen-ii-englisch-bilderratsel-vokablen","status":"publish","type":"page","link":"https:\/\/english-munich.de\/training\/sternzeichen-ii-englisch-bilderratsel-vokablen\/","title":{"rendered":"Sternzeichen II &#8211; Englisch &#8211; Bilderr\u00e4tsel &#8211; Vokablen"},"content":{"rendered":"<div class=\"container well\">\r\n<h3>Bilderr\u00e4tsel &#8211; Sternzeichen II<\/h3>\r\n<hr>\r\nKlicke auf das Quadrat und decke so das Bild auf. Finde zu jedem Bild seine Entsprechung auf Englisch:\r\n<section class=\"memory-game\">\r\n     <div class=\"memory-card\" data-framework=\"sagittarius\">\r\n     <p class=\"frontface\">sagittarius<\/p>\r\n     <img decoding=\"async\" class=\"backface\" src=\"https:\/\/english-munich.de\/training\/wp-content\/uploads\/2021\/02\/js-badge-2.svg\" alt=\"JS-Badge\">\r\n     <\/div>\r\n     <div class=\"memory-card\" data-framework=\"leo\">\r\n     <p class=\"frontface\">leo<\/p>\r\n     <img decoding=\"async\" class=\"backface\" src=\"https:\/\/english-munich.de\/training\/wp-content\/uploads\/2021\/02\/js-badge-2.svg\" alt=\"JS-Badge\">\r\n     <\/div>\r\n     <div class=\"memory-card\" data-framework=\"gemini\" >\r\n     <p class=\"frontface\">gemini<\/p>\r\n     <img decoding=\"async\" class=\"backface\" src=\"https:\/\/english-munich.de\/training\/wp-content\/uploads\/2021\/02\/js-badge-2.svg\" alt=\"JS-Badge\">\r\n     <\/div>\r\n     <div class=\"memory-card\" data-framework=\"libra\">\r\n     <p class=\"frontface\">libra<\/p>\r\n     <img decoding=\"async\" class=\"backface\" src=\"https:\/\/english-munich.de\/training\/wp-content\/uploads\/2021\/02\/js-badge-2.svg\" alt=\"JS-Badge\">\r\n     <\/div>\r\n     <div class=\"memory-card\" data-framework=\"scorpio\">\r\n     <p class=\"frontface\">scorpio<\/p>\r\n     <img decoding=\"async\" class=\"backface\" src=\"https:\/\/english-munich.de\/training\/wp-content\/uploads\/2021\/02\/js-badge-2.svg\" alt=\"JS-Badge\">\r\n     <\/div>\r\n     <div class=\"memory-card\" data-framework=\"aries\">\r\n     <p class=\"frontface\">aries<\/p>\r\n     <img decoding=\"async\" class=\"backface\" src=\"https:\/\/english-munich.de\/training\/wp-content\/uploads\/2021\/02\/js-badge-2.svg\" alt=\"JS-Badge\">\r\n     <\/div>\r\n     <div class=\"memory-card\" data-framework=\"aries\">\r\n     <img decoding=\"async\" class=\"frontface\" src=\"https:\/\/english-munich.de\/training\/wp-content\/uploads\/2021\/02\/Ariete.svg\" alt=\"aries\">\r\n     <img decoding=\"async\" class=\"backface\" src=\"https:\/\/english-munich.de\/training\/wp-content\/uploads\/2021\/02\/js-badge-2.svg\" alt=\"JS-Badge\">\r\n     <\/div>\r\n     <div class=\"memory-card\" data-framework=\"scorpio\">\r\n     <img decoding=\"async\" class=\"frontface\" src=\"https:\/\/english-munich.de\/training\/wp-content\/uploads\/2021\/02\/Scorpione.svg\" alt=\"aries\">\r\n     <img decoding=\"async\" class=\"backface responsive\" src=\"https:\/\/english-munich.de\/training\/wp-content\/uploads\/2021\/02\/js-badge-2.svg\" alt=\"JS-Badge\">\r\n     <\/div>\r\n     <div class=\"memory-card\" data-framework=\"sagittarius\">\r\n     <img decoding=\"async\" class=\"frontface\" src=\"https:\/\/english-munich.de\/training\/wp-content\/uploads\/2021\/02\/Saggitario.svg\" alt=\"sagittarius\">\r\n     <img decoding=\"async\" class=\"backface\" src=\"https:\/\/english-munich.de\/training\/wp-content\/uploads\/2021\/02\/js-badge-2.svg\" alt=\"JS-Badge\">\r\n     <\/div>\r\n     <div class=\"memory-card\" data-framework=\"leo\">\r\n     <img decoding=\"async\" class=\"frontface\" src=\"https:\/\/english-munich.de\/training\/wp-content\/uploads\/2021\/02\/leo.svg\" alt=\"leo\">\r\n     <img decoding=\"async\" class=\"backface\" src=\"https:\/\/english-munich.de\/training\/wp-content\/uploads\/2021\/02\/js-badge-2.svg\" alt=\"JS-Badge\">\r\n     <\/div>\r\n     <div class=\"memory-card\" data-framework=\"gemini\">\r\n     <img decoding=\"async\" class=\"frontface\" src=\"https:\/\/english-munich.de\/training\/wp-content\/uploads\/2021\/02\/Gemelli.svg\" alt=\"gemini\">\r\n     <img decoding=\"async\" class=\"backface\" src=\"https:\/\/english-munich.de\/training\/wp-content\/uploads\/2021\/02\/js-badge-2.svg\">\r\n     <\/div>\r\n     <div class=\"memory-card\" data-framework=\"libra\">\r\n     <img decoding=\"async\" class=\"frontface\" src=\"https:\/\/english-munich.de\/training\/wp-content\/uploads\/2021\/02\/Bilancia.svg\" alt=\"libra\">\r\n     <img decoding=\"async\" class=\"backface\" src=\"https:\/\/english-munich.de\/training\/wp-content\/uploads\/2021\/02\/js-badge-2.svg\" alt=\"JS-Badge\">\r\n     <\/div>\r\n   <\/section>\r\n   \r\n<br \/>\r\n<\/div>\r\n<div  class=\"container end-screen hidden\">\r\n<div class=\"row\"><div><type=\"button\" onclick=\"refreshPage()\" class=\"btn btn-warning\">nochmal<\/button><\/div><div><type=\"button\" class=\"btn btn-success\" onclick=\"window.location.href='https:\/\/english-munich.de\/training\/sternzeichen-englisch-bilderratsel-vokabeln\/'\">n\u00e4chste \u00dcbung<\/button><\/div><div><type=\"button\" class=\"btn btn-info\" onclick=\"removeEndSreen()\">close<\/button><\/div><\/div>\r\n<div class=\"row\"><div><p>Gut gemacht! Das Gl\u00fcck ist Dir hold!<\/p><\/div><img decoding=\"async\" data-skip-lazy class=\"endscreen-img\" src=\"https:\/\/english-munich.de\/training\/wp-content\/uploads\/2021\/02\/1551633773.svg\"><\/div><div class=\"container\"><\/div>\r\n<\/div>","protected":false},"excerpt":{"rendered":"Bilderr\u00e4tsel &#8211; Sternzeichen II Klicke auf das Quadrat und decke so das Bild auf. Finde zu jedem Bild seine Entsprechung auf Englisch: sagittarius leo gemini libra scorpio aries nochmaln\u00e4chste \u00dcbungclose Gut gemacht! Das Gl\u00fcck ist Dir hold!","protected":false},"author":3,"featured_media":0,"parent":0,"menu_order":0,"comment_status":"closed","ping_status":"closed","template":"","meta":[],"_links":{"self":[{"href":"https:\/\/english-munich.de\/training\/wp-json\/wp\/v2\/pages\/6273"}],"collection":[{"href":"https:\/\/english-munich.de\/training\/wp-json\/wp\/v2\/pages"}],"about":[{"href":"https:\/\/english-munich.de\/training\/wp-json\/wp\/v2\/types\/page"}],"author":[{"embeddable":true,"href":"https:\/\/english-munich.de\/training\/wp-json\/wp\/v2\/users\/3"}],"replies":[{"embeddable":true,"href":"https:\/\/english-munich.de\/training\/wp-json\/wp\/v2\/comments?post=6273"}],"version-history":[{"count":4,"href":"https:\/\/english-munich.de\/training\/wp-json\/wp\/v2\/pages\/6273\/revisions"}],"predecessor-version":[{"id":6278,"href":"https:\/\/english-munich.de\/training\/wp-json\/wp\/v2\/pages\/6273\/revisions\/6278"}],"wp:attachment":[{"href":"https:\/\/english-munich.de\/training\/wp-json\/wp\/v2\/media?parent=6273"}],"curies":[{"name":"wp","href":"https:\/\/api.w.org\/{rel}","templated":true}]}}