{"id":6213,"date":"2021-02-18T16:40:41","date_gmt":"2021-02-18T16:40:41","guid":{"rendered":"https:\/\/english-munich.de\/training\/?page_id=6213"},"modified":"2021-03-02T19:51:43","modified_gmt":"2021-03-02T19:51:43","slug":"bilderratsel-vokabeln-uben-englisch","status":"publish","type":"page","link":"https:\/\/english-munich.de\/training\/bilderratsel-vokabeln-uben-englisch\/","title":{"rendered":"Bilderr\u00e4tsel &#8211; Vokabeln \u00fcben &#8211;  Berufe &#8211; Englisch"},"content":{"rendered":"<div class=\"container well\">\r\n<h3>Bilderr\u00e4tsel- Berufe &#8211; Vokablen<\/h3>\r\n<hr>\r\nKlicke auf das Quadrat und decke so das Bild auf. Finde zu jedem Bild seine Entsprechung auf Englisch:\r\n<section class=\"memory-game\">\r\n     <div class=\"memory-card\" data-framework=\"doctor\">\r\n     <p class=\"frontface\">doctor<\/p>\r\n     <img decoding=\"async\" class=\"backface\" src=\"https:\/\/english-munich.de\/training\/wp-content\/uploads\/2021\/02\/js-badge-2.svg\" alt=\"JS-Badge\">\r\n     <\/div>\r\n     <div class=\"memory-card\" data-framework=\"farmer\">\r\n     <p class=\"frontface\">farmer<\/p>\r\n     <img decoding=\"async\" class=\"backface\" src=\"https:\/\/english-munich.de\/training\/wp-content\/uploads\/2021\/02\/js-badge-2.svg\" alt=\"JS-Badge\">\r\n     <\/div>\r\n     <div class=\"memory-card\" data-framework=\"nurse\" >\r\n     <p class=\"frontface\">nurse<\/p>\r\n     <img decoding=\"async\" class=\"backface\" src=\"https:\/\/english-munich.de\/training\/wp-content\/uploads\/2021\/02\/js-badge-2.svg\" alt=\"JS-Badge\">\r\n     <\/div>\r\n     <div class=\"memory-card\" data-framework=\"programmer\">\r\n     <p class=\"frontface\">programer<\/p>\r\n     <img decoding=\"async\" class=\"backface\" src=\"https:\/\/english-munich.de\/training\/wp-content\/uploads\/2021\/02\/js-badge-2.svg\" alt=\"JS-Badge\">\r\n     <\/div>\r\n     <div class=\"memory-card\" data-framework=\"photorapher\">\r\n     <p class=\"frontface\">photographer<\/p>\r\n     <img decoding=\"async\" class=\"backface\" src=\"https:\/\/english-munich.de\/training\/wp-content\/uploads\/2021\/02\/js-badge-2.svg\" alt=\"JS-Badge\">\r\n     <\/div>\r\n     <div class=\"memory-card\" data-framework=\"lawyer\">\r\n     <p class=\"frontface\">lawyer<\/p>\r\n     <img decoding=\"async\" class=\"backface\" src=\"https:\/\/english-munich.de\/training\/wp-content\/uploads\/2021\/02\/js-badge-2.svg\" alt=\"JS-Badge\">\r\n     <\/div>\r\n     <div class=\"memory-card\" data-framework=\"farmer\">\r\n     <img decoding=\"async\" class=\"frontface\" src=\"https:\/\/english-munich.de\/training\/wp-content\/uploads\/2021\/02\/farmer.svg\" alt=\"farmer\">\r\n     <img decoding=\"async\" class=\"backface\" src=\"https:\/\/english-munich.de\/training\/wp-content\/uploads\/2021\/02\/js-badge-2.svg\" alt=\"JS-Badge\">\r\n     <\/div>\r\n     <div class=\"memory-card\" data-framework=\"programmer\">\r\n     <img decoding=\"async\" class=\"frontface\" src=\"https:\/\/english-munich.de\/training\/wp-content\/uploads\/2021\/02\/programmer.svg\" alt=\"programmer\" alt=\"programer\">\r\n     <img decoding=\"async\" class=\"backface responsive\" src=\"https:\/\/english-munich.de\/training\/wp-content\/uploads\/2021\/02\/js-badge-2.svg\" alt=\"JS-Badge\">\r\n     <\/div>\r\n     <div class=\"memory-card\" data-framework=\"doctor\">\r\n     <img decoding=\"async\" class=\"frontface\" src=\"https:\/\/english-munich.de\/training\/wp-content\/uploads\/2021\/02\/doctor.svg\" alt=\"doctor\">\r\n     <img decoding=\"async\" class=\"backface\" src=\"https:\/\/english-munich.de\/training\/wp-content\/uploads\/2021\/02\/js-badge-2.svg\" alt=\"JS-Badge\">\r\n     <\/div>\r\n     <div class=\"memory-card\" data-framework=\"photorapher\">\r\n     <img decoding=\"async\" class=\"frontface\" src=\"https:\/\/english-munich.de\/training\/wp-content\/uploads\/2021\/02\/photographer.svg\" alt=\"photographer\">\r\n     <img decoding=\"async\" class=\"backface\" src=\"https:\/\/english-munich.de\/training\/wp-content\/uploads\/2021\/02\/js-badge-2.svg\" alt=\"JS-Badge\">\r\n     <\/div>\r\n     <div class=\"memory-card\" data-framework=\"lawyer\">\r\n     <img decoding=\"async\" class=\"frontface\" src=\"https:\/\/english-munich.de\/training\/wp-content\/uploads\/2021\/02\/lawyer.svg\" alt=\"lawyer\">\r\n     <img decoding=\"async\" class=\"backface\" src=\"https:\/\/english-munich.de\/training\/wp-content\/uploads\/2021\/02\/js-badge-2.svg\">\r\n     <\/div>\r\n     <div class=\"memory-card\" data-framework=\"nurse\">\r\n     <img decoding=\"async\" class=\"frontface\" src=\"https:\/\/english-munich.de\/training\/wp-content\/uploads\/2021\/02\/nurse.svg\" alt=\"nurse\">\r\n     <img decoding=\"async\" class=\"backface\" src=\"https:\/\/english-munich.de\/training\/wp-content\/uploads\/2021\/02\/js-badge-2.svg\" alt=\"JS-Badge\">\r\n     <\/div>\r\n   <\/section>\r\n   \r\n<br \/>\r\n<\/div>\r\n<div  class=\"container end-screen hidden\">\r\n<div class=\"row\"><div><type=\"button\" onclick=\"refreshPage()\" class=\"btn btn-warning\">nochmal<\/button><\/div><div><type=\"button\" class=\"btn btn-success\" onclick=\"window.location.href='https:\/\/english-munich.de\/training\/memory-game-vokabeltraining-englisch-berufe-ii\/'\">n\u00e4chste \u00dcbung<\/button><\/div><div><type=\"button\" class=\"btn btn-info\" onclick=\"removeEndSreen()\">close<\/button><\/div><\/div>\r\n<div class=\"row\"><div class=\"container\"><p>Gut gemacht C\u00e4sar! Aber jetzt nicht auf den Lorbeeren ausruhen!<\/p><\/div><div><img decoding=\"async\" data-skip-lazy class=\"endscreen-img\" src=\"https:\/\/english-munich.de\/training\/wp-content\/uploads\/2021\/02\/casar.svg\"><\/div><\/div>\r\n<\/div>","protected":false},"excerpt":{"rendered":"Bilderr\u00e4tsel- Berufe &#8211; Vokablen Klicke auf das Quadrat und decke so das Bild auf. Finde zu jedem Bild seine Entsprechung auf Englisch: doctor farmer nurse programer photographer lawyer nochmaln\u00e4chste \u00dcbungclose Gut gemacht C\u00e4sar! Aber jetzt nicht auf den Lorbeeren ausruhen!","protected":false},"author":3,"featured_media":0,"parent":0,"menu_order":0,"comment_status":"closed","ping_status":"closed","template":"","meta":[],"_links":{"self":[{"href":"https:\/\/english-munich.de\/training\/wp-json\/wp\/v2\/pages\/6213"}],"collection":[{"href":"https:\/\/english-munich.de\/training\/wp-json\/wp\/v2\/pages"}],"about":[{"href":"https:\/\/english-munich.de\/training\/wp-json\/wp\/v2\/types\/page"}],"author":[{"embeddable":true,"href":"https:\/\/english-munich.de\/training\/wp-json\/wp\/v2\/users\/3"}],"replies":[{"embeddable":true,"href":"https:\/\/english-munich.de\/training\/wp-json\/wp\/v2\/comments?post=6213"}],"version-history":[{"count":10,"href":"https:\/\/english-munich.de\/training\/wp-json\/wp\/v2\/pages\/6213\/revisions"}],"predecessor-version":[{"id":6955,"href":"https:\/\/english-munich.de\/training\/wp-json\/wp\/v2\/pages\/6213\/revisions\/6955"}],"wp:attachment":[{"href":"https:\/\/english-munich.de\/training\/wp-json\/wp\/v2\/media?parent=6213"}],"curies":[{"name":"wp","href":"https:\/\/api.w.org\/{rel}","templated":true}]}}