{"id":6161,"date":"2021-02-17T13:45:26","date_gmt":"2021-02-17T13:45:26","guid":{"rendered":"https:\/\/english-munich.de\/training\/?page_id=6161"},"modified":"2021-03-02T20:00:18","modified_gmt":"2021-03-02T20:00:18","slug":"memory-game-vokabeltraining-englisch-berufe-ii","status":"publish","type":"page","link":"https:\/\/english-munich.de\/training\/memory-game-vokabeltraining-englisch-berufe-ii\/","title":{"rendered":"Bilderr\u00e4tsel &#8211; Vokabeltraining &#8211; Englisch &#8211; Berufe II"},"content":{"rendered":"<div class=\"container well\">\r\n<h3>Bilderr\u00e4tsel- Berufe &#8211; Vokablen<\/h3>\r\n<hr>\r\nKlicke auf das Quadrat und decke so das Bild auf. Finde zu jedem Bild seine Entsprechung auf Englisch:\r\n\r\n<section class=\"memory-game\">\r\n     <div class=\"memory-card\" data-framework=\"welder\">\r\n     <p class=\"frontface\">welder<\/p>\r\n     <img decoding=\"async\" class=\"backface\" src=\"https:\/\/english-munich.de\/training\/wp-content\/uploads\/2021\/02\/js-badge-2.svg\" alt=\"JS-Badge\">\r\n     <\/div>\r\n     <div class=\"memory-card\" data-framework=\"fire-fighter\">\r\n     <p class=\"frontface\">fire fighter<\/p>\r\n     <img decoding=\"async\" class=\"backface\" src=\"https:\/\/english-munich.de\/training\/wp-content\/uploads\/2021\/02\/js-badge-2.svg\" alt=\"JS-Badge\">\r\n     <\/div>\r\n     <div class=\"memory-card\" data-framework=\"policeman\" >\r\n     <p class=\"frontface\">policeman<\/p>\r\n     <img decoding=\"async\" class=\"backface\" src=\"https:\/\/english-munich.de\/training\/wp-content\/uploads\/2021\/02\/js-badge-2.svg\" alt=\"JS-Badge\">\r\n     <\/div>\r\n     <div class=\"memory-card\" data-framework=\"teacher\">\r\n     <p class=\"frontface\">teacher<\/p>\r\n     <img decoding=\"async\" class=\"backface\" src=\"https:\/\/english-munich.de\/training\/wp-content\/uploads\/2021\/02\/js-badge-2.svg\" alt=\"JS-Badge\">\r\n     <\/div>\r\n     <div class=\"memory-card\" data-framework=\"judge\">\r\n     <p class=\"frontface\">judge<\/p>\r\n     <img decoding=\"async\" class=\"backface\" src=\"https:\/\/english-munich.de\/training\/wp-content\/uploads\/2021\/02\/js-badge-2.svg\" alt=\"JS-Badge\">\r\n     <\/div>\r\n     <div class=\"memory-card\" data-framework=\"mechanic\">\r\n     <p class=\"frontface\">mechanic<\/p>\r\n     <img decoding=\"async\" class=\"backface\" src=\"https:\/\/english-munich.de\/training\/wp-content\/uploads\/2021\/02\/js-badge-2.svg\" alt=\"JS-Badge\">\r\n     <\/div>\r\n     <div class=\"memory-card\" data-framework=\"mechanic\">\r\n     <img decoding=\"async\" class=\"frontface\" src=\"https:\/\/english-munich.de\/training\/wp-content\/uploads\/2021\/02\/mechanic.svg\" alt=\"mechanic\">\r\n     <img decoding=\"async\" class=\"backface\" src=\"https:\/\/english-munich.de\/training\/wp-content\/uploads\/2021\/02\/js-badge-2.svg\" alt=\"JS-Badge\">\r\n     <\/div>\r\n     <div class=\"memory-card\" data-framework=\"judge\">\r\n     <img decoding=\"async\" class=\"frontface\" src=\"https:\/\/english-munich.de\/training\/wp-content\/uploads\/2021\/02\/judge.svg\" alt=\"judge\">\r\n     <img decoding=\"async\" class=\"backface responsive\" src=\"https:\/\/english-munich.de\/training\/wp-content\/uploads\/2021\/02\/js-badge-2.svg\" alt=\"JS-Badge\">\r\n     <\/div>\r\n     <div class=\"memory-card\" data-framework=\"teacher\">\r\n     <img decoding=\"async\" class=\"frontface\" src=\"https:\/\/english-munich.de\/training\/wp-content\/uploads\/2021\/02\/teacher.svg\" alt=\"teacher\">\r\n     <img decoding=\"async\" class=\"backface\" src=\"https:\/\/english-munich.de\/training\/wp-content\/uploads\/2021\/02\/js-badge-2.svg\" alt=\"JS-Badge\">\r\n     <\/div>\r\n     <div class=\"memory-card\" data-framework=\"fire-fighter\">\r\n     <img decoding=\"async\" class=\"frontface\" src=\"https:\/\/english-munich.de\/training\/wp-content\/uploads\/2021\/02\/fire-man.svg\" alt=\"fire-fighter\">\r\n     <img decoding=\"async\" class=\"backface\" src=\"https:\/\/english-munich.de\/training\/wp-content\/uploads\/2021\/02\/js-badge-2.svg\" alt=\"JS-Badge\">\r\n     <\/div>\r\n     <div class=\"memory-card\" data-framework=\"welder\">\r\n     <img decoding=\"async\" class=\"frontface\" src=\"https:\/\/english-munich.de\/training\/wp-content\/uploads\/2021\/02\/welder.svg\" alt=\"welder\">\r\n     <img decoding=\"async\" class=\"backface\" src=\"https:\/\/english-munich.de\/training\/wp-content\/uploads\/2021\/02\/js-badge-2.svg\">\r\n     <\/div>\r\n     <div class=\"memory-card\" data-framework=\"policeman\">\r\n     <img decoding=\"async\" class=\"frontface\" src=\"https:\/\/english-munich.de\/training\/wp-content\/uploads\/2021\/02\/police-man.svg\" alt=\"peace officer\">\r\n     <img decoding=\"async\" class=\"backface\" src=\"https:\/\/english-munich.de\/training\/wp-content\/uploads\/2021\/02\/js-badge-2.svg\" alt=\"JS-Badge\">\r\n     <\/div>\r\n   <\/section>\r\n   \r\n<br \/>\r\n<\/div>\r\n<div  class=\"container end-screen hidden\">\r\n<div class=\"row\"><div><type=\"button\" onclick=\"refreshPage()\" class=\"btn btn-warning\">nochmal<\/button><\/div><div><type=\"button\" class=\"btn btn-success\" onclick=\"window.location.href='https:\/\/english-munich.de\/training\/bilderratsel-vokabeln-englisch-werkzeug\/'\">n\u00e4chste \u00dcbung<\/button><\/div><div><type=\"button\" class=\"btn btn-info\" onclick=\"removeEndSreen()\">close<\/button><\/div><\/div>\r\n<div class=\"row\"><div class=\"container\"><p>Gut gemacht Erdling! Jetzt bring mich zu Deinem Anf\u00fchrer!<\/p><\/div><div class=\"container\"><img decoding=\"async\" data-skip-lazy class=\"endscreen-img\" src=\"https:\/\/english-munich.de\/training\/wp-content\/uploads\/2021\/02\/alien.svg\" alt=\"alien\"><\/div><\/div>\r\n<\/div>","protected":false},"excerpt":{"rendered":"Bilderr\u00e4tsel- Berufe &#8211; Vokablen Klicke auf das Quadrat und decke so das Bild auf. Finde zu jedem Bild seine Entsprechung auf Englisch: welder fire fighter policeman teacher judge mechanic nochmaln\u00e4chste \u00dcbungclose Gut gemacht Erdling! Jetzt bring mich zu Deinem Anf\u00fchrer!","protected":false},"author":3,"featured_media":0,"parent":0,"menu_order":0,"comment_status":"closed","ping_status":"closed","template":"","meta":[],"_links":{"self":[{"href":"https:\/\/english-munich.de\/training\/wp-json\/wp\/v2\/pages\/6161"}],"collection":[{"href":"https:\/\/english-munich.de\/training\/wp-json\/wp\/v2\/pages"}],"about":[{"href":"https:\/\/english-munich.de\/training\/wp-json\/wp\/v2\/types\/page"}],"author":[{"embeddable":true,"href":"https:\/\/english-munich.de\/training\/wp-json\/wp\/v2\/users\/3"}],"replies":[{"embeddable":true,"href":"https:\/\/english-munich.de\/training\/wp-json\/wp\/v2\/comments?post=6161"}],"version-history":[{"count":14,"href":"https:\/\/english-munich.de\/training\/wp-json\/wp\/v2\/pages\/6161\/revisions"}],"predecessor-version":[{"id":6959,"href":"https:\/\/english-munich.de\/training\/wp-json\/wp\/v2\/pages\/6161\/revisions\/6959"}],"wp:attachment":[{"href":"https:\/\/english-munich.de\/training\/wp-json\/wp\/v2\/media?parent=6161"}],"curies":[{"name":"wp","href":"https:\/\/api.w.org\/{rel}","templated":true}]}}