{"id":6140,"date":"2021-02-17T12:56:24","date_gmt":"2021-02-17T12:56:24","guid":{"rendered":"https:\/\/english-munich.de\/training\/?page_id=6140"},"modified":"2021-05-05T12:33:25","modified_gmt":"2021-05-05T12:33:25","slug":"phrasal-verbs-mit-break-zusammengesetzte-verben-englisch","status":"publish","type":"page","link":"https:\/\/english-munich.de\/training\/phrasal-verbs-mit-break-zusammengesetzte-verben-englisch\/","title":{"rendered":"phrasal verbs mit break &#8211; zusammengesetzte Verben Englisch"},"content":{"rendered":"<div class=\"jumbotron text-center\">\r\n<h2> phrasal verbs mit &#8218;break&#8216;<\/h2>\r\n\u00dcbungen zu zusammengesetzen Verben mit &#8218;break&#8216;\r\n\r\n<\/div>\r\n<div class=\"bs-example\">\r\n<div class=\"accordion\" id=\"accordionExample\">\r\n<div class=\"card\">\r\n<div class=\"card-header\" id=\"headingOne\">\r\n<h2 class=\"mb-0\" style=\"color:#000\">\r\n                    <button type=\"button\" class=\"btn btn-link collapsed\" data-toggle=\"collapse\" data-target=\"#collapseOne\">Beispiel<\/button><\/h2>\r\n<\/div>\r\n<div id=\"collapseOne\" class=\"collapse\" aria-labelledby=\"headingOne\" data-parent=\"#accordionExample\">\r\n<div class=\"card-body\">\r\n<div class=\"form\">\r\n\r\n<b><span class=\"number\">\u24ff<\/span><\/b>John wants to break <input type=\"text\" class=\"form-control\" id=\"panel-beispiel\" disabled=\"true\" value=\"up\"> with Juliette.\r\n<br \/>\r\nDie richtige L\u00f6sung ist:<b> <i>up&nbsp;&nbsp;<button class=\"btn-lg btn-info\" type=\"button\" data-toggle=\"modal\" data-target=\"#myModal\">Tipp<\/button><\/i><\/b>\r\n\r\n<\/div>\r\n<\/div>\r\n<\/div>\r\n<\/div>\r\n<\/div>\r\n<br \/><br \/>\r\n<div class=\"container well\">\r\n<h4>\u270d\ufe0f W\u00e4hle eine der nachstehenden Pr\u00e4positionen: <i>&nbsp;up,&nbsp;in,&nbsp;out,&nbsp;down,&nbsp;away<\/i>. F\u00fclle diese in die L\u00fccken, um den Satz sinvoll zu erg\u00e4nzen. Vorsicht jede Option kommt zweimal vor:<\/h4>\r\n\r\n<hr>\r\n\r\n<br \/>\r\n<div class=\"container\">\r\n<b><span class=\"number\">\u2776<\/span><\/b>We need to break<input type=\"text\" class=\"form-control\" id=\"q0\" autocomplete=\"off\"> . Time to hit the trail.\r\n<div class=\"row\">\r\n<div>\r\n<p id=\"correct0\" align=\"left\"><\/p>\r\n\r\n<\/div>\r\n<div>\r\n<a button=\"\" class=\"btn btn-success tipp0 hidden\" href=\"#1\" title=\"...break up\" data-toggle=\"popover\" data-placement=\"top\" data-trigger=\"hover\" style=\"text-decoration: none; color:white;\" data-content=\"... 'to break up'  \u2794 'aufbrechen, losziehen'.\">Tipp<\/a><\/div>\r\n<\/div>\r\n<b><span class=\"number\">\u2777<\/span><\/b>No need to break <input type=\"text\" class=\"form-control\" id=\"q1\" autocomplete=\"off\">. I have the keys.\r\n<div class=\"row\">\r\n<div>\r\n<p id=\"correct1\" align=\"left\"><\/p>\r\n\r\n<\/div>\r\n<div>\r\n<a button=\"\" class=\"btn btn-success tipp1 hidden\" href=\"#2\" title=\"...break in.\" data-toggle=\"popover\" data-placement=\"top\" data-trigger=\"hover\" style=\"text-decoration: none; color:white;\" data-content=\"...'to break in somewhere'  \u2794 'irgendwo einbrechen'\">Tipp<\/a><\/div>\r\n<\/div>\r\n<b><span class=\"number\">\u2778<\/span><\/b>It takes some time to break <input type=\"text\" class=\"form-control\" id=\"q2\" autocomplete=\"off\"> new shoes.\r\n<div class=\"row\">\r\n<div>\r\n<p id=\"correct2\" align=\"left\"><\/p>\r\n\r\n<\/div>\r\n<div>\r\n<a button=\"\" class=\"btn btn-success tipp2 hidden\" align=\"left\" aria-hidden=\"true\" href=\"#3\" title=\"to break in new shoes...\" data-toggle=\"popover\" data-placement=\"top\" data-trigger=\"hover\" style=\"text-decoration: none, color:white\" data-content=\"'...'to break in something'  \u2794 'etwas gef\u00fcgig machen, einlatschen, eingew\u00f6hnen'.\">Tipp<\/a><\/div>\r\n<\/div>\r\n<span class=\"number\">\u2779<\/span>People thought you couldn&#8217;t break <input type=\"text\" class=\"form-control\" id=\"q3\" autocomplete=\"off\"> of Alcatraz!\r\n<div class=\"row\">\r\n<div>\r\n<p id=\"correct3\" align=\"left\"><\/p>\r\n\r\n<\/div>\r\n<div>\r\n<a button=\"\" class=\"btn btn-success tipp3 hidden\" aria-hidden=\"true\" href=\"#4\" title=\"..to break out of\" data-toggle=\"popover\" data-placement=\"top\" data-trigger=\"hover\" style=\"text-decoration: none, color:white\" data-content=\"'to break out of...'  \u2794 'ausbrechen' (Gef\u00e4ngnis, Umerziehungslager etc).\">Tipp<\/a><\/div>\r\n<\/div>\r\n<b><span class=\"number\">\u277a<\/span><\/b>Jill wants to break <input type=\"text\" class=\"form-control\" id=\"q4\" autocomplete=\"off\"> with Jack.\r\n<div class=\"row\">\r\n<div>\r\n<p id=\"correct4\" align=\"left\"><\/p>\r\n\r\n<\/div>\r\n<div>\r\n<a button=\"\" class=\"btn btn-success tipp4 hidden\" aria-hidden=\"true\" href=\"#5\" title=\"...to break up with....\" data-toggle=\"popover\" data-placement=\"top\" data-trigger=\"hover\" style=\"text-decoration: none, color:white\" data-content=\"'to break up'  \u2794  'Schluss machen' (Beziehung)\">Tipp<\/a><\/div>\r\n<\/div>\r\n<b><span class=\"number\">\u277b<\/span><\/b>I hope the car doesn&#8217;t break <input type=\"text\" class=\"form-control\" id=\"q5\" autocomplete=\"off\">. \r\n<div class=\"row\">\r\n<div>\r\n<p id=\"correct5\" align=\"left\"><\/p>\r\n\r\n<\/div>\r\n<div>\r\n<a button=\"\" class=\"btn btn-success tipp5 hidden\" aria-hidden=\"true\" href=\"#6\" title=\"...break down\" data-toggle=\"popover\" data-placement=\"top\" data-trigger=\"hover\" style=\"text-decoration: none, color:white\" data-content=\"'to break down'  \u2794 'ein Panne haben'\">Tipp<\/a><\/div>\r\n<\/div>\r\n<b><span class=\"number\">\u277c<\/span><\/b>Susan was trapped but managed to break <input type=\"text\" class=\"form-control\" id=\"q6\" autocomplete=\"off\">. \r\n<div class=\"row\">\r\n<div>\r\n<p id=\"correct6\" align=\"left\"><\/p>\r\n\r\n<\/div>\r\n<div>\r\n<a button=\"\" class=\"btn btn-success tipp6 hidden\" aria-hidden=\"true\" href=\"#7\" title=\"...to break away.\" data-toggle=\"popover\" data-placement=\"top\" data-trigger=\"hover\" style=\"text-decoration: none, color:white\" data-content=\"...'to break away'  \u2794 'entkommen, entschl\u00fcpfen'\">Tipp<\/a><\/div>\r\n<\/div>\r\n<b><span class=\"number\">\u277d<\/span><\/b> We need to break <input type=\"text\" class=\"form-control\" id=\"q7\" autocomplete=\"off\"> from the mainstream.\r\n<div class=\"row\">\r\n<div>\r\n<p id=\"correct7\" align=\"left\"><\/p>\r\n\r\n<\/div>\r\n<div>\r\n<a button=\"\" class=\"btn btn-success tipp7 hidden\" href=\"#8\" title=\"... to break away from the mainstream\" data-toggle=\"popover\" data-placement=\"top\" data-trigger=\"hover\" style=\"text-decoration: none, color:white\" data-content=\"'to break away'  \u2794 'sich absondern' (von einer Gruppe)\">Tipp<\/a><\/div>\r\n<\/div>\r\n<b><span class=\"number\">\u277e<\/span><\/b>Can you break <input type=\"text\" class=\"form-control\" id=\"q8\" autocomplete=\"off\">the numbers?\r\n<div class=\"row\">\r\n<div>\r\n<p id=\"correct8\" align=\"left\"><\/p>\r\n\r\n<\/div>\r\n<div>\r\n<a button=\"\" class=\"btn btn-success tipp8 hidden\" href=\"#9\" title=\"...break down the numbers\" data-toggle=\"popover\" data-placement=\"top\" data-trigger=\"hover\" style=\"text-decoration: none, color:white\" data-content=\"'to break down'  \u2794 'etwas erkl\u00e4ren'\">Tipp<\/a><\/div>\r\n<\/div>\r\n<b><span class=\"number\">\u277f<\/span><\/b> I hope no new pandemic will break <input type=\"text\" class=\"form-control\" id=\"q9\" autocomplete=\"off\">.\r\n<div class=\"row\">\r\n<div>\r\n<p id=\"correct9\" align=\"left\"><\/p>\r\n\r\n<\/div>\r\n<div>\r\n<a button=\"\" class=\"btn btn-success tipp9 hidden\" href=\"#10\" title=\"...to break out\" data-toggle=\"popover\" data-placement=\"top\" data-trigger=\"hover\" style=\"text-decoration: none, color:white\" data-content=\"...'to break out'  \u2794 'ausbrechen' (Katastrophe, Pandemie etc.).\">Tipp<\/a><\/div>\r\n<\/div>\r\n<!-- The Modal -->\r\n<div id=\"myModal\" class=\"modal fade\">\r\n<div class=\"modal-dialog\">\r\n<div class=\"modal-content\">\r\n\r\n<!-- Modal Header -->\r\n<div class=\"modal-header\">\r\n<h4 class=\"modal-title\">phrasal verbs mit &#8218;break&#8216;<\/h4>\r\n<button class=\"close\" type=\"button\" data-dismiss=\"modal\">\u00d7<\/button>\r\n\r\n<\/div>\r\n<!-- Modal body -->\r\n<div class=\"modal-body\"><table class=\"table table-bordered table-sm table-hover\">\r\n<thead>\r\n<tr class=\"table-danger\">\r\n<th colspan=\"2\">zusammensetzte Verben mit break<\/th>\r\n\r\n\r\n<\/tr>\r\n<\/thead>\r\n<tbody>\r\n<tr class=\"table-success\">\r\n<td colspan=\"2\"><b>break up<\/b><\/td>\r\n<\/tr>\r\n<tr class=\"table-primary\">\r\n<td><b>to break up &#8211; Schlus machen (Beziehung)<\/b><\/td>\r\n<td><b>to break up &#8211; aufbrechen (Reise, Ausflug) <\/b><\/td>\r\n<\/tr>\r\n<tr class=\"table-info\">\r\n<td><b>John wants to break up with Jill.<\/b><\/td>\r\n<td><b>Let&#8217;s break up. We need to be on time.<\/b><\/td>\r\n<\/tr>\r\n<tr class=\"table-success\">\r\n<td colspan=\"2\"><b>break out<\/b><\/td>\r\n<\/tr>\r\n<tr class=\"table-primary\">\r\n<td><b>to break out &#8211; ausbrechen (Gef\u00e4ngnis, Gulag etc.)<\/b><\/td>\r\n<td><b>to break out &#8211; ausbrechen (Epedimie, Katastrophe)<\/b><\/td>\r\n<\/tr>\r\n<tr class=\"table-info\">\r\n<td><b>I want to break out of my rusty cage.<\/b><\/td>\r\n<td><b>They say a new pandemic will break out.<\/b><\/td>\r\n<\/tr>\r\n<tr class=\"table-success\">\r\n<td colspan=\"2\"><b>break in<\/b><\/td>\r\n<\/tr>\r\n<tr class=\"table-primary\">\r\n<td><b>break in &#8211; einbrechen<\/b><\/td>\r\n<td><b>break in &#8211; eingew\u00f6hnen, gef\u00fcgig machen<\/b><\/td>\r\n<\/tr>\r\n<tr class=\"table-info\">\r\n<td><b>If you don&#8217;t lock the door, somebody will break in.<\/b><\/td>\r\n<td><b>New shoes are uncomfortable until they&#8217;re broken in.<\/b><\/td>\r\n<\/tr>\r\n<tr class=\"table-success\">\r\n<td colspan=\"2\"><b>break away<\/b><\/td>\r\n<\/tr>\r\n<tr class=\"table-primary\">\r\n<td><b>break away &#8211; sich absondern (Gruppe)<\/b><\/td>\r\n<td><b>break away &#8211; entkommen<\/b><\/td>\r\n<\/tr>\r\n<tr class=\"table-info\">\r\n<td><b>The radical wing of our party broke away.<\/b><\/td>\r\n<td><b>I was trapped. Still, I could break away.<\/b><\/td>\r\n<\/tr>\r\n<tr class=\"table-success\">\r\n<td colspan=\"2\"><b>break down<\/b><\/td>\r\n<\/tr>\r\n<tr class=\"table-primary\">\r\n<td><b>break down &#8211; eine Panne haben<\/b><\/td>\r\n<td><b>break down &#8211; erkl\u00e4ren<\/b><\/td>\r\n<\/tr>\r\n<tr class=\"table-info\">\r\n<td><b>Our car broke down right before our doorstep.<\/b><\/td>\r\n<td><b>Can you break down the statistics for me.<\/b><\/td>\r\n<\/tr>\r\n\r\n<\/tbody>\r\n<\/table>\r\n<\/div>\r\n<!-- Modal footer -->\r\n<div class=\"modal-footer\"><button class=\"btn btn-danger\" type=\"button\" data-dismiss=\"modal\">Close<\/button><\/div>\r\n<\/div>\r\n<\/div>\r\n<\/div>\r\n<\/div>\r\n<\/div>\r\n<div class=\"container\">\r\n\r\n<hr>\r\n\r\n<button id=\"submitButton\" class=\"btn-lg btn-primary \" type=\"submit\" value=\"submit\">Pr\u00fcfen<\/button><button id=\"resetButton\" class=\"btn-lg btn-success\" type=\"submit\" onclick=\"refreshPage()\">Neustart<\/button><button id=\"submitButton\" class=\"btn-lg btn-info\" type=\"button\" value=\"submit\" data-toggle=\"modal\" data-target=\"#myModal\">Tipp<\/button>\r\n\r\n<hr>\r\n\r\n<h3>Pr\u00e4positionen- Alle \u00dcbungen<\/h3>\r\n<hr>\r\n<div id=\"bellows-main-45\" class=\"bellows bellows-nojs bellows-main bellows-source-menu bellows-align-full bellows-skin-vanilla bellows-type-\"><ul id=\"menu-phrasal-verbs\" class=\"bellows-nav\" data-bellows-config=\"main\"><li id=\"menu-item-5779\" class=\"bellows-menu-item bellows-menu-item-type-post_type bellows-menu-item-object-page bellows-menu-item-5779 bellows-item-level-0\"><a  href=\"https:\/\/english-munich.de\/training\/phrasal-verbs-get\/\" class=\"bellows-target\"><span class=\"bellows-target-title bellows-target-text\">\u2611\ufe0fphrasal verbs \u2013 get<\/span><\/a><\/li>\n<li id=\"menu-item-5809\" class=\"bellows-menu-item bellows-menu-item-type-post_type bellows-menu-item-object-page bellows-menu-item-5809 bellows-item-level-0\"><a  href=\"https:\/\/english-munich.de\/training\/phrasal-verbs-get-ii\/\" class=\"bellows-target\"><span class=\"bellows-target-title bellows-target-text\">\u2611\ufe0fphrasal verbs \u2013 get II<\/span><\/a><\/li>\n<li id=\"menu-item-5830\" class=\"bellows-menu-item bellows-menu-item-type-post_type bellows-menu-item-object-page bellows-menu-item-5830 bellows-item-level-0\"><a  href=\"https:\/\/english-munich.de\/training\/phrasal-verbs-take\/\" class=\"bellows-target\"><span class=\"bellows-target-title bellows-target-text\">\u2611\ufe0fphrasal verbs \u2013 take<\/span><\/a><\/li>\n<li id=\"menu-item-5845\" class=\"bellows-menu-item bellows-menu-item-type-post_type bellows-menu-item-object-page bellows-menu-item-5845 bellows-item-level-0\"><a  href=\"https:\/\/english-munich.de\/training\/phrasal-verbs-take-ii\/\" class=\"bellows-target\"><span class=\"bellows-target-title bellows-target-text\">\u2611\ufe0fphrasal verbs &#8211; take II<\/span><\/a><\/li>\n<li id=\"menu-item-5874\" class=\"bellows-menu-item bellows-menu-item-type-post_type bellows-menu-item-object-page bellows-menu-item-5874 bellows-item-level-0\"><a  href=\"https:\/\/english-munich.de\/training\/phrasal-verb-make\/\" class=\"bellows-target\"><span class=\"bellows-target-title bellows-target-text\">\u2611\ufe0fphrasal verb &#8211; make<\/span><\/a><\/li>\n<li id=\"menu-item-5895\" class=\"bellows-menu-item bellows-menu-item-type-post_type bellows-menu-item-object-page bellows-menu-item-5895 bellows-item-level-0\"><a  href=\"https:\/\/english-munich.de\/training\/phrasal-verbs-mit-put\/\" class=\"bellows-target\"><span class=\"bellows-target-title bellows-target-text\">\u2611\ufe0fphrasal verbs &#8211; put<\/span><\/a><\/li>\n<li id=\"menu-item-5938\" class=\"bellows-menu-item bellows-menu-item-type-post_type bellows-menu-item-object-page bellows-menu-item-5938 bellows-item-level-0\"><a  href=\"https:\/\/english-munich.de\/training\/phrasal-verbs-put-ii\/\" class=\"bellows-target\"><span class=\"bellows-target-title bellows-target-text\">\u2611\ufe0fphrasal verbs \u2013 put II<\/span><\/a><\/li>\n<li id=\"menu-item-5966\" class=\"bellows-menu-item bellows-menu-item-type-post_type bellows-menu-item-object-page bellows-menu-item-5966 bellows-item-level-0\"><a  href=\"https:\/\/english-munich.de\/training\/phrasal-verbs-look\/\" class=\"bellows-target\"><span class=\"bellows-target-title bellows-target-text\">\u2611\ufe0fphrasal verbs \u2013 look<\/span><\/a><\/li>\n<li id=\"menu-item-6008\" class=\"bellows-menu-item bellows-menu-item-type-post_type bellows-menu-item-object-page bellows-menu-item-6008 bellows-item-level-0\"><a  href=\"https:\/\/english-munich.de\/training\/phrasal-verbs-zusammengesetzte-verben-mit-kick\/\" class=\"bellows-target\"><span class=\"bellows-target-title bellows-target-text\">\u270d\ufe0fphrasal verbs \u2013 kick<\/span><\/a><\/li>\n<li id=\"menu-item-6151\" class=\"bellows-menu-item bellows-menu-item-type-post_type bellows-menu-item-object-page bellows-menu-item-6151 bellows-item-level-0\"><a  href=\"https:\/\/english-munich.de\/training\/phrasal-verbs-mit-break-zusammengesetzte-verben-englisch\/\" class=\"bellows-target\"><span class=\"bellows-target-title bellows-target-text\">\u270d\ufe0fphrasal verbs- break<\/span><\/a><\/li>\n<\/ul><\/div>\r\n<\/div>","protected":false},"excerpt":{"rendered":"phrasal verbs mit &#8218;break&#8216; \u00dcbungen zu zusammengesetzen Verben mit &#8218;break&#8216; Beispiel \u24ffJohn wants to break with Juliette. Die richtige L\u00f6sung ist: up&nbsp;&nbsp;Tipp \u270d\ufe0f W\u00e4hle eine der nachstehenden Pr\u00e4positionen: &nbsp;up,&nbsp;in,&nbsp;out,&nbsp;down,&nbsp;away. F\u00fclle diese in die L\u00fccken, um den Satz sinvoll zu erg\u00e4nzen. Vorsicht jede Option kommt zweimal vor: \u2776We need to break . Time to hit the [&hellip;]","protected":false},"author":3,"featured_media":0,"parent":0,"menu_order":0,"comment_status":"closed","ping_status":"closed","template":"","meta":[],"_links":{"self":[{"href":"https:\/\/english-munich.de\/training\/wp-json\/wp\/v2\/pages\/6140"}],"collection":[{"href":"https:\/\/english-munich.de\/training\/wp-json\/wp\/v2\/pages"}],"about":[{"href":"https:\/\/english-munich.de\/training\/wp-json\/wp\/v2\/types\/page"}],"author":[{"embeddable":true,"href":"https:\/\/english-munich.de\/training\/wp-json\/wp\/v2\/users\/3"}],"replies":[{"embeddable":true,"href":"https:\/\/english-munich.de\/training\/wp-json\/wp\/v2\/comments?post=6140"}],"version-history":[{"count":11,"href":"https:\/\/english-munich.de\/training\/wp-json\/wp\/v2\/pages\/6140\/revisions"}],"predecessor-version":[{"id":9721,"href":"https:\/\/english-munich.de\/training\/wp-json\/wp\/v2\/pages\/6140\/revisions\/9721"}],"wp:attachment":[{"href":"https:\/\/english-munich.de\/training\/wp-json\/wp\/v2\/media?parent=6140"}],"curies":[{"name":"wp","href":"https:\/\/api.w.org\/{rel}","templated":true}]}}