{"id":6092,"date":"2021-02-16T10:32:45","date_gmt":"2021-02-16T10:32:45","guid":{"rendered":"https:\/\/english-munich.de\/training\/?page_id=6092"},"modified":"2021-03-02T19:45:25","modified_gmt":"2021-03-02T19:45:25","slug":"memory-game-buromaterial-vokabel-ubung","status":"publish","type":"page","link":"https:\/\/english-munich.de\/training\/memory-game-buromaterial-vokabel-ubung\/","title":{"rendered":"Bilderr\u00e4tsel &#8211; B\u00fcromaterial  Office- Vokabel \u00dcbung"},"content":{"rendered":"<div class=\"container well\">\r\n<h3>Bilderr\u00e4tsel- B\u00fcromaterial Office Vokablen<\/h3>\r\n<hr>\r\nKlicke auf das Quadrat und decke so das Bild auf. Finde zu jedem Bild seine Entsprechung auf Englisch:\r\n\r\n<section class=\"memory-game\">\r\n     <div class=\"memory-card\" data-framework=\"paperclip\">\r\n     <p class=\"frontface\">paperclip<\/p>\r\n     <img decoding=\"async\" class=\"backface\" src=\"https:\/\/english-munich.de\/training\/wp-content\/uploads\/2021\/02\/js-badge-2.svg\" alt=\"JS-Badge\">\r\n     <\/div>\r\n     <div class=\"memory-card\" data-framework=\"sticky-tape\">\r\n     <p class=\"frontface\">sticky-tape<\/p>\r\n     <img decoding=\"async\" class=\"backface\" src=\"https:\/\/english-munich.de\/training\/wp-content\/uploads\/2021\/02\/js-badge-2.svg\" alt=\"JS-Badge\">\r\n     <\/div>\r\n     <div class=\"memory-card\" data-framework=\"folder\" >\r\n     <p class=\"frontface\">folder<\/p>\r\n     <img decoding=\"async\" class=\"backface\" src=\"https:\/\/english-munich.de\/training\/wp-content\/uploads\/2021\/02\/js-badge-2.svg\" alt=\"JS-Badge\">\r\n     <\/div>\r\n     <div class=\"memory-card\" data-framework=\"tray\">\r\n     <p class=\"frontface\">tray<\/p>\r\n     <img decoding=\"async\" class=\"backface\" src=\"https:\/\/english-munich.de\/training\/wp-content\/uploads\/2021\/02\/js-badge-2.svg\" alt=\"JS-Badge\">\r\n     <\/div>\r\n     <div class=\"memory-card\" data-framework=\"holepunch\">\r\n     <p class=\"frontface\">holepunch<\/p>\r\n     \r\n     <img decoding=\"async\" class=\"backface\" src=\"https:\/\/english-munich.de\/training\/wp-content\/uploads\/2021\/02\/js-badge-2.svg\" alt=\"JS-Badge\">\r\n     <\/div>\r\n     <div class=\"memory-card\" data-framework=\"stapler\">\r\n     <p class=\"frontface\">stapler<\/p>\r\n     <img decoding=\"async\" class=\"backface\" src=\"https:\/\/english-munich.de\/training\/wp-content\/uploads\/2021\/02\/js-badge-2.svg\" alt=\"JS-Badge\">\r\n     <\/div>\r\n     <div class=\"memory-card\" data-framework=\"paperclip\">\r\n     <img decoding=\"async\" class=\"frontface\" src=\"https:\/\/english-munich.de\/training\/wp-content\/uploads\/2021\/02\/paperclip.svg\" alt=\"paperclip\">\r\n     <img decoding=\"async\" class=\"backface\" src=\"https:\/\/english-munich.de\/training\/wp-content\/uploads\/2021\/02\/js-badge-2.svg\" alt=\"JS-Badge\">\r\n     <\/div>\r\n     <div class=\"memory-card\" data-framework=\"sticky-tape\">\r\n     <img decoding=\"async\" class=\"frontface\" src=\"https:\/\/english-munich.de\/training\/wp-content\/uploads\/2021\/02\/Scotch-Tape.svg\" alt=\"sticky-tape\">\r\n     <img decoding=\"async\" class=\"backface responsive\" src=\"https:\/\/english-munich.de\/training\/wp-content\/uploads\/2021\/02\/js-badge-2.svg\" alt=\"JS-Badge\">\r\n     <\/div>\r\n     <div class=\"memory-card\" data-framework=\"folder\">\r\n     <img decoding=\"async\" class=\"frontface\" src=\"https:\/\/english-munich.de\/training\/wp-content\/uploads\/2021\/02\/folder.svg\" alt=\"folder\">\r\n     <img decoding=\"async\" class=\"backface\" src=\"https:\/\/english-munich.de\/training\/wp-content\/uploads\/2021\/02\/js-badge-2.svg\" alt=\"JS-Badge\">\r\n     <\/div>\r\n     <div class=\"memory-card\" data-framework=\"tray\">\r\n     <img decoding=\"async\" class=\"frontface\" src=\"https:\/\/english-munich.de\/training\/wp-content\/uploads\/2021\/02\/PaperTray.svg\" alt=\"tray\">\r\n     <img decoding=\"async\" class=\"backface\" src=\"https:\/\/english-munich.de\/training\/wp-content\/uploads\/2021\/02\/js-badge-2.svg\" alt=\"JS-Badge\">\r\n     <\/div>\r\n     <div class=\"memory-card\" data-framework=\"holepunch\">\r\n     <img decoding=\"async\" class=\"frontface\" src=\"https:\/\/english-munich.de\/training\/wp-content\/uploads\/2021\/02\/hole-punch.svg\" alt=\"holepunch\">\r\n     <img decoding=\"async\" class=\"backface\" src=\"https:\/\/english-munich.de\/training\/wp-content\/uploads\/2021\/02\/js-badge-2.svg\">\r\n     <\/div>\r\n     <div class=\"memory-card\" data-framework=\"stapler\">\r\n     <img decoding=\"async\" class=\"frontface\" src=\"https:\/\/english-munich.de\/training\/wp-content\/uploads\/2021\/02\/stapler.svg\" alt=\"stapler\">\r\n     <img decoding=\"async\" class=\"backface\" src=\"https:\/\/english-munich.de\/training\/wp-content\/uploads\/2021\/02\/js-badge-2.svg\" alt=\"JS-Badge\">\r\n     <\/div>\r\n   <\/section>\r\n   \r\n<br \/>\r\n<\/div>\r\n<div  class=\"container end-screen hidden\">\r\n<div class=\"row\"><div><type=\"button\" onclick=\"refreshPage()\" class=\"btn btn-warning\">nochmal<\/button><\/div><div><type=\"button\" class=\"btn btn-success\" onclick=\"window.location.href='https:\/\/english-munich.de\/training\/memory-game-vokablen-buromaterial-office\/'\">n\u00e4chste \u00dcbung<\/button><\/div><div><type=\"button\" class=\"btn btn-info\" onclick=\"removeEndSreen()\">close<\/button><\/div><\/div>\r\n<div class=\"row\"><div class=\"container\"><p>Oh yeah! Du hast es drauf!<\/p><\/div><div><img decoding=\"async\" data-skip-lazy class=\"endscreen-img\" src=\"https:\/\/english-munich.de\/training\/wp-content\/uploads\/2021\/02\/office-boy.svg\" alt=\"office-boy\"><\/div><\/div>\r\n<\/div>","protected":false},"excerpt":{"rendered":"Bilderr\u00e4tsel- B\u00fcromaterial Office Vokablen Klicke auf das Quadrat und decke so das Bild auf. Finde zu jedem Bild seine Entsprechung auf Englisch: paperclip sticky-tape folder tray holepunch stapler nochmaln\u00e4chste \u00dcbungclose Oh yeah! Du hast es drauf!","protected":false},"author":3,"featured_media":0,"parent":0,"menu_order":0,"comment_status":"closed","ping_status":"closed","template":"","meta":[],"_links":{"self":[{"href":"https:\/\/english-munich.de\/training\/wp-json\/wp\/v2\/pages\/6092"}],"collection":[{"href":"https:\/\/english-munich.de\/training\/wp-json\/wp\/v2\/pages"}],"about":[{"href":"https:\/\/english-munich.de\/training\/wp-json\/wp\/v2\/types\/page"}],"author":[{"embeddable":true,"href":"https:\/\/english-munich.de\/training\/wp-json\/wp\/v2\/users\/3"}],"replies":[{"embeddable":true,"href":"https:\/\/english-munich.de\/training\/wp-json\/wp\/v2\/comments?post=6092"}],"version-history":[{"count":26,"href":"https:\/\/english-munich.de\/training\/wp-json\/wp\/v2\/pages\/6092\/revisions"}],"predecessor-version":[{"id":6201,"href":"https:\/\/english-munich.de\/training\/wp-json\/wp\/v2\/pages\/6092\/revisions\/6201"}],"wp:attachment":[{"href":"https:\/\/english-munich.de\/training\/wp-json\/wp\/v2\/media?parent=6092"}],"curies":[{"name":"wp","href":"https:\/\/api.w.org\/{rel}","templated":true}]}}