{"id":5990,"date":"2021-02-14T08:52:46","date_gmt":"2021-02-14T08:52:46","guid":{"rendered":"https:\/\/english-munich.de\/training\/?page_id=5990"},"modified":"2021-05-05T12:32:27","modified_gmt":"2021-05-05T12:32:27","slug":"phrasal-verbs-zusammengesetzte-verben-mit-kick","status":"publish","type":"page","link":"https:\/\/english-munich.de\/training\/phrasal-verbs-zusammengesetzte-verben-mit-kick\/","title":{"rendered":"phrasal verbs &#8211;  zusammengesetzte Verben mit kick"},"content":{"rendered":"<div class=\"jumbotron text-center\">\r\n<h2> phrasal verbs mit &#8218;kick&#8216;<\/h2>\r\n\u00dcbungen zu zusammengesetzen Verben mit &#8218;kick&#8216;\r\n\r\n<\/div>\r\n<div class=\"bs-example\">\r\n<div class=\"accordion\" id=\"accordionExample\">\r\n<div class=\"card\">\r\n<div class=\"card-header\" id=\"headingOne\">\r\n<h2 class=\"mb-0\" style=\"color:#000\">\r\n                    <button type=\"button\" class=\"btn btn-link collapsed\" data-toggle=\"collapse\" data-target=\"#collapseOne\">Beispiel<\/button><\/h2>\r\n<\/div>\r\n<div id=\"collapseOne\" class=\"collapse\" aria-labelledby=\"headingOne\" data-parent=\"#accordionExample\">\r\n<div class=\"card-body\">\r\n<div class=\"form\">\r\n\r\n<b><span class=\"number\">\u24ff<\/span><\/b>I will have to wait until we can kick <input type=\"text\" class=\"form-control\" id=\"panel-beispiel\" disabled=\"true\" value=\"off\"> the meeting.\r\n<br \/>\r\nDie richtige L\u00f6sung ist:<b> <i>off&nbsp;&nbsp;<button class=\"btn-lg btn-info\" type=\"button\" data-toggle=\"modal\" data-target=\"#myModal\">Tipp<\/button><\/i><\/b>\r\n\r\n<\/div>\r\n<\/div>\r\n<\/div>\r\n<\/div>\r\n<\/div>\r\n<br \/><br \/>\r\n<div class=\"container well\">\r\n<h4>\u270d\ufe0f W\u00e4hle eine der nachstehenden Pr\u00e4psotionen aus <i> &#8218;off&#8216;, &#8218;up&#8216;,&#8217;around&#8216;, &#8218;in&#8216;, &#8218;back&#8216;<\/i>. F\u00fclle diese in die L\u00fccken, um den Satz sinvoll zu erg\u00e4nzen.<\/h4>\r\n\r\n<hr>\r\n\r\n<br \/>\r\n<div class=\"container\">\r\n<b><span class=\"number\">\u2776<\/span><\/b>The boss wants to kick <input type=\"text\" class=\"form-control\" id=\"q0\" autocomplete=\"off\"> Joe. That is so unfair.\r\n<div class=\"row\">\r\n<div>\r\n<p id=\"correct0\" align=\"left\"><\/p>\r\n\r\n<\/div>\r\n<div>\r\n<a button=\"\" class=\"btn btn-success tipp0 hidden\" href=\"#1\" title=\"...kick off\" data-toggle=\"popover\" data-placement=\"top\" data-trigger=\"hover\" style=\"text-decoration: none; color:white;\" data-content=\"... 'to kick off somebody'  \u2794 'jemanden unsanft loswerden'.\">Tipp<\/a><\/div>\r\n<\/div>\r\n<b><span class=\"number\">\u2777<\/span><\/b>We will have to kick <input type=\"text\" class=\"form-control\" id=\"q1\" autocomplete=\"off\"> part or our earnings.\r\n<div class=\"row\">\r\n<div>\r\n<p id=\"correct1\" align=\"left\"><\/p>\r\n\r\n<\/div>\r\n<div>\r\n<a button=\"\" class=\"btn btn-success tipp1 hidden\" href=\"#2\" title=\"...kick up.\" data-toggle=\"popover\" data-placement=\"top\" data-trigger=\"hover\" style=\"text-decoration: none; color:white;\" data-content=\"...'to kick up something'  \u2794 'etwas weitergeben, Anteile zahlen'\">Tipp<\/a><\/div>\r\n<\/div>\r\n<b><span class=\"number\">\u2778<\/span><\/b>Don&#8217;t kick <input type=\"text\" class=\"form-control\" id=\"q2\" autocomplete=\"off\"> my Dad&#8217;s trophies. They are valuable.\r\n<div class=\"row\">\r\n<div>\r\n<p id=\"correct2\" align=\"left\"><\/p>\r\n\r\n<\/div>\r\n<div>\r\n<a button=\"\" class=\"btn btn-success tipp2 hidden\" align=\"left\" aria-hidden=\"true\" href=\"#3\" title=\"don't kick around...\" data-toggle=\"popover\" data-placement=\"top\" data-trigger=\"hover\" style=\"text-decoration: none, color:white\" data-content=\"'...'to kick around something'  \u2794 'unsanft mit etwas umgehen'.\">Tipp<\/a><\/div>\r\n<\/div>\r\n<span class=\"number\">\u2779<\/span>We cannot just kick <input type=\"text\" class=\"form-control\" id=\"q3\" autocomplete=\"off\">ideas. Let&#8217;s do something!\r\n<div class=\"row\">\r\n<div>\r\n<p id=\"correct3\" align=\"left\"><\/p>\r\n\r\n<\/div>\r\n<div>\r\n<a button=\"\" class=\"btn btn-success tipp3 hidden\" aria-hidden=\"true\" href=\"#4\" title=\"..to kick around ideas\" data-toggle=\"popover\" data-placement=\"top\" data-trigger=\"hover\" style=\"text-decoration: none, color:white\" data-content=\"'to kick around ideas'  \u2794 'brainstormen, im Kopf umgehen'.\">Tipp<\/a><\/div>\r\n<\/div>\r\n<b><span class=\"number\">\u277a<\/span><\/b>Wait for the effect to kick <input type=\"text\" class=\"form-control\" id=\"q4\" autocomplete=\"off\">.\r\n<div class=\"row\">\r\n<div>\r\n<p id=\"correct4\" align=\"left\"><\/p>\r\n\r\n<\/div>\r\n<div>\r\n<a button=\"\" class=\"btn btn-success tipp4 hidden\" aria-hidden=\"true\" href=\"#5\" title=\"...kick in....\" data-toggle=\"popover\" data-placement=\"top\" data-trigger=\"hover\" style=\"text-decoration: none, color:white\" data-content=\"'to kick in'  \u2794 'einsetzen (Wirkung, Effekt)'\">Tipp<\/a><\/div>\r\n<\/div>\r\n<b><span class=\"number\">\u277b<\/span><\/b>You can&#8217;t just kick <input type=\"text\" class=\"form-control\" id=\"q5\" autocomplete=\"off\"> a window. Are you crazy!\r\n<div class=\"row\">\r\n<div>\r\n<p id=\"correct5\" align=\"left\"><\/p>\r\n\r\n<\/div>\r\n<div>\r\n<a button=\"\" class=\"btn btn-success tipp5 hidden\" aria-hidden=\"true\" href=\"#6\" title=\"...kick in\" data-toggle=\"popover\" data-placement=\"top\" data-trigger=\"hover\" style=\"text-decoration: none, color:white\" data-content=\"'to kick in something'  \u2794 'etwas eintreten'\">Tipp<\/a><\/div>\r\n<\/div>\r\n<b><span class=\"number\">\u277c<\/span><\/b>Why don&#8217;t you just kick <input type=\"text\" class=\"form-control\" id=\"q6\" autocomplete=\"off\">. Relax!\r\n<div class=\"row\">\r\n<div>\r\n<p id=\"correct6\" align=\"left\"><\/p>\r\n\r\n<\/div>\r\n<div>\r\n<a button=\"\" class=\"btn btn-success tipp6 hidden\" aria-hidden=\"true\" href=\"#7\" title=\"...to kick back.\" data-toggle=\"popover\" data-placement=\"top\" data-trigger=\"hover\" style=\"text-decoration: none, color:white\" data-content=\"...'why don't you kick back'  \u2794 'warum entspannst du dich nicht einfach?'\">Tipp<\/a><\/div>\r\n<\/div>\r\n<b><span class=\"number\">\u277d<\/span><\/b> All went well at the kick <input type=\"text\" class=\"form-control\" id=\"q7\" autocomplete=\"off\"> meeting.\r\n<div class=\"row\">\r\n<div>\r\n<p id=\"correct7\" align=\"left\"><\/p>\r\n\r\n<\/div>\r\n<div>\r\n<a button=\"\" class=\"btn btn-success tipp7 hidden\" href=\"#8\" title=\"... a kick off meetin\" data-toggle=\"popover\" data-placement=\"top\" data-trigger=\"hover\" style=\"text-decoration: none, color:white\" data-content=\"'a kick off meeting'  \u2794 'eine Einf\u00fchrungsbesprechung'\">Tipp<\/a><\/div>\r\n<\/div>\r\n<b><span class=\"number\">\u277e<\/span><\/b>Be carful. Otherwise the engine will kick <input type=\"text\" class=\"form-control\" id=\"q8\" autocomplete=\"off\">.\r\n<div class=\"row\">\r\n<div>\r\n<p id=\"correct8\" align=\"left\"><\/p>\r\n\r\n<\/div>\r\n<div>\r\n<a button=\"\" class=\"btn btn-success tipp8 hidden\" href=\"#9\" title=\"...the engine will kick up\" data-toggle=\"popover\" data-placement=\"top\" data-trigger=\"hover\" style=\"text-decoration: none, color:white\" data-content=\"'to kick up'  \u2794 'Schwierigkeiten machen, widerspenstig sein'\">Tipp<\/a><\/div>\r\n<\/div>\r\n<b><span class=\"number\">\u277f<\/span><\/b> Everybody needs to kick <input type=\"text\" class=\"form-control\" id=\"q9\" autocomplete=\"off\"> for the English teacher relief fund.\r\n<div class=\"row\">\r\n<div>\r\n<p id=\"correct9\" align=\"left\"><\/p>\r\n\r\n<\/div>\r\n<div>\r\n<a button=\"\" class=\"btn btn-success tipp9 hidden\" href=\"#10\" title=\"...to kick in\" data-toggle=\"popover\" data-placement=\"top\" data-trigger=\"hover\" style=\"text-decoration: none, color:white\" data-content=\"...'to kick in something'  \u2794 'etwas beisteuern, etwas abgeben (bei einer Kollekte)'.\">Tipp<\/a><\/div>\r\n<\/div>\r\n<!-- The Modal -->\r\n<div id=\"myModal\" class=\"modal fade\">\r\n<div class=\"modal-dialog\">\r\n<div class=\"modal-content\">\r\n\r\n<!-- Modal Header -->\r\n<div class=\"modal-header\">\r\n<h4 class=\"modal-title\">phrasal verbs mit &#8218;kick&#8216;<\/h4>\r\n<button class=\"close\" type=\"button\" data-dismiss=\"modal\">\u00d7<\/button>\r\n\r\n<\/div>\r\n<!-- Modal body -->\r\n<div class=\"modal-body\"><table class=\"table table-bordered table-sm table-hover\">\r\n<thead>\r\n<tr class=\"table-danger\">\r\n<th colspan=\"2\">zusammensetzte Verben mit kick<\/th>\r\n\r\n\r\n<\/tr>\r\n<\/thead>\r\n<tbody>\r\n<tr class=\"table-success\">\r\n<td colspan=\"2\"><b>kick up<\/b><\/td>\r\n<\/tr>\r\n<tr class=\"table-primary\">\r\n<td><b>to kick up &#8211; einen Anteil abgeben<\/b><\/td>\r\n<td><b>to kick up &#8211; Widerstand leisten <\/b><\/td>\r\n<\/tr>\r\n<tr class=\"table-info\">\r\n<td><b>The resaurant has to kick up to the Mafia.<\/b><\/td>\r\n<td><b>Be nice. Or she will kick up.<\/b><\/td>\r\n<\/tr>\r\n<tr class=\"table-success\">\r\n<td colspan=\"2\"><b>kick around<\/b><\/td>\r\n<\/tr>\r\n<tr class=\"table-primary\">\r\n<td><b>kick around &#8211; im Kopf umgehen.<\/b><\/td>\r\n<td><b>kick around &#8211; unsanft behandeln<\/b><\/td>\r\n<\/tr>\r\n<tr class=\"table-info\">\r\n<td><b>I have been kicking this idea around lately.<\/b><\/td>\r\n<td><b>Don&#8217;t kick around my I-phone.<\/b><\/td>\r\n<\/tr>\r\n<tr class=\"table-success\">\r\n<td colspan=\"2\"><b>kick off<\/b><\/td>\r\n<\/tr>\r\n<tr class=\"table-primary\">\r\n<td><b>kick off &#8211; mit etwas anfangen<\/b><\/td>\r\n<td><b>kick off &#8211; jemanden oder etwas unsanft loswerden<\/b><\/td>\r\n<\/tr>\r\n<tr class=\"table-info\">\r\n<td><b>Let&#8217;kick this thing off already!<\/b><\/td>\r\n<td><b>John was kicked off the team.<\/b><\/td>\r\n<\/tr>\r\n<tr class=\"table-success\">\r\n<td colspan=\"2\"><b>kick in<\/b><\/td>\r\n<\/tr>\r\n<tr class=\"table-primary\">\r\n<td><b>kick in &#8211; eintreten (Wirkung, Effekt)<\/b><\/td>\r\n<td><b>kick in &#8211; eintreten (Gegenstand)<\/b><\/td>\r\n<\/tr>\r\n<tr class=\"table-info\">\r\n<td><b>Wait for the effect to kick in.<\/b><\/td>\r\n<td><b>Don&#8217;t kick in the Sand Castle.<\/b><\/td>\r\n<\/tr>\r\n<tr class=\"table-success\">\r\n<td colspan=\"2\"><b>kick back<\/b><\/td>\r\n<\/tr>\r\n<tr class=\"table-primary\">\r\n<td colspan=\"2\"><b>kick back &#8211; entspannen sich ausruhen<\/b><\/td>\r\n\r\n<\/tr>\r\n<tr class=\"table-info\">\r\n\r\n<td colspan=\"2\"><b>Sometimes you just have to kick back and relax.<\/b><\/td>\r\n<\/tr>\r\n\r\n<\/tbody>\r\n<\/table>\r\n<\/div>\r\n<!-- Modal footer -->\r\n<div class=\"modal-footer\"><button class=\"btn btn-danger\" type=\"button\" data-dismiss=\"modal\">Close<\/button><\/div>\r\n<\/div>\r\n<\/div>\r\n<\/div>\r\n<\/div>\r\n<\/div>\r\n<div class=\"container\">\r\n\r\n<hr>\r\n\r\n<button id=\"submitButton\" class=\"btn-lg btn-primary \" type=\"submit\" value=\"submit\">Pr\u00fcfen<\/button><button id=\"resetButton\" class=\"btn-lg btn-success\" type=\"submit\" onclick=\"refreshPage()\">Neustart<\/button><button id=\"submitButton\" class=\"btn-lg btn-info\" type=\"button\" value=\"submit\" data-toggle=\"modal\" data-target=\"#myModal\">Tipp<\/button>\r\n\r\n<hr>\r\n\r\n<h3>Pr\u00e4positionen- Alle \u00dcbungen<\/h3>\r\n<hr>\r\n<div id=\"bellows-main-45\" class=\"bellows bellows-nojs bellows-main bellows-source-menu bellows-align-full bellows-skin-vanilla bellows-type-\"><ul id=\"menu-phrasal-verbs\" class=\"bellows-nav\" data-bellows-config=\"main\"><li id=\"menu-item-5779\" class=\"bellows-menu-item bellows-menu-item-type-post_type bellows-menu-item-object-page bellows-menu-item-5779 bellows-item-level-0\"><a  href=\"https:\/\/english-munich.de\/training\/phrasal-verbs-get\/\" class=\"bellows-target\"><span class=\"bellows-target-title bellows-target-text\">\u2611\ufe0fphrasal verbs \u2013 get<\/span><\/a><\/li>\n<li id=\"menu-item-5809\" class=\"bellows-menu-item bellows-menu-item-type-post_type bellows-menu-item-object-page bellows-menu-item-5809 bellows-item-level-0\"><a  href=\"https:\/\/english-munich.de\/training\/phrasal-verbs-get-ii\/\" class=\"bellows-target\"><span class=\"bellows-target-title bellows-target-text\">\u2611\ufe0fphrasal verbs \u2013 get II<\/span><\/a><\/li>\n<li id=\"menu-item-5830\" class=\"bellows-menu-item bellows-menu-item-type-post_type bellows-menu-item-object-page bellows-menu-item-5830 bellows-item-level-0\"><a  href=\"https:\/\/english-munich.de\/training\/phrasal-verbs-take\/\" class=\"bellows-target\"><span class=\"bellows-target-title bellows-target-text\">\u2611\ufe0fphrasal verbs \u2013 take<\/span><\/a><\/li>\n<li id=\"menu-item-5845\" class=\"bellows-menu-item bellows-menu-item-type-post_type bellows-menu-item-object-page bellows-menu-item-5845 bellows-item-level-0\"><a  href=\"https:\/\/english-munich.de\/training\/phrasal-verbs-take-ii\/\" class=\"bellows-target\"><span class=\"bellows-target-title bellows-target-text\">\u2611\ufe0fphrasal verbs &#8211; take II<\/span><\/a><\/li>\n<li id=\"menu-item-5874\" class=\"bellows-menu-item bellows-menu-item-type-post_type bellows-menu-item-object-page bellows-menu-item-5874 bellows-item-level-0\"><a  href=\"https:\/\/english-munich.de\/training\/phrasal-verb-make\/\" class=\"bellows-target\"><span class=\"bellows-target-title bellows-target-text\">\u2611\ufe0fphrasal verb &#8211; make<\/span><\/a><\/li>\n<li id=\"menu-item-5895\" class=\"bellows-menu-item bellows-menu-item-type-post_type bellows-menu-item-object-page bellows-menu-item-5895 bellows-item-level-0\"><a  href=\"https:\/\/english-munich.de\/training\/phrasal-verbs-mit-put\/\" class=\"bellows-target\"><span class=\"bellows-target-title bellows-target-text\">\u2611\ufe0fphrasal verbs &#8211; put<\/span><\/a><\/li>\n<li id=\"menu-item-5938\" class=\"bellows-menu-item bellows-menu-item-type-post_type bellows-menu-item-object-page bellows-menu-item-5938 bellows-item-level-0\"><a  href=\"https:\/\/english-munich.de\/training\/phrasal-verbs-put-ii\/\" class=\"bellows-target\"><span class=\"bellows-target-title bellows-target-text\">\u2611\ufe0fphrasal verbs \u2013 put II<\/span><\/a><\/li>\n<li id=\"menu-item-5966\" class=\"bellows-menu-item bellows-menu-item-type-post_type bellows-menu-item-object-page bellows-menu-item-5966 bellows-item-level-0\"><a  href=\"https:\/\/english-munich.de\/training\/phrasal-verbs-look\/\" class=\"bellows-target\"><span class=\"bellows-target-title bellows-target-text\">\u2611\ufe0fphrasal verbs \u2013 look<\/span><\/a><\/li>\n<li id=\"menu-item-6008\" class=\"bellows-menu-item bellows-menu-item-type-post_type bellows-menu-item-object-page bellows-menu-item-6008 bellows-item-level-0\"><a  href=\"https:\/\/english-munich.de\/training\/phrasal-verbs-zusammengesetzte-verben-mit-kick\/\" class=\"bellows-target\"><span class=\"bellows-target-title bellows-target-text\">\u270d\ufe0fphrasal verbs \u2013 kick<\/span><\/a><\/li>\n<li id=\"menu-item-6151\" class=\"bellows-menu-item bellows-menu-item-type-post_type bellows-menu-item-object-page bellows-menu-item-6151 bellows-item-level-0\"><a  href=\"https:\/\/english-munich.de\/training\/phrasal-verbs-mit-break-zusammengesetzte-verben-englisch\/\" class=\"bellows-target\"><span class=\"bellows-target-title bellows-target-text\">\u270d\ufe0fphrasal verbs- break<\/span><\/a><\/li>\n<\/ul><\/div>\r\n<\/div>","protected":false},"excerpt":{"rendered":"phrasal verbs mit &#8218;kick&#8216; \u00dcbungen zu zusammengesetzen Verben mit &#8218;kick&#8216; Beispiel \u24ffI will have to wait until we can kick the meeting. Die richtige L\u00f6sung ist: off&nbsp;&nbsp;Tipp \u270d\ufe0f W\u00e4hle eine der nachstehenden Pr\u00e4psotionen aus &#8218;off&#8216;, &#8218;up&#8216;,&#8217;around&#8216;, &#8218;in&#8216;, &#8218;back&#8216;. F\u00fclle diese in die L\u00fccken, um den Satz sinvoll zu erg\u00e4nzen. \u2776The boss wants to kick Joe. [&hellip;]","protected":false},"author":3,"featured_media":0,"parent":0,"menu_order":0,"comment_status":"closed","ping_status":"closed","template":"","meta":[],"_links":{"self":[{"href":"https:\/\/english-munich.de\/training\/wp-json\/wp\/v2\/pages\/5990"}],"collection":[{"href":"https:\/\/english-munich.de\/training\/wp-json\/wp\/v2\/pages"}],"about":[{"href":"https:\/\/english-munich.de\/training\/wp-json\/wp\/v2\/types\/page"}],"author":[{"embeddable":true,"href":"https:\/\/english-munich.de\/training\/wp-json\/wp\/v2\/users\/3"}],"replies":[{"embeddable":true,"href":"https:\/\/english-munich.de\/training\/wp-json\/wp\/v2\/comments?post=5990"}],"version-history":[{"count":14,"href":"https:\/\/english-munich.de\/training\/wp-json\/wp\/v2\/pages\/5990\/revisions"}],"predecessor-version":[{"id":9720,"href":"https:\/\/english-munich.de\/training\/wp-json\/wp\/v2\/pages\/5990\/revisions\/9720"}],"wp:attachment":[{"href":"https:\/\/english-munich.de\/training\/wp-json\/wp\/v2\/media?parent=5990"}],"curies":[{"name":"wp","href":"https:\/\/api.w.org\/{rel}","templated":true}]}}