{"id":5624,"date":"2021-02-04T11:33:00","date_gmt":"2021-02-04T11:33:00","guid":{"rendered":"https:\/\/english-munich.de\/training\/?page_id=5624"},"modified":"2021-05-05T12:29:56","modified_gmt":"2021-05-05T12:29:56","slug":"bestimmter-artikel-englisch-the-aufgaben","status":"publish","type":"page","link":"https:\/\/english-munich.de\/training\/bestimmter-artikel-englisch-the-aufgaben\/","title":{"rendered":"bestimmter Artikel Englisch &#8211; &#8218;the&#8216; &#8211;  Aufgaben"},"content":{"rendered":"<div class=\"jumbotron text-center\">\r\n<h2>bestimmter Artikel &#8211; &#8218;the&#8216; Aufgaben<\/h2>\r\n    \u00dcbungen zum bestimmten Artikel\r\n\r\n<\/div>\r\n<div class=\"bs-example\">\r\n<div id=\"accordionExample\" class=\"accordion\">\r\n<div class=\"card\">\r\n<div id=\"headingOne\" class=\"card-header\">\r\n<h2 class=\"mb-0\" style=\"color: #000;\"><button class=\"btn btn-link collapsed\" type=\"button\" data-toggle=\"collapse\" data-target=\"#collapseOne\">Beispiel<\/button><\/h2>\r\n<\/div>\r\n<div id=\"collapseOne\" class=\"collapse\" aria-labelledby=\"headingOne\" data-parent=\"#accordionExample\">\r\n<div class=\"card-body\">\r\n<div class=\"form-group\" style=\"width: 70%; margin: 10px;\"><label for=\"sel1\">\r\n<div class=\"row\">\r\n    <span class=\"number\">\u24ff<\/span><p class=\"text\"> We went to see <input type=\"text\" id=\"example\" value=\"x\" class=\"form-control\" disabled=\"true\">Buckingham Palace and<\/p>\r\n        <input type=\"text\" id=\"example1\" class=\"form-control\" autocomplete=\"off\" disabled=\"true\" value=\"the\">\r\n<p class=\"text\">&nbsp; Tower.<\/p>\r\n\r\n<\/div>\r\n<div>\r\n<p class=\"text\"><i>die richtige L\u00f6sung ist: <b>We went to see Buckingham Palace and the Tower.<\/b><\/i>&nbsp;&nbsp;<div><button id=\"submitButton\" class=\"btn-lg btn-info\" type=\"button\" value=\"submit\" data-toggle=\"modal\" data-target=\"#myModal\">Tipp<\/button><\/p><\/div>\r\n\r\n<\/div>\r\n<\/label><\/div>\r\n<\/div>\r\n<\/div>\r\n<\/div>\r\n<\/div>\r\n<\/div>\r\n<br \/><br \/>\r\n<div class=\"container well\">\r\n<h4>\u270d\ufe0f F\u00fclle entweder <b>&#8222;x&#8220;<\/b> oder <b>&#8222;the&#8220;<\/b> in die L\u00fccken, je nachdem, ob ein Artikel notwendig ist oder nicht:<\/h4>\r\n\r\n<hr>\r\n\r\n<br \/>\r\n<div class=\"container\">\r\n<div class=\"row\"> \r\n    <span class=\"number\">\u2776<\/span><p class=\"text\">I saw you in<\/p> <input type=\"text\" id=\"q0\" class=\"form-control\" autocomplete=\"off\">\r\n<p id=\"t0\" class=\"text\">Oxford Street on<\/p>\r\n        <input type=\"text\" id=\"q1\" class=\"form-control\" autocomplete=\"off\"> \r\n<p id=\"t1\" class=\"text\"> corner.<\/p>\r\n\r\n<\/div>\r\n<div class=\"row\">\r\n<div>\r\n<p id=\"antwort0\"><\/p>\r\n\r\n<\/div>\r\n<div><a button=\"\" class=\"btn btn-success btn-sm tipp0 hidden\" href=\"#0\" title=\"I saw you in Oxford Street on the corner...\" data-toggle=\"popover\" data-placement=\"top\" data-trigger=\"hover\" data-content=\"Vor Stra\u00dfennamen wird kein Artikel gesetzt, 'on the corner' wird ganz normal durch den bestimmten Artikel eingeleitet \u2794 'an der Ecke'\">Tipp<\/a><\/div>\r\n<\/div>\r\n<div class=\"row\">\r\n        <span class=\"number\">\u2777<\/span><input type=\"text\" id=\"q2\" class=\"form-control\" autocomplete=\"off\">\r\n<p id=\"t2\" class=\"text\">Mount McKinley isn&#8217;t in<\/p>\r\n        <input type=\"text\" id=\"q3\" class=\"form-control\" autocomplete=\"off\">\r\n<p id=\"t3\" class=\"text\"> Rocky Mountains.<\/p>\r\n\r\n<\/div>\r\n<div class=\"row\">\r\n<div>\r\n<p id=\"antwort2\"><\/p>\r\n\r\n<\/div>\r\n<div><a button=\"\" class=\"btn btn-success btn-sm tipp2 hidden\" href=\"#1\" title=\"Mount Mc Kinley isn't in the Rocky Mountains\" data-toggle=\"popover\" data-placement=\"top\" data-trigger=\"hover\" data-content=\"einzelne Berge ohne Artikel \u2794 'Mount Mc Kinley'; Gebirgsz\u00fcge mit Artikel 'the Rocky Mountains'\">Tipp<\/a><\/div>\r\n<\/div>\r\n<div class=\"row\">\r\n        <span class=\"number\">\u2778<\/span><input type=\"text\" id=\"q4\" class=\"form-control\" autocomplete=\"off\">\r\n<p id=\"t4\" class=\"text\">Lake Superior is<\/p>\r\n        <input type=\"text\" id=\"q5\" class=\"form-control\" autocomplete=\"off\">\r\n<p id=\"t5\" class=\"text\">largest lake in North America.<\/p>\r\n\r\n<\/div>\r\n<div class=\"row\">\r\n<div>\r\n<p id=\"antwort4\"><\/p>\r\n\r\n<\/div>\r\n<div><a button=\"\" class=\"btn btn-success btn-sm tipp4 hidden\" href=\"#\" title=\"Lake Superior is the largest lake...\" data-toggle=\"popover\" data-placement=\"top\" data-trigger=\"hover\" data-content=\"Seen mit Eigennamen ohne bestimmten Artikel, 'the largest lake' genau wie im Deutschen mit Artikel.\">Tipp<\/a><\/div>\r\n<\/div>\r\n<div class=\"row\">\r\n        <span class=\"number\">\u2779<\/span> <input type=\"text\" id=\"q6\" class=\"form-control\" autocomplete=\"off\">\r\n<p id=\"t6\" class=\"text\"> most children go to <\/p>\r\n        <input type=\"text\" id=\"q7\" class=\"form-control\" autocomplete=\"off\">\r\n<p id=\"t7\" class=\"text\"> unversity after High School.<\/p>\r\n\r\n<\/div>\r\n<div class=\"row\">\r\n<div>\r\n<p id=\"antwort6\"><\/p>\r\n\r\n<\/div>\r\n<div><a button=\"\" class=\"btn btn-success btn-sm tipp6 hidden\" href=\"#\" title=\"Most children go to university\" data-toggle=\"popover\" data-placement=\"top\" data-trigger=\"hover\" data-content=\"'most children' ohne Artikel, 'go to university' als feststehender Begriff ebenfalls ohne Artikel.\">Tipp<\/a><\/div>\r\n<\/div>\r\n<div class=\"row\">\r\n        <span class=\"number\">\u277a<\/span><p class=\"text\">We saw<\/p><input type=\"text\" id=\"q8\" class=\"form-control\" autocomplete=\"off\">\r\n<p id=\"t8\" class=\"text\">Empire State building and <\/p>\r\n        <input type=\"text\" id=\"q9\" class=\"form-control\" autocomplete=\"off\">\r\n<p id=\"t9\" class=\"text\"> Central Park.<\/p>\r\n\r\n<\/div>\r\n<div class=\"row\">\r\n<div>\r\n<p id=\"antwort8\"><\/p>\r\n\r\n<\/div>\r\n<div><a button=\"\" class=\"btn btn-success btn-sm tipp8 hidden\" href=\"#\" title=\"We saw the Empire State Building and Central Park\" data-toggle=\"popover\" data-placement=\"top\" data-trigger=\"hover\" data-content=\"bei 'the Empire State Building' ist der bestimmte Artikel Bestandteil des Eigennamens; ber\u00fchmte Parks ohne Eigennamen ('Central Park, Hyde Park, Kensington Garden usw.'\">Tipp<\/a><\/div>\r\n<\/div>\r\n<div class=\"row\">\r\n        <span class=\"number\">\u277b<\/span><input type=\"text\" id=\"q10\" class=\"form-control\" autocomplete=\"off\">\r\n<p id=\"t10\" class=\"text\">Uncle Sam is a symbol for<\/p>\r\n        <input type=\"text\" id=\"q11\" class=\"form-control\" autocomplete=\"off\">\r\n<p id=\"t11\" class=\"text\"> United States.<\/p>\r\n\r\n<\/div>\r\n<div class=\"row\">\r\n<div>\r\n<p id=\"antwort10\"><\/p>\r\n\r\n<\/div>\r\n<div><a button=\"\" class=\"btn btn-success btn-sm tipp10 hidden\" href=\"#\" title=\"Uncle Sam is a symbol for the United States\" data-toggle=\"popover\" data-placement=\"top\" data-trigger=\"hover\" data-content=\"Verwandschaftsbezeichnungen in Verbindung mit Namen ohne bestimmten Artikel \u2794 'Uncle Sam'; 'the United States' \u2794 L\u00e4ndernamen im Plural mit bestimmten Artikel\">Tipp<\/a><\/div>\r\n<\/div>\r\n<div class=\"row\">\r\n        <span class=\"number\">\u277c<\/span><p class=\"text\"> We went to <input type=\"text\" id=\"q12\" class=\"form-control\" autocomplete=\"off\">\r\n<p id=\"t12\" class=\"text\"> Key Largo, which forms part of <\/p>\r\n        <input type=\"text\" id=\"q13\" class=\"form-control\" autocomplete=\"off\">\r\n<p id=\"t13\" class=\"text\"> Florida Keys.<\/p>\r\n\r\n<\/div>\r\n<div class=\"row\">\r\n<div>\r\n<p id=\"antwort12\"><\/p>\r\n\r\n<\/div>\r\n<div><a button=\"\" class=\"btn btn-success btn-sm tipp12 hidden\" href=\"#\" title=\"Key Largo which forms part of the Florida Keys\" data-toggle=\"popover\" data-placement=\"top\" data-trigger=\"hover\" data-content=\"einzelne Inseln ohne Artikel \u2794 'Key Largo'; Inselgruppen mit Artikel \u2794 'the Florida Keys' \">Tipp<\/a><\/div>\r\n<\/div>\r\n<div class=\"row\">\r\n        <span class=\"number\">\u277d<\/span><p class=\"text\"> Before Corona <input type=\"text\" id=\"q14\" class=\"form-control\" autocomplete=\"off\">\r\n<p id=\"t14\" class=\"text\"> most managers traveled by<\/p>\r\n        <input type=\"text\" id=\"q15\" class=\"form-control\" autocomplete=\"off\">\r\n<p id=\"t15\" class=\"text\"> airplane.<\/p>\r\n\r\n<\/div>\r\n<div class=\"row\">\r\n<div>\r\n<p id=\"antwort14\"><\/p>\r\n\r\n<\/div>\r\n<div><a button=\"\" class=\"btn btn-success btn-sm tipp14 hidden\" href=\"#\" title=\"Most managers traveled by airplane\" data-toggle=\"popover\" data-placement=\"top\" data-trigger=\"hover\" data-content=\"'most' auf Deutsch \u2794 'die meisten'; Verkehrsmittel in Verbindung mit 'by' immer ohne Artikel \u2794 'by bus, by airplane, by car'\">Tipp<\/a><\/div>\r\n<\/div>\r\n<div class=\"row\">\r\n        <span class=\"number\">\u277e<\/span><input type=\"text\" id=\"q16\" class=\"form-control\" autocomplete=\"off\">\r\n<p id=\"t16\" class=\"text\"> Smiths will move to<\/p>\r\n        <input type=\"text\" id=\"q17\" class=\"form-control\" autocomplete=\"off\">\r\n<p id=\"t17\" class=\"text\"> Scotland.<\/p>\r\n\r\n<\/div>\r\n<div class=\"row\">\r\n<div>\r\n<p id=\"antwort16\"><\/p>\r\n\r\n<\/div>\r\n<div><a button=\"\" class=\"btn btn-success btn-sm tipp16 hidden\" href=\"#\" title=\"The Smiths will move to Scotland.\" data-toggle=\"popover\" data-placement=\"top\" data-trigger=\"hover\" data-content=\"Nachnamen im Plural genau wie im Deutschen mit bestimmtem Artikel \u2794 'the Smiths'; L\u00e4ndernamen in der Einzahl stets ohne Artikel ('Germany, England, Scotland, Bavaria...')\">Tipp<\/a><\/div>\r\n<\/div>\r\n<div class=\"row\">\r\n        <span class=\"number\">\u277f<\/span><p class=\"text\"> In <\/p><input type=\"text\" id=\"q18\" class=\"form-control\" autocomplete=\"off\">\r\n<p id=\"t18\" class=\"text\">August<\/p>\r\n        <input type=\"text\" id=\"q19\" class=\"form-control\" autocomplete=\"off\">\r\n<p id=\"t19\" class=\"text\"> weather is very hot.<\/p>\r\n\r\n<\/div>\r\n<div class=\"row\">\r\n<div>\r\n<p id=\"antwort18\"><\/p>\r\n\r\n<\/div>\r\n<div><a button=\"\" class=\"btn btn-success btn-sm tipp18 hidden\" href=\"#\" title=\"In August the weather is very hot.\" data-toggle=\"popover\" data-placement=\"top\" data-trigger=\"hover\" data-content=\"'in August' Monatsnamen bei wiederkehrenden Ereignissen kein Artikel; 'the weather' mit bestimmten Artikel, man meint n\u00e4mlich speziell das Wetter im August.\">Tipp<\/a><\/div>\r\n<\/div>\r\n<div><\/div>\r\n<\/div>\r\n<\/div>\r\n<!-- The Modal -->\r\n<div id=\"myModal\" class=\"modal\">\r\n<div class=\"modal-dialog\">\r\n<div class=\"modal-content\">\r\n\r\n<!-- Modal Header -->\r\n<div class=\"modal-header\">\r\n<h4 class=\"modal-title\">bestimmter Artikel &#8218;the&#8216; <\/h4>\r\n<button class=\"close\" type=\"button\" data-dismiss=\"modal\">\u00d7<\/button>\r\n\r\n<\/div>\r\n<!-- Modal body -->\r\n<div class=\"modal-body\"><table class=\"table table-bordered table-sm table-hover\">\r\n<thead>\r\n<tr class=\"table-danger\">\r\n<th>bestimmter Artikel <\/th>\r\n\r\n<th>kein bestimmter Artikel<\/th>\r\n<\/tr>\r\n<\/thead>\r\n<tbody>\r\n\r\n<tr class=\"table-info\">\r\n<td><b>allgemeine Begriffe (mit bestimmten Bezug)<\/b><\/td>\r\n<td><b>allgemeine Begriffe (ohne bestimmten Bezug)<\/b><\/td>\r\n<\/tr>\r\n<tr class=\"table-primary\">\r\n<td><b>The milk I bought was sour.<\/b>\r\n    <b>I had the time of my life.<\/b>\r\n<\/td>\r\n<td><b>Milk is too expensive.<\/b>\r\n    <b>Time is of the essence.<\/b>\r\n<\/td>\r\n<\/tr>\r\n<tr class=\"table-warning\"><td><b>Familiennamen in der Mehrzahl<\/b><\/td>\r\n<td><b>Personennamen in der Einzahl\r\nVerwandtschaftsbezeichnungen<\/b><\/td>\r\n<\/tr>\r\n<tr class=\"table-success\"><td><b>Not easy keeping up with the Jones.\r\nThe Smiths are very rich.<\/b><\/td>\r\n<td><b>Aunt Becky was canceled.<\/b> \r\n<b>Bob was voted class president.<\/b><\/td>\r\n<\/tr>\r\n<tr class=\"table-info\">\r\n<td><b> bestimmte \u00f6ffentliche Einrichtungen, Verkehrsmittel<\/b><\/td>\r\n<td><b>\u00f6ffentliche Einrichtungen, Verkehrsmittel<\/b><\/td>\r\n<\/tr>\r\n<tr class=\"table-primary\">\r\n<td><b>The school I go to is nice<\/b>\r\n    <b>The Greyhound Bus is very reliable.<\/b>\r\n<\/td>\r\n<td><b>Going to school is fun.<\/b>\r\n    <b>Donald doesn&#8217;t go by bus.<\/b>\r\n<\/td>\r\n<\/tr>\r\n<tr class=\"table-warning\"><td><b>L\u00e4ndernamen (Mehrzahl), Gebirge, Regionen<\/b><\/td>\r\n<td><b>L\u00e4ndernamen Einzahl, Berge, Kontinente, St\u00e4dtenamen<\/b><\/td>\r\n\r\n<\/tr>\r\n<tr class=\"table-success\"><td><b>the United States \r\nthe West Indies\r\nthe Americas\r\nthe Andes\r\nthe Sierra Nevada\r\nthe Far East\r\nthe West of Scotland<\/b>\r\n<\/td>\r\n<td><b>Bavaria\r\n       England\r\n       Mount Rushmore\r\n       Mount Everest\r\n       Australia\r\n       America\r\n       Cologne\r\n       New York\r\n<\/b> \r\n<\/td>\r\n<\/tr>\r\n<tr class=\"table-info\">\r\n<td><b>Namen of, Namen Mehrzahl, \r\nber\u00fchmte Geb\u00e4ude, Ozeane, Meere, Fl\u00fcsse, Instrumente,\r\n Zeitungen<\/b><\/td>\r\n<td><b>Parks, Seen, Stra\u00dfennamen<\/b><\/td>\r\n<\/tr>\r\n<tr class=\"table-primary\">\r\n<td><b>the Statue of Liberty\r\nthe Tower (of London)\r\nthe Ozarks\r\nthe Chrisler Building\r\nthe Isle of Man\r\nthe Pacific (Ocean)\r\nthe Mississipi\r\nthe Thames\r\nthe Panama Canal\r\nthe guitar\r\nthe Observer<\/b>\r\n    \r\n<\/td>\r\n<td><b>Kensington Garden\r\nCentral Park\r\nLake Eerie\r\nLeicester Square\r\n10 Downing Street\r\nPark Avenue<\/b>\r\n<\/td>\r\n<\/tr>\r\n<tr class=\"table-warning\"><td><b>Monate, Wochentage \u2013 bestimmt<\/b><\/td>\r\n<td><b>Monate, Wochentage \u2013 unbestimmt<\/b><\/td>\r\n\r\n<\/tr>\r\n<tr class=\"table-success\"><td><b>I always remember the Sunday when I met an Angela.\r\nThe December of 2011  was very cold.<\/b>\r\n<\/td>\r\n<td><b>The week starts on Monday morning.\r\nNovember and December are the most unpopular months.\r\n<\/b> \r\n<\/td>\r\n<\/tr>\r\n<tr class=\"table-info\">\r\n<td><b>Inselgruppen<\/b><\/td>\r\n<td><b>Inseln<\/b><\/td>\r\n<\/tr>\r\n<tr class=\"table-primary\">\r\n<td><b>The Bahamas\r\nThe West Indies\r\nThe Tax Evasion Islands<\/b>\r\n<\/td>\r\n<td><b>Aruba \r\nJamaica\r\nKey Largo \r\nMontego<\/b>\r\n<\/td>\r\n<\/tr>\r\n<\/tbody>\r\n<\/table><\/div>\r\n<!-- Modal footer -->\r\n<div class=\"modal-footer\"><button class=\"btn btn-danger\" type=\"button\" data-dismiss=\"modal\">Close<\/button><\/div>\r\n<\/div>\r\n<\/div>\r\n<\/div>\r\n<div class=\"container\">\r\n\r\n<hr>\r\n\r\n<button id=\"test\" class=\"btn-lg btn-primary \" type=\"submit\" value=\"submit\">Pr\u00fcfen<\/button><button id=\"resetButton\" class=\"btn-lg btn-success\" type=\"submit\" onclick=\"refreshPage()\">Neustart<\/button><button id=\"submitButton\" class=\"btn-lg btn-info\" type=\"button\" value=\"submit\" data-toggle=\"modal\" data-target=\"#myModal\">Tipp<\/button>\r\n\r\n<hr>\r\n\r\n\r\n\r\n<p id=\"result\"><\/p>\r\n<p id=\"result2\"><\/p>\r\n<b><\/b>\r\n<h3>Alle \u00dcbungen zum Artikel (bestimmt \/ unbestimmt) im Englischen<\/h3>\r\n<div id=\"bellows-main-44\" class=\"bellows bellows-nojs bellows-main bellows-source-menu bellows-align-full bellows-skin-vanilla bellows-type-\"><ul id=\"menu-artikel\" class=\"bellows-nav\" data-bellows-config=\"main\"><li id=\"menu-item-5622\" class=\"bellows-menu-item bellows-menu-item-type-post_type bellows-menu-item-object-page bellows-menu-item-5622 bellows-item-level-0\"><a  href=\"https:\/\/english-munich.de\/training\/bestimmter-artikel-englisch-the-aussprache\/\" class=\"bellows-target\"><span class=\"bellows-target-title bellows-target-text\">\u2611\ufe0f \u2018the\u2019 \u2013 Aussprache<\/span><\/a><\/li>\n<li id=\"menu-item-5594\" class=\"bellows-menu-item bellows-menu-item-type-post_type bellows-menu-item-object-page bellows-menu-item-5594 bellows-item-level-0\"><a  href=\"https:\/\/english-munich.de\/training\/bestimmer-artikel-the\/\" class=\"bellows-target\"><span class=\"bellows-target-title bellows-target-text\">\u2611\ufe0fbestimmer Artikel \u2013 \u2018the\u2019<\/span><\/a><\/li>\n<li id=\"menu-item-5665\" class=\"bellows-menu-item bellows-menu-item-type-post_type bellows-menu-item-object-page bellows-menu-item-5665 bellows-item-level-0\"><a  href=\"https:\/\/english-munich.de\/training\/bestimmter-artikel-englisch-the-aufgaben\/\" class=\"bellows-target\"><span class=\"bellows-target-title bellows-target-text\">\u270d\ufe0fbestimmter Artikel  \u2013 \u2018the\u2019<\/span><\/a><\/li>\n<li id=\"menu-item-5685\" class=\"bellows-menu-item bellows-menu-item-type-post_type bellows-menu-item-object-page bellows-menu-item-5685 bellows-item-level-0\"><a  href=\"https:\/\/english-munich.de\/training\/unbestimmter-artikel-englisch\/\" class=\"bellows-target\"><span class=\"bellows-target-title bellows-target-text\">\u2611\ufe0funbestimmter Artikel \u2013 &#8218;a, an&#8216;<\/span><\/a><\/li>\n<li id=\"menu-item-5707\" class=\"bellows-menu-item bellows-menu-item-type-post_type bellows-menu-item-object-page bellows-menu-item-5707 bellows-item-level-0\"><a  href=\"https:\/\/english-munich.de\/training\/unbestimmter-artikel-a-an\/\" class=\"bellows-target\"><span class=\"bellows-target-title bellows-target-text\">\u2611\ufe0funbestimmter Artikel \u2013 \u2018a, an\u2019<\/span><\/a><\/li>\n<li id=\"menu-item-5748\" class=\"bellows-menu-item bellows-menu-item-type-post_type bellows-menu-item-object-page bellows-menu-item-5748 bellows-item-level-0\"><a  href=\"https:\/\/english-munich.de\/training\/unbestimmter-artikel-a-an-ubung\/\" class=\"bellows-target\"><span class=\"bellows-target-title bellows-target-text\">\u270d\ufe0funbestimmter Artikel \u2018a, an\u2019<\/span><\/a><\/li>\n<\/ul><\/div>\r\n<\/div>","protected":false},"excerpt":{"rendered":"bestimmter Artikel &#8211; &#8218;the&#8216; Aufgaben \u00dcbungen zum bestimmten Artikel Beispiel \u24ff We went to see Buckingham Palace and &nbsp; Tower. die richtige L\u00f6sung ist: We went to see Buckingham Palace and the Tower.&nbsp;&nbsp;Tipp \u270d\ufe0f F\u00fclle entweder &#8222;x&#8220; oder &#8222;the&#8220; in die L\u00fccken, je nachdem, ob ein Artikel notwendig ist oder nicht: \u2776I saw you in [&hellip;]","protected":false},"author":3,"featured_media":0,"parent":0,"menu_order":0,"comment_status":"closed","ping_status":"closed","template":"","meta":[],"_links":{"self":[{"href":"https:\/\/english-munich.de\/training\/wp-json\/wp\/v2\/pages\/5624"}],"collection":[{"href":"https:\/\/english-munich.de\/training\/wp-json\/wp\/v2\/pages"}],"about":[{"href":"https:\/\/english-munich.de\/training\/wp-json\/wp\/v2\/types\/page"}],"author":[{"embeddable":true,"href":"https:\/\/english-munich.de\/training\/wp-json\/wp\/v2\/users\/3"}],"replies":[{"embeddable":true,"href":"https:\/\/english-munich.de\/training\/wp-json\/wp\/v2\/comments?post=5624"}],"version-history":[{"count":44,"href":"https:\/\/english-munich.de\/training\/wp-json\/wp\/v2\/pages\/5624\/revisions"}],"predecessor-version":[{"id":5664,"href":"https:\/\/english-munich.de\/training\/wp-json\/wp\/v2\/pages\/5624\/revisions\/5664"}],"wp:attachment":[{"href":"https:\/\/english-munich.de\/training\/wp-json\/wp\/v2\/media?parent=5624"}],"curies":[{"name":"wp","href":"https:\/\/api.w.org\/{rel}","templated":true}]}}